{"id":20395,"date":"2023-02-21T17:09:53","date_gmt":"2023-02-21T16:09:53","guid":{"rendered":"https:\/\/www.konferenztechnik.de\/?page_id=20395"},"modified":"2023-09-01T11:30:45","modified_gmt":"2023-09-01T09:30:45","slug":"ms-eki%cc%87pleri%cc%87-i%cc%87le-konferanslar","status":"publish","type":"page","link":"https:\/\/konferenztechnik.de\/tr\/ms-eki%cc%87pleri%cc%87-i%cc%87le-konferanslar\/","title":{"rendered":"MS Teams ile Konferanslar"},"content":{"rendered":"<div data-elementor-type=\"wp-page\" data-elementor-id=\"20395\" class=\"elementor elementor-20395\" data-elementor-post-type=\"page\">\n\t\t\t\t\t\t<section data-particle_enable=\"false\" data-particle-mobile-disabled=\"false\" class=\"elementor-section elementor-top-section elementor-element elementor-element-61c1ffcb elementor-section-boxed elementor-section-height-default elementor-section-height-default\" data-id=\"61c1ffcb\" data-element_type=\"section\">\n\t\t\t\t\t\t<div class=\"elementor-container elementor-column-gap-default\">\n\t\t\t\t\t<div class=\"elementor-column elementor-col-100 elementor-top-column elementor-element elementor-element-6d181681\" data-id=\"6d181681\" data-element_type=\"column\">\n\t\t\t<div class=\"elementor-widget-wrap elementor-element-populated\">\n\t\t\t\t\t\t<div class=\"elementor-element elementor-element-6da05206 elementor-widget elementor-widget-text-editor\" data-id=\"6da05206\" data-element_type=\"widget\" data-widget_type=\"text-editor.default\">\n\t\t\t\t<div class=\"elementor-widget-container\">\n\t\t\t\t\t\t\t\t\t<h1>Microsoft Teams ile profesyonel konferanslar<\/h1>\n<img fetchpriority=\"high\" decoding=\"async\" src=\"https:\/\/konferenztechnik.de\/wp-content\/uploads\/2023\/02\/konferenzen-mit-msteams.jpg\" alt=\"\" width=\"1300\" height=\"490\" class=\"aligncenter size-full wp-image-20396\" title=\"\" srcset=\"https:\/\/konferenztechnik.de\/wp-content\/uploads\/2023\/02\/konferenzen-mit-msteams.jpg 1300w, https:\/\/konferenztechnik.de\/wp-content\/uploads\/2023\/02\/konferenzen-mit-msteams-300x113.jpg 300w, https:\/\/konferenztechnik.de\/wp-content\/uploads\/2023\/02\/konferenzen-mit-msteams-1024x386.jpg 1024w, https:\/\/konferenztechnik.de\/wp-content\/uploads\/2023\/02\/konferenzen-mit-msteams-768x289.jpg 768w\" sizes=\"(max-width: 1300px) 100vw, 1300px\" \/>\n\n[spacer size=\"20\u2033]\n<div class=\"newcolumn\">\n<h2><b>MS Teams art\u0131k \u00e7ok dilli ve \"simultane terc\u00fcme\" i\u015flevine de sahip<\/b><\/h2>\nMicrosoft Teams (MS Teams), dijital ve hibrit formatlar s\u00f6z konusu oldu\u011funda uzun s\u00fcre Zoom'un gerisinde kald\u0131. Ancak teknisyenlerimiz d\u00fczenli olarak MS Teams'in aray\u0131 nas\u0131l kapatt\u0131\u011f\u0131n\u0131 rapor ediyordu: kullan\u0131c\u0131 aray\u00fcz\u00fc s\u00fcrekli olarak geli\u015ftiriliyor ve \u00f6zellikle ses motoru gittik\u00e7e daha iyi hale geliyordu. Ses kalitesi a\u00e7\u0131s\u0131ndan Zoom ve MS Teams \u015fu anda ayn\u0131 seviyede.\nY\u0131l\u0131n ba\u015f\u0131nda Microsoft, profesyonel terc\u00fcmanl\u0131\u011f\u0131 da Teams'e entegre edece\u011fini duyurdu ve s\u00f6z\u00fcn\u00fc tuttu. Microsoft, profesyonel terc\u00fcmanlar\u0131 entegre etme se\u00e7ene\u011fi sunuyor. \u0130nsanlar art\u0131k Teams'e terc\u00fcman olarak eklenebiliyor ve se\u00e7ilebiliyor. Bu i\u015flev Microsoft'ta \"dil yorumlama\" olarak adland\u0131r\u0131l\u0131yor.\n[spacer size=\u201d5\u2033]\n[list icon=\u201dmoon-arrow-right-2\u2033 colour=\u201d#a62055\u2033]<a title=\"Bir ekip toplant\u0131s\u0131nda dil terc\u00fcmesi kullanma\" href=\"https:\/\/support.microsoft.com\/de-de\/office\/verwenden-der-sprachinterpretation-in-einer-teams-besprechung-b9fdde0f-1896-48ba-8540-efc99f5f4b2e\" target=\"_blank\" rel=\"noopener\">Bir ekip toplant\u0131s\u0131nda dil terc\u00fcmesi kullanma<\/a>[\/list]\n\n[spacer size=\"30\u2033]\n<h2><b>PCS \u2013 konferenztechnik.de Microsoft Teams ile profesyonel konferans deste\u011fi sunuyor<\/b><\/h2>\nDijital formatlar i\u00e7in uzmanlar\u0131m\u0131z \u015fu anda sertifikal\u0131 Teams y\u00f6neticileri olmak i\u00e7in daha fazla e\u011fitim almaktad\u0131r. MS Teams ile profesyonel etkinlikler d\u00fczenlemek daha fazla tuzak ve engel bar\u0131nd\u0131r\u0131yor. \u00d6zellikle b\u00fcy\u00fck \u015firketler Teams'i merkezi olarak kurumsal BT sistemlerine entegre etmi\u015f ve kendi g\u00fcvenlik \u00f6nlemlerini, yetkilerini ve k\u0131s\u0131tlamalar\u0131n\u0131 tan\u0131mlam\u0131\u015flard\u0131r. \u015eirket ve y\u00f6netilen etki alan\u0131 d\u0131\u015f\u0131ndaki kat\u0131l\u0131mc\u0131lara aniden oturum a\u00e7amayacaklar\u0131 s\u00f6ylenir...\n<h2><b>MS Teams ve veri koruma ve veri g\u00fcvenli\u011fi<\/b><\/h2>\nMicrosoft'a veri g\u00fcvenli\u011fi hakk\u0131nda soru sordu\u011funuzda \u015fu yan\u0131t\u0131 al\u0131rs\u0131n\u0131z: \"Konu\u015fmalar\u0131m ve verilerim g\u00fcvende mi?\" \"Evet, Microsoft Teams Office 365'in ayr\u0131lmaz bir par\u00e7as\u0131 oldu\u011fundan, kullan\u0131c\u0131lar\u0131n Office 365'ten zaten a\u015fina oldu\u011fu ayn\u0131 veri koruma ve uyumluluk \u00f6zelliklerini sunar. Veriler iletim ve depolama s\u0131ras\u0131nda \u015fifrelenir. Dosyalar SharePoint'te depolan\u0131r ve SharePoint \u015fifrelemesiyle g\u00fcvence alt\u0131na al\u0131n\u0131r. Notlar OneNote'ta saklan\u0131r ve OneNote \u015fifrelemesiyle g\u00fcvence alt\u0131na al\u0131n\u0131r.\" Ancak, Alman ve Avrupal\u0131 veri koruma uzmanlar\u0131 Microsoft'un kullan\u0131c\u0131 verilerini ele al\u0131\u015f bi\u00e7imine \u00f6fke duyuyor. Ayn\u0131 zamanda, m\u00fc\u015fterilerimizin MS Teams kulland\u0131\u011f\u0131 yerlerde, veri g\u00fcvenli\u011fi konusu genellikle \u015firket taraf\u0131nda BT taraf\u0131ndan a\u00e7\u0131kl\u0131\u011fa kavu\u015fturulur ve kabul edilir. Bununla birlikte, bir\u00e7ok m\u00fc\u015fterimiz i\u00e7in Google ve Microsoft gibi hizmetlerin kullan\u0131m\u0131na izin verilmemektedir. Bu durumda, Zoom ile kendi sunucular\u0131m\u0131zdaki \u00e7\u00f6z\u00fcm\u00fcm\u00fcz\u00fc veya hatta Televic'inki gibi tamamen ba\u011f\u0131ms\u0131z \u00e7\u00f6z\u00fcmleri \u00f6neriyoruz.\n<h2><b>Kendi sunucular\u0131n\u0131zda \/ \u015firket i\u00e7inde MS Teams<\/b><\/h2>\nMicrosoft Teams kendi sunucular\u0131mda da kullan\u0131labilir mi? Hay\u0131r, Microsoft Teams SharePoint Online ve Azure Active Directory ile i\u015fbirli\u011fi i\u00e7in tasarlanm\u0131\u015ft\u0131r. Baz\u0131 i\u015flevleri hibrit bir ortamda kullanmak m\u00fcmk\u00fcn olsa da, Microsoft Teams i\u015flevlerinin tamam\u0131 yerel bir y\u00fcklemede kullan\u0131lamaz. Skype Kurumsal'dan a\u015fina olabilece\u011finiz gibi Microsoft Teams i\u00e7in sunucu y\u00fcklemeleri yoktur. Microsoft Teams saf bir bulut \u00e7\u00f6z\u00fcm\u00fcd\u00fcr.\n<h2><b>Mart ay\u0131ndan itibaren yeni Microsoft Teams \u2013 MS Teams 2.0<\/b><\/h2>\nMicrosoft, \u00f6zellikle performans a\u00e7\u0131s\u0131ndan b\u00fcy\u00fck bir geli\u015fmeden s\u00f6z ediyor. Ses kalitesi ve arkas\u0131ndaki ses motoru bizi \u015fimdiden etkiledi. \u00d6zellikle video g\u00f6r\u00fcnt\u00fclerinde iyile\u015ftirmeler yap\u0131lmas\u0131n\u0131 umuyoruz. Bununla birlikte, \"\u00e7oklu hesap\" kullan\u0131m\u0131n\u0131n basitle\u015ftirilece\u011fi de a\u00e7\u0131kland\u0131. Farkl\u0131 kurulu\u015flarda Teams kullanan herkes bunun ne kadar zahmetli ve hataya a\u00e7\u0131k oldu\u011funu bilir. Teams m\u00fchendisleri taraf\u0131ndan The Verge'de yap\u0131lan duyurular ileriye do\u011fru b\u00fcy\u00fck bir ad\u0131m gibi g\u00f6r\u00fcn\u00fcyor. Ancak sat\u0131r aralar\u0131nda Microsoft 11, Edge taray\u0131c\u0131 ve PC bilgisayarlar hakk\u0131nda da \u00e7ok \u015fey okuyoruz. Yeni Teams'in Apple cihazlar\u0131nda veya Linux sistemlerinde nas\u0131l \u00e7al\u0131\u015faca\u011f\u0131n\u0131 \u00e7ok merak ediyoruz. Sizi geli\u015fmelerden haberdar edece\u011fiz.\n\n[spacer size=\u201d30\u2033]\n[list icon=\u201dmoon-arrow-right-2\u2033 colour=\u201d#a62055\u2033]<a href=\"https:\/\/www.theverge.com\/2023\/2\/20\/23607037\/microsoft-teams-performance-improvements-less-cpu-memory\" rel=\"noopener\" target=\"_blank\">The Verge \u2013 Microsoft Teams \u00f6n\u00fcm\u00fczdeki ay b\u00fcy\u00fck performans iyile\u015ftirmeleri al\u0131yor<\/a>[\/list]\n[spacer size=\"5\u2033]\n[list icon=\"moon-arrow-right-2\u2033 color=\"#a62055\u2033]<a href=\"https:\/\/www.drwindows.de\/news\/microsoft-teams-2-0-neue-version-mit-massiv-besserer-performance-startet-im-maerz\" rel=\"noopener\" target=\"_blank\">Dr Windows \u2013 Microsoft Teams 2.0<\/a>[\/list]\n[spacer size=\"30\u2033]\n<h2><b>MS Teams ile profesyonel dijital ve hibrit canl\u0131 formatlar\u0131 \u00e7al\u0131\u015ft\u0131rmak m\u0131 istiyorsunuz? Size yard\u0131mc\u0131 olabiliriz: <\/b><\/h2>\n<\/div>\n[spacer size=\"30\u2033]\n<div class=\"box1-4 medium-size-txt\" style=\"margin-bottom: 0!important\">\n<h2><b><span class=\"pcs-color medium-size-txt\">Servis ekibiniz<\/span><\/b><\/h2>\n[spacer size=\u201d5\u2033]\n[column size=\u201d1-2\u2033 last=\u201d0\u2033]\n\nUzman departman\u0131m\u0131z sorular\u0131n\u0131z\u0131 yan\u0131tlamaktan, \u00fcr\u00fcnler hakk\u0131nda tavsiyelerde bulunmaktan, size ki\u015fiselle\u015ftirilmi\u015f bir fiyat teklifi veya bireysel proje planlamas\u0131 sunmaktan mutluluk duyacakt\u0131r.\n\n<img decoding=\"async\" src=\"https:\/\/konferenztechnik.de\/wp-content\/uploads\/2021\/08\/Monika-van-den-Boogaard-PCS-GmbH-konferenztechnik-small.jpg\" alt=\"Monika van den Boogaard - PCS GmbH - Proje Dan\u0131\u015fmanl\u0131\u011f\u0131\" width=\"150\" height=\"150\" class=\"alignleft size-full wp-image-18125\" title=\"\">\n<img decoding=\"async\" src=\"https:\/\/konferenztechnik.de\/wp-content\/uploads\/2021\/08\/Sebastian-Meyer-PCS-GmbH-konferenztechnik-small.jpg\" alt=\"Sebastian Meyer - PCS GmbH - Proje dan\u0131\u015fman\u0131\" width=\"150\" height=\"150\" class=\"alignleft size-full wp-image-18120\" title=\"\">\n<img loading=\"lazy\" decoding=\"async\" src=\"https:\/\/konferenztechnik.de\/wp-content\/uploads\/2021\/06\/sebastian-gegusch-pcs-gmbh.jpg\" alt=\"Sebastian Gegusch - PCS GmbH - Proje planlama\" width=\"150\" height=\"150\" class=\"alignleft size-full wp-image-17774\" title=\"\">\n[spacer size=\"5\u2033]\n<span class=\"medium-size-txt\">\nSadece bizi aray\u0131n!\n<a href=\"tel:08007274624\"><b>0800 727 46 24<\/b><\/a><\/span>\n\nL\u00fctfen bize bir e-posta g\u00f6nderin:\n<span class=\"volleansicht\"><a href=\"mailto:info@konferenztechnik.de\" onclick=\"ga('send', 'event', 'Email-Klick', 'Kontakt Vermietung');\">info@konferenztechnik.de<\/a>\n<\/span>\n<span class=\"mobileansicht\"><a href=\"mailto:info@konferenztechnik.de\" onclick=\"ga('send', 'event', 'Email-Klick', 'Kontakt Vermietung');\">yaz<\/a>\n<\/span>\n\nBizimle sohbet edin veya geri arama hizmetimizi kullan\u0131n\n\n[\/column]\n[column size=\u201d1-2\u2033 last=\u201d1\u2033]\n<h2>Bir geri arama d\u00fczenleyin<\/h2>\n[contact-form-7 id=\"17963\u2033 title=\"Geri arama d\u00fczenleyin\"]\n[\/column]\n\n<\/div>\t\t\t\t\t\t\t\t<\/div>\n\t\t\t\t<\/div>\n\t\t\t\t\t<\/div>\n\t\t<\/div>\n\t\t\t\t\t<\/div>\n\t\t<\/section>\n\t\t\t\t<\/div>","protected":false},"excerpt":{"rendered":"<p>Professionelle Konferenzen mit Microsoft Teams [spacer size=&#8220;20&#8243;] MS Teams jetzt auch mehrsprachig und mit der Funktion &#8222;Simultandolmetschen&#8220; Microsoft Teams (MS Teams) spielte bei uns lange die zweite Geige hinter Zoom bei den digitalen und hybriden Formaten. Unsere Techniker*innen berichteten regelm\u00e4\u00dfig, wie MS Teams jedoch aufholte: die Benutzeroberfl\u00e4che wurde stetig verbessert und vor allem die Audio-Engine [&hellip;]<\/p>","protected":false},"author":1,"featured_media":45482,"parent":0,"menu_order":0,"comment_status":"closed","ping_status":"closed","template":"elementor_theme","meta":{"_acf_changed":false,"footnotes":""},"class_list":["post-20395","page","type-page","status-publish","has-post-thumbnail","hentry"],"acf":[],"_links":{"self":[{"href":"https:\/\/konferenztechnik.de\/tr\/wp-json\/wp\/v2\/pages\/20395","targetHints":{"allow":["GET"]}}],"collection":[{"href":"https:\/\/konferenztechnik.de\/tr\/wp-json\/wp\/v2\/pages"}],"about":[{"href":"https:\/\/konferenztechnik.de\/tr\/wp-json\/wp\/v2\/types\/page"}],"author":[{"embeddable":true,"href":"https:\/\/konferenztechnik.de\/tr\/wp-json\/wp\/v2\/users\/1"}],"replies":[{"embeddable":true,"href":"https:\/\/konferenztechnik.de\/tr\/wp-json\/wp\/v2\/comments?post=20395"}],"version-history":[{"count":0,"href":"https:\/\/konferenztechnik.de\/tr\/wp-json\/wp\/v2\/pages\/20395\/revisions"}],"wp:featuredmedia":[{"embeddable":true,"href":"https:\/\/konferenztechnik.de\/tr\/wp-json\/wp\/v2\/media\/45482"}],"wp:attachment":[{"href":"https:\/\/konferenztechnik.de\/tr\/wp-json\/wp\/v2\/media?parent=20395"}],"curies":[{"name":"wp","href":"https:\/\/api.w.org\/{rel}","templated":true}]}}