{"id":2257,"date":"2013-09-20T13:10:31","date_gmt":"2013-09-20T11:10:31","guid":{"rendered":"https:\/\/konferenztechnik.de\/?page_id=2257"},"modified":"2023-07-05T15:02:27","modified_gmt":"2023-07-05T13:02:27","slug":"mikrofonlar","status":"publish","type":"page","link":"https:\/\/konferenztechnik.de\/tr\/konferans-ve-av-medya-teknoloji%cc%87si%cc%87ni%cc%87n-dagitimi\/ses-teknolojisi-mikrofonlar-ses-gueclendirme-kontrol-odasi-ve-oynatma\/mikrofonlar\/","title":{"rendered":"Mikrofonlar"},"content":{"rendered":"<h1>Mikrofonlar<\/h1>\n<p>Burada t\u00fcm konferans teknolojisi uygulamalar\u0131 i\u00e7in mikrofonlar bulacaks\u0131n\u0131z: kablolu mikrofonlar, kablosuz sistemler, k\u00fcrs\u00fc mikrofonlar\u0131, el tipi vericiler, klipsli mikrofonlar ve USB mikrofonlar.<\/p>\n<h2>Beyerdynamic Opus 300<\/h2>\n<p><a href=\"https:\/\/konferenztechnik.de\/wp-content\/uploads\/2013\/09\/Beyerdynamic_Opus300_gross.jpg\"><img fetchpriority=\"high\" decoding=\"async\" width=\"777\" height=\"600\" class=\"size-full wp-image-2326\" src=\"https:\/\/konferenztechnik.de\/wp-content\/uploads\/2013\/09\/Beyerdynamic_Opus300_gross.jpg\" alt=\"Beyerdynamic Opus 300\" title=\"\" srcset=\"https:\/\/konferenztechnik.de\/wp-content\/uploads\/2013\/09\/Beyerdynamic_Opus300_gross.jpg 777w, https:\/\/konferenztechnik.de\/wp-content\/uploads\/2013\/09\/Beyerdynamic_Opus300_gross-300x232.jpg 300w, https:\/\/konferenztechnik.de\/wp-content\/uploads\/2013\/09\/Beyerdynamic_Opus300_gross-768x593.jpg 768w\" sizes=\"(max-width: 777px) 100vw, 777px\" \/><\/a><\/p>\n<p>Opus 300 sistemi, kablosuz teknolojiye uygun maliyetli ve karma\u015f\u0131k olmayan bir giri\u015f sunar. Basit kullan\u0131m\u0131 ile karakterize edilir. Al\u0131c\u0131 k\u0131sm\u0131 bir d\u00fc\u011fmeye dokunarak bir sonraki bo\u015f frekans\u0131 arar. \u0130kinci ad\u0131mda, frekans vericiye iletilir. Radyo iletimi s\u0131ras\u0131nda parazit olmadan iyi ses kalitesi sa\u011flamak i\u00e7in sistem ger\u00e7ek \u00e7e\u015fitlilik y\u00f6ntemini kullan\u0131r.<\/p>\n<p>\u00c7e\u015fitli mikrofon varyantlar\u0131 mevcuttur: El tipi verici, klipsli veya boyun band\u0131 mikrofonlu bel tipi verici.<br \/>\nSistemin bir, iki veya d\u00f6rt mikrofonlu versiyonlar\u0131 mevcuttur (Opus 900).<\/p>\n<h2>Sennheiser deveboynu MZH 3015<\/h2>\n<p><a href=\"https:\/\/konferenztechnik.de\/wp-content\/uploads\/2013\/09\/Sennheiser_Schwanenhalsmikro_gross.jpg\"><img decoding=\"async\" width=\"428\" height=\"490\" class=\"alignleft size-full wp-image-2328\" src=\"https:\/\/konferenztechnik.de\/wp-content\/uploads\/2013\/09\/Sennheiser_Schwanenhalsmikro_gross.jpg\" alt=\"Sennheiser deveboynu MZH 3015\" title=\"\" srcset=\"https:\/\/konferenztechnik.de\/wp-content\/uploads\/2013\/09\/Sennheiser_Schwanenhalsmikro_gross.jpg 428w, https:\/\/konferenztechnik.de\/wp-content\/uploads\/2013\/09\/Sennheiser_Schwanenhalsmikro_gross-262x300.jpg 262w\" sizes=\"(max-width: 428px) 100vw, 428px\" \/><\/a><\/p>\n<p>MZH 3015 deveboynu sa\u011flam metalden yap\u0131lm\u0131\u015ft\u0131r ve mat siyah, yans\u0131t\u0131c\u0131 olmayan bir y\u00fczeye sahiptir. Farkl\u0131 y\u00f6n \u00f6zellikleri ile karakterize edilen de\u011fi\u015ftirilebilir ME 34, ME 35 veya ME 36 mikrofon kaps\u00fclleri ile tak\u0131labilir.<\/p>\n<h2>Shure Kablosuz Mikrofon UHF-R Serisi<\/h2>\n<p><a href=\"https:\/\/konferenztechnik.de\/wp-content\/uploads\/2013\/09\/Shure_Drahtlosmikrofon_UHF_R_Serie_gross.jpg\"><img decoding=\"async\" width=\"500\" height=\"211\" class=\"alignleft size-full wp-image-2329\" src=\"https:\/\/konferenztechnik.de\/wp-content\/uploads\/2013\/09\/Shure_Drahtlosmikrofon_UHF_R_Serie_gross.jpg\" alt=\"Shure Kablosuz Mikrofon UHF-R Serisi\" title=\"\" srcset=\"https:\/\/konferenztechnik.de\/wp-content\/uploads\/2013\/09\/Shure_Drahtlosmikrofon_UHF_R_Serie_gross.jpg 500w, https:\/\/konferenztechnik.de\/wp-content\/uploads\/2013\/09\/Shure_Drahtlosmikrofon_UHF_R_Serie_gross-300x127.jpg 300w\" sizes=\"(max-width: 500px) 100vw, 500px\" \/><\/a><\/p>\n<p>UHF-R, karma\u015f\u0131k kablosuz kurulumlar\u0131 kontrol etmek ve izlemek i\u00e7in t\u00fcm se\u00e7enekleri sunar. Otomatik kurulum, kontrol ve izleme s\u00fcre\u00e7leri, 75 MHz'lik son derece geni\u015f bir bant geni\u015fli\u011fi, frekans band\u0131 ba\u015f\u0131na 47'ye kadar uyumlu kanal.<\/p>\n<p>UHF-R kablosuz sistemleri, t\u00fcm temel sistem parametrelerinin kontrol edilmesini ve izlenmesini sa\u011flayan ve b\u00f6ylece a\u011fa ba\u011fl\u0131 kablosuz sistemlerin eksiksiz y\u00f6netimini b\u00fcy\u00fck \u00f6l\u00e7\u00fcde basitle\u015ftiren Shure Wireless Workbench PC yaz\u0131l\u0131m\u0131 ile birlikte verilir.<\/p>\n<ul>\n<li>T\u00fcm a\u011f i\u00e7in grup taramas\u0131 ile otomatik frekans se\u00e7imi<\/li>\n<li>Otomatik frekans senkronizasyonu, k\u0131z\u0131l\u00f6tesi ba\u011flant\u0131 arac\u0131l\u0131\u011f\u0131yla verici ve al\u0131c\u0131y\u0131 senkronize eder<\/li>\n<li>Entegre Ethernet ve USB ba\u011flant\u0131 noktalar\u0131<\/li>\n<li>Shure Wireless Workbench PC yaz\u0131l\u0131m\u0131 dahildir<\/li>\n<li>Serbest\u00e7e programlanabilir gruplar kurma se\u00e7ene\u011fi<\/li>\n<\/ul>\n<h2>Revolabs Solo Y\u00f6netici Serisi<\/h2>\n<p><a href=\"https:\/\/konferenztechnik.de\/wp-content\/uploads\/2013\/09\/RevoLabs_Solo_Wireless_abhoersicher_gross.jpg\"><img loading=\"lazy\" decoding=\"async\" width=\"293\" height=\"246\" class=\"alignleft size-full wp-image-2327\" src=\"https:\/\/konferenztechnik.de\/wp-content\/uploads\/2013\/09\/RevoLabs_Solo_Wireless_abhoersicher_gross.jpg\" alt=\"Revolabs Solo Y\u00f6netici Serisi \" title=\"\"><\/a><\/p>\n<p>Solo Executive serisi, konferans odalar\u0131 i\u00e7in \u00f6zel olarak geli\u015ftirilmi\u015f bir kablosuz mikrofon sistemidir. \u00d6zel \u00f6zellikleri aras\u0131nda k\u00fc\u00e7\u00fck boyutu, mikrofon kontrol\u00fc i\u00e7in \u00e7ift y\u00f6nl\u00fc ses iletimi ve sinyal \u015fifreleme yer al\u0131r.<\/p>\n<h2>Revolabs Solo Y\u00f6netici Serisi<\/h2>\n<ul>\n<li>Kendi \u015fifrelenmi\u015f frekans\u0131 sayesinde y\u00fcksek g\u00fcvenlik<\/li>\n<li>Mekansal ko\u015fullara esnek adaptasyon<\/li>\n<li>Yank\u0131 \u00f6nleyiciler, mikrofon mikserleri, video konferans sistemleri vb. gibi di\u011fer AV bile\u015fenlerine kolay entegrasyon.<\/li>\n<li>Basamakland\u0131rma 24 adede kadar mikrofonun \u00e7al\u0131\u015fmas\u0131n\u0131 sa\u011flar<\/li>\n<li>Herhangi bir mikrofon tipi kombinasyonu (klipsli, masa mikrofonu, el mikrofonu adapt\u00f6r\u00fc)<\/li>\n<li>S\u0131n\u0131rl\u0131 b\u00fct\u00e7eye sahip uygulamalar i\u00e7in 4 ve 8 kanall\u0131 Light versiyonlar\u0131 mevcuttur<\/li>\n<\/ul>\n<h2>Beyerdynamic s\u0131n\u0131r mikrofonu MPC 70 USB<\/h2>\n<p><a href=\"https:\/\/konferenztechnik.de\/wp-content\/uploads\/2013\/09\/Steno-S_Grenzflaechenmikrofon_MPC-70_USB_klein.jpg\"><img loading=\"lazy\" decoding=\"async\" width=\"155\" height=\"116\" class=\"alignleft size-full wp-image-2325\" src=\"https:\/\/konferenztechnik.de\/wp-content\/uploads\/2013\/09\/Steno-S_Grenzflaechenmikrofon_MPC-70_USB_klein.jpg\" alt=\"Beyerdynamic s\u0131n\u0131r mikrofonu MPC 70 USB \" title=\"\"><\/a><\/p>\n<p>MPC 70 USB, standart USB ba\u011flant\u0131s\u0131na (B tipi) sahip bir s\u0131n\u0131r mikrofonudur ve Steno-S gibi bilgisayar uygulamalar\u0131n\u0131n yan\u0131 s\u0131ra video konferans vb. i\u00e7in de kay\u0131t kalitesinde yeni olanaklar sunar.<\/p>\n<p>Uygulamaya ba\u011fl\u0131 olarak, entegre membran anahtar\u0131 A\u00e7\u0131k\/Kapal\u0131, Bas-Konu\u015f veya Bas-Sessiz \u00e7al\u0131\u015fma modlar\u0131 aras\u0131nda se\u00e7im yapmak i\u00e7in kullan\u0131labilir. Mikrofon etkinle\u015ftirildi\u011finde LED g\u00f6stergesi k\u0131rm\u0131z\u0131 yanar. Mikrofonun hassasiyeti iki a\u015famal\u0131 olarak \u00f6nceden se\u00e7ilebilir ve yap\u0131 kaynakl\u0131 g\u00fcr\u00fclt\u00fcn\u00fcn ayr\u0131\u015ft\u0131r\u0131lmas\u0131 i\u00e7in bir bas azaltma da mevcuttur. Kablo \u00e7\u0131kar\u0131labilir ve 3 metre ile konferans masas\u0131 \u00fczerinde yeterli bir yerle\u015ftirme yar\u0131\u00e7ap\u0131na sahiptir.<\/p>","protected":false},"excerpt":{"rendered":"<p>Mikrofone Sie finden hier Mikrofone f\u00fcr alle Anwendungsbereiche der Konferenztechnik: kabelgebundene Mikrofone, Drahtlossysteme, Rednerpultmikrofone, Handsender, Ansteckmikrofone oder USB-Mikrofone. Beyerdynamic Opus 300 Das Opus 300 System bietet einen kosteng\u00fcnstigen und unkomplizierten Einstieg in die Drahtlostechnik. Es zeichnet sich durch eine einfache Bedienung aus. Der Empf\u00e4ngerteil sucht auf Knopfdruck nach der n\u00e4chsten freien Frequenz. Im zweiten Schritt [&hellip;]<\/p>","protected":false},"author":1,"featured_media":45482,"parent":1289,"menu_order":143,"comment_status":"closed","ping_status":"open","template":"","meta":{"_acf_changed":false,"footnotes":""},"class_list":["post-2257","page","type-page","status-publish","has-post-thumbnail","hentry"],"acf":[],"_links":{"self":[{"href":"https:\/\/konferenztechnik.de\/tr\/wp-json\/wp\/v2\/pages\/2257","targetHints":{"allow":["GET"]}}],"collection":[{"href":"https:\/\/konferenztechnik.de\/tr\/wp-json\/wp\/v2\/pages"}],"about":[{"href":"https:\/\/konferenztechnik.de\/tr\/wp-json\/wp\/v2\/types\/page"}],"author":[{"embeddable":true,"href":"https:\/\/konferenztechnik.de\/tr\/wp-json\/wp\/v2\/users\/1"}],"replies":[{"embeddable":true,"href":"https:\/\/konferenztechnik.de\/tr\/wp-json\/wp\/v2\/comments?post=2257"}],"version-history":[{"count":0,"href":"https:\/\/konferenztechnik.de\/tr\/wp-json\/wp\/v2\/pages\/2257\/revisions"}],"up":[{"embeddable":true,"href":"https:\/\/konferenztechnik.de\/tr\/wp-json\/wp\/v2\/pages\/1289"}],"wp:featuredmedia":[{"embeddable":true,"href":"https:\/\/konferenztechnik.de\/tr\/wp-json\/wp\/v2\/media\/45482"}],"wp:attachment":[{"href":"https:\/\/konferenztechnik.de\/tr\/wp-json\/wp\/v2\/media?parent=2257"}],"curies":[{"name":"wp","href":"https:\/\/api.w.org\/{rel}","templated":true}]}}