{"id":2266,"date":"2013-09-20T13:40:58","date_gmt":"2013-09-20T11:40:58","guid":{"rendered":"https:\/\/konferenztechnik.de\/?page_id=2266"},"modified":"2023-07-05T14:14:58","modified_gmt":"2023-07-05T12:14:58","slug":"ses-sistemi","status":"publish","type":"page","link":"https:\/\/konferenztechnik.de\/tr\/konferans-ve-av-medya-teknoloji%cc%87si%cc%87ni%cc%87n-dagitimi\/ses-teknolojisi-mikrofonlar-ses-gueclendirme-kontrol-odasi-ve-oynatma\/ses-sistemi\/","title":{"rendered":"Ses sistemi"},"content":{"rendered":"<h1>Hoparl\u00f6r<\/h1>\n<p>Bir konferans odas\u0131nda\/salonunda hoparl\u00f6rlerin profesyonelce planlanm\u0131\u015f konumland\u0131r\u0131lmas\u0131, optimum konu\u015fma anla\u015f\u0131l\u0131rl\u0131\u011f\u0131 i\u00e7in \u00e7ok \u00f6nemlidir. Mimarlar ve AV planlamac\u0131lar\u0131 gerekli parametreleri erken bir a\u015famada payla\u015fmal\u0131 ve el ele \u00e7al\u0131\u015fmal\u0131d\u0131r.<\/p>\n<h4>Kling &amp; Freitag hoparl\u00f6r CA 106<\/h4>\n<p><a href=\"https:\/\/konferenztechnik.de\/wp-content\/uploads\/2013\/09\/Kling_Freitag_Lautsprecher_CA_gross.jpg\"><img fetchpriority=\"high\" decoding=\"async\" width=\"400\" height=\"256\" class=\"alignleft size-full wp-image-2378\" src=\"https:\/\/konferenztechnik.de\/wp-content\/uploads\/2013\/09\/Kling_Freitag_Lautsprecher_CA_gross.jpg\" alt=\"Kling &amp; Freitag Hoparl\u00f6r CA 106 \" title=\"\" srcset=\"https:\/\/konferenztechnik.de\/wp-content\/uploads\/2013\/09\/Kling_Freitag_Lautsprecher_CA_gross.jpg 400w, https:\/\/konferenztechnik.de\/wp-content\/uploads\/2013\/09\/Kling_Freitag_Lautsprecher_CA_gross-300x192.jpg 300w\" sizes=\"(max-width: 400px) 100vw, 400px\" \/><\/a><\/p>\n<p>K\u0131sa ve orta dinleme mesafeleri i\u00e7in bu ultra kompakt, y\u00fcksek performansl\u0131 sistem evrensel olarak kullan\u0131labilir ve end\u00fcstri standard\u0131 olarak kabul edilir. Geleneksel amplifikat\u00f6rlerle \u00e7al\u0131\u015ft\u0131rman\u0131n yan\u0131 s\u0131ra, dijital sistem kontrol\u00f6rleri arac\u0131l\u0131\u011f\u0131yla \u00e7al\u0131\u015ft\u0131rma da m\u00fcmk\u00fcnd\u00fcr. Hava ko\u015fullar\u0131na dayan\u0131kl\u0131 bir versiyonu da mevcuttur.<\/p>\n<h4>Sennheiser LSP 500 Pro kablosuz ses sistemi<\/h4>\n<ul>\n<li>Uygulama \u00fczerinden kontrol<\/li>\n<li>Zaman ve para tasarrufu sa\u011flar<\/li>\n<li>Kablo yok! Son derece h\u0131zl\u0131 montaj<\/li>\n<li>70 %'ye kadar daha az kurulum s\u00fcresi<\/li>\n<li>Aksesuar (amplifikat\u00f6r, miks konsolu, kablolar) maliyetlerinde 70 %'ye kadar tasarruf sa\u011flar<\/li>\n<li>40 %'ye kadar daha d\u00fc\u015f\u00fck ta\u015f\u0131ma maliyetleri<\/li>\n<\/ul>\n<p>Daha fazla bilgi<\/p>\n<ul>\n<li>Boyutlar (G x Y x D): 290 x 550 x 320 mm (11,42\u2033 x 21,65\u2033 x 12,60\u2033)<\/li>\n<li>Akustik tasar\u0131m: 2 yollu sistem, kapal\u0131<\/li>\n<li>Frekans aral\u0131\u011f\u0131: 65 Hz - 18 kHz (-10 dB)<\/li>\n<li>\u00c7\u0131k\u0131\u015f g\u00fcc\u00fc: 55 W s\u00fcrekli g\u00fc\u00e7, 120 W tepe g\u00fcc\u00fc<\/li>\n<li>Ekolayzer: yar\u0131 parametrik, 3 bantl\u0131<\/li>\n<li>MIC giri\u015fi: XLR-3F\/\u00bc\" (6,3 mm), jak kombo soket, de\u011fi\u015ftirilebilir fantom g\u00fc\u00e7 48 V<\/li>\n<li>AUX IN giri\u015fi: RCA stereo soket<\/li>\n<li>LINE \u00c7IKI\u015eI \u00c7\u0131k\u0131\u015f: RCA stereo jak<\/li>\n<li>LINK G\u0130R\u0130\u015e\u0130 Giri\u015f: XLR-3F<\/li>\n<li>LINK OUT \u00c7\u0131k\u0131\u015f: XLR-3M<\/li>\n<li>USB ba\u011flant\u0131 noktas\u0131: USB 2.0<\/li>\n<li>USB dosya formatlar\u0131: Oynatma: mp3, wav, aac, flac Kay\u0131t: wav<\/li>\n<li>Bluetooth Aray\u00fcz\u00fc: aptX\u00ae ile A2DP<\/li>\n<li>WLAN aray\u00fcz\u00fc: IEEE 802.11b\/g<\/li>\n<li>\u015eifreleme: WPA2<\/li>\n<li>\u015eebeke gerilimi\/\u015febeke frekans\u0131: 100\u2013240 V ~, 50\u201360 Hz<\/li>\n<li>Piller: 2 x Sennheiser LBA 500, Lityum \u0130yon pil 14,4 V\/4,4 Ah<\/li>\n<li>Kullan\u0131m s\u00fcresi: yakla\u015f\u0131k 6 saat (dil)<\/li>\n<li>\u015earj s\u00fcresi: iki pil i\u00e7in yakla\u015f\u0131k 5 saat<\/li>\n<\/ul>\n<p>Daha fazla bilgi<\/p>\n<h4>JBL Hoparl\u00f6r Line Array VRX Sistemleri<\/h4>\n<p><a href=\"https:\/\/konferenztechnik.de\/wp-content\/uploads\/2013\/09\/JBL_Lautsprecher_Line-Array_VRX-Systeme_gross.jpg\"><img decoding=\"async\" width=\"300\" height=\"300\" class=\"alignleft size-full wp-image-2377\" src=\"https:\/\/konferenztechnik.de\/wp-content\/uploads\/2013\/09\/JBL_Lautsprecher_Line-Array_VRX-Systeme_gross.jpg\" alt=\"JBL Hoparl\u00f6r Line Array VRX Sistemleri\" title=\"\" srcset=\"https:\/\/konferenztechnik.de\/wp-content\/uploads\/2013\/09\/JBL_Lautsprecher_Line-Array_VRX-Systeme_gross.jpg 300w, https:\/\/konferenztechnik.de\/wp-content\/uploads\/2013\/09\/JBL_Lautsprecher_Line-Array_VRX-Systeme_gross-150x150.jpg 150w\" sizes=\"(max-width: 300px) 100vw, 300px\" \/><\/a><\/p>\n<p>Hat dizileri, odaya birka\u00e7 hoparl\u00f6r da\u011f\u0131tam\u0131yorsan\u0131z veya da\u011f\u0131tmak istemiyorsan\u0131z, b\u00fcy\u00fck odalarda ses takviyesi i\u00e7in \u00e7ok uygundur. JBL bu ama\u00e7 i\u00e7in iyi ve kurulumu kolay bir hoparl\u00f6r sistemi sunmaktad\u0131r.<\/p>\n<h4>Tannoy DI Serisi<\/h4>\n<p><a href=\"https:\/\/konferenztechnik.de\/wp-content\/uploads\/2013\/09\/Tannoy_Di8-3q-top_gross.jpg\"><img decoding=\"async\" width=\"400\" height=\"600\" class=\"alignleft size-full wp-image-2376\" src=\"https:\/\/konferenztechnik.de\/wp-content\/uploads\/2013\/09\/Tannoy_Di8-3q-top_gross.jpg\" alt=\"Tannoy DI Serisi\" title=\"\" srcset=\"https:\/\/konferenztechnik.de\/wp-content\/uploads\/2013\/09\/Tannoy_Di8-3q-top_gross.jpg 400w, https:\/\/konferenztechnik.de\/wp-content\/uploads\/2013\/09\/Tannoy_Di8-3q-top_gross-200x300.jpg 200w\" sizes=\"(max-width: 400px) 100vw, 400px\" \/><\/a><\/p>\n<p>\u0130ngiliz hoparl\u00f6r \u00fcreticisi Tannoy'un Di serisi, \u00e7ok \u00e7e\u015fitli kurulum uygulamalar\u0131 i\u00e7in tasarlanm\u0131\u015ft\u0131r. Y\u00fcksek ses kalitesi sayesinde hoparl\u00f6rler, ana veya arka plan ses takviyesi, konu\u015fma veya m\u00fczik takviyesi olarak t\u00fcm ses takviye sistemleri i\u00e7in uygundur. Sa\u011flam ancak hafif yap\u0131lar\u0131, kurulumlar\u0131n\u0131 kolayla\u015ft\u0131r\u0131r. Bu \u00fcr\u00fcn serisine ek olarak, Tannoy'un program\u0131nda neredeyse her olas\u0131 uygulama i\u00e7in hoparl\u00f6rler bulunmaktad\u0131r. Klasik y\u00fczeye monte hoparl\u00f6rlere ek olarak, tavan hoparl\u00f6rleri, duvar i\u00e7i hoparl\u00f6rler vb. vard\u0131r. Bu hoparl\u00f6rlerin mevcut 100V ses sistemlerine ba\u011flant\u0131 i\u00e7in bir versiyonu mevcuttur.<\/p>\n<h4>QSC Hoparl\u00f6r HPRiGroup<\/h4>\n<p><a href=\"https:\/\/konferenztechnik.de\/wp-content\/uploads\/2013\/09\/Lautsprecher_QSC_HPRiGroup_gross.jpg\"><img loading=\"lazy\" decoding=\"async\" width=\"450\" height=\"285\" class=\"alignleft size-full wp-image-2379\" src=\"https:\/\/konferenztechnik.de\/wp-content\/uploads\/2013\/09\/Lautsprecher_QSC_HPRiGroup_gross.jpg\" alt=\"QSC Hoparl\u00f6r HPRiGroup \" title=\"\" srcset=\"https:\/\/konferenztechnik.de\/wp-content\/uploads\/2013\/09\/Lautsprecher_QSC_HPRiGroup_gross.jpg 450w, https:\/\/konferenztechnik.de\/wp-content\/uploads\/2013\/09\/Lautsprecher_QSC_HPRiGroup_gross-300x190.jpg 300w\" sizes=\"(max-width: 450px) 100vw, 450px\" \/><\/a><\/p>\n<p>HPR Serisi, kullan\u0131c\u0131lara QSC g\u00fc\u00e7 amplifikat\u00f6rlerinin g\u00fcc\u00fcn\u00fc, teknolojisini ve efsanevi g\u00fcvenilirli\u011fini, aktif hoparl\u00f6r sistemlerini karakterize eden kullan\u0131m kolayl\u0131\u011f\u0131 ve rahatl\u0131\u011f\u0131 ile birlikte sunar. Sadece vokalleri y\u00fckseltmek, m\u00fczik \u00e7almak veya di\u011fer akustik sinyalleri iletmek isteyip istemedi\u011finiz \u00f6nemli de\u011fildir.<\/p>\n<h2>QSC Hoparl\u00f6r HPRiGroup<\/h2>\n<ul>\n<li>QSC amplifikat\u00f6r teknolojisine sahip aktif hoparl\u00f6r sistemleri<\/li>\n<li>Y\u00fcksek s\u00fcrekli amplifikat\u00f6r g\u00fcc\u00fc: subwoofer 700 watt ve 600 watt'a kadar tam aral\u0131kl\u0131 hoparl\u00f6rler<\/li>\n<li>Sa\u011flam g\u00f6vde 13 katl\u0131 hu\u015f kontrplaktan yap\u0131lm\u0131\u015ft\u0131r<\/li>\n<li>Sa\u011flam, yola uygun \u00f6n \u0131zgara<\/li>\n<li>Entegre 35 mm stand montaj\u0131 (subwoofer ve 2 yollu modeller)<\/li>\n<li>HPR122i, HPR152i ve HPR153i modellerinde M10 u\u00e7u\u015f noktalar\u0131<\/li>\n<\/ul>\n<h1>Hat hoparl\u00f6r\u00fc<\/h1>\n<p>Akustik a\u00e7\u0131dan zorlu odalarda, dar yay\u0131l\u0131ml\u0131 bir ses alan\u0131 olu\u015fturduklar\u0131 i\u00e7in line array hoparl\u00f6rlerle m\u00fckemmel sonu\u00e7lar elde edilebilir.<br \/>\nTemel olarak, bu hoparl\u00f6rler pasif ve aktif sistemler olarak ikiye ayr\u0131labilir. Pasif sistemler sinyal i\u015flemeli ayr\u0131 bir amplifikat\u00f6r gerektirir. Buna kar\u015f\u0131l\u0131k, aktif sistemler dijital sinyal i\u015flemcileri (DSP) kullanan entegre bir amplifikat\u00f6r ve sinyal i\u015fleme sistemine sahiptir. Bir\u00e7ok aktif sistemde, dikey da\u011f\u0131l\u0131m a\u00e7\u0131lar\u0131 dijital olarak kontrol edilebilir, b\u00f6ylece bir veya daha fazla dinleme b\u00f6lgesi, bir tiyatroda, seyircide ve katta oldu\u011fu gibi hassas bir \u015fekilde \u2013 ayd\u0131nlat\u0131labilir. Bu durumda, da\u011f\u0131l\u0131m oran\u0131n\u0131n PC yaz\u0131l\u0131m\u0131 kullan\u0131larak ayarland\u0131\u011f\u0131 \u0131\u015f\u0131n y\u00f6nlendirmeden bahsediyoruz.<\/p>\n<ul>\n<li>Y\u00fcksek da\u011f\u0131l\u0131m a\u00e7\u0131s\u0131, homojen bir ses alan\u0131 sa\u011flar<\/li>\n<li>Mikrofonlarla kombinasyon halinde optimum, geri bildirime duyars\u0131z<\/li>\n<li>Al\u00e7\u0131pan, ah\u015fap veya di\u011fer y\u00fczeylere g\u00f6r\u00fcnmez entegrasyon m\u00fcmk\u00fcnd\u00fcr<\/li>\n<li>100 dB SPL'ye kadar m\u00fcmk\u00fcn<\/li>\n<li>D\u00fc\u015f\u00fck montaj derinlikleri, maks. 40 mm<\/li>\n<li>100 V versiyonlar\u0131 mevcuttur<\/li>\n<\/ul>\n<h4>RCF L2406-T<\/h4>\n<p><a href=\"https:\/\/konferenztechnik.de\/wp-content\/uploads\/2013\/09\/Zeilenlautsprecher_RCF_L2406T.jpg\"><img loading=\"lazy\" decoding=\"async\" width=\"388\" height=\"650\" class=\"alignleft size-full wp-image-2387\" src=\"https:\/\/konferenztechnik.de\/wp-content\/uploads\/2013\/09\/Zeilenlautsprecher_RCF_L2406T.jpg\" alt=\"RCF L2406-T \" title=\"\" srcset=\"https:\/\/konferenztechnik.de\/wp-content\/uploads\/2013\/09\/Zeilenlautsprecher_RCF_L2406T.jpg 388w, https:\/\/konferenztechnik.de\/wp-content\/uploads\/2013\/09\/Zeilenlautsprecher_RCF_L2406T-179x300.jpg 179w\" sizes=\"(max-width: 388px) 100vw, 388px\" \/><\/a><\/p>\n<p>RCF'nin L2406-T modeli pasif hat kaynakl\u0131 hoparl\u00f6rlere bir \u00f6rnektir. Hoparl\u00f6r a\u015fa\u011f\u0131daki \u00f6zelliklerle karakterize edilir:<\/p>\n<ul>\n<li>6 x 5\" LF, 4 x 1\" HF<\/li>\n<li>200 watt y\u00fck kapasitesi<\/li>\n<li>150\u00b0 yatay, 30\u00b0 dikey da\u011f\u0131l\u0131m<\/li>\n<li>Frekans aral\u0131\u011f\u0131 110 Hz \u2013 20 Hz<\/li>\n<li>Bilye ge\u00e7irmez muhafaza<\/li>\n<\/ul>\n<h4>Tannoy QFlex Serisi<\/h4>\n<p><a href=\"https:\/\/konferenztechnik.de\/wp-content\/uploads\/2013\/09\/Tannoy-QFlex24.jpg\"><img loading=\"lazy\" decoding=\"async\" width=\"600\" height=\"600\" class=\"alignleft size-full wp-image-2388\" src=\"https:\/\/konferenztechnik.de\/wp-content\/uploads\/2013\/09\/Tannoy-QFlex24.jpg\" alt=\"Tannoy QFlex Serisi \" title=\"\" srcset=\"https:\/\/konferenztechnik.de\/wp-content\/uploads\/2013\/09\/Tannoy-QFlex24.jpg 600w, https:\/\/konferenztechnik.de\/wp-content\/uploads\/2013\/09\/Tannoy-QFlex24-300x300.jpg 300w, https:\/\/konferenztechnik.de\/wp-content\/uploads\/2013\/09\/Tannoy-QFlex24-150x150.jpg 150w\" sizes=\"(max-width: 600px) 100vw, 600px\" \/><\/a><\/p>\n<p>Aktif, dijital olarak kontrol edilebilen line array hoparl\u00f6rlere bir \u00f6rnek Tannoy'un QFlex serisidir, burada QFlex 24.<\/p>\n<ul>\n<li>8 x 4\" LF, 8 x 3\" LF, 8 x 1\" HF<\/li>\n<li>Entegre DSP ve dijital amplifikat\u00f6r<\/li>\n<li>120\u00b0 yatay da\u011f\u0131l\u0131m, dikey olarak 10\u00b0 ile 100\u00b0 aras\u0131nda de\u011fi\u015fken \u015fekilde kontrol edilebilir<\/li>\n<li>Frekans aral\u0131\u011f\u0131 110 Hz \u2013 20 kHz<\/li>\n<li>40 m'ye kadar uygulama mesafesi<\/li>\n<li>27 kg A\u011f\u0131rl\u0131k<\/li>\n<\/ul>\n<p>Bu hoparl\u00f6rlerin yan\u0131 s\u0131ra Duran Audio, Pan Acoustics, Clearvoice System ve di\u011fer bir\u00e7ok markan\u0131n line array hoparl\u00f6rlerini de sat\u0131yoruz. Line array hoparl\u00f6rleri kullan\u0131rken hassas planlama \u015fartt\u0131r. Size tavsiyede bulunmaktan mutluluk duyaca\u011f\u0131z!<\/p>\n<h1>D\u00fcz panel hoparl\u00f6r<\/h1>\n<p>DML (Distributed Mode Loudspeaker) prensibine dayanan d\u00fcz membran hoparl\u00f6rler tavanlara, duvarlara veya mobilyalara g\u00f6r\u00fcnmez montaj i\u00e7in uygundur. \u0130ki veya daha fazla uyar\u0131c\u0131 ile donat\u0131lm\u0131\u015f dikd\u00f6rtgen paneller, al\u00e7\u0131pan y\u00fczeylere g\u00f6r\u00fcnmez bir \u015fekilde s\u0131vanabilir veya mobilya yap\u0131m\u0131nda maksimum 2,5 mm'lik bir ah\u015fap tabakan\u0131n arkas\u0131nda kullan\u0131labilir.<\/p>\n<p><a href=\"https:\/\/konferenztechnik.de\/wp-content\/uploads\/2013\/09\/amina-wallsound.jpg\"><img loading=\"lazy\" decoding=\"async\" width=\"260\" height=\"150\" class=\"alignleft size-full wp-image-2389\" src=\"https:\/\/konferenztechnik.de\/wp-content\/uploads\/2013\/09\/amina-wallsound.jpg\" alt=\"Amina Wallsound\" title=\"\"><\/a><\/p>\n<p>D\u00fcz konili hoparl\u00f6rlerin kullan\u0131m\u0131, oda boyunca e\u015fit olarak da\u011f\u0131t\u0131lan ve \u00f6zellikle arka plan ses g\u00fc\u00e7lendirmesi i\u00e7in uygun olan, ayn\u0131 zamanda y\u00fcksek kaliteli tavan ses g\u00fc\u00e7lendirmesi i\u00e7in de \u00e7ok az lokalize edilmi\u015f bir ses alan\u0131 olu\u015fturur. Mikrofon sistemleriyle birlikte kullan\u0131ld\u0131\u011f\u0131nda, d\u00fcz panel hoparl\u00f6rler geleneksel koni hoparl\u00f6rlere g\u00f6re geri beslemeye kar\u015f\u0131 \u00e7ok daha dayan\u0131kl\u0131d\u0131r.<\/p>\n<ul>\n<li>Y\u00fcksek da\u011f\u0131l\u0131m a\u00e7\u0131s\u0131, homojen bir ses alan\u0131 sa\u011flar<\/li>\n<li>Mikrofonlarla kombinasyon halinde optimum, geri bildirime duyars\u0131z<\/li>\n<li>Al\u00e7\u0131pan, ah\u015fap veya di\u011fer y\u00fczeylere g\u00f6r\u00fcnmez entegrasyon m\u00fcmk\u00fcnd\u00fcr<\/li>\n<li>100 dB SPL'ye kadar m\u00fcmk\u00fcn<\/li>\n<li>D\u00fc\u015f\u00fck montaj derinlikleri, maks. 40 mm<\/li>\n<li>100 V versiyonlar\u0131 mevcuttur<\/li>\n<\/ul>\n<p><a href=\"https:\/\/konferenztechnik.de\/wp-content\/uploads\/2013\/09\/amina_flaechenmembran.jpg\"><img loading=\"lazy\" decoding=\"async\" width=\"139\" height=\"210\" class=\"alignright size-full wp-image-2390\" src=\"https:\/\/konferenztechnik.de\/wp-content\/uploads\/2013\/09\/amina_flaechenmembran.jpg\" alt=\"Amina y\u00fczey membran\u0131\" title=\"\"><\/a><\/p>\n<p>PCS, Sonus, ML Audio ve Amina \u00fcreticilerinin d\u00fcz panel hoparl\u00f6rlerini satmaktad\u0131r. D\u00fcz panel hoparl\u00f6rleri kullan\u0131rken hassas planlama \u015fartt\u0131r. Size tavsiyede bulunmaktan mutluluk duyar\u0131z!<\/p>\n<h1>Amplifikat\u00f6r<\/h1>\n<h4>DSP 2000 Serisi ile Crown AMP<\/h4>\n<p><a href=\"https:\/\/konferenztechnik.de\/wp-content\/uploads\/2013\/09\/Verstaerker_Crown_XTiSeries_gross.jpg\"><img loading=\"lazy\" decoding=\"async\" width=\"360\" height=\"218\" class=\"alignleft size-full wp-image-2398\" src=\"https:\/\/konferenztechnik.de\/wp-content\/uploads\/2013\/09\/Verstaerker_Crown_XTiSeries_gross.jpg\" alt=\"DSP 2000 Serisi ile Crown AMP\" title=\"\" srcset=\"https:\/\/konferenztechnik.de\/wp-content\/uploads\/2013\/09\/Verstaerker_Crown_XTiSeries_gross.jpg 360w, https:\/\/konferenztechnik.de\/wp-content\/uploads\/2013\/09\/Verstaerker_Crown_XTiSeries_gross-300x182.jpg 300w\" sizes=\"(max-width: 360px) 100vw, 360px\" \/><\/a><\/p>\n<p>XTi amplifikat\u00f6r serisi, hepsi son derece sa\u011flam ve \u00e7ok hafif olan XTi 1000, XTi 2000, XTi 4000 ve XTi 6000 modellerinden olu\u015fur. G\u00fc\u00e7 amplifikat\u00f6rleri esnek DSP kontrol\u00f6r\u00fc ve amplifikat\u00f6r i\u015flevlerini tek bir cihazda birle\u015ftirir. \u00c7\u0131k\u0131\u015flar\u0131 4 ohm'da 2x 500 ila 2x 2100 watt aras\u0131nda de\u011fi\u015fmektedir.<\/p>","protected":false},"excerpt":{"rendered":"<p>Hoparl\u00f6rler Bir konferans odas\u0131nda\/salonunda hoparl\u00f6rlerin profesyonelce planlanm\u0131\u015f konumland\u0131r\u0131lmas\u0131, optimum konu\u015fma anla\u015f\u0131l\u0131rl\u0131\u011f\u0131 i\u00e7in \u00e7ok \u00f6nemlidir. Mimarlar ve AV planlamac\u0131lar\u0131 gerekli parametreleri erkenden ve el ele vermelidir. Kling &amp; Freitag CA 106 hoparl\u00f6rler K\u0131sa ve orta dinleme mesafeleri i\u00e7in bu ultra kompakt, y\u00fcksek performansl\u0131 sistem evrensel olarak kullan\u0131labilir ve end\u00fcstri standard\u0131 olarak kabul edilir. Ek olarak [...]<\/p>","protected":false},"author":1,"featured_media":45482,"parent":1289,"menu_order":142,"comment_status":"closed","ping_status":"open","template":"","meta":{"_acf_changed":false,"footnotes":""},"class_list":["post-2266","page","type-page","status-publish","has-post-thumbnail","hentry"],"acf":[],"_links":{"self":[{"href":"https:\/\/konferenztechnik.de\/tr\/wp-json\/wp\/v2\/pages\/2266","targetHints":{"allow":["GET"]}}],"collection":[{"href":"https:\/\/konferenztechnik.de\/tr\/wp-json\/wp\/v2\/pages"}],"about":[{"href":"https:\/\/konferenztechnik.de\/tr\/wp-json\/wp\/v2\/types\/page"}],"author":[{"embeddable":true,"href":"https:\/\/konferenztechnik.de\/tr\/wp-json\/wp\/v2\/users\/1"}],"replies":[{"embeddable":true,"href":"https:\/\/konferenztechnik.de\/tr\/wp-json\/wp\/v2\/comments?post=2266"}],"version-history":[{"count":0,"href":"https:\/\/konferenztechnik.de\/tr\/wp-json\/wp\/v2\/pages\/2266\/revisions"}],"up":[{"embeddable":true,"href":"https:\/\/konferenztechnik.de\/tr\/wp-json\/wp\/v2\/pages\/1289"}],"wp:featuredmedia":[{"embeddable":true,"href":"https:\/\/konferenztechnik.de\/tr\/wp-json\/wp\/v2\/media\/45482"}],"wp:attachment":[{"href":"https:\/\/konferenztechnik.de\/tr\/wp-json\/wp\/v2\/media?parent=2266"}],"curies":[{"name":"wp","href":"https:\/\/api.w.org\/{rel}","templated":true}]}}