{"id":2278,"date":"2013-09-20T14:10:18","date_gmt":"2013-09-20T12:10:18","guid":{"rendered":"https:\/\/konferenztechnik.de\/?page_id=2278"},"modified":"2023-07-05T14:29:38","modified_gmt":"2023-07-05T12:29:38","slug":"di%cc%87nami%cc%87kler-ve-etki%cc%87ler","status":"publish","type":"page","link":"https:\/\/konferenztechnik.de\/tr\/konferans-ve-av-medya-teknoloji%cc%87si%cc%87ni%cc%87n-dagitimi\/ses-teknolojisi-mikrofonlar-ses-gueclendirme-kontrol-odasi-ve-oynatma\/di%cc%87nami%cc%87kler-ve-etki%cc%87ler\/","title":{"rendered":"Dinamikler ve etkiler"},"content":{"rendered":"<h1>Dinamikler ve etkiler<\/h1>\n<h2>Nexia<\/h2>\n<p><a href=\"https:\/\/konferenztechnik.de\/wp-content\/uploads\/2013\/09\/Biamp_Nexia_CS_gross.jpg\"><img fetchpriority=\"high\" decoding=\"async\" width=\"603\" height=\"217\" class=\"alignleft size-full wp-image-2408\" src=\"https:\/\/konferenztechnik.de\/wp-content\/uploads\/2013\/09\/Biamp_Nexia_CS_gross.jpg\" alt=\"Nexia\" title=\"\" srcset=\"https:\/\/konferenztechnik.de\/wp-content\/uploads\/2013\/09\/Biamp_Nexia_CS_gross.jpg 603w, https:\/\/konferenztechnik.de\/wp-content\/uploads\/2013\/09\/Biamp_Nexia_CS_gross-300x108.jpg 300w\" sizes=\"(max-width: 603px) 100vw, 603px\" \/><\/a><\/p>\n<p>Nexia, grafiksel kullan\u0131c\u0131 aray\u00fcz\u00fc arac\u0131l\u0131\u011f\u0131yla serbest\u00e7e programlanabilen uygun maliyetli bir dijital ses sistemidir. Nexia serisi \u00e7e\u015fitli I\/O konfig\u00fcrasyonlar\u0131nda mevcuttur, bu da herhangi bir uygulama i\u00e7in do\u011fru cihaz\u0131 bulmay\u0131 kolayla\u015ft\u0131r\u0131r. Dahili NexLink veri yolu arac\u0131l\u0131\u011f\u0131yla ses taraf\u0131nda d\u00f6rt adede kadar Nexia sistemi birbirine ba\u011flanabilir. Bu nedenle Nexia konferans merkezlerinde, \u00e7ok ama\u00e7l\u0131 salonlarda, e\u011fitim odalar\u0131nda, restoranlarda veya serbest\u00e7e programlanabilen bir ses sisteminin gerekli oldu\u011fu her yerde kullan\u0131labilir.<\/p>\n<h2>Nexia<\/h2>\n<p>A\u015fa\u011f\u0131daki Nexia tipleri mevcuttur:<\/p>\n<ul>\n<li>Nexia CS: Konferans odalar\u0131 gibi mikrofon yo\u011fun uygulamalar i\u00e7in<\/li>\n<li>Nexia PM: \u00d6zellikle hem mikrofonlar\u0131n hem de oynatma cihazlar\u0131n\u0131n kullan\u0131ld\u0131\u011f\u0131 AV uygulamalar\u0131 i\u00e7in uygundur<\/li>\n<li>Nexia SP: Hat sinyallerinin \u00e7ok say\u0131da \u00e7\u0131k\u0131\u015fa da\u011f\u0131t\u0131lmas\u0131 gereken uygulamalar i\u00e7in idealdir<\/li>\n<li>Nexia TC: \u00c7ok \u00e7e\u015fitli konferans g\u00f6r\u00fc\u015fmesi uygulamalar\u0131 i\u00e7in ideal<\/li>\n<li>Nexia VC: \u00c7ok \u00e7e\u015fitli video konferans uygulamalar\u0131 i\u00e7in idealdir<\/li>\n<\/ul>\n<h2>Sabine FBX-2400<\/h2>\n<p><a href=\"https:\/\/konferenztechnik.de\/wp-content\/uploads\/2013\/09\/Sabine_FBX1200-2400_gross.jpg\"><img decoding=\"async\" width=\"800\" height=\"75\" class=\"alignleft size-full wp-image-2407\" src=\"https:\/\/konferenztechnik.de\/wp-content\/uploads\/2013\/09\/Sabine_FBX1200-2400_gross.jpg\" alt=\"Sabine FBX-2400\" title=\"\" srcset=\"https:\/\/konferenztechnik.de\/wp-content\/uploads\/2013\/09\/Sabine_FBX1200-2400_gross.jpg 800w, https:\/\/konferenztechnik.de\/wp-content\/uploads\/2013\/09\/Sabine_FBX1200-2400_gross-300x28.jpg 300w, https:\/\/konferenztechnik.de\/wp-content\/uploads\/2013\/09\/Sabine_FBX1200-2400_gross-768x72.jpg 768w\" sizes=\"(max-width: 800px) 100vw, 800px\" \/><\/a><\/p>\n<p>ile <em>Sabine Geri Bildirim-Yok Edici<\/em> geri bildirim otomatik ve g\u00fcvenilir bir \u015fekilde bast\u0131r\u0131labilir. Bunun arkas\u0131ndaki teknoloji \u015fimdi be\u015finci neslinde ve yeni <em>SMARTFilter teknolojisi<\/em>.<\/p>\n<h2>Sabine FBX-2400<\/h2>\n<ul>\n<li>Kanal ba\u015f\u0131na 12 adede kadar otomatik geri besleme filtresi<\/li>\n<li>2 kanal<\/li>\n<li>XLR \u00fczerinden ses giri\u015fleri\/\u00e7\u0131k\u0131\u015flar\u0131<\/li>\n<li>Uygulamaya ba\u011fl\u0131 olarak 1\/10 ve 1\/5 oktav de\u011fi\u015ftirilebilir<\/li>\n<li>Sabit ve dinamik filtreler<\/li>\n<li>SMART filtre teknolojisi<\/li>\n<\/ul>","protected":false},"excerpt":{"rendered":"<p>Dynamics und Effekte Nexia Nexia ist ein kosteneffektives digitales Audiosystem, das \u00fcber eine grafische Oberfl\u00e4che frei programmiert werden kann. Die Nexia-Serie ist in verschiedenen I\/O-Konfigurationen erh\u00e4ltlich, so l\u00e4sst sich f\u00fcr jede Anwendung schnell das passende Ger\u00e4t finden. Bis zu vier Nexia Systeme k\u00f6nnen \u00fcber den internen NexLink Bus miteinander audioseitig gekoppelt werden. Nexia kommt so [&hellip;]<\/p>","protected":false},"author":1,"featured_media":45482,"parent":1289,"menu_order":139,"comment_status":"closed","ping_status":"open","template":"","meta":{"_acf_changed":false,"footnotes":""},"class_list":["post-2278","page","type-page","status-publish","has-post-thumbnail","hentry"],"acf":[],"_links":{"self":[{"href":"https:\/\/konferenztechnik.de\/tr\/wp-json\/wp\/v2\/pages\/2278","targetHints":{"allow":["GET"]}}],"collection":[{"href":"https:\/\/konferenztechnik.de\/tr\/wp-json\/wp\/v2\/pages"}],"about":[{"href":"https:\/\/konferenztechnik.de\/tr\/wp-json\/wp\/v2\/types\/page"}],"author":[{"embeddable":true,"href":"https:\/\/konferenztechnik.de\/tr\/wp-json\/wp\/v2\/users\/1"}],"replies":[{"embeddable":true,"href":"https:\/\/konferenztechnik.de\/tr\/wp-json\/wp\/v2\/comments?post=2278"}],"version-history":[{"count":0,"href":"https:\/\/konferenztechnik.de\/tr\/wp-json\/wp\/v2\/pages\/2278\/revisions"}],"up":[{"embeddable":true,"href":"https:\/\/konferenztechnik.de\/tr\/wp-json\/wp\/v2\/pages\/1289"}],"wp:featuredmedia":[{"embeddable":true,"href":"https:\/\/konferenztechnik.de\/tr\/wp-json\/wp\/v2\/media\/45482"}],"wp:attachment":[{"href":"https:\/\/konferenztechnik.de\/tr\/wp-json\/wp\/v2\/media?parent=2278"}],"curies":[{"name":"wp","href":"https:\/\/api.w.org\/{rel}","templated":true}]}}