{"id":24860,"date":"2023-04-18T10:42:05","date_gmt":"2023-04-18T08:42:05","guid":{"rendered":"http:\/\/dev.konferenztechnik.de\/?page_id=24860"},"modified":"2025-04-09T09:47:41","modified_gmt":"2025-04-09T07:47:41","slug":"ajanslar","status":"publish","type":"page","link":"https:\/\/konferenztechnik.de\/tr\/ajanslar\/","title":{"rendered":"Ajanslar"},"content":{"rendered":"<div data-elementor-type=\"wp-page\" data-elementor-id=\"24860\" class=\"elementor elementor-24860\" data-elementor-post-type=\"page\">\n\t\t\t\t<div data-particle_enable=\"false\" data-particle-mobile-disabled=\"false\" class=\"elementor-element elementor-element-d8aba58 e-flex e-con-boxed e-con e-parent\" data-id=\"d8aba58\" data-element_type=\"container\">\n\t\t\t\t\t<div class=\"e-con-inner\">\n\t\t\t\t<div class=\"elementor-element elementor-element-366d4e5 elementor-widget__width-inherit elementor-widget elementor-widget-heading\" data-id=\"366d4e5\" data-element_type=\"widget\" data-widget_type=\"heading.default\">\n\t\t\t\t<div class=\"elementor-widget-container\">\n\t\t\t\t\t<h1 class=\"elementor-heading-title elementor-size-default\">Ajanslar<\/h1>\t\t\t\t<\/div>\n\t\t\t\t<\/div>\n\t\t\t\t<div class=\"elementor-element elementor-element-e4b6b7a elementor-widget elementor-widget-image\" data-id=\"e4b6b7a\" data-element_type=\"widget\" data-widget_type=\"image.default\">\n\t\t\t\t<div class=\"elementor-widget-container\">\n\t\t\t\t\t\t\t\t\t\t\t\t\t\t\t<img fetchpriority=\"high\" decoding=\"async\" width=\"1300\" height=\"486\" src=\"https:\/\/konferenztechnik.de\/wp-content\/uploads\/2023\/04\/eventagenturen.jpg\" class=\"attachment-full size-full wp-image-24861\" alt=\"cam duvarda b\u00fcy\u00fck bir karalama\/zihin haritas\u0131 - burada ajanslar i\u00e7in bir sembol olarak\" srcset=\"https:\/\/konferenztechnik.de\/wp-content\/uploads\/2023\/04\/eventagenturen.jpg 1300w, https:\/\/konferenztechnik.de\/wp-content\/uploads\/2023\/04\/eventagenturen-300x112.jpg 300w, https:\/\/konferenztechnik.de\/wp-content\/uploads\/2023\/04\/eventagenturen-1024x383.jpg 1024w, https:\/\/konferenztechnik.de\/wp-content\/uploads\/2023\/04\/eventagenturen-768x287.jpg 768w, https:\/\/konferenztechnik.de\/wp-content\/uploads\/2023\/04\/eventagenturen-18x7.jpg 18w\" sizes=\"(max-width: 1300px) 100vw, 1300px\" title=\"\">\t\t\t\t\t\t\t\t\t\t\t\t\t\t\t<\/div>\n\t\t\t\t<\/div>\n\t\t\t\t\t<\/div>\n\t\t\t\t<\/div>\n\t\t<div data-particle_enable=\"false\" data-particle-mobile-disabled=\"false\" class=\"elementor-element elementor-element-9deafd4 e-flex e-con-boxed e-con e-parent\" data-id=\"9deafd4\" data-element_type=\"container\">\n\t\t\t\t\t<div class=\"e-con-inner\">\n\t\t\t\t<div class=\"elementor-element elementor-element-66ea8b4 elementor-widget elementor-widget-heading\" data-id=\"66ea8b4\" data-element_type=\"widget\" data-settings=\"{&quot;_animation&quot;:&quot;none&quot;}\" data-widget_type=\"heading.default\">\n\t\t\t\t<div class=\"elementor-widget-container\">\n\t\t\t\t\t<h2 class=\"elementor-heading-title elementor-size-default\">Ajanslar: Birbirini tamamlama yoluyla ba\u015far\u0131<\/h2>\t\t\t\t<\/div>\n\t\t\t\t<\/div>\n\t\t\t\t<div class=\"elementor-element elementor-element-d16fcf6 elementor-widget__width-inherit elementor-widget elementor-widget-text-editor\" data-id=\"d16fcf6\" data-element_type=\"widget\" data-widget_type=\"text-editor.default\">\n\t\t\t\t<div class=\"elementor-widget-container\">\n\t\t\t\t\t\t\t\t\t<p class=\"my-0\"><span style=\"font-family: var( --e-global-typography-text-font-family ), Barlowlocal, Sans-Serif; font-size: var( --e-global-typography-text-font-size ); font-weight: var( --e-global-typography-text-font-weight ); text-align: var(--text-align);\">Etkinlik ajanslar\u0131n\u0131 \u2013 etkinliklerinin teknik olarak ger\u00e7ekle\u015ftirilmesinde g\u00fcvenilir, esnek ve profesyonel bir \u015fekilde destekliyoruz. Planlamadan ger\u00e7ekle\u015ftirmeye kadar, bir ortak olarak yan\u0131n\u0131zday\u0131z ve t\u00fcm teknik hususlar\u0131n sorunsuz bir \u015fekilde y\u00fcr\u00fct\u00fclmesini sa\u011fl\u0131yoruz.<\/span><\/p>\n<p class=\"my-0\"><strong>&nbsp;<\/strong><\/p>\n<p class=\"my-0\"><strong>Sizin i\u00e7in hizmetlerimiz:<\/strong><\/p>\n<ul class=\"marker:text-textOff list-disc\">\n<li>\n<p class=\"my-0\">Ses, video ve ayd\u0131nlatma teknolojisi<\/p>\n<\/li>\n<li>\n<p class=\"my-0\">Ak\u0131\u015f ve hibrit \u00e7\u00f6z\u00fcmler<\/p>\n<\/li>\n<li>\n<p class=\"my-0\">Etkinlikler i\u00e7in BT \u00e7\u00f6z\u00fcmleri<\/p>\n<\/li>\n<li>\n<p class=\"my-0\">Sahada teknik dan\u0131\u015fmanl\u0131k ve destek<\/p>\n<\/li>\n<\/ul>\n<p class=\"my-0\">Deneyimli bir ekip olarak, ihtiya\u00e7lar\u0131n\u0131z\u0131 verimli bir \u015fekilde ger\u00e7ekle\u015ftirmek i\u00e7in sizinle yak\u0131n i\u015fbirli\u011fi i\u00e7inde \u00e7al\u0131\u015f\u0131yoruz. Bu sayede biz teknolojiyle ilgilenirken siz de tamamen m\u00fc\u015fterilerinize odaklanabilirsiniz.<\/p>\t\t\t\t\t\t\t\t<\/div>\n\t\t\t\t<\/div>\n\t\t\t\t\t<\/div>\n\t\t\t\t<\/div>\n\t\t<div data-particle_enable=\"false\" data-particle-mobile-disabled=\"false\" class=\"elementor-element elementor-element-455c20b e-flex e-con-boxed e-con e-parent\" data-id=\"455c20b\" data-element_type=\"container\" data-settings=\"{&quot;animation&quot;:&quot;none&quot;}\">\n\t\t\t\t\t<div class=\"e-con-inner\">\n\t\t\t\t<div class=\"elementor-element elementor-element-7734196 elementor-widget elementor-widget-heading\" data-id=\"7734196\" data-element_type=\"widget\" data-settings=\"{&quot;_animation&quot;:&quot;none&quot;}\" data-widget_type=\"heading.default\">\n\t\t\t\t<div class=\"elementor-widget-container\">\n\t\t\t\t\t<h2 class=\"elementor-heading-title elementor-size-default\">S\u0131k kar\u015f\u0131la\u015f\u0131lan konular<\/h2>\t\t\t\t<\/div>\n\t\t\t\t<\/div>\n\t\t\t\t<div class=\"elementor-element elementor-element-1e5ddfb elementor-widget__width-inherit smart-post-list-4-col elementor-widget elementor-widget-eael-post-list\" data-id=\"1e5ddfb\" data-element_type=\"widget\" data-settings=\"{&quot;_animation&quot;:&quot;none&quot;}\" data-widget_type=\"eael-post-list.default\">\n\t\t\t\t<div class=\"elementor-widget-container\">\n\t\t\t\t\t<div class=\"eael-post-list-container advanced layout-advanced\"><div class=\"eael-post-list-wrap\"><div class=\"eael-post-list-posts-wrap eael-post-appender eael-post-appender-1e5ddfb\"><div class=\"eael-post-list-post\"><div class=\"eael-post-list-post-inner\"><div class=\"eael-post-list-thumbnail\"><a href=\"https:\/\/konferenztechnik.de\/tr\/akis\/\">\n                <img decoding=\"async\" src=\"https:\/\/konferenztechnik.de\/wp-content\/uploads\/2023\/04\/streaming-hosting-events-jpg.webp\" alt=\"Bir konferans salonunda etkinlik teknisyenleri ile ses kontrol\u00fc ve video y\u00f6netimi, \u00f6n\u00fcnde birka\u00e7 kez &quot;Live - Live - Live&quot; yaz\u0131s\u0131 ile\" title=\"\">\n            <\/a><\/div><div class=\"eael-post-list-content\"><h3 class=\"eael-post-list-title\"><a href=\"https:\/\/konferenztechnik.de\/tr\/akis\/\" >Ak\u0131\u015f ve bar\u0131nd\u0131rma<\/a><\/h3><p>Canl\u0131 ve video i\u00e7erik ak\u0131\u015f\u0131, ar\u015fivleme ve sunucularda ve video platformlar\u0131nda sa\u011flama<\/p><a href=\"https:\/\/konferenztechnik.de\/tr\/akis\/\" class=\"eael-post-elements-readmore-btn\" >\u203a daha fazla<\/a><div class=\"boxed-meta\"><\/div><\/div><\/div><\/div><div class=\"eael-post-list-post\"><div class=\"eael-post-list-post-inner\"><div class=\"eael-post-list-thumbnail\"><a href=\"https:\/\/konferenztechnik.de\/tr\/etkinlikler-icin-acilis-sayfalari-sanal-etkinlik-platformlari\/\">\n                <img decoding=\"async\" src=\"https:\/\/konferenztechnik.de\/wp-content\/uploads\/2023\/03\/landingpage-beitrag.jpg\" alt=\"\" title=\"\">\n            <\/a><\/div><div class=\"eael-post-list-content\"><h3 class=\"eael-post-list-title\"><a href=\"https:\/\/konferenztechnik.de\/tr\/etkinlikler-icin-acilis-sayfalari-sanal-etkinlik-platformlari\/\" >Etkinlikler i\u00e7in a\u00e7\u0131l\u0131\u015f sayfalar\u0131, sanal etkinlik platformlar\u0131<\/a><\/h3><p>Etkinlikler i\u00e7in a\u00e7\u0131l\u0131\u015f sayfalar\u0131, sanal etkinlik platformlar\u0131 Temel paket a\u015fa\u011f\u0131daki unsurlardan olu\u015fur...<\/p><a href=\"https:\/\/konferenztechnik.de\/tr\/etkinlikler-icin-acilis-sayfalari-sanal-etkinlik-platformlari\/\" class=\"eael-post-elements-readmore-btn\" >\u203a daha fazla<\/a><div class=\"boxed-meta\"><\/div><\/div><\/div><\/div><div class=\"eael-post-list-post\"><div class=\"eael-post-list-post-inner\"><div class=\"eael-post-list-thumbnail\"><a href=\"https:\/\/konferenztechnik.de\/tr\/pcs-konferans-salonu-paketleri%cc%87-uygun-kosullarda-modern-hi%cc%87bri%cc%87t-konferans-salonlari\/\">\n                <img decoding=\"async\" src=\"https:\/\/konferenztechnik.de\/wp-content\/uploads\/2023\/03\/konferenzraum-bundles.jpg\" alt=\"\" title=\"\">\n            <\/a><\/div><div class=\"eael-post-list-content\"><h3 class=\"eael-post-list-title\"><a href=\"https:\/\/konferenztechnik.de\/tr\/pcs-konferans-salonu-paketleri%cc%87-uygun-kosullarda-modern-hi%cc%87bri%cc%87t-konferans-salonlari\/\" >Konferans odas\u0131 paketleri<\/a><\/h3><p>\u0130nteraktif, hibrit kablosuz ve esnek toplant\u0131 odalar\u0131 5.000 Euro'dan ba\u015flayan fiyatlarla<\/p><a href=\"https:\/\/konferenztechnik.de\/tr\/pcs-konferans-salonu-paketleri%cc%87-uygun-kosullarda-modern-hi%cc%87bri%cc%87t-konferans-salonlari\/\" class=\"eael-post-elements-readmore-btn\" >\u203a daha fazla<\/a><div class=\"boxed-meta\"><\/div><\/div><\/div><\/div><div class=\"eael-post-list-post\"><div class=\"eael-post-list-post-inner\"><div class=\"eael-post-list-thumbnail\"><a href=\"https:\/\/konferenztechnik.de\/tr\/microsoft-eki%cc%87pleri%cc%87yle-konferanslar\/\">\n                <img decoding=\"async\" src=\"https:\/\/konferenztechnik.de\/wp-content\/uploads\/2023\/03\/konferenzen-ms-teams.jpg\" alt=\"\" title=\"\">\n            <\/a><\/div><div class=\"eael-post-list-content\"><h3 class=\"eael-post-list-title\"><a href=\"https:\/\/konferenztechnik.de\/tr\/microsoft-eki%cc%87pleri%cc%87yle-konferanslar\/\" >Microsoft Teams ile Konferanslar<\/a><\/h3><p>MS Teams art\u0131k \u00e7ok dilli ve \"Simultane terc\u00fcme\" i\u015flevine de sahip<\/p><a href=\"https:\/\/konferenztechnik.de\/tr\/microsoft-eki%cc%87pleri%cc%87yle-konferanslar\/\" class=\"eael-post-elements-readmore-btn\" >\u203a daha fazla<\/a><div class=\"boxed-meta\"><\/div><\/div><\/div><\/div><div class=\"eael-post-list-post\"><div class=\"eael-post-list-post-inner\"><div class=\"eael-post-list-thumbnail\"><a href=\"https:\/\/konferenztechnik.de\/tr\/interaktif-ekranlar-beyaz-tahtalar-flipchartlar\/\">\n                <img decoding=\"async\" src=\"https:\/\/konferenztechnik.de\/wp-content\/uploads\/2023\/04\/i3-displays-whiteboards-flipcharts-jpg.webp\" alt=\"2 adet hareketli tripod \u00fczerinde I3 marka ekran\" title=\"\">\n            <\/a><\/div><div class=\"eael-post-list-content\"><h3 class=\"eael-post-list-title\"><a href=\"https:\/\/konferenztechnik.de\/tr\/interaktif-ekranlar-beyaz-tahtalar-flipchartlar\/\" >\u0130nteraktif ekranlar, beyaz tahtalar, flipchartlar<\/a><\/h3><p>Dokunmatik ekranlar, beyaz tahtalar ve dijital flipchartlar i\u00e7in ilk tercihimiz genellikle i3-Technologies oluyor.<\/p><a href=\"https:\/\/konferenztechnik.de\/tr\/interaktif-ekranlar-beyaz-tahtalar-flipchartlar\/\" class=\"eael-post-elements-readmore-btn\" >\u203a daha fazla<\/a><div class=\"boxed-meta\"><\/div><\/div><\/div><\/div><div class=\"eael-post-list-post\"><div class=\"eael-post-list-post-inner\"><div class=\"eael-post-list-thumbnail\"><a href=\"https:\/\/konferenztechnik.de\/tr\/video-konferans-icin-hibrit-toplanti-odalari-2\/\">\n                <img decoding=\"async\" src=\"https:\/\/konferenztechnik.de\/wp-content\/uploads\/2023\/03\/hybride-besprechungsraeume.jpg\" alt=\"\" title=\"\">\n            <\/a><\/div><div class=\"eael-post-list-content\"><h3 class=\"eael-post-list-title\"><a href=\"https:\/\/konferenztechnik.de\/tr\/video-konferans-icin-hibrit-toplanti-odalari-2\/\" >Video konferans i\u00e7in hibrit toplant\u0131 odalar\u0131<\/a><\/h3><p>Odada ve ba\u011fl\u0131 kat\u0131l\u0131mc\u0131lar i\u00e7in optimum ko\u015fullar ve uyumlu kullan\u0131m...<\/p><a href=\"https:\/\/konferenztechnik.de\/tr\/video-konferans-icin-hibrit-toplanti-odalari-2\/\" class=\"eael-post-elements-readmore-btn\" >\u203a daha fazla<\/a><div class=\"boxed-meta\"><\/div><\/div><\/div><\/div><div class=\"eael-post-list-post\"><div class=\"eael-post-list-post-inner\"><div class=\"eael-post-list-thumbnail\"><a href=\"https:\/\/konferenztechnik.de\/tr\/eri%cc%87si%cc%87lebi%cc%87li%cc%87rli%cc%87k-etki%cc%87nli%cc%87kleri%cc%87-tekni%cc%87k-coezuemler-danismanlik-uygulama\/\">\n                <img decoding=\"async\" src=\"https:\/\/konferenztechnik.de\/wp-content\/uploads\/2023\/03\/barrierefreie-events.jpg\" alt=\"Eri\u015filebilirlik sembol\u00fc\" title=\"\">\n            <\/a><\/div><div class=\"eael-post-list-content\"><h3 class=\"eael-post-list-title\"><a href=\"https:\/\/konferenztechnik.de\/tr\/eri%cc%87si%cc%87lebi%cc%87li%cc%87rli%cc%87k-etki%cc%87nli%cc%87kleri%cc%87-tekni%cc%87k-coezuemler-danismanlik-uygulama\/\" >Eri\u015filebilirlik<\/a><\/h3><p>Etkinlikler ve dijital ileti\u015fim i\u00e7in: Dan\u0131\u015fmanl\u0131k, uygulama: Etkinlikler, fonksiyonlar, dijital ileti\u015fim...<\/p><a href=\"https:\/\/konferenztechnik.de\/tr\/eri%cc%87si%cc%87lebi%cc%87li%cc%87rli%cc%87k-etki%cc%87nli%cc%87kleri%cc%87-tekni%cc%87k-coezuemler-danismanlik-uygulama\/\" class=\"eael-post-elements-readmore-btn\" >\u203a daha fazla<\/a><div class=\"boxed-meta\"><\/div><\/div><\/div><\/div><div class=\"eael-post-list-post\"><div class=\"eael-post-list-post-inner\"><div class=\"eael-post-list-thumbnail\"><a href=\"https:\/\/konferenztechnik.de\/tr\/av-ses-ve-goeruentue-eki%cc%87pmani-ki%cc%87ralama-satin-alma-kurulum-ki%cc%87ralama\/\">\n                <img decoding=\"async\" src=\"https:\/\/konferenztechnik.de\/wp-content\/uploads\/2023\/03\/audio-und-videotechnik-mieten-kaufen-installieren-1024x614.avif\" alt=\"ses-video-teknolojisi-kirala-sat\u0131n al-kur\" title=\"\">\n            <\/a><\/div><div class=\"eael-post-list-content\"><h3 class=\"eael-post-list-title\"><a href=\"https:\/\/konferenztechnik.de\/tr\/av-ses-ve-goeruentue-eki%cc%87pmani-ki%cc%87ralama-satin-alma-kurulum-ki%cc%87ralama\/\" >AV: Ses ve video teknolojisi<\/a><\/h3><p>Mikrofonlar, genel seslendirme teknolojisi, k\u00fcrs\u00fcler, telefon hibritleri, bas\u0131n da\u011f\u0131t\u0131c\u0131lar\u0131, steno kay\u0131t yaz\u0131l\u0131m\u0131...<\/p><a href=\"https:\/\/konferenztechnik.de\/tr\/av-ses-ve-goeruentue-eki%cc%87pmani-ki%cc%87ralama-satin-alma-kurulum-ki%cc%87ralama\/\" class=\"eael-post-elements-readmore-btn\" >\u203a daha fazla<\/a><div class=\"boxed-meta\"><\/div><\/div><\/div><\/div><\/div><\/div>\n\t\t<\/div>\t\t\t\t<\/div>\n\t\t\t\t<\/div>\n\t\t\t\t\t<\/div>\n\t\t\t\t<\/div>\n\t\t<div data-particle_enable=\"false\" data-particle-mobile-disabled=\"false\" class=\"elementor-element elementor-element-eaddbcf e-flex e-con-boxed e-con e-parent\" data-id=\"eaddbcf\" data-element_type=\"container\">\n\t\t\t\t\t<div class=\"e-con-inner\">\n\t\t\t\t<div class=\"elementor-element elementor-element-16f26b9 elementor-widget__width-inherit elementor-widget elementor-widget-heading\" data-id=\"16f26b9\" data-element_type=\"widget\" data-widget_type=\"heading.default\">\n\t\t\t\t<div class=\"elementor-widget-container\">\n\t\t\t\t\t<h2 class=\"elementor-heading-title elementor-size-default\">Referanslar: Ajanslar<\/h2>\t\t\t\t<\/div>\n\t\t\t\t<\/div>\n\t\t\t\t<div class=\"elementor-element elementor-element-b211c26 elementor-widget__width-inherit elementor-widget elementor-widget-text-editor\" data-id=\"b211c26\" data-element_type=\"widget\" data-widget_type=\"text-editor.default\">\n\t\t\t\t<div class=\"elementor-widget-container\">\n\t\t\t\t\t\t\t\t\t<ul><li>a1kommunikation Schweizer GmbH<\/li><li>Ajans Medienlabor<\/li><li>BESL Etkinlik Ajans\u0131 GmbH &amp; Co. KG<\/li><li>BRANDATMOSPHERE Medienkommunikation GmbH<\/li><li>Alman Enerji Ajans\u0131 GmbH<\/li><li>dpa Alman Bas\u0131n Ajans\u0131<\/li><li>greenstorming GmbH S\u00fcrd\u00fcr\u00fclebilir Etkinlik Y\u00f6netimi Ajans\u0131<\/li><li>ICE \u2013 \u0130talyan D\u0131\u015f Ticaret Ajans\u0131<\/li><li>jaeger + haeckerhase GmbH \u0130nsanlar ve markalar i\u00e7in ileti\u015fim<\/li><li>kaiko ajans<\/li><li>l\u00f6wenholz i\u0307leti\u0307\u015fi\u0307m<\/li><li>marqueur GmbH Canl\u0131 \u0130leti\u015fim Ajans\u0131<\/li><li>Meddewader Proje Ajans\u0131 GmbH<\/li><li>meder. agency for events and communication gmbh<\/li><li>N\u00f6lting GmbH \u2013 Kurumsal \u0130leti\u015fim Ajans\u0131<\/li><li>THE BIG PICTURE AGENCY LTD<\/li><li>trendhouse event marketing GmbH<\/li><li>Wundermacher Agency for Events, Promotions &amp; Training GmbH<\/li><li>Zweite Heimat GmbH Canl\u0131 \u0130leti\u015fim Ajans\u0131<\/li><\/ul>\t\t\t\t\t\t\t\t<\/div>\n\t\t\t\t<\/div>\n\t\t\t\t<div class=\"elementor-element elementor-element-f277dec elementor-icon-list--layout-traditional elementor-list-item-link-full_width elementor-widget elementor-widget-icon-list\" data-id=\"f277dec\" data-element_type=\"widget\" data-widget_type=\"icon-list.default\">\n\t\t\t\t<div class=\"elementor-widget-container\">\n\t\t\t\t\t\t\t<ul class=\"elementor-icon-list-items\">\n\t\t\t\t\t\t\t<li class=\"elementor-icon-list-item\">\n\t\t\t\t\t\t\t\t\t\t\t<a href=\"\/tr\/referanslar\/\">\n\n\t\t\t\t\t\t\t\t\t\t\t\t<span class=\"elementor-icon-list-icon\">\n\t\t\t\t\t\t\t<svg aria-hidden=\"true\" class=\"e-font-icon-svg e-fas-chevron-right\" viewbox=\"0 0 320 512\" xmlns=\"http:\/\/www.w3.org\/2000\/svg\"><path d=\"M285.476 272.971L91.132 467.314c-9.373 9.373-24.569 9.373-33.941 0l-22.667-22.667c-9.357-9.357-9.375-24.522-.04-33.901L188.505 256 34.484 101.255c-9.335-9.379-9.317-24.544.04-33.901l22.667-22.667c9.373-9.373 24.569-9.373 33.941 0L285.475 239.03c9.373 9.372 9.373 24.568.001 33.941z\"><\/path><\/svg>\t\t\t\t\t\t<\/span>\n\t\t\t\t\t\t\t\t\t\t<span class=\"elementor-icon-list-text\">Di\u011fer referanslar<\/span>\n\t\t\t\t\t\t\t\t\t\t\t<\/a>\n\t\t\t\t\t\t\t\t\t<\/li>\n\t\t\t\t\t\t<\/ul>\n\t\t\t\t\t\t<\/div>\n\t\t\t\t<\/div>\n\t\t\t\t\t<\/div>\n\t\t\t\t<\/div>\n\t\t<div data-particle_enable=\"false\" data-particle-mobile-disabled=\"false\" class=\"elementor-element elementor-element-e62a659 e-flex e-con-boxed e-con e-parent\" data-id=\"e62a659\" data-element_type=\"container\">\n\t\t\t\t\t<div class=\"e-con-inner\">\n\t\t\t\t<div class=\"elementor-element elementor-element-53f5abf elementor-widget elementor-widget-shortcode\" data-id=\"53f5abf\" data-element_type=\"widget\" data-widget_type=\"shortcode.default\">\n\t\t\t\t<div class=\"elementor-widget-container\">\n\t\t\t\t\t\t\t<div class=\"elementor-shortcode\"><\/div>\n\t\t\t\t\t\t<\/div>\n\t\t\t\t<\/div>\n\t\t\t\t\t<\/div>\n\t\t\t\t<\/div>\n\t\t<div data-particle_enable=\"false\" data-particle-mobile-disabled=\"false\" class=\"elementor-element elementor-element-14d115f e-flex e-con-boxed e-con e-parent\" data-id=\"14d115f\" data-element_type=\"container\">\n\t\t\t\t\t<div class=\"e-con-inner\">\n\t\t\t\t<div class=\"elementor-element elementor-element-0f53c4b elementor-widget elementor-widget-shortcode\" data-id=\"0f53c4b\" data-element_type=\"widget\" data-widget_type=\"shortcode.default\">\n\t\t\t\t<div class=\"elementor-widget-container\">\n\t\t\t\t\t\t\t<div class=\"elementor-shortcode\"><\/div>\n\t\t\t\t\t\t<\/div>\n\t\t\t\t<\/div>\n\t\t\t\t\t<\/div>\n\t\t\t\t<\/div>\n\t\t\t\t<\/div>","protected":false},"excerpt":{"rendered":"<p>Ajanslar Ajanslar: Entegrasyon yoluyla ba\u015far\u0131 Etkinlik ajanslar\u0131n\u0131 \u2013 etkinliklerinin teknik olarak ger\u00e7ekle\u015ftirilmesinde g\u00fcvenilir, esnek ve profesyonel bir \u015fekilde destekliyoruz. Planlamadan ger\u00e7ekle\u015ftirmeye kadar bir ortak olarak yan\u0131n\u0131zday\u0131z ve t\u00fcm teknik hususlar\u0131n sorunsuz bir \u015fekilde i\u015flemesini sa\u011fl\u0131yoruz.   Sizin i\u00e7in hizmetlerimiz: Ses, video ve ayd\u0131nlatma teknolojisi Ak\u0131\u015f ve hibrit \u00e7\u00f6z\u00fcmler [...] i\u00e7in BT \u00e7\u00f6z\u00fcmleri<\/p>","protected":false},"author":2,"featured_media":45482,"parent":0,"menu_order":0,"comment_status":"closed","ping_status":"closed","template":"","meta":{"_acf_changed":false,"footnotes":""},"class_list":["post-24860","page","type-page","status-publish","has-post-thumbnail","hentry"],"acf":[],"_links":{"self":[{"href":"https:\/\/konferenztechnik.de\/tr\/wp-json\/wp\/v2\/pages\/24860","targetHints":{"allow":["GET"]}}],"collection":[{"href":"https:\/\/konferenztechnik.de\/tr\/wp-json\/wp\/v2\/pages"}],"about":[{"href":"https:\/\/konferenztechnik.de\/tr\/wp-json\/wp\/v2\/types\/page"}],"author":[{"embeddable":true,"href":"https:\/\/konferenztechnik.de\/tr\/wp-json\/wp\/v2\/users\/2"}],"replies":[{"embeddable":true,"href":"https:\/\/konferenztechnik.de\/tr\/wp-json\/wp\/v2\/comments?post=24860"}],"version-history":[{"count":0,"href":"https:\/\/konferenztechnik.de\/tr\/wp-json\/wp\/v2\/pages\/24860\/revisions"}],"wp:featuredmedia":[{"embeddable":true,"href":"https:\/\/konferenztechnik.de\/tr\/wp-json\/wp\/v2\/media\/45482"}],"wp:attachment":[{"href":"https:\/\/konferenztechnik.de\/tr\/wp-json\/wp\/v2\/media?parent=24860"}],"curies":[{"name":"wp","href":"https:\/\/api.w.org\/{rel}","templated":true}]}}