{"id":24878,"date":"2023-04-18T11:03:15","date_gmt":"2023-04-18T09:03:15","guid":{"rendered":"http:\/\/dev.konferenztechnik.de\/?page_id=24878"},"modified":"2026-01-13T21:38:08","modified_gmt":"2026-01-13T20:38:08","slug":"bt-sirketi","status":"publish","type":"page","link":"https:\/\/konferenztechnik.de\/tr\/bt-sirketi\/","title":{"rendered":"BT \u015firketi"},"content":{"rendered":"<div data-elementor-type=\"wp-page\" data-elementor-id=\"24878\" class=\"elementor elementor-24878\" data-elementor-post-type=\"page\">\n\t\t\t\t<div data-particle_enable=\"false\" data-particle-mobile-disabled=\"false\" class=\"elementor-element elementor-element-d8aba58 e-flex e-con-boxed e-con e-parent\" data-id=\"d8aba58\" data-element_type=\"container\">\n\t\t\t\t\t<div class=\"e-con-inner\">\n\t\t\t\t<div class=\"elementor-element elementor-element-366d4e5 elementor-widget__width-inherit elementor-widget elementor-widget-heading\" data-id=\"366d4e5\" data-element_type=\"widget\" data-widget_type=\"heading.default\">\n\t\t\t\t<div class=\"elementor-widget-container\">\n\t\t\t\t\t<h1 class=\"elementor-heading-title elementor-size-default\">BT \u015firketi<\/h1>\t\t\t\t<\/div>\n\t\t\t\t<\/div>\n\t\t\t\t<div class=\"elementor-element elementor-element-e4b6b7a elementor-widget elementor-widget-image\" data-id=\"e4b6b7a\" data-element_type=\"widget\" data-widget_type=\"image.default\">\n\t\t\t\t<div class=\"elementor-widget-container\">\n\t\t\t\t\t\t\t\t\t\t\t\t\t\t\t<img fetchpriority=\"high\" decoding=\"async\" width=\"1300\" height=\"486\" src=\"https:\/\/konferenztechnik.de\/wp-content\/uploads\/2023\/04\/it-unternehmen.jpg\" class=\"attachment-full size-full wp-image-24879\" alt=\"Bir BT teknisyeni LAN kablolar\u0131n\u0131 bilgisayarlarla dolu bir duvara tak\u0131yor\" srcset=\"https:\/\/konferenztechnik.de\/wp-content\/uploads\/2023\/04\/it-unternehmen.jpg 1300w, https:\/\/konferenztechnik.de\/wp-content\/uploads\/2023\/04\/it-unternehmen-300x112.jpg 300w, https:\/\/konferenztechnik.de\/wp-content\/uploads\/2023\/04\/it-unternehmen-1024x383.jpg 1024w, https:\/\/konferenztechnik.de\/wp-content\/uploads\/2023\/04\/it-unternehmen-768x287.jpg 768w, https:\/\/konferenztechnik.de\/wp-content\/uploads\/2023\/04\/it-unternehmen-18x7.jpg 18w\" sizes=\"(max-width: 1300px) 100vw, 1300px\" title=\"\">\t\t\t\t\t\t\t\t\t\t\t\t\t\t\t<\/div>\n\t\t\t\t<\/div>\n\t\t\t\t\t<\/div>\n\t\t\t\t<\/div>\n\t\t<div data-particle_enable=\"false\" data-particle-mobile-disabled=\"false\" class=\"elementor-element elementor-element-9deafd4 e-flex e-con-boxed e-con e-parent\" data-id=\"9deafd4\" data-element_type=\"container\">\n\t\t\t\t\t<div class=\"e-con-inner\">\n\t\t\t\t<div class=\"elementor-element elementor-element-66ea8b4 elementor-widget elementor-widget-heading\" data-id=\"66ea8b4\" data-element_type=\"widget\" data-settings=\"{&quot;_animation&quot;:&quot;none&quot;}\" data-widget_type=\"heading.default\">\n\t\t\t\t<div class=\"elementor-widget-container\">\n\t\t\t\t\t<h2 class=\"elementor-heading-title elementor-size-default\">AV over IP: Etkinlik ve medya teknolojisinin gelece\u011fi<\/h2>\t\t\t\t<\/div>\n\t\t\t\t<\/div>\n\t\t\t\t<div class=\"elementor-element elementor-element-d16fcf6 elementor-widget__width-inherit elementor-widget elementor-widget-text-editor\" data-id=\"d16fcf6\" data-element_type=\"widget\" data-widget_type=\"text-editor.default\">\n\t\t\t\t<div class=\"elementor-widget-container\">\n\t\t\t\t\t\t\t\t\t<p>AV medya teknolojisinin gelece\u011fi a\u011f tabanl\u0131d\u0131r. Bu de\u011fi\u015fim y\u0131llard\u0131r devam etmekte ve kendini kan\u0131tlam\u0131\u015ft\u0131r. Modern etkinlik ve medya teknolojisinde, ses, video ve kontrol sinyalleri IP a\u011flar\u0131 \u00fczerinden en y\u00fcksek kalitede iletilir. AV over IP, IT ve a\u011f teknolojisinin yerle\u015fik standartlar\u0131n\u0131 kullan\u0131r ve esnek, \u00f6l\u00e7eklenebilir ve y\u00fcksek performansl\u0131 AV altyap\u0131lar\u0131 sa\u011flar.<\/p><p>G\u00fcn\u00fcm\u00fczde modern ses ve g\u00f6r\u00fcnt\u00fc teknolojisi cihazlar\u0131, IT tabanl\u0131 sistemlerdir. Buna ba\u011fl\u0131 olarak, uzman personele y\u00f6nelik gereksinimler de de\u011fi\u015fmektedir: AV teknisyenleri, giderek daha fazla IT ve a\u011f teknolojisi ile kesi\u015fen alanlarda \u00e7al\u0131\u015fmaktad\u0131r. Ayn\u0131 zamanda, IT alan\u0131ndan gelen i\u015fverenlerin say\u0131s\u0131 da giderek artmakta ve bu da AV ve IT d\u00fcnyalar\u0131n\u0131n birbirine daha da yak\u0131nla\u015fmas\u0131na neden olmaktad\u0131r.<\/p><p>Bu teknolojik de\u011fi\u015fimi tutarl\u0131 bir \u015fekilde destekliyoruz ve bu alanda kaynak verimlili\u011fi ve s\u00fcrd\u00fcr\u00fclebilirlik i\u00e7in b\u00fcy\u00fck bir potansiyel g\u00f6r\u00fcyoruz. Merkezi sistemler, sanalla\u015ft\u0131r\u0131lm\u0131\u015f altyap\u0131 ve ak\u0131ll\u0131 a\u011f teknolojisi, ye\u015fil veri merkezlerinden i\u015fletimde s\u00fcrd\u00fcr\u00fclebilir AV teknolojisine kadar enerji ve kaynak tasarrufu sa\u011flayan bir AV mimarisi \u2013'yi m\u00fcmk\u00fcn k\u0131l\u0131yor.<\/p><p>Stratejik y\u00f6nelimimizde, \u00f6nde gelen teknoloji \u015firketlerinin geli\u015fmelerini takip ediyoruz. M\u00fc\u015fterilerimizin ve proje ortaklar\u0131m\u0131z\u0131n gelecekte IT ve dijitalle\u015fme alan\u0131ndan daha fazla gelmeye devam edece\u011fini ve AV over IP'yi profesyonel etkinlik ve medya teknolojisinde standart olarak yerle\u015ftirece\u011fini \u00f6ng\u00f6r\u00fcyoruz.<\/p>\t\t\t\t\t\t\t\t<\/div>\n\t\t\t\t<\/div>\n\t\t\t\t\t<\/div>\n\t\t\t\t<\/div>\n\t\t<div data-particle_enable=\"false\" data-particle-mobile-disabled=\"false\" class=\"elementor-element elementor-element-455c20b e-flex e-con-boxed e-con e-parent\" data-id=\"455c20b\" data-element_type=\"container\" data-settings=\"{&quot;animation&quot;:&quot;none&quot;}\">\n\t\t\t\t\t<div class=\"e-con-inner\">\n\t\t\t\t<div class=\"elementor-element elementor-element-7734196 elementor-widget elementor-widget-heading\" data-id=\"7734196\" data-element_type=\"widget\" data-settings=\"{&quot;_animation&quot;:&quot;none&quot;}\" data-widget_type=\"heading.default\">\n\t\t\t\t<div class=\"elementor-widget-container\">\n\t\t\t\t\t<h2 class=\"elementor-heading-title elementor-size-default\">S\u0131k kar\u015f\u0131la\u015f\u0131lan konular<\/h2>\t\t\t\t<\/div>\n\t\t\t\t<\/div>\n\t\t\t\t<div class=\"elementor-element elementor-element-1e5ddfb elementor-widget__width-inherit smart-post-list-4-col elementor-widget elementor-widget-eael-post-list\" data-id=\"1e5ddfb\" data-element_type=\"widget\" data-settings=\"{&quot;_animation&quot;:&quot;none&quot;}\" data-widget_type=\"eael-post-list.default\">\n\t\t\t\t<div class=\"elementor-widget-container\">\n\t\t\t\t\t<div class=\"eael-post-list-container advanced layout-advanced\"><div class=\"eael-post-list-wrap\"><div class=\"eael-post-list-posts-wrap eael-post-appender eael-post-appender-1e5ddfb\"><div class=\"eael-post-list-post\"><div class=\"eael-post-list-post-inner\"><div class=\"eael-post-list-thumbnail\"><a href=\"https:\/\/konferenztechnik.de\/tr\/guec-kaynaginin-akilli-kontrolue-uzaktan-guec-anahtari\/\">\n                <img decoding=\"async\" src=\"https:\/\/konferenztechnik.de\/wp-content\/uploads\/2023\/03\/green-conferenceroom.jpg\" alt=\"\" title=\"\">\n            <\/a><\/div><div class=\"eael-post-list-content\"><h3 class=\"eael-post-list-title\"><a href=\"https:\/\/konferenztechnik.de\/tr\/guec-kaynaginin-akilli-kontrolue-uzaktan-guec-anahtari\/\" >Uzaktan g\u00fc\u00e7 anahtar\u0131 ile ak\u0131ll\u0131 g\u00fc\u00e7 kayna\u011f\u0131 kontrol\u00fc \u2013<\/a><\/h3><p>Uzaktan G\u00fc\u00e7 Anahtar\u0131 ile ak\u0131ll\u0131 g\u00fc\u00e7 kayna\u011f\u0131 kontrol\u00fc \u2013 Uzaktan G\u00fc\u00e7 Anahtar\u0131: G\u00fc\u00e7 kayna\u011f\u0131...<\/p><a href=\"https:\/\/konferenztechnik.de\/tr\/guec-kaynaginin-akilli-kontrolue-uzaktan-guec-anahtari\/\" class=\"eael-post-elements-readmore-btn\" >\u203a daha fazla<\/a><div class=\"boxed-meta\"><\/div><\/div><\/div><\/div><div class=\"eael-post-list-post\"><div class=\"eael-post-list-post-inner\"><div class=\"eael-post-list-thumbnail\"><a href=\"https:\/\/konferenztechnik.de\/tr\/akis\/\">\n                <img decoding=\"async\" src=\"https:\/\/konferenztechnik.de\/wp-content\/uploads\/2023\/04\/streaming-hosting-events-jpg.webp\" alt=\"Bir konferans salonunda etkinlik teknisyenleri ile ses kontrol\u00fc ve video y\u00f6netimi, \u00f6n\u00fcnde birka\u00e7 kez &quot;Live - Live - Live&quot; yaz\u0131s\u0131 ile\" title=\"\">\n            <\/a><\/div><div class=\"eael-post-list-content\"><h3 class=\"eael-post-list-title\"><a href=\"https:\/\/konferenztechnik.de\/tr\/akis\/\" >Ak\u0131\u015f ve bar\u0131nd\u0131rma<\/a><\/h3><p>Canl\u0131 ve video i\u00e7erik ak\u0131\u015f\u0131, ar\u015fivleme ve sunucularda ve video platformlar\u0131nda sa\u011flama<\/p><a href=\"https:\/\/konferenztechnik.de\/tr\/akis\/\" class=\"eael-post-elements-readmore-btn\" >\u203a daha fazla<\/a><div class=\"boxed-meta\"><\/div><\/div><\/div><\/div><div class=\"eael-post-list-post\"><div class=\"eael-post-list-post-inner\"><div class=\"eael-post-list-thumbnail\"><a href=\"https:\/\/konferenztechnik.de\/tr\/suerdueruelebi%cc%87li%cc%87r-tedari%cc%87k-medya-konferansi-ve-bi%cc%87li%cc%87si%cc%87m-teknoloji%cc%87leri%cc%87\/\">\n                <img decoding=\"async\" src=\"https:\/\/konferenztechnik.de\/wp-content\/uploads\/2022\/06\/nachhaltige-konferezraeume-jpg.webp\" alt=\"Ses yal\u0131t\u0131ml\u0131 ve \u015f\u0131k bir cam binada, bir salonun i\u00e7inde k\u00fc\u00e7\u00fck, \u0131\u015f\u0131k alan bir ofis\" title=\"\">\n            <\/a><\/div><div class=\"eael-post-list-content\"><h3 class=\"eael-post-list-title\"><a href=\"https:\/\/konferenztechnik.de\/tr\/suerdueruelebi%cc%87li%cc%87r-tedari%cc%87k-medya-konferansi-ve-bi%cc%87li%cc%87si%cc%87m-teknoloji%cc%87leri%cc%87\/\" >Medya, konferans ve BT teknolojisi i\u00e7in s\u00fcrd\u00fcr\u00fclebilir tedarik \u2013<\/a><\/h3><p>Ye\u015fil AV: Kavramsal ve teknik \u00e7\u00f6z\u00fcmler Yeni teknolojilerle enerji verimlili\u011fi ve optimize edilmi\u015f i\u015f yerleri...<\/p><a href=\"https:\/\/konferenztechnik.de\/tr\/suerdueruelebi%cc%87li%cc%87r-tedari%cc%87k-medya-konferansi-ve-bi%cc%87li%cc%87si%cc%87m-teknoloji%cc%87leri%cc%87\/\" class=\"eael-post-elements-readmore-btn\" >\u203a daha fazla<\/a><div class=\"boxed-meta\"><\/div><\/div><\/div><\/div><div class=\"eael-post-list-post\"><div class=\"eael-post-list-post-inner\"><div class=\"eael-post-list-thumbnail\"><a href=\"https:\/\/konferenztechnik.de\/tr\/pcs-konferans-salonu-paketleri%cc%87-uygun-kosullarda-modern-hi%cc%87bri%cc%87t-konferans-salonlari\/\">\n                <img decoding=\"async\" src=\"https:\/\/konferenztechnik.de\/wp-content\/uploads\/2023\/03\/konferenzraum-bundles.jpg\" alt=\"\" title=\"\">\n            <\/a><\/div><div class=\"eael-post-list-content\"><h3 class=\"eael-post-list-title\"><a href=\"https:\/\/konferenztechnik.de\/tr\/pcs-konferans-salonu-paketleri%cc%87-uygun-kosullarda-modern-hi%cc%87bri%cc%87t-konferans-salonlari\/\" >Konferans odas\u0131 paketleri<\/a><\/h3><p>\u0130nteraktif, hibrit kablosuz ve esnek toplant\u0131 odalar\u0131 5.000 Euro'dan ba\u015flayan fiyatlarla<\/p><a href=\"https:\/\/konferenztechnik.de\/tr\/pcs-konferans-salonu-paketleri%cc%87-uygun-kosullarda-modern-hi%cc%87bri%cc%87t-konferans-salonlari\/\" class=\"eael-post-elements-readmore-btn\" >\u203a daha fazla<\/a><div class=\"boxed-meta\"><\/div><\/div><\/div><\/div><div class=\"eael-post-list-post\"><div class=\"eael-post-list-post-inner\"><div class=\"eael-post-list-thumbnail\"><a href=\"https:\/\/konferenztechnik.de\/tr\/yesi%cc%87l-av-kavramsal-ve-tekni%cc%87k-coezuemler\/\">\n                <img decoding=\"async\" src=\"https:\/\/konferenztechnik.de\/wp-content\/uploads\/2023\/06\/green-av-konzepte.png\" alt=\"\" title=\"\">\n            <\/a><\/div><div class=\"eael-post-list-content\"><h3 class=\"eael-post-list-title\"><a href=\"https:\/\/konferenztechnik.de\/tr\/yesi%cc%87l-av-kavramsal-ve-tekni%cc%87k-coezuemler\/\" >Ye\u015fil AV: Kavramsal ve teknik \u00e7\u00f6z\u00fcmler<\/a><\/h3><p>Ye\u015fil AV: B\u00fcy\u00fck \u00f6l\u00e7ekli projeler i\u00e7in kavramsal ve teknik \u00e7\u00f6z\u00fcmler Ye\u015fil BT ve ye\u015fil ofis ve...<\/p><a href=\"https:\/\/konferenztechnik.de\/tr\/yesi%cc%87l-av-kavramsal-ve-tekni%cc%87k-coezuemler\/\" class=\"eael-post-elements-readmore-btn\" >\u203a daha fazla<\/a><div class=\"boxed-meta\"><\/div><\/div><\/div><\/div><\/div><\/div>\n\t\t<\/div>\t\t\t\t<\/div>\n\t\t\t\t<\/div>\n\t\t\t\t\t<\/div>\n\t\t\t\t<\/div>\n\t\t<div data-particle_enable=\"false\" data-particle-mobile-disabled=\"false\" class=\"elementor-element elementor-element-eaddbcf e-flex e-con-boxed e-con e-parent\" data-id=\"eaddbcf\" data-element_type=\"container\">\n\t\t\t\t\t<div class=\"e-con-inner\">\n\t\t\t\t<div class=\"elementor-element elementor-element-1f7d5a4 elementor-icon-list--layout-traditional elementor-list-item-link-full_width elementor-widget elementor-widget-icon-list\" data-id=\"1f7d5a4\" data-element_type=\"widget\" data-widget_type=\"icon-list.default\">\n\t\t\t\t<div class=\"elementor-widget-container\">\n\t\t\t\t\t\t\t<ul class=\"elementor-icon-list-items\">\n\t\t\t\t\t\t\t<li class=\"elementor-icon-list-item\">\n\t\t\t\t\t\t\t\t\t\t\t<a href=\"\/tr\/referanslar\/\">\n\n\t\t\t\t\t\t\t\t\t\t\t\t<span class=\"elementor-icon-list-icon\">\n\t\t\t\t\t\t\t<svg aria-hidden=\"true\" class=\"e-font-icon-svg e-fas-chevron-right\" viewbox=\"0 0 320 512\" xmlns=\"http:\/\/www.w3.org\/2000\/svg\"><path d=\"M285.476 272.971L91.132 467.314c-9.373 9.373-24.569 9.373-33.941 0l-22.667-22.667c-9.357-9.357-9.375-24.522-.04-33.901L188.505 256 34.484 101.255c-9.335-9.379-9.317-24.544.04-33.901l22.667-22.667c9.373-9.373 24.569-9.373 33.941 0L285.475 239.03c9.373 9.372 9.373 24.568.001 33.941z\"><\/path><\/svg>\t\t\t\t\t\t<\/span>\n\t\t\t\t\t\t\t\t\t\t<span class=\"elementor-icon-list-text\">Referanslar<\/span>\n\t\t\t\t\t\t\t\t\t\t\t<\/a>\n\t\t\t\t\t\t\t\t\t<\/li>\n\t\t\t\t\t\t<\/ul>\n\t\t\t\t\t\t<\/div>\n\t\t\t\t<\/div>\n\t\t\t\t\t<\/div>\n\t\t\t\t<\/div>\n\t\t<div data-particle_enable=\"false\" data-particle-mobile-disabled=\"false\" class=\"elementor-element elementor-element-97c330b e-flex e-con-boxed e-con e-parent\" data-id=\"97c330b\" data-element_type=\"container\">\n\t\t\t\t\t<div class=\"e-con-inner\">\n\t\t\t\t<div class=\"elementor-element elementor-element-b17fc3e elementor-widget elementor-widget-shortcode\" data-id=\"b17fc3e\" data-element_type=\"widget\" data-widget_type=\"shortcode.default\">\n\t\t\t\t<div class=\"elementor-widget-container\">\n\t\t\t\t\t\t\t<div class=\"elementor-shortcode\"><\/div>\n\t\t\t\t\t\t<\/div>\n\t\t\t\t<\/div>\n\t\t\t\t\t<\/div>\n\t\t\t\t<\/div>\n\t\t<div data-particle_enable=\"false\" data-particle-mobile-disabled=\"false\" class=\"elementor-element elementor-element-14d115f e-flex e-con-boxed e-con e-parent\" data-id=\"14d115f\" data-element_type=\"container\">\n\t\t\t\t\t<div class=\"e-con-inner\">\n\t\t\t\t<div class=\"elementor-element elementor-element-0f53c4b elementor-widget elementor-widget-shortcode\" data-id=\"0f53c4b\" data-element_type=\"widget\" data-widget_type=\"shortcode.default\">\n\t\t\t\t<div class=\"elementor-widget-container\">\n\t\t\t\t\t\t\t<div class=\"elementor-shortcode\"><\/div>\n\t\t\t\t\t\t<\/div>\n\t\t\t\t<\/div>\n\t\t\t\t\t<\/div>\n\t\t\t\t<\/div>\n\t\t\t\t<\/div>","protected":false},"excerpt":{"rendered":"<p>IT-Unternehmen AV over IP: Die Zukunft der Veranstaltungs- und Medientechnik Die Zukunft der AV-Medientechnik ist netzwerkbasiert. Dieser Wandel vollzieht sich seit Jahren und hat sich nachhaltig bew\u00e4hrt. In der modernen Veranstaltungs- und Medientechnik werden Audio-, Video- und Steuerungssignale in h\u00f6chster Qualit\u00e4t \u00fcber IPNetzwerke \u00fcbertragen. AV over IP nutzt etablierte Standards der IT- und Netzwerktechnik und [&hellip;]<\/p>","protected":false},"author":2,"featured_media":24879,"parent":0,"menu_order":0,"comment_status":"closed","ping_status":"closed","template":"","meta":{"_acf_changed":false,"footnotes":""},"class_list":["post-24878","page","type-page","status-publish","has-post-thumbnail","hentry"],"acf":[],"_links":{"self":[{"href":"https:\/\/konferenztechnik.de\/tr\/wp-json\/wp\/v2\/pages\/24878","targetHints":{"allow":["GET"]}}],"collection":[{"href":"https:\/\/konferenztechnik.de\/tr\/wp-json\/wp\/v2\/pages"}],"about":[{"href":"https:\/\/konferenztechnik.de\/tr\/wp-json\/wp\/v2\/types\/page"}],"author":[{"embeddable":true,"href":"https:\/\/konferenztechnik.de\/tr\/wp-json\/wp\/v2\/users\/2"}],"replies":[{"embeddable":true,"href":"https:\/\/konferenztechnik.de\/tr\/wp-json\/wp\/v2\/comments?post=24878"}],"version-history":[{"count":0,"href":"https:\/\/konferenztechnik.de\/tr\/wp-json\/wp\/v2\/pages\/24878\/revisions"}],"wp:featuredmedia":[{"embeddable":true,"href":"https:\/\/konferenztechnik.de\/tr\/wp-json\/wp\/v2\/media\/24879"}],"wp:attachment":[{"href":"https:\/\/konferenztechnik.de\/tr\/wp-json\/wp\/v2\/media?parent=24878"}],"curies":[{"name":"wp","href":"https:\/\/api.w.org\/{rel}","templated":true}]}}