{"id":2512,"date":"2013-09-23T13:24:27","date_gmt":"2013-09-23T11:24:27","guid":{"rendered":"https:\/\/konferenztechnik.de\/?page_id=2512"},"modified":"2023-06-29T14:24:12","modified_gmt":"2023-06-29T12:24:12","slug":"tartisma-olanaklari-2","status":"publish","type":"page","link":"https:\/\/konferenztechnik.de\/tr\/konferans-ve-av-medya-teknoloji%cc%87si%cc%87ni%cc%87n-dagitimi\/tartisma-olanaklari-2\/","title":{"rendered":"Tart\u0131\u015fma olanaklar\u0131"},"content":{"rendered":"<h1>Tart\u0131\u015fma olanaklar\u0131<\/h1>\n<p>Konferans sistemleri i\u00e7in tipik uygulamalar, AB \u00e7al\u0131\u015fma konseyi toplant\u0131lar\u0131, bakanl\u0131k toplant\u0131lar\u0131, yerel konsey toplant\u0131lar\u0131, bas\u0131n konferanslar\u0131, y\u00f6netim kurulu toplant\u0131lar\u0131 veya hissedarlar komitesi toplant\u0131lar\u0131 gibi \"yuvarlak masa\" toplant\u0131lar\u0131n\u0131n yan\u0131 s\u0131ra video konferanslar ve uzaktan sim\u00fcltane terc\u00fcmedir. \"Mikrofon zincirleri\" olarak da bilinen bu sistemler, bu nedenle esas olarak tart\u0131\u015fma yo\u011fun toplant\u0131lar i\u00e7in uygundur. Sistemin t\u00fcr\u00fcne ba\u011fl\u0131 olarak mikrofon \u00fcniteleri dahili bir hoparl\u00f6r, oylama i\u015flevi veya terc\u00fcme kanallar\u0131yla da donat\u0131lm\u0131\u015ft\u0131r.<\/p>\n<p><img decoding=\"async\" src=\"https:\/\/konferenztechnik.de\/wp-content\/uploads\/2016\/10\/Vertrieb-Sprechstellen.jpg\" alt=\"PCS Sat\u0131\u015f \u0130nterkom istasyonlar\u0131\" width=\"850\" class=\"alignleft size-full wp-image-2677\" title=\"\"><\/p>\n<p>[temiz]<\/p>\n<p>Esasen a\u015fa\u011f\u0131daki iki t\u00fcr konferans sistemi aras\u0131nda bir ayr\u0131m yap\u0131lmaktad\u0131r:<\/p>\n<p><a href=\"\/tr\/konferans-ve-av-medya-teknoloji%cc%87si%cc%87ni%cc%87n-dagitimi\/tartisma-olanaklari\/kablolu-goeruesme-sistemleri\/\">\u203a Kablolu konferans sistemleri<\/a> \u2013, t\u00fcm mikrofon \u00fcnitelerinin kablo ile birbirine ba\u011fland\u0131\u011f\u0131 geleneksel klasik mikrofon zinciridir.<\/p>\n<p><a href=\"https:\/\/konferenztechnik.de\/tr\/kablosuz-konferans-sistemleri-satin-alin\/\">\u203a Kablosuz konferans sistemleri<\/a> \u2013 telsiz \u00fczerinden kablosuz \u2013 do\u011fal olarak musluk ge\u00e7irmez!<\/p>\n<p>[spacer size=\"20\u2033]<br \/>\n[column size=\"1-2\u2033 last=\"1\u2033]<br \/>\n[tabs style=\"2\u2033]<br \/>\n[tab title=\"Di\u011fer ba\u011flant\u0131lar\"]<\/p>\n<div class=\"weiterlinks\" style=\"background-color:#efefef\">\n<ul>\n[list icon=\"moon-arrow-right-2\u2033 color=\"#a62055\u2033]<a title=\"\u00dcr\u00fcn grubuna g\u00f6re da\u011f\u0131l\u0131m\" href=\"\/tr\/ueruen-gruplari\/\">\u00dcr\u00fcn grubuna g\u00f6re da\u011f\u0131l\u0131m<\/a>[\/list]<br \/>\n[list icon=\"moon-arrow-right-2\u2033 color=\"#a62055\u2033]<a title=\"\u00dcreticiye g\u00f6re da\u011f\u0131l\u0131m\" href=\"\/tr\/ueretici\/\">\u00dcreticiye g\u00f6re da\u011f\u0131l\u0131m<\/a>[\/list]<br \/>\n[list icon=\"moon-arrow-right-2\u2033 color=\"#a62055\u2033]<a title=\"\u00d6zelle\u015ftirilmi\u015f \u00fcr\u00fcnler, bak\u0131m ve onar\u0131mlar\" href=\"\/tr\/hizmetler-2\/bakim-ve-onarim\/\">\u00d6zelle\u015ftirilmi\u015f \u00fcr\u00fcnler, bak\u0131m ve onar\u0131mlar<\/a>[\/list]<br \/>\n[list icon=\"moon-arrow-right-2\u2033 color=\"#a62055\u2033]<a title=\"PCS i\u00e7in 10 iyi neden\" href=\"\/tr\/hakkimizda-2\/pcler-icin-10-iyi-neden\/\">PCS i\u00e7in 10 iyi neden<\/a>[\/list]<br \/>\n[list icon=\"moon-arrow-right-2\u2033 color=\"#a62055\u2033]<a title=\"Referanslar\" href=\"\/tr\/hakkimizda-2\/referans-li%cc%87stesi%cc%87-kurulumu\/\">Referanslar Kurulum ve entegrasyon<\/a>[\/list]<br \/>\n[list icon=\"moon-arrow-right-2\u2033 color=\"#a62055\u2033]<a title=\"PCS: Bir bak\u0131\u015fta t\u00fcm hizmetler\" href=\"\/tr\/hizmetler-2\/\">PCS: Bir bak\u0131\u015fta t\u00fcm hizmetler<\/a>[\/list]<\/ul>\n<\/div>\n<p>[\/tab]<br \/>\n[\/tabs]<br \/>\n[\/column]<br \/>\n[spacer size=\"30\u2033]<\/p>","protected":false},"excerpt":{"rendered":"<p>Konferans sistemleri i\u00e7in tipik uygulamalar, AB \u00e7al\u0131\u015fma konseyi toplant\u0131lar\u0131, bakanl\u0131k toplant\u0131lar\u0131, yerel konsey toplant\u0131lar\u0131, bas\u0131n konferanslar\u0131, y\u00f6netim kurulu toplant\u0131lar\u0131 veya hissedarlar komitesi toplant\u0131lar\u0131 gibi \"yuvarlak masa\" toplant\u0131lar\u0131n\u0131n yan\u0131 s\u0131ra video konferanslar ve uzaktan sim\u00fcltane terc\u00fcmedir. \"Mikrofon zincirleri\" olarak da bilinen bu sistemler, bu nedenle esas olarak tart\u0131\u015fma yo\u011fun toplant\u0131lar i\u00e7in uygundur. Sistemin t\u00fcr\u00fcne ba\u011fl\u0131 olarak mikrofon \u00fcniteleri dahili bir hoparl\u00f6r, oylama i\u015flevi veya terc\u00fcme kanallar\u0131yla da donat\u0131lm\u0131\u015ft\u0131r.<\/p>","protected":false},"author":1,"featured_media":45482,"parent":3614,"menu_order":136,"comment_status":"closed","ping_status":"open","template":"","meta":{"_acf_changed":false,"footnotes":""},"class_list":["post-2512","page","type-page","status-publish","has-post-thumbnail","hentry"],"acf":[],"_links":{"self":[{"href":"https:\/\/konferenztechnik.de\/tr\/wp-json\/wp\/v2\/pages\/2512","targetHints":{"allow":["GET"]}}],"collection":[{"href":"https:\/\/konferenztechnik.de\/tr\/wp-json\/wp\/v2\/pages"}],"about":[{"href":"https:\/\/konferenztechnik.de\/tr\/wp-json\/wp\/v2\/types\/page"}],"author":[{"embeddable":true,"href":"https:\/\/konferenztechnik.de\/tr\/wp-json\/wp\/v2\/users\/1"}],"replies":[{"embeddable":true,"href":"https:\/\/konferenztechnik.de\/tr\/wp-json\/wp\/v2\/comments?post=2512"}],"version-history":[{"count":0,"href":"https:\/\/konferenztechnik.de\/tr\/wp-json\/wp\/v2\/pages\/2512\/revisions"}],"up":[{"embeddable":true,"href":"https:\/\/konferenztechnik.de\/tr\/wp-json\/wp\/v2\/pages\/3614"}],"wp:featuredmedia":[{"embeddable":true,"href":"https:\/\/konferenztechnik.de\/tr\/wp-json\/wp\/v2\/media\/45482"}],"wp:attachment":[{"href":"https:\/\/konferenztechnik.de\/tr\/wp-json\/wp\/v2\/media?parent=2512"}],"curies":[{"name":"wp","href":"https:\/\/api.w.org\/{rel}","templated":true}]}}