{"id":2522,"date":"2013-09-23T13:37:16","date_gmt":"2013-09-23T11:37:16","guid":{"rendered":"https:\/\/konferenztechnik.de\/?page_id=2522"},"modified":"2023-07-05T15:01:31","modified_gmt":"2023-07-05T13:01:31","slug":"medya-kontrolleri","status":"publish","type":"page","link":"https:\/\/konferenztechnik.de\/tr\/konferans-ve-av-medya-teknoloji%cc%87si%cc%87ni%cc%87n-dagitimi\/medya-kontrolleri\/","title":{"rendered":"Medya kontrolleri"},"content":{"rendered":"<h1>Medya kontrolleri<\/h1>\n<p>Medya kontrol sistemleri bir odadaki ve hatta t\u00fcm binadaki video, ses ve ayd\u0131nlatma teknolojisini d\u00fczenler. Ayr\u0131ca, \u0131s\u0131tma sistemleri, panjurlar, ekranlar veya telefon konferans sistemleri gibi di\u011fer bina teknolojileri de tek bir kontrol cihaz\u0131yla rahat\u00e7a \u00e7al\u0131\u015ft\u0131r\u0131labilir. Medya kontrol sistemleri hem i\u015f (\u00f6rn. konferans odas\u0131) hem de \u00f6zel alanlarda (\u00f6rn. oturma odas\u0131) kullan\u0131l\u0131r. Teknoloji, duvara monte edilen basit kontrol panelleri, dokunmatik paneller ve hatta bir ak\u0131ll\u0131 telefon kullan\u0131larak \u00e7al\u0131\u015ft\u0131r\u0131labilir. \u00c7al\u0131\u015fanlar\u0131m\u0131z sizin i\u00e7in en uygun \u00e7\u00f6z\u00fcm\u00fc bulacakt\u0131r.<\/p>\n<h2>Ak\u0131ll\u0131 telefon ile de merkezi kontrol \u2013<\/h2>\n<p>Merkezi bir i\u015fletim \u00fcnitesi, t\u00fcm teknolojinin basit ve g\u00fcvenli bir \u015fekilde \u00e7al\u0131\u015ft\u0131r\u0131lmas\u0131n\u0131 sa\u011flar. Burada \u00e7e\u015fitli se\u00e7enekler mevcuttur: Duvara monte kontrol panelleri, \u00e7e\u015fitli boyutlarda sabit veya mobil dokunmatik paneller veya ak\u0131ll\u0131 telefon veya tablet bilgisayar (\u00f6rn. iPad) \u00fczerinden \u00e7al\u0131\u015ft\u0131rma. \u00dcreticiye ba\u011fl\u0131 olarak iOS, Android veya Windows Phone i\u00e7in versiyonlar mevcuttur. Kullan\u0131c\u0131 aray\u00fczleri gerekti\u011fi gibi \u00f6zelle\u015ftirilebilir (\u00f6rne\u011fin CI'n\u0131za veya logonuza uyarlanabilir).<\/p>\n<p><a href=\"https:\/\/konferenztechnik.de\/wp-content\/uploads\/2013\/09\/touchpanels_mediensteuerung.jpg\"><img decoding=\"async\" src=\"https:\/\/konferenztechnik.de\/wp-content\/uploads\/2013\/09\/touchpanels_mediensteuerung.jpg\" alt=\"Medya kontrolleri i\u00e7in dokunmatik paneller\" title=\"\"><\/a><\/p>\n<h2>Basit kullan\u0131m<\/h2>\n<p>Diz\u00fcst\u00fc bilgisayarlar, iPod'lar veya di\u011fer harici kaynaklar, masalardaki veya zemindeki ba\u011flant\u0131 panelleri arac\u0131l\u0131\u011f\u0131yla medya kontrol sistemine rahat\u00e7a ba\u011flanabilir. Gerekirse, sisteme entegre edilen kaynaklar otomatik olarak tan\u0131nabilir:<\/p>\n<p><a href=\"https:\/\/konferenztechnik.de\/wp-content\/uploads\/2013\/09\/Mediensteuerung_Extron-Tischtank_gross.jpg\"><img fetchpriority=\"high\" decoding=\"async\" width=\"600\" height=\"326\" class=\"alignright size-full wp-image-2929\" src=\"https:\/\/konferenztechnik.de\/wp-content\/uploads\/2013\/09\/Mediensteuerung_Extron-Tischtank_gross.jpg\" alt=\"Extron masa \u00fcst\u00fc tank\u0131\" title=\"\" srcset=\"https:\/\/konferenztechnik.de\/wp-content\/uploads\/2013\/09\/Mediensteuerung_Extron-Tischtank_gross.jpg 600w, https:\/\/konferenztechnik.de\/wp-content\/uploads\/2013\/09\/Mediensteuerung_Extron-Tischtank_gross-300x163.jpg 300w\" sizes=\"(max-width: 600px) 100vw, 600px\" \/><\/a><\/p>\n<p>\u00d6rne\u011fin bir diz\u00fcst\u00fc bilgisayar ba\u011flan\u0131rsa, sistem bunu otomatik olarak tan\u0131r, projekt\u00f6r\u00fc ba\u015flat\u0131r ve ekran\u0131 geni\u015fletir. Diz\u00fcst\u00fc bilgisayar\u0131n ba\u011flant\u0131s\u0131 tekrar kesilirse, sistem otomatik olarak kapan\u0131r. Bu \u015fekilde, \u00e7ok \u00e7e\u015fitli gereksinimler i\u00e7in \u00e7e\u015fitli senaryolar programlanabilir.<\/p>\n<h2>Uzaktan \u00e7al\u0131\u015ft\u0131rma<\/h2>\n<p>Medya kontrol\u00fc ile donat\u0131lm\u0131\u015f t\u00fcm odalar, gerekti\u011finde bir a\u011f veya \u0130nternet \u00fczerinden uzaktan da kontrol edilebilir. Bu, \u00f6rne\u011fin kurulu teknolojinin izlenmesi, h\u0131rs\u0131zl\u0131\u011fa kar\u015f\u0131 koruma deste\u011fi, bak\u0131m \u00e7al\u0131\u015fmalar\u0131, projekt\u00f6rlerin lamba yanma s\u00fcresinin izlenmesi veya farkl\u0131 oda senaryolar\u0131n\u0131n (\u00f6rne\u011fin hafta sonu da) \u00e7a\u011fr\u0131labilmesi i\u00e7in \u00f6zellikle yararl\u0131d\u0131r.<\/p>\n<p>Medya kontrol\u00fc alan\u0131ndaki ortaklar\u0131m\u0131zdan baz\u0131lar\u0131<\/p>\n<div class=\"rahmen\">\n<p><a href=\"https:\/\/konferenztechnik.de\/tr\/ueretici\/amx\/\"><img decoding=\"async\" width=\"250\" height=\"250\" class=\"alignleft size-full wp-image-6607\" src=\"https:\/\/konferenztechnik.de\/wp-content\/uploads\/2016\/04\/logo-amx.jpg\" alt=\"Logo AMX\" title=\"\" srcset=\"https:\/\/konferenztechnik.de\/wp-content\/uploads\/2016\/04\/logo-amx.jpg 250w, https:\/\/konferenztechnik.de\/wp-content\/uploads\/2016\/04\/logo-amx-150x150.jpg 150w\" sizes=\"(max-width: 250px) 100vw, 250px\" \/><\/a><\/p>\n<p><a href=\"https:\/\/konferenztechnik.de\/tr\/crestron\/\"><img decoding=\"async\" width=\"250\" height=\"250\" class=\"alignnone size-full wp-image-6617\" src=\"https:\/\/konferenztechnik.de\/wp-content\/uploads\/2016\/04\/logo-crestron.jpg\" alt=\"Logo Crestron\" title=\"\" srcset=\"https:\/\/konferenztechnik.de\/wp-content\/uploads\/2016\/04\/logo-crestron.jpg 250w, https:\/\/konferenztechnik.de\/wp-content\/uploads\/2016\/04\/logo-crestron-150x150.jpg 150w\" sizes=\"(max-width: 250px) 100vw, 250px\" \/><\/a><\/p>\n<p><a href=\"https:\/\/konferenztechnik.de\/tr\/extron\/\"><img loading=\"lazy\" decoding=\"async\" width=\"250\" height=\"250\" class=\"alignnone size-full wp-image-6638\" src=\"https:\/\/konferenztechnik.de\/wp-content\/uploads\/2016\/04\/logo-extron.jpg\" alt=\"Extron logosu\" title=\"\" srcset=\"https:\/\/konferenztechnik.de\/wp-content\/uploads\/2016\/04\/logo-extron.jpg 250w, https:\/\/konferenztechnik.de\/wp-content\/uploads\/2016\/04\/logo-extron-150x150.jpg 150w\" sizes=\"(max-width: 250px) 100vw, 250px\" \/><\/a><\/p>\n<p><a href=\"https:\/\/konferenztechnik.de\/tr\/rti\/\"><img loading=\"lazy\" decoding=\"async\" width=\"250\" height=\"250\" class=\"alignnone size-full wp-image-6656\" src=\"https:\/\/konferenztechnik.de\/wp-content\/uploads\/2016\/04\/logo-rti.jpg\" alt=\"Logo RTI\" title=\"\" srcset=\"https:\/\/konferenztechnik.de\/wp-content\/uploads\/2016\/04\/logo-rti.jpg 250w, https:\/\/konferenztechnik.de\/wp-content\/uploads\/2016\/04\/logo-rti-150x150.jpg 150w\" sizes=\"(max-width: 250px) 100vw, 250px\" \/><\/a><\/p>\n<\/div>\n<p><!--\n<a href=\"https:\/\/konferenztechnik.de\/wp-content\/uploads\/2013\/09\/partner_mediensteuerung_PCS.jpg\"><img loading=\"lazy\" decoding=\"async\" src=\"https:\/\/konferenztechnik.de\/wp-content\/uploads\/2013\/09\/partner_mediensteuerung_PCS.jpg\" alt=\"PCS-Partner im Bereich Mediensteuerungen\" width=\"650\" height=\"55\" class=\"alignleft size-full wp-image-2930\" title=\"\" srcset=\"https:\/\/konferenztechnik.de\/wp-content\/uploads\/2013\/09\/partner_mediensteuerung_PCS.jpg 650w, https:\/\/konferenztechnik.de\/wp-content\/uploads\/2013\/09\/partner_mediensteuerung_PCS-300x25.jpg 300w\" sizes=\"(max-width: 650px) 100vw, 650px\" \/><\/a>\n--><\/p>","protected":false},"excerpt":{"rendered":"<p>Mediensteuerungen Mediensteuerungen regeln die Video-, Audio- und Lichttechnik in einem Raum oder sogar einem ganzen Geb\u00e4ude. Au\u00dferdem l\u00e4sst sich weitere Geb\u00e4udetechnik wie Heizungsanlagen, Jalousien, Leinw\u00e4nde oder Telefonkonferenzsysteme bequem mit einem einzigen Steuerger\u00e4t bedienen. Mediensteuerungen kommen sowohl im gesch\u00e4ftlichen (z.B. Konferenzraum) als auch im privaten Bereich (z.B. Wohnzimmer) zum Einsatz. Die Bedienung der Technik kann mit [&hellip;]<\/p>","protected":false},"author":1,"featured_media":45482,"parent":3614,"menu_order":133,"comment_status":"closed","ping_status":"open","template":"","meta":{"_acf_changed":false,"footnotes":""},"class_list":["post-2522","page","type-page","status-publish","has-post-thumbnail","hentry"],"acf":[],"_links":{"self":[{"href":"https:\/\/konferenztechnik.de\/tr\/wp-json\/wp\/v2\/pages\/2522","targetHints":{"allow":["GET"]}}],"collection":[{"href":"https:\/\/konferenztechnik.de\/tr\/wp-json\/wp\/v2\/pages"}],"about":[{"href":"https:\/\/konferenztechnik.de\/tr\/wp-json\/wp\/v2\/types\/page"}],"author":[{"embeddable":true,"href":"https:\/\/konferenztechnik.de\/tr\/wp-json\/wp\/v2\/users\/1"}],"replies":[{"embeddable":true,"href":"https:\/\/konferenztechnik.de\/tr\/wp-json\/wp\/v2\/comments?post=2522"}],"version-history":[{"count":0,"href":"https:\/\/konferenztechnik.de\/tr\/wp-json\/wp\/v2\/pages\/2522\/revisions"}],"up":[{"embeddable":true,"href":"https:\/\/konferenztechnik.de\/tr\/wp-json\/wp\/v2\/pages\/3614"}],"wp:featuredmedia":[{"embeddable":true,"href":"https:\/\/konferenztechnik.de\/tr\/wp-json\/wp\/v2\/media\/45482"}],"wp:attachment":[{"href":"https:\/\/konferenztechnik.de\/tr\/wp-json\/wp\/v2\/media?parent=2522"}],"curies":[{"name":"wp","href":"https:\/\/api.w.org\/{rel}","templated":true}]}}