{"id":2618,"date":"2013-09-25T15:11:34","date_gmt":"2013-09-25T13:11:34","guid":{"rendered":"https:\/\/konferenztechnik.de\/?page_id=2618"},"modified":"2023-07-05T10:34:46","modified_gmt":"2023-07-05T08:34:46","slug":"duvar-braketleri","status":"publish","type":"page","link":"https:\/\/konferenztechnik.de\/tr\/konferans-ve-av-medya-teknoloji%cc%87si%cc%87ni%cc%87n-dagitimi\/vi%cc%87deo-teknoloji%cc%87si%cc%87\/ekranlar-ve-projektoerler-icin-montaj-aparatlari\/duvar-braketleri\/","title":{"rendered":"Duvar braketleri"},"content":{"rendered":"<div data-elementor-type=\"wp-page\" data-elementor-id=\"2618\" class=\"elementor elementor-2618\" data-elementor-post-type=\"page\">\n\t\t\t\t\t\t<section data-particle_enable=\"false\" data-particle-mobile-disabled=\"false\" class=\"elementor-section elementor-top-section elementor-element elementor-element-7b72f63e elementor-section-boxed elementor-section-height-default elementor-section-height-default\" data-id=\"7b72f63e\" data-element_type=\"section\">\n\t\t\t\t\t\t<div class=\"elementor-container elementor-column-gap-default\">\n\t\t\t\t\t<div class=\"elementor-column elementor-col-100 elementor-top-column elementor-element elementor-element-20bf9a01\" data-id=\"20bf9a01\" data-element_type=\"column\">\n\t\t\t<div class=\"elementor-widget-wrap elementor-element-populated\">\n\t\t\t\t\t\t<div class=\"elementor-element elementor-element-e7f401d elementor-widget elementor-widget-text-editor\" data-id=\"e7f401d\" data-element_type=\"widget\" data-widget_type=\"text-editor.default\">\n\t\t\t\t<div class=\"elementor-widget-container\">\n\t\t\t\t\t\t\t\t\t<h1>Duvar braketleri<\/h1>\n<h2>Audipack ekran duvar montaj\u0131 L&amp;S 3<\/h2>\n<a href=\"https:\/\/konferenztechnik.de\/wp-content\/uploads\/2013\/09\/Audipack_Wandhalterung1.jpg\"><img fetchpriority=\"high\" decoding=\"async\" width=\"792\" height=\"594\" class=\"alignleft size-full wp-image-2680\" src=\"https:\/\/konferenztechnik.de\/wp-content\/uploads\/2013\/09\/Audipack_Wandhalterung1.jpg\" alt=\"Audipack ekran duvar montaj\u0131 L&amp;S 3\" title=\"\" srcset=\"https:\/\/konferenztechnik.de\/wp-content\/uploads\/2013\/09\/Audipack_Wandhalterung1.jpg 792w, https:\/\/konferenztechnik.de\/wp-content\/uploads\/2013\/09\/Audipack_Wandhalterung1-300x225.jpg 300w, https:\/\/konferenztechnik.de\/wp-content\/uploads\/2013\/09\/Audipack_Wandhalterung1-768x576.jpg 768w\" sizes=\"(max-width: 792px) 100vw, 792px\" \/><\/a>\n\n127 cm'ye (50 in\u00e7) kadar ekranlar i\u00e7in d\u00fcz duvar montaj aparat\u0131. Bu ayarlanabilir olmayan duvar montaj aparat\u0131 sadece 18 mm derinliktedir ve ekran\u0131 g\u00fcvenlik kancalar\u0131 (Lock &amp; Secure) kullanarak sabitleme se\u00e7ene\u011fi sunar.\n<h2>Smart Metals \u2013 ince ayarl\u0131 duvar braketi<\/h2>\n<a href=\"https:\/\/konferenztechnik.de\/wp-content\/uploads\/2013\/09\/smart-metals_projector-wall-mont_0021840.jpg\"><img decoding=\"async\" class=\"alignleft size-medium wp-image-4459\" src=\"https:\/\/konferenztechnik.de\/wp-content\/uploads\/2013\/09\/smart-metals_projector-wall-mont_0021840-300x115.jpg\" alt=\"Smart Metals Projekt\u00f6r Duvar Montaj\u0131 0021840\" width=\"300\" height=\"115\" title=\"\"><\/a>\n\nHitachi A100 serisi, Sanyo PLC-XL50 veya PDG-DWL2500 gibi ultra k\u0131sa yans\u0131tma a\u00e7\u0131l\u0131 projekt\u00f6rler i\u00e7in duvar montaj aparat\u0131. Braket, projekt\u00f6r\u00fcn merce\u011fin merkezinden e\u011filmesini ve yat\u0131r\u0131lmas\u0131n\u0131 sa\u011flayan benzersiz bir ince ayara sahiptir.\n<h2>Smart Metals \u2013 ince ayarl\u0131 duvar braketi<\/h2>\n<ul>\n \t<li>Minimum uzunluk: 55\u2033<\/li>\n \t<li>Maksimum geni\u015flik: 110\u2033 ekran diyagonal<\/li>\n \t<li>Renk: Koyu gri<\/li>\n \t<li>\u00dcreticiler i\u00e7in: Sanyo ve Panasonic<\/li>\n \t<li>Uzunluk ayar\u0131: maunell<\/li>\n \t<li>Y\u00fckseklik ayar\u0131: 50 mm<\/li>\n \t<li>Braket \/ aray\u00fcz: dahildir<\/li>\n \t<li>E\u011fim fonksiyonu \u0130nce ayar: +5 \u00b0 ila -5 \u00b0<\/li>\n \t<li>Kablo kanal\u0131: 28 mm \u00d8<\/li>\n \t<li>Daha fazla bilgi: Panasonic PT-CW230\/CW200 i\u00e7in de uygundur<\/li>\n<\/ul>\n<a href=\"https:\/\/konferenztechnik.de\/wp-content\/uploads\/2013\/09\/0021840_manualEN.pdf\">Ak\u0131ll\u0131 Metaller K\u0131lavuzu 002.1840 (\u0130ngilizce)<\/a>\n<h2>Smart Metals \u2013 VideoWall 2\u00d72<\/h2>\n<a href=\"https:\/\/konferenztechnik.de\/wp-content\/uploads\/2013\/09\/smart-metals_video-wall082502202-landscape.jpg\"><img decoding=\"async\" class=\"alignleft size-medium wp-image-4463\" src=\"https:\/\/konferenztechnik.de\/wp-content\/uploads\/2013\/09\/smart-metals_video-wall082502202-landscape-300x280.jpg\" alt=\"Smart Metals Video Duvar 082502202\" width=\"300\" height=\"280\" title=\"\" srcset=\"https:\/\/konferenztechnik.de\/wp-content\/uploads\/2013\/09\/smart-metals_video-wall082502202-landscape-300x280.jpg 300w, https:\/\/konferenztechnik.de\/wp-content\/uploads\/2013\/09\/smart-metals_video-wall082502202-landscape-768x717.jpg 768w, https:\/\/konferenztechnik.de\/wp-content\/uploads\/2013\/09\/smart-metals_video-wall082502202-landscape.jpg 1017w\" sizes=\"(max-width: 300px) 100vw, 300px\" \/><\/a>\n\nKompakt ve ta\u015f\u0131mas\u0131 kolay video duvar\u0131. Duvar\u0131n kullan\u0131m\u0131 son derece esnektir: zemine kurulabilir veya duvarlara ya da makaslara tutturulabilir. Ekranlar video duvar\u0131na \u00e7ok kolay bir \u015fekilde monte edilebilir. Monit\u00f6rler birbirlerine ve \u00e7er\u00e7eveye \u00f6zel kelep\u00e7eler kullan\u0131larak ba\u011flan\u0131r. \u0130nce ayar i\u00e7in yatay ve dikey cihazlar vard\u0131r. Video duvar\u0131 hem dikey hem de yatay modda kullan\u0131labilir.\n<h2>Smart Metals \u2013 VideoWall 2\u00d72<\/h2>\n<ul>\n \t<li>A\u011f\u0131rl\u0131k: 147,78 kg<\/li>\n \t<li>Renk: Siyah<\/li>\n \t<li>Ekran yap\u0131land\u0131rmas\u0131: 2\u00d72<\/li>\n \t<li>Ekran konumu: Yatay veya Dikey<\/li>\n \t<li>Y\u00fckseklik ayarlanabilirli\u011fi: \u0130nce ayar<\/li>\n \t<li>Braket\/ aray\u00fcz: Dahil<\/li>\n \t<li>D\u00f6nd\u00fcrme: 90 \u00b0<\/li>\n \t<li>Sabitleme sistemi: \u00c7ekme c\u0131vatal\u0131 ba\u011flant\u0131 mekanizmas\u0131<\/li>\n \t<li>Daha fazla bilgi: Yeni konsollar, monit\u00f6rler i\u00e7in yatay ve dikey ince ayar ve dikey ve yatay mod aras\u0131nda ge\u00e7i\u015f yapma se\u00e7ene\u011fi sunar. Ayarlanabilir ayaklar zemin \u00e7er\u00e7evesine entegre edilmi\u015ftir.<\/li>\n<\/ul>\n<a href=\"https:\/\/konferenztechnik.de\/wp-content\/uploads\/2013\/09\/082502202_manualEN.pdf\">Video Duvar\u0131 082502202 K\u0131lavuz TR<\/a>\n\n<a href=\"https:\/\/konferenztechnik.de\/wp-content\/uploads\/2013\/09\/082502202_SmartMetals_productleafletEN.pdf\">Video Wall 082502202 \u00dcr\u00fcn sayfas\u0131 TR<\/a>\n<h2>Smart Metals \u2013 VideoWall 3\u00d73<\/h2>\n<a href=\"https:\/\/konferenztechnik.de\/wp-content\/uploads\/2013\/09\/smart-metals_video-wall_082503302_front.jpg\"><img loading=\"lazy\" decoding=\"async\" class=\"alignleft size-medium wp-image-4468\" src=\"https:\/\/konferenztechnik.de\/wp-content\/uploads\/2013\/09\/smart-metals_video-wall_082503302_front-300x275.jpg\" alt=\"Smart Metals Video Duvar 082503302\" width=\"300\" height=\"275\" title=\"\" srcset=\"https:\/\/konferenztechnik.de\/wp-content\/uploads\/2013\/09\/smart-metals_video-wall_082503302_front-300x275.jpg 300w, https:\/\/konferenztechnik.de\/wp-content\/uploads\/2013\/09\/smart-metals_video-wall_082503302_front-1024x940.jpg 1024w, https:\/\/konferenztechnik.de\/wp-content\/uploads\/2013\/09\/smart-metals_video-wall_082503302_front-768x705.jpg 768w, https:\/\/konferenztechnik.de\/wp-content\/uploads\/2013\/09\/smart-metals_video-wall_082503302_front.jpg 1035w\" sizes=\"(max-width: 300px) 100vw, 300px\" \/><\/a>\n\nKompakt ve ta\u015f\u0131mas\u0131 kolay video duvar\u0131. Duvar\u0131n kullan\u0131m\u0131 son derece esnektir: zemine kurulabilir veya duvarlara ya da makaslara tutturulabilir. Ekranlar\u0131n video duvar\u0131na monte edilmesi \u00e7ok kolayd\u0131r. Monit\u00f6rler birbirlerine ve \u00e7er\u00e7eveye \u00f6zel kelep\u00e7eler kullan\u0131larak ba\u011flan\u0131r. \u0130nce ayar i\u00e7in yatay ve dikey cihazlar vard\u0131r. Duvar hem dikey hem de yatay modda kullan\u0131labilir.\n<h2>Smart Metals \u2013 VideoWall 3\u00d73<\/h2>\n<ul>\n \t<li>A\u011f\u0131rl\u0131k: 319,08 kg<\/li>\n \t<li>Renk: Siyah<\/li>\n \t<li>Ekran yap\u0131land\u0131rmas\u0131 : 3 x 3<\/li>\n \t<li>Ekran konumu: Yatay veya Dikey<\/li>\n \t<li>Y\u00fckseklik ayarlanabilirli\u011fi: \u0130nce ayar<\/li>\n \t<li>Braket \/ aray\u00fcz: Dahil<\/li>\n \t<li>Tutucu tipi \/ aray\u00fcz: Ekrana \u00f6zel<\/li>\n \t<li>D\u00f6nd\u00fcrme: 90 \u00b0<\/li>\n \t<li>Sabitleme sistemi: \u00c7ekme c\u0131vatal\u0131 ba\u011flant\u0131 mekanizmas\u0131<\/li>\n \t<li>Daha fazla bilgi: Yeni konsollar, monit\u00f6rler i\u00e7in yatay ve dikey ince ayar ve dikey ve yatay mod aras\u0131nda ge\u00e7i\u015f yapma se\u00e7ene\u011fi sunar. Ayarlanabilir ayaklar zemin \u00e7er\u00e7evesine entegre edilmi\u015ftir.<\/li>\n<\/ul>\n<a href=\"https:\/\/konferenztechnik.de\/wp-content\/uploads\/2013\/09\/082503302_SmartMetals_productleafletEN.pdf\">Smart Metals Video Wall 3\u00d73 \u00fcr\u00fcn sayfas\u0131 T\u00fcrk\u00e7e<\/a>\n<h2>iPad 1, 2, 3 ve 4 i\u00e7in Tablet K\u0131l\u0131f\u0131 TC-IPAD<\/h2>\n<a href=\"https:\/\/konferenztechnik.de\/wp-content\/uploads\/2014\/02\/audipack-ipad-tablet-housing.jpg\"><img loading=\"lazy\" decoding=\"async\" width=\"450\" height=\"311\" class=\"alignleft size-full wp-image-4263\" src=\"https:\/\/konferenztechnik.de\/wp-content\/uploads\/2014\/02\/audipack-ipad-tablet-housing.jpg\" alt=\"iPad Tablet Muhafazas\u0131\" title=\"\" srcset=\"https:\/\/konferenztechnik.de\/wp-content\/uploads\/2014\/02\/audipack-ipad-tablet-housing.jpg 450w, https:\/\/konferenztechnik.de\/wp-content\/uploads\/2014\/02\/audipack-ipad-tablet-housing-300x207.jpg 300w\" sizes=\"(max-width: 450px) 100vw, 450px\" \/><\/a>\n\n\nTC-iPad K\u0131l\u0131f, iPad'inizi halka a\u00e7\u0131k yerlerde kurulaca\u011f\u0131 veya sergilenece\u011fi zaman zarif bir \u015fekilde korur.\niPad k\u0131l\u0131f i\u00e7inde h\u0131zl\u0131 bir \u015fekilde sabitlenebilir ve b\u00f6ylece h\u0131rs\u0131zl\u0131\u011fa kar\u015f\u0131 etkili bir \u015fekilde korunur. Ak\u0131ll\u0131 Anahtar Kilit sistemi sayesinde d\u0131\u015far\u0131dan hi\u00e7bir anahtar deli\u011fi veya vida g\u00f6r\u00fcnmez. TC-Case, duvara montaj i\u00e7in ya da iste\u011fe ba\u011fl\u0131 olarak temin edilebilen bir stand ile birlikte zemin stand\u0131 olarak kullan\u0131labilir.\n<h2>Audipack d\u00fcz ekran duvar montaj aparat\u0131 L&amp;S 3 \u2013 e\u011filebilir<\/h2>\n<a href=\"https:\/\/konferenztechnik.de\/wp-content\/uploads\/2013\/09\/Audipack_Wandhalterung2.jpg\"><img loading=\"lazy\" decoding=\"async\" width=\"792\" height=\"594\" class=\"alignleft size-full wp-image-2681\" src=\"https:\/\/konferenztechnik.de\/wp-content\/uploads\/2013\/09\/Audipack_Wandhalterung2.jpg\" alt=\"Audipack d\u00fcz ekran duvar montaj aparat\u0131 L&amp;S 3 - e\u011filebilir\" title=\"\" srcset=\"https:\/\/konferenztechnik.de\/wp-content\/uploads\/2013\/09\/Audipack_Wandhalterung2.jpg 792w, https:\/\/konferenztechnik.de\/wp-content\/uploads\/2013\/09\/Audipack_Wandhalterung2-300x225.jpg 300w, https:\/\/konferenztechnik.de\/wp-content\/uploads\/2013\/09\/Audipack_Wandhalterung2-768x576.jpg 768w\" sizes=\"(max-width: 792px) 100vw, 792px\" \/><\/a>\n\n127 cm'ye (50 in\u00e7) kadar ekranlar i\u00e7in kademesiz ayarlanabilir duvar montaj aparat\u0131. Kademesiz de\u011fi\u015fken dikey a\u00e7\u0131 ayar\u0131 0 ila 10 derece olan versiyon. Standart olarak h\u0131rs\u0131zl\u0131k \u00f6nleme cihaz\u0131 ile (kilitler iste\u011fe ba\u011fl\u0131 olarak mevcuttur).\n<h2>Audipack ekran duvar montaj\u0131 VESA75\/100\/200<\/h2>\n<a href=\"https:\/\/konferenztechnik.de\/wp-content\/uploads\/2013\/09\/Audipack_WandhalterungVesa75_100_200.jpg\"><img loading=\"lazy\" decoding=\"async\" width=\"792\" height=\"594\" class=\"alignleft size-full wp-image-2679\" src=\"https:\/\/konferenztechnik.de\/wp-content\/uploads\/2013\/09\/Audipack_WandhalterungVesa75_100_200.jpg\" alt=\"Audipack ekran duvar montaj\u0131 VESA75\/100\/200\" title=\"\" srcset=\"https:\/\/konferenztechnik.de\/wp-content\/uploads\/2013\/09\/Audipack_WandhalterungVesa75_100_200.jpg 792w, https:\/\/konferenztechnik.de\/wp-content\/uploads\/2013\/09\/Audipack_WandhalterungVesa75_100_200-300x225.jpg 300w, https:\/\/konferenztechnik.de\/wp-content\/uploads\/2013\/09\/Audipack_WandhalterungVesa75_100_200-768x576.jpg 768w\" sizes=\"(max-width: 792px) 100vw, 792px\" \/><\/a>\n\n43-81 santimetre (17- 32 in\u00e7) aras\u0131 d\u00fcz ekranlar i\u00e7in \u00e7ift d\u00f6ner duvar montaj kolu. VESA 75\/100\/200 montaj noktalar\u0131. Kolay kurulum i\u00e7in entegre kablo y\u00f6netimi ve su terazisi.\nVESA duvar ask\u0131 aparatlar\u0131n\u0131n farkl\u0131 tasar\u0131mlar\u0131 da mevcuttur. Bize sorman\u0131z yeterli!\n<h2>Ekranlar i\u00e7in Audipack d\u00f6ner duvar braketi<\/h2>\n<a href=\"https:\/\/konferenztechnik.de\/wp-content\/uploads\/2013\/09\/Audipack_Wandhalterung_Schwenkarm.jpg\"><img loading=\"lazy\" decoding=\"async\" width=\"792\" height=\"594\" class=\"alignleft size-full wp-image-2683\" src=\"https:\/\/konferenztechnik.de\/wp-content\/uploads\/2013\/09\/Audipack_Wandhalterung_Schwenkarm.jpg\" alt=\"Ekranlar i\u00e7in Audipack d\u00f6ner duvar braketi\" title=\"\" srcset=\"https:\/\/konferenztechnik.de\/wp-content\/uploads\/2013\/09\/Audipack_Wandhalterung_Schwenkarm.jpg 792w, https:\/\/konferenztechnik.de\/wp-content\/uploads\/2013\/09\/Audipack_Wandhalterung_Schwenkarm-300x225.jpg 300w, https:\/\/konferenztechnik.de\/wp-content\/uploads\/2013\/09\/Audipack_Wandhalterung_Schwenkarm-768x576.jpg 768w\" sizes=\"(max-width: 792px) 100vw, 792px\" \/><\/a>\n\nD\u00f6ner kollu duvar montaj aparat\u0131 160 cm'ye (63 in\u00e7) kadar ekranlar i\u00e7in kullan\u0131labilir. D\u00f6ner kol, ekran\u0131 sola veya sa\u011fa d\u00f6nd\u00fcrmek ve dikey konumda duvardan uzakla\u015ft\u0131rmak i\u00e7in kullan\u0131labilir. Ekran konumu herhangi bir konumda kilitlenebilir. Ekran, bir g\u00fcvenlik kancas\u0131 (Kilitle ve Sabitle) kullan\u0131larak sabitlenebilir. Tamamen katland\u0131\u011f\u0131nda, d\u00f6ner kol sadece 120 mm derinli\u011findedir.\n<h2>Audipack projekt\u00f6r duvar montaj\u0131<\/h2>\n<a href=\"https:\/\/konferenztechnik.de\/wp-content\/uploads\/2013\/09\/Audipack_Wandhalterung5.jpg\"><img loading=\"lazy\" decoding=\"async\" width=\"792\" height=\"594\" class=\"alignleft size-full wp-image-2682\" src=\"https:\/\/konferenztechnik.de\/wp-content\/uploads\/2013\/09\/Audipack_Wandhalterung5.jpg\" alt=\"Audipack projekt\u00f6r duvar montaj\u0131\" title=\"\" srcset=\"https:\/\/konferenztechnik.de\/wp-content\/uploads\/2013\/09\/Audipack_Wandhalterung5.jpg 792w, https:\/\/konferenztechnik.de\/wp-content\/uploads\/2013\/09\/Audipack_Wandhalterung5-300x225.jpg 300w, https:\/\/konferenztechnik.de\/wp-content\/uploads\/2013\/09\/Audipack_Wandhalterung5-768x576.jpg 768w\" sizes=\"(max-width: 792px) 100vw, 792px\" \/><\/a>\n\nProjekt\u00f6rler ve 50 kg'a kadar kameralar i\u00e7in duvar montaj aparat\u0131. \u00c7ok y\u00fcksek sa\u011flaml\u0131k ve ince ayarlanabilirlik. Duvar montaj aparat\u0131, \u00e7e\u015fitli Audipack projekt\u00f6r montaj aparatlar\u0131 ile birlikte kullan\u0131l\u0131r. \u00c7e\u015fitli uzunluklarda modeller mevcuttur.\n\n\n\nPCS GmbH, Audipack'in resmi Alman distrib\u00fct\u00f6r\u00fcd\u00fcr. Uzman tavsiyesi ve h\u0131zl\u0131 teslimat s\u00fcreleri sunuyoruz.\n\n<img loading=\"lazy\" decoding=\"async\" class=\"alignright size-full wp-image-5489\" src=\"https:\/\/konferenztechnik.de\/wp-content\/uploads\/2013\/09\/PCS-GmbH-Audipack-authorized-dealer-small.jpg\" alt=\"PCS GmbH bir Audipack yetkili sat\u0131c\u0131s\u0131d\u0131r\" width=\"200\" height=\"81\" title=\"\">\t\t\t\t\t\t\t\t<\/div>\n\t\t\t\t<\/div>\n\t\t\t\t\t<\/div>\n\t\t<\/div>\n\t\t\t\t\t<\/div>\n\t\t<\/section>\n\t\t\t\t<\/div>","protected":false},"excerpt":{"rendered":"<p>Wandhalterungen Audipack Bildschirm Wandhalterung L&amp;S 3 Flache Wandhalterung f\u00fcr Bildschirme bis 127 cm (50 Zoll). Diese nicht verstellbare Wandhalterung ist nur 18 mm tief und bietet die M\u00f6glichkeit, den Bildschrim mittels Sicherungshaken zu sichern (Lock &amp; Secure). Smart Metals &#8211; Wandhalterung mit Feineinstellung Wandhalterung f\u00fcr Ultra-Short-Throw-Projektoren, wie die Hitachi A100-Serie, der Sanyo PLC-XL50 oder PDG-DWL2500. [&hellip;]<\/p>","protected":false},"author":1,"featured_media":45482,"parent":1221,"menu_order":129,"comment_status":"closed","ping_status":"open","template":"","meta":{"_acf_changed":false,"footnotes":""},"class_list":["post-2618","page","type-page","status-publish","has-post-thumbnail","hentry"],"acf":[],"_links":{"self":[{"href":"https:\/\/konferenztechnik.de\/tr\/wp-json\/wp\/v2\/pages\/2618","targetHints":{"allow":["GET"]}}],"collection":[{"href":"https:\/\/konferenztechnik.de\/tr\/wp-json\/wp\/v2\/pages"}],"about":[{"href":"https:\/\/konferenztechnik.de\/tr\/wp-json\/wp\/v2\/types\/page"}],"author":[{"embeddable":true,"href":"https:\/\/konferenztechnik.de\/tr\/wp-json\/wp\/v2\/users\/1"}],"replies":[{"embeddable":true,"href":"https:\/\/konferenztechnik.de\/tr\/wp-json\/wp\/v2\/comments?post=2618"}],"version-history":[{"count":0,"href":"https:\/\/konferenztechnik.de\/tr\/wp-json\/wp\/v2\/pages\/2618\/revisions"}],"up":[{"embeddable":true,"href":"https:\/\/konferenztechnik.de\/tr\/wp-json\/wp\/v2\/pages\/1221"}],"wp:featuredmedia":[{"embeddable":true,"href":"https:\/\/konferenztechnik.de\/tr\/wp-json\/wp\/v2\/media\/45482"}],"wp:attachment":[{"href":"https:\/\/konferenztechnik.de\/tr\/wp-json\/wp\/v2\/media?parent=2618"}],"curies":[{"name":"wp","href":"https:\/\/api.w.org\/{rel}","templated":true}]}}