{"id":2628,"date":"2013-09-25T15:15:19","date_gmt":"2013-09-25T13:15:19","guid":{"rendered":"https:\/\/konferenztechnik.de\/?page_id=2628"},"modified":"2023-07-05T14:21:35","modified_gmt":"2023-07-05T12:21:35","slug":"tavan-baglantilari","status":"publish","type":"page","link":"https:\/\/konferenztechnik.de\/tr\/konferans-ve-av-medya-teknoloji%cc%87si%cc%87ni%cc%87n-dagitimi\/vi%cc%87deo-teknoloji%cc%87si%cc%87\/ekranlar-ve-projektoerler-icin-montaj-aparatlari\/tavan-baglantilari\/","title":{"rendered":"Tavan braketleri"},"content":{"rendered":"<h1>Tavan braketleri<\/h1>\n<h2>Audipack projekt\u00f6r tavan montaj\u0131<\/h2>\n<p><a href=\"https:\/\/konferenztechnik.de\/wp-content\/uploads\/2013\/09\/audipack_beamer_deckenhalterung_pcs.jpg\"><img fetchpriority=\"high\" decoding=\"async\" width=\"792\" height=\"594\" src=\"https:\/\/konferenztechnik.de\/wp-content\/uploads\/2013\/09\/audipack_beamer_deckenhalterung_pcs.jpg\" alt=\"Audipack projekt\u00f6r tavan montaj\u0131\" class=\"alignleft size-full wp-image-2752\" title=\"\" srcset=\"https:\/\/konferenztechnik.de\/wp-content\/uploads\/2013\/09\/audipack_beamer_deckenhalterung_pcs.jpg 792w, https:\/\/konferenztechnik.de\/wp-content\/uploads\/2013\/09\/audipack_beamer_deckenhalterung_pcs-300x225.jpg 300w, https:\/\/konferenztechnik.de\/wp-content\/uploads\/2013\/09\/audipack_beamer_deckenhalterung_pcs-768x576.jpg 768w\" sizes=\"(max-width: 792px) 100vw, 792px\" \/><\/a><\/p>\n<p>Projekt\u00f6rler ve 70 kg'a kadar ekranlar i\u00e7in projekt\u00f6r tavan montaj aparat\u0131. Optimum projekt\u00f6r hizalamas\u0131 i\u00e7in patentli bilyal\u0131 mafsal i\u00e7erir.<\/p>\n<h2>Audipack projekt\u00f6r tavan montaj\u0131<\/h2>\n<ul>\n<li>\u00c7ok d\u00fc\u015f\u00fck a\u011f\u0131rl\u0131k<\/li>\n<li>Esnek projekt\u00f6r hizalamas\u0131<\/li>\n<li>T\u00fcm Audipack projekt\u00f6r ba\u011flant\u0131lar\u0131yla uyumlu montaj plakas\u0131<\/li>\n<li>165 mm sabit uzunluk<\/li>\n<li>T\u00dcV sertifikal\u0131<\/li>\n<li>\u00dcr\u00fcn no: 390065<\/li>\n<\/ul>\n<h2>90\u00b0 d\u00f6ner ba\u015fl\u0131kl\u0131 projekt\u00f6r montaj aparat\u0131<\/h2>\n<p><a href=\"https:\/\/konferenztechnik.de\/wp-content\/uploads\/2013\/09\/audipack_projektorhalterung_392361_pcs.jpg\"><img decoding=\"async\" width=\"792\" height=\"594\" src=\"https:\/\/konferenztechnik.de\/wp-content\/uploads\/2013\/09\/audipack_projektorhalterung_392361_pcs.jpg\" alt=\"90\u00b0 d\u00f6ner ba\u015fl\u0131kl\u0131 projekt\u00f6r montaj aparat\u0131\" class=\"alignleft size-full wp-image-2756\" title=\"\" srcset=\"https:\/\/konferenztechnik.de\/wp-content\/uploads\/2013\/09\/audipack_projektorhalterung_392361_pcs.jpg 792w, https:\/\/konferenztechnik.de\/wp-content\/uploads\/2013\/09\/audipack_projektorhalterung_392361_pcs-300x225.jpg 300w, https:\/\/konferenztechnik.de\/wp-content\/uploads\/2013\/09\/audipack_projektorhalterung_392361_pcs-768x576.jpg 768w\" sizes=\"(max-width: 792px) 100vw, 792px\" \/><\/a><\/p>\n<p>Projekt\u00f6rler ve 70 kg'a kadar ekranlar i\u00e7in projekt\u00f6r tavan montaj aparat\u0131. Teleskopik tasar\u0131m 700 ila 940 mm aras\u0131nda esnek bir uzunluk sa\u011flar. Optimum projekt\u00f6r hizalamas\u0131 i\u00e7in patentli bilyal\u0131 mafsal ve projekt\u00f6r\u00fc dikey olarak 90 derece hareket ettirme \u00f6zelli\u011fi i\u00e7erir. G\u00fcvenli ve rahat kurulum i\u00e7in kablo \u00e7\u0131k\u0131\u015flar\u0131.<\/p>\n<h2>90\u00b0 d\u00f6ner ba\u015fl\u0131kl\u0131 projekt\u00f6r montaj aparat\u0131<\/h2>\n<ul>\n<li>Ayarlanabilir uzunluk 700 ila 940 mm<\/li>\n<li>Esnek projekt\u00f6r hizalamas\u0131, 90 dereceye kadar dikey d\u00f6nd\u00fcrme<\/li>\n<li>T\u00fcm Audipack projekt\u00f6r ba\u011flant\u0131lar\u0131yla uyumlu montaj plakas\u0131<\/li>\n<li>\u00c7\u0131k\u0131\u015fl\u0131 entegre kablo kanal\u0131<\/li>\n<li>\u00dcr\u00fcn no: 390201<\/li>\n<\/ul>\n<h2>Quick Release Plus projekt\u00f6r yuvas\u0131<\/h2>\n<p><a href=\"https:\/\/konferenztechnik.de\/wp-content\/uploads\/2013\/09\/audipack_projektorhalterung_392361b_pcs.jpg\"><img decoding=\"async\" width=\"792\" height=\"594\" src=\"https:\/\/konferenztechnik.de\/wp-content\/uploads\/2013\/09\/audipack_projektorhalterung_392361b_pcs.jpg\" alt=\"Quick Release Plus projekt\u00f6r yuvas\u0131\" class=\"alignleft size-full wp-image-2757\" title=\"\" srcset=\"https:\/\/konferenztechnik.de\/wp-content\/uploads\/2013\/09\/audipack_projektorhalterung_392361b_pcs.jpg 792w, https:\/\/konferenztechnik.de\/wp-content\/uploads\/2013\/09\/audipack_projektorhalterung_392361b_pcs-300x225.jpg 300w, https:\/\/konferenztechnik.de\/wp-content\/uploads\/2013\/09\/audipack_projektorhalterung_392361b_pcs-768x576.jpg 768w\" sizes=\"(max-width: 792px) 100vw, 792px\" \/><\/a><\/p>\n<p>Quick Release Plus 50 kg'a kadar projekt\u00f6rler i\u00e7in tavan montaj aparat\u0131. \u00d6zel Quick Release Plus kilitleme sistemi, projekt\u00f6r\u00fcn \u00e7ok h\u0131zl\u0131 bir \u015fekilde kald\u0131r\u0131l\u0131p indirilmesini sa\u011flar. Montaj plakas\u0131 \u00fczerindeki \u00fc\u00e7 ayar d\u00fc\u011fmesi kullan\u0131larak projekt\u00f6r hizalamas\u0131n\u0131n \u00fc\u00e7 boyutlu ince ayar\u0131. Birden fazla projekt\u00f6rl\u00fc kurulumlar i\u00e7in ideal!<\/p>\n<h2>Quick Release Plus projekt\u00f6r yuvas\u0131<\/h2>\n<ul>\n<li>50 kg'a kadar projekt\u00f6rler<\/li>\n<li>Esnek \u00fc\u00e7 boyutlu projekt\u00f6r hizalamas\u0131<\/li>\n<li>T\u00fcm Audipack projekt\u00f6r ba\u011flant\u0131lar\u0131yla uyumlu montaj plakas\u0131<\/li>\n<li>\u00dcr\u00fcn no: 392361<\/li>\n<\/ul>\n<h2>Quatrofix\u00ae projekt\u00f6r montaj aparat\u0131<\/h2>\n<p><a href=\"https:\/\/konferenztechnik.de\/wp-content\/uploads\/2013\/09\/Audipack-QFIX-0100G.jpg\"><img loading=\"lazy\" decoding=\"async\" width=\"800\" height=\"600\" src=\"https:\/\/konferenztechnik.de\/wp-content\/uploads\/2013\/09\/Audipack-QFIX-0100G.jpg\" alt=\"Quatrofix\u00ae projekt\u00f6r montaj aparat\u0131\" class=\"alignleft size-full wp-image-2751\" title=\"\" srcset=\"https:\/\/konferenztechnik.de\/wp-content\/uploads\/2013\/09\/Audipack-QFIX-0100G.jpg 800w, https:\/\/konferenztechnik.de\/wp-content\/uploads\/2013\/09\/Audipack-QFIX-0100G-300x225.jpg 300w, https:\/\/konferenztechnik.de\/wp-content\/uploads\/2013\/09\/Audipack-QFIX-0100G-768x576.jpg 768w\" sizes=\"(max-width: 800px) 100vw, 800px\" \/><\/a><\/p>\n<p>Quatrofix braketi, farkl\u0131 \u00fcreticilerin ve modellerin monte edilebilmesi i\u00e7in projekt\u00f6r boyutuna g\u00f6re esnek bir \u015fekilde ayarlanabilir. A\u011f\u0131rl\u0131\u011f\u0131 20 kg'a kadar olan projekt\u00f6rler kullan\u0131labilir. Projekt\u00f6rlerin tavana h\u0131zl\u0131 ve kolay montaj\u0131 i\u00e7in ideal \u00e7\u00f6z\u00fcm. Farkl\u0131 uzunluklarda da mevcuttur.<\/p>\n<h2>Quatrofix\u00ae projekt\u00f6r montaj aparat\u0131<\/h2>\n<ul>\n<li>minimalist tasar\u0131m<\/li>\n<li>Farkl\u0131 boyutlarda mevcuttur<\/li>\n<li>Basit kablo y\u00f6nlendirme<\/li>\n<\/ul>\n<h2>Smart Metals \u2013 tavan montaj\u0131 (\u0131\u015f\u0131k serisi) VESA 200 braketi dahil<\/h2>\n<p><a href=\"https:\/\/konferenztechnik.de\/wp-content\/uploads\/2013\/09\/smart-metals_ceiling-mount_0728100122.jpg\"><img loading=\"lazy\" decoding=\"async\" src=\"https:\/\/konferenztechnik.de\/wp-content\/uploads\/2013\/09\/smart-metals_ceiling-mount_0728100122-124x300.jpg\" alt=\"Smart Metals_Ceiling Mount 0728100122\" width=\"124\" height=\"300\" class=\"alignleft size-medium wp-image-4431\" title=\"\"><\/a><\/p>\n<p>Ekranlar i\u00e7in Light Serisi tavan montaj aparat\u0131. Ekranlar hem yatay hem de dikey konumda monte edilebilir.  Montaj aparat\u0131 bir VESA 200 braket ile birlikte verilir. Di\u011fer braket \u00e7e\u015fitleri de elbette mevcuttur. Bizimle ileti\u015fime ge\u00e7meniz yeterlidir.<\/p>\n<h2>Smart Metals \u2013 tavan montaj\u0131 (\u0131\u015f\u0131k serisi) VESA 200 braketi dahil<\/h2>\n<ul>\n<li>Maksimum uzunluk: 1000 mm<\/li>\n<li>A\u011f\u0131rl\u0131k: 10,2 kg<\/li>\n<li>Renk: Koyu gri ve al\u00fcminyum<\/li>\n<li>Maksimum y\u00fck: 30 kg<\/li>\n<li>Ekran konumu: Yatay ve Dikey<\/li>\n<li>\u0130n\u00e7 aral\u0131\u011f\u0131: maks. 55 in\u00e7<\/li>\n<li>Braket \/ aray\u00fcz: dahildir<\/li>\n<li>Montaj tipi \/ aray\u00fcz: VESA<\/li>\n<li>Eri\u015fim a\u00e7\u0131s\u0131 \/ aray\u00fcz: VESA 100, 200<\/li>\n<li>E\u011fim fonksiyonu: maks. 15 \u00b0<\/li>\n<li>Tavan e\u011fme fonksiyonu: +30 \u00b0 ila -30 \u00b0<\/li>\n<li>Kablo kanal\u0131: 35 x 15 mm<\/li>\n<\/ul>\n<p><a href=\"https:\/\/konferenztechnik.de\/wp-content\/uploads\/2013\/09\/0728100122_SmartMetals_productleafletEN.pdf\">Smart Metals \u00fcr\u00fcn bilgi formu 072.8100-122 (\u0130ngilizce)<\/a><\/p>\n<h2>Smart Metals \u2013 tavan montaj\u0131 (\u0131\u015f\u0131k serisi) VESA 400 braket dahil<\/h2>\n<p><a href=\"https:\/\/konferenztechnik.de\/wp-content\/uploads\/2013\/09\/smart-metals_ceiling-mount_0728100144.jpg\"><img loading=\"lazy\" decoding=\"async\" src=\"https:\/\/konferenztechnik.de\/wp-content\/uploads\/2013\/09\/smart-metals_ceiling-mount_0728100144-144x300.jpg\" alt=\"Smart Metals Tavan Montaj\u0131 0728100144\" width=\"144\" height=\"300\" class=\"alignleft size-medium wp-image-4433\" title=\"\" srcset=\"https:\/\/konferenztechnik.de\/wp-content\/uploads\/2013\/09\/smart-metals_ceiling-mount_0728100144-144x300.jpg 144w, https:\/\/konferenztechnik.de\/wp-content\/uploads\/2013\/09\/smart-metals_ceiling-mount_0728100144.jpg 480w\" sizes=\"(max-width: 144px) 100vw, 144px\" \/><\/a><\/p>\n<p>Ekranlar i\u00e7in Light Serisi tavan montaj aparat\u0131. Ekranlar hem yatay hem de dikey konumda monte edilebilir.  Montaj aparat\u0131 bir VESA 400 braketle birlikte verilir. Di\u011fer braket \u00e7e\u015fitleri de elbette mevcuttur. Bizimle ileti\u015fime ge\u00e7meniz yeterlidir.<\/p>\n<h2>Smart Metals \u2013 tavan montaj\u0131 (\u0131\u015f\u0131k serisi) VESA 400 braket dahil<\/h2>\n<ul>\n<li>Maksimum uzunluk: 1000 mm<\/li>\n<li>A\u011f\u0131rl\u0131k: 12,3 kg<\/li>\n<li>Renk: Koyu gri ve al\u00fcminyum<\/li>\n<li>Maksimum y\u00fck: 30 kg<\/li>\n<li>Ekran konumu: Yatay ve Dikey<\/li>\n<li>\u0130n\u00e7 aral\u0131\u011f\u0131: maks. 55 in\u00e7<\/li>\n<li>Braket \/ aray\u00fcz: dahildir<\/li>\n<li>Montaj tipi \/ aray\u00fcz: VESA<\/li>\n<li>E\u011fim fonksiyonu: maks. 15 \u00b0<\/li>\n<li>Tavan e\u011fme fonksiyonu: +30 \u00b0 ila -30 \u00b0<\/li>\n<li>Kablo kanal\u0131: 35 x 15 mm<\/li>\n<\/ul>\n<p><a href=\"https:\/\/konferenztechnik.de\/wp-content\/uploads\/2013\/09\/0728100144_SmartMetals_productleafletEN.pdf\">0728100144_SmartMetals_productleafletEN<\/a>Smart Metals \u00fcr\u00fcn bilgi formu 072.8100-144 (\u0130ngilizce)<\/p>\n<h2>Projekt\u00f6r tavan braketi<\/h2>\n<p><a href=\"https:\/\/konferenztechnik.de\/wp-content\/uploads\/2013\/09\/Audipack_Konstruktionsklammer.jpg\"><img loading=\"lazy\" decoding=\"async\" width=\"792\" height=\"594\" src=\"https:\/\/konferenztechnik.de\/wp-content\/uploads\/2013\/09\/Audipack_Konstruktionsklammer.jpg\" alt=\"Projekt\u00f6r tavan braketi\" class=\"alignleft size-full wp-image-2754\" title=\"\" srcset=\"https:\/\/konferenztechnik.de\/wp-content\/uploads\/2013\/09\/Audipack_Konstruktionsklammer.jpg 792w, https:\/\/konferenztechnik.de\/wp-content\/uploads\/2013\/09\/Audipack_Konstruktionsklammer-300x225.jpg 300w, https:\/\/konferenztechnik.de\/wp-content\/uploads\/2013\/09\/Audipack_Konstruktionsklammer-768x576.jpg 768w\" sizes=\"(max-width: 792px) 100vw, 792px\" \/><\/a><\/p>\n<p>Projekt\u00f6rleri statik mukavemeti bozmadan \u00e7elik kiri\u015flere veya di\u011fer yap\u0131lara tutturmak i\u00e7in kelep\u00e7e. Kelep\u00e7e g\u00fcvenlik kablosu olmadan kullan\u0131labilir ve kurulumu son derece kolayd\u0131r. 50 kg'a kadar projekt\u00f6rler i\u00e7in.<\/p>\n<h2>Manuel d\u00f6nd\u00fcrme i\u00e7in tavan braketi<\/h2>\n<p><a href=\"https:\/\/konferenztechnik.de\/wp-content\/uploads\/2013\/09\/Audipack_Deckenhalterung_ManuelleRotation.jpg\"><img loading=\"lazy\" decoding=\"async\" width=\"792\" height=\"594\" src=\"https:\/\/konferenztechnik.de\/wp-content\/uploads\/2013\/09\/Audipack_Deckenhalterung_ManuelleRotation.jpg\" alt=\"Manuel d\u00f6nd\u00fcrme i\u00e7in tavan braketi\" class=\"alignleft size-full wp-image-2753\" title=\"\" srcset=\"https:\/\/konferenztechnik.de\/wp-content\/uploads\/2013\/09\/Audipack_Deckenhalterung_ManuelleRotation.jpg 792w, https:\/\/konferenztechnik.de\/wp-content\/uploads\/2013\/09\/Audipack_Deckenhalterung_ManuelleRotation-300x225.jpg 300w, https:\/\/konferenztechnik.de\/wp-content\/uploads\/2013\/09\/Audipack_Deckenhalterung_ManuelleRotation-768x576.jpg 768w\" sizes=\"(max-width: 792px) 100vw, 792px\" \/><\/a><\/p>\n<p>Projekt\u00f6rler i\u00e7in manuel olarak d\u00f6nd\u00fcr\u00fclebilir montaj plakas\u0131. Projekt\u00f6r, montajdan sonra kendi ekseninde d\u00f6nd\u00fcr\u00fclebilir. Bilyal\u0131 mafsal i\u00e7erir. 50 kg'a kadar projekt\u00f6rler i\u00e7in.<\/p>\n<h2>Audipack Ayna Kiti<\/h2>\n<p><a href=\"https:\/\/konferenztechnik.de\/wp-content\/uploads\/2013\/09\/Audipack_MirrorKit.jpg\"><img loading=\"lazy\" decoding=\"async\" width=\"792\" height=\"594\" src=\"https:\/\/konferenztechnik.de\/wp-content\/uploads\/2013\/09\/Audipack_MirrorKit.jpg\" alt=\"Audipack Ayna Kiti\" class=\"alignleft size-full wp-image-2755\" title=\"\" srcset=\"https:\/\/konferenztechnik.de\/wp-content\/uploads\/2013\/09\/Audipack_MirrorKit.jpg 792w, https:\/\/konferenztechnik.de\/wp-content\/uploads\/2013\/09\/Audipack_MirrorKit-300x225.jpg 300w, https:\/\/konferenztechnik.de\/wp-content\/uploads\/2013\/09\/Audipack_MirrorKit-768x576.jpg 768w\" sizes=\"(max-width: 792px) 100vw, 792px\" \/><\/a><\/p>\n<p>Ayna Kiti ile projekt\u00f6r tavana monte edilir, projeksiyon katlanabilir aynalar arac\u0131l\u0131\u011f\u0131yla sapt\u0131r\u0131l\u0131r ve duvara yans\u0131t\u0131l\u0131r. Bu, projekt\u00f6r\u00fcn g\u00f6r\u00fclemeyece\u011fi, daha sessiz oldu\u011fu ve tavan \u00e7\u0131k\u0131\u015f\u0131n\u0131n sadece ayna boyutunda g\u00f6r\u00fclebilece\u011fi anlam\u0131na gelir. Bu i\u015flev, kullan\u0131lan teknolojinin m\u00fcmk\u00fcn oldu\u011funca az g\u00f6r\u00fclmesinin \u00f6zellikle \u00f6nemli oldu\u011fu odalarda bir\u00e7ok avantaj sunar. Ayna kitleri farkl\u0131 \u00fcreticiler ve modeller i\u00e7in \u00e7e\u015fitli tasar\u0131mlarda mevcuttur.<\/p>\n<p>Konferans masalar\u0131na kurulum i\u00e7in ba\u015fka modeller de mevcuttur. Size tavsiyede bulunmam\u0131za izin verin!<\/p>\n<h2>Audipack RotaKit<\/h2>\n<p><a href=\"https:\/\/konferenztechnik.de\/wp-content\/uploads\/2013\/09\/Audipack_RotaKit.jpg\"><img loading=\"lazy\" decoding=\"async\" width=\"792\" height=\"594\" src=\"https:\/\/konferenztechnik.de\/wp-content\/uploads\/2013\/09\/Audipack_RotaKit.jpg\" alt=\"Audipack RotaKit\" class=\"alignleft size-full wp-image-2758\" title=\"\" srcset=\"https:\/\/konferenztechnik.de\/wp-content\/uploads\/2013\/09\/Audipack_RotaKit.jpg 792w, https:\/\/konferenztechnik.de\/wp-content\/uploads\/2013\/09\/Audipack_RotaKit-300x225.jpg 300w, https:\/\/konferenztechnik.de\/wp-content\/uploads\/2013\/09\/Audipack_RotaKit-768x576.jpg 768w\" sizes=\"(max-width: 792px) 100vw, 792px\" \/><\/a><\/p>\n<p>Bir projekt\u00f6r\u00fc veya ekran\u0131 yatay olarak d\u00f6nd\u00fcrmek ve hizalamak i\u00e7in d\u00f6rt programlanabilir \u00f6n ayara sahip elektrik sistemi. Bu, \u00f6rne\u011fin sahne pozisyonlar\u0131 de\u011fi\u015fen odalarda d\u00f6rt farkl\u0131 projeksiyon y\u00fczeyinin ayd\u0131nlat\u0131lmas\u0131n\u0131 sa\u011flar. \u00dc\u00e7 farkl\u0131 standart model mevcuttur.<\/p>\n<h2>Audipack RotaKit<\/h2>\n<ul>\n<li>Elektrikli rotasyon<\/li>\n<li>Kontak r\u00f6lesi ile kontrol edilebilir<\/li>\n<li>20 kg'a kadar projekt\u00f6rler, 50 kg'a kadar ekranlar<\/li>\n<li>Yava\u015f ba\u015flatma, yava\u015f durdurma fonksiyonu<\/li>\n<\/ul>\n<p>PCS GmbH, Audipack'in resmi Alman distrib\u00fct\u00f6r\u00fcd\u00fcr. Size uzman tavsiyesi ve h\u0131zl\u0131 teslimat s\u00fcreleri sunuyoruz.<\/p>\n<p><img loading=\"lazy\" decoding=\"async\" src=\"https:\/\/konferenztechnik.de\/wp-content\/uploads\/2013\/09\/PCS-GmbH-Audipack-authorized-dealer-small.jpg\" alt=\"PCS GmbH bir Audipack yetkili sat\u0131c\u0131s\u0131d\u0131r\" width=\"200\" height=\"81\" class=\"alignright size-full wp-image-5489\" title=\"\"><\/p>","protected":false},"excerpt":{"rendered":"<p>Deckenhalterungen Audipack Projektor-Deckenhalterung Projektor-Deckenhalterung f\u00fcr Projektoren und Displays bis 70 kg. Inklusive patentiertem Kugelgelenk f\u00fcr eine optimale Projektorausrichtung. Audipack Projektor-Deckenhalterung sehr geringes Gewicht flexible Projektorausrichtung Montageplatte mit allen Audipack Projektorhalterungen kompatibel feste L\u00e4nge von 165 mm T\u00dcV zertifiziert Artikel Nr.: 390065 Projektorhalterung mit 90\u00b0 Drehkopf Projektor-Deckenhalterung f\u00fcr Projektoren und Displays bis 70 kg. Die Teleskopbauweise [&hellip;]<\/p>","protected":false},"author":1,"featured_media":45482,"parent":1221,"menu_order":128,"comment_status":"closed","ping_status":"open","template":"","meta":{"_acf_changed":false,"footnotes":""},"class_list":["post-2628","page","type-page","status-publish","has-post-thumbnail","hentry"],"acf":[],"_links":{"self":[{"href":"https:\/\/konferenztechnik.de\/tr\/wp-json\/wp\/v2\/pages\/2628","targetHints":{"allow":["GET"]}}],"collection":[{"href":"https:\/\/konferenztechnik.de\/tr\/wp-json\/wp\/v2\/pages"}],"about":[{"href":"https:\/\/konferenztechnik.de\/tr\/wp-json\/wp\/v2\/types\/page"}],"author":[{"embeddable":true,"href":"https:\/\/konferenztechnik.de\/tr\/wp-json\/wp\/v2\/users\/1"}],"replies":[{"embeddable":true,"href":"https:\/\/konferenztechnik.de\/tr\/wp-json\/wp\/v2\/comments?post=2628"}],"version-history":[{"count":0,"href":"https:\/\/konferenztechnik.de\/tr\/wp-json\/wp\/v2\/pages\/2628\/revisions"}],"up":[{"embeddable":true,"href":"https:\/\/konferenztechnik.de\/tr\/wp-json\/wp\/v2\/pages\/1221"}],"wp:featuredmedia":[{"embeddable":true,"href":"https:\/\/konferenztechnik.de\/tr\/wp-json\/wp\/v2\/media\/45482"}],"wp:attachment":[{"href":"https:\/\/konferenztechnik.de\/tr\/wp-json\/wp\/v2\/media?parent=2628"}],"curies":[{"name":"wp","href":"https:\/\/api.w.org\/{rel}","templated":true}]}}