{"id":2630,"date":"2013-09-25T15:16:13","date_gmt":"2013-09-25T13:16:13","guid":{"rendered":"https:\/\/konferenztechnik.de\/?page_id=2630"},"modified":"2023-07-05T10:58:26","modified_gmt":"2023-07-05T08:58:26","slug":"makas-braketleri","status":"publish","type":"page","link":"https:\/\/konferenztechnik.de\/tr\/konferans-ve-av-medya-teknoloji%cc%87si%cc%87ni%cc%87n-dagitimi\/vi%cc%87deo-teknoloji%cc%87si%cc%87\/ekranlar-ve-projektoerler-icin-montaj-aparatlari\/makas-braketleri\/","title":{"rendered":"Makas braketleri"},"content":{"rendered":"<h1>Makas braketleri<\/h1>\n<h2>Audipack Quick Release projekt\u00f6r makas montaj\u0131<\/h2>\n<p><a href=\"https:\/\/konferenztechnik.de\/wp-content\/uploads\/2013\/09\/Audipack_Trusshalterung_QuickRelease.jpg\"><img fetchpriority=\"high\" decoding=\"async\" width=\"792\" height=\"594\" class=\"alignleft size-full wp-image-2773\" src=\"https:\/\/konferenztechnik.de\/wp-content\/uploads\/2013\/09\/Audipack_Trusshalterung_QuickRelease.jpg\" alt=\"Audipack Quick Release projekt\u00f6r makas montaj\u0131\" title=\"\" srcset=\"https:\/\/konferenztechnik.de\/wp-content\/uploads\/2013\/09\/Audipack_Trusshalterung_QuickRelease.jpg 792w, https:\/\/konferenztechnik.de\/wp-content\/uploads\/2013\/09\/Audipack_Trusshalterung_QuickRelease-300x225.jpg 300w, https:\/\/konferenztechnik.de\/wp-content\/uploads\/2013\/09\/Audipack_Trusshalterung_QuickRelease-768x576.jpg 768w\" sizes=\"(max-width: 792px) 100vw, 792px\" \/><\/a><\/p>\n<p>T\u00fcm Audipack projekt\u00f6r ba\u011flant\u0131lar\u0131 ve Easy-Mounts ile birle\u015ftirilebilen, 50 kg'a kadar projekt\u00f6rler i\u00e7in kafes montaj aparat\u0131.<\/p>\n<p>Quick Release projekt\u00f6r kafes montaj aparat\u0131 kafes kiri\u015fe kolayca ve g\u00fcvenli bir \u015fekilde tak\u0131labilir. Bilyal\u0131 mafsall\u0131 projekt\u00f6r montaj sistemi sayesinde projekt\u00f6rler kolayca monte edilebilir, hizalanabilir veya de\u011fi\u015ftirilebilir. Braket \u00e7e\u015fitli uzunluklarda ve tasar\u0131mlarda mevcuttur ve gereksinimlerinize uyacak \u015fekilde \u00f6zelle\u015ftirilebilir.<\/p>\n<h2>Audipack Quick Release Plus projekt\u00f6r makas ba\u011flant\u0131s\u0131<\/h2>\n<p><a href=\"https:\/\/konferenztechnik.de\/wp-content\/uploads\/2018\/04\/Audipack-projector-truss-mount-quick-release-plus.jpg\"><img decoding=\"async\" width=\"800\" height=\"600\" class=\"alignleft size-full wp-image-13004\" src=\"https:\/\/konferenztechnik.de\/wp-content\/uploads\/2018\/04\/Audipack-projector-truss-mount-quick-release-plus.jpg\" alt=\"Audipack projekt\u00f6r makas montaj\u0131 Quick-Release-Plus\" title=\"\" srcset=\"https:\/\/konferenztechnik.de\/wp-content\/uploads\/2018\/04\/Audipack-projector-truss-mount-quick-release-plus.jpg 800w, https:\/\/konferenztechnik.de\/wp-content\/uploads\/2018\/04\/Audipack-projector-truss-mount-quick-release-plus-300x225.jpg 300w, https:\/\/konferenztechnik.de\/wp-content\/uploads\/2018\/04\/Audipack-projector-truss-mount-quick-release-plus-768x576.jpg 768w\" sizes=\"(max-width: 800px) 100vw, 800px\" \/><\/a><\/p>\n<p>T\u00fcm Audipack projekt\u00f6r ba\u011flant\u0131lar\u0131 ve Easy-Mounts ile birle\u015ftirilebilen, 50 kg'a kadar projekt\u00f6rler i\u00e7in kafes montaj aparat\u0131.<\/p>\n<p>Quick Release Projector Plus kafes montaj aparat\u0131 kafes kiri\u015fe kolayca ve g\u00fcvenli bir \u015fekilde tak\u0131labilir. Bilyal\u0131 mafsall\u0131 projekt\u00f6r montaj sistemi sayesinde projekt\u00f6rler daha sonra kolayca monte edilebilir, hizalanabilir veya de\u011fi\u015ftirilebilir.<\/p>\n<h2>Audipack Quick Release Plus projekt\u00f6r makas ba\u011flant\u0131s\u0131<\/h2>\n<p>Bilyal\u0131 mafsala ek olarak, Plus versiyonunda \u00fc\u00e7 ayar d\u00fc\u011fmesi bulunan bir hizalama platformu vard\u0131r. Bu, projekt\u00f6r konumunun \u00e7ok hassas bir \u015fekilde ayarlanmas\u0131n\u0131 sa\u011flar, bu da ayn\u0131 anda birden fazla projekt\u00f6r kullan\u0131rken \u00f6zellikle yararl\u0131d\u0131r!<\/p>\n<p>Braket \u00e7e\u015fitli uzunluklarda ve tasar\u0131mlarda mevcuttur ve gereksinimlerinize uyacak \u015fekilde \u00f6zelle\u015ftirilebilir.<\/p>\n<h2>Projekt\u00f6r ayar\u0131 i\u00e7in Smart Metals Truss Da\u011f\u0131 (Prod. No. 002.1600)<\/h2>\n<p><a href=\"https:\/\/konferenztechnik.de\/wp-content\/uploads\/2014\/04\/smart-metals_truss-mount_0021600.jpg\"><img decoding=\"async\" width=\"1769\" height=\"1424\" class=\"alignleft size-full wp-image-4375\" src=\"https:\/\/konferenztechnik.de\/wp-content\/uploads\/2014\/04\/smart-metals_truss-mount_0021600.jpg\" alt=\"Smart Metals Makas Ba\u011flant\u0131s\u0131 002.1600\" title=\"\" srcset=\"https:\/\/konferenztechnik.de\/wp-content\/uploads\/2014\/04\/smart-metals_truss-mount_0021600.jpg 1769w, https:\/\/konferenztechnik.de\/wp-content\/uploads\/2014\/04\/smart-metals_truss-mount_0021600-300x241.jpg 300w, https:\/\/konferenztechnik.de\/wp-content\/uploads\/2014\/04\/smart-metals_truss-mount_0021600-1024x824.jpg 1024w, https:\/\/konferenztechnik.de\/wp-content\/uploads\/2014\/04\/smart-metals_truss-mount_0021600-768x618.jpg 768w, https:\/\/konferenztechnik.de\/wp-content\/uploads\/2014\/04\/smart-metals_truss-mount_0021600-1536x1236.jpg 1536w\" sizes=\"(max-width: 1769px) 100vw, 1769px\" \/><\/a><\/p>\n<p>\u00d6zel ince ayar di\u015fli mekanizmas\u0131 ile projekt\u00f6rleri 20 dereceye kadar e\u015fit \u015fekilde d\u00f6nd\u00fcrmek ve e\u011fmek m\u00fcmk\u00fcnd\u00fcr. Ayarlamalar son derece kolay bir \u015fekilde yap\u0131labilir, bu da \u00f6zellikle \u00e7oklu projeksiyonlar i\u00e7in yararl\u0131 olabilir.<br \/>\nMekanizma, sahadaki teknisyenler i\u00e7in de\u011ferli zaman tasarrufu sa\u011flar. Braket elektrik yal\u0131t\u0131ml\u0131d\u0131r ve farkl\u0131 versiyonlarda sipari\u015f edilebilir.<\/p>\n<h2>Projekt\u00f6r ayar\u0131 i\u00e7in Smart Metals Truss Da\u011f\u0131 (Prod. No. 002.1600)<\/h2>\n<ul>\n<li>Maksimum uzunluk: 180 mm<\/li>\n<li>A\u011f\u0131rl\u0131k: 5,10 kg<\/li>\n<li>Renk: Siyah<\/li>\n<li>Maksimum y\u00fck: 25 kg<\/li>\n<li>Braket \/ aray\u00fcz: iste\u011fe ba\u011fl\u0131<\/li>\n<li>Montaj tipi \/ aray\u00fcz: Projekt\u00f6re \u00f6zel<\/li>\n<li>E\u011fim fonksiyonu: \u0130nce ayar +20 \u00b0 ila -20 \u00b0<\/li>\n<li>D\u00f6n\u00fc\u015f: 180 \u00b010.04.2014 14:22:02<\/li>\n<li>Daha fazla bilgi: Elektrik yal\u0131t\u0131m\u0131, Doughty tetik kelep\u00e7eleri hari\u00e7 (2x 003.1128)<\/li>\n<\/ul>\n<p><a href=\"https:\/\/konferenztechnik.de\/wp-content\/uploads\/2013\/09\/0021600_SmartMetals_productleafletEN.pdf\"> Smart Metals \u00fcr\u00fcn bilgi formu 002.1600 (\u0130ngilizce)<\/a><\/p>\n<h2>Smart Metals \u2013 makas braketi (\u00fcr\u00fcn numaras\u0131: 002.1660)<\/h2>\n<p><a href=\"https:\/\/konferenztechnik.de\/wp-content\/uploads\/2014\/04\/smart-metals_truss-mount_0021660-scaled-1.jpg\"><img loading=\"lazy\" decoding=\"async\" class=\"alignleft size-medium wp-image-4422\" src=\"https:\/\/konferenztechnik.de\/wp-content\/uploads\/2014\/04\/smart-metals_truss-mount_0021660-133x300.jpg\" alt=\"Smart Metals travers braketi 0021660\" width=\"133\" height=\"300\" title=\"\"><\/a><\/p>\n<p>Bu braket projekt\u00f6rlerin h\u0131zl\u0131 ve kolay montaj\u0131 i\u00e7in idealdir<br \/>\n(\u00f6rne\u011fin kiralama durumlar\u0131nda). \u00c7eyrek tur \u00e7evirmeyle projekt\u00f6r hi\u00e7 vakit kaybetmeden brakete monte edilir.<br \/>\nBraket elektriksel olarak yal\u0131t\u0131lm\u0131\u015ft\u0131r, b\u00f6ylece kafes kiri\u015fte ek yal\u0131t\u0131m gerekmez. Bilyal\u0131 mafsal, projekt\u00f6r konumunun kolayca ayarlanmas\u0131n\u0131 sa\u011flar. Gerekli g\u00fcvenlik ba\u011flant\u0131s\u0131 i\u00e7in kald\u0131rma halkalar\u0131 tak\u0131lm\u0131\u015ft\u0131r.<\/p>\n<h2>Smart Metals \u2013 makas braketi (\u00fcr\u00fcn numaras\u0131: 002.1660)<\/h2>\n<ul>\n<li>Minimum uzunluk: 450 mm<\/li>\n<li>Maksimum uzunluk: 700 mm<\/li>\n<li>A\u011f\u0131rl\u0131k: 2,95 kg<\/li>\n<li>Renk: Siyah<\/li>\n<li>Maksimum y\u00fck: 30 kg<\/li>\n<li>Y\u00fckseklik ayar\u0131: Manuel<\/li>\n<li>Braket \/ aray\u00fcz: ayr\u0131 olarak temin edilebilir<\/li>\n<li>Montaj tipi \/ aray\u00fcz: Projekt\u00f6re \u00f6zel \/ evrensel montaj<\/li>\n<li>E\u011fim fonksiyonu: +20 \u00b0 ila -20 \u00b0<\/li>\n<li>D\u00f6nd\u00fcrme: 360 \u00b0<\/li>\n<li>Kablo kanal\u0131: 25 mm \u00d8<\/li>\n<li>Daha fazla bilgi: Elektrik yal\u0131t\u0131m\u0131, projekt\u00f6r\u00fc sabitlemek i\u00e7in kald\u0131rma halkalar\u0131 dahil<\/li>\n<\/ul>\n<p><a href=\"https:\/\/konferenztechnik.de\/wp-content\/uploads\/2013\/09\/0021660_SmartMetals_productleafletEN.pdf\">0021660_SmartMetals_productleafletENSmart Metals \u00fcr\u00fcn bilgi formu 002.1660 (\u0130ngilizce)<\/a><\/p>\n<h2>Smart Metals makas veya tavan braketi (\u00fcr\u00fcn numaras\u0131: 002.1670)<\/h2>\n<p><a href=\"https:\/\/konferenztechnik.de\/wp-content\/uploads\/2013\/09\/smart-metals_truss-mount_0021670-scaled-1.jpg\"><img loading=\"lazy\" decoding=\"async\" class=\"alignleft size-medium wp-image-4426\" src=\"https:\/\/konferenztechnik.de\/wp-content\/uploads\/2013\/09\/smart-metals_truss-mount_0021670-98x300.jpg\" alt=\"Smart Metals Makas Ba\u011flant\u0131s\u0131 0021670\" width=\"98\" height=\"300\" title=\"\"><\/a><\/p>\n<p>Bu braket, a\u011f\u0131r kurulum projekt\u00f6rleri i\u00e7in \u00f6zel olarak tasarlanm\u0131\u015ft\u0131r. Boru seti entegre bir ince ayara sahiptir ve sahada da \u00f6zelle\u015ftirilebilen \u00fc\u00e7 uzunlukta mevcuttur.<\/p>\n<p>Vida di\u015fli ince ayar (bkz. art. no. 002.1600), projekt\u00f6r\u00fcn s\u00fcrekli olarak 20 derece d\u00f6nd\u00fcr\u00fclmesini ve e\u011filmesini sa\u011flar. Optimum montaj i\u00e7in bu seti projekt\u00f6re \u00f6zel bir braketle birle\u015ftirin.<\/p>\n<h2>Smart Metals makas veya tavan braketi (\u00fcr\u00fcn numaras\u0131: 002.1670)<\/h2>\n<ul>\n<li>Minimum uzunluk: uzunlu\u011fu k\u0131salt\u0131labilir (452 mm'ye kadar)<\/li>\n<li>Maksimum uzunluk: 1222 mm<\/li>\n<li>Renk: Siyah<\/li>\n<li>Maksimum y\u00fck: 25 kg<\/li>\n<li>Braket \/ aray\u00fcz: ayr\u0131 olarak temin edilebilir<\/li>\n<li>Montaj tipi \/ aray\u00fcz: Projekt\u00f6re \u00f6zel<\/li>\n<li>E\u011fim fonksiyonu: \u0130nce ayar +20 \u00b0 ila -20 \u00b0<\/li>\n<li>D\u00f6nd\u00fcrme: 180 \u00b0<\/li>\n<li>Kablo kanal\u0131: 45 mm \u00d8<\/li>\n<\/ul>\n<p><a href=\"https:\/\/konferenztechnik.de\/wp-content\/uploads\/2013\/09\/0021670_SmartMetals_productleafletEN.pdf\">0021670_SmartMetals_productleafletENSmart Metals \u00fcr\u00fcn bilgi formu 002.1670 (\u0130ngilizce)<\/a><\/p>\n<h2>Projekt\u00f6rler i\u00e7in Audipack y\u0131\u011f\u0131n \u00e7er\u00e7evesi<\/h2>\n<p><a href=\"https:\/\/konferenztechnik.de\/wp-content\/uploads\/2013\/09\/Audipack_Trusshalterung_StackFrame.jpg\"><img loading=\"lazy\" decoding=\"async\" width=\"792\" height=\"594\" class=\"alignleft size-full wp-image-2772\" src=\"https:\/\/konferenztechnik.de\/wp-content\/uploads\/2013\/09\/Audipack_Trusshalterung_StackFrame.jpg\" alt=\"Projekt\u00f6rler i\u00e7in Audipack y\u0131\u011f\u0131n \u00e7er\u00e7evesi\" title=\"\" srcset=\"https:\/\/konferenztechnik.de\/wp-content\/uploads\/2013\/09\/Audipack_Trusshalterung_StackFrame.jpg 792w, https:\/\/konferenztechnik.de\/wp-content\/uploads\/2013\/09\/Audipack_Trusshalterung_StackFrame-300x225.jpg 300w, https:\/\/konferenztechnik.de\/wp-content\/uploads\/2013\/09\/Audipack_Trusshalterung_StackFrame-768x576.jpg 768w\" sizes=\"(max-width: 792px) 100vw, 792px\" \/><\/a><\/p>\n<p>Farkl\u0131 \u00fcreticilerin projekt\u00f6rleri i\u00e7in 3D istif \u00e7er\u00e7evesi. \u00c7er\u00e7eve, \u00f6zellikle s\u0131k ta\u015f\u0131ma veya montaj ve demontaj s\u0131ras\u0131nda projekt\u00f6rler i\u00e7in \u00f6zel koruma sa\u011flar. \u2013 \u00f6zellikle kiralama \u015firketleri veya mobil etkinlik organizat\u00f6rleri i\u00e7in ilgi \u00e7ekicidir!<\/p>\n<h2>Projekt\u00f6rler i\u00e7in Audipack y\u0131\u011f\u0131n \u00e7er\u00e7evesi<\/h2>\n<p>Projekt\u00f6r \u00e7er\u00e7eveye bir plaka \u00fczerine monte edilmi\u015ftir. \u00dc\u00e7 ayar tekerle\u011fi, g\u00f6r\u00fcnt\u00fc hizalamas\u0131n\u0131 \u00e7ok hassas bir \u015fekilde ayarlamay\u0131 m\u00fcmk\u00fcn k\u0131lar. \u00c7e\u015fitli aksesuarlarla birlikte \u00e7er\u00e7eve, birden fazla projekt\u00f6rle kullan\u0131m i\u00e7in de \u2013 optimum \u015fekilde geni\u015fletilebilir.<\/p>\n<ul>\n<li>Nakliye hasarlar\u0131na kar\u015f\u0131 \u00e7ok iyi koruma<\/li>\n<li>Kiralama \u015firketleri veya mobil etkinlik organizat\u00f6rleri i\u00e7in ideal<\/li>\n<li>Birden fazla projekt\u00f6rle \u00e7al\u0131\u015f\u0131rken bile en do\u011fru g\u00f6r\u00fcnt\u00fc hizalamas\u0131n\u0131 sa\u011flar<\/li>\n<li>Basit projekt\u00f6r kurulumu<\/li>\n<\/ul>\n<p>PCS GmbH, Audipack'in resmi Alman distrib\u00fct\u00f6r\u00fcd\u00fcr. Size uzman tavsiyesi ve h\u0131zl\u0131 teslimat s\u00fcreleri sunuyoruz.<\/p>\n<p><img loading=\"lazy\" decoding=\"async\" class=\"alignright size-full wp-image-5489\" src=\"https:\/\/konferenztechnik.de\/wp-content\/uploads\/2013\/09\/PCS-GmbH-Audipack-authorized-dealer-small.jpg\" alt=\"PCS GmbH bir Audipack yetkili sat\u0131c\u0131s\u0131d\u0131r\" width=\"200\" height=\"81\" title=\"\"><\/p>","protected":false},"excerpt":{"rendered":"<p>Traversenhalterungen Audipack Quick Release Projektor Traversen-Halterung Traversenhalterung f\u00fcr Projektoren bis 50 kg, die mit allen Audipack Projektorhalterungen und Easy-Mounts kombiniert werden kann. Die Quick Release Projektor Traversen-Halterung l\u00e4sst sich einfach und sicher an der Traverse befestigen. Dank des Projektorhalterungssystems mit Kugelgelenk lassen sich Projektoren danach ebenso einfach montieren, ausrichten oder austauschen. Die Halterung ist in [&hellip;]<\/p>","protected":false},"author":1,"featured_media":45482,"parent":1221,"menu_order":127,"comment_status":"closed","ping_status":"open","template":"","meta":{"_acf_changed":false,"footnotes":""},"class_list":["post-2630","page","type-page","status-publish","has-post-thumbnail","hentry"],"acf":[],"_links":{"self":[{"href":"https:\/\/konferenztechnik.de\/tr\/wp-json\/wp\/v2\/pages\/2630","targetHints":{"allow":["GET"]}}],"collection":[{"href":"https:\/\/konferenztechnik.de\/tr\/wp-json\/wp\/v2\/pages"}],"about":[{"href":"https:\/\/konferenztechnik.de\/tr\/wp-json\/wp\/v2\/types\/page"}],"author":[{"embeddable":true,"href":"https:\/\/konferenztechnik.de\/tr\/wp-json\/wp\/v2\/users\/1"}],"replies":[{"embeddable":true,"href":"https:\/\/konferenztechnik.de\/tr\/wp-json\/wp\/v2\/comments?post=2630"}],"version-history":[{"count":0,"href":"https:\/\/konferenztechnik.de\/tr\/wp-json\/wp\/v2\/pages\/2630\/revisions"}],"up":[{"embeddable":true,"href":"https:\/\/konferenztechnik.de\/tr\/wp-json\/wp\/v2\/pages\/1221"}],"wp:featuredmedia":[{"embeddable":true,"href":"https:\/\/konferenztechnik.de\/tr\/wp-json\/wp\/v2\/media\/45482"}],"wp:attachment":[{"href":"https:\/\/konferenztechnik.de\/tr\/wp-json\/wp\/v2\/media?parent=2630"}],"curies":[{"name":"wp","href":"https:\/\/api.w.org\/{rel}","templated":true}]}}