{"id":2744,"date":"2013-09-25T17:55:51","date_gmt":"2013-09-25T15:55:51","guid":{"rendered":"https:\/\/konferenztechnik.de\/?page_id=2744"},"modified":"2023-08-29T14:31:38","modified_gmt":"2023-08-29T12:31:38","slug":"iletisim-2","status":"publish","type":"page","link":"https:\/\/konferenztechnik.de\/tr\/iletisim-2\/","title":{"rendered":"\u0130leti\u015fim"},"content":{"rendered":"<h1>\u0130leti\u015fim Ki\u015fileri<\/h1>\n<p>[spoiler title=\"Proje Destek Kiralama\" open=\"1\u2033 style=\"1\u2033]<\/p>\n<div class=\"boxcontainer\">\n<div class=\"box1-4\">\n<div class=\"box-head\">Kuzey ve Bat\u0131<\/div>\n<p><img fetchpriority=\"high\" decoding=\"async\" width=\"800\" height=\"533\" src=\"https:\/\/konferenztechnik.de\/wp-content\/uploads\/2013\/09\/monika_van_den_boogaard_pcs-gmbh.jpg\" alt=\"monika_van_den_boogaard_pcs-gmbh\" class=\"alignleft size-full wp-image-2312\" title=\"\" srcset=\"https:\/\/konferenztechnik.de\/wp-content\/uploads\/2013\/09\/monika_van_den_boogaard_pcs-gmbh.jpg 800w, https:\/\/konferenztechnik.de\/wp-content\/uploads\/2013\/09\/monika_van_den_boogaard_pcs-gmbh-300x200.jpg 300w, https:\/\/konferenztechnik.de\/wp-content\/uploads\/2013\/09\/monika_van_den_boogaard_pcs-gmbh-768x512.jpg 768w\" sizes=\"(max-width: 800px) 100vw, 800px\" \/><br \/>\nMonika van den Boogaard<br \/>\nProje Destek Kiralama<br \/>\nTelefon +49 211 737798 10<br \/>\n<span class=\"volleansicht\"><a href=\"mailto:vandenboogaard@konferenztechnik.de\" onclick=\"ga('send', 'event', 'Email-Klick', 'Kontakt Boogaard');\">e-posta <\/a><br \/>\n<\/span><br \/>\n<span class=\"mobileansicht\"><a href=\"mailto:vandenboogaard@konferenztechnik.de\" onclick=\"ga('send', 'event', 'Email-Klick', 'Kontakt Boogaard');\">e-posta <\/a><br \/>\n<\/span><\/div>\n<div class=\"box1-4\">\n<div class=\"box-head\">Do\u011fu<\/div>\n<p><img decoding=\"async\" width=\"2316\" height=\"1543\" src=\"https:\/\/konferenztechnik.de\/wp-content\/uploads\/2017\/05\/sebastian-meyer-pcs-gmbh.jpg\" alt=\"Sebastian Meyer PCS GmbH - Elden \u00c7\u0131karma\" class=\"alignleft size-full wp-image-10048\" title=\"\" srcset=\"https:\/\/konferenztechnik.de\/wp-content\/uploads\/2017\/05\/sebastian-meyer-pcs-gmbh.jpg 2316w, https:\/\/konferenztechnik.de\/wp-content\/uploads\/2017\/05\/sebastian-meyer-pcs-gmbh-300x200.jpg 300w, https:\/\/konferenztechnik.de\/wp-content\/uploads\/2017\/05\/sebastian-meyer-pcs-gmbh-1024x682.jpg 1024w, https:\/\/konferenztechnik.de\/wp-content\/uploads\/2017\/05\/sebastian-meyer-pcs-gmbh-768x512.jpg 768w, https:\/\/konferenztechnik.de\/wp-content\/uploads\/2017\/05\/sebastian-meyer-pcs-gmbh-1536x1023.jpg 1536w, https:\/\/konferenztechnik.de\/wp-content\/uploads\/2017\/05\/sebastian-meyer-pcs-gmbh-2048x1364.jpg 2048w\" sizes=\"(max-width: 2316px) 100vw, 2316px\" \/><br \/>\nSebastian Meyer<br \/>\nProje Destek Kiralama<br \/>\nTelefon +49 30 6959690 15<br \/>\n<span class=\"volleansicht\"><a href=\"mailto:meyer@konferenztechnik.de\" onclick=\"ga('send', 'event', 'Email-Klick', 'Kontakt Meyer');\">e-posta <\/a><br \/>\n<\/span><br \/>\n<span class=\"mobileansicht\"><a href=\"mailto:meyer@konferenztechnik.de\" onclick=\"ga('send', 'event', 'Email-Klick', 'Kontakt Meyer');\">e-posta <\/a><br \/>\n<\/span><\/div>\n<div class=\"box1-4\">\n<div class=\"box-head\">G\u00fcney<\/div>\n<p><img decoding=\"async\" width=\"800\" height=\"533\" src=\"https:\/\/konferenztechnik.de\/wp-content\/uploads\/2013\/09\/sebastian_gegusch_pcs-gmbh.jpg\" alt=\"Sebastian Gegusch PCS-GmbH\" class=\"alignleft size-full wp-image-3153\" title=\"\" srcset=\"https:\/\/konferenztechnik.de\/wp-content\/uploads\/2013\/09\/sebastian_gegusch_pcs-gmbh.jpg 800w, https:\/\/konferenztechnik.de\/wp-content\/uploads\/2013\/09\/sebastian_gegusch_pcs-gmbh-300x200.jpg 300w, https:\/\/konferenztechnik.de\/wp-content\/uploads\/2013\/09\/sebastian_gegusch_pcs-gmbh-768x512.jpg 768w\" sizes=\"(max-width: 800px) 100vw, 800px\" \/>Sebastian Gegusch<br \/>\nProje Y\u00f6netimi<br \/>\nTelefon +49 89 21553290<br \/>\n<span class=\"volleansicht\"><a href=\"mailto:gegusch@konferenztechnik.de\" onclick=\"ga('send', 'event', 'Email-Klick', 'Kontakt Gegusch');\">e-posta <\/a><br \/>\n<\/span> <span class=\"mobileansicht\"><a href=\"mailto:gegusch@konferenztechnik.de\" onclick=\"ga('send', 'event', 'Email-Klick', 'Kontakt Gegusch');\">e-posta <\/a><br \/>\n<\/span><\/div>\n<div class=\"box1-4-empty\"><\/div>\n<\/div>\n<p>[\/spoiler]<\/p>\n<p>[spoiler title=\"Sat\u0131\u015f ve Kurulum\" open=\"1\u2033 style=\"1\u2033]<\/p>\n<div class=\"boxcontainer\">\n<div class=\"box1-4\">\n<div class=\"box-head\">Kurulum ve Sat\u0131\u015f<\/div>\n<p><img loading=\"lazy\" decoding=\"async\" src=\"https:\/\/konferenztechnik.de\/wp-content\/uploads\/2020\/11\/jeremias-1.jpg\" alt=\"jeremias-danile-pcs-gmbh\" width=\"800\" height=\"533\" class=\"alignleft size-full wp-image-16584\" title=\"\"><br \/>\nJeremiah Daniel<br \/>\nProje Deste\u011fi<br \/>\nTelefon +49 211 737798 20<br \/>\n<span class=\"volleansicht\"><a href=\"mailto:vertrieb@konferenztechnik.de\" onclick=\"ga('send', 'event', 'Email-Klick', 'Kontakt Klatte');\">e-posta<\/a><br \/>\n<\/span><br \/>\n<span class=\"mobileansicht\"><a href=\"mailto:vertrieb@konferenztechnik.de\" onclick=\"ga('send', 'event', 'Email-Klick', 'Kontakt Platte');\">e-posta<\/a><br \/>\n<\/span><\/div>\n<div class=\"box1-4\">\n<div class=\"box-head\">Hizmet<\/div>\n<p><img decoding=\"async\" src=\"https:\/\/konferenztechnik.de\/wp-content\/uploads\/2018\/02\/rolandbaur.jpg\" alt=\"Roland Bauer - PCS GmbH\" class=\"alignleft size-full wp-image-12900\" title=\"\"><br \/>\nRoland Baur<br \/>\nProje Deste\u011fi<br \/>\nTelefon +49 211 737798 20<br \/>\n<span class=\"volleansicht\"><a href=\"mailto:vertrieb@konferenztechnik.de\" onclick=\"ga('send', 'event', 'Email-Klick', 'Kontakt Baur');\">e-posta<\/a><br \/>\n<\/span><br \/>\n<span class=\"mobileansicht\"><a href=\"mailto:vertrieb@konferenztechnik.de\" onclick=\"ga('send', 'event', 'Email-Klick', 'Kontakt Baur');\">e-posta<\/a><br \/>\n<\/span><\/div>\n<div class=\"box1-4-empty\"><\/div>\n<div class=\"box1-4-empty\"><\/div>\n<\/div>\n<p>[\/spoiler]<\/p>\n<p>[spoiler title=\"Pazarlama\" open=\"0\u2033 style=\"1\u2033]<\/p>\n<div class=\"boxcontainer\">\n<div class=\"box1-4\">\n<div class=\"box-head\">Pazarlama<\/div>\n<p><img loading=\"lazy\" decoding=\"async\" width=\"800\" height=\"533\" src=\"https:\/\/konferenztechnik.de\/wp-content\/uploads\/2013\/09\/dominic_hofmeister_pcs-gmbh.jpg\" alt=\"Dominic Hofmeister Marketing PCS GmbH\" class=\"alignleft size-full wp-image-2299\" title=\"\" srcset=\"https:\/\/konferenztechnik.de\/wp-content\/uploads\/2013\/09\/dominic_hofmeister_pcs-gmbh.jpg 800w, https:\/\/konferenztechnik.de\/wp-content\/uploads\/2013\/09\/dominic_hofmeister_pcs-gmbh-300x200.jpg 300w, https:\/\/konferenztechnik.de\/wp-content\/uploads\/2013\/09\/dominic_hofmeister_pcs-gmbh-768x512.jpg 768w\" sizes=\"(max-width: 800px) 100vw, 800px\" \/><br \/>\nDominic Hofmeister<br \/>\nPazarlama M\u00fcd\u00fcr\u00fc<br \/>\nTelefon +49 30 6959690 17<br \/>\n<span class=\"volleansicht\"><a href=\"mailto:hofmeister@konferenztechnik.de\" onclick=\"ga('send', 'event', 'Email-Klick', 'Kontakt Hofmeister');\">e-posta <\/a><br \/>\n<\/span><br \/>\n<span class=\"mobileansicht\"><a href=\"mailto:hofmeister@konferenztechnik.de\" onclick=\"ga('send', 'event', 'Email-Klick', 'Kontakt Hofmeister');\">e-posta<\/a><br \/>\n<\/span><\/div>\n<div class=\"box1-4-empty\"><\/div>\n<div class=\"box1-4-empty\"><\/div>\n<div class=\"box1-4-empty\"><\/div>\n<\/div>\n<p>[\/spoiler]<\/p>\n<p>[spoiler title=\"Muhasebe\" open=\"0\u2033 style=\"1\u2033]<\/p>\n<div class=\"boxcontainer\">\n<div class=\"box1-4\">\n<div class=\"box-head\">Kiral\u0131k<\/div>\n<p><img loading=\"lazy\" decoding=\"async\" width=\"800\" height=\"533\" src=\"https:\/\/konferenztechnik.de\/wp-content\/uploads\/2013\/09\/heike_eilitz_pcs-gmbh.jpg\" alt=\"Heike Eilitz - PCS GmbH\" class=\"alignleft size-full wp-image-3037\" title=\"\" srcset=\"https:\/\/konferenztechnik.de\/wp-content\/uploads\/2013\/09\/heike_eilitz_pcs-gmbh.jpg 800w, https:\/\/konferenztechnik.de\/wp-content\/uploads\/2013\/09\/heike_eilitz_pcs-gmbh-300x200.jpg 300w, https:\/\/konferenztechnik.de\/wp-content\/uploads\/2013\/09\/heike_eilitz_pcs-gmbh-768x512.jpg 768w\" sizes=\"(max-width: 800px) 100vw, 800px\" \/><br \/>\nHeike Eilitz<br \/>\nMuhasebe<br \/>\nTelefon +49 30 6959690 24<br \/>\n<span class=\"volleansicht\"><a href=\"mailto:eilitz@konferenztechnik.de\" onclick=\"ga('send', 'event', 'Email-Klick', 'Kontakt Eilitz');\">e-posta<\/a><br \/>\n<\/span><br \/>\n<span class=\"mobileansicht\"><a href=\"mailto:eilitz@konferenztechnik.de\" onclick=\"ga('send', 'event', 'Email-Klick', 'Kontakt Eilitz');\">e-posta<\/a><br \/>\n<\/span><\/div>\n<div class=\"box1-4\">\n<div class=\"box-head\">Sat\u0131\u015f ve Kurulum<\/div>\n<p><img loading=\"lazy\" decoding=\"async\" width=\"800\" height=\"533\" src=\"https:\/\/konferenztechnik.de\/wp-content\/uploads\/2013\/09\/iris_eisenschmidt-richter_pcs-gmbh.jpg\" alt=\"Iris Eisenschmidt-Richter\" class=\"alignleft size-full wp-image-2595\" title=\"\" srcset=\"https:\/\/konferenztechnik.de\/wp-content\/uploads\/2013\/09\/iris_eisenschmidt-richter_pcs-gmbh.jpg 800w, https:\/\/konferenztechnik.de\/wp-content\/uploads\/2013\/09\/iris_eisenschmidt-richter_pcs-gmbh-300x200.jpg 300w, https:\/\/konferenztechnik.de\/wp-content\/uploads\/2013\/09\/iris_eisenschmidt-richter_pcs-gmbh-768x512.jpg 768w\" sizes=\"(max-width: 800px) 100vw, 800px\" \/><br \/>\nIris Eisenschmidt-Richter<br \/>\nMuhasebe<br \/>\nTelefon +49 30 6959690 24<br \/>\n<span class=\"volleansicht\"><a href=\"mailto:eisenschmidt@konferenztechnik.de\" onclick=\"ga('send', 'event', 'Email-Klick', 'Kontakt Eisenschmidt');\">e-posta<\/a><br \/>\n<\/span><br \/>\n<span class=\"mobileansicht\"><a href=\"mailto:eisenschmidt@konferenztechnik.de\" onclick=\"ga('send', 'event', 'Email-Klick', 'Kontakt Eisenschmidt');\">e-posta<\/a><br \/>\n<\/span><\/div>\n<div class=\"box1-4-empty\"><\/div>\n<div class=\"box1-4-empty\"><\/div>\n<\/div>\n<p>[\/spoiler]<\/p>\n<p>[spoiler title=\"Y\u00f6netim\" open=\"0\u2033 style=\"1\u2033]<\/p>\n<div class=\"boxcontainer\">\n<div class=\"box1-4\">\n<div class=\"box-head\">Berlin<\/div>\n<p><img loading=\"lazy\" decoding=\"async\" width=\"800\" height=\"533\" src=\"https:\/\/konferenztechnik.de\/wp-content\/uploads\/2013\/09\/gunnar_hermenau_pcs-gmbh.jpg\" alt=\"gunnar_hermenau_pcs-gmbh\" class=\"alignleft size-full wp-image-2301\" title=\"\" srcset=\"https:\/\/konferenztechnik.de\/wp-content\/uploads\/2013\/09\/gunnar_hermenau_pcs-gmbh.jpg 800w, https:\/\/konferenztechnik.de\/wp-content\/uploads\/2013\/09\/gunnar_hermenau_pcs-gmbh-300x200.jpg 300w, https:\/\/konferenztechnik.de\/wp-content\/uploads\/2013\/09\/gunnar_hermenau_pcs-gmbh-768x512.jpg 768w\" sizes=\"(max-width: 800px) 100vw, 800px\" \/><br \/>\nGunnar Hermenau<br \/>\nY\u00f6netim<br \/>\nTelefon +49 30 6959690 0<br \/>\n<span class=\"volleansicht\"><a href=\"mailto:hermenau@konferenztechnik.de\" onclick=\"ga('send', 'event', 'Email-Klick', 'Kontakt Hermenau');\">e-posta<\/a><br \/>\n<\/span><br \/>\n<span class=\"mobileansicht\"><a href=\"mailto:hermenau@konferenztechnik.de\" onclick=\"ga('send', 'event', 'Email-Klick', 'Kontakt Hermenau');\">e-posta<\/a><br \/>\n<\/span><\/div>\n<div class=\"box1-4\">\n<div class=\"box-head\">D\u00fcsseldorf<\/div>\n<p><img loading=\"lazy\" decoding=\"async\" width=\"800\" height=\"533\" src=\"https:\/\/konferenztechnik.de\/wp-content\/uploads\/2013\/09\/thorsten_geissler_pcs-gmbh.jpg\" alt=\"Thorsten Gei\u00dfler\" class=\"alignleft size-full wp-image-2317\" title=\"\" srcset=\"https:\/\/konferenztechnik.de\/wp-content\/uploads\/2013\/09\/thorsten_geissler_pcs-gmbh.jpg 800w, https:\/\/konferenztechnik.de\/wp-content\/uploads\/2013\/09\/thorsten_geissler_pcs-gmbh-300x200.jpg 300w, https:\/\/konferenztechnik.de\/wp-content\/uploads\/2013\/09\/thorsten_geissler_pcs-gmbh-768x512.jpg 768w\" sizes=\"(max-width: 800px) 100vw, 800px\" \/><br \/>\nThorsten Geissler<br \/>\nY\u00f6netim<br \/>\nTelefon +49 211 737798 0<br \/>\n<span class=\"volleansicht\"><a href=\"mailto:geissler@konferenztechnik.de\" onclick=\"ga('send', 'event', 'Email-Klick', 'Kontakt Geissler');\">e-posta<\/a><\/span><br \/>\n<span class=\"mobileansicht\"><a href=\"mailto:geissler@konferenztechnik.de\" onclick=\"ga('send', 'event', 'Email-Klick', 'Kontakt Geissler');\">e-posta<\/a><\/span><\/div>\n<div class=\"box1-4-empty\"><\/div>\n<div class=\"box1-4-empty\"><\/div>\n<\/div>\n<p>[\/spoiler]<\/p>\n<p>[spoiler title=\"\u0130cra Kurulu Ba\u015fkanlar\u0131\" open=\"0\u2033 style=\"1\u2033]<\/p>\n<div class=\"boxcontainer\">\n<div class=\"box1-4\">\n<div class=\"box-head\">CEO<\/div>\n<p><a href=\"https:\/\/konferenztechnik.de\/wp-content\/uploads\/2013\/09\/dirk_neumann_pcs-gmbh.jpg\"><img loading=\"lazy\" decoding=\"async\" width=\"800\" height=\"533\" src=\"https:\/\/konferenztechnik.de\/wp-content\/uploads\/2013\/09\/dirk_neumann_pcs-gmbh.jpg\" alt=\"Dirk Neumann Genel M\u00fcd\u00fcr PCS GmbH\" class=\"alignleft size-full wp-image-2297\" title=\"\" srcset=\"https:\/\/konferenztechnik.de\/wp-content\/uploads\/2013\/09\/dirk_neumann_pcs-gmbh.jpg 800w, https:\/\/konferenztechnik.de\/wp-content\/uploads\/2013\/09\/dirk_neumann_pcs-gmbh-300x200.jpg 300w, https:\/\/konferenztechnik.de\/wp-content\/uploads\/2013\/09\/dirk_neumann_pcs-gmbh-768x512.jpg 768w\" sizes=\"(max-width: 800px) 100vw, 800px\" \/><\/a><br \/>\nDirk Neumann<br \/>\nCEO<br \/>\nTelefon +49 211 737798 0<br \/>\n<span class=\"volleansicht\"><a href=\"mailto:vertrieb@konferenztechnik.de\" onclick=\"ga('send', 'event', 'Email-Klick', 'Kontakt Neumann');\">e-posta<\/a><br \/>\n<\/span><br \/>\n<span class=\"mobileansicht\"><a href=\"mailto:vertrieb@konferenztechnik.de\" onclick=\"ga('send', 'event', 'Email-Klick', 'Kontakt Neumann');\">e-posta<\/a><br \/>\n<\/span><\/div>\n<div class=\"box1-4\">\n<div class=\"box-head\">CEO<\/div>\n<p><img loading=\"lazy\" decoding=\"async\" width=\"559\" height=\"373\" src=\"https:\/\/konferenztechnik.de\/wp-content\/uploads\/2017\/06\/joerg-peschka-geschaeftsfuehrer-pcs.png\" alt=\"J\u00f6rg Peschka Genel M\u00fcd\u00fcr PCS GmbH\" class=\"alignleft size-full wp-image-10473\" title=\"\" srcset=\"https:\/\/konferenztechnik.de\/wp-content\/uploads\/2017\/06\/joerg-peschka-geschaeftsfuehrer-pcs.png 559w, https:\/\/konferenztechnik.de\/wp-content\/uploads\/2017\/06\/joerg-peschka-geschaeftsfuehrer-pcs-300x200.png 300w\" sizes=\"(max-width: 559px) 100vw, 559px\" \/><br \/>\nJoerg Peschka<br \/>\nCEO<br \/>\nTelefon +49 30 6959690 0<br \/>\n<span class=\"volleansicht\"><a href=\"mailto:peschka@konferenztechnik.de\" onclick=\"ga('send', 'event', 'Email-Klick', 'Kontakt Peschka');\">e-posta<\/a><br \/>\n<\/span><br \/>\n<span class=\"mobileansicht\"><a href=\"mailto:peschka@konferenztechnik.de\" onclick=\"ga('send', 'event', 'Email-Klick', 'Kontakt Peschka');\">e-posta<\/a><br \/>\n<\/span><\/div>\n<div class=\"box1-4-empty\"><\/div>\n<div class=\"box1-4-empty\"><\/div>\n<\/div>\n<p>[\/spoiler]<\/p>\n<p>[spacer size=\"10\u2033]<\/p>\n<h1>Ofislerimiz<\/h1>\n<p>[spacer size=\"20\u2033]<\/p>\n<p>[column size=\"1-2\u2033 last=\"0\u2033]<br \/>\n<span style=\"font-size:1.3em;\">Berlin<\/span><\/p>\n<p>Zossener Strasse 55 \u2013 58<br \/>\n10961 Berlin, Almanya<br \/>\nTelefon +49 30 6959690 0<br \/>\nFaks +49 30 6959690 19<br \/>\nE-posta:  <a href=\"mailto:berlin@konferenztechnik.de\">berlin@konferenztechnik.de<\/a><br \/>\n[\/column]<br \/>\n[column size=\"1-2\u2033 last=\"1\u2033]<br \/>\n<iframe class=\"karten\" src=\"https:\/\/www.google.com\/maps\/embed?pb=!1m18!1m12!1m3!1d2429.126872352415!2d13.394047915964256!3d52.494942945838154!2m3!1f0!2f0!3f0!3m2!1i1024!2i768!4f13.1!3m3!1m2!1s0x47a84fd60a3e3781%3A0x7f63653a2681e396!2sPCS+Professional+Conference+Systems+GmbH!5e0!3m2!1sde!2sde!4v1469096241982\" frameborder=\"0\" style=\"border:0\" allowfullscreen><\/iframe><br \/>\n[\/column]<br \/>\n[spacer size=\"20\u2033]<\/p>\n<p>[column size=\"1-2\u2033 last=\"0\u2033]<br \/>\n<span style=\"font-size:1.3em;\">M\u00fcnih<\/span><\/p>\n<p>Landsberger Strasse 234<br \/>\n80687 M\u00fcnih, Almanya<br \/>\nTelefon +49 89 21553290 0<br \/>\nFaks +49 89 21553290 9<br \/>\nE-posta:  <a href=\"mailto:muenchen@konferenztechnik.de\">muenchen@konferenztechnik.de<\/a><br \/>\n[\/column]<br \/>\n[column size=\"1-2\u2033 last=\"1\u2033]<br \/>\n<iframe class=\"karten\" src=\"https:\/\/www.google.com\/maps\/embed?pb=!1m18!1m12!1m3!1d2662.322184021858!2d11.509415951418575!3d48.142593558688326!2m3!1f0!2f0!3f0!3m2!1i1024!2i768!4f13.1!3m3!1m2!1s0x479e7627de8aa2c3%3A0xd23f8f8213f739b3!2sPCS+Professional+Conference+Systems+GmbH!5e0!3m2!1sde!2sde!4v1469099699534\" frameborder=\"0\" style=\"border:0\" allowfullscreen><\/iframe><br \/>\n[\/column]<\/p>\n<p>[spacer size=\"20\u2033]<\/p>\n<p>[column size=\"1-2\u2033 last=\"0\u2033]<br \/>\n<span style=\"font-size:1.3em;\">D\u00fcsseldorf<\/span><\/p>\n<p>Reisholzer Werftstrasse 42<br \/>\n40589 D\u00fcsseldorf, Almanya<br \/>\nTelefon +49 211 737798 0<br \/>\nFaks +49 211 737798 19<br \/>\nE-posta:  <a href=\"mailto:duesseldorf@konferenztechnik.de\">duesseldorf@konferenztechnik.de<\/a><br \/>\n[\/column]<br \/>\n[column size=\"1-2\u2033 last=\"1\u2033]<br \/>\n<iframe class=\"karten\" src=\"https:\/\/www.google.com\/maps\/embed?pb=!1m18!1m12!1m3!1d2501.7539521884855!2d6.8356486508875305!3d51.16832537350024!2m3!1f0!2f0!3f0!3m2!1i1024!2i768!4f13.1!3m3!1m2!1s0x47b8cb5e2160ebcf%3A0xe95aaba4ad91c8ca!2sPCS+Professional+Conference+Systems+GmbH!5e0!3m2!1sde!2sde!4v1469099590747\" frameborder=\"0\" style=\"border:0\" allowfullscreen><\/iframe><br \/>\n[\/column]<br \/>\n[spacer size=\"20\u2033]<br \/>\n[column size=\"1-2\u2033 last=\"0\u2033]<br \/>\n[\/column]<\/p>\n<p>[spacer size=\"20\u2033]<\/p>","protected":false},"excerpt":{"rendered":"<p>Contact Persons [spoiler title=&#8220;Project Support Rental&#8220; open=&#8220;1&#8243; style=&#8220;1&#8243;] North and West Monika van den Boogaard Project Support Rental Tel. +49 211 737798 10 E-Mail E-Mail East Sebastian Meyer Project Support Rental Tel. +49 30 6959690 15 E-Mail E-Mail South Sebastian Gegusch Project Management Tel. +49 89 21553290 E-Mail E-Mail [\/spoiler] [spoiler title=&#8220;Sales and Installation&#8220; open=&#8220;1&#8243; [&hellip;]<\/p>","protected":false},"author":1,"featured_media":45482,"parent":0,"menu_order":234,"comment_status":"closed","ping_status":"open","template":"","meta":{"_acf_changed":false,"footnotes":""},"class_list":["post-2744","page","type-page","status-publish","has-post-thumbnail","hentry"],"acf":[],"_links":{"self":[{"href":"https:\/\/konferenztechnik.de\/tr\/wp-json\/wp\/v2\/pages\/2744","targetHints":{"allow":["GET"]}}],"collection":[{"href":"https:\/\/konferenztechnik.de\/tr\/wp-json\/wp\/v2\/pages"}],"about":[{"href":"https:\/\/konferenztechnik.de\/tr\/wp-json\/wp\/v2\/types\/page"}],"author":[{"embeddable":true,"href":"https:\/\/konferenztechnik.de\/tr\/wp-json\/wp\/v2\/users\/1"}],"replies":[{"embeddable":true,"href":"https:\/\/konferenztechnik.de\/tr\/wp-json\/wp\/v2\/comments?post=2744"}],"version-history":[{"count":0,"href":"https:\/\/konferenztechnik.de\/tr\/wp-json\/wp\/v2\/pages\/2744\/revisions"}],"wp:featuredmedia":[{"embeddable":true,"href":"https:\/\/konferenztechnik.de\/tr\/wp-json\/wp\/v2\/media\/45482"}],"wp:attachment":[{"href":"https:\/\/konferenztechnik.de\/tr\/wp-json\/wp\/v2\/media?parent=2744"}],"curies":[{"name":"wp","href":"https:\/\/api.w.org\/{rel}","templated":true}]}}