{"id":3320,"date":"2013-09-30T18:05:22","date_gmt":"2013-09-30T16:05:22","guid":{"rendered":"https:\/\/konferenztechnik.de\/?page_id=3320"},"modified":"2025-03-03T13:13:20","modified_gmt":"2025-03-03T12:13:20","slug":"biz","status":"publish","type":"page","link":"https:\/\/konferenztechnik.de\/tr\/biz\/","title":{"rendered":"hakkimizda"},"content":{"rendered":"<div data-elementor-type=\"wp-page\" data-elementor-id=\"3320\" class=\"elementor elementor-3320\" data-elementor-post-type=\"page\">\n\t\t\t\t<div data-particle_enable=\"false\" data-particle-mobile-disabled=\"false\" class=\"elementor-element elementor-element-2fb1fdc e-flex e-con-boxed e-con e-parent\" data-id=\"2fb1fdc\" data-element_type=\"container\">\n\t\t\t\t\t<div class=\"e-con-inner\">\n\t\t<div data-particle_enable=\"false\" data-particle-mobile-disabled=\"false\" class=\"elementor-element elementor-element-a1dea13 e-flex e-con-boxed e-con e-child\" data-id=\"a1dea13\" data-element_type=\"container\">\n\t\t\t\t\t<div class=\"e-con-inner\">\n\t\t\t\t<div class=\"elementor-element elementor-element-225adb5 elementor-widget elementor-widget-heading\" data-id=\"225adb5\" data-element_type=\"widget\" data-widget_type=\"heading.default\">\n\t\t\t\t<div class=\"elementor-widget-container\">\n\t\t\t\t\t<h1 class=\"elementor-heading-title elementor-size-default\">Bu biziz.<\/h1>\t\t\t\t<\/div>\n\t\t\t\t<\/div>\n\t\t\t\t<div class=\"elementor-element elementor-element-4781f5e elementor-widget elementor-widget-image\" data-id=\"4781f5e\" data-element_type=\"widget\" data-widget_type=\"image.default\">\n\t\t\t\t<div class=\"elementor-widget-container\">\n\t\t\t\t\t\t\t\t\t\t\t\t<figure class=\"wp-caption\">\n\t\t\t\t\t\t\t\t\t\t<img fetchpriority=\"high\" decoding=\"async\" width=\"1300\" height=\"704\" src=\"https:\/\/konferenztechnik.de\/wp-content\/uploads\/2024\/06\/teamspirit-pcs-konferenztechnik.jpg\" class=\"attachment-full size-full wp-image-45784\" alt=\"Teknoloji kuruldu, web sitesi i\u00e7in h\u0131zl\u0131 bir anl\u0131k g\u00f6r\u00fcnt\u00fc.\" srcset=\"https:\/\/konferenztechnik.de\/wp-content\/uploads\/2024\/06\/teamspirit-pcs-konferenztechnik.jpg 1300w, https:\/\/konferenztechnik.de\/wp-content\/uploads\/2024\/06\/teamspirit-pcs-konferenztechnik-300x162.jpg 300w, https:\/\/konferenztechnik.de\/wp-content\/uploads\/2024\/06\/teamspirit-pcs-konferenztechnik-1024x555.jpg 1024w, https:\/\/konferenztechnik.de\/wp-content\/uploads\/2024\/06\/teamspirit-pcs-konferenztechnik-768x416.jpg 768w, https:\/\/konferenztechnik.de\/wp-content\/uploads\/2024\/06\/teamspirit-pcs-konferenztechnik-18x10.jpg 18w\" sizes=\"(max-width: 1300px) 100vw, 1300px\" title=\"\">\t\t\t\t\t\t\t\t\t\t\t<figcaption class=\"widget-image-caption wp-caption-text\">Teknoloji kuruldu, web sitesi i\u00e7in h\u0131zl\u0131 bir anl\u0131k g\u00f6r\u00fcnt\u00fc.<\/figcaption>\n\t\t\t\t\t\t\t\t\t\t<\/figure>\n\t\t\t\t\t\t\t\t\t<\/div>\n\t\t\t\t<\/div>\n\t\t\t\t<div class=\"elementor-element elementor-element-446125b elementor-widget elementor-widget-image\" data-id=\"446125b\" data-element_type=\"widget\" data-widget_type=\"image.default\">\n\t\t\t\t<div class=\"elementor-widget-container\">\n\t\t\t\t\t\t\t\t\t\t\t\t<figure class=\"wp-caption\">\n\t\t\t\t\t\t\t\t\t\t<img decoding=\"async\" width=\"1300\" height=\"704\" src=\"https:\/\/konferenztechnik.de\/wp-content\/uploads\/2024\/06\/pcs-hoch-hinaus.jpg\" class=\"attachment-full size-full wp-image-45782\" alt=\"PCS teknisyeni forklift \u00fczerinde \u00e7al\u0131\u015f\u0131yor\" srcset=\"https:\/\/konferenztechnik.de\/wp-content\/uploads\/2024\/06\/pcs-hoch-hinaus.jpg 1300w, https:\/\/konferenztechnik.de\/wp-content\/uploads\/2024\/06\/pcs-hoch-hinaus-300x162.jpg 300w, https:\/\/konferenztechnik.de\/wp-content\/uploads\/2024\/06\/pcs-hoch-hinaus-1024x555.jpg 1024w, https:\/\/konferenztechnik.de\/wp-content\/uploads\/2024\/06\/pcs-hoch-hinaus-768x416.jpg 768w, https:\/\/konferenztechnik.de\/wp-content\/uploads\/2024\/06\/pcs-hoch-hinaus-18x10.jpg 18w\" sizes=\"(max-width: 1300px) 100vw, 1300px\" title=\"\">\t\t\t\t\t\t\t\t\t\t\t<figcaption class=\"widget-image-caption wp-caption-text\">Bak, orada bir de PCS teknisyeni var.<\/figcaption>\n\t\t\t\t\t\t\t\t\t\t<\/figure>\n\t\t\t\t\t\t\t\t\t<\/div>\n\t\t\t\t<\/div>\n\t\t\t\t<div class=\"elementor-element elementor-element-b63cf68 elementor-widget elementor-widget-image\" data-id=\"b63cf68\" data-element_type=\"widget\" data-widget_type=\"image.default\">\n\t\t\t\t<div class=\"elementor-widget-container\">\n\t\t\t\t\t\t\t\t\t\t\t\t<figure class=\"wp-caption\">\n\t\t\t\t\t\t\t\t\t\t<img decoding=\"async\" width=\"1300\" height=\"704\" src=\"https:\/\/konferenztechnik.de\/wp-content\/uploads\/2023\/05\/pcs-feueruebung.jpg\" class=\"attachment-full size-full wp-image-28530\" alt=\"J\u00f6rg, patronlar\u0131m\u0131zdan biri, yang\u0131n s\u00f6nd\u00fcrme tatbikat\u0131 s\u0131ras\u0131nda. Hay\u0131r, di\u011ferleri ne s\u0131k\u0131ld\u0131 ne de \u015f\u00fcpheci.\" srcset=\"https:\/\/konferenztechnik.de\/wp-content\/uploads\/2023\/05\/pcs-feueruebung.jpg 1300w, https:\/\/konferenztechnik.de\/wp-content\/uploads\/2023\/05\/pcs-feueruebung-300x162.jpg 300w, https:\/\/konferenztechnik.de\/wp-content\/uploads\/2023\/05\/pcs-feueruebung-1024x555.jpg 1024w, https:\/\/konferenztechnik.de\/wp-content\/uploads\/2023\/05\/pcs-feueruebung-768x416.jpg 768w, https:\/\/konferenztechnik.de\/wp-content\/uploads\/2023\/05\/pcs-feueruebung-18x10.jpg 18w\" sizes=\"(max-width: 1300px) 100vw, 1300px\" title=\"\">\t\t\t\t\t\t\t\t\t\t\t<figcaption class=\"widget-image-caption wp-caption-text\">J\u00f6rg, patronlar\u0131m\u0131zdan biri, yang\u0131n s\u00f6nd\u00fcrme tatbikat\u0131 s\u0131ras\u0131nda. Hay\u0131r, di\u011ferleri ne s\u0131k\u0131ld\u0131 ne de \u015f\u00fcpheci.<\/figcaption>\n\t\t\t\t\t\t\t\t\t\t<\/figure>\n\t\t\t\t\t\t\t\t\t<\/div>\n\t\t\t\t<\/div>\n\t\t\t\t<div class=\"elementor-element elementor-element-1afe949 elementor-widget elementor-widget-image\" data-id=\"1afe949\" data-element_type=\"widget\" data-widget_type=\"image.default\">\n\t\t\t\t<div class=\"elementor-widget-container\">\n\t\t\t\t\t\t\t\t\t\t\t\t<figure class=\"wp-caption\">\n\t\t\t\t\t\t\t\t\t\t<img loading=\"lazy\" decoding=\"async\" width=\"1300\" height=\"704\" src=\"https:\/\/konferenztechnik.de\/wp-content\/uploads\/2023\/05\/kamera-pcs.jpg\" class=\"attachment-full size-full wp-image-28558\" alt=\"Bir PCS kameraman\u0131 y\u00fcksek kaliteli kameras\u0131n\u0131n ayarlar\u0131n\u0131 kontrol ediyor\" srcset=\"https:\/\/konferenztechnik.de\/wp-content\/uploads\/2023\/05\/kamera-pcs.jpg 1300w, https:\/\/konferenztechnik.de\/wp-content\/uploads\/2023\/05\/kamera-pcs-300x162.jpg 300w, https:\/\/konferenztechnik.de\/wp-content\/uploads\/2023\/05\/kamera-pcs-1024x555.jpg 1024w, https:\/\/konferenztechnik.de\/wp-content\/uploads\/2023\/05\/kamera-pcs-768x416.jpg 768w, https:\/\/konferenztechnik.de\/wp-content\/uploads\/2023\/05\/kamera-pcs-18x10.jpg 18w\" sizes=\"(max-width: 1300px) 100vw, 1300px\" title=\"\">\t\t\t\t\t\t\t\t\t\t\t<figcaption class=\"widget-image-caption wp-caption-text\">Kamera a\u00e7\u0131k m\u0131? Pili bitmek \u00fczere mi? Neden bu kadar kritik?<\/figcaption>\n\t\t\t\t\t\t\t\t\t\t<\/figure>\n\t\t\t\t\t\t\t\t\t<\/div>\n\t\t\t\t<\/div>\n\t\t\t\t<div class=\"elementor-element elementor-element-1c78e0b elementor-widget elementor-widget-image\" data-id=\"1c78e0b\" data-element_type=\"widget\" data-widget_type=\"image.default\">\n\t\t\t\t<div class=\"elementor-widget-container\">\n\t\t\t\t\t\t\t\t\t\t\t\t<figure class=\"wp-caption\">\n\t\t\t\t\t\t\t\t\t\t<img loading=\"lazy\" decoding=\"async\" width=\"1300\" height=\"704\" src=\"https:\/\/konferenztechnik.de\/wp-content\/uploads\/2024\/06\/pcs-team-konferenztechnik-1.jpg\" class=\"attachment-full size-full wp-image-45777\" alt=\"PCS Ekibi Televic&#039;te\" srcset=\"https:\/\/konferenztechnik.de\/wp-content\/uploads\/2024\/06\/pcs-team-konferenztechnik-1.jpg 1300w, https:\/\/konferenztechnik.de\/wp-content\/uploads\/2024\/06\/pcs-team-konferenztechnik-1-300x162.jpg 300w, https:\/\/konferenztechnik.de\/wp-content\/uploads\/2024\/06\/pcs-team-konferenztechnik-1-1024x555.jpg 1024w, https:\/\/konferenztechnik.de\/wp-content\/uploads\/2024\/06\/pcs-team-konferenztechnik-1-768x416.jpg 768w, https:\/\/konferenztechnik.de\/wp-content\/uploads\/2024\/06\/pcs-team-konferenztechnik-1-18x10.jpg 18w\" sizes=\"(max-width: 1300px) 100vw, 1300px\" title=\"\">\t\t\t\t\t\t\t\t\t\t\t<figcaption class=\"widget-image-caption wp-caption-text\">G\u00fcl\u00fcmseyin millet, tak\u0131m foto\u011fraf\u0131! \ud83d\ude42<\/figcaption>\n\t\t\t\t\t\t\t\t\t\t<\/figure>\n\t\t\t\t\t\t\t\t\t<\/div>\n\t\t\t\t<\/div>\n\t\t\t\t<div class=\"elementor-element elementor-element-1672317 elementor-widget elementor-widget-image\" data-id=\"1672317\" data-element_type=\"widget\" data-widget_type=\"image.default\">\n\t\t\t\t<div class=\"elementor-widget-container\">\n\t\t\t\t\t\t\t\t\t\t\t\t<figure class=\"wp-caption\">\n\t\t\t\t\t\t\t\t\t\t<img loading=\"lazy\" decoding=\"async\" width=\"1300\" height=\"704\" src=\"https:\/\/konferenztechnik.de\/wp-content\/uploads\/2023\/05\/blick-dolmetscherkabine.jpg\" class=\"attachment-full size-full wp-image-28562\" alt=\"Terc\u00fcme kabininde aktif bir terc\u00fcman\u0131n g\u00f6r\u00fcn\u00fcm\u00fc, konferans\u0131n sunumu kabinin cam\u0131na yans\u0131t\u0131l\u0131yor\" srcset=\"https:\/\/konferenztechnik.de\/wp-content\/uploads\/2023\/05\/blick-dolmetscherkabine.jpg 1300w, https:\/\/konferenztechnik.de\/wp-content\/uploads\/2023\/05\/blick-dolmetscherkabine-300x162.jpg 300w, https:\/\/konferenztechnik.de\/wp-content\/uploads\/2023\/05\/blick-dolmetscherkabine-1024x555.jpg 1024w, https:\/\/konferenztechnik.de\/wp-content\/uploads\/2023\/05\/blick-dolmetscherkabine-768x416.jpg 768w, https:\/\/konferenztechnik.de\/wp-content\/uploads\/2023\/05\/blick-dolmetscherkabine-18x10.jpg 18w\" sizes=\"(max-width: 1300px) 100vw, 1300px\" title=\"\">\t\t\t\t\t\t\t\t\t\t\t<figcaption class=\"widget-image-caption wp-caption-text\">Terc\u00fcmanl\u0131k stand\u0131ndan g\u00f6r\u00fcn\u00fcm. \u00c7ok dilli etkinlikleri ger\u00e7ekten heyecan verici buluyoruz.<\/figcaption>\n\t\t\t\t\t\t\t\t\t\t<\/figure>\n\t\t\t\t\t\t\t\t\t<\/div>\n\t\t\t\t<\/div>\n\t\t\t\t<div class=\"elementor-element elementor-element-a6bb08a elementor-widget elementor-widget-image\" data-id=\"a6bb08a\" data-element_type=\"widget\" data-widget_type=\"image.default\">\n\t\t\t\t<div class=\"elementor-widget-container\">\n\t\t\t\t\t\t\t\t\t\t\t\t<figure class=\"wp-caption\">\n\t\t\t\t\t\t\t\t\t\t<img loading=\"lazy\" decoding=\"async\" width=\"1300\" height=\"704\" src=\"https:\/\/konferenztechnik.de\/wp-content\/uploads\/2023\/05\/hybrider-konferenzraum.jpg\" class=\"attachment-full size-full wp-image-28584\" alt=\"Yuvarlak masan\u0131n ortas\u0131nda yerle\u015fik masa\u00fcst\u00fc mikrofon \u00fcniteleri, monit\u00f6rler ve PTZ kameralar ile 20 ki\u015filik yuvarlak bir masadan olu\u015fan hibrit bir konferans odas\u0131n\u0131n kurulumu tamamland\u0131\" srcset=\"https:\/\/konferenztechnik.de\/wp-content\/uploads\/2023\/05\/hybrider-konferenzraum.jpg 1300w, https:\/\/konferenztechnik.de\/wp-content\/uploads\/2023\/05\/hybrider-konferenzraum-300x162.jpg 300w, https:\/\/konferenztechnik.de\/wp-content\/uploads\/2023\/05\/hybrider-konferenzraum-1024x555.jpg 1024w, https:\/\/konferenztechnik.de\/wp-content\/uploads\/2023\/05\/hybrider-konferenzraum-768x416.jpg 768w, https:\/\/konferenztechnik.de\/wp-content\/uploads\/2023\/05\/hybrider-konferenzraum-18x10.jpg 18w\" sizes=\"(max-width: 1300px) 100vw, 1300px\" title=\"\">\t\t\t\t\t\t\t\t\t\t\t<figcaption class=\"widget-image-caption wp-caption-text\">\u015e\u0131k kurulum. Konferans odalar\u0131 i\u00e7in medya teknolojisi ekipman\u0131.<\/figcaption>\n\t\t\t\t\t\t\t\t\t\t<\/figure>\n\t\t\t\t\t\t\t\t\t<\/div>\n\t\t\t\t<\/div>\n\t\t\t\t<div class=\"elementor-element elementor-element-97861b8 elementor-widget elementor-widget-image\" data-id=\"97861b8\" data-element_type=\"widget\" data-widget_type=\"image.default\">\n\t\t\t\t<div class=\"elementor-widget-container\">\n\t\t\t\t\t\t\t\t\t\t\t\t<figure class=\"wp-caption\">\n\t\t\t\t\t\t\t\t\t\t<img loading=\"lazy\" decoding=\"async\" width=\"1300\" height=\"704\" src=\"https:\/\/konferenztechnik.de\/wp-content\/uploads\/2024\/06\/pcs-konferenztechnik-team.jpg\" class=\"attachment-full size-full wp-image-45785\" alt=\"PCS teknisyeni hoparl\u00f6r\u00fc mikrofonla donat\u0131r.\" srcset=\"https:\/\/konferenztechnik.de\/wp-content\/uploads\/2024\/06\/pcs-konferenztechnik-team.jpg 1300w, https:\/\/konferenztechnik.de\/wp-content\/uploads\/2024\/06\/pcs-konferenztechnik-team-300x162.jpg 300w, https:\/\/konferenztechnik.de\/wp-content\/uploads\/2024\/06\/pcs-konferenztechnik-team-1024x555.jpg 1024w, https:\/\/konferenztechnik.de\/wp-content\/uploads\/2024\/06\/pcs-konferenztechnik-team-768x416.jpg 768w, https:\/\/konferenztechnik.de\/wp-content\/uploads\/2024\/06\/pcs-konferenztechnik-team-18x10.jpg 18w\" sizes=\"(max-width: 1300px) 100vw, 1300px\" title=\"\">\t\t\t\t\t\t\t\t\t\t\t<figcaption class=\"widget-image-caption wp-caption-text\">Son bir bak\u0131\u015f, mikrofon yerinde, hadi gidelim! <\/figcaption>\n\t\t\t\t\t\t\t\t\t\t<\/figure>\n\t\t\t\t\t\t\t\t\t<\/div>\n\t\t\t\t<\/div>\n\t\t\t\t<div class=\"elementor-element elementor-element-de2699e elementor-widget elementor-widget-image\" data-id=\"de2699e\" data-element_type=\"widget\" data-widget_type=\"image.default\">\n\t\t\t\t<div class=\"elementor-widget-container\">\n\t\t\t\t\t\t\t\t\t\t\t\t<figure class=\"wp-caption\">\n\t\t\t\t\t\t\t\t\t\t<img loading=\"lazy\" decoding=\"async\" width=\"1300\" height=\"704\" src=\"https:\/\/konferenztechnik.de\/wp-content\/uploads\/2023\/05\/pcs-ausflug.jpg\" class=\"attachment-full size-full wp-image-28554\" alt=\"G\u00f6ttingen&#039;deki deprem izleme merkezine yap\u0131lan dahili bir PCS gezisi - heyecan verici!\" srcset=\"https:\/\/konferenztechnik.de\/wp-content\/uploads\/2023\/05\/pcs-ausflug.jpg 1300w, https:\/\/konferenztechnik.de\/wp-content\/uploads\/2023\/05\/pcs-ausflug-300x162.jpg 300w, https:\/\/konferenztechnik.de\/wp-content\/uploads\/2023\/05\/pcs-ausflug-1024x555.jpg 1024w, https:\/\/konferenztechnik.de\/wp-content\/uploads\/2023\/05\/pcs-ausflug-768x416.jpg 768w, https:\/\/konferenztechnik.de\/wp-content\/uploads\/2023\/05\/pcs-ausflug-18x10.jpg 18w\" sizes=\"(max-width: 1300px) 100vw, 1300px\" title=\"\">\t\t\t\t\t\t\t\t\t\t\t<figcaption class=\"widget-image-caption wp-caption-text\">G\u00f6ttingen'deki deprem sim\u00fclat\u00f6r\u00fcnde \u015firket gezisi.<\/figcaption>\n\t\t\t\t\t\t\t\t\t\t<\/figure>\n\t\t\t\t\t\t\t\t\t<\/div>\n\t\t\t\t<\/div>\n\t\t\t\t<div class=\"elementor-element elementor-element-b8e2cbd elementor-widget elementor-widget-image\" data-id=\"b8e2cbd\" data-element_type=\"widget\" data-widget_type=\"image.default\">\n\t\t\t\t<div class=\"elementor-widget-container\">\n\t\t\t\t\t\t\t\t\t\t\t\t<figure class=\"wp-caption\">\n\t\t\t\t\t\t\t\t\t\t<img loading=\"lazy\" decoding=\"async\" width=\"1300\" height=\"704\" src=\"https:\/\/konferenztechnik.de\/wp-content\/uploads\/2023\/05\/sprechstellen-einrichten.jpg\" class=\"attachment-full size-full wp-image-28566\" alt=\"U \u015feklindeki konferans masas\u0131n\u0131n \u00fczerinde, heyetteki herkesin oturdu\u011fu yerden konu\u015fabilmesi i\u00e7in mikrofon \u00fcniteleri bulunmaktad\u0131r\" srcset=\"https:\/\/konferenztechnik.de\/wp-content\/uploads\/2023\/05\/sprechstellen-einrichten.jpg 1300w, https:\/\/konferenztechnik.de\/wp-content\/uploads\/2023\/05\/sprechstellen-einrichten-300x162.jpg 300w, https:\/\/konferenztechnik.de\/wp-content\/uploads\/2023\/05\/sprechstellen-einrichten-1024x555.jpg 1024w, https:\/\/konferenztechnik.de\/wp-content\/uploads\/2023\/05\/sprechstellen-einrichten-768x416.jpg 768w, https:\/\/konferenztechnik.de\/wp-content\/uploads\/2023\/05\/sprechstellen-einrichten-18x10.jpg 18w\" sizes=\"(max-width: 1300px) 100vw, 1300px\" title=\"\">\t\t\t\t\t\t\t\t\t\t\t<figcaption class=\"widget-image-caption wp-caption-text\">Mikrofon \u00fcnitelerini kurun. Y\u00fcksek kalibreli tart\u0131\u015fmalar. Evet, bu PCS \u2013 konferenztechnik.de<\/figcaption>\n\t\t\t\t\t\t\t\t\t\t<\/figure>\n\t\t\t\t\t\t\t\t\t<\/div>\n\t\t\t\t<\/div>\n\t\t\t\t\t<\/div>\n\t\t\t\t<\/div>\n\t\t\t\t\t<\/div>\n\t\t\t\t<\/div>\n\t\t<div data-particle_enable=\"false\" data-particle-mobile-disabled=\"false\" class=\"elementor-element elementor-element-64fd920 e-flex e-con-boxed e-con e-parent\" data-id=\"64fd920\" data-element_type=\"container\">\n\t\t\t\t\t<div class=\"e-con-inner\">\n\t\t\t\t<div class=\"elementor-element elementor-element-99960e5 elementor-widget elementor-widget-shortcode\" data-id=\"99960e5\" data-element_type=\"widget\" data-widget_type=\"shortcode.default\">\n\t\t\t\t<div class=\"elementor-widget-container\">\n\t\t\t\t\t\t\t<div class=\"elementor-shortcode\">\t\t<div data-elementor-type=\"container\" data-elementor-id=\"29227\" class=\"elementor elementor-29227\" data-elementor-post-type=\"elementor_library\">\n\t\t\t\t<div data-particle_enable=\"false\" data-particle-mobile-disabled=\"false\" class=\"elementor-element elementor-element-1149edd e-flex e-con-boxed e-con e-parent\" data-id=\"1149edd\" data-element_type=\"container\">\n\t\t\t\t\t<div class=\"e-con-inner\">\n\t\t\t\t<div class=\"elementor-element elementor-element-637047c7 elementor-icon-list--layout-traditional elementor-list-item-link-full_width elementor-widget elementor-widget-icon-list\" data-id=\"637047c7\" data-element_type=\"widget\" data-widget_type=\"icon-list.default\">\n\t\t\t\t<div class=\"elementor-widget-container\">\n\t\t\t\t\t\t\t<ul class=\"elementor-icon-list-items\">\n\t\t\t\t\t\t\t<li class=\"elementor-icon-list-item\">\n\t\t\t\t\t\t\t\t\t\t\t<a href=\"\/tr\/isler\/\">\n\n\t\t\t\t\t\t\t\t\t\t\t\t<span class=\"elementor-icon-list-icon\">\n\t\t\t\t\t\t\t<svg aria-hidden=\"true\" class=\"e-font-icon-svg e-fas-chevron-right\" viewbox=\"0 0 320 512\" xmlns=\"http:\/\/www.w3.org\/2000\/svg\"><path d=\"M285.476 272.971L91.132 467.314c-9.373 9.373-24.569 9.373-33.941 0l-22.667-22.667c-9.357-9.357-9.375-24.522-.04-33.901L188.505 256 34.484 101.255c-9.335-9.379-9.317-24.544.04-33.901l22.667-22.667c9.373-9.373 24.569-9.373 33.941 0L285.475 239.03c9.373 9.372 9.373 24.568.001 33.941z\"><\/path><\/svg>\t\t\t\t\t\t<\/span>\n\t\t\t\t\t\t\t\t\t\t<span class=\"elementor-icon-list-text\">i\u015fler<\/span>\n\t\t\t\t\t\t\t\t\t\t\t<\/a>\n\t\t\t\t\t\t\t\t\t<\/li>\n\t\t\t\t\t\t\t\t<li class=\"elementor-icon-list-item\">\n\t\t\t\t\t\t\t\t\t\t\t<a href=\"\/tr\/egitim\/\">\n\n\t\t\t\t\t\t\t\t\t\t\t\t<span class=\"elementor-icon-list-icon\">\n\t\t\t\t\t\t\t<svg aria-hidden=\"true\" class=\"e-font-icon-svg e-fas-chevron-right\" viewbox=\"0 0 320 512\" xmlns=\"http:\/\/www.w3.org\/2000\/svg\"><path d=\"M285.476 272.971L91.132 467.314c-9.373 9.373-24.569 9.373-33.941 0l-22.667-22.667c-9.357-9.357-9.375-24.522-.04-33.901L188.505 256 34.484 101.255c-9.335-9.379-9.317-24.544.04-33.901l22.667-22.667c9.373-9.373 24.569-9.373 33.941 0L285.475 239.03c9.373 9.372 9.373 24.568.001 33.941z\"><\/path><\/svg>\t\t\t\t\t\t<\/span>\n\t\t\t\t\t\t\t\t\t\t<span class=\"elementor-icon-list-text\">E\u011fitim<\/span>\n\t\t\t\t\t\t\t\t\t\t\t<\/a>\n\t\t\t\t\t\t\t\t\t<\/li>\n\t\t\t\t\t\t\t\t<li class=\"elementor-icon-list-item\">\n\t\t\t\t\t\t\t\t\t\t\t<a href=\"\/tr\/biz\/\">\n\n\t\t\t\t\t\t\t\t\t\t\t\t<span class=\"elementor-icon-list-icon\">\n\t\t\t\t\t\t\t<svg aria-hidden=\"true\" class=\"e-font-icon-svg e-fas-chevron-right\" viewbox=\"0 0 320 512\" xmlns=\"http:\/\/www.w3.org\/2000\/svg\"><path d=\"M285.476 272.971L91.132 467.314c-9.373 9.373-24.569 9.373-33.941 0l-22.667-22.667c-9.357-9.357-9.375-24.522-.04-33.901L188.505 256 34.484 101.255c-9.335-9.379-9.317-24.544.04-33.901l22.667-22.667c9.373-9.373 24.569-9.373 33.941 0L285.475 239.03c9.373 9.372 9.373 24.568.001 33.941z\"><\/path><\/svg>\t\t\t\t\t\t<\/span>\n\t\t\t\t\t\t\t\t\t\t<span class=\"elementor-icon-list-text\">Bu biziz.<\/span>\n\t\t\t\t\t\t\t\t\t\t\t<\/a>\n\t\t\t\t\t\t\t\t\t<\/li>\n\t\t\t\t\t\t\t\t<li class=\"elementor-icon-list-item\">\n\t\t\t\t\t\t\t\t\t\t\t<a href=\"\/tr\/si%cc%87rket-profi%cc%87li%cc%87\/\">\n\n\t\t\t\t\t\t\t\t\t\t\t\t<span class=\"elementor-icon-list-icon\">\n\t\t\t\t\t\t\t<svg aria-hidden=\"true\" class=\"e-font-icon-svg e-fas-chevron-right\" viewbox=\"0 0 320 512\" xmlns=\"http:\/\/www.w3.org\/2000\/svg\"><path d=\"M285.476 272.971L91.132 467.314c-9.373 9.373-24.569 9.373-33.941 0l-22.667-22.667c-9.357-9.357-9.375-24.522-.04-33.901L188.505 256 34.484 101.255c-9.335-9.379-9.317-24.544.04-33.901l22.667-22.667c9.373-9.373 24.569-9.373 33.941 0L285.475 239.03c9.373 9.372 9.373 24.568.001 33.941z\"><\/path><\/svg>\t\t\t\t\t\t<\/span>\n\t\t\t\t\t\t\t\t\t\t<span class=\"elementor-icon-list-text\">\u015eirket Profili<\/span>\n\t\t\t\t\t\t\t\t\t\t\t<\/a>\n\t\t\t\t\t\t\t\t\t<\/li>\n\t\t\t\t\t\t\t\t<li class=\"elementor-icon-list-item\">\n\t\t\t\t\t\t\t\t\t\t\t<a href=\"\/tr\/pcler-icin-10-iyi-neden\/\">\n\n\t\t\t\t\t\t\t\t\t\t\t\t<span class=\"elementor-icon-list-icon\">\n\t\t\t\t\t\t\t<svg aria-hidden=\"true\" class=\"e-font-icon-svg e-fas-chevron-right\" viewbox=\"0 0 320 512\" xmlns=\"http:\/\/www.w3.org\/2000\/svg\"><path d=\"M285.476 272.971L91.132 467.314c-9.373 9.373-24.569 9.373-33.941 0l-22.667-22.667c-9.357-9.357-9.375-24.522-.04-33.901L188.505 256 34.484 101.255c-9.335-9.379-9.317-24.544.04-33.901l22.667-22.667c9.373-9.373 24.569-9.373 33.941 0L285.475 239.03c9.373 9.372 9.373 24.568.001 33.941z\"><\/path><\/svg>\t\t\t\t\t\t<\/span>\n\t\t\t\t\t\t\t\t\t\t<span class=\"elementor-icon-list-text\">PCS i\u00e7in 10 iyi neden<\/span>\n\t\t\t\t\t\t\t\t\t\t\t<\/a>\n\t\t\t\t\t\t\t\t\t<\/li>\n\t\t\t\t\t\t\t\t<li class=\"elementor-icon-list-item\">\n\t\t\t\t\t\t\t\t\t\t\t<a href=\"\/tr\/vi%cc%87zyon-suerdueruelebi%cc%87li%cc%87rli%cc%87k\/\">\n\n\t\t\t\t\t\t\t\t\t\t\t\t<span class=\"elementor-icon-list-icon\">\n\t\t\t\t\t\t\t<svg aria-hidden=\"true\" class=\"e-font-icon-svg e-fas-chevron-right\" viewbox=\"0 0 320 512\" xmlns=\"http:\/\/www.w3.org\/2000\/svg\"><path d=\"M285.476 272.971L91.132 467.314c-9.373 9.373-24.569 9.373-33.941 0l-22.667-22.667c-9.357-9.357-9.375-24.522-.04-33.901L188.505 256 34.484 101.255c-9.335-9.379-9.317-24.544.04-33.901l22.667-22.667c9.373-9.373 24.569-9.373 33.941 0L285.475 239.03c9.373 9.372 9.373 24.568.001 33.941z\"><\/path><\/svg>\t\t\t\t\t\t<\/span>\n\t\t\t\t\t\t\t\t\t\t<span class=\"elementor-icon-list-text\">Vizyon, s\u00fcrd\u00fcr\u00fclebilirlik<\/span>\n\t\t\t\t\t\t\t\t\t\t\t<\/a>\n\t\t\t\t\t\t\t\t\t<\/li>\n\t\t\t\t\t\t\t\t<li class=\"elementor-icon-list-item\">\n\t\t\t\t\t\t\t\t\t\t\t<a href=\"\/tr\/cesitlilik\/\">\n\n\t\t\t\t\t\t\t\t\t\t\t\t<span class=\"elementor-icon-list-icon\">\n\t\t\t\t\t\t\t<svg aria-hidden=\"true\" class=\"e-font-icon-svg e-fas-chevron-right\" viewbox=\"0 0 320 512\" xmlns=\"http:\/\/www.w3.org\/2000\/svg\"><path d=\"M285.476 272.971L91.132 467.314c-9.373 9.373-24.569 9.373-33.941 0l-22.667-22.667c-9.357-9.357-9.375-24.522-.04-33.901L188.505 256 34.484 101.255c-9.335-9.379-9.317-24.544.04-33.901l22.667-22.667c9.373-9.373 24.569-9.373 33.941 0L285.475 239.03c9.373 9.372 9.373 24.568.001 33.941z\"><\/path><\/svg>\t\t\t\t\t\t<\/span>\n\t\t\t\t\t\t\t\t\t\t<span class=\"elementor-icon-list-text\">\u00c7e\u015fitlilik ve farkl\u0131l\u0131k<\/span>\n\t\t\t\t\t\t\t\t\t\t\t<\/a>\n\t\t\t\t\t\t\t\t\t<\/li>\n\t\t\t\t\t\t\t\t<li class=\"elementor-icon-list-item\">\n\t\t\t\t\t\t\t\t\t\t\t<a href=\"\/tr\/referanslar\/\">\n\n\t\t\t\t\t\t\t\t\t\t\t\t<span class=\"elementor-icon-list-icon\">\n\t\t\t\t\t\t\t<svg aria-hidden=\"true\" class=\"e-font-icon-svg e-fas-chevron-right\" viewbox=\"0 0 320 512\" xmlns=\"http:\/\/www.w3.org\/2000\/svg\"><path d=\"M285.476 272.971L91.132 467.314c-9.373 9.373-24.569 9.373-33.941 0l-22.667-22.667c-9.357-9.357-9.375-24.522-.04-33.901L188.505 256 34.484 101.255c-9.335-9.379-9.317-24.544.04-33.901l22.667-22.667c9.373-9.373 24.569-9.373 33.941 0L285.475 239.03c9.373 9.372 9.373 24.568.001 33.941z\"><\/path><\/svg>\t\t\t\t\t\t<\/span>\n\t\t\t\t\t\t\t\t\t\t<span class=\"elementor-icon-list-text\">Projeler, Referanslar<\/span>\n\t\t\t\t\t\t\t\t\t\t\t<\/a>\n\t\t\t\t\t\t\t\t\t<\/li>\n\t\t\t\t\t\t\t\t<li class=\"elementor-icon-list-item\">\n\t\t\t\t\t\t\t\t\t\t\t<a href=\"\/tr\/muesteri%cc%87-referanslari\/\">\n\n\t\t\t\t\t\t\t\t\t\t\t\t<span class=\"elementor-icon-list-icon\">\n\t\t\t\t\t\t\t<svg aria-hidden=\"true\" class=\"e-font-icon-svg e-fas-chevron-right\" viewbox=\"0 0 320 512\" xmlns=\"http:\/\/www.w3.org\/2000\/svg\"><path d=\"M285.476 272.971L91.132 467.314c-9.373 9.373-24.569 9.373-33.941 0l-22.667-22.667c-9.357-9.357-9.375-24.522-.04-33.901L188.505 256 34.484 101.255c-9.335-9.379-9.317-24.544.04-33.901l22.667-22.667c9.373-9.373 24.569-9.373 33.941 0L285.475 239.03c9.373 9.372 9.373 24.568.001 33.941z\"><\/path><\/svg>\t\t\t\t\t\t<\/span>\n\t\t\t\t\t\t\t\t\t\t<span class=\"elementor-icon-list-text\">M\u00fc\u015fteri referanslar\u0131<\/span>\n\t\t\t\t\t\t\t\t\t\t\t<\/a>\n\t\t\t\t\t\t\t\t\t<\/li>\n\t\t\t\t\t\t\t\t<li class=\"elementor-icon-list-item\">\n\t\t\t\t\t\t\t\t\t\t\t<a href=\"\/tr\/haberler\/\">\n\n\t\t\t\t\t\t\t\t\t\t\t\t<span class=\"elementor-icon-list-icon\">\n\t\t\t\t\t\t\t<svg aria-hidden=\"true\" class=\"e-font-icon-svg e-fas-chevron-right\" viewbox=\"0 0 320 512\" xmlns=\"http:\/\/www.w3.org\/2000\/svg\"><path d=\"M285.476 272.971L91.132 467.314c-9.373 9.373-24.569 9.373-33.941 0l-22.667-22.667c-9.357-9.357-9.375-24.522-.04-33.901L188.505 256 34.484 101.255c-9.335-9.379-9.317-24.544.04-33.901l22.667-22.667c9.373-9.373 24.569-9.373 33.941 0L285.475 239.03c9.373 9.372 9.373 24.568.001 33.941z\"><\/path><\/svg>\t\t\t\t\t\t<\/span>\n\t\t\t\t\t\t\t\t\t\t<span class=\"elementor-icon-list-text\">Haberler<\/span>\n\t\t\t\t\t\t\t\t\t\t\t<\/a>\n\t\t\t\t\t\t\t\t\t<\/li>\n\t\t\t\t\t\t<\/ul>\n\t\t\t\t\t\t<\/div>\n\t\t\t\t<\/div>\n\t\t\t\t\t<\/div>\n\t\t\t\t<\/div>\n\t\t\t\t<\/div>\n\t\t<\/div>\n\t\t\t\t\t\t<\/div>\n\t\t\t\t<\/div>\n\t\t\t\t\t<\/div>\n\t\t\t\t<\/div>\n\t\t\t\t<\/div>","protected":false},"excerpt":{"rendered":"<p>Bu biziz. Teknoloji haz\u0131r, web sitesi i\u00e7in h\u0131zl\u0131 bir g\u00f6r\u00fcnt\u00fc. Bak\u0131n, orada bir PCS teknisyeni de var. J\u00f6rg, patronlar\u0131m\u0131zdan biri, yang\u0131n s\u00f6nd\u00fcrme tatbikat\u0131 s\u0131ras\u0131nda. Hay\u0131r, di\u011ferleri ne s\u0131k\u0131lm\u0131\u015f ne de \u015f\u00fcpheci. Kamera a\u00e7\u0131k m\u0131? Pili bitmek \u00fczere mi? Neden bu kadar kritik? Herkes g\u00fcl\u00fcmsesin, tak\u0131m foto\u011fraf\u0131! \ud83d\ude42 Bak\u0131n [...]<\/p>","protected":false},"author":1,"featured_media":45482,"parent":0,"menu_order":119,"comment_status":"closed","ping_status":"open","template":"","meta":{"_acf_changed":false,"footnotes":""},"class_list":["post-3320","page","type-page","status-publish","has-post-thumbnail","hentry"],"acf":[],"_links":{"self":[{"href":"https:\/\/konferenztechnik.de\/tr\/wp-json\/wp\/v2\/pages\/3320","targetHints":{"allow":["GET"]}}],"collection":[{"href":"https:\/\/konferenztechnik.de\/tr\/wp-json\/wp\/v2\/pages"}],"about":[{"href":"https:\/\/konferenztechnik.de\/tr\/wp-json\/wp\/v2\/types\/page"}],"author":[{"embeddable":true,"href":"https:\/\/konferenztechnik.de\/tr\/wp-json\/wp\/v2\/users\/1"}],"replies":[{"embeddable":true,"href":"https:\/\/konferenztechnik.de\/tr\/wp-json\/wp\/v2\/comments?post=3320"}],"version-history":[{"count":0,"href":"https:\/\/konferenztechnik.de\/tr\/wp-json\/wp\/v2\/pages\/3320\/revisions"}],"wp:featuredmedia":[{"embeddable":true,"href":"https:\/\/konferenztechnik.de\/tr\/wp-json\/wp\/v2\/media\/45482"}],"wp:attachment":[{"href":"https:\/\/konferenztechnik.de\/tr\/wp-json\/wp\/v2\/media?parent=3320"}],"curies":[{"name":"wp","href":"https:\/\/api.w.org\/{rel}","templated":true}]}}