{"id":3611,"date":"2013-10-24T14:19:31","date_gmt":"2013-10-24T12:19:31","guid":{"rendered":"https:\/\/konferenztechnik.de\/?page_id=3611"},"modified":"2023-09-01T14:06:28","modified_gmt":"2023-09-01T12:06:28","slug":"oezellestirilmis-ueruenler-bakim-ve-onarimlar","status":"publish","type":"page","link":"https:\/\/konferenztechnik.de\/tr\/oezellestirilmis-ueruenler-bakim-ve-onarimlar\/","title":{"rendered":"\u00d6zelle\u015ftirilmi\u015f \u00fcr\u00fcnler, bak\u0131m ve onar\u0131mlar"},"content":{"rendered":"<h1>\u00d6zelle\u015ftirilmi\u015f \u00fcr\u00fcnler, bak\u0131m ve onar\u0131mlar<\/h1>\n<p>[rev_slider \u00f6zelle\u015ftirilmi\u015f \u00fcr\u00fcnler]<br \/>\n[spacer size=\"20\u2033]<\/p>\n<p>E\u011fitimli personelimiz ve iyi donan\u0131ml\u0131 at\u00f6lyemiz sat\u0131\u015f sonras\u0131 destek, bak\u0131m ve onar\u0131m i\u00e7in hizmetinizdedir.<\/p>\n<p>Ayr\u0131ca kurulumlar ve sat\u0131\u015flar i\u00e7in \u00f6zelle\u015ftirilmi\u015f \u00e7\u00f6z\u00fcmler \u00fcretiyoruz. Fikirlerinize, g\u00f6rsel \u00f6zelliklerinize ve kurumsal tasar\u0131m y\u00f6nergelerinize g\u00f6re uyarlanm\u0131\u015f, m\u00fchendislerimiz taraf\u0131ndan planlanan ve ustal\u0131kla uygulanan \u00f6zelle\u015ftirilmi\u015f, y\u00fcksek kaliteli, multimedya \u00e7\u00f6z\u00fcmleri sunuyoruz.<\/p>\n<p><img decoding=\"async\" src=\"https:\/\/konferenztechnik.de\/wp-content\/uploads\/2016\/10\/sonderanfertigungen-medientechnik.jpg\" alt=\"\u00f6zelle\u015ftirilmi\u015f medya teknolojisi\" class=\"alignnone size-full wp-image-8476\" title=\"\"><\/p>\n<p><img decoding=\"async\" src=\"https:\/\/konferenztechnik.de\/wp-content\/uploads\/2016\/10\/medientechnik-sonderanfertigung.jpg\" alt=\"\u00f6zelle\u015ftirilmi\u015f medya teknolojisi\" class=\"alignnone size-full wp-image-8477\" title=\"\"><\/p>\n<p>[callout add_button=\"no\" button_text=\"Learn More\" button_url=\"#\" button_color=\"#a62055\u2033]<br \/>\n1950'den kalma konferans sisteminiz i\u00e7in bir y\u0131kay\u0131c\u0131ya veya \u015firketinizin renginde bir mikrofona m\u0131 ihtiyac\u0131n\u0131z var? \u00d6zelle\u015ftirme ve onar\u0131m departman\u0131m\u0131zla g\u00f6r\u00fc\u015f\u00fcn. En s\u0131ra d\u0131\u015f\u0131 talepler bile g\u00fcnl\u00fck i\u015fimizdir.<br \/>\n<img decoding=\"async\" src=\"\/wp-content\/uploads\/2016\/08\/retro-technik.jpg\" alt=\"retro-teknoloji\u0307\" class=\"alignnone size-full wp-image-7183\" title=\"\"><\/p>\n<p>[\/callout]<\/p>\n<div class=\"boxcontainer\">\n<div class=\"box1-2\">\n<h1>\u0130leti\u015fim kurulacak ki\u015fi<\/h1>\n<\/div>\n<div class=\"box1-2-order\">\n<h1>Di\u011fer ba\u011flant\u0131lar<\/h1>\n<\/div>\n<div class=\"box1-4\">\n<div class=\"box-head\">Servis ve bak\u0131m<\/div>\n<p><img decoding=\"async\" src=\"https:\/\/konferenztechnik.de\/wp-content\/uploads\/2018\/02\/rolandbaur.jpg\" alt=\"Roland Bauer - PCS GmbH\" class=\"alignleft size-full wp-image-12900\" title=\"\"><br \/>\nRoland Baur<br \/>\nProje dan\u0131\u015fman\u0131<br \/>\nTelefon +49 211 737798 20<br \/>\n<span class=\"volleansicht\">e-posta <a href=\"mailto:vertrieb@konferenztechnik.de\" onclick=\"ga('send', 'event', 'Email-Klick', 'Kontakt Baur');\">yaz<\/a><br \/>\n<\/span><br \/>\n<span class=\"mobileansicht\">e-posta <a href=\"mailto:vertrieb@konferenztechnik.de\" onclick=\"ga('send', 'event', 'Email-Klick', 'Kontakt Baur');\">yaz<\/a><br \/>\n<\/span><\/div>\n<div class=\"box2-4-2\" style=\"order:1;\" >\n<div class=\"weiterlinks\">\n<ul>\n[list icon=\"moon-arrow-right-2\u2033 color=\"#a62055\u2033]<a title=\"\u00dcr\u00fcn grubuna g\u00f6re da\u011f\u0131l\u0131m\" href=\"\/tr\/ueruen-gruplari\/\">\u00dcr\u00fcn grubuna g\u00f6re da\u011f\u0131l\u0131m<\/a>[\/list]<br \/>\n[list icon=\"moon-arrow-right-2\u2033 color=\"#a62055\u2033]<a title=\"\u00dcreticiye g\u00f6re da\u011f\u0131l\u0131m\" href=\"\/tr\/ueretici\/\">\u00dcreticiye g\u00f6re da\u011f\u0131l\u0131m<\/a>[\/list]<br \/>\n[list icon=\"moon-arrow-right-2\u2033 color=\"#a62055\u2033]<a title=\"\u00d6zelle\u015ftirilmi\u015f \u00fcr\u00fcnler, bak\u0131m ve onar\u0131mlar\" href=\"\/tr\/hizmetler-2\/bakim-ve-onarim\/\">\u00d6zelle\u015ftirilmi\u015f \u00fcr\u00fcnler, bak\u0131m ve onar\u0131mlar<\/a>[\/list]<br \/>\n[list icon=\"moon-arrow-right-2\u2033 color=\"#a62055\u2033]<a title=\"PCS i\u00e7in 10 iyi neden\" href=\"\/tr\/hakkimizda-2\/pcler-icin-10-iyi-neden\/\">PCS i\u00e7in 10 iyi neden<\/a>[\/list]<br \/>\n[list icon=\"moon-arrow-right-2\u2033 color=\"#a62055\u2033]<a title=\"Referanslar\" href=\"\/tr\/hakkimizda-2\/referans-li%cc%87stesi%cc%87-kurulumu\/\">Referanslar Kurulum ve entegrasyon<\/a>[\/list]<br \/>\n[list icon=\"moon-arrow-right-2\u2033 color=\"#a62055\u2033]<a title=\"PCS: Bir bak\u0131\u015fta t\u00fcm hizmetler\" href=\"\/tr\/hizmetler-2\/\">PCS: Bir bak\u0131\u015fta t\u00fcm hizmetler<\/a>[\/list]<\/ul>\n<\/div>\n<\/div>\n<\/div>\n<\/div>","protected":false},"excerpt":{"rendered":"<p>Sonderanfertigungen, Wartungen und Reparaturen [rev_slider sonderanfertigungen] [spacer size=&#8220;20&#8243;] Im After-Sales-Support stehen Ihnen f\u00fcr Wartungen und Reparaturen unser geschultes Personal und eine bestens ausgestattete Werkstatt zur Verf\u00fcgung. Hier entstehen auch Sonderl\u00f6sungen f\u00fcr Installationen und Vertrieb. Wir bieten ma\u00dfgeschneiderte, hochwertige, multimediale L\u00f6sungen, passend zu Ihren Vorstellungen, visuellen Vorgaben und Corporate-Design-Richtlinien, von uns ingenieurtechnisch geplant und fachm\u00e4nnisch umgesetzt. [&hellip;]<\/p>","protected":false},"author":1,"featured_media":45482,"parent":0,"menu_order":114,"comment_status":"closed","ping_status":"open","template":"","meta":{"_acf_changed":false,"footnotes":""},"class_list":["post-3611","page","type-page","status-publish","has-post-thumbnail","hentry"],"acf":[],"_links":{"self":[{"href":"https:\/\/konferenztechnik.de\/tr\/wp-json\/wp\/v2\/pages\/3611","targetHints":{"allow":["GET"]}}],"collection":[{"href":"https:\/\/konferenztechnik.de\/tr\/wp-json\/wp\/v2\/pages"}],"about":[{"href":"https:\/\/konferenztechnik.de\/tr\/wp-json\/wp\/v2\/types\/page"}],"author":[{"embeddable":true,"href":"https:\/\/konferenztechnik.de\/tr\/wp-json\/wp\/v2\/users\/1"}],"replies":[{"embeddable":true,"href":"https:\/\/konferenztechnik.de\/tr\/wp-json\/wp\/v2\/comments?post=3611"}],"version-history":[{"count":0,"href":"https:\/\/konferenztechnik.de\/tr\/wp-json\/wp\/v2\/pages\/3611\/revisions"}],"wp:featuredmedia":[{"embeddable":true,"href":"https:\/\/konferenztechnik.de\/tr\/wp-json\/wp\/v2\/media\/45482"}],"wp:attachment":[{"href":"https:\/\/konferenztechnik.de\/tr\/wp-json\/wp\/v2\/media?parent=3611"}],"curies":[{"name":"wp","href":"https:\/\/api.w.org\/{rel}","templated":true}]}}