{"id":3621,"date":"2013-10-24T14:46:29","date_gmt":"2013-10-24T12:46:29","guid":{"rendered":"https:\/\/konferenztechnik.de\/?page_id=3621"},"modified":"2023-07-05T14:16:03","modified_gmt":"2023-07-05T12:16:03","slug":"cok-dilli-etkinlikler-icin-destek","status":"publish","type":"page","link":"https:\/\/konferenztechnik.de\/tr\/cok-dilli-etkinlikler-icin-destek\/","title":{"rendered":"\u00c7ok dilli etkinlikler i\u00e7in destek"},"content":{"rendered":"<h1>Etkinlik deste\u011fi<\/h1>\n<p>PCS, 1995 y\u0131l\u0131nda sim\u00fcltane \u00e7eviri i\u00e7in teknik hizmet sa\u011flay\u0131c\u0131s\u0131 olarak i\u015fe ba\u015flad\u0131 ve o zamandan beri t\u00fcm d\u00fcnyada 30.000'den fazla etkinli\u011fe destek verdi.<\/p>\n<p>En tan\u0131nm\u0131\u015f terc\u00fcmanlarla \u00e7al\u0131\u015f\u0131yor ve kapsaml\u0131, modern birinci s\u0131n\u0131f teknoloji yelpazemizi kullan\u0131yoruz.<\/p>\n<p>Almanya'daki \u015fube a\u011f\u0131m\u0131z sayesinde h\u0131zl\u0131 ve esnekiz. Etkinli\u011finizin planlanmas\u0131, ekipman\u0131 ve teknik olarak ger\u00e7ekle\u015ftirilmesi konusundaki deneyimimizden yararlan\u0131n.<\/p>\n<p>Bizimle her etkinlik y\u00f6netim kurulu taraf\u0131ndan onaylan\u0131r: \u00fc\u00e7 kat\u0131l\u0131mc\u0131yla fabrika turu ve b\u00fcy\u00fck uluslararas\u0131 etkinlik.<\/p>\n<p><img decoding=\"async\" src=\"\/wp-content\/uploads\/2016\/08\/event-01.jpg\" alt=\"\u00c7ok dilli etkinlikler i\u00e7in destek\" title=\"\"><\/p>\n<p><img decoding=\"async\" src=\"\/wp-content\/uploads\/2016\/08\/event-02.jpg\" alt=\"\u00c7ok dilli etkinlikler i\u00e7in destek\" title=\"\"><\/p>\n<p><img decoding=\"async\" src=\"\/wp-content\/uploads\/2016\/08\/event-03.jpg\" alt=\"\u00c7ok dilli etkinlikler i\u00e7in destek\" title=\"\"><\/p>\n<p><img decoding=\"async\" src=\"\/wp-content\/uploads\/2016\/08\/event-05.jpg\" alt=\"\u00c7ok dilli etkinlikler i\u00e7in destek\" title=\"\"><\/p>\n<p><img decoding=\"async\" src=\"\/wp-content\/uploads\/2016\/08\/event-04.jpg\" alt=\"\u00c7ok dilli etkinlikler i\u00e7in destek\" title=\"\"><\/p>\n<div class=\"weiterlinks\" style=\"background-color: #ffffff;\">\n<h1>Di\u011fer ba\u011flant\u0131lar<\/h1>\n<p><a title=\"\u00c7ok dilli etkinlikler i\u00e7in destek\" href=\"\/tr\/cok-dilli-etkinlikler-icin-destek\/\">\u00c7ok dilli etkinlikler i\u00e7in destek<\/a><br \/>\n<a title=\"Referanslar\" href=\"\/tr\/hakkimizda-2\/referans-li%cc%87stesi%cc%87-etki%cc%87nli%cc%87gi%cc%87\/\">Referanslar Kiralama, Etkinlikler<\/a><br \/>\n<a title=\"Terc\u00fcmanlar i\u00e7in e\u011fitim ve hizmetler\" href=\"\/tr\/tercuemanlara-yoenelik-egitim-kurslari-ve-hizmetler\/\">Terc\u00fcmanlar i\u00e7in e\u011fitim ve hizmetler<\/a><br \/>\n<a title=\"PCS i\u00e7in 10 iyi neden\" href=\"\/tr\/hakkimizda-2\/pcler-icin-10-iyi-neden\/\">PCS i\u00e7in 10 iyi neden<\/a><br \/>\n<a title=\"PCS: Bir bak\u0131\u015fta t\u00fcm hizmetler\" href=\"\/tr\/hizmetler-2\/\">PCS: Bir bak\u0131\u015fta t\u00fcm hizmetler<\/a><\/p>\n<\/div>","protected":false},"excerpt":{"rendered":"<p>Etkinlikler i\u00e7in destek PCS 1995 y\u0131l\u0131nda sim\u00fcltane \u00e7eviri i\u00e7in teknik hizmet sa\u011flay\u0131c\u0131s\u0131 olarak ba\u015flad\u0131 ve o zamandan beri t\u00fcm d\u00fcnyada 30.000'den fazla etkinli\u011fi destekledi. En tan\u0131nm\u0131\u015f terc\u00fcmanlarla \u00e7al\u0131\u015f\u0131yor ve kapsaml\u0131, modern birinci s\u0131n\u0131f teknoloji yelpazemizi kullan\u0131yoruz. Almanya'daki \u015fube a\u011f\u0131m\u0131z sayesinde h\u0131zl\u0131 ve esnekiz. Almanya'daki deneyimimizden yararlan\u0131n [...]<\/p>","protected":false},"author":1,"featured_media":45482,"parent":0,"menu_order":109,"comment_status":"closed","ping_status":"open","template":"","meta":{"_acf_changed":false,"footnotes":""},"class_list":["post-3621","page","type-page","status-publish","has-post-thumbnail","hentry"],"acf":[],"_links":{"self":[{"href":"https:\/\/konferenztechnik.de\/tr\/wp-json\/wp\/v2\/pages\/3621","targetHints":{"allow":["GET"]}}],"collection":[{"href":"https:\/\/konferenztechnik.de\/tr\/wp-json\/wp\/v2\/pages"}],"about":[{"href":"https:\/\/konferenztechnik.de\/tr\/wp-json\/wp\/v2\/types\/page"}],"author":[{"embeddable":true,"href":"https:\/\/konferenztechnik.de\/tr\/wp-json\/wp\/v2\/users\/1"}],"replies":[{"embeddable":true,"href":"https:\/\/konferenztechnik.de\/tr\/wp-json\/wp\/v2\/comments?post=3621"}],"version-history":[{"count":0,"href":"https:\/\/konferenztechnik.de\/tr\/wp-json\/wp\/v2\/pages\/3621\/revisions"}],"wp:featuredmedia":[{"embeddable":true,"href":"https:\/\/konferenztechnik.de\/tr\/wp-json\/wp\/v2\/media\/45482"}],"wp:attachment":[{"href":"https:\/\/konferenztechnik.de\/tr\/wp-json\/wp\/v2\/media?parent=3621"}],"curies":[{"name":"wp","href":"https:\/\/api.w.org\/{rel}","templated":true}]}}