{"id":3625,"date":"2013-10-24T14:54:33","date_gmt":"2013-10-24T12:54:33","guid":{"rendered":"https:\/\/konferenztechnik.de\/?page_id=3625"},"modified":"2023-09-01T11:27:41","modified_gmt":"2023-09-01T09:27:41","slug":"konferans-teknolojisi-ve-medya-sistemlerinin-kurulumu-ve-entegrasyonu","status":"publish","type":"page","link":"https:\/\/konferenztechnik.de\/tr\/konferans-teknolojisi-ve-medya-sistemlerinin-kurulumu-ve-entegrasyonu\/","title":{"rendered":"Konferans teknolojisi ve medya sistemlerinin kurulumu ve entegrasyonu"},"content":{"rendered":"<h1>Konferans teknolojisi ve medya sistemlerinin kurulumu ve entegrasyonu<\/h1>\n<p>[rev_slider kurulumu]<\/p>\n<p>[spacer size=\"20\u2033]<\/p>\n<p>PCS, toplant\u0131 odalar\u0131, topluluk, mahkeme ve konferans salonlar\u0131, \u015firket merkezleri, showroomlar, m\u00fczeler, sergiler, kontrol odalar\u0131, amfiler, okullar, g\u00f6steri sahneleri, tiyatrolar, oteller, video konferans st\u00fcdyolar\u0131 ve ak\u0131ll\u0131 evlerde medya kurulumlar\u0131 ger\u00e7ekle\u015ftirmektedir.<\/p>\n<p>[spacer size=\"20\u2033]<\/p>\n<p>[column size=\"1-2\u2033 last=\"0\u2033]<\/p>\n<p>Y\u00fcksek kaliteli ve i\u015flevsel olarak g\u00fcvenilir iletim, estetik ve bireysel kurulumlar, medya kontrolleri ve ak\u0131ll\u0131, enerji tasarruflu sistemler konusunda uzman\u0131z.<\/p>\n<p>Kablolu, kablosuz ve musluk korumal\u0131 \u00e7\u00f6z\u00fcmler sunuyor ve planlama ve in\u015faattan destek ve bak\u0131ma kadar \u2013 projenizin t\u00fcm a\u015famalar\u0131nda size destek oluyoruz.<\/p>\n<p>Bina teknolojisi ve sistem veri yollar\u0131n\u0131 birle\u015ftiriyor ve EIB, DALI, LON ve di\u011fer sistemlere dayal\u0131 ileriye d\u00f6n\u00fck teknolojiyi entegre ediyoruz. Enerji tasarrufu sa\u011flayan ve uzun \u00f6m\u00fcrl\u00fc olan a\u011fa ba\u011flanabilir ve ileti\u015fim \u00f6zellikli AV, bilgisayar, ev ve bina teknolojisine sahip olursunuz.<\/p>\n<p>[button link=\"#kontakt\" target=\"self\" color=\"#a62055\u2033 text=\"light\"]\u015eimdi Sorgula[\/button]<\/p>\n<p>[\/column]<\/p>\n<p>[column size=\"1-2\u2033 last=\"1\u2033]<\/p>\n<p><img decoding=\"async\" src=\"https:\/\/konferenztechnik.de\/wp-content\/uploads\/2016\/07\/start.jpg\" alt=\"\" title=\"\"><\/p>\n<p>[\/column]<\/p>\n<p>[spacer size=\"30\u2033]<\/p>\n<hr>\n<p>[spacer size=\"20\u2033]<\/p>\n<p>[temiz]<\/p>\n<p>Hizmet yelpazemiz ayr\u0131ca \u00f6zelle\u015ftirilmi\u015f \u00e7\u00f6z\u00fcmler, son teknoloji medya entegrasyonu, dijital tabela ve entegre video konferans \u00e7\u00f6z\u00fcmlerini de i\u00e7ermektedir.<\/p>\n<p>PCS, ileriye d\u00f6n\u00fck teknoloji entegrasyonu ve en \u00fcst d\u00fczeyde planlama yoluyla gelece\u011fe d\u00f6n\u00fck teknoloji anlam\u0131na gelir.<\/p>\n<p><img fetchpriority=\"high\" decoding=\"async\" src=\"https:\/\/konferenztechnik.de\/wp-content\/uploads\/2013\/10\/installation-pcs.jpg\" alt=\"kurulum--pcs\" width=\"1198\" height=\"748\" class=\"alignleft size-full wp-image-7065\" title=\"\" srcset=\"https:\/\/konferenztechnik.de\/wp-content\/uploads\/2013\/10\/installation-pcs.jpg 1198w, https:\/\/konferenztechnik.de\/wp-content\/uploads\/2013\/10\/installation-pcs-300x187.jpg 300w, https:\/\/konferenztechnik.de\/wp-content\/uploads\/2013\/10\/installation-pcs-1024x639.jpg 1024w, https:\/\/konferenztechnik.de\/wp-content\/uploads\/2013\/10\/installation-pcs-768x480.jpg 768w\" sizes=\"(max-width: 1198px) 100vw, 1198px\" \/><\/p>\n<p>[spacer size=\"30\u2033]<\/p>\n<hr>\n<p>[spacer size=\"20\u2033]<\/p>\n<div class=\"box1-2-order\">\n<h1>PCS konferans odas\u0131 y\u00fckseltmeleri ve konferans odas\u0131 paketleri<\/h1>\n<p>T\u00fcm yayg\u0131n video konferans yaz\u0131l\u0131mlar\u0131n\u0131n yerle\u015ftirilmesi de dahil olmak \u00fczere modern ve y\u00fcksek kaliteli toplant\u0131 odalar\u0131n\u0131n karma\u015f\u0131k olmayan bir \u015fekilde ger\u00e7ekle\u015ftirilmesini sunuyoruz. Ayr\u0131ca mevcut odalar\u0131n\u0131z i\u00e7in y\u00fckseltmeler de ger\u00e7ekle\u015ftiriyoruz. Video konferans\u0131 ve harici kat\u0131l\u0131mc\u0131lar\u0131 konferanslar\u0131n\u0131za, toplant\u0131lar\u0131n\u0131za ve etkinliklerinize kolayca entegre edebilirsiniz.<\/p>\n<\/div>\n<p>[column size=\"1-2\u2033 last=\"0\u2033]<br \/>\n<a href=\"https:\/\/konferenztechnik.de\/tr\/hi%cc%87bri%cc%87t-konferans-odalari-i%cc%87ci%cc%87n-pcs-konferans-odasi-paketleri%cc%87\/\" class=\"pcs-color\"><\/p>\n<h3><strong>Konferans odas\u0131 paketleri<\/strong><\/h3>\n<p><img decoding=\"async\" src=\"https:\/\/konferenztechnik.de\/wp-content\/uploads\/2021\/06\/1-pcs-raumbundles-konferenzraum-bundles.jpg\" alt=\"\" width=\"1200\" height=\"451\" class=\"alignleft size-full wp-image-18001\" title=\"\" srcset=\"https:\/\/konferenztechnik.de\/wp-content\/uploads\/2021\/06\/1-pcs-raumbundles-konferenzraum-bundles.jpg 1200w, https:\/\/konferenztechnik.de\/wp-content\/uploads\/2021\/06\/1-pcs-raumbundles-konferenzraum-bundles-300x113.jpg 300w, https:\/\/konferenztechnik.de\/wp-content\/uploads\/2021\/06\/1-pcs-raumbundles-konferenzraum-bundles-1024x385.jpg 1024w, https:\/\/konferenztechnik.de\/wp-content\/uploads\/2021\/06\/1-pcs-raumbundles-konferenzraum-bundles-768x289.jpg 768w\" sizes=\"(max-width: 1200px) 100vw, 1200px\" \/><\/p>\n<p>T\u00fcm yayg\u0131n video konferans yaz\u0131l\u0131mlar\u0131n\u0131n yerle\u015ftirilmesi de dahil olmak \u00fczere modern ve y\u00fcksek kaliteli toplant\u0131lar i\u00e7in karma\u015f\u0131k olmayan ger\u00e7ekle\u015ftirme. 5.000 \u20ac'dan ba\u015flayan paketler.<\/p>\n<p><\/a><br \/>\n[button link=\"https:\/\/www.konferenztechnik.de\/pcs-konferenzraum-bundles-fuer-hybride-konferenzraeume\/\" target=\"self\" color=\"#a62055\u2033 text=\"light\"]Daha fazlas\u0131n\u0131 \u00f6\u011frenin[\/button]<br \/>\n[\/column]<br \/>\n[column size=\"1-2\u2033 last=\"1\u2033]<br \/>\n<a href=\"https:\/\/konferenztechnik.de\/tr\/konferans-odasinin-yeni%cc%87lenmesi%cc%87-vi%cc%87deo-konferanslar-i%cc%87ci%cc%87n-i%cc%87deal-kosullar-yaratiyor\/\" class=\"pcs-color\"><\/p>\n<h3><strong>Konferans odas\u0131 y\u00fckseltmeleri<\/strong><\/h3>\n<p><img decoding=\"async\" width=\"1200\" height=\"451\" src=\"https:\/\/konferenztechnik.de\/wp-content\/uploads\/2021\/06\/konferenzraum-upgrades-videokonferenz-technik-upgrade.jpg\" alt=\"konferans odas\u0131 y\u00fckseltmeleri-videokonferans-teknolojisi-y\u00fckseltmesi\" class=\"alignleft size-full wp-image-18072\" title=\"\" srcset=\"https:\/\/konferenztechnik.de\/wp-content\/uploads\/2021\/06\/konferenzraum-upgrades-videokonferenz-technik-upgrade.jpg 1200w, https:\/\/konferenztechnik.de\/wp-content\/uploads\/2021\/06\/konferenzraum-upgrades-videokonferenz-technik-upgrade-300x113.jpg 300w, https:\/\/konferenztechnik.de\/wp-content\/uploads\/2021\/06\/konferenzraum-upgrades-videokonferenz-technik-upgrade-1024x385.jpg 1024w, https:\/\/konferenztechnik.de\/wp-content\/uploads\/2021\/06\/konferenzraum-upgrades-videokonferenz-technik-upgrade-768x289.jpg 768w\" sizes=\"(max-width: 1200px) 100vw, 1200px\" \/><\/p>\n<p>Mevcut tesisleriniz i\u00e7in y\u00fckseltmeler. Video konferans\u0131 daha iyi entegre edin. \"Yerinde\" ve \"evden\" ayr\u0131m\u0131n\u0131 en aza indirin.<\/p>\n<p>[button link=\"https:\/\/www.konferenztechnik.de\/konferenzraum-upgrade-ideale-bedingungen-fuer-videokonferenzen-schaffen\/\" target=\"self\" color=\"#a62055\u2033 text=\"light\"]Daha fazlas\u0131n\u0131 \u00f6\u011frenin[\/button]<br \/>\n[\/column]<\/p>\n<p>[spacer size=\"30\u2033]<\/p>\n<hr id=\"kontakt\">\n<p>[spacer size=\"30\u2033]<\/p>\n<div class=\"box1-4 medium-size-txt\" style=\"margin-bottom: 0!important\">\n<h2><b><span class=\"pcs-color medium-size-txt\">Servis ekibiniz<\/span><\/b><\/h2>\n<p>[spacer size=\"5\u2033]<br \/>\n[column size=\"1-2\u2033 last=\"0\u2033]<\/p>\n<p>Uzman departman\u0131m\u0131z sorular\u0131n\u0131z\u0131 yan\u0131tlamaktan, size \u00fcr\u00fcnler hakk\u0131nda tavsiyelerde bulunmaktan, ki\u015fiselle\u015ftirilmi\u015f bir fiyat teklifi veya bireysel bir oda konsepti haz\u0131rlamaktan mutluluk duyacakt\u0131r.<\/p>\n<p><img loading=\"lazy\" decoding=\"async\" src=\"https:\/\/konferenztechnik.de\/wp-content\/uploads\/2021\/06\/enricohucke-pcsgmbh.jpg\" alt=\"Enrico Hucke - PCS GmbH Sat\u0131\u015f Ekibi\" width=\"150\" height=\"150\" class=\"alignleft size-full wp-image-17496\" title=\"\"><br \/>\n<img loading=\"lazy\" decoding=\"async\" width=\"150\" height=\"150\" src=\"https:\/\/konferenztechnik.de\/wp-content\/uploads\/2021\/06\/roland-baur-pcs-gmbh.jpeg\" alt=\"Roland Baur - PCS GmbH Sat\u0131\u015f Ekibi\" class=\"alignleft size-full wp-image-18053\" title=\"\"><br \/>\n<img loading=\"lazy\" decoding=\"async\" src=\"https:\/\/konferenztechnik.de\/wp-content\/uploads\/2021\/06\/jeremias-daniel-pcs-gmbh-2-1.jpg\" alt=\"Jeremias Daniel - PCS GmbH Sat\u0131\u015f Ekibi\" width=\"150\" height=\"150\" class=\"alignleft size-full wp-image-17836\" title=\"\"><br \/>\n[spacer size=\"5\u2033]<br \/>\n<span class=\"medium-size-txt\"><br \/>\nSadece bizi aray\u0131n!<br \/>\n<a href=\"tel:+49 21173779820\"><b>+49 211 737798 20<\/b><\/a><\/p>\n<p>L\u00fctfen bize bir e-posta g\u00f6nderin:<br \/>\n<span class=\"volleansicht\"><a href=\"mailto:vertrieb@konferenztechnik.de\" onclick=\"ga('send', 'event', 'Email-Klick', 'Kontakt Vertrieb');\">vertrieb@konferenztechnik.de<\/a><br \/>\n<\/span><br \/>\n<span class=\"mobileansicht\"><a href=\"mailto:vertrieb@konferenztechnik.de\" onclick=\"ga('send', 'event', 'Email-Klick', 'Kontakt Vertrieb');\">yaz<\/a><br \/>\n<\/span><\/p>\n<p>Bizimle sohbet edin veya geri arama hizmetimizi kullan\u0131n<br \/>\n<\/span><br \/>\n[\/column]<br \/>\n[column size=\"1-2\u2033 last=\"1\u2033]<\/p>\n<h2>Bir geri arama d\u00fczenleyin<\/h2>\n<p>[contact-form-7 id=\"17990\u2033 title=\"\u0130leti\u015fim odas\u0131 paketleri\/y\u00fckseltmeleri\"]<br \/>\n[\/column]<\/p>\n<\/div>","protected":false},"excerpt":{"rendered":"<p>Konferans teknolojisi ve medya sistemlerinin kurulumu ve entegrasyonu [rev_slider installation] [spacer size=\"20\u2033] PCS, toplant\u0131 odalar\u0131, topluluk, mahkeme ve konferans salonlar\u0131, \u015firket merkezleri, showroomlar, m\u00fczeler, sergiler, kontrol odalar\u0131, amfiler, okullar, g\u00f6steri sahneleri, tiyatrolar, oteller, video konferans st\u00fcdyolar\u0131, ak\u0131ll\u0131 evlerde medya kurulumlar\u0131 ger\u00e7ekle\u015ftirir. [spacer size=\"20\u2033] [column size=\"1-2\u2033 last=\"0\u2033] Y\u00fcksek kaliteli ve i\u015flevsel olarak g\u00fcvenilir iletim, estetik ve bireysel kurulumlar, medya kontrolleri ve ak\u0131ll\u0131, enerji tasarruflu sistemler konusunda uzman\u0131z. [...]<\/p>","protected":false},"author":1,"featured_media":45482,"parent":0,"menu_order":110,"comment_status":"closed","ping_status":"open","template":"","meta":{"_acf_changed":false,"footnotes":""},"class_list":["post-3625","page","type-page","status-publish","has-post-thumbnail","hentry"],"acf":[],"_links":{"self":[{"href":"https:\/\/konferenztechnik.de\/tr\/wp-json\/wp\/v2\/pages\/3625","targetHints":{"allow":["GET"]}}],"collection":[{"href":"https:\/\/konferenztechnik.de\/tr\/wp-json\/wp\/v2\/pages"}],"about":[{"href":"https:\/\/konferenztechnik.de\/tr\/wp-json\/wp\/v2\/types\/page"}],"author":[{"embeddable":true,"href":"https:\/\/konferenztechnik.de\/tr\/wp-json\/wp\/v2\/users\/1"}],"replies":[{"embeddable":true,"href":"https:\/\/konferenztechnik.de\/tr\/wp-json\/wp\/v2\/comments?post=3625"}],"version-history":[{"count":0,"href":"https:\/\/konferenztechnik.de\/tr\/wp-json\/wp\/v2\/pages\/3625\/revisions"}],"wp:featuredmedia":[{"embeddable":true,"href":"https:\/\/konferenztechnik.de\/tr\/wp-json\/wp\/v2\/media\/45482"}],"wp:attachment":[{"href":"https:\/\/konferenztechnik.de\/tr\/wp-json\/wp\/v2\/media?parent=3625"}],"curies":[{"name":"wp","href":"https:\/\/api.w.org\/{rel}","templated":true}]}}