{"id":3833,"date":"2013-11-28T13:09:34","date_gmt":"2013-11-28T11:09:34","guid":{"rendered":"https:\/\/konferenztechnik.de\/?page_id=3833"},"modified":"2023-07-03T15:39:42","modified_gmt":"2023-07-03T13:39:42","slug":"barco-clickshare","status":"publish","type":"page","link":"https:\/\/konferenztechnik.de\/tr\/konferans-ve-av-medya-teknoloji%cc%87si%cc%87ni%cc%87n-dagitimi\/barco-clickshare\/","title":{"rendered":"Barco ClickShare sunum sistemleri"},"content":{"rendered":"<h1>Kablosuz sunum, i\u015fbirli\u011fi art\u0131k \u00e7ok kolay.<\/h1>\n<p>ClickShare, diz\u00fcst\u00fc bilgisayarlar\u0131 ve tabletleri (iOS \/ Android) tek bir d\u00fc\u011fmeye dokunarak \u2013 konferans odan\u0131zdaki video teknolojisine kablosuz olarak ba\u011flar!<\/p>\n<p>\u00c7ok say\u0131da kat\u0131l\u0131mc\u0131 tek bir t\u0131klamayla sunumlar\u0131n\u0131 a\u00e7abilir ve i\u00e7eri\u011fi her zamankinden daha kolay payla\u015fabilir.<\/p>\n<p>Art\u0131k siyah ekranlara, hatal\u0131 \u00e7\u00f6z\u00fcn\u00fcrl\u00fcklere ve sayfa g\u00f6r\u00fcnt\u00fclerine veya eksik ba\u011flant\u0131 kablolar\u0131na son!<br \/>\n\u0130\u00e7eri\u011fin basit\u00e7e de\u011fi\u015ftirilmesi ve payla\u015f\u0131lmas\u0131 tamamen yeni bir i\u015fbirli\u011fi bi\u00e7imini m\u00fcmk\u00fcn k\u0131l\u0131yor.<\/p>\n<p>\"Kendi Cihaz\u0131n\u0131 Getir\u201d slogan\u0131na sad\u0131k kalan ClickShare, t\u00fcm yayg\u0131n bilgisayar sistemlerinin yan\u0131 s\u0131ra Tak ve \u00c7al\u0131\u015ft\u0131r arac\u0131l\u0131\u011f\u0131yla tabletlerde ve ak\u0131ll\u0131 telefonlarda \u2013 \u00e7al\u0131\u015f\u0131r.<\/p>\n<p><a href=\"https:\/\/konferenztechnik.de\/wp-content\/uploads\/2013\/11\/Barco-Logo.jpg\"><img decoding=\"async\" class=\"alignright size-full wp-image-3844\" src=\"https:\/\/konferenztechnik.de\/wp-content\/uploads\/2013\/11\/Barco-Logo.jpg\" alt=\"Barco logosu\" width=\"181\" height=\"178\" title=\"\"><\/a><\/p>\n<div class=\"boxcontainer-home\">\n<div class=\"box1\">\n<p><img decoding=\"async\" class=\"alignnone size-full wp-image-1418\" src=\"https:\/\/konferenztechnik.de\/wp-content\/uploads\/2017\/04\/Barco-ClickShare-Button.jpg\" alt=\"Barco-Clickshare Ad\u0131m 1\" title=\"\"><\/p>\n<h2>D\u00fc\u011fmeyi bir USB ba\u011flant\u0131 noktas\u0131na ba\u011flay\u0131n<\/h2>\n<p>ClickShare ile diz\u00fcst\u00fc bilgisayar\u0131n\u0131zdaki veya mobil cihaz\u0131n\u0131zdaki i\u00e7eri\u011fi kolayca bir sunum ekran\u0131na aktarabilirsiniz.<\/p>\n<\/div>\n<div class=\"box2\">\n<p><img decoding=\"async\" class=\"alignnone size-full wp-image-1418\" src=\"https:\/\/konferenztechnik.de\/wp-content\/uploads\/2017\/04\/Barco-ClickShare-Praesentationssystem.jpg\" alt=\"Barco-Clickshare Ad\u0131m 2\" title=\"\"><\/p>\n<h2>Ekran\u0131 g\u00f6rmek i\u00e7in butona t\u0131klay\u0131n<\/h2>\n<p>Sadece tek bir t\u0131klama ile bir toplant\u0131y\u0131 fikirleri, i\u00e7eri\u011fi ve insanlar\u0131 bir araya getiren bir deneyime d\u00f6n\u00fc\u015ft\u00fcrebilirsiniz. Kablolar, yap\u0131land\u0131rma veya kat\u0131l\u0131mc\u0131lar\u0131 beklemek zorunda kalmadan.<\/p>\n<\/div>\n<div class=\"box3\"><img decoding=\"async\" class=\"alignnone size-full wp-image-1418\" src=\"https:\/\/konferenztechnik.de\/wp-content\/uploads\/2017\/04\/Barco-ClickShare-drahtlosesPraesentieren.jpg\" alt=\"Barco-Clickshare Ad\u0131m 3\" title=\"\"><\/p>\n<h2>\u00c7al\u0131\u015fmalar\u0131n\u0131z\u0131 konferans s\u0131ras\u0131nda payla\u015f\u0131n<\/h2>\n<p>ClickShare ile eklenti i\u015fbirli\u011fi \u2013, konferanslar\u0131n\u0131z bir daha asla ayn\u0131 olmayacak! \u0130\u00e7erik payla\u015f\u0131m\u0131n\u0131 te\u015fvik ederek, konferanslar harika fikirlerin te\u015fvik edildi\u011fi yeni bir \u2013one seviyesine y\u00fckseltilir.<\/p>\n<\/div>\n<\/div>\n<h4>ClickShare CS-100<img decoding=\"async\" class=\"aligncenter size-full wp-image-3845\" src=\"https:\/\/konferenztechnik.de\/wp-content\/uploads\/2017\/04\/Barco-Clickshare-CS-100.jpg\" alt=\"CLickShare1\" title=\"\"><br \/>\nCS-100 Temel \u00dcnitesi, \u015fifreleme, oturum a\u00e7ma y\u00f6netimi, HTTPS ve Temel \u00dcnitenin kablosuz a\u011f\u0131n\u0131n SSID'sini gizleme yetene\u011fi dahil olmak \u00fczere standart ClickShare g\u00fcvenlik \u00f6zelliklerini i\u00e7erir.<\/h4>\n<ul>\n<li>Windows 7\/8\/8.1\/10 32 &amp; 64 bit, Mac OSX 10.10\/10.11\/10.12 (Sierra), Android v5 &amp; v6 (ClickShare uygulamas\u0131), iOS 8, 9 &amp; 10 (ClickShare uygulamas\u0131)<\/li>\n<li>Video \u00e7\u0131k\u0131\u015flar\u0131: 1 x HDMI<\/li>\n<li>Kare h\u0131z\u0131: 30 fps<\/li>\n<li>\u00c7\u0131k\u0131\u015f \u00e7\u00f6z\u00fcn\u00fcrl\u00fc\u011f\u00fc: 1.920 x 1.200<\/li>\n<li>G\u00fcr\u00fclt\u00fc seviyesi: Fans\u0131z<\/li>\n<li>E\u015fzamanl\u0131 kaynak say\u0131s\u0131: 1<\/li>\n<li>E\u015fzamanl\u0131 ba\u011flant\u0131 say\u0131s\u0131: 8<\/li>\n<\/ul>\n<p>K\u00fc\u00e7\u00fck toplant\u0131 odalar\u0131 i\u00e7in kablosuz ba\u011f\u0131ms\u0131z sunum sistemi<\/p>\n<p>CS-100 Ana \u00dcnite, HDMI \u00e7\u0131k\u0131\u015f\u0131na sahip ba\u011f\u0131ms\u0131z bir modeldir. Sekiz adede kadar kullan\u0131c\u0131 ba\u011flanabilir ve her seferinde bir kullan\u0131c\u0131 i\u00e7eriklerini payla\u015fabilir.<\/p>\n<h4>ClickShare CSE-200<img decoding=\"async\" class=\"aligncenter size-full wp-image-3845\" src=\"https:\/\/konferenztechnik.de\/wp-content\/uploads\/2017\/04\/Barco-Clickshare-CSE-200.jpg\" alt=\"CLickShare1\" title=\"\"><br \/>\nCSE-200 Temel \u00dcnitesi, geli\u015fmi\u015f g\u00fcvenlik \u00f6zellikleri, HDCP olmayan i\u00e7erik i\u00e7in AirPlay ve Google Cast gibi daha fazla ba\u011flant\u0131 se\u00e7ene\u011fi ve merkezi y\u00f6netim gerektiren daha b\u00fcy\u00fck kurulu\u015flar i\u00e7in tasarlanm\u0131\u015ft\u0131r. CSE-200 Temel \u00dcnite ile en fazla iki ki\u015fi ayn\u0131 anda yan yana i\u00e7erik g\u00f6r\u00fcnt\u00fcleyebilir \u2013 bu, merkezi ekrana do\u011frudan iletim sa\u011flar ve i\u015fbirli\u011fini geli\u015ftirir. Kullan\u0131c\u0131 dostlu\u011funa bir katk\u0131 olarak, CSE-200'\u00fcn g\u00fcvenlik i\u015flevleri, \u015firketin y\u00f6nergelerine ve gereksinimlerine ba\u011fl\u0131 olarak \u00f6nceden tan\u0131mlanm\u0131\u015f \u00fc\u00e7 seviyeden birine ayarlanabilir. Son olarak, cihaz\u0131n \u015firket a\u011f\u0131na entegrasyonu API arac\u0131l\u0131\u011f\u0131yla \u00e7ok daha kolay hale getirilmi\u015ftir.<\/h4>\n<ul>\n<li>Windows 7\/8\/8.1\/10 32 &amp; 64 bit, Mac OSX 10.10\/10.11\/10.12 (Sierra), Android v5 &amp; v6 (ClickShare uygulamas\u0131), iOS 8, 9 &amp; 10 (ClickShare uygulamas\u0131)<\/li>\n<li>Video \u00e7\u0131k\u0131\u015flar\u0131: 1 x HDMI<\/li>\n<li>Kare h\u0131z\u0131: 30 fps<\/li>\n<li>\u00c7\u0131k\u0131\u015f \u00e7\u00f6z\u00fcn\u00fcrl\u00fc\u011f\u00fc: 1.920 x 1.200<\/li>\n<li>G\u00fcr\u00fclt\u00fc seviyesi: Fans\u0131z<\/li>\n<li>E\u015fzamanl\u0131 kaynak say\u0131s\u0131: 2<\/li>\n<li>E\u015fzamanl\u0131 ba\u011flant\u0131 say\u0131s\u0131: 16<\/li>\n<\/ul>\n<p>Standart toplant\u0131 odalar\u0131 i\u00e7in kablosuz sunum sistemi<\/p>\n<p>CSE-200 Baz \u00dcnitesi, k\u00fc\u00e7\u00fck ve orta \u00f6l\u00e7ekli toplant\u0131 odalar\u0131nda ClickShare deneyimini m\u00fcmk\u00fcn k\u0131lar. Konuklar da dahil olmak \u00fczere herkes tek bir t\u0131klamayla ba\u011flanabilir ve e\u011fitim gerekmeden an\u0131nda i\u00e7erik \u2013 payla\u015fabilir. Kat\u0131l\u0131mc\u0131lar\u0131n ClickShare D\u00fc\u011fmesi \u2013 USB cihaz\u0131n\u0131 PC veya Mac'lerine takmalar\u0131 ve diz\u00fcst\u00fc bilgisayarlar\u0131ndaki i\u00e7eri\u011fi toplant\u0131 odas\u0131ndaki b\u00fcy\u00fck ekranda g\u00f6r\u00fcnt\u00fclemek i\u00e7in d\u00fc\u011fmeye basmalar\u0131 yeterlidir. ClickShare uygulamas\u0131 ile kullan\u0131c\u0131lar ak\u0131ll\u0131 telefonlar\u0131ndan veya tabletlerinden de i\u00e7erik payla\u015fabilir.<\/p>\n<h4>ClickShare CSE-800<img decoding=\"async\" class=\"aligncenter size-full wp-image-3845\" src=\"https:\/\/konferenztechnik.de\/wp-content\/uploads\/2017\/04\/Barco-Clickshare-CSE-800.jpg\" alt=\"CLickShare1\" title=\"\"><br \/>\n\u0130ki a\u011f ba\u011flant\u0131s\u0131, birden fazla a\u011fa (\u00f6rn. misafir ve kurumsal a\u011flar) ayr\u0131 ve e\u015fzamanl\u0131 ba\u011flant\u0131 sa\u011flayarak kullan\u0131c\u0131 i\u00e7in ek g\u00fcvenlik ve kolayl\u0131k sa\u011flar. Sekiz ki\u015fiye kadar ayn\u0131 anda i\u00e7erik payla\u015fabilen CSE-800, merkezi ekrana do\u011frudan aktar\u0131m sa\u011flar ve i\u015fbirli\u011fini geli\u015ftirir.<\/h4>\n<p>Moderasyon i\u015flevi, birka\u00e7 ki\u015finin i\u00e7eriklerini ayn\u0131 anda yay\u0131nlamak istedi\u011fi daha b\u00fcy\u00fck odalarda kullan\u0131lmak \u00fczere \u00f6zel olarak geli\u015ftirilmi\u015ftir. Ekranlar aras\u0131nda \u00e7ok h\u0131zl\u0131 ge\u00e7i\u015f yap\u0131lmas\u0131n\u0131 \u00f6nlemek i\u00e7in bir moderat\u00f6r, i\u00e7eri\u011fi takip etmeyi kolayla\u015ft\u0131rmak ve t\u00fcm kat\u0131l\u0131mc\u0131lar i\u00e7in harika bir deneyim sa\u011flamak amac\u0131yla hangi i\u00e7eri\u011fin hangi saatte yay\u0131nlanaca\u011f\u0131n\u0131 manuel olarak se\u00e7ebilir.<\/p>\n<p>Kullan\u0131c\u0131 dostlu\u011funa bir katk\u0131 olarak, CSE-800'\u00fcn g\u00fcvenlik i\u015flevleri, \u015firketin y\u00f6nergelerine ve gereksinimlerine ba\u011fl\u0131 olarak \u00f6nceden tan\u0131mlanm\u0131\u015f \u00fc\u00e7 seviyeden birine ayarlanabilir.<\/p>\n<ul>\n<li>Windows 7\/8\/8.1\/10 32 &amp; 64 bit, Mac OSX 10.10\/10.11\/10.12 (Sierra), Android v5 &amp; v6 (ClickShare uygulamas\u0131), iOS 8, 9 &amp; 10 (ClickShare uygulamas\u0131)<\/li>\n<li>Video \u00e7\u0131k\u0131\u015flar\u0131: 2 x HDMI<\/li>\n<li>Video giri\u015fleri: 2 x HDMI<\/li>\n<li>Kare h\u0131z\u0131: 30 fps<\/li>\n<li>\u00c7\u0131k\u0131\u015f \u00e7\u00f6z\u00fcn\u00fcrl\u00fc\u011f\u00fc: 4K DCI (4.096 \u00d7 2.160)<\/li>\n<li>Giri\u015f \u00e7\u00f6z\u00fcn\u00fcrl\u00fc\u011f\u00fc: 4K DCI (4.096 \u00d7 2.160)<\/li>\n<li>G\u00fcr\u00fclt\u00fc seviyesi: maks. 25 dBA<\/li>\n<li>E\u015fzamanl\u0131 kaynak say\u0131s\u0131: 8 (ekran ba\u015f\u0131na 4)<\/li>\n<li>E\u015fzamanl\u0131 ba\u011flant\u0131 say\u0131s\u0131: 64<\/li>\n<\/ul>\n<p>Toplant\u0131 odalar\u0131 ve konferans salonlar\u0131nda sunumlar ve i\u015fbirli\u011fi i\u00e7in kablosuz sistem<\/p>\n<p>CSE-800'\u00fcn iki HDMI giri\u015fi ve \u00e7\u0131k\u0131\u015f\u0131 vard\u0131r. Bu, eski sistemlere do\u011frudan ba\u011flant\u0131 ve konferans sistemlerine kolay entegrasyon sa\u011flar. Ayr\u0131ca, 4K kalitesinde iki UHD ekran tek bir ana \u00fcniteden kontrol edilebilir.<\/p>\n<h4>Aksesuarlar<\/h4>\n<div class=\"boxcontainer-home\">\n<div class=\"box1\">\n<p><img decoding=\"async\" class=\"alignnone size-full wp-image-1418\" src=\"https:\/\/konferenztechnik.de\/wp-content\/uploads\/2017\/04\/ClickShare-tray.jpg\" alt=\"Paket i\u00e7inde d\u00fc\u011fme ve tepsi\" title=\"\"><\/p>\n<h2>Paket i\u00e7inde d\u00fc\u011fme ve tepsi<\/h2>\n<p>\u0130\u015fbirli\u011fi tek ba\u015f\u0131na \u00e7al\u0131\u015fmaz. En az iki ki\u015fiye ihtiyac\u0131n\u0131z vard\u0131r, bu nedenle toplant\u0131 odalar\u0131nda birka\u00e7 ClickShare D\u00fc\u011fmesi bulundurmak her zaman iyi bir fikirdir.<\/p>\n<p>Kablosuz ClickShare d\u00fc\u011fmesi; ClickShare anahtar tepsisi<\/p>\n<\/div>\n<div class=\"box2\">\n<p><img decoding=\"async\" class=\"alignnone size-full wp-image-1418\" src=\"https:\/\/konferenztechnik.de\/wp-content\/uploads\/2017\/04\/ClickShare-App.jpg\" alt=\"ClickShare Uygulamas\u0131\" title=\"\"><\/p>\n<h2>ClickShare uygulamas\u0131<\/h2>\n<p>iOS veya Android i\u00e7eri\u011fini payla\u015fmak i\u00e7in uygulama<\/p>\n<p>ClickShare uygulamas\u0131, herhangi bir iOS veya Android cihazdaki sanal d\u00fc\u011fmeye t\u0131klayarak i\u00e7erik payla\u015fmay\u0131 kolay ve sezgisel hale getirir.<\/p>\n<\/div>\n<div class=\"box3\">\n<p><img decoding=\"async\" class=\"alignnone size-full wp-image-1418\" src=\"https:\/\/konferenztechnik.de\/wp-content\/uploads\/2017\/04\/ClickShare-Management-Suite.jpg\" alt=\"ClickShare Y\u00f6netim Paketi\" title=\"\"><\/p>\n<h2>ClickShare Y\u00f6netim Paketi<\/h2>\n<p>\u015eirketteki t\u00fcm ClickShares'lerin merkezi y\u00f6netimi<\/p>\n<ul>\n<li>Durum izleme<\/li>\n<li>Yaz\u0131l\u0131m g\u00fcncellemelerinin planlanmas\u0131<\/li>\n<li>Kullan\u0131c\u0131 y\u00f6netimi<\/li>\n<li>ClickShare Baz \u00dcnitelerinin \u015firket a\u011f\u0131na entegrasyonunu basitle\u015ftirin<\/li>\n<li>Klon yap\u0131land\u0131rmas\u0131<\/li>\n<li>Arka plan g\u00f6r\u00fcnt\u00fclerinin uzaktan y\u00fcklenmesi<\/li>\n<\/ul>\n<\/div>\n<\/div>\n<h4>\u00dcr\u00fcn videolar\u0131<\/h4>\n<p><iframe src=\"https:\/\/www.youtube.com\/embed\/bm8HQle5WoU\" width=\"560\" height=\"315\" frameborder=\"0\" allowfullscreen=\"allowfullscreen\"><\/iframe><\/p>\n<p><iframe src=\"https:\/\/www.youtube.com\/embed\/3R-AbOkN_98\" width=\"560\" height=\"315\" frameborder=\"0\" allowfullscreen=\"allowfullscreen\"><\/iframe><\/p>\n<div class=\"boxcontainer\">\n<div class=\"box1-2\">\n<h1>\u0130leti\u015fim kurulacak ki\u015fi<\/h1>\n<\/div>\n<div class=\"box1-2-order\">\n<h1>Di\u011fer ba\u011flant\u0131lar<\/h1>\n<\/div>\n<div class=\"box1-4\">\n<div class=\"box-head\">Da\u011f\u0131t\u0131m ve sat\u0131\u015f<\/div>\n<\/div>\n<div class=\"box2-4-2\" style=\"order: 1;\">\n<div class=\"weiterlinks\">\n<p><a title=\"\u00dcr\u00fcn grubuna g\u00f6re da\u011f\u0131l\u0131m\" href=\"https:\/\/konferenztechnik.de\/tr\/barco\/\">Barco'ya Genel Bak\u0131\u015f<\/a><br \/>\n<a title=\"\u00dcreticiye g\u00f6re da\u011f\u0131l\u0131m\" href=\"\/tr\/ueretici\/\">\u00dcreticiye g\u00f6re da\u011f\u0131l\u0131m<\/a><br \/>\n<a title=\"\u00dcr\u00fcn grubuna g\u00f6re da\u011f\u0131l\u0131m\" href=\"\/tr\/ueruen-gruplari\/\">\u00dcr\u00fcn grubuna g\u00f6re da\u011f\u0131l\u0131m<\/a><br \/>\n<a title=\"\u00d6zelle\u015ftirilmi\u015f \u00fcr\u00fcnler, bak\u0131m ve onar\u0131mlar\" href=\"\/tr\/hizmetler-2\/bakim-ve-onarim\/\">\u00d6zelle\u015ftirilmi\u015f \u00fcr\u00fcnler, bak\u0131m ve onar\u0131mlar<\/a><br \/>\n<a title=\"PCS i\u00e7in 10 iyi neden\" href=\"\/tr\/hakkimizda-2\/pcler-icin-10-iyi-neden\/\">PCS i\u00e7in 10 iyi neden<\/a><br \/>\n<a title=\"Referanslar\" href=\"\/tr\/hakkimizda-2\/referans-li%cc%87stesi%cc%87-kurulumu\/\">Referanslar Kurulum ve entegrasyon<\/a><br \/>\n<a title=\"PCS: Bir bak\u0131\u015fta t\u00fcm hizmetler\" href=\"\/tr\/hizmetler-2\/\">PCS: Bir bak\u0131\u015fta t\u00fcm hizmetler<\/a><\/p>\n<\/div>\n<\/div>\n<\/div>","protected":false},"excerpt":{"rendered":"<p>Kablosuz sunum, i\u015fbirli\u011fi kolayla\u015ft\u0131. ClickShare, diz\u00fcst\u00fc bilgisayarlar\u0131 ve tabletleri (iOS \/ Android) tek bir d\u00fc\u011fmeye dokunarak \u2013 konferans odan\u0131zdaki video teknolojisine kablosuz olarak ba\u011flar! Birden fazla kat\u0131l\u0131mc\u0131 tek bir t\u0131klamayla sunumlar\u0131n\u0131 a\u00e7abilir ve i\u00e7eri\u011fi her zamankinden daha kolay payla\u015fabilir. Art\u0131k siyah ekranlar, yanl\u0131\u015f \u00e7\u00f6z\u00fcn\u00fcrl\u00fckler ve sayfa g\u00f6sterimleri veya eksik ba\u011flant\u0131 kablolar\u0131 yok! Basit anahtarlama ve [...]<\/p>","protected":false},"author":1,"featured_media":45482,"parent":3614,"menu_order":105,"comment_status":"closed","ping_status":"open","template":"","meta":{"_acf_changed":false,"footnotes":""},"class_list":["post-3833","page","type-page","status-publish","has-post-thumbnail","hentry"],"acf":[],"_links":{"self":[{"href":"https:\/\/konferenztechnik.de\/tr\/wp-json\/wp\/v2\/pages\/3833","targetHints":{"allow":["GET"]}}],"collection":[{"href":"https:\/\/konferenztechnik.de\/tr\/wp-json\/wp\/v2\/pages"}],"about":[{"href":"https:\/\/konferenztechnik.de\/tr\/wp-json\/wp\/v2\/types\/page"}],"author":[{"embeddable":true,"href":"https:\/\/konferenztechnik.de\/tr\/wp-json\/wp\/v2\/users\/1"}],"replies":[{"embeddable":true,"href":"https:\/\/konferenztechnik.de\/tr\/wp-json\/wp\/v2\/comments?post=3833"}],"version-history":[{"count":0,"href":"https:\/\/konferenztechnik.de\/tr\/wp-json\/wp\/v2\/pages\/3833\/revisions"}],"up":[{"embeddable":true,"href":"https:\/\/konferenztechnik.de\/tr\/wp-json\/wp\/v2\/pages\/3614"}],"wp:featuredmedia":[{"embeddable":true,"href":"https:\/\/konferenztechnik.de\/tr\/wp-json\/wp\/v2\/media\/45482"}],"wp:attachment":[{"href":"https:\/\/konferenztechnik.de\/tr\/wp-json\/wp\/v2\/media?parent=3833"}],"curies":[{"name":"wp","href":"https:\/\/api.w.org\/{rel}","templated":true}]}}