{"id":42472,"date":"2023-11-16T16:48:24","date_gmt":"2023-11-16T15:48:24","guid":{"rendered":"https:\/\/konferenztechnik.de\/?page_id=42472"},"modified":"2025-12-21T14:24:49","modified_gmt":"2025-12-21T13:24:49","slug":"cesitlilik","status":"publish","type":"page","link":"https:\/\/konferenztechnik.de\/tr\/cesitlilik\/","title":{"rendered":"\u00c7e\u015fitlilik"},"content":{"rendered":"<div data-elementor-type=\"wp-page\" data-elementor-id=\"42472\" class=\"elementor elementor-42472\" data-elementor-post-type=\"page\">\n\t\t\t\t<div data-particle_enable=\"false\" data-particle-mobile-disabled=\"false\" class=\"elementor-element elementor-element-a93d54a e-flex e-con-boxed e-con e-parent\" data-id=\"a93d54a\" data-element_type=\"container\">\n\t\t\t\t\t<div class=\"e-con-inner\">\n\t\t\t\t<div class=\"elementor-element elementor-element-f9efbc0 elementor-widget elementor-widget-heading\" data-id=\"f9efbc0\" data-element_type=\"widget\" data-settings=\"{&quot;_animation&quot;:&quot;none&quot;}\" data-widget_type=\"heading.default\">\n\t\t\t\t<div class=\"elementor-widget-container\">\n\t\t\t\t\t<h2 class=\"elementor-heading-title elementor-size-default\">\u00c7e\u015fitlilik<\/h2>\t\t\t\t<\/div>\n\t\t\t\t<\/div>\n\t\t\t\t<div class=\"elementor-element elementor-element-25493ae elementor-widget__width-inherit elementor-widget elementor-widget-text-editor\" data-id=\"25493ae\" data-element_type=\"widget\" data-widget_type=\"text-editor.default\">\n\t\t\t\t<div class=\"elementor-widget-container\">\n\t\t\t\t\t\t\t\t\t<p>\u00c7e\u015fitlilik sadece bir hedef de\u011fil, kurumsal kimli\u011fimizin vazge\u00e7ilmez bir par\u00e7as\u0131d\u0131r. Bizi sadece daha insani de\u011fil, ayn\u0131 zamanda daha g\u00fc\u00e7l\u00fc ve daha ba\u015far\u0131l\u0131 k\u0131l\u0131yor. \u0130\u015fg\u00fcc\u00fcm\u00fcz\u00fcn \u00e7e\u015fitlili\u011finin ba\u015far\u0131m\u0131z\u0131n arkas\u0131ndaki itici g\u00fc\u00e7 oldu\u011funa inan\u0131yoruz.<\/p>\t\t\t\t\t\t\t\t<\/div>\n\t\t\t\t<\/div>\n\t\t\t\t<div class=\"elementor-element elementor-element-a3ebc4f elementor-widget__width-inherit elementor-widget elementor-widget-text-editor\" data-id=\"a3ebc4f\" data-element_type=\"widget\" data-widget_type=\"text-editor.default\">\n\t\t\t\t<div class=\"elementor-widget-container\">\n\t\t\t\t\t\t\t\t\t<p>Ya\u015f, etnik veya sosyal k\u00f6ken, cinsiyet, cinsel y\u00f6nelim, fiziksel ve zihinsel yetenekler, din ve ideoloji g\u00f6zetmeksizin \u00e7al\u0131\u015fanlar\u0131m\u0131z\u0131n ki\u015fili\u011fine sayg\u0131 duyar ve <a href=\"https:\/\/www.antidiskriminierungsstelle.de\/SharedDocs\/downloads\/DE\/publikationen\/AGG\/agg_gleichbehandlungsgesetz.pdf?__blob=publicationFile\" target=\"_blank\" rel=\"noopener\">Genel F\u0131rsat E\u015fitli\u011fi Yasas\u0131<\/a> ve <a href=\"https:\/\/www.charta-der-vielfalt.de\/fuer-arbeitgebende\/vielfaltsdimensionen\/\" target=\"_blank\" rel=\"noopener\">\u00c7e\u015fitlilik S\u00f6zle\u015fmesi<\/a>.<\/p>\t\t\t\t\t\t\t\t<\/div>\n\t\t\t\t<\/div>\n\t\t\t\t<div class=\"elementor-element elementor-element-6883389 elementor-widget__width-inherit elementor-widget elementor-widget-text-editor\" data-id=\"6883389\" data-element_type=\"widget\" data-widget_type=\"text-editor.default\">\n\t\t\t\t<div class=\"elementor-widget-container\">\n\t\t\t\t\t\t\t\t\t<p>Biz \u015funun i\u00e7in var\u0131z:<\/p>\t\t\t\t\t\t\t\t<\/div>\n\t\t\t\t<\/div>\n\t\t\t\t<div class=\"elementor-element elementor-element-12f235f elementor-widget__width-inherit elementor-widget elementor-widget-text-editor\" data-id=\"12f235f\" data-element_type=\"widget\" data-widget_type=\"text-editor.default\">\n\t\t\t\t<div class=\"elementor-widget-container\">\n\t\t\t\t\t\t\t\t\t<ul><li>Anlay\u0131\u015f ve kar\u015f\u0131l\u0131kl\u0131 de\u011ferlendirme<\/li><li>Ayr\u0131mc\u0131l\u0131\u011f\u0131n reddedilmesi<\/li><li>A\u00e7\u0131kl\u0131k, sayg\u0131 ve kabullenme<\/li><li>Farkl\u0131 zihniyetler, beceriler, deneyim ve yetkinlikler<\/li><li>Cinsiyete bak\u0131lmaks\u0131z\u0131n e\u015fit \u00fccret<\/li><\/ul>\t\t\t\t\t\t\t\t<\/div>\n\t\t\t\t<\/div>\n\t\t\t\t<div class=\"elementor-element elementor-element-a041911 elementor-widget__width-inherit elementor-widget elementor-widget-text-editor\" data-id=\"a041911\" data-element_type=\"widget\" data-widget_type=\"text-editor.default\">\n\t\t\t\t<div class=\"elementor-widget-container\">\n\t\t\t\t\t\t\t\t\t<p>Sorular\u0131n\u0131z i\u00e7in J\u00f6rg Peschka ile ileti\u015fime ge\u00e7iniz.<a href=\"mailto:peschka@konferenztechnik.de\"> peschka@konferenztechnik.de<\/a><\/p>\t\t\t\t\t\t\t\t<\/div>\n\t\t\t\t<\/div>\n\t\t\t\t\t<\/div>\n\t\t\t\t<\/div>\n\t\t\t\t<\/div>","protected":false},"excerpt":{"rendered":"<p>Diversity Vielfalt ist nicht nur ein Ziel, sondern ein unverzichtbarer Bestandteil unserer Unternehmensidentit\u00e4t. Sie macht uns nicht nur menschlicher, sondern auch st\u00e4rker und erfolgreicher. Wir glauben fest daran, dass die Vielfalt unserer Belegschaft die treibende Kraft hinter unserem Erfolg ist. Wir achten die Pers\u00f6nlichkeit unserer Mitarbeitenden unabh\u00e4ngig von Alter, ethnischer oder sozialer Herkunft, Geschlecht, sexueller [&hellip;]<\/p>","protected":false},"author":1,"featured_media":45482,"parent":0,"menu_order":0,"comment_status":"closed","ping_status":"closed","template":"","meta":{"_acf_changed":false,"footnotes":""},"class_list":["post-42472","page","type-page","status-publish","has-post-thumbnail","hentry"],"acf":[],"_links":{"self":[{"href":"https:\/\/konferenztechnik.de\/tr\/wp-json\/wp\/v2\/pages\/42472","targetHints":{"allow":["GET"]}}],"collection":[{"href":"https:\/\/konferenztechnik.de\/tr\/wp-json\/wp\/v2\/pages"}],"about":[{"href":"https:\/\/konferenztechnik.de\/tr\/wp-json\/wp\/v2\/types\/page"}],"author":[{"embeddable":true,"href":"https:\/\/konferenztechnik.de\/tr\/wp-json\/wp\/v2\/users\/1"}],"replies":[{"embeddable":true,"href":"https:\/\/konferenztechnik.de\/tr\/wp-json\/wp\/v2\/comments?post=42472"}],"version-history":[{"count":0,"href":"https:\/\/konferenztechnik.de\/tr\/wp-json\/wp\/v2\/pages\/42472\/revisions"}],"wp:featuredmedia":[{"embeddable":true,"href":"https:\/\/konferenztechnik.de\/tr\/wp-json\/wp\/v2\/media\/45482"}],"wp:attachment":[{"href":"https:\/\/konferenztechnik.de\/tr\/wp-json\/wp\/v2\/media?parent=42472"}],"curies":[{"name":"wp","href":"https:\/\/api.w.org\/{rel}","templated":true}]}}