{"id":43672,"date":"2024-01-31T11:03:48","date_gmt":"2024-01-31T10:03:48","guid":{"rendered":"https:\/\/konferenztechnik.de\/?page_id=43672"},"modified":"2024-05-29T15:03:39","modified_gmt":"2024-05-29T13:03:39","slug":"whatsapp-messenger","status":"publish","type":"page","link":"https:\/\/konferenztechnik.de\/tr\/whatsapp-messenger\/","title":{"rendered":"WhatsApp Messenger"},"content":{"rendered":"<div data-elementor-type=\"wp-page\" data-elementor-id=\"43672\" class=\"elementor elementor-43672\" data-elementor-post-type=\"page\">\n\t\t\t\t<div data-particle_enable=\"false\" data-particle-mobile-disabled=\"false\" class=\"elementor-element elementor-element-efd9f88 e-flex e-con-boxed e-con e-parent\" data-id=\"efd9f88\" data-element_type=\"container\">\n\t\t\t\t\t<div class=\"e-con-inner\">\n\t\t\t\t<div class=\"elementor-element elementor-element-6ce1fc5c elementor-widget__width-inherit elementor-widget elementor-widget-heading\" data-id=\"6ce1fc5c\" data-element_type=\"widget\" data-widget_type=\"heading.default\">\n\t\t\t\t<div class=\"elementor-widget-container\">\n\t\t\t\t\t<h1 class=\"elementor-heading-title elementor-size-default\">\u0130leti\u015fimde kal\u0131n: WhatsApp Messenger arac\u0131l\u0131\u011f\u0131yla<\/h1>\t\t\t\t<\/div>\n\t\t\t\t<\/div>\n\t\t\t\t<div class=\"elementor-element elementor-element-5ac30d51 elementor-widget elementor-widget-image\" data-id=\"5ac30d51\" data-element_type=\"widget\" data-widget_type=\"image.default\">\n\t\t\t\t<div class=\"elementor-widget-container\">\n\t\t\t\t\t\t\t\t\t\t\t\t\t\t\t<img decoding=\"async\" src=\"https:\/\/konferenztechnik.de\/wp-content\/uploads\/2024\/01\/whatsapp-messenger-jpg.webp\" title=\"\" alt=\"\" loading=\"lazy\">\t\t\t\t\t\t\t\t\t\t\t\t\t\t\t<\/div>\n\t\t\t\t<\/div>\n\t\t\t\t\t<\/div>\n\t\t\t\t<\/div>\n\t\t<div data-particle_enable=\"false\" data-particle-mobile-disabled=\"false\" class=\"elementor-element elementor-element-7f636f0 e-flex e-con-boxed e-con e-parent\" data-id=\"7f636f0\" data-element_type=\"container\">\n\t\t\t\t\t<div class=\"e-con-inner\">\n\t\t\t\t<div class=\"elementor-element elementor-element-54ceac8b elementor-widget elementor-widget-heading\" data-id=\"54ceac8b\" data-element_type=\"widget\" data-settings=\"{&quot;_animation&quot;:&quot;none&quot;}\" data-widget_type=\"heading.default\">\n\t\t\t\t<div class=\"elementor-widget-container\">\n\t\t\t\t\t<h2 class=\"elementor-heading-title elementor-size-default\">WhatsApp \u00fczerinden h\u0131zl\u0131 ve kolay bir \u015fekilde mesaj g\u00f6nderin<\/h2>\t\t\t\t<\/div>\n\t\t\t\t<\/div>\n\t\t\t\t<div class=\"elementor-element elementor-element-2ec05815 elementor-widget__width-inherit elementor-widget elementor-widget-text-editor\" data-id=\"2ec05815\" data-element_type=\"widget\" data-widget_type=\"text-editor.default\">\n\t\t\t\t<div class=\"elementor-widget-container\">\n\t\t\t\t\t\t\t\t\tWhatsApp d\u00fc\u011fmesine t\u0131klayarak, verilerinizin (\u00f6zellikle telefon numaran\u0131z ve ad\u0131n\u0131z) Facebook ve WhatsApp'a aktar\u0131lmas\u0131na izin vermi\u015f olursunuz.\n\t\t\t\t\t\t\t\t<\/div>\n\t\t\t\t<\/div>\n\t\t\t\t<div class=\"elementor-element elementor-element-38c350bd elementor-widget__width-inherit e-transform elementor-widget elementor-widget-image\" data-id=\"38c350bd\" data-element_type=\"widget\" data-settings=\"{&quot;_transform_scale_effect_hover&quot;:{&quot;unit&quot;:&quot;px&quot;,&quot;size&quot;:1.100000000000000088817841970012523233890533447265625,&quot;sizes&quot;:[]},&quot;_transform_scale_effect_hover_widescreen&quot;:{&quot;unit&quot;:&quot;px&quot;,&quot;size&quot;:&quot;&quot;,&quot;sizes&quot;:[]},&quot;_transform_scale_effect_hover_laptop&quot;:{&quot;unit&quot;:&quot;px&quot;,&quot;size&quot;:&quot;&quot;,&quot;sizes&quot;:[]},&quot;_transform_scale_effect_hover_tablet_extra&quot;:{&quot;unit&quot;:&quot;px&quot;,&quot;size&quot;:&quot;&quot;,&quot;sizes&quot;:[]},&quot;_transform_scale_effect_hover_tablet&quot;:{&quot;unit&quot;:&quot;px&quot;,&quot;size&quot;:&quot;&quot;,&quot;sizes&quot;:[]},&quot;_transform_scale_effect_hover_mobile&quot;:{&quot;unit&quot;:&quot;px&quot;,&quot;size&quot;:&quot;&quot;,&quot;sizes&quot;:[]}}\" data-widget_type=\"image.default\">\n\t\t\t\t<div class=\"elementor-widget-container\">\n\t\t\t\t\t\t\t\t\t\t\t\t\t\t\t\t<a href=\"https:\/\/api.whatsapp.com\/send?phone=4915566612367\" target=\"_blank\" rel=\"noopener\">\n\t\t\t\t\t\t\t<img decoding=\"async\" width=\"144\" height=\"144\" src=\"https:\/\/konferenztechnik.de\/wp-content\/uploads\/2024\/01\/Whatsapp.svg\" class=\"attachment-full size-full wp-image-43675\" alt=\"\" title=\"\">\t\t\t\t\t\t\t\t<\/a>\n\t\t\t\t\t\t\t\t\t\t\t\t\t\t\t<\/div>\n\t\t\t\t<\/div>\n\t\t\t\t<div class=\"elementor-element elementor-element-1f3e10c5 elementor-widget__width-inherit elementor-widget elementor-widget-text-editor\" data-id=\"1f3e10c5\" data-element_type=\"widget\" data-widget_type=\"text-editor.default\">\n\t\t\t\t<div class=\"elementor-widget-container\">\n\t\t\t\t\t\t\t\t\t<div>\u00a0<\/div><div>Veri koruma hakk\u0131nda daha fazla bilgi i\u00e7in <a href=\"http:\/\/konferenztechnik.de\/tr\/veri%cc%87-koruma\/#WhatsApp\">Gizlilik politikam\u0131zda WhatsApp ile ilgili b\u00f6l\u00fcm<\/a>.<br \/><br \/><\/div><p>\u00a0<\/p>\t\t\t\t\t\t\t\t<\/div>\n\t\t\t\t<\/div>\n\t\t\t\t\t<\/div>\n\t\t\t\t<\/div>\n\t\t\t\t<\/div>","protected":false},"excerpt":{"rendered":"<p>\u0130leti\u015fimde kal\u0131n: WhatsApp Messenger arac\u0131l\u0131\u011f\u0131yla WhatsApp arac\u0131l\u0131\u011f\u0131yla h\u0131zl\u0131 ve kolay bir \u015fekilde mesaj g\u00f6nderin WhatsApp d\u00fc\u011fmesine t\u0131klayarak, verilerinizin (\u00f6zellikle telefon numaran\u0131z ve ad\u0131n\u0131z) Facebook ve WhatsApp ile payla\u015f\u0131laca\u011f\u0131n\u0131 kabul edersiniz.  Veri koruma hakk\u0131nda daha fazla bilgiyi gizlilik politikam\u0131z\u0131n WhatsApp b\u00f6l\u00fcm\u00fcnde bulabilirsiniz. \u00a0<\/p>","protected":false},"author":2,"featured_media":45482,"parent":0,"menu_order":0,"comment_status":"closed","ping_status":"closed","template":"","meta":{"_acf_changed":false,"footnotes":""},"class_list":["post-43672","page","type-page","status-publish","has-post-thumbnail","hentry"],"acf":[],"_links":{"self":[{"href":"https:\/\/konferenztechnik.de\/tr\/wp-json\/wp\/v2\/pages\/43672","targetHints":{"allow":["GET"]}}],"collection":[{"href":"https:\/\/konferenztechnik.de\/tr\/wp-json\/wp\/v2\/pages"}],"about":[{"href":"https:\/\/konferenztechnik.de\/tr\/wp-json\/wp\/v2\/types\/page"}],"author":[{"embeddable":true,"href":"https:\/\/konferenztechnik.de\/tr\/wp-json\/wp\/v2\/users\/2"}],"replies":[{"embeddable":true,"href":"https:\/\/konferenztechnik.de\/tr\/wp-json\/wp\/v2\/comments?post=43672"}],"version-history":[{"count":0,"href":"https:\/\/konferenztechnik.de\/tr\/wp-json\/wp\/v2\/pages\/43672\/revisions"}],"wp:featuredmedia":[{"embeddable":true,"href":"https:\/\/konferenztechnik.de\/tr\/wp-json\/wp\/v2\/media\/45482"}],"wp:attachment":[{"href":"https:\/\/konferenztechnik.de\/tr\/wp-json\/wp\/v2\/media?parent=43672"}],"curies":[{"name":"wp","href":"https:\/\/api.w.org\/{rel}","templated":true}]}}