{"id":4383,"date":"2014-04-10T15:16:30","date_gmt":"2014-04-10T13:16:30","guid":{"rendered":"https:\/\/konferenztechnik.de\/?page_id=4383"},"modified":"2023-07-05T14:57:01","modified_gmt":"2023-07-05T12:57:01","slug":"konferans-mobi%cc%87lyalari","status":"publish","type":"page","link":"https:\/\/konferenztechnik.de\/tr\/konferans-ve-av-medya-teknoloji%cc%87si%cc%87ni%cc%87n-dagitimi\/vi%cc%87deo-teknoloji%cc%87si%cc%87\/ekranlar-ve-projektoerler-icin-montaj-aparatlari\/konferans-mobi%cc%87lyalari\/","title":{"rendered":"Konferans mobilyalar\u0131"},"content":{"rendered":"<h1>Konferans mobilyalar\u0131<\/h1>\n<h2>Smart Metals \u2013 Tek ekranlar i\u00e7in Video Konferans mobilyas\u0131<\/h2>\n<p><a href=\"https:\/\/konferenztechnik.de\/wp-content\/uploads\/2014\/04\/smart-metals_video-conferencefurniture_0622850_b-scaled-1.jpg\"><img fetchpriority=\"high\" decoding=\"async\" class=\"alignleft size-medium wp-image-4389\" src=\"https:\/\/konferenztechnik.de\/wp-content\/uploads\/2014\/04\/smart-metals_video-conferencefurniture_0622850_b-188x300.jpg\" alt=\"Ak\u0131ll\u0131 Metaller Video Konferans Mobilyalar\u0131 062.2850\" width=\"188\" height=\"300\" title=\"\"><\/a><\/p>\n<p>Bu zarif ve \u015f\u0131k video konferans mobilyas\u0131, 55 in\u00e7 boyuta kadar tek ekranlar i\u00e7in geli\u015ftirilmi\u015ftir.<\/p>\n<p>Entegre kabin bilgisayarlar, medya oynat\u0131c\u0131lar veya di\u011fer harici donan\u0131mlar i\u00e7in alan sunar. Ekipman ayr\u0131ca y\u00fcksekli\u011fi ayarlanabilir bir kamera platformu i\u00e7erir.<\/p>\n<h2>Smart Metals \u2013 Ekranlar i\u00e7in Video Konferans mobilyas\u0131<\/h2>\n<ul>\n<li>Maksimum uzunluk: 1820 mm (g\u00f6r\u00fcnt\u00fcn\u00fcn merkezi)<\/li>\n<li>A\u011f\u0131rl\u0131k: 70 kg<\/li>\n<li>Renk: Koyu gri ve al\u00fcminyum<\/li>\n<li>Maksimum y\u00fck: 50 kg<\/li>\n<li>Ekran yap\u0131land\u0131rmas\u0131: Tek ekran maks. 55 in\u00e7<\/li>\n<li>Ekran konumu: Yatay<\/li>\n<li>\u0130n\u00e7 aral\u0131\u011f\u0131: maks. 55 in\u00e7<\/li>\n<li>Y\u00fckseklik ayar\u0131: Manuel<\/li>\n<li>Braket \/ aray\u00fcz: Dahil<\/li>\n<li>Kablo kanal\u0131: 25 mm \u00d8<\/li>\n<li>Daha fazla bilgi: Kamera platformu dahil<\/li>\n<\/ul>\n<p><a href=\"https:\/\/konferenztechnik.de\/wp-content\/uploads\/2014\/04\/0622850_SmartMetals_productleafletEN.pdf\" target=\"_blank\" rel=\"noopener\">Smart Metals \u00dcr\u00fcn Bilgi Formu 062.2850 (\u0130ngilizce)<\/a><\/p>\n<h2>Smart Metals \u2013 \u0130kiz ekranlar i\u00e7in video konferans mobilyas\u0131<\/h2>\n<p><a href=\"https:\/\/konferenztechnik.de\/wp-content\/uploads\/2014\/04\/smart-metals_video-conferencefurniture_062285547-scaled-1.jpg\"><img decoding=\"async\" class=\"alignleft size-medium wp-image-4397\" src=\"https:\/\/konferenztechnik.de\/wp-content\/uploads\/2014\/04\/smart-metals_video-conferencefurniture_062285547-231x300.jpg\" alt=\"Smart Metals Video Konferans Mobilyalar\u0131 062.2855-47\" width=\"231\" height=\"300\" title=\"\"><\/a><\/p>\n<p>Video konferans mobilyalar\u0131, 47 in\u00e7 boyuta kadar Win ekranlar\u0131 i\u00e7in geli\u015ftirilmi\u015ftir.<\/p>\n<p>Entegre kabin bilgisayarlar, medya oynat\u0131c\u0131lar veya di\u011fer harici donan\u0131mlar i\u00e7in alan sunar. Ekipman ayr\u0131ca y\u00fcksekli\u011fi ayarlanabilir bir kamera platformu i\u00e7erir.<\/p>\n<h2>Smart Metals \u2013 \u0130kiz ekranlar i\u00e7in video konferans mobilyas\u0131<\/h2>\n<ul>\n<li>Maksimum uzunluk: 1820 mm (g\u00f6r\u00fcnt\u00fcn\u00fcn merkezi)<\/li>\n<li>A\u011f\u0131rl\u0131k: 78,00 kg<\/li>\n<li>Renk: Koyu gri ve al\u00fcminyum<\/li>\n<li>Maksimum y\u00fck: 100 kg<\/li>\n<li>Ekran yap\u0131land\u0131rmas\u0131 : 42 ila 47 in\u00e7 aras\u0131 ikiz ekranlar<\/li>\n<li>Ekran konumu: Yatay<\/li>\n<li>\u0130n\u00e7 aral\u0131\u011f\u0131: 42 \u2013 47 in\u00e7<\/li>\n<li>Y\u00fckseklik ayar\u0131: Manuel<\/li>\n<li>Braket \/ aray\u00fcz: Dahil<\/li>\n<li>Kablo kanal\u0131: 25 mm \u00d8<\/li>\n<li>Daha fazla bilgi: Kamera platformu dahil<\/li>\n<\/ul>\n<p><a href=\"https:\/\/konferenztechnik.de\/wp-content\/uploads\/2014\/04\/062285547_SmartMetals_productleafletEN.pdf\">Smart Metals \u00fcr\u00fcn bilgi formu 062.2855.47 (\u0130ngilizce)<\/a><\/p>\n<h2>Smart Metals \u2013 Mobil Video Konferans Stand\u0131 Arabas\u0131<\/h2>\n<p><a href=\"https:\/\/konferenztechnik.de\/wp-content\/uploads\/2014\/04\/smart-metals_video-conference-stand-trolley_int1010-scaled-1.jpg\"><img decoding=\"async\" class=\"alignleft size-medium wp-image-4408\" src=\"https:\/\/konferenztechnik.de\/wp-content\/uploads\/2014\/04\/smart-metals_video-conference-stand-trolley_int1010-167x300.jpg\" alt=\"Smart Metals Video Konferans Stand\u0131 Arabas\u0131 INT.1010\" width=\"167\" height=\"300\" title=\"\"><\/a><\/p>\n<p>Bu stand video konferans i\u00e7in \u00f6zel olarak geli\u015ftirilmi\u015ftir. Tekerlekleri vard\u0131r ve bu nedenle video konferans\u0131n yap\u0131laca\u011f\u0131 yere ba\u011fl\u0131 olarak farkl\u0131 odalarda \u2013 kullan\u0131labilir.<\/p>\n<p>Boyutu 65 in\u00e7'e kadar olan ekranlar hem dikey hem de yatay modda kullan\u0131labilir. Pakete bir kamera montaj aparat\u0131 da dahildir.<\/p>\n<h2>Smart Metals \u2013 Mobil Video Konferans Stand\u0131 Arabas\u0131<\/h2>\n<ul>\n<li>Minimum uzunluk: 1250 mm<\/li>\n<li>Maksimum uzunluk: 1600 mm (g\u00f6r\u00fcnt\u00fcn\u00fcn merkezi)<\/li>\n<li>A\u011f\u0131rl\u0131k: 42,00 kg<\/li>\n<li>Renk: Koyu gri ve al\u00fcminyum<\/li>\n<li>Maksimum y\u00fck: 95 kg<\/li>\n<li>Ekran konumu: Yatay ve dikey<\/li>\n<li>\u0130n\u00e7 aral\u0131\u011f\u0131: 65 in\u00e7e kadar<\/li>\n<li>Y\u00fckseklik ayar\u0131: Manuel<\/li>\n<li>Braket \/ aray\u00fcz: ayr\u0131 olarak temin edilebilir<\/li>\n<li>Montaj sistemi : 170 x 140 mm<\/li>\n<li>Kablo kanal\u0131: 15, 35, 15 mm \u00d8<\/li>\n<\/ul>\n<p><a href=\"https:\/\/konferenztechnik.de\/wp-content\/uploads\/2014\/04\/INT1010_SmartMetals_productleafletEN.pdf\">Ak\u0131ll\u0131 Metaller \u00dcr\u00fcn Bilgi Formu INT.1010 (\u0130ngilizce)<\/a><\/p>\n<h2>\u0130nteraktif beyaz tahta arabas\u0131 Smart SB680<\/h2>\n<p><a href=\"https:\/\/konferenztechnik.de\/wp-content\/uploads\/2013\/09\/Audipack_WhiteboardCart.jpg\"><img loading=\"lazy\" decoding=\"async\" width=\"473\" height=\"751\" class=\"alignleft size-full wp-image-2759\" src=\"https:\/\/konferenztechnik.de\/wp-content\/uploads\/2013\/09\/Audipack_WhiteboardCart.jpg\" alt=\"\u0130nteraktif beyaz tahta arabas\u0131 Smart SB680\" title=\"\" srcset=\"https:\/\/konferenztechnik.de\/wp-content\/uploads\/2013\/09\/Audipack_WhiteboardCart.jpg 473w, https:\/\/konferenztechnik.de\/wp-content\/uploads\/2013\/09\/Audipack_WhiteboardCart-189x300.jpg 189w\" sizes=\"(max-width: 473px) 100vw, 473px\" \/><\/a><\/p>\n<p>Mobil sunumlar i\u00e7in tak ve \u00e7al\u0131\u015ft\u0131r \u00e7\u00f6z\u00fcm\u00fc. Entegre ekranl\u0131 mobil araba ve projekt\u00f6r montaj\u0131 olarak d\u00f6ner kol kombinasyonu. Ekipman i\u00e7in geni\u015f alan. Dokunmatik ekranlar i\u00e7in modeller de mevcuttur.<\/p>\n<h2>\u0130nteraktif beyaz tahta arabas\u0131 Smart SB680<\/h2>\n<ul>\n<li>Esnek ekran boyutu<\/li>\n<li>\u00c7e\u015fitli projekt\u00f6r kolu uzunluklar\u0131 mevcuttur<\/li>\n<li>Kilitlenebilir tekerlekler<\/li>\n<\/ul>","protected":false},"excerpt":{"rendered":"<p>Konferenzm\u00f6bel Smart Metals &#8211; Video Conference M\u00f6bel f\u00fcr Single-Displays Dieses elegante und stilvolle Videokonferenz-M\u00f6bel wurde f\u00fcr Single-Displays mit einer Gr\u00f6\u00dfe bis zu 55 Zoll entwickelt. Der integrierte Schrank bietet Platz f\u00fcr Computer, Medienplayer oder andere externe Hardware. Zus\u00e4tlich geh\u00f6rt zur Ausstattung eine h\u00f6henverstellbare Kameraplattform. Smart Metals &#8211; Video Conference M\u00f6bel f\u00fcr Displays Maximale L\u00e4nge: 1820 [&hellip;]<\/p>","protected":false},"author":1,"featured_media":45482,"parent":1221,"menu_order":101,"comment_status":"closed","ping_status":"open","template":"","meta":{"_acf_changed":false,"footnotes":""},"class_list":["post-4383","page","type-page","status-publish","has-post-thumbnail","hentry"],"acf":[],"_links":{"self":[{"href":"https:\/\/konferenztechnik.de\/tr\/wp-json\/wp\/v2\/pages\/4383","targetHints":{"allow":["GET"]}}],"collection":[{"href":"https:\/\/konferenztechnik.de\/tr\/wp-json\/wp\/v2\/pages"}],"about":[{"href":"https:\/\/konferenztechnik.de\/tr\/wp-json\/wp\/v2\/types\/page"}],"author":[{"embeddable":true,"href":"https:\/\/konferenztechnik.de\/tr\/wp-json\/wp\/v2\/users\/1"}],"replies":[{"embeddable":true,"href":"https:\/\/konferenztechnik.de\/tr\/wp-json\/wp\/v2\/comments?post=4383"}],"version-history":[{"count":0,"href":"https:\/\/konferenztechnik.de\/tr\/wp-json\/wp\/v2\/pages\/4383\/revisions"}],"up":[{"embeddable":true,"href":"https:\/\/konferenztechnik.de\/tr\/wp-json\/wp\/v2\/pages\/1221"}],"wp:featuredmedia":[{"embeddable":true,"href":"https:\/\/konferenztechnik.de\/tr\/wp-json\/wp\/v2\/media\/45482"}],"wp:attachment":[{"href":"https:\/\/konferenztechnik.de\/tr\/wp-json\/wp\/v2\/media?parent=4383"}],"curies":[{"name":"wp","href":"https:\/\/api.w.org\/{rel}","templated":true}]}}