{"id":5029,"date":"2015-02-02T17:32:01","date_gmt":"2015-02-02T16:32:01","guid":{"rendered":"https:\/\/konferenztechnik.de\/?page_id=5029"},"modified":"2023-09-01T11:47:12","modified_gmt":"2023-09-01T09:47:12","slug":"bosch-ccs-1000d-oezelli%cc%87kleri%cc%87","status":"publish","type":"page","link":"https:\/\/konferenztechnik.de\/tr\/bosch-ccs-1000d-oezelli%cc%87kleri%cc%87\/","title":{"rendered":"Bosch CCS 1000 D \u00d6zelliklerine Genel Bak\u0131\u015f"},"content":{"rendered":"<p>[column size=\"2-3\u2033 last=\"0\u2033]<\/p>\n<h1>\u00d6zellikler: Dijital Tart\u0131\u015fma Sistemi Bosch CCS 1000 D<\/h1>\n<p>[\/column]<br \/>\n[column size=\"1-3\u2033 last=\"1\u2033]<br \/>\n<img decoding=\"async\" class=\"alignright size-full wp-image-3924\" src=\"https:\/\/konferenztechnik.de\/wp-content\/uploads\/2013\/11\/logo-pcs-selected-quality.png\" alt=\"Logo PCS Se\u00e7ilmi\u015f Kalite\" width=\"143\" height=\"88\" title=\"\"><br \/>\n[\/column]<\/p>\n<p><a href=\"https:\/\/konferenztechnik.de\/wp-content\/uploads\/2015\/02\/Bosch-CCS-1000-D-features.jpg\"><img fetchpriority=\"high\" decoding=\"async\" class=\"alignnone size-full wp-image-5365\" src=\"https:\/\/konferenztechnik.de\/wp-content\/uploads\/2015\/02\/Bosch-CCS-1000-D-features.jpg\" alt=\"Bosch-CCS-1000-D-features\" width=\"940\" height=\"411\" title=\"\" srcset=\"https:\/\/konferenztechnik.de\/wp-content\/uploads\/2015\/02\/Bosch-CCS-1000-D-features.jpg 940w, https:\/\/konferenztechnik.de\/wp-content\/uploads\/2015\/02\/Bosch-CCS-1000-D-features-300x131.jpg 300w, https:\/\/konferenztechnik.de\/wp-content\/uploads\/2015\/02\/Bosch-CCS-1000-D-features-768x336.jpg 768w\" sizes=\"(max-width: 940px) 100vw, 940px\" \/><\/a><\/p>\n<p>Yepyeni CCS 1000 D, en son teknik yeniliklerden vazge\u00e7mek zorunda kalmadan basitli\u011fi ve kullan\u0131m kolayl\u0131\u011f\u0131 ile etkileyicidir. Sistemin \u00f6zelliklerine genel bir bak\u0131\u015f i\u00e7in buraya t\u0131klay\u0131n.<\/p>\n<h2>\u00d6zellikler: Dijital Tart\u0131\u015fma Sistemi Bosch CCS 1000 D<\/h2>\n<p>[spacer size=\"20\u2033]<\/p>\n<div class=\"kasten\">\n<div class=\"kastenlinks\"><span class=\"zahl\">1.<\/span><\/div>\n<div class=\"kastenrechts\">\n<h1>Kompakt, kurulumu kolay, kullan\u0131m\u0131 kolay<\/h1>\n<p>\u2013 Tak ve \u00e7al\u0131\u015ft\u0131r<br \/>\n\u2013 E\u011fitim gerekmez<br \/>\n\u2013 Karma\u015f\u0131k olmayan, kolay kurulum<br \/>\n\u2013 Kapsaml\u0131 yap\u0131land\u0131rma gerekmez<\/p>\n<\/div>\n<p>[temiz]<\/p>\n<\/div>\n<p>[spacer size=\"20\u2033]<\/p>\n<div class=\"kasten\">\n<div class=\"kastenlinks\"><span class=\"zahl\">2.<\/span><\/div>\n<div class=\"kastenrechts\">\n<h1>Geri bildirim olmadan iyi ses ve daha y\u00fcksek ses seviyeleri<\/h1>\n<p>\u2013 Hoparl\u00f6r ve mikrofon ayn\u0131 anda etkin<br \/>\n\u2013 Dahili dijital geri besleme bast\u0131r\u0131c\u0131 (DAFS)<br \/>\n\u2013 T\u00fcm kat\u0131l\u0131mc\u0131lar i\u00e7in m\u00fckemmel konu\u015fma anla\u015f\u0131l\u0131rl\u0131\u011f\u0131<\/p>\n<\/div>\n<p>[temiz]<\/p>\n<\/div>\n<p>[spacer size=\"20\u2033]<\/p>\n<div class=\"kasten\">\n<div class=\"kastenlinks\"><span class=\"zahl\">3.<\/span><\/div>\n<div class=\"kastenrechts\">\n<h1>Kullan\u0131\u015fl\u0131 kay\u0131t<\/h1>\n<p>\u2013 Dahili bellekte dijital kay\u0131t: 8 saate kadar<br \/>\n\u2013 128GB USB bellek ile dijital kay\u0131t: 4000 saate kadar<\/p>\n<\/div>\n<p>[temiz]<\/p>\n<\/div>\n<p>[spacer size=\"20\u2033]<\/p>\n<div class=\"kasten\">\n<div class=\"kastenlinks\"><span class=\"zahl\">4.<\/span><\/div>\n<div class=\"kastenrechts\">\n<h1>Geli\u015fmi\u015f yap\u0131land\u0131rma ve kontrol i\u00e7in basit web aray\u00fcz\u00fc<\/h1>\n<p>\u2013 Teknisyenler i\u00e7in geni\u015fletilmi\u015f ayar se\u00e7enekleri<br \/>\n\u2013 Ba\u015fkan i\u00e7in sezgisel mikrofon kontrol\u00fc<br \/>\n\u2013 Tart\u0131\u015fmay\u0131 kontrol edin ve kaydedin<\/p>\n<\/div>\n<p>[temiz]<\/p>\n<\/div>\n<p>[spacer size=\"20\u2033]<\/p>\n<div class=\"kasten\">\n<div class=\"kastenlinks\"><span class=\"zahl\">5.<\/span><\/div>\n<div class=\"kastenrechts\">\n<h1>Otomatik kamera kontrol\u00fc i\u00e7in do\u011fal destek<\/h1>\n<p>6 adede kadar HD konferans dome kamera i\u00e7in \u2013 standart deste\u011fi<br \/>\nWeb taray\u0131c\u0131s\u0131 \u00fczerinden yap\u0131land\u0131rma, ek yaz\u0131l\u0131m gerekmez<br \/>\n\u2013 Aktif hoparl\u00f6r\u00fcn kristal netli\u011finde sunumu<\/p>\n<\/div>\n<p>[temiz]<\/p>\n<\/div>\n<p><span style=\"font-size: 2.0em;\"><br \/>\n+<br \/>\n<\/span><\/p>\n<div class=\"kasten\">\n<div class=\"kastenlinks\"><span class=\"zahl\">6.<\/span><\/div>\n<div class=\"kastenrechts\">\n<p>\u2013 Benzersiz \"Konu\u015fmak m\u00fcmk\u00fcn\u201d ekran (konu\u015fmak m\u00fcmk\u00fcn)<br \/>\n\u2013 \"Konu\u015fma talebi\u201d Ekran (otomatik bekleme listesi)<br \/>\n\u2013 Enerji tasarruf modu<br \/>\n\u2013 Cep telefonlar\u0131na ve ak\u0131ll\u0131 telefonlara kar\u015f\u0131 \u00e7\u00f6p ge\u00e7irmez (GSM ba\u011f\u0131\u015f\u0131kl\u0131\u011f\u0131)<\/p>\n<\/div>\n<p>[temiz]<\/p>\n<\/div>\n<p>[spacer size=\"40\u2033]<\/p>\n<p>Bosch CCS 1000 D konferans sistemine ba\u011flant\u0131lar<\/p>\n<p>&#x9B; <a style=\"line-height: 1.8em;\" title=\"\" href=\"\/tr\/adet-seci%cc%87lmi%cc%87s-oezel-firsat-bosch-ccs-1000d\/\">PCS\/Bosch tan\u0131t\u0131m teklifi Bosch CCS 1000 D<\/a><br \/>\n&#x9B; <a style=\"line-height: 1.5em;\" title=\"\" href=\"\/tr\/bosch-ccs-1000-d-test-sonucu\/\">PCS test sonucu Bosch CCS 1000 D<\/a><br \/>\n&#x9B; <a style=\"line-height: 1.8em;\" title=\"\" href=\"\/tr\/bosch-ccs-1000-d\/\">Yeni tan\u0131t\u0131m Bosch CCS 1000 D<\/a><\/p>\n<p>[spacer size=\"40\u2033]<\/p>\n<div class=\"weiterlinks\">\n<h1>Di\u011fer ba\u011flant\u0131lar:<\/h1>\n<ul>\n<li>\u203a <a title=\"Da\u011f\u0131t\u0131m\" href=\"\/tr\/konferans-ve-av-medya-teknoloji%cc%87si%cc%87ni%cc%87n-dagitimi\/\">Konferans ve medya teknolojisinin da\u011f\u0131t\u0131m\u0131<\/a><\/li>\n<li>\u203a <a title=\"Kurulum\" href=\"\/tr\/konferans-teknolojisi-ve-medya-sistemlerinin-kurulumu-ve-entegrasyonu\/\">Konferans teknolojisi ve medya sistemlerinin kurulumu ve entegrasyonu<\/a><\/li>\n<li>\u203a <a title=\"\u00c7ok dilli etkinlikler i\u00e7in destek\" href=\"\/tr\/hizmetler-2\/cok-dilli-etkinlikler-icin-destek\/\">\u00c7ok dilli etkinlikler i\u00e7in destek<\/a><\/li>\n<\/ul>\n<\/div>","protected":false},"excerpt":{"rendered":"<p>[column size=\"2-3\u2033 last=\"0\u2033] \u00d6zellikler: Dijital Tart\u0131\u015fma Sistemi Bosch CCS 1000 D [\/column] [column size=\"1-3\u2033 last=\"1\u2033] [\/column] Yepyeni CCS 1000 D, en son teknik yeniliklerden vazge\u00e7mek zorunda kalmadan basitli\u011fi ve kullan\u0131m kolayl\u0131\u011f\u0131 ile etkileyicidir. Sistemin \u00f6zelliklerine genel bir bak\u0131\u015f i\u00e7in buraya t\u0131klay\u0131n. Bosch CCS 1000 D Dijital Tart\u0131\u015fma Sistemi \u00d6zellikleri [...]<\/p>","protected":false},"author":1,"featured_media":45482,"parent":0,"menu_order":33,"comment_status":"closed","ping_status":"open","template":"","meta":{"_acf_changed":false,"footnotes":""},"class_list":["post-5029","page","type-page","status-publish","has-post-thumbnail","hentry"],"acf":[],"_links":{"self":[{"href":"https:\/\/konferenztechnik.de\/tr\/wp-json\/wp\/v2\/pages\/5029","targetHints":{"allow":["GET"]}}],"collection":[{"href":"https:\/\/konferenztechnik.de\/tr\/wp-json\/wp\/v2\/pages"}],"about":[{"href":"https:\/\/konferenztechnik.de\/tr\/wp-json\/wp\/v2\/types\/page"}],"author":[{"embeddable":true,"href":"https:\/\/konferenztechnik.de\/tr\/wp-json\/wp\/v2\/users\/1"}],"replies":[{"embeddable":true,"href":"https:\/\/konferenztechnik.de\/tr\/wp-json\/wp\/v2\/comments?post=5029"}],"version-history":[{"count":0,"href":"https:\/\/konferenztechnik.de\/tr\/wp-json\/wp\/v2\/pages\/5029\/revisions"}],"wp:featuredmedia":[{"embeddable":true,"href":"https:\/\/konferenztechnik.de\/tr\/wp-json\/wp\/v2\/media\/45482"}],"wp:attachment":[{"href":"https:\/\/konferenztechnik.de\/tr\/wp-json\/wp\/v2\/media?parent=5029"}],"curies":[{"name":"wp","href":"https:\/\/api.w.org\/{rel}","templated":true}]}}