{"id":5120,"date":"2015-02-02T20:06:57","date_gmt":"2015-02-02T19:06:57","guid":{"rendered":"https:\/\/konferenztechnik.de\/?page_id=5120"},"modified":"2023-09-01T11:47:03","modified_gmt":"2023-09-01T09:47:03","slug":"bosch-ccs-1000-d-test-sonucu","status":"publish","type":"page","link":"https:\/\/konferenztechnik.de\/tr\/bosch-ccs-1000-d-test-sonucu\/","title":{"rendered":"Bosch CCS 1000 D test sonucu"},"content":{"rendered":"<h1>Bosch CCS 1000 D test sonucu<\/h1>\n<p>Bosch yeni tart\u0131\u015fma sistemini \"kompakt ve \u00e7ok y\u00f6nl\u00fc\" slogan\u0131yla tan\u0131t\u0131yor ve \u00e7ok fazla \u015fey vaat etmiyor. Sistem sezgisel ve kullan\u0131m\u0131 kolay oldu\u011fu i\u00e7in yeni ba\u015flayanlar i\u00e7in idealdir. Profesyonellerin \u00f6zellikler ve ek i\u015flevler olmadan yapmalar\u0131 gerekmez.<\/p>\n<p>Sistem k\u00fc\u00e7\u00fck ve orta \u00f6l\u00e7ekli toplant\u0131lar i\u00e7in tasarlanm\u0131\u015ft\u0131r. Temel paketler uzun kablo hatlar\u0131n\u0131 i\u00e7ermez; bir koridoru k\u00f6pr\u00fclemek i\u00e7in besleme hatlar\u0131 veya kablolar ayr\u0131ca planlanmal\u0131 ve sipari\u015f edilmelidir.<\/p>\n<p>&nbsp;<\/p>\n<p>Mikrofon \u00fcniteleri<\/p>\n<p>Mikrofon \u00fcniteleri y\u00fcksek kaliteli, sa\u011flam, dayan\u0131kl\u0131 ve ayn\u0131 zamanda hafiftir. Malzemeler, darbeye ve \u00e7izilmeye dayan\u0131kl\u0131 g\u00f6r\u00fcnen ve temizlenmesi kolay olan plastikten yap\u0131lm\u0131\u015ft\u0131r. Mikrofon \u00fcniteleri teknoloji a\u00e7\u0131s\u0131ndan \u00e7ok \u015fey sunuyor. \u00d6zellikle, y\u00fcksek kaliteli bir geri besleme bast\u0131rma \u2013 mikrofon ve hoparl\u00f6r, kuplaj veya \u0131sl\u0131k sesi olmadan ayn\u0131 anda \u00e7al\u0131\u015ft\u0131r\u0131labilir.<\/p>\n<p>Her mikrofon \u00fcnitesi, esas olarak \u015firket konferans salonlar\u0131ndaki iyi kurulmu\u015f ekipler i\u00e7in kullan\u0131lan \"Konu\u015fma m\u00fcmk\u00fcn\u201d ekran\u0131 (konu\u015fma m\u00fcmk\u00fcn) ve \"Konu\u015fma talebi\u201d ekran\u0131 (otomatik bekleme listesi) olmak \u00fczere iki i\u015flev sunar.<\/p>\n<p><a href=\"https:\/\/konferenztechnik.de\/wp-content\/uploads\/2015\/02\/Bosch-CCS-1000-D-detail.jpg\"><img fetchpriority=\"high\" decoding=\"async\" class=\"alignnone size-full wp-image-5355\" src=\"https:\/\/konferenztechnik.de\/wp-content\/uploads\/2015\/02\/Bosch-CCS-1000-D-detail.jpg\" alt=\"Bosch-CCS-1000-D-detay Test sonucu 01\" width=\"940\" height=\"411\" title=\"\" srcset=\"https:\/\/konferenztechnik.de\/wp-content\/uploads\/2015\/02\/Bosch-CCS-1000-D-detail.jpg 940w, https:\/\/konferenztechnik.de\/wp-content\/uploads\/2015\/02\/Bosch-CCS-1000-D-detail-300x131.jpg 300w, https:\/\/konferenztechnik.de\/wp-content\/uploads\/2015\/02\/Bosch-CCS-1000-D-detail-768x336.jpg 768w\" sizes=\"(max-width: 940px) 100vw, 940px\" \/><\/a><br \/>\n\u00dcr\u00fcn a\u00e7\u0131klamas\u0131:<br \/>\nCCSD-DS Delege mikrofonu k\u0131sa<br \/>\nCCSD-DL Delege mikrofonu uzun<\/p>\n<p>&nbsp;<\/p>\n<p>Ana \u00fcnite<\/p>\n<p>CU (Kontrol \u00dcnitesi) plastik bir muhafaza i\u00e7inde tedarik edilir; Bosch metal bir versiyonun yan\u0131 s\u0131ra 19 in\u00e7 montaj raylar\u0131 ve profesyonel XLR fi\u015flerinden de vazge\u00e7mi\u015ftir. G\u00f6r\u00fcn\u00fcm, fi\u015fler ve \u00e7al\u0131\u015fma \u015fekli UHF sistemlerinden \u00e7ok DVD oynat\u0131c\u0131lar\u0131 and\u0131r\u0131yor. Bir\u00e7ok \u015firket konferans odas\u0131 i\u00e7in kesinlikle do\u011fru karar. CU'nun bir medya arabas\u0131na monte edilmesi gerekmez, ancak dolap mobilyalar\u0131n\u0131n i\u00e7ine ve \u00fczerine kolayca yerle\u015ftirilebilir. CU'yu kiralama sekt\u00f6r\u00fcnde kullanmak istiyorsan\u0131z, CU'yu 19 in\u00e7 kurulum kiti ve XLR ba\u011flant\u0131 yuvas\u0131 ile de tedarik edebiliriz. Uluslararas\u0131 etkinlikler ve \u00e7ok dilli toplant\u0131lar i\u00e7in e\u015fzamanl\u0131 d\u00f6n\u00fc\u015f kanallar\u0131 mevcut de\u011fildir.<\/p>\n<p><a href=\"https:\/\/konferenztechnik.de\/wp-content\/uploads\/2015\/02\/Bosch-CCS-1000-D-CU-detail.jpg\"><img decoding=\"async\" class=\"alignnone size-full wp-image-5356\" src=\"https:\/\/konferenztechnik.de\/wp-content\/uploads\/2015\/02\/Bosch-CCS-1000-D-CU-detail.jpg\" alt=\"Bosch-CCS-1000-D-CU-detay Test 02\" width=\"940\" height=\"411\" title=\"\" srcset=\"https:\/\/konferenztechnik.de\/wp-content\/uploads\/2015\/02\/Bosch-CCS-1000-D-CU-detail.jpg 940w, https:\/\/konferenztechnik.de\/wp-content\/uploads\/2015\/02\/Bosch-CCS-1000-D-CU-detail-300x131.jpg 300w, https:\/\/konferenztechnik.de\/wp-content\/uploads\/2015\/02\/Bosch-CCS-1000-D-CU-detail-768x336.jpg 768w\" sizes=\"(max-width: 940px) 100vw, 940px\" \/><\/a><br \/>\n\u00dcr\u00fcn a\u00e7\u0131klamas\u0131:<br \/>\nCCSD-CURD Ses kayd\u0131 ve geri bildirim bast\u0131rma \u00f6zellikli Kontrol \u00dcnitesi<\/p>\n<p>&nbsp;<\/p>\n<p>Operasyon<\/p>\n<p>\u0130\u015flem, kaba bir kademelendirmede membran tu\u015flar\u0131 kullan\u0131larak ger\u00e7ekle\u015ftirilir. Ses beslemesi (2x), mikrofon, mikrofon \u00fcniteleri (2 y\u00f6nl\u00fc) CU kullan\u0131larak \"kar\u0131\u015ft\u0131r\u0131labilir\". Profesyonel sekt\u00f6rde, teknisyen ayr\u0131 bir ses kar\u0131\u015ft\u0131rma konsolu ile bireysel \u00e7\u0131k\u0131\u015flar\u0131 kontrol edecektir. Ancak bir\u00e7ok konferans salonunda Bosch CU kesinlikle ek bir miks konsolunun yerini alabilir.<\/p>\n<p>Ses kayd\u0131<\/p>\n<p>Bu konuda hepimiz hemfikiriz. Bu harika bir \u00e7\u00f6z\u00fcm. USB belle\u011fi tak\u0131n, kay\u0131t tu\u015funa bas\u0131n, kayd\u0131 yan\u0131n\u0131za al\u0131n. Dahili bellekte dijital kay\u0131t: 8 saate kadar, 128GB USB bellek ile dijital kay\u0131t: mp3 format\u0131nda iyi kalitede 4000 saate kadar.<\/p>\n<p>Geri<\/p>\n<p><a href=\"https:\/\/konferenztechnik.de\/wp-content\/uploads\/2015\/02\/CCURD-Bosch-CCS-1000-D.jpg\"><img decoding=\"async\" class=\"alignnone size-full wp-image-5370\" src=\"https:\/\/konferenztechnik.de\/wp-content\/uploads\/2015\/02\/CCURD-Bosch-CCS-1000-D.jpg\" alt=\"CCURD-Bosch-CCS-1000-D Test sonucu 03\" width=\"940\" height=\"222\" title=\"\" srcset=\"https:\/\/konferenztechnik.de\/wp-content\/uploads\/2015\/02\/CCURD-Bosch-CCS-1000-D.jpg 940w, https:\/\/konferenztechnik.de\/wp-content\/uploads\/2015\/02\/CCURD-Bosch-CCS-1000-D-300x71.jpg 300w, https:\/\/konferenztechnik.de\/wp-content\/uploads\/2015\/02\/CCURD-Bosch-CCS-1000-D-768x181.jpg 768w\" sizes=\"(max-width: 940px) 100vw, 940px\" \/><\/a><\/p>\n<p>1. USB (Mini)<\/p>\n<p>2. ses \u00e7\u0131k\u0131\u015f\u0131, d\u00f6rt ek kanal (bireysel kay\u0131tlar ve mahkeme salonu uygulamas\u0131)<\/p>\n<p>3. ses \u00e7\u0131k\u0131\u015f\u0131 (2 x toplam)<\/p>\n<p>4. ses giri\u015fi (2 x toplam)<\/p>\n<p>5. mikrofon giri\u015fi (XLR)<\/p>\n<p>6. \u00e7a\u011fr\u0131 istasyonlar\u0131 (2 devre, DIN fi\u015fi)<\/p>\n<p>7. LAN ba\u011flant\u0131s\u0131 (WLAN ba\u011flant\u0131s\u0131, PC, diz\u00fcst\u00fc bilgisayar \u00fczerinden kontrol ve programlama, iste\u011fe ba\u011fl\u0131 olarak kablosuz kontrol i\u00e7in)<\/p>\n<p>8. g\u00fc\u00e7 kayna\u011f\u0131 (harici g\u00fc\u00e7 kayna\u011f\u0131 \u00fcnitesi)<\/p>\n<p>&nbsp;<\/p>\n<p>iPad ve di\u011fer cihazlarla web \u00fczerinden \u00e7al\u0131\u015fma.<\/p>\n<p>Bosch, sistemi basit web kullan\u0131m\u0131 ile tan\u0131t\u0131yor. Bu asl\u0131nda bir tableti kullanabilen herkes i\u00e7in kendi kendini a\u00e7\u0131klay\u0131c\u0131 ve sezgiseldir. Mikrofon serbest b\u0131rakma ve kontroller, herhangi bir konferans organizat\u00f6r\u00fcn\u00fcn yan tarafta kullanmas\u0131 i\u00e7in kolayd\u0131r. Teknisyenler ve teknoloji uzmanlar\u0131 da HD kameralar\u0131 kontrol edebilir. G\u00fcn\u00fcm\u00fczde \u00fcreticiler tablet \u00fczerinden \u00e7al\u0131\u015fmaktan ka\u00e7\u0131nam\u0131yor. Bosch'un sevdi\u011fimiz yan\u0131, sadece teknisyenlerin de\u011fil, ayn\u0131 zamanda ba\u015fkan\u0131n ve teknisyenin bulunmad\u0131\u011f\u0131 t\u00fcm kullan\u0131c\u0131lar\u0131n da bundan do\u011frudan yararlanabilmesidir. Bu sistemle her zamankinden daha kolay. Ayr\u0131ca be\u011fendi\u011fimiz bir di\u011fer \u00f6zellik: tasar\u0131m basit, t\u00fcm \u00f6\u011feler b\u00fcy\u00fck. Bosch \u00e7ok fazla grafik ve simge kullanmam\u0131\u015f, bu da kullan\u0131m\u0131 kolayla\u015ft\u0131r\u0131yor.<\/p>\n<p>&nbsp;<\/p>\n<p>Uygulama alanlar\u0131<\/p>\n<p>Etraf\u0131m\u0131z\u0131n profesyonel medya teknolojisiyle \u00e7evrili oldu\u011fu b\u00fcy\u00fck etkinliklerde yeni Bosch sistemi ilk tercihimiz olmayacak. Di\u011fer her yerde, bunu d\u00fc\u015f\u00fcnmek zorunda kalacaks\u0131n\u0131z. Yeni ba\u015flayanlar ve ilk kez bir konferans sistemi sat\u0131n almay\u0131 d\u00fc\u015f\u00fcnenler i\u00e7in muhtemelen rakipsiz olacakt\u0131r. \u015eirket konferans salonlar\u0131n\u0131 donatmak i\u00e7in idealdir. Bosch CCS 1000 D, DVD oynat\u0131c\u0131lar\u0131 ve tabletleri \u00e7al\u0131\u015ft\u0131rabilen herkes i\u00e7in ek teknolojinin ve teknisyenlerin yerini alabilir. Ses kayd\u0131, kamera kontrol\u00fc ve yeni ak\u0131ll\u0131 fonksiyonlar dahildir. Sistem, \u00f6l\u00e7eklenebilirli\u011fi ve \u00e7ok iyi tasarlanm\u0131\u015f ta\u015f\u0131ma \u00e7antalar\u0131 nedeniyle kiralama i\u00e7in ilgi \u00e7ekicidir.<\/p>\n<p>&nbsp;<\/p>\n<p>Sonu\u00e7<\/p>\n<p>Bosch'a bu yeni sistemde ba\u015far\u0131lar diliyoruz. Bosch CCS 1000 D, \u00fcreticinin vaat ettiklerini yerine getiriyor ve ayn\u0131 zamanda bir\u00e7ok alanda \u00fcst\u00fcnl\u00fck sa\u011fl\u0131yor. Bosch, modern teknolojileri (basit entegre kay\u0131t fonksiyonu, ak\u0131ll\u0131 mikrofon kontrol\u00fc, etkili geri bildirim bast\u0131rma) giri\u015f seviyesi fiyatlarla kullanmaktad\u0131r. Ev tipi g\u00f6r\u00fcn\u00fcm\u00fc ve kontrol \u00fcnitesinin harici g\u00fc\u00e7 kayna\u011f\u0131 \u00fcnitesi, b\u00fcy\u00fck kiralama i\u015fletmelerinde kullan\u0131m\u0131n\u0131 zorla\u015ft\u0131r\u0131yor, ancak \u015firket toplant\u0131lar\u0131 ve topluluk salonlar\u0131 i\u00e7in \u00e7ok daha uygun. Bosch art\u0131k neredeyse her \u015feyi ba\u015far\u0131yla yapabilen bir sistem sunuyor.<br \/>\n<!--\n[spacer size=\"20\"]\n\n\n<h1>Ihre Ansprechpartner<\/h1>\n\n\n[spacer size=\"20\"]\n[column size=\"1-2\" last=\"0\"]\n[tabs style=\"2\"]\n[tab title=\"Berlin\"]\n<img loading=\"lazy\" decoding=\"async\" width=\"800\" height=\"533\" class=\"alignleft size-full wp-image-2301\" src=\"https:\/\/konferenztechnik.de\/wp-content\/uploads\/2013\/09\/gunnar_hermenau_pcs-gmbh.jpg\" alt=\"gunnar_hermenau_pcs-gmbh\" title=\"\" srcset=\"https:\/\/konferenztechnik.de\/wp-content\/uploads\/2013\/09\/gunnar_hermenau_pcs-gmbh.jpg 800w, https:\/\/konferenztechnik.de\/wp-content\/uploads\/2013\/09\/gunnar_hermenau_pcs-gmbh-300x200.jpg 300w, https:\/\/konferenztechnik.de\/wp-content\/uploads\/2013\/09\/gunnar_hermenau_pcs-gmbh-768x512.jpg 768w\" sizes=\"(max-width: 800px) 100vw, 800px\" \/>\nGunnar Hermenau\nNiederlassungsleiter Berlin\nTel. +49 30 6959690 14\nE-Mail <a href=\"mailto:hermenau@konferenztechnik.de\">hermenau@konferenztechnik.de<\/a>\nQR-Code <a title=\"QR-Code Gunnar Hermenau\" href=\"https:\/\/konferenztechnik.de\/wp-content\/uploads\/2013\/09\/gunnar_hermenau_qrcode.png\">\u203a anzeigen<\/a>\n[\/tab]\n[\/tabs]\n[\/column]\n[column size=\"1-2\" last=\"1\"]\n[tabs style=\"2\"]\n[tab title=\"Heilbronn\"]\n<img loading=\"lazy\" decoding=\"async\" width=\"800\" height=\"533\" class=\"alignleft size-full wp-image-2289\" src=\"https:\/\/konferenztechnik.de\/wp-content\/uploads\/2013\/09\/carsten_adam_pcs-gmbh.jpg\" alt=\"carsten_adam_pcs-gmbh\" title=\"\" srcset=\"https:\/\/konferenztechnik.de\/wp-content\/uploads\/2013\/09\/carsten_adam_pcs-gmbh.jpg 800w, https:\/\/konferenztechnik.de\/wp-content\/uploads\/2013\/09\/carsten_adam_pcs-gmbh-300x200.jpg 300w, https:\/\/konferenztechnik.de\/wp-content\/uploads\/2013\/09\/carsten_adam_pcs-gmbh-768x512.jpg 768w\" sizes=\"(max-width: 800px) 100vw, 800px\" \/>\nCarsten Adam\nNiederlassungsleiter Heilbronn und M\u00fcnchen\nTel. +49 7131 278010 11\nE-Mail <a href=\"mailto:adam@konferenztechnik.de\">adam@konferenztechnik.de<\/a>\nQR-Code <a title=\"QR-Code Carsten Adam\" href=\"https:\/\/konferenztechnik.de\/wp-content\/uploads\/2013\/09\/carsten_adam_qrcode.png\">\u203a anzeigen<\/a>\n[\/tab]\n[\/tabs]\n[\/column]\n\n[column size=\"1-2\" last=\"1\"]\n[tabs style=\"2\"]\n[tab title=\"D\u00fcsseldorf\"]\n<a href=\"https:\/\/konferenztechnik.de\/wp-content\/uploads\/2013\/09\/dirk_neumann_pcs-gmbh.jpg\"><img loading=\"lazy\" decoding=\"async\" width=\"800\" height=\"533\" class=\"alignleft size-full wp-image-2297\" src=\"https:\/\/konferenztechnik.de\/wp-content\/uploads\/2013\/09\/dirk_neumann_pcs-gmbh.jpg\" alt=\"Dirk Neumann Gesch\u00e4ftsf\u00fchrer PCS GmbH\" title=\"\" srcset=\"https:\/\/konferenztechnik.de\/wp-content\/uploads\/2013\/09\/dirk_neumann_pcs-gmbh.jpg 800w, https:\/\/konferenztechnik.de\/wp-content\/uploads\/2013\/09\/dirk_neumann_pcs-gmbh-300x200.jpg 300w, https:\/\/konferenztechnik.de\/wp-content\/uploads\/2013\/09\/dirk_neumann_pcs-gmbh-768x512.jpg 768w\" sizes=\"(max-width: 800px) 100vw, 800px\" \/><\/a>\nDirk Neumann\nGesch\u00e4ftsf\u00fchrer\nTel. +49 211 737798 0\nE-Mail <a href=\"mailto:vertrieb@konferenztechnik.de\">vertrieb@konferenztechnik.de<\/a>\nQR-Code <a title=\"QR-Code Dirk Neumann\" href=\"https:\/\/konferenztechnik.de\/wp-content\/uploads\/2013\/09\/dirk_neumann_qrcode.png\">\u203a anzeigen<\/a>[\/tab]\n[\/tabs]\n[\/column]\n--><br \/>\n[spacer size=\"20\u2033]<\/p>\n<p><a style=\"line-height: 1.8em;\" title=\"\" href=\"https:\/\/www.boschsecurity.com\/de\/\" target=\"_blank\" rel=\"noopener\">\u00dcretici web sitesi Bosch G\u00fcvenlik Sistemleri<\/a><br \/>\n[spacer size=\"10\u2033]<br \/>\n<a style=\"line-height: 1.8em;\" title=\"\" href=\"\/tr\/bosch-ccs-1000-d\/\">Yeni tan\u0131t\u0131m Bosch CCS 1000 D<\/a><br \/>\n<a style=\"line-height: 1.8em;\" title=\"\" href=\"\/tr\/bosch-ccs-1000d-oezelli%cc%87kleri%cc%87\/\">Performans spektrumu \/ \u00d6zellikler Bosch CCS 1000 D<\/a><br \/>\n[spacer size=\"30\u2033]<\/p>\n<div class=\"weiterlinks\">\n<h1>Di\u011fer ba\u011flant\u0131lar<\/h1>\n<ul>\n<li>\u203a <a title=\"Da\u011f\u0131t\u0131m\" href=\"\/tr\/konferans-ve-av-medya-teknoloji%cc%87si%cc%87ni%cc%87n-dagitimi\/\">Konferans ve medya teknolojisinin da\u011f\u0131t\u0131m\u0131<\/a><\/li>\n<li>\u203a <a title=\"Kurulum\" href=\"\/tr\/konferans-teknolojisi-ve-medya-sistemlerinin-kurulumu-ve-entegrasyonu\/\">Konferans teknolojisi ve medya sistemlerinin kurulumu ve entegrasyonu<\/a><\/li>\n<li>\u203a <a title=\"\u00c7ok dilli etkinlikler i\u00e7in destek\" href=\"\/tr\/hizmetler-2\/cok-dilli-etkinlikler-icin-destek\/\">\u00c7ok dilli etkinlikler i\u00e7in destek<\/a><\/li>\n<\/ul>\n<\/div>","protected":false},"excerpt":{"rendered":"<p>Bosch CCS 1000 D test sonucu Bosch yeni tart\u0131\u015fma sistemini \"kompakt ve \u00e7ok y\u00f6nl\u00fc\" slogan\u0131yla tan\u0131t\u0131yor ve \u00e7ok fazla \u015fey vaat etmiyor. Sistem, sezgisel ve kullan\u0131m\u0131 kolay oldu\u011fu i\u00e7in yeni ba\u015flayanlar i\u00e7in idealdir. Profesyonellerin \u00f6zellikler ve ek i\u015flevler olmadan yapmalar\u0131 gerekmez. Sistem k\u00fc\u00e7\u00fck ve orta \u00f6l\u00e7ekli toplant\u0131lar i\u00e7in tasarlanm\u0131\u015ft\u0131r. \u0130\u00e7inde [...]<\/p>","protected":false},"author":1,"featured_media":45482,"parent":0,"menu_order":32,"comment_status":"closed","ping_status":"open","template":"","meta":{"_acf_changed":false,"footnotes":""},"class_list":["post-5120","page","type-page","status-publish","has-post-thumbnail","hentry"],"acf":[],"_links":{"self":[{"href":"https:\/\/konferenztechnik.de\/tr\/wp-json\/wp\/v2\/pages\/5120","targetHints":{"allow":["GET"]}}],"collection":[{"href":"https:\/\/konferenztechnik.de\/tr\/wp-json\/wp\/v2\/pages"}],"about":[{"href":"https:\/\/konferenztechnik.de\/tr\/wp-json\/wp\/v2\/types\/page"}],"author":[{"embeddable":true,"href":"https:\/\/konferenztechnik.de\/tr\/wp-json\/wp\/v2\/users\/1"}],"replies":[{"embeddable":true,"href":"https:\/\/konferenztechnik.de\/tr\/wp-json\/wp\/v2\/comments?post=5120"}],"version-history":[{"count":0,"href":"https:\/\/konferenztechnik.de\/tr\/wp-json\/wp\/v2\/pages\/5120\/revisions"}],"wp:featuredmedia":[{"embeddable":true,"href":"https:\/\/konferenztechnik.de\/tr\/wp-json\/wp\/v2\/media\/45482"}],"wp:attachment":[{"href":"https:\/\/konferenztechnik.de\/tr\/wp-json\/wp\/v2\/media?parent=5120"}],"curies":[{"name":"wp","href":"https:\/\/api.w.org\/{rel}","templated":true}]}}