{"id":5827,"date":"2015-10-12T11:52:48","date_gmt":"2015-10-12T10:52:48","guid":{"rendered":"https:\/\/konferenztechnik.de\/?page_id=5827"},"modified":"2024-12-04T13:34:56","modified_gmt":"2024-12-04T12:34:56","slug":"kariyer","status":"publish","type":"page","link":"https:\/\/konferenztechnik.de\/tr\/kariyer\/","title":{"rendered":"i\u015fler"},"content":{"rendered":"<p>[spacer size=\"20\u2033]<br \/>\n[column size=\"3-4\u2033 last=\"0\u2033]<\/p>\n<h1>PCS GmbH'de i\u015f ilanlar\u0131, a\u00e7\u0131k pozisyonlar ve \u00e7\u0131rakl\u0131k e\u011fitimleri<\/h1>\n<p>PCS GmbH bir e\u011fitim kurulu\u015fudur. Etkinlik teknolojisi uzmanlar\u0131, depo lojisti\u011fi uzmanlar\u0131 ve etkinlik y\u00f6netimi asistanlar\u0131 yeti\u015ftiriyoruz. \u0130lgileniyor musunuz? T\u00fcm a\u00e7\u0131k pozisyonlar\u0131 burada bulabilirsiniz.<\/p>\n<p>Ayr\u0131ca her zaman nitelikli \u00e7al\u0131\u015fanlar aray\u0131\u015f\u0131nday\u0131z. \u015eu anda sizin i\u00e7in uygun bir a\u00e7\u0131k pozisyon yoksa, bize talep edilmemi\u015f bir ba\u015fvuru da g\u00f6nderebilirsiniz.<\/p>\n<p>M\u00fcnih ve D\u00fcsseldorf i\u00e7in ba\u015fvurular\u0131n\u0131z\u0131 l\u00fctfen Thorsten Gei\u00dfler'e iletiniz:<br \/>\n<a href=\"mailto:geissler@konferenztechnik.de\">geissler@konferenztechnik.de<\/a><\/p>\n<p>Berlin i\u00e7in ba\u015fvurular\u0131n\u0131z\u0131 l\u00fctfen Gunnar Hermenau'ya iletiniz:<br \/>\n<a href=\"mailto:hermenau@konferenztechnik.de\">hermenau@konferenztechnik.de<\/a><\/p>\n<p>\u0130\u015flerimiz ve \u00e7\u0131rakl\u0131k e\u011fitimlerimiz hakk\u0131nda sorular\u0131n\u0131z varsa l\u00fctfen bizimle ileti\u015fime ge\u00e7in<\/p>\n<p>[\/column]<\/p>\n<p>[column size=\"1-4\u2033 last=\"1\u2033]<\/p>\n<p>[\/column]<\/p>\n<h2><b>G\u00fcncel bo\u015f pozisyonlar<\/b><\/h2>\n<p>[spacer size=\"20\u2033]<br \/>\n[column size=\"1-3\u2033 last=\"0\u2033]<br \/>\n<a href=\"https:\/\/konferenztechnik.de\/jobs\/fachkraft-fuer-veranstaltungstechnik-d-w-m-gesucht\/\"><\/a><\/p>\n<p><a href=\"https:\/\/konferenztechnik.de\/jobs\/fachkraft-fuer-veranstaltungstechnik-d-w-m-gesucht\/\"><\/p>\n<h3><b>Etkinlik teknolojisi uzman\u0131 (d\/w\/m),<br \/>\nEtkinlik m\u00fchendisleri, AV medya teknisyenleri<br \/>\nD\u00fcsseldorf<\/b><\/h3>\n<p><\/a><a href=\"https:\/\/konferenztechnik.de\/jobs\/fachkraft-fuer-veranstaltungstechnik-d-w-m-gesucht\/\"><\/a><\/p>\n<p>\u015eu anda D\u00fcsseldorf lokasyonumuzda konferans ve etkinliklerin teknik olarak ger\u00e7ekle\u015ftirilmesinde bize destek olacak, etkinlik teknolojisinin \u00e7e\u015fitli alanlar\u0131ndan teknisyenler ar\u0131yoruz.<\/p>\n<p>[button link=\"https:\/\/www.konferenztechnik.de\/jobs\/fachkraft-fuer-veranstaltungstechnik-d-w-m-gesucht\/\" target=\"self\" color=\"#a62055\u2033 text=\"light\"]Bilgi ve ba\u015fvuru[\/button]<br \/>\n[\/column]<\/p>\n<p>[column size=\"1-3\u2033 last=\"0\u2033]<br \/>\n<a href=\"https:\/\/konferenztechnik.de\/tr\/berli%cc%87nde-etki%cc%87nli%cc%87k-teknoloji%cc%87si%cc%87-uzmani-d-f-m-araniyor\/\"><\/a><\/p>\n<p><a href=\"https:\/\/konferenztechnik.de\/tr\/berli%cc%87nde-etki%cc%87nli%cc%87k-teknoloji%cc%87si%cc%87-uzmani-d-f-m-araniyor\/\"><\/p>\n<h3><b>Etkinlik teknolojisi uzman\u0131 (d\/w\/m),<br \/>\nEtkinlik m\u00fchendisleri, AV medya teknisyenleri<br \/>\nBerlin<\/b><\/h3>\n<p><\/a><a href=\"https:\/\/konferenztechnik.de\/tr\/berli%cc%87nde-etki%cc%87nli%cc%87k-teknoloji%cc%87si%cc%87-uzmani-d-f-m-araniyor\/\"><\/a><\/p>\n<p>\u015eu anda Berlin'deki merkezimizde konferans ve etkinliklerin teknik olarak ger\u00e7ekle\u015ftirilmesinde bize destek olacak, etkinlik teknolojisinin \u00e7e\u015fitli alanlar\u0131ndan teknisyenler ar\u0131yoruz.<\/p>\n<p>[button link=\"https:\/\/www.konferenztechnik.de\/fachkraft-fuer-veranstaltungstechnik-d-w-m-in-berlin-gesucht\/\" target=\"self\" color=\"#a62055\u2033 text=\"light\"]Bilgi ve ba\u015fvuru[\/button]<br \/>\n[\/column]<\/p>\n<p>[column size=\"1-3\u2033 last=\"1\u2033]<br \/>\n<a href=\"https:\/\/konferenztechnik.de\/tr\/mueni%cc%87hte-etki%cc%87nli%cc%87k-teknoloji%cc%87si%cc%87-uzmani-d-f-m-araniyor\/\"><\/a><\/p>\n<p><a href=\"https:\/\/konferenztechnik.de\/tr\/mueni%cc%87hte-etki%cc%87nli%cc%87k-teknoloji%cc%87si%cc%87-uzmani-d-f-m-araniyor\/\"><\/p>\n<h3><b>Etkinlik teknolojisi uzman\u0131 (d\/w\/m),<br \/>\nEtkinlik m\u00fchendisleri, AV medya teknisyenleri<br \/>\nM\u00fcnih<\/b><\/h3>\n<p><\/a><a href=\"https:\/\/konferenztechnik.de\/tr\/mueni%cc%87hte-etki%cc%87nli%cc%87k-teknoloji%cc%87si%cc%87-uzmani-d-f-m-araniyor\/\"><\/a><\/p>\n<p>\u015eu anda M\u00fcnih'teki merkezimizde konferans ve etkinliklerin teknik olarak ger\u00e7ekle\u015ftirilmesinde bize destek olacak, etkinlik teknolojisinin \u00e7e\u015fitli alanlar\u0131ndan teknisyenler ar\u0131yoruz.<\/p>\n<p>[button link=\"https:\/\/www.konferenztechnik.de\/fachkraft-fuer-veranstaltungstechnik-d-w-m-in-muenchen-gesucht\/\" target=\"self\" color=\"#a62055\u2033 text=\"light\"]Bilgi ve ba\u015fvuru[\/button]<br \/>\n[\/column]<\/p>\n<p>[spacer size=\"50\u2033]<\/p>\n<p>[column size=\"1-3\u2033 last=\"0\u2033]<br \/>\n<a href=\"https:\/\/konferenztechnik.de\/jobs\/buero-servicekraft-m-w-d-gesucht\/\"><\/a><\/p>\n<p><a href=\"https:\/\/konferenztechnik.de\/jobs\/buero-servicekraft-m-w-d-gesucht\/\"><\/p>\n<h3><b>Ofis hizmetleri \u00e7al\u0131\u015fan\u0131 (e\/k\/d) aran\u0131yor<br \/>\nBerlin<\/b><\/h3>\n<p><\/a><a href=\"https:\/\/konferenztechnik.de\/jobs\/buero-servicekraft-m-w-d-gesucht\/\"><\/a><\/p>\n<p>\u015eu anda Berlin ofisimizde toplant\u0131 ve konferanslardan \u00f6nce ve sonra ofisimizi ve terc\u00fcme st\u00fcdyolar\u0131m\u0131z\u0131 organize edecek bir Ofis Hizmet Asistan\u0131 (d \/ f \/ m) ar\u0131yoruz.<\/p>\n<p>[button link=\"https:\/\/www.konferenztechnik.de\/jobs\/buero-servicekraft-m-w-d-gesucht\/\" target=\"self\" color=\"#a62055\u2033 text=\"light\"]Bilgi ve ba\u015fvuru[\/button]<br \/>\n[\/column]<\/p>\n<p>[column size=\"1-3\u2033 last=\"0\u2033]<br \/>\n<a href=\"https:\/\/konferenztechnik.de\/jobs\/technische-hilfskraft-m-w-d-fuer-kommissionierung-und-transport-gesucht\/\"><\/a><\/p>\n<p><a href=\"https:\/\/konferenztechnik.de\/jobs\/technische-hilfskraft-m-w-d-fuer-kommissionierung-und-transport-gesucht\/\"><\/p>\n<h3><b>Sipari\u015f toplama ve nakliye i\u00e7in teknik asistan (e\/k\/d) aran\u0131yor<br \/>\nBerlin<\/b><\/h3>\n<p><\/a><a href=\"https:\/\/konferenztechnik.de\/jobs\/technische-hilfskraft-m-w-d-fuer-kommissionierung-und-transport-gesucht\/\"><\/a><\/p>\n<p>Depomuzda sipari\u015f toplama, nakliye yolculuklar\u0131 ve teknik ekipmanlar\u0131n montaj ve demontaj\u0131 konular\u0131nda bize destek olacak bir teknik asistan (e\/k\/d) ar\u0131yoruz.<\/p>\n<p>[button link=\"https:\/\/www.konferenztechnik.de\/jobs\/technische-hilfskraft-m-w-d-fuer-kommissionierung-und-transport-gesucht\/\" target=\"self\" color=\"#a62055\u2033 text=\"light\"]Bilgi ve ba\u015fvuru[\/button]<br \/>\n[\/column]<\/p>\n<p>[column size=\"1-3\u2033 last=\"1\u2033]<br \/>\n<a href=\"https:\/\/konferenztechnik.de\/jobs\/technikerin-m-w-d-fuer-den-bereich-kommissionierung-und-transport-gesucht\/\"><\/a><\/p>\n<p><a href=\"https:\/\/konferenztechnik.de\/jobs\/technikerin-m-w-d-fuer-den-bereich-kommissionierung-und-transport-gesucht\/\"><\/p>\n<h3><b>Sipari\u015f toplama ve nakliye alan\u0131 i\u00e7in teknisyen (e\/k\/d) aran\u0131yor<br \/>\nBerlin<\/b><\/h3>\n<p><\/a><a href=\"https:\/\/konferenztechnik.de\/jobs\/technikerin-m-w-d-fuer-den-bereich-kommissionierung-und-transport-gesucht\/\"><\/a><\/p>\n<p>Depomuzda sipari\u015f toplama, nakliye yolculuklar\u0131 ve teknik ekipmanlar\u0131n montaj ve demontaj\u0131 konular\u0131nda bize destek olacak bir teknisyen ar\u0131yoruz.<\/p>\n<p>[button link=\"https:\/\/www.konferenztechnik.de\/jobs\/technikerin-m-w-d-fuer-den-bereich-kommissionierung-und-transport-gesucht\/\" target=\"self\" color=\"#a62055\u2033 text=\"light\"]Bilgi ve ba\u015fvuru[\/button]<br \/>\n[\/column]<\/p>\n<p>[spacer size=\"30\u2033]<\/p>\n<hr>\n<p>[spacer size=\"30\u2033]<\/p>\n<h2><b>2023 i\u00e7in \u00c7\u0131rakl\u0131k E\u011fitimleri PCS konferenztechnik.de'de \u2013 \u00c7\u0131rakl\u0131k E\u011fitimi<\/b><\/h2>\n<p>2023'teki e\u011fitim y\u0131l\u0131 i\u00e7in stajyerler ar\u0131yoruz ve ba\u015fvurular\u0131n\u0131z\u0131 bekliyoruz!<\/p>\n<p>[spacer size=\"20\u2033]<\/p>\n<p>[column size=\"1-3\u2033 last=\"0\u2033]<br \/>\n<a href=\"https:\/\/konferenztechnik.de\/tr\/duesseldorfta-etki%cc%87nli%cc%87k-teknoloji%cc%87si%cc%87-uzmani-olarak-egi%cc%87ti%cc%87m-m-f-d\/\"><\/a><\/p>\n<p><a href=\"https:\/\/konferenztechnik.de\/tr\/duesseldorfta-etki%cc%87nli%cc%87k-teknoloji%cc%87si%cc%87-uzmani-olarak-egi%cc%87ti%cc%87m-m-f-d\/\"><\/p>\n<h3><b>Etkinlik teknolojisi uzman\u0131 olarak stajyerlik (d\/w\/m)<br \/>\nD\u00fcsseldorf<\/b><\/h3>\n<p><\/a><a href=\"https:\/\/konferenztechnik.de\/tr\/duesseldorfta-etki%cc%87nli%cc%87k-teknoloji%cc%87si%cc%87-uzmani-olarak-egi%cc%87ti%cc%87m-m-f-d\/\"><\/a><\/p>\n<p>D\u00fcsseldorf \u015fubemizde etkinlik teknolojisi uzman\u0131 olarak e\u011fitim.<\/p>\n<p>[button link=\"https:\/\/www.konferenztechnik.de\/ausbildung-zur-fachkraft-fuer-veranstaltungstechnik-m-w-d-in-duesseldorf\/\" target=\"self\" color=\"#a62055\u2033 text=\"light\"]Bilgi ve ba\u015fvuru[\/button]<br \/>\n[\/column]<\/p>\n<p>[column size=\"1-3\u2033 last=\"0\u2033]<br \/>\n<a href=\"https:\/\/konferenztechnik.de\/tr\/berli%cc%87nde-etki%cc%87nli%cc%87k-teknoloji%cc%87si%cc%87-uzmani-olarak-egi%cc%87ti%cc%87m-m-f-d-2023\/\"><\/a><\/p>\n<p><a href=\"https:\/\/konferenztechnik.de\/tr\/berli%cc%87nde-etki%cc%87nli%cc%87k-teknoloji%cc%87si%cc%87-uzmani-olarak-egi%cc%87ti%cc%87m-m-f-d-2023\/\"><\/p>\n<h3><b>Etkinlik teknolojisi uzman\u0131 olarak stajyerlik (d\/w\/m)<br \/>\nBerlin<\/b><\/h3>\n<p><\/a><a href=\"https:\/\/konferenztechnik.de\/tr\/berli%cc%87nde-etki%cc%87nli%cc%87k-teknoloji%cc%87si%cc%87-uzmani-olarak-egi%cc%87ti%cc%87m-m-f-d-2023\/\"><\/a><\/p>\n<p>Berlin \u015fubemizde etkinlik teknolojisi uzman\u0131 olarak e\u011fitim.<\/p>\n<p>[button link=\"https:\/\/www.konferenztechnik.de\/ausbildung-zur-fachkraft-fuer-veranstaltungstechnik-m-w-d-in-berlin-2023\/\" target=\"self\" color=\"#a62055\u2033 text=\"light\"]Bilgi ve ba\u015fvuru[\/button]<br \/>\n[\/column]<\/p>\n<p>[column size=\"1-3\u2033 last=\"1\u2033]<br \/>\n<a href=\"https:\/\/konferenztechnik.de\/jobs\/ausbildungsplatz-fachkraft-lagerlogistik-berlin-2023\/\"><\/a><\/p>\n<p><a href=\"https:\/\/konferenztechnik.de\/jobs\/ausbildungsplatz-fachkraft-lagerlogistik-berlin-2023\/\"><\/p>\n<h3><b>Depo lojistik uzman\u0131 olarak stajyerlik (d\/w\/m)<br \/>\nBerlin<\/b><\/h3>\n<p><\/a><a href=\"https:\/\/konferenztechnik.de\/jobs\/ausbildungsplatz-fachkraft-lagerlogistik-berlin-2023\/\"><\/a><\/p>\n<p>Berlin \u015fubemizde depo lojistik uzman\u0131 olarak e\u011fitim.<\/p>\n<p>[button link=\"https:\/\/www.konferenztechnik.de\/jobs\/ausbildungsplatz-fachkraft-lagerlogistik-berlin-2023\/\" target=\"self\" color=\"#a62055\u2033 text=\"light\"]Bilgi ve ba\u015fvuru[\/button]<br \/>\n[\/column]<\/p>\n<p>[spacer size=\"30\u2033]<\/p>\n<hr>\n<p>[spacer size=\"30\u2033]<\/p>\n<h2>PCS'deki \u00e7\u0131rakl\u0131k e\u011fitimleri hakk\u0131nda bilgi<\/h2>\n<p>[column size=\"1-3\u2033 last=\"0\u2033]<\/p>\n<h3><strong>Etkinlik y\u00f6netimi asistan\u0131<\/strong><\/h3>\n<p>Depo lojisti\u011fi uzmanlar\u0131 lojistik planlama ve organizasyon alan\u0131nda \u00e7al\u0131\u015f\u0131rlar. G\u00f6revleri aras\u0131nda mallar\u0131n teslim al\u0131nmas\u0131, toplanmas\u0131, y\u00fcklenmesi, istiflenmesi, ta\u015f\u0131nmas\u0131 ve paketlenmesi yer almaktad\u0131r. E\u011fitimin di\u011fer bile\u015fenleri aras\u0131nda ticari y\u00f6netim ve kontrol, \u00e7evre koruma veya i\u015f organizasyonu, bilgi ve ileti\u015fim yer almaktad\u0131r. \u00c7\u0131rakl\u0131k e\u011fitimi \u00fc\u00e7 y\u0131l s\u00fcrmekte ve hem \u015firketlerimizde hem de ilgili meslek okullar\u0131nda ger\u00e7ekle\u015fmektedir.<\/p>\n<h4>Daha fazla bilgi i\u00e7in:<\/h4>\n<p>\u203a <a href=\"https:\/\/www.ihk-berlin.de\/ausbildung\/ausbildungsberufe-von-a-bis-z\/veranstaltungskaufmann-2262380\" target=\"_blank\" rel=\"noopener noreferrer\">IHK Berlin<\/a><br \/>\n\u203a <a href=\"https:\/\/berufenet.arbeitsagentur.de\/berufenet\/faces\/index;BERUFENETJSESSIONID=H4dPyKJvbXrnWotpa2-unjyMlToiDlBPBg0q0Sm5LB_Pd5I_B9D5!358792421?path=null\/suchergebnisse\/kurzbeschreibung&amp;dkz=14448&amp;such=veranstaltungskauffrau\" target=\"_blank\" rel=\"noopener noreferrer\">Federal \u0130\u015f Bulma Kurumu<\/a><\/p>\n<p>[\/column]<\/p>\n<p>[column size=\"1-3\u2033 last=\"0\u2033]<\/p>\n<h3><strong>Depo lojistik uzman\u0131<\/strong><\/h3>\n<p>Depo lojisti\u011fi uzmanlar\u0131 lojistik planlama ve organizasyon alan\u0131nda \u00e7al\u0131\u015f\u0131rlar. G\u00f6revleri aras\u0131nda mallar\u0131n teslim al\u0131nmas\u0131, toplanmas\u0131, y\u00fcklenmesi, istiflenmesi, ta\u015f\u0131nmas\u0131 ve paketlenmesi yer almaktad\u0131r. E\u011fitimin di\u011fer bile\u015fenleri aras\u0131nda ticari y\u00f6netim ve kontrol, \u00e7evre koruma veya i\u015f organizasyonu, bilgi ve ileti\u015fim yer almaktad\u0131r. \u00c7\u0131rakl\u0131k e\u011fitimi \u00fc\u00e7 y\u0131l s\u00fcrmekte ve hem \u015firketlerimizde hem de ilgili meslek okullar\u0131nda ger\u00e7ekle\u015fmektedir.<\/p>\n<h4>Daha fazla bilgi i\u00e7in:<\/h4>\n<p>\u203a <a href=\"https:\/\/www.ihk-berlin.de\/aus_und_weiterbildung\/Ausbildung\/Ausbildungsberufe_von_A_bis_Z\/Fachkraft_fuer_Veranstaltungstechnik\/2262432\" target=\"_blank\" rel=\"noopener noreferrer\">IHK Berlin<\/a><br \/>\n\u203a <a href=\"https:\/\/berufenet.arbeitsagentur.de\/berufe\/start?dest=profession&amp;prof-id=8525_8523&amp;status=B\" target=\"_blank\" rel=\"noopener noreferrer\">Federal \u0130\u015f Bulma Kurumu<\/a><br \/>\n\u203a <a href=\"https:\/\/de.wikipedia.org\/wiki\/Fachkraft_f%C3%BCr_Lagerlogistik\" target=\"_blank\" rel=\"noopener noreferrer\">Vikipedi<\/a><\/p>\n<p>[\/column]<\/p>\n<p>[column size=\"1-3\u2033 last=\"1\u2033]<\/p>\n<h3><strong>Etkinlik teknolojisi uzman\u0131<\/strong><\/h3>\n<p>Etkinlik teknolojisi uzman\u0131 olarak sahne ve dekor yap\u0131lar\u0131n\u0131n yan\u0131 s\u0131ra ayd\u0131nlatma, projeksiyon ve ses sistemlerinin kurulmas\u0131ndan, s\u00f6k\u00fclmesinden ve \u00e7al\u0131\u015ft\u0131r\u0131lmas\u0131ndan sorumlu olacaks\u0131n\u0131z. \u00c7\u0131rakl\u0131k e\u011fitimi \u00fc\u00e7 y\u0131l s\u00fcrer ve hem \u015firketimizde hem de ilgili meslek okullar\u0131nda ger\u00e7ekle\u015fir.<\/p>\n<h4>Daha fazla bilgi i\u00e7in:<\/h4>\n<p>\u203a <a href=\"https:\/\/www.ihk-berlin.de\/aus_und_weiterbildung\/Ausbildung\/Ausbildungsberufe_von_A_bis_Z\/Fachkraft_fuer_Veranstaltungstechnik\/2262432\" target=\"_blank\" rel=\"noopener noreferrer\">IHK Berlin<\/a><br \/>\n\u203a <a href=\"https:\/\/berufenet.arbeitsagentur.de\/berufe\/start?dest=profession&amp;prof-id=27448_27449&amp;status=B\" target=\"_blank\" rel=\"noopener noreferrer\">Federal \u0130\u015f Bulma Kurumu<\/a><br \/>\n\u203a <a href=\"https:\/\/de.wikipedia.org\/wiki\/Fachkraft_f%C3%BCr_Lagerlogistik\" target=\"_blank\" rel=\"noopener noreferrer\">Vikipedi<\/a><\/p>\n<p>[\/column]<\/p>\n<p>[spacer size=\"30\u2033]<\/p>\n<hr>\n<p>[spacer size=\"30\u2033]<\/p>\n<h2>A\u015fa\u011f\u0131daki derneklerin \u00fcyesi veya destekleyici \u00fcyesiyiz:<\/h2>\n<p>[column size=\"1-3\u2033 last=\"0\u2033]<a href=\"https:\/\/www.100pro.org\/\" target=\"_blank\" rel=\"noopener noreferrer\"><br \/>\n<img decoding=\"async\" src=\"https:\/\/konferenztechnik.de\/wp-content\/uploads\/2015\/10\/logo-100proOrg.jpg\" alt=\"Logo 100 Pro Org\" width=\"150\" height=\"149\" class=\"alignleft size-full wp-image-6492\" title=\"\"><\/a><br \/>\n[\/column]<\/p>\n<p>[column size=\"1-3\u2033 last=\"0\u2033]<br \/>\n<a href=\"https:\/\/www.vplt.org\/\" target=\"_blank\" rel=\"noopener noreferrer\"><br \/>\n<img decoding=\"async\" src=\"https:\/\/konferenztechnik.de\/wp-content\/uploads\/2015\/10\/vplt-logo.jpg\" alt=\"VPLT Logo\" width=\"216\" height=\"69\" class=\"alignleft size-full wp-image-6493\" title=\"\"><\/a><br \/>\n[\/column]<\/p>\n<p>[column size=\"1-3\u2033 last=\"1\u2033]<a href=\"https:\/\/isdv.net\/\" target=\"_blank\" rel=\"noopener noreferrer\"><br \/>\n<img decoding=\"async\" src=\"https:\/\/konferenztechnik.de\/wp-content\/uploads\/2015\/10\/isdv-logo.png\" alt=\"ISDV Logosu\" width=\"240\" height=\"140\" class=\"alignleft size-full wp-image-6494\" title=\"\"><\/a><br \/>\n[\/column]<\/p>","protected":false},"excerpt":{"rendered":"<p>[spacer size=&#8220;20&#8243;] [column size=&#8220;3-4&#8243; last=&#8220;0&#8243;] Jobs, Stellenangebote und Ausbildungspl\u00e4tze bei der PCS GmbH Die PCS GmbH ist Ausbildungsbetrieb. Wir bilden zur Fachkraft f\u00fcr Veranstaltungstechnik, Fachkraft f\u00fcr Lagerlogistik und zur Veranstaltungskauffrau \/ zum Veranstaltungskaufmann aus. Sind Sie interessiert? Hier finden Sie alle freien Stellen. Au\u00dferdem sind wir immer wieder auf der Suche nach qualifizierten Mitarbeitern. Falls [&hellip;]<\/p>","protected":false},"author":1,"featured_media":45482,"parent":0,"menu_order":50,"comment_status":"closed","ping_status":"closed","template":"","meta":{"_acf_changed":false,"footnotes":""},"class_list":["post-5827","page","type-page","status-publish","has-post-thumbnail","hentry"],"acf":[],"_links":{"self":[{"href":"https:\/\/konferenztechnik.de\/tr\/wp-json\/wp\/v2\/pages\/5827","targetHints":{"allow":["GET"]}}],"collection":[{"href":"https:\/\/konferenztechnik.de\/tr\/wp-json\/wp\/v2\/pages"}],"about":[{"href":"https:\/\/konferenztechnik.de\/tr\/wp-json\/wp\/v2\/types\/page"}],"author":[{"embeddable":true,"href":"https:\/\/konferenztechnik.de\/tr\/wp-json\/wp\/v2\/users\/1"}],"replies":[{"embeddable":true,"href":"https:\/\/konferenztechnik.de\/tr\/wp-json\/wp\/v2\/comments?post=5827"}],"version-history":[{"count":0,"href":"https:\/\/konferenztechnik.de\/tr\/wp-json\/wp\/v2\/pages\/5827\/revisions"}],"wp:featuredmedia":[{"embeddable":true,"href":"https:\/\/konferenztechnik.de\/tr\/wp-json\/wp\/v2\/media\/45482"}],"wp:attachment":[{"href":"https:\/\/konferenztechnik.de\/tr\/wp-json\/wp\/v2\/media?parent=5827"}],"curies":[{"name":"wp","href":"https:\/\/api.w.org\/{rel}","templated":true}]}}