{"id":6818,"date":"2016-08-02T16:20:57","date_gmt":"2016-08-02T14:20:57","guid":{"rendered":"https:\/\/konferenztechnik.de\/?page_id=6818"},"modified":"2023-07-05T15:03:35","modified_gmt":"2023-07-05T13:03:35","slug":"mobileconnect","status":"publish","type":"page","link":"https:\/\/konferenztechnik.de\/tr\/mobileconnect\/","title":{"rendered":"MobileConnect"},"content":{"rendered":"<h1>Sennheiser MobileConnect ve CinemaConnect<\/h1>\n<p>Sennheiser MobileConnect, tiyatrolarda, operalarda ve m\u00fczikallerde engelsiz dinleme i\u00e7in yenilik\u00e7i bir sistemdir. MobileConnect, sesi WLAN \u00fczerinden do\u011frudan ki\u015fisel ak\u0131ll\u0131 telefonunuza canl\u0131 olarak aktar\u0131r. Burada, ses sinyali kendi i\u015fitme ihtiya\u00e7lar\u0131n\u0131za m\u00fckemmel bir \u015fekilde uyarlan\u0131r ve ard\u0131ndan kulakl\u0131klar arac\u0131l\u0131\u011f\u0131yla veya do\u011frudan i\u015fitme cihaz\u0131na verilir \u2013 \u0130\u015fitme yard\u0131m\u0131 kolayla\u015ft\u0131!<\/p>\n<h2>H\u0131zl\u0131 ve kolay kurulum, ek sabit maliyet yok.<\/h2>\n<p><img fetchpriority=\"high\" decoding=\"async\" class=\"alignleft size-full wp-image-9964\" src=\"https:\/\/konferenztechnik.de\/wp-content\/uploads\/2016\/08\/sennheiser-mobileconnect-szenario.jpg\" alt=\"Sennheiser MobileConnect kullan\u0131mda\" width=\"558\" height=\"428\" title=\"\" srcset=\"https:\/\/konferenztechnik.de\/wp-content\/uploads\/2016\/08\/sennheiser-mobileconnect-szenario.jpg 558w, https:\/\/konferenztechnik.de\/wp-content\/uploads\/2016\/08\/sennheiser-mobileconnect-szenario-300x230.jpg 300w\" sizes=\"(max-width: 558px) 100vw, 558px\" \/><\/p>\n<p>Mevcut herhangi bir altyap\u0131ya kolayca entegre olur ve bir g\u00fcn i\u00e7inde kurulabilir. Sadece mevcut ses sistemini ConnectStation'a ba\u011flay\u0131n ve MobileConnect a\u011f\u0131n\u0131n WLAN eri\u015fim noktas\u0131n\u0131 ba\u011flay\u0131n \u2013 haz\u0131rd\u0131r. PCS GmbH, sistemin planlanmas\u0131ndan kurulumuna ve mevcut ortam\u0131n\u0131za entegrasyonuna kadar eksiksiz bir sipari\u015f i\u015fleme s\u00fcreci sunar.<\/p>\n<p>MobileConnect kurulduktan sonra herhangi bir bak\u0131m veya i\u015fletme maliyetine neden olmaz. Son cihaz olarak ki\u015fisel cep telefonu \u2013 anahtar kelimesi \"Kendi Cihaz\u0131n\u0131 Getir\" \u2013 ile pil kullan\u0131m\u0131, cihaz sorunu veya kulakl\u0131k hijyenine gerek yoktur.<\/p>\n<h2>Kendi i\u015fitme ihtiya\u00e7lar\u0131n\u0131z i\u00e7in asistan<\/h2>\n<p>Fraunhofer Dijital Medya Teknolojisi Enstit\u00fcs\u00fc IDMT ile i\u015fbirli\u011fi i\u00e7inde geli\u015ftirilen Ki\u015fisel \u0130\u015fitme Asistan\u0131, ki\u015fisel gereksinimlere uygun olarak \u00f6zellikle sezgisel ses \u00f6zelle\u015ftirmesine olanak tan\u0131r. Sadece al\u0131nan ses sinyalinin ses seviyesi de\u011fil, ayn\u0131 zamanda konu\u015fma anla\u015f\u0131labilirli\u011fi ve ses \u00f6zellikleri de dokunmatik i\u015flemle kolayca ayarlanabilir.<\/p>\n<p>\u203a <a href=\"https:\/\/www.innovationsforum.fraunhofer.de\/2016\/02\/fraunhofer-und-sennheiser-apps-fuer-massgeschneidertes-klangerlebnis\/\" target=\"_blank\" rel=\"noopener noreferrer\">Fraunhofer Enstit\u00fcs\u00fc'n\u00fcn algoritmas\u0131 hakk\u0131nda daha fazla bilgi<\/a><\/p>\n<p><img decoding=\"async\" class=\"alignleft size-full wp-image-9967\" src=\"https:\/\/konferenztechnik.de\/wp-content\/uploads\/2016\/08\/sennheiser-mobileconnect-personal-hearing-idmt.jpg\" alt=\"sennheiser-mobileconnect-personal-hearing-idmt\" width=\"558\" height=\"428\" title=\"\" srcset=\"https:\/\/konferenztechnik.de\/wp-content\/uploads\/2016\/08\/sennheiser-mobileconnect-personal-hearing-idmt.jpg 558w, https:\/\/konferenztechnik.de\/wp-content\/uploads\/2016\/08\/sennheiser-mobileconnect-personal-hearing-idmt-300x230.jpg 300w\" sizes=\"(max-width: 558px) 100vw, 558px\" \/><\/p>\n<h2>Maksimum kat\u0131l\u0131m<\/h2>\n<p>MobileConnect yeni ziyaret\u00e7i gruplar\u0131na eri\u015fimin \u00f6n\u00fcn\u00fc a\u00e7\u0131yor ve herkese k\u00fclt\u00fcrel ya\u015fama kat\u0131lma f\u0131rsat\u0131 sunuyor. Sistem, i\u015fitme deste\u011finin yan\u0131 s\u0131ra sesli betimleme veya sim\u00fcltane \u00e7eviri \u2013 i\u00e7in de uygundur ve bu nedenle yaln\u0131zca i\u015fitme deste\u011fiyle s\u0131n\u0131rl\u0131 sistemlere k\u0131yasla daha geni\u015f hedef kitlelere ula\u015f\u0131r.<\/p>\n<p><img decoding=\"async\" class=\"alignleft size-full wp-image-9968\" src=\"https:\/\/konferenztechnik.de\/wp-content\/uploads\/2016\/08\/sennheiser-mobileconnect-barrierefrei.jpg\" alt=\"sennheiser-mobileconnect-barrier-free\" width=\"558\" height=\"428\" title=\"\" srcset=\"https:\/\/konferenztechnik.de\/wp-content\/uploads\/2016\/08\/sennheiser-mobileconnect-barrierefrei.jpg 558w, https:\/\/konferenztechnik.de\/wp-content\/uploads\/2016\/08\/sennheiser-mobileconnect-barrierefrei-300x230.jpg 300w\" sizes=\"(max-width: 558px) 100vw, 558px\" \/><\/p>\n<h2>MobileConnect sisteminin di\u011fer \u00f6zellikleri<\/h2>\n<p>D\u00fc\u015f\u00fck gecikmeli ses ak\u0131\u015f\u0131<br \/>\n\u0130\u015fitme yard\u0131m\u0131, sesli betimleme ve sim\u00fcltane terc\u00fcmenin iletimi<br \/>\nKi\u015fisel i\u015fitme asistan\u0131<br \/>\nKendi Cihaz\u0131n\u0131 Getir (BYOD): cihaz temini ve bak\u0131m\u0131 veya \u00e7al\u0131\u015fan e\u011fitimi i\u00e7in maliyet yok<\/p>\n<p><img loading=\"lazy\" decoding=\"async\" width=\"558\" height=\"428\" class=\"alignleft size-full wp-image-9965\" src=\"https:\/\/konferenztechnik.de\/wp-content\/uploads\/2016\/08\/sennheiser-mobileconnect-kopfhoerer.jpg\" alt=\"sennheiser-mobileconnect-kulaklik\" title=\"\" srcset=\"https:\/\/konferenztechnik.de\/wp-content\/uploads\/2016\/08\/sennheiser-mobileconnect-kopfhoerer.jpg 558w, https:\/\/konferenztechnik.de\/wp-content\/uploads\/2016\/08\/sennheiser-mobileconnect-kopfhoerer-300x230.jpg 300w\" sizes=\"(max-width: 558px) 100vw, 558px\" \/><\/p>\n<p>MobileConnect hakk\u0131nda herhangi bir sorunuz varsa bizimle ileti\u015fime ge\u00e7meniz yeterlidir. Size tavsiyelerde bulunmaktan ve sistemi planlaman\u0131za ve kurman\u0131za yard\u0131mc\u0131 olmaktan memnuniyet duyar\u0131z.<\/p>\n<div class=\"boxcontainer\">\n<div class=\"box1-2\">\n<h1>\u0130leti\u015fim kurulacak ki\u015fi<\/h1>\n<\/div>\n<div class=\"box1-2-order\">\n<h1>Di\u011fer ba\u011flant\u0131lar<\/h1>\n<\/div>\n<div class=\"box1-4\">\n<div class=\"box-head\">Da\u011f\u0131t\u0131m ve sat\u0131\u015f<\/div>\n<\/div>\n<div class=\"box2-4-2\" style=\"order: 1;\">\n<div class=\"weiterlinks\"><a title=\"\u00dcr\u00fcn grubuna g\u00f6re da\u011f\u0131l\u0131m\" href=\"\/tr\/ueruen-gruplari\/\">\u00dcr\u00fcn grubuna g\u00f6re da\u011f\u0131l\u0131m<\/a><br \/>\n<a title=\"\u00dcreticiye g\u00f6re da\u011f\u0131l\u0131m\" href=\"\/tr\/ueretici\/\">\u00dcreticiye g\u00f6re da\u011f\u0131l\u0131m<\/a><br \/>\n<a title=\"\u00d6zelle\u015ftirilmi\u015f \u00fcr\u00fcnler, bak\u0131m ve onar\u0131mlar\" href=\"\/tr\/hizmetler-2\/bakim-ve-onarim\/\">\u00d6zelle\u015ftirilmi\u015f \u00fcr\u00fcnler, bak\u0131m ve onar\u0131mlar<\/a><br \/>\n<a title=\"PCS i\u00e7in 10 iyi neden\" href=\"\/tr\/hakkimizda-2\/pcler-icin-10-iyi-neden\/\">PCS i\u00e7in 10 iyi neden<\/a><br \/>\n<a title=\"Referanslar\" href=\"\/tr\/hakkimizda-2\/referans-li%cc%87stesi%cc%87-kurulumu\/\">Referanslar Kurulum ve entegrasyon<\/a><br \/>\n<a title=\"PCS: Bir bak\u0131\u015fta t\u00fcm hizmetler\" href=\"\/tr\/hizmetler-2\/\">PCS: Bir bak\u0131\u015fta t\u00fcm hizmetler<\/a><\/p>\n<\/div>\n<\/div>\n<\/div>","protected":false},"excerpt":{"rendered":"<p>Sennheiser MobileConnect und CinemaConnect Sennheiser MobileConnect ist das innovative System f\u00fcr barrierefreies H\u00f6ren in Theater, Oper und Musical. MobileConnect streamt Audio live via WLAN direkt auf das pers\u00f6nliche Smartphone. Hier wird das Audiosignal perfekt an die eigenen H\u00f6rbed\u00fcrfnisse angepasst und dann \u00fcber Kopfh\u00f6rer oder direkt auf das H\u00f6rger\u00e4t ausgegeben &#8211; H\u00f6runterst\u00fctzung einfach gemacht! Einfache und [&hellip;]<\/p>","protected":false},"author":1,"featured_media":45482,"parent":0,"menu_order":75,"comment_status":"closed","ping_status":"closed","template":"","meta":{"_acf_changed":false,"footnotes":""},"class_list":["post-6818","page","type-page","status-publish","has-post-thumbnail","hentry"],"acf":[],"_links":{"self":[{"href":"https:\/\/konferenztechnik.de\/tr\/wp-json\/wp\/v2\/pages\/6818","targetHints":{"allow":["GET"]}}],"collection":[{"href":"https:\/\/konferenztechnik.de\/tr\/wp-json\/wp\/v2\/pages"}],"about":[{"href":"https:\/\/konferenztechnik.de\/tr\/wp-json\/wp\/v2\/types\/page"}],"author":[{"embeddable":true,"href":"https:\/\/konferenztechnik.de\/tr\/wp-json\/wp\/v2\/users\/1"}],"replies":[{"embeddable":true,"href":"https:\/\/konferenztechnik.de\/tr\/wp-json\/wp\/v2\/comments?post=6818"}],"version-history":[{"count":0,"href":"https:\/\/konferenztechnik.de\/tr\/wp-json\/wp\/v2\/pages\/6818\/revisions"}],"wp:featuredmedia":[{"embeddable":true,"href":"https:\/\/konferenztechnik.de\/tr\/wp-json\/wp\/v2\/media\/45482"}],"wp:attachment":[{"href":"https:\/\/konferenztechnik.de\/tr\/wp-json\/wp\/v2\/media?parent=6818"}],"curies":[{"name":"wp","href":"https:\/\/api.w.org\/{rel}","templated":true}]}}