{"id":7597,"date":"2016-08-25T09:05:19","date_gmt":"2016-08-25T07:05:19","guid":{"rendered":"https:\/\/konferenztechnik.de\/?page_id=7597"},"modified":"2023-09-01T12:12:21","modified_gmt":"2023-09-01T10:12:21","slug":"rti-2","status":"publish","type":"page","link":"https:\/\/konferenztechnik.de\/tr\/rti-2\/","title":{"rendered":"RTI"},"content":{"rendered":"<p>[column size=\"1-2\u2033 last=\"0\u2033]<\/p>\n<h1>RTI<\/h1>\n<p>[\/column]<\/p>\n<p>[column size=\"1-2\u2033 last=\"1\u2033]<br \/>\n[\/column]<\/p>\n<p>[column size=\"1-2\u2033 last=\"0\u2033]<br \/>\nRTI, ak\u0131ll\u0131 kontrol sistemlerinin lider \u00fcreticisidir ve profesyonel olarak kurulan elektronik sistemler i\u00e7in yenilik\u00e7i, sofistike ve kullan\u0131c\u0131 dostu cihazlar sunar. RTI'\u0131n \u00e7\u00f6z\u00fcmleri ile medya teknolojisi, e\u011flence elektroni\u011fi ve bina teknolojisi, kendi ak\u0131ll\u0131 telefonlar\u0131n\u0131z, tabletleriniz ve RTI'\u0131n \u00e7e\u015fitli ba\u015far\u0131l\u0131 cihazlar\u0131 ile rahat ve kolay bir \u015fekilde \u2013 kontrol edilebilir.<\/p>\n<p>RTI, cihazlar\u0131n kontrol\u00fcnde ger\u00e7ek bir ustal\u0131k sergiler ve sistem otomasyonunda \u00f6nc\u00fcd\u00fcr. Kullan\u0131c\u0131 i\u00e7in uygun ve yenilik\u00e7i bir \u015fekilde kontrol edilemeyecek hi\u00e7bir cihaz veya durum yoktur.<\/p>\n<p>[\/column]<\/p>\n<p>[column size=\"1-2\u2033 last=\"1\u2033]<br \/>\n<img decoding=\"async\" src=\"https:\/\/konferenztechnik.de\/wp-content\/uploads\/2016\/08\/rti-smarthome.jpg\" alt=\"\" title=\"\"><br \/>\n[\/column]<\/p>\n<div class=\"boxcontainer\">\n<div class=\"box1-2\">\n<span class=\"ueberschrift-unterkante\"><\/p>\n<h2>RTI \u2013 Her \u015fey kontrol alt\u0131nda<\/h2>\n<p><\/span><\/div>\n<div class=\"box1-2\">\n<img decoding=\"async\" src=\"https:\/\/konferenztechnik.de\/wp-content\/uploads\/2016\/04\/logo-rti.jpg\" alt=\"RTI - PCS \u0130\u015f Orta\u011f\u0131\" width=\"140\" height=\"140\" class=\"alignright size-thumbnail wp-image-5632\" title=\"\"><\/div>\n<\/div>\n<div class=\"boxcontainer\">\n<div class=\"box1\">\n<img decoding=\"async\" src=\"https:\/\/konferenztechnik.de\/wp-content\/uploads\/2016\/08\/rti-interfaces.jpg\" alt=\"\" title=\"\"><\/p>\n<h2>VRTI Aray\u00fczleri<\/h2>\n<p>Kablosuz giri\u015f cihazlar\u0131<br \/>\nKablolu giri\u015f cihazlar\u0131<\/p>\n<\/div>\n<div class=\"box1\">\n<p><img decoding=\"async\" src=\"https:\/\/konferenztechnik.de\/wp-content\/uploads\/2016\/08\/rti-byod.jpg\" alt=\"\" title=\"\"><\/p>\n<h2>Ak\u0131ll\u0131 \u0130nferfaces<\/h2>\n<p>\u00dczerinden kontrol<br \/>\nPC<br \/>\nTablet<br \/>\nAk\u0131ll\u0131 Telefon<\/p>\n<\/div>\n<div class=\"box1\">\n<p><img decoding=\"async\" src=\"https:\/\/konferenztechnik.de\/wp-content\/uploads\/2016\/08\/rti-byod.jpg\" alt=\"\" title=\"\"><\/p>\n<h2>Sinyal \u0130\u015fleme<\/h2>\n<p>Kontrol<br \/>\nTV ve HiFi cihazlar\u0131<br \/>\nI\u015f\u0131k<br \/>\nEv sinemas\u0131 teknolojisi<br \/>\nM\u00fczik sunucusu<br \/>\nG\u00fcvenlik teknolojisi<br \/>\nHVAC<br \/>\nve \u00e7ok daha fazlas\u0131.<\/p>\n<\/div>\n<\/div>\n<p>[callout add_button=\"no\" button_text=\"Learn More\" button_url=\"#\" button_color=\"#a62055\u2033]<br \/>\nKarma\u015f\u0131k uygulamalar\u0131 bile sezgisel olarak kontrol edin. Dikkatli planlaman\u0131z ko\u015fuluyla RTI \u2013 ile sorun yok.<br \/>\n[\/callout]<\/p>\n<div class=\"boxcontainer\">\n<div class=\"box1-2\">\n<h1>\u0130leti\u015fim kurulacak ki\u015fi<\/h1>\n<\/div>\n<div class=\"box1-2-order\">\n<h1>Di\u011fer ba\u011flant\u0131lar<\/h1>\n<\/div>\n<div class=\"box1-4\">\n<div class=\"box-head\">Da\u011f\u0131t\u0131m ve sat\u0131\u015f<\/div>\n<p>[widget id=\"text-133\u2033]<\/p>\n<\/div>\n<div class=\"box2-4-2\" style=\"order:1;\" >\n<div class=\"weiterlinks\">\n<ul>\n[list icon=\"moon-arrow-right-2\u2033 color=\"#a62055\u2033]<a title=\"\u00dcr\u00fcn grubuna g\u00f6re da\u011f\u0131l\u0131m\" href=\"\/tr\/ueruen-gruplari\/\">\u00dcr\u00fcn grubuna g\u00f6re da\u011f\u0131l\u0131m<\/a>[\/list]<br \/>\n[list icon=\"moon-arrow-right-2\u2033 color=\"#a62055\u2033]<a title=\"\u00dcreticiye g\u00f6re da\u011f\u0131l\u0131m\" href=\"\/tr\/ueretici\/\">\u00dcreticiye g\u00f6re da\u011f\u0131l\u0131m<\/a>[\/list]<br \/>\n[list icon=\"moon-arrow-right-2\u2033 color=\"#a62055\u2033]<a title=\"\u00d6zelle\u015ftirilmi\u015f \u00fcr\u00fcnler, bak\u0131m ve onar\u0131mlar\" href=\"\/tr\/hizmetler-2\/bakim-ve-onarim\/\">\u00d6zelle\u015ftirilmi\u015f \u00fcr\u00fcnler, bak\u0131m ve onar\u0131mlar<\/a>[\/list]<br \/>\n[list icon=\"moon-arrow-right-2\u2033 color=\"#a62055\u2033]<a title=\"PCS i\u00e7in 10 iyi neden\" href=\"\/tr\/hakkimizda-2\/pcler-icin-10-iyi-neden\/\">PCS i\u00e7in 10 iyi neden<\/a>[\/list]<br \/>\n[list icon=\"moon-arrow-right-2\u2033 color=\"#a62055\u2033]<a title=\"Referanslar\" href=\"\/tr\/hakkimizda-2\/referans-li%cc%87stesi%cc%87-kurulumu\/\">Referanslar Kurulum ve entegrasyon<\/a>[\/list]<br \/>\n[list icon=\"moon-arrow-right-2\u2033 color=\"#a62055\u2033]<a title=\"PCS: Bir bak\u0131\u015fta t\u00fcm hizmetler\" href=\"\/tr\/hizmetler-2\/\">PCS: Bir bak\u0131\u015fta t\u00fcm hizmetler<\/a>[\/list]<\/ul>\n<\/div>\n<\/div>\n<\/div>\n<\/div>","protected":false},"excerpt":{"rendered":"<p>[column size=&#8220;1-2&#8243; last=&#8220;0&#8243;] RTI [\/column] [column size=&#8220;1-2&#8243; last=&#8220;1&#8243;] [\/column] [column size=&#8220;1-2&#8243; last=&#8220;0&#8243;] RTI ist ein f\u00fchrender Hersteller f\u00fcr intelligente Steuerungssysteme und bietet innovative, anspruchsvolle und benutzerfreundliche Ger\u00e4te f\u00fcr professionell installierte elektronische Systeme. Mit den L\u00f6sungen von RTI kann Medientechnik, Unterhaltungselektronik und Geb\u00e4udetechnik komfortabel und einfach gesteuert werden \u2013 sowohl mit eigenen Smartphones, Tablets wie auch [&hellip;]<\/p>","protected":false},"author":1,"featured_media":45482,"parent":0,"menu_order":59,"comment_status":"closed","ping_status":"closed","template":"","meta":{"_acf_changed":false,"footnotes":""},"class_list":["post-7597","page","type-page","status-publish","has-post-thumbnail","hentry"],"acf":[],"_links":{"self":[{"href":"https:\/\/konferenztechnik.de\/tr\/wp-json\/wp\/v2\/pages\/7597","targetHints":{"allow":["GET"]}}],"collection":[{"href":"https:\/\/konferenztechnik.de\/tr\/wp-json\/wp\/v2\/pages"}],"about":[{"href":"https:\/\/konferenztechnik.de\/tr\/wp-json\/wp\/v2\/types\/page"}],"author":[{"embeddable":true,"href":"https:\/\/konferenztechnik.de\/tr\/wp-json\/wp\/v2\/users\/1"}],"replies":[{"embeddable":true,"href":"https:\/\/konferenztechnik.de\/tr\/wp-json\/wp\/v2\/comments?post=7597"}],"version-history":[{"count":0,"href":"https:\/\/konferenztechnik.de\/tr\/wp-json\/wp\/v2\/pages\/7597\/revisions"}],"wp:featuredmedia":[{"embeddable":true,"href":"https:\/\/konferenztechnik.de\/tr\/wp-json\/wp\/v2\/media\/45482"}],"wp:attachment":[{"href":"https:\/\/konferenztechnik.de\/tr\/wp-json\/wp\/v2\/media?parent=7597"}],"curies":[{"name":"wp","href":"https:\/\/api.w.org\/{rel}","templated":true}]}}