{"id":786,"date":"2013-08-12T10:23:29","date_gmt":"2013-08-12T08:23:29","guid":{"rendered":"https:\/\/pcs-miete.de\/?page_id=786"},"modified":"2023-08-28T15:51:12","modified_gmt":"2023-08-28T13:51:12","slug":"pcler-icin-10-iyi-neden","status":"publish","type":"page","link":"https:\/\/konferenztechnik.de\/tr\/hakkimizda-2\/pcler-icin-10-iyi-neden\/","title":{"rendered":"PCS i\u00e7in 10 iyi neden"},"content":{"rendered":"<h1>PCS i\u00e7in 10 iyi neden<\/h1>\n<p>[spacer size=\"10\u2033]<\/p>\n<div class=\"container-zehn\">\n<div class=\"kasten-zehn\">\n<div class=\"kastenlinks\">\n        <span class=\"zahl\">1.<\/span><\/div>\n<div class=\"kastenrechts\">\n<h1>PCS, konferans teknolojisi i\u00e7in kaliteli bir sa\u011flay\u0131c\u0131d\u0131r<\/h1>\n<p>PCS, 1995 y\u0131l\u0131ndan bu yana s\u00f6zl\u00fc \u00e7eviri sistemleri, tart\u0131\u015fma sistemleri, y\u00f6nlendirme sistemleri, oylama sistemleri ve konferans teknolojisi konusunda uzmand\u0131r. Size g\u00fcvenilir planlama, profesyonel \u00e7\u00f6z\u00fcmler ve titiz sipari\u015f kar\u015f\u0131lama sunuyoruz. Hizmet her zaman birinci \u00f6nceli\u011fimizdir.<\/p>\n<p>Her y\u0131l d\u00fczenlenen 1.500'den fazla uluslararas\u0131 konferans ve kal\u0131c\u0131 kurulumla PCS, sekt\u00f6r\u00fcn d\u00fcnya \u00e7ap\u0131ndaki en b\u00fcy\u00fck hizmet sa\u011flay\u0131c\u0131lar\u0131ndan biridir.<\/p>\n<\/div>\n<p>[temiz]<\/p>\n<\/div>\n<p>[spacer size=\"20\u2033]<\/p>\n<div class=\"kasten-zehn\">\n<div class=\"kastenlinks\">\n        <span class=\"zahl\">2.<\/span><\/div>\n<div class=\"kastenrechts\">\n<h1>PCS, konferans teknolojisinin t\u00fcm alanlar\u0131nda tam hizmet sunmaktad\u0131r<\/h1>\n<ol>\n<li>Konferans teknolojisi kiralama<\/li>\n<li>Konferans teknolojisi ve medya sistemlerinin kurulumu ve entegrasyonu<\/li>\n<li>Konferans ve AV medya teknolojisinin da\u011f\u0131t\u0131m\u0131<\/li>\n<li>Etkinlik deste\u011fi<\/li>\n<li>\u00d6zelle\u015ftirilmi\u015f \u00fcr\u00fcnler, bak\u0131m ve onar\u0131mlar<\/li>\n<li>Terc\u00fcmanlar i\u00e7in e\u011fitim ve hizmetler<\/li>\n<\/ol>\n<\/div>\n<p>[temiz]<\/p>\n<\/div>\n<p>[spacer size=\"20\u2033]<\/p>\n<div class=\"kasten-zehn\">\n<div class=\"kastenlinks\">\n        <span class=\"zahl\">3.<\/span><\/div>\n<div class=\"kastenrechts\">\n<h1>PCS nitelikli uzmanlara g\u00fcveniyor<\/h1>\n<p>Sadece y\u00fcksek nitelikli personel istihdam ediyoruz. Ekibimiz ses ve g\u00f6r\u00fcnt\u00fc end\u00fcstrisinde uzmanlardan olu\u015fmaktad\u0131r: m\u00fchendisler, usta etkinlik teknisyenleri, usta elektrik\u00e7iler, programc\u0131lar ve etkinlik teknisyenleri.<\/p>\n<p>Biz bir e\u011fitim \u015firketiyiz ve etkinlik teknolojisi uzmanlar\u0131ndan i\u015fletme y\u00f6neticilerine ve usta zanaatkarlara kadar \u2013 ekibimizi s\u00fcrekli e\u011fitiyoruz. D\u0131\u015far\u0131dan gelen \u00e7al\u0131\u015fanlar\u0131, teknisyenleri ve terc\u00fcmanlar\u0131 Almanya'daki d\u00f6rt merkezde e\u011fitiyoruz. Bu da bizi \u00e7al\u0131\u015fan nitelikleri s\u00f6z konusu oldu\u011funda sekt\u00f6rde lider yap\u0131yor.<\/p>\n<\/div>\n<p>[temiz]<\/p>\n<\/div>\n<p>[spacer size=\"20\u2033]<\/p>\n<div class=\"kasten-zehn\">\n<div class=\"kastenlinks\">\n            <span class=\"zahl\">4.<\/span><\/div>\n<div class=\"kastenrechts\">\n<h1>PCS s\u00fcrd\u00fcr\u00fclebilir \u015fekilde \u00e7al\u0131\u015f\u0131r<\/h1>\n<p>T\u00fcm cihazlar\u0131m\u0131z\u0131n son derece g\u00fcvenilir ve dayan\u0131kl\u0131 olmas\u0131n\u0131n yan\u0131 s\u0131ra a\u011f\u0131rl\u0131k, malzeme ve g\u00fc\u00e7 t\u00fcketimi a\u00e7\u0131s\u0131ndan da ekonomik olmas\u0131 beklenmektedir. Multimedya teknolojimizin gelece\u011fi ye\u015fil ve ak\u0131ll\u0131d\u0131r. Sabit kurulumlarda, modern kontrol \u00fcniteleri kullanarak y\u00fcksek kaliteli, enerji tasarruflu \u00e7\u00f6z\u00fcmler i\u00e7in olanaklar \u00e7ok b\u00fcy\u00fckt\u00fcr.<\/p>\n<p>Kendi i\u015f yerlerimiz i\u00e7in de s\u00fcrd\u00fcr\u00fclebilir \u00e7\u00f6z\u00fcmlere odaklan\u0131yoruz. Ara\u00e7 filomuz CO2 emisyonlar\u0131n\u0131 azaltacak \u015fekilde tasarlanm\u0131\u015ft\u0131r ve \u015fube a\u011f\u0131m\u0131z seyahat mesafelerini gerekli minimumda tutmaktad\u0131r.<\/p>\n<\/div>\n<p>[temiz]<\/p>\n<\/div>\n<p>[spacer size=\"20\u2033]<\/p>\n<div class=\"kasten-zehn\">\n<div class=\"kastenlinks\">\n        <span class=\"zahl\">5.<\/span><\/div>\n<div class=\"kastenrechts\">\n<h1>PCS \u00fcreticiden ba\u011f\u0131ms\u0131z da\u011f\u0131t\u0131m yapar<\/h1>\n<p>\u0130lgili konferans teknolojisi \u00fcreticilerini kazanmay\u0131 ba\u015fard\u0131k ve Avrupa'da benzeri olmayan bir \u00fcr\u00fcn yelpazesini da\u011f\u0131t\u0131yoruz. Repertuar\u0131m\u0131z \u00f6zelle\u015ftirilmi\u015f \u00fcr\u00fcnler ve \"Made by PCS\" bireysel \u00e7\u00f6z\u00fcmlerle zenginle\u015ftirilmi\u015ftir. Sennheiser, Bosch, Beyerdynamic, Televic, Audipack, Panasonic, Shure, Crestron, AMX ve \u00e7ok daha fazlas\u0131n\u0131n distrib\u00fct\u00f6r\u00fcy\u00fcz.<\/p>\n<\/div>\n<p>[temiz]<\/p>\n<\/div>\n<p>[spacer size=\"20\u2033]<\/p>\n<div class=\"kasten-zehn\">\n<div class=\"kastenlinks\">\n        <span class=\"zahl\">6.<\/span><\/div>\n<div class=\"kastenrechts\">\n<h1>PCS h\u0131zl\u0131 ve esnektir<\/h1>\n<p>PCS Almanya'daki \u015fube a\u011f\u0131n\u0131 s\u00fcrekli geni\u015fletmektedir. \u015eu anda bizi Berlin, M\u00fcnih ve D\u00fcsseldorf'ta bulabilirsiniz. \u00c7izelgeleme, planlama, proje ger\u00e7ekle\u015ftirme ve saha hizmeti alanlar\u0131nda 30'dan fazla kadrolu \u00e7al\u0131\u015fan\u0131m\u0131zla, sorular\u0131n\u0131za ve taleplerinize an\u0131nda yan\u0131t veriyoruz. Geni\u015f teknoloji yelpazemiz, \u00e7ok say\u0131da zorlu \u00fcretimi paralel olarak ger\u00e7ekle\u015ftirmemize ve \u00f6ng\u00f6r\u00fclemeyen durumlara profesyonelce tepki vermemize olanak tan\u0131yor.<\/p>\n<\/div>\n<p>[temiz]<\/p>\n<\/div>\n<p>[spacer size=\"20\u2033]<\/p>\n<div class=\"kasten-zehn\">\n<div class=\"kastenlinks\">\n<span class=\"zahl\">7.<\/span><\/div>\n<div class=\"kastenrechts\">\n<h1>PCS d\u00fcnya \u00e7ap\u0131nda aktiftir<\/h1>\n<p>Madrid, Amsterdam, \u015eangay, Tokyo, Moskova ve d\u00fcnyan\u0131n di\u011fer her yerindeki m\u00fc\u015fterilerimizle ilgileniyoruz. Uluslararas\u0131 konferans i\u015fi, tutkuyla \u00fcstlenmekten mutluluk duydu\u011fumuz bir meydan okumad\u0131r.<\/p>\n<\/div>\n<p>[temiz]<\/p>\n<\/div>\n<p>[spacer size=\"20\u2033]<\/p>\n<div class=\"kasten-zehn\">\n<div class=\"kastenlinks\">\n<span class=\"zahl\">8.<\/span><\/div>\n<div class=\"kastenrechts\">\n<h1>PCS sorunsuz bir \u015fekilde test edilmi\u015f operasyonel g\u00fcvenlik sunar<\/h1>\n<p>Her PCS konu\u015fland\u0131rmas\u0131 panoya dayan\u0131kl\u0131d\u0131r. Her zaman her yerde en y\u00fcksek standartlar\u0131 kar\u015f\u0131lamaya ve her \u015feyin sorunsuz i\u015flemesini sa\u011flamaya al\u0131\u015fk\u0131n\u0131z. Bizden daha d\u00fc\u015f\u00fck bir fiyata teslimat yapan herkes, gerekli ve ilgili y\u00f6netmeliklere ve g\u00fcvenlik y\u00f6nergelerine uymakta zorlanacakt\u0131r. Bunlar aras\u0131nda DGUV 3 ve VDE 0701\/0702 uyar\u0131nca elektrikli ekipmanlar\u0131n gerekli periyodik kontrolleri, DGUV 17, BGI 810 ve DIN 15750'nin yerine getirilmesi yer almaktad\u0131r.<\/p>\n<\/div>\n<p>[temiz]<\/p>\n<\/div>\n<p>[spacer size=\"20\u2033]<\/p>\n<div class=\"kasten-zehn\">\n<div class=\"kastenlinks\">\n<span class=\"zahl\">9.<\/span><\/div>\n<div class=\"kastenrechts\">\n<h1>PCS kararl\u0131d\u0131r<\/h1>\n<p>PCS, terc\u00fcmanlar\u0131n, konferans mekan\u0131 i\u015fletmecilerinin, teknisyenlerin ve yerel organizat\u00f6rlerin \u00e7\u0131karlar\u0131n\u0131 g\u00f6zetmektedir. Terc\u00fcman dernekleriyle yak\u0131n i\u015fbirli\u011fi i\u00e7inde \u00e7al\u0131\u015f\u0131yoruz ve Medya ve Etkinlik Teknolojisi Derne\u011fi'nde aktif olarak yer al\u0131yoruz. \u2013 \u00e7al\u0131\u015fmam\u0131z\u0131n s\u0131n\u0131rlar\u0131n\u0131n \u00f6tesinde m\u00fckemmel ileti\u015fim kurmaya kararl\u0131y\u0131z ve konferans jargonumuzu anlamad\u0131ysan\u0131z, burada yard\u0131m bulabilirsiniz: <a href=\"\/tr\/soezluek\/\" title=\"www.konferenztechnik.de\/lexikon\">www.konferenztechnik.de\/lexikon<\/a><\/p>\n<\/div>\n<p>[temiz]<\/p>\n<\/div>\n<p>[spacer size=\"20\u2033]<\/p>\n<div class=\"kasten-zehn\">\n<div class=\"kastenlinks\">\n<span class=\"zahl\">10.<\/span><\/div>\n<div class=\"kastenrechts\">\n<h1>PCS yenilik\u00e7idir<\/h1>\n<p>Gelece\u011fin gereksinimlerini ancak y\u00fcksek d\u00fczeyde teknik uzmanl\u0131kla kar\u015f\u0131layabilece\u011fimizin bilincindeyiz. PCS, kablosuz simultane teknolojisini kullanan ilk Alman \u015firketidir, Beyerdynamic ile terc\u00fcmanlar\u0131n ihtiya\u00e7lar\u0131na tam olarak uyarlanm\u0131\u015f yeni terc\u00fcme sistemleri geli\u015ftirmi\u015ftir ve Bosch, Shure ve Sennheiser gibi \u00fcreticilerle ara\u015ft\u0131rma ve geli\u015ftirme \u00e7al\u0131\u015fmalar\u0131na yak\u0131ndan kat\u0131lmaktad\u0131r.<\/p>\n<p>Konferans teknolojisinin kalitesi ve uygulama olanaklar\u0131 istikrarl\u0131 ve h\u0131zl\u0131 bir \u015fekilde artmaktad\u0131r. PCS bu geli\u015fime Almanya'da ve ayr\u0131ca d\u00fcnya \u00e7ap\u0131ndaki i\u015fbirlikleriyle katk\u0131da bulunmaktad\u0131r.<\/p>\n<\/div>\n<p>[temiz]<\/p>\n<\/div>\n<p>[spacer size=\"20\u2033]<\/p>\n<div class=\"kasten-zehn\">\n<div class=\"kastenlinks\">\n<span class=\"zahl\">+<\/span><\/div>\n<div class=\"kastenrechts\">\n<h1>M\u00fc\u015fteri memnuniyeti<\/h1>\n<p>M\u00fc\u015fteri memnuniyeti d\u00fcsturumuz bizim i\u00e7in o kadar a\u00e7\u0131kt\u0131r ki, d\u00fczenli olarak ilk on listesinde yer almaz: m\u00fc\u015fterilerimizin ihtiya\u00e7lar\u0131n\u0131 m\u00fcmk\u00fcn olan en iyi \u015fekilde kar\u015f\u0131lamak i\u00e7in her zaman \u00e7aba g\u00f6steririz. M\u00fc\u015fterilerimiz, tedarik\u00e7ilerimiz ve \u00e7al\u0131\u015fanlar\u0131m\u0131zla adil ve i\u015fbirli\u011fine dayal\u0131 ili\u015fkiler, ba\u015far\u0131l\u0131 projenizin garantisi ve uzun vadeli ba\u015far\u0131m\u0131z\u0131n stratejik temelidir.<\/p>\n<\/div>\n<p>[temiz]<\/p>\n<\/div>\n<p>[spacer size=\"20\u2033]<\/p>\n<\/div>","protected":false},"excerpt":{"rendered":"<p>PCS'yi se\u00e7mek i\u00e7in 10 iyi neden 1. PCS, konferans teknolojisinin kaliteli sa\u011flay\u0131c\u0131s\u0131d\u0131r PCS, 1995 y\u0131l\u0131ndan bu yana s\u00f6zl\u00fc \u00e7eviri sistemleri, tart\u0131\u015fma sistemleri, y\u00f6nlendirme sistemleri, oylama sistemleri ve konferans teknolojisi konusunda uzmand\u0131r. Size g\u00fcvenilir planlama, profesyonel \u00e7\u00f6z\u00fcmler ve titiz sipari\u015f kar\u015f\u0131lama sunuyoruz. Hizmet bizim i\u00e7in her zaman birinci \u00f6nceliktir. Her y\u0131l d\u00fczenlenen 1.500'den fazla uluslararas\u0131 konferans ve kal\u0131c\u0131 kurulum ile PCS, [...]<\/p>","protected":false},"author":1,"featured_media":45482,"parent":12,"menu_order":235,"comment_status":"closed","ping_status":"open","template":"","meta":{"_acf_changed":false,"footnotes":""},"class_list":["post-786","page","type-page","status-publish","has-post-thumbnail","hentry"],"acf":[],"_links":{"self":[{"href":"https:\/\/konferenztechnik.de\/tr\/wp-json\/wp\/v2\/pages\/786","targetHints":{"allow":["GET"]}}],"collection":[{"href":"https:\/\/konferenztechnik.de\/tr\/wp-json\/wp\/v2\/pages"}],"about":[{"href":"https:\/\/konferenztechnik.de\/tr\/wp-json\/wp\/v2\/types\/page"}],"author":[{"embeddable":true,"href":"https:\/\/konferenztechnik.de\/tr\/wp-json\/wp\/v2\/users\/1"}],"replies":[{"embeddable":true,"href":"https:\/\/konferenztechnik.de\/tr\/wp-json\/wp\/v2\/comments?post=786"}],"version-history":[{"count":0,"href":"https:\/\/konferenztechnik.de\/tr\/wp-json\/wp\/v2\/pages\/786\/revisions"}],"up":[{"embeddable":true,"href":"https:\/\/konferenztechnik.de\/tr\/wp-json\/wp\/v2\/pages\/12"}],"wp:featuredmedia":[{"embeddable":true,"href":"https:\/\/konferenztechnik.de\/tr\/wp-json\/wp\/v2\/media\/45482"}],"wp:attachment":[{"href":"https:\/\/konferenztechnik.de\/tr\/wp-json\/wp\/v2\/media?parent=786"}],"curies":[{"name":"wp","href":"https:\/\/api.w.org\/{rel}","templated":true}]}}