{"id":8529,"date":"2016-10-14T12:13:43","date_gmt":"2016-10-14T10:13:43","guid":{"rendered":"https:\/\/konferenztechnik.de\/?page_id=8529"},"modified":"2023-06-29T14:07:19","modified_gmt":"2023-06-29T12:07:19","slug":"ayar-si%cc%87stemleri%cc%87-ted-si%cc%87stemleri%cc%87","status":"publish","type":"page","link":"https:\/\/konferenztechnik.de\/tr\/konferans-eki%cc%87pmani-ki%cc%87ralama\/ayar-si%cc%87stemleri%cc%87-ted-si%cc%87stemleri%cc%87\/","title":{"rendered":"Oylama sistemleri, TED sistemleri"},"content":{"rendered":"<h1>Oylama sistemleri, TED sistemleri<\/h1>\n<p>Kamuoyu yoklamalar\u0131, testler ve hissedar toplant\u0131lar\u0131 i\u00e7in do\u011fru se\u00e7im.<\/p>\n<p>Sistemimiz kat\u0131l\u0131mc\u0131lar\u0131n g\u00f6r\u00fc\u015flerini ve deneyimlerini h\u0131zl\u0131 bir \u015fekilde belirler ve sonu\u00e7lar\u0131 genel oturumdaki herkes i\u00e7in g\u00f6r\u00fcn\u00fcr hale getirir. Her kat\u0131l\u0131mc\u0131 kendi g\u00f6r\u00fc\u015f\u00fcn\u00fc genel sonu\u00e7larla kar\u015f\u0131la\u015ft\u0131rabilir ve kategorize edebilir.<\/p>\n<p>Bu interaktif oylama sisteminin kullan\u0131m\u0131 kat\u0131l\u0131mc\u0131lar aras\u0131nda daha fazla ilgi yarat\u0131r ve onlara kendilerini g\u00f6stermek zorunda kalmadan neler olaca\u011f\u0131 konusunda s\u00f6z sahibi olduklar\u0131 hissini verir. Oylama daha sonra anonim hale gelir.<\/p>\n<p>Bilgi derecesi, kat\u0131l\u0131mc\u0131lar konulara daha aktif bir \u015fekilde dahil olduk\u00e7a artar.<\/p>\n<p><img fetchpriority=\"high\" decoding=\"async\" width=\"1200\" height=\"346\" src=\"https:\/\/konferenztechnik.de\/wp-content\/uploads\/2016\/10\/abstimmanlage-mieten.jpg\" alt=\"oylama si\u0307stemi\u0307 ki\u0307ralama\" class=\"alignnone size-full wp-image-8532\" title=\"\" srcset=\"https:\/\/konferenztechnik.de\/wp-content\/uploads\/2016\/10\/abstimmanlage-mieten.jpg 1200w, https:\/\/konferenztechnik.de\/wp-content\/uploads\/2016\/10\/abstimmanlage-mieten-300x87.jpg 300w, https:\/\/konferenztechnik.de\/wp-content\/uploads\/2016\/10\/abstimmanlage-mieten-1024x295.jpg 1024w, https:\/\/konferenztechnik.de\/wp-content\/uploads\/2016\/10\/abstimmanlage-mieten-768x221.jpg 768w\" sizes=\"(max-width: 1200px) 100vw, 1200px\" \/><\/p>\n<h2>Oylama sistemi nas\u0131l i\u015fliyor?<\/h2>\n<h3>Soru<\/h3>\n<p>T\u00fcm kat\u0131l\u0131mc\u0131lara sempozyumun ba\u015f\u0131nda bir kablosuz oylama \u00fcnitesi verilecektir. Konu\u015fmac\u0131lar salondakilere 10'a kadar olas\u0131 cevab\u0131 olan sorular sorar. Sorular, bir bilgisayar ve bir projekt\u00f6r kullan\u0131larak veri projeksiyonu yoluyla sunulabilir.<\/p>\n<h3>Oylama<\/h3>\n<p>Konu\u015fmac\u0131 soruyu y\u00f6nettikten sonra genel kuruldan oylama yapmas\u0131n\u0131 ister. Ekranda b\u00fcy\u00fck rakamlarla bir geri say\u0131m g\u00f6r\u00fcn\u00fcr. Oylama s\u00fcresi 10 saniyedir ve ba\u015far\u0131l\u0131 oldu\u011fu kan\u0131tlanm\u0131\u015ft\u0131r. Bu s\u00fcre i\u00e7inde kat\u0131l\u0131mc\u0131lar bir karar verebilir ve ilgili d\u00fc\u011fmeye basabilir.<\/p>\n<h3>Sonu\u00e7<\/h3>\n<p>Geri say\u0131m biter bitmez, bilgisayar kullan\u0131lan oylar\u0131 hesaplar ve sonucu birka\u00e7 saniye i\u00e7inde, \u00f6rne\u011fin renkli bir \u00e7ubuk grafik olarak ekranda sunar.<\/p>\n<p><img decoding=\"async\" src=\"https:\/\/konferenztechnik.de\/wp-content\/uploads\/2016\/10\/voting-mieten.jpg\" alt=\"oylama kiralar\u0131\" class=\"alignnone size-full wp-image-8537\" title=\"\"><\/p>\n<h2>Bir bak\u0131\u015fta PCS ayarlama sisteminin hizmetleri<\/h2>\n<ul>\n<li>Kullan\u0131\u015fl\u0131 kablosuz ayar \u00fcniteleri<\/li>\n<li>10'a kadar se\u00e7im se\u00e7ene\u011fine ve d\u00fczeltme tu\u015funa sahip say\u0131sal tu\u015f tak\u0131m\u0131<\/li>\n<li>Standart versiyonda 3.500'den fazla ayar \u00fcnitesi ayn\u0131 anda kullan\u0131labilir<\/li>\n<li>\u00d6zel bir s\u00fcr\u00fcmde, 18.000'e kadar oylama birimi ayn\u0131 anda kullan\u0131labilir<\/li>\n<li>A\u00e7\u0131k veya gizli oylama<\/li>\n<li>Kamuoyu yoklamas\u0131, bilgi yar\u0131\u015fmas\u0131 veya hissedarlar toplant\u0131s\u0131<\/li>\n<li>Grup oylamas\u0131 m\u00fcmk\u00fcn<\/li>\n<li>Talep \u00fczerine her ayar cihaz\u0131na bir isim atanabilir<\/li>\n<li>Her cihaz i\u00e7in oy a\u011f\u0131rl\u0131kland\u0131rma da m\u00fcmk\u00fcnd\u00fcr<\/li>\n<li>Veri projeksiyonuna ba\u011flant\u0131l\u0131 de\u011fi\u015fken TED yaz\u0131l\u0131m\u0131 ile PC ba\u011flant\u0131s\u0131<\/li>\n<li>Sonu\u00e7lar\u0131n \u00e7ubuk, s\u00fctun veya pasta grafik olarak sunulmas\u0131<\/li>\n<li>Sorgu sonu\u00e7lar\u0131n\u0131n mutlak veya y\u00fczde rakamlar\u0131 olarak g\u00f6r\u00fcnt\u00fclenmesi<\/li>\n<li>Ayr\u0131 sayfalar i\u00e7in \u00fccretsiz tasar\u0131m se\u00e7enekleri<\/li>\n<li>Grafik programlar\u0131ndan logolar\u0131 ve di\u011fer g\u00f6r\u00fcnt\u00fcleri i\u00e7e aktarma<\/li>\n<li>Sonu\u00e7lar\u0131n de\u011ferlendirme i\u00e7in elektronik tablo programlar\u0131na aktar\u0131lmas\u0131<\/li>\n<\/ul>\n<p>[spacer size=\"30\u2033]<\/p>\n<div class=\"su-callout\">\n<div class=\"callout-content\">\nEvet mi? Hay\u0131r. Belki? Etkile\u015fimin g\u00fcc\u00fcnden yararlan\u0131n ve izleyicilerinize s\u00f6z hakk\u0131 verin. Kat\u0131l\u0131mc\u0131lar\u0131n\u0131z\u0131n co\u015fkusu, fikirleri ve g\u00f6r\u00fc\u015fleri sizi \u015fa\u015f\u0131rtacak.<\/div>\n<div class=\"clear\"><\/div>\n<\/div>\n<div class=\"spacer\" style=\"height:20px\"><\/div>\n<div class=\"clear\"><\/div>\n<div class=\"boxcontainer\">\n<div class=\"box1-4\">\n<div class=\"box-head\">Kuzey ve Bat\u0131<\/div>\n<p><img decoding=\"async\" width=\"800\" height=\"533\" src=\"https:\/\/konferenztechnik.de\/wp-content\/uploads\/2013\/09\/monika_van_den_boogaard_pcs-gmbh.jpg\" alt=\"monika_van_den_boogaard_pcs-gmbh\" class=\"alignleft size-full wp-image-2312\" title=\"\" srcset=\"https:\/\/konferenztechnik.de\/wp-content\/uploads\/2013\/09\/monika_van_den_boogaard_pcs-gmbh.jpg 800w, https:\/\/konferenztechnik.de\/wp-content\/uploads\/2013\/09\/monika_van_den_boogaard_pcs-gmbh-300x200.jpg 300w, https:\/\/konferenztechnik.de\/wp-content\/uploads\/2013\/09\/monika_van_den_boogaard_pcs-gmbh-768x512.jpg 768w\" sizes=\"(max-width: 800px) 100vw, 800px\" \/><br \/>\nMonika van den Boogaard<br \/>\nProje Dan\u0131\u015fman\u0131 Kiralama<br \/>\nTelefon +49 211 737798 10<br \/>\n<span class=\"volleansicht\">e-posta <a href=\"mailto:vandenboogaard@konferenztechnik.de\" onclick=\"ga('send', 'event', 'Email-Klick', 'Kontakt Boogaard');\">yaz<\/a><br \/>\n<\/span><br \/>\n<span class=\"mobileansicht\">e-posta <a href=\"mailto:vandenboogaard@konferenztechnik.de\" onclick=\"ga('send', 'event', 'Email-Klick', 'Kontakt Boogaard');\">yaz<\/a><br \/>\n<\/span><\/p>\n<\/div>\n<div class=\"box1-4\">\n<div class=\"box-head\">Do\u011fu<\/div>\n<p><img decoding=\"async\" width=\"2316\" height=\"1543\" src=\"https:\/\/konferenztechnik.de\/wp-content\/uploads\/2017\/05\/sebastian-meyer-pcs-gmbh.jpg\" alt=\"Sebastian Meyer PCS GmbH - Elden \u00c7\u0131karma\" class=\"alignleft size-full wp-image-10048\" title=\"\" srcset=\"https:\/\/konferenztechnik.de\/wp-content\/uploads\/2017\/05\/sebastian-meyer-pcs-gmbh.jpg 2316w, https:\/\/konferenztechnik.de\/wp-content\/uploads\/2017\/05\/sebastian-meyer-pcs-gmbh-300x200.jpg 300w, https:\/\/konferenztechnik.de\/wp-content\/uploads\/2017\/05\/sebastian-meyer-pcs-gmbh-1024x682.jpg 1024w, https:\/\/konferenztechnik.de\/wp-content\/uploads\/2017\/05\/sebastian-meyer-pcs-gmbh-768x512.jpg 768w, https:\/\/konferenztechnik.de\/wp-content\/uploads\/2017\/05\/sebastian-meyer-pcs-gmbh-1536x1023.jpg 1536w, https:\/\/konferenztechnik.de\/wp-content\/uploads\/2017\/05\/sebastian-meyer-pcs-gmbh-2048x1364.jpg 2048w\" sizes=\"(max-width: 2316px) 100vw, 2316px\" \/><br \/>\nSebastian Meyer<br \/>\nProje Dan\u0131\u015fman\u0131 Kiralama<br \/>\nTelefon +49 30 6959690 15<br \/>\n<span class=\"volleansicht\">e-posta <a href=\"mailto:meyer@konferenztechnik.de\" onclick=\"ga('send', 'event', 'Email-Klick', 'Kontakt Meyer');\">yaz<\/a><br \/>\n<\/span><br \/>\n<span class=\"mobileansicht\">e-posta <a href=\"mailto:meyer@konferenztechnik.de\" onclick=\"ga('send', 'event', 'Email-Klick', 'Kontakt Meyer');\">yaz<\/a><br \/>\n<\/span><\/p>\n<\/div>\n<div class=\"box1-4\">\n<div class=\"box-head\">G\u00fcney<\/div>\n<p><img loading=\"lazy\" decoding=\"async\" width=\"800\" height=\"533\" src=\"https:\/\/konferenztechnik.de\/wp-content\/uploads\/2013\/09\/sebastian_gegusch_pcs-gmbh.jpg\" alt=\"Sebastian Gegusch PCS-GmbH\" class=\"alignleft size-full wp-image-3153\" title=\"\" srcset=\"https:\/\/konferenztechnik.de\/wp-content\/uploads\/2013\/09\/sebastian_gegusch_pcs-gmbh.jpg 800w, https:\/\/konferenztechnik.de\/wp-content\/uploads\/2013\/09\/sebastian_gegusch_pcs-gmbh-300x200.jpg 300w, https:\/\/konferenztechnik.de\/wp-content\/uploads\/2013\/09\/sebastian_gegusch_pcs-gmbh-768x512.jpg 768w\" sizes=\"(max-width: 800px) 100vw, 800px\" \/><br \/>\nSebastian Gegusch<br \/>\nProje y\u00f6netimi ve zamanlama<br \/>\nTelefon +49 89 248830021<br \/>\n<span class=\"volleansicht\">e-posta <a href=\"mailto:gegusch@konferenztechnik.de\" onclick=\"ga('send', 'event', 'Email-Klick', 'Kontakt Gegusch');\">yaz<\/a><br \/>\n<\/span><br \/>\n<span class=\"mobileansicht\">e-posta <a href=\"mailto:gegusch@konferenztechnik.de\" onclick=\"ga('send', 'event', 'Email-Klick', 'Kontakt Gegusch');\">yaz<\/a><br \/>\n<\/span><\/p>\n<\/div>\n<div class=\"box1-4-empty\"><\/div>\n<\/div>\n<div class=\"clear\"><\/div>","protected":false},"excerpt":{"rendered":"<p>Abstimmanlagen, TED-Systeme Die richtige Wahl f\u00fcr Meinungsumfragen, Quiz und Aktion\u00e4rsversammlungen. Unser System ermittelt schnell die Meinung und Erfahrung der Teilnehmer und macht die Resultate im Plenum f\u00fcr alle sichtbar. Jeder Teilnehmer kann seine eigene Meinung mit den Gesamtresultaten vergleichen und einordnen. Der Einsatz dieses interaktiven Abstimmsystems erzeugt bei den Teilnehmern eine erh\u00f6hte Aufmerksamkeit und gibt [&hellip;]<\/p>","protected":false},"author":1,"featured_media":45482,"parent":3618,"menu_order":73,"comment_status":"closed","ping_status":"closed","template":"","meta":{"_acf_changed":false,"footnotes":""},"class_list":["post-8529","page","type-page","status-publish","has-post-thumbnail","hentry"],"acf":[],"_links":{"self":[{"href":"https:\/\/konferenztechnik.de\/tr\/wp-json\/wp\/v2\/pages\/8529","targetHints":{"allow":["GET"]}}],"collection":[{"href":"https:\/\/konferenztechnik.de\/tr\/wp-json\/wp\/v2\/pages"}],"about":[{"href":"https:\/\/konferenztechnik.de\/tr\/wp-json\/wp\/v2\/types\/page"}],"author":[{"embeddable":true,"href":"https:\/\/konferenztechnik.de\/tr\/wp-json\/wp\/v2\/users\/1"}],"replies":[{"embeddable":true,"href":"https:\/\/konferenztechnik.de\/tr\/wp-json\/wp\/v2\/comments?post=8529"}],"version-history":[{"count":0,"href":"https:\/\/konferenztechnik.de\/tr\/wp-json\/wp\/v2\/pages\/8529\/revisions"}],"up":[{"embeddable":true,"href":"https:\/\/konferenztechnik.de\/tr\/wp-json\/wp\/v2\/pages\/3618"}],"wp:featuredmedia":[{"embeddable":true,"href":"https:\/\/konferenztechnik.de\/tr\/wp-json\/wp\/v2\/media\/45482"}],"wp:attachment":[{"href":"https:\/\/konferenztechnik.de\/tr\/wp-json\/wp\/v2\/media?parent=8529"}],"curies":[{"name":"wp","href":"https:\/\/api.w.org\/{rel}","templated":true}]}}