{"id":8918,"date":"2017-02-08T13:29:02","date_gmt":"2017-02-08T12:29:02","guid":{"rendered":"https:\/\/www.konferenztechnik.de\/?page_id=8918\/"},"modified":"2023-07-04T15:31:12","modified_gmt":"2023-07-04T13:31:12","slug":"audipack-silent-9300mkii","status":"publish","type":"page","link":"https:\/\/konferenztechnik.de\/tr\/audipack-silent-9300mkii\/","title":{"rendered":"Audipack Silent 9300MKII"},"content":{"rendered":"<div data-elementor-type=\"wp-page\" data-elementor-id=\"8918\" class=\"elementor elementor-8918\" data-elementor-post-type=\"page\">\n\t\t\t\t<div data-particle_enable=\"false\" data-particle-mobile-disabled=\"false\" class=\"elementor-element elementor-element-68f9f91 e-flex e-con-boxed e-con e-parent\" data-id=\"68f9f91\" data-element_type=\"container\">\n\t\t\t\t\t<div class=\"e-con-inner\">\n\t\t<div data-particle_enable=\"false\" data-particle-mobile-disabled=\"false\" class=\"elementor-element elementor-element-604bc16 e-flex e-con-boxed e-con e-parent\" data-id=\"604bc16\" data-element_type=\"container\">\n\t\t\t\t\t<div class=\"e-con-inner\">\n\t\t\t\t<div class=\"elementor-element elementor-element-966ff93 elementor-widget elementor-widget-heading\" data-id=\"966ff93\" data-element_type=\"widget\" data-settings=\"{&quot;_animation&quot;:&quot;none&quot;}\" data-widget_type=\"heading.default\">\n\t\t\t\t<div class=\"elementor-widget-container\">\n\t\t\t\t\t<h1 class=\"elementor-heading-title elementor-size-default\">Audipack Silent 9300 MK II s\u00f6zl\u00fc \u00e7eviri kabinleri sat\u0131n almak, kiralamak veya kiraya vermek i\u00e7in<\/h1>\t\t\t\t<\/div>\n\t\t\t\t<\/div>\n\t\t\t\t\t<\/div>\n\t\t\t\t<\/div>\n\t\t<div data-particle_enable=\"false\" data-particle-mobile-disabled=\"false\" class=\"elementor-element elementor-element-bb09329 e-grid e-con-boxed e-con e-parent\" data-id=\"bb09329\" data-element_type=\"container\">\n\t\t\t\t\t<div class=\"e-con-inner\">\n\t\t\t\t<div class=\"elementor-element elementor-element-abfa810 elementor-widget elementor-widget-image\" data-id=\"abfa810\" data-element_type=\"widget\" data-widget_type=\"image.default\">\n\t\t\t\t<div class=\"elementor-widget-container\">\n\t\t\t\t\t\t\t\t\t\t\t\t\t\t\t<img fetchpriority=\"high\" decoding=\"async\" width=\"800\" height=\"600\" src=\"https:\/\/konferenztechnik.de\/wp-content\/uploads\/2013\/09\/9300-Interpreter-booth.jpg\" class=\"attachment-large size-large wp-image-3475\" alt=\"Audipack terc\u00fcman kabini Silent 9300\" srcset=\"https:\/\/konferenztechnik.de\/wp-content\/uploads\/2013\/09\/9300-Interpreter-booth.jpg 800w, https:\/\/konferenztechnik.de\/wp-content\/uploads\/2013\/09\/9300-Interpreter-booth-300x225.jpg 300w, https:\/\/konferenztechnik.de\/wp-content\/uploads\/2013\/09\/9300-Interpreter-booth-768x576.jpg 768w\" sizes=\"(max-width: 800px) 100vw, 800px\" title=\"\">\t\t\t\t\t\t\t\t\t\t\t\t\t\t\t<\/div>\n\t\t\t\t<\/div>\n\t\t\t\t<div class=\"elementor-element elementor-element-8b0af73 content-align-cta-default elementor-widget elementor-widget-eael-cta-box\" data-id=\"8b0af73\" data-element_type=\"widget\" data-widget_type=\"eael-cta-box.default\">\n\t\t\t\t<div class=\"elementor-widget-container\">\n\t\t\t\t\t\t\t<div class=\"eael-call-to-action cta-basic bg-lite cta-preset-1\">\n        <h2 class=\"title eael-cta-heading\">Audipack Silent 9300 MK II<\/h2><p>9300 MK II art\u0131k \u00fcretilmemektedir<\/p><p>Halefi Silent 9600<\/p><p>9600 en son standartlarla uyumludur<\/p><a href=\"https:\/\/konferenztechnik.de\/tr\/audipack-silent-9600-satin-al-kirala\/\" class=\"cta-button cta-preset-1\">Sessiz 9600'\u00fc g\u00f6r\u00fcnt\u00fcleyin<\/a>\t<\/div>\n\t\t\t\t\t\t\t\t<\/div>\n\t\t\t\t<\/div>\n\t\t\t\t\t<\/div>\n\t\t\t\t<\/div>\n\t\t<div data-particle_enable=\"false\" data-particle-mobile-disabled=\"false\" class=\"elementor-element elementor-element-0684704 e-flex e-con-boxed e-con e-parent\" data-id=\"0684704\" data-element_type=\"container\">\n\t\t\t\t\t<div class=\"e-con-inner\">\n\t\t\t\t<div class=\"elementor-element elementor-element-83733a1 elementor-widget__width-inherit elementor-widget elementor-widget-text-editor\" data-id=\"83733a1\" data-element_type=\"widget\" data-widget_type=\"text-editor.default\">\n\t\t\t\t<div class=\"elementor-widget-container\">\n\t\t\t\t\t\t\t\t\t<p>Audipack Silent 9300 MK II terc\u00fcmanl\u0131k kabini 2018'den beri \u00fcretilmiyor. Bunun nedeni 2016 y\u0131l\u0131n\u0131n sonunda yay\u0131nlanan geli\u015ftirilmi\u015f bir ISO standard\u0131d\u0131r. Bu nedenle, Silent Series 9300 MK II gibi mevcut model serileri revize edilmi\u015f ve geli\u015ftirilmi\u015ftir. Son y\u0131llarda konferans teknolojisinde referans olarak kendini kabul ettiren Audipack Silent 9300 MK II'nin halef modeli yeni Audipack Silent 9600'd\u00fcr.<\/p>\t\t\t\t\t\t\t\t<\/div>\n\t\t\t\t<\/div>\n\t\t\t\t<div class=\"elementor-element elementor-element-ee1ea0d elementor-widget elementor-widget-heading\" data-id=\"ee1ea0d\" data-element_type=\"widget\" data-settings=\"{&quot;_animation&quot;:&quot;none&quot;}\" data-widget_type=\"heading.default\">\n\t\t\t\t<div class=\"elementor-widget-container\">\n\t\t\t\t\t<h2 class=\"elementor-heading-title elementor-size-default\">Yeni model: Audipack Silent 9600 s\u00f6zl\u00fc \u00e7eviri kabini<\/h2>\t\t\t\t<\/div>\n\t\t\t\t<\/div>\n\t\t\t\t<div class=\"elementor-element elementor-element-5255fa7 elementor-widget__width-inherit elementor-widget elementor-widget-text-editor\" data-id=\"5255fa7\" data-element_type=\"widget\" data-widget_type=\"text-editor.default\">\n\t\t\t\t<div class=\"elementor-widget-container\">\n\t\t\t\t\t\t\t\t\t<p>Silent 9300 MK II ile kar\u015f\u0131la\u015ft\u0131r\u0131ld\u0131\u011f\u0131nda Silent 9600, di\u011fer \u00f6zelliklerinin yan\u0131 s\u0131ra daha iyi ses yal\u0131t\u0131m\u0131na, geni\u015fletilmi\u015f bir g\u00f6r\u00fcnt\u00fcleme penceresine ve LED tavan ayd\u0131nlatmas\u0131na sahiptir. Hava kalitesi izleme de bir se\u00e7enek olarak mevcuttur. Yeni Audipack Silent 9600, mobil s\u00f6zl\u00fc \u00e7eviri kabinleri i\u00e7in en son ISO standard\u0131na (ISO 4043:2016) uygun olarak sertifikaland\u0131r\u0131lm\u0131\u015ft\u0131r. Audipack Silent 9600 s\u00f6zl\u00fc \u00e7eviri kabinleri \u015fu anda PCS deposundan hemen teslim edilebilir.<\/p>\t\t\t\t\t\t\t\t<\/div>\n\t\t\t\t<\/div>\n\t\t\t\t<div class=\"elementor-element elementor-element-7327639 elementor-widget__width-auto elementor-widget elementor-widget-button\" data-id=\"7327639\" data-element_type=\"widget\" data-widget_type=\"button.default\">\n\t\t\t\t<div class=\"elementor-widget-container\">\n\t\t\t\t\t\t\t\t\t<div class=\"elementor-button-wrapper\">\n\t\t\t\t\t<a class=\"elementor-button elementor-button-link elementor-size-sm\" href=\"https:\/\/konferenztechnik.de\/tr\/audipack-silent-9600-satin-al-kirala\/\">\n\t\t\t\t\t\t<span class=\"elementor-button-content-wrapper\">\n\t\t\t\t\t\t\t\t\t<span class=\"elementor-button-text\">Do\u011frudan Sessiz 9600'e<\/span>\n\t\t\t\t\t<\/span>\n\t\t\t\t\t<\/a>\n\t\t\t\t<\/div>\n\t\t\t\t\t\t\t\t<\/div>\n\t\t\t\t<\/div>\n\t\t\t\t\t<\/div>\n\t\t\t\t<\/div>\n\t\t\t\t<div class=\"elementor-element elementor-element-811c454 elementor-widget elementor-widget-shortcode\" data-id=\"811c454\" data-element_type=\"widget\" data-widget_type=\"shortcode.default\">\n\t\t\t\t<div class=\"elementor-widget-container\">\n\t\t\t\t\t\t\t<div class=\"elementor-shortcode\"><\/div>\n\t\t\t\t\t\t<\/div>\n\t\t\t\t<\/div>\n\t\t\t\t\t<\/div>\n\t\t\t\t<\/div>\n\t\t<div data-particle_enable=\"false\" data-particle-mobile-disabled=\"false\" class=\"elementor-element elementor-element-a15df91 e-flex e-con-boxed e-con e-parent\" data-id=\"a15df91\" data-element_type=\"container\">\n\t\t\t\t\t<div class=\"e-con-inner\">\n\t\t\t\t<div class=\"elementor-element elementor-element-056b8e1 elementor-widget elementor-widget-shortcode\" data-id=\"056b8e1\" data-element_type=\"widget\" data-widget_type=\"shortcode.default\">\n\t\t\t\t<div class=\"elementor-widget-container\">\n\t\t\t\t\t\t\t<div class=\"elementor-shortcode\"><\/div>\n\t\t\t\t\t\t<\/div>\n\t\t\t\t<\/div>\n\t\t\t\t\t<\/div>\n\t\t\t\t<\/div>\n\t\t\t\t<\/div>","protected":false},"excerpt":{"rendered":"<p>Audipack Silent 9300 MK II Dolmetscherkabinen kaufen, mieten oder leasen Audipack Silent 9300 MK II Die 9300 MK II wird nicht mehr hergestellt Nachfolgerin ist die Silent 9600 Die 9600 entspricht neusten Normen Silent 9600 ansehen Die Dolmetschkabine Audipack Silent 9300 MK II wird seit 2018 nicht mehr hergestellt. Der Grund daf\u00fcr ist eine verbesserte [&hellip;]<\/p>","protected":false},"author":1,"featured_media":45482,"parent":0,"menu_order":0,"comment_status":"closed","ping_status":"closed","template":"","meta":{"_acf_changed":false,"footnotes":""},"class_list":["post-8918","page","type-page","status-publish","has-post-thumbnail","hentry"],"acf":[],"_links":{"self":[{"href":"https:\/\/konferenztechnik.de\/tr\/wp-json\/wp\/v2\/pages\/8918","targetHints":{"allow":["GET"]}}],"collection":[{"href":"https:\/\/konferenztechnik.de\/tr\/wp-json\/wp\/v2\/pages"}],"about":[{"href":"https:\/\/konferenztechnik.de\/tr\/wp-json\/wp\/v2\/types\/page"}],"author":[{"embeddable":true,"href":"https:\/\/konferenztechnik.de\/tr\/wp-json\/wp\/v2\/users\/1"}],"replies":[{"embeddable":true,"href":"https:\/\/konferenztechnik.de\/tr\/wp-json\/wp\/v2\/comments?post=8918"}],"version-history":[{"count":0,"href":"https:\/\/konferenztechnik.de\/tr\/wp-json\/wp\/v2\/pages\/8918\/revisions"}],"wp:featuredmedia":[{"embeddable":true,"href":"https:\/\/konferenztechnik.de\/tr\/wp-json\/wp\/v2\/media\/45482"}],"wp:attachment":[{"href":"https:\/\/konferenztechnik.de\/tr\/wp-json\/wp\/v2\/media?parent=8918"}],"curies":[{"name":"wp","href":"https:\/\/api.w.org\/{rel}","templated":true}]}}