{"id":8919,"date":"2017-02-08T12:14:52","date_gmt":"2017-02-08T11:14:52","guid":{"rendered":"https:\/\/www.konferenztechnik.de\/?page_id=8919\/"},"modified":"2017-02-08T12:14:52","modified_gmt":"2017-02-08T11:14:52","slug":"audipack-silent-series-9300-iso-4043-2016","status":"publish","type":"page","link":"https:\/\/konferenztechnik.de\/tr\/audipack-silent-series-9300-iso-4043-2016\/","title":{"rendered":"Audipack Silent 9300 \u2013 ISO 4043-2016"},"content":{"rendered":"<h1>Audipack Silent 9300 \u2013 ISO 4043:2016<\/h1>\n<p>Audipack Silent 9300 serisindeki s\u00f6zl\u00fc \u00e7eviri kabinleri piyasada en yayg\u0131n kullan\u0131lan s\u00f6zl\u00fc \u00e7eviri kabinleri. Yeni Silent 9300 MKII ile Audipack, Amsterdam'daki ISE 2017'de kabinlerin revize edilmi\u015f bir versiyonunu sundu. Bu yeni versiyon <a href=\"https:\/\/konferenztechnik.de\/tr\/soezluek\/iso-4043-tasinabi%cc%87li%cc%87r-tercueman-kabi%cc%87nleri%cc%87\/\">ISO 4043 standard\u0131<\/a> terc\u00fcmanl\u0131k kabinleri i\u00e7in hemen y\u00fcr\u00fcrl\u00fc\u011fe girmi\u015ftir. Standart, di\u011fer hususlar\u0131n yan\u0131 s\u0131ra, kabinlerin tavan ayd\u0131nlatmas\u0131 ile donat\u0131lmas\u0131n\u0131 veya kabin i\u00e7indeki hava kalitesini \u00f6l\u00e7en bir kontrol se\u00e7ene\u011fi sunmas\u0131n\u0131 \u015fart ko\u015fmaktad\u0131r. Yeni Silent 9300 MKII bu gereklilikleri yerine getiriyor. Yeni terc\u00fcmanl\u0131k kabinlerinin \u00f6ne \u00e7\u0131kan \u00f6zellikleri \u015funlard\u0131r<\/p>\n<ul>\n<li>LED tavan ayd\u0131nlatmas\u0131<\/li>\n<li>Uyar\u0131 mesaj\u0131 ile ayarlanabilir hava kalitesi \u00f6l\u00e7\u00fcm\u00fc<\/li>\n<li>G\u00fc\u00e7l\u00fc havaland\u0131rma<\/li>\n<li>Daha b\u00fcy\u00fck \u00f6n camlar sayesinde daha iyi g\u00f6r\u00fc\u015f<\/li>\n<li>G\u00fcr\u00fclt\u00fc emici masa kaplamas\u0131<\/li>\n<\/ul>\n<p>[spacer size=\"20\u2033]<\/p>\n<figure id=\"attachment_8947\" aria-describedby=\"caption-attachment-8947\" style=\"width: 850px\" class=\"wp-caption alignnone\"><img fetchpriority=\"high\" decoding=\"async\" src=\"https:\/\/konferenztechnik.de\/wp-content\/uploads\/2017\/02\/Silent9300.jpg\" alt=\"\" width=\"850\" height=\"490\" class=\"size-full wp-image-8947\" title=\"\" srcset=\"https:\/\/konferenztechnik.de\/wp-content\/uploads\/2017\/02\/Silent9300.jpg 850w, https:\/\/konferenztechnik.de\/wp-content\/uploads\/2017\/02\/Silent9300-300x173.jpg 300w, https:\/\/konferenztechnik.de\/wp-content\/uploads\/2017\/02\/Silent9300-768x443.jpg 768w\" sizes=\"(max-width: 850px) 100vw, 850px\" \/><figcaption id=\"caption-attachment-8947\" class=\"wp-caption-text\">ISO standard\u0131 4043:2016 ile uyumlu ilk hoparl\u00f6r kabini, ISE 2017'de Audipack taraf\u0131ndan sunuldu<\/figcaption><\/figure>\n<figure id=\"attachment_8925\" aria-describedby=\"caption-attachment-8925\" style=\"width: 850px\" class=\"wp-caption alignnone\"><img decoding=\"async\" src=\"https:\/\/konferenztechnik.de\/wp-content\/uploads\/2017\/02\/interpreterboth-iso4043-2016.jpg\" alt=\"\" width=\"850\" height=\"502\" class=\"size-full wp-image-8925\" title=\"\" srcset=\"https:\/\/konferenztechnik.de\/wp-content\/uploads\/2017\/02\/interpreterboth-iso4043-2016.jpg 850w, https:\/\/konferenztechnik.de\/wp-content\/uploads\/2017\/02\/interpreterboth-iso4043-2016-300x177.jpg 300w, https:\/\/konferenztechnik.de\/wp-content\/uploads\/2017\/02\/interpreterboth-iso4043-2016-768x454.jpg 768w\" sizes=\"(max-width: 850px) 100vw, 850px\" \/><figcaption id=\"caption-attachment-8925\" class=\"wp-caption-text\">K\u0131s\u0131labilir LED tavan ayd\u0131nlatmas\u0131<\/figcaption><\/figure>\n<figure id=\"attachment_8924\" aria-describedby=\"caption-attachment-8924\" style=\"width: 850px\" class=\"wp-caption alignnone\"><img decoding=\"async\" src=\"https:\/\/konferenztechnik.de\/wp-content\/uploads\/2017\/02\/co2-monitor-interpreterboth.jpg\" alt=\"\" width=\"850\" height=\"590\" class=\"size-full wp-image-8924\" title=\"\" srcset=\"https:\/\/konferenztechnik.de\/wp-content\/uploads\/2017\/02\/co2-monitor-interpreterboth.jpg 850w, https:\/\/konferenztechnik.de\/wp-content\/uploads\/2017\/02\/co2-monitor-interpreterboth-300x208.jpg 300w, https:\/\/konferenztechnik.de\/wp-content\/uploads\/2017\/02\/co2-monitor-interpreterboth-768x533.jpg 768w\" sizes=\"(max-width: 850px) 100vw, 850px\" \/><figcaption id=\"caption-attachment-8924\" class=\"wp-caption-text\">Uyar\u0131 mesaj\u0131 ile hava kalitesi \u00f6l\u00e7\u00fcm\u00fc<\/figcaption><\/figure>\n<figure id=\"attachment_8928\" aria-describedby=\"caption-attachment-8928\" style=\"width: 850px\" class=\"wp-caption alignnone\"><img loading=\"lazy\" decoding=\"async\" src=\"https:\/\/konferenztechnik.de\/wp-content\/uploads\/2017\/02\/Sprecherkabine-Silent9300MKII.jpg\" alt=\"\" width=\"850\" height=\"590\" class=\"size-full wp-image-8928\" title=\"\" srcset=\"https:\/\/konferenztechnik.de\/wp-content\/uploads\/2017\/02\/Sprecherkabine-Silent9300MKII.jpg 850w, https:\/\/konferenztechnik.de\/wp-content\/uploads\/2017\/02\/Sprecherkabine-Silent9300MKII-300x208.jpg 300w, https:\/\/konferenztechnik.de\/wp-content\/uploads\/2017\/02\/Sprecherkabine-Silent9300MKII-768x533.jpg 768w\" sizes=\"(max-width: 850px) 100vw, 850px\" \/><figcaption id=\"caption-attachment-8928\" class=\"wp-caption-text\">2m boyundaki genel m\u00fcd\u00fcr\u00fcm\u00fcz J\u00f6rg Peschka'n\u0131n kan\u0131tlad\u0131\u011f\u0131 gibi \"en k\u00fc\u00e7\u00fck\" kul\u00fcbede alan<\/figcaption><\/figure>\n<p>[spacer size=\"20\u2033]<br \/>\n[tabs style=\"1\u2033]<br \/>\n[tab title=\"Makale\"]<\/p>\n<h2>Sessiz 9300MKII s\u00f6zl\u00fc \u00e7eviri kabini<\/h2>\n<p>[column size=\"2-5\u2033 last=\"0\u2033]<\/p>\n<p><img loading=\"lazy\" decoding=\"async\" width=\"548\" height=\"412\" class=\"alignleft size-full wp-image-8937\" src=\"https:\/\/konferenztechnik.de\/wp-content\/uploads\/2017\/02\/audipack-silent9300mkii.jpg\" alt=\"Audipack Silent 9300 MKII\" title=\"\" srcset=\"https:\/\/konferenztechnik.de\/wp-content\/uploads\/2017\/02\/audipack-silent9300mkii.jpg 548w, https:\/\/konferenztechnik.de\/wp-content\/uploads\/2017\/02\/audipack-silent9300mkii-300x226.jpg 300w\" sizes=\"(max-width: 548px) 100vw, 548px\" \/><\/p>\n<p>[\/column]<br \/>\n[column size=\"3-5\u2033 last=\"1\u2033]<br \/>\n9300 (MKII) s\u00f6zl\u00fc \u00e7eviri kabini, mobil kullan\u0131m i\u00e7in yeni standartt\u0131r. Bu ses yal\u0131t\u0131ml\u0131 sim\u00fcltane<br \/>\nKabin yeni uluslararas\u0131 standart ISO 4043:2016'ya uygundur ve tavan lambas\u0131 veya CO<sup style=\"font-size:.7em; line-height:2em;\">2<\/sup>-\u00f6l\u00e7\u00fcm teknolojisi. Bu kabinde iki terc\u00fcman i\u00e7in yer vard\u0131r (i\u00e7 boyutlar\u0131 1.60 x 1.60 metredir). Kabin, ek par\u00e7alarla kolayca geni\u015fletilebilir ve bu nedenle d\u00f6rt ki\u015fiye kadar bar\u0131nd\u0131rabilir. Kabin mod\u00fcler bir tasar\u0131ma sahiptir, b\u00f6ylece giri\u015f kap\u0131s\u0131 da esnek bir \u015fekilde konumland\u0131r\u0131labilir. Silent 9300'\u00fcn d\u0131\u015f kaplamas\u0131n\u0131n standart rengi gridir, ancak terc\u00fcmanl\u0131k kabini di\u011fer renklerde de tedarik edilebilir.<br \/>\n[\/column]<br \/>\n[\/tab]<br \/>\n[\/tabs]<\/p>\n<h2>\u0130ste\u011fe ba\u011fl\u0131 aksesuarlar<\/h2>\n<p>Audipack terc\u00fcman kabinlerinin t\u00fcm serileri i\u00e7in \u00e7ok say\u0131da opsiyonel aksesuar mevcuttur. Sadece bize sorun, size tavsiyede bulunmaktan mutluluk duyar\u0131z!<\/p>\n<p>[column size=\"1-2\u2033 last=\"0\u2033]<\/p>\n<figure id=\"attachment_8951\" aria-describedby=\"caption-attachment-8951\" style=\"width: 548px\" class=\"wp-caption alignleft\"><img loading=\"lazy\" decoding=\"async\" class=\"size-full wp-image-8951\" src=\"https:\/\/konferenztechnik.de\/wp-content\/uploads\/2017\/02\/audipack-podest-fuer-dolmetscherkabine.jpg\" alt=\"Terc\u00fcman kabinleri i\u00e7in Audipack platformu\" width=\"548\" height=\"412\" title=\"\" srcset=\"https:\/\/konferenztechnik.de\/wp-content\/uploads\/2017\/02\/audipack-podest-fuer-dolmetscherkabine.jpg 548w, https:\/\/konferenztechnik.de\/wp-content\/uploads\/2017\/02\/audipack-podest-fuer-dolmetscherkabine-300x226.jpg 300w\" sizes=\"(max-width: 548px) 100vw, 548px\" \/><figcaption id=\"caption-attachment-8951\" class=\"wp-caption-text\">Kaide (Ref.: P5660)<\/figcaption><\/figure>\n<p>[\/column]<\/p>\n<p>[column size=\"1-2\u2033 last=\"1\u2033]<\/p>\n<figure id=\"attachment_8950\" aria-describedby=\"caption-attachment-8950\" style=\"width: 548px\" class=\"wp-caption alignleft\"><img loading=\"lazy\" decoding=\"async\" class=\"size-full wp-image-8950\" src=\"https:\/\/konferenztechnik.de\/wp-content\/uploads\/2017\/02\/audipack-flight-case-fuer-dolmetscherkabine.jpg\" alt=\"Terc\u00fcman kabinleri i\u00e7in Audipack u\u00e7u\u015f \u00e7antas\u0131\" width=\"548\" height=\"412\" title=\"\" srcset=\"https:\/\/konferenztechnik.de\/wp-content\/uploads\/2017\/02\/audipack-flight-case-fuer-dolmetscherkabine.jpg 548w, https:\/\/konferenztechnik.de\/wp-content\/uploads\/2017\/02\/audipack-flight-case-fuer-dolmetscherkabine-300x226.jpg 300w\" sizes=\"(max-width: 548px) 100vw, 548px\" \/><figcaption id=\"caption-attachment-8950\" class=\"wp-caption-text\">U\u00e7u\u015f \u00c7antas\u0131 (Ref.: 15645)<\/figcaption><\/figure>\n<p>[\/column]<\/p>\n<p>[column size=\"1-2\u2033 last=\"0\u2033]<\/p>\n<figure id=\"attachment_8953\" aria-describedby=\"caption-attachment-8953\" style=\"width: 548px\" class=\"wp-caption alignleft\"><img loading=\"lazy\" decoding=\"async\" class=\"size-full wp-image-8953\" src=\"https:\/\/konferenztechnik.de\/wp-content\/uploads\/2017\/02\/audipack-ventilationssystem-fuer-dolmetscherkabine.jpg\" alt=\"Terc\u00fcman kabinleri i\u00e7in Audipack havaland\u0131rma sistemi\" width=\"548\" height=\"412\" title=\"\" srcset=\"https:\/\/konferenztechnik.de\/wp-content\/uploads\/2017\/02\/audipack-ventilationssystem-fuer-dolmetscherkabine.jpg 548w, https:\/\/konferenztechnik.de\/wp-content\/uploads\/2017\/02\/audipack-ventilationssystem-fuer-dolmetscherkabine-300x226.jpg 300w\" sizes=\"(max-width: 548px) 100vw, 548px\" \/><figcaption id=\"caption-attachment-8953\" class=\"wp-caption-text\">Havaland\u0131rma sistemi (Ref. P4250)<\/figcaption><\/figure>\n<p>[\/column]<\/p>\n<p>[column size=\"1-2\u2033 last=\"1\u2033]<\/p>\n<figure id=\"attachment_8952\" aria-describedby=\"caption-attachment-8952\" style=\"width: 548px\" class=\"wp-caption alignleft\"><img loading=\"lazy\" decoding=\"async\" class=\"size-full wp-image-8952\" src=\"https:\/\/konferenztechnik.de\/wp-content\/uploads\/2017\/02\/audipack-transportwagen-fuer-9300-oder-6300.jpg\" alt=\"Terc\u00fcman kabinleri i\u00e7in Audipack ta\u015f\u0131ma arabas\u0131\" width=\"548\" height=\"412\" title=\"\" srcset=\"https:\/\/konferenztechnik.de\/wp-content\/uploads\/2017\/02\/audipack-transportwagen-fuer-9300-oder-6300.jpg 548w, https:\/\/konferenztechnik.de\/wp-content\/uploads\/2017\/02\/audipack-transportwagen-fuer-9300-oder-6300-300x226.jpg 300w\" sizes=\"(max-width: 548px) 100vw, 548px\" \/><figcaption id=\"caption-attachment-8952\" class=\"wp-caption-text\">Ta\u015f\u0131ma arabas\u0131 (Ref.: P1769)<\/figcaption><\/figure>\n<p>[\/column]<\/p>\n<p>Yeni Silent 9300 serisi 2017 ilkbahar\u0131ndan itibaren sat\u0131\u015fa sunulacakt\u0131r. Bizden \u00f6n sipari\u015f verebilir veya fiyat teklifi isteyebilirsiniz.<\/p>\n<h2>\u0130ndirmeler<\/h2>\n<p><a href=\"https:\/\/konferenztechnik.de\/wp-content\/uploads\/2017\/02\/audipack-silent-9300-dolmetscherkabine-manual.pdf\">[service icon=\"moon-file-download\" size=\"25\u2033 color=\"#a62055\u2033 title=\"Bro\u015f\u00fcr Audipack Silent Serisi terc\u00fcman kabinleri\"]<\/a><a href=\"https:\/\/konferenztechnik.de\/wp-content\/uploads\/2017\/02\/audipack-silent-9300-dolmetscherkabine-manual.pdf\">Audipack Silent Serisi s\u00f6zl\u00fc \u00e7eviri kabinleri bro\u015f\u00fcr\u00fcn\u00fc indirin<\/a>[\/service]<\/p>\n<p><a href=\"https:\/\/konferenztechnik.de\/wp-content\/uploads\/2017\/02\/audipack-silent-9300-dolmetscherkabine-assambling-manual.pdf\">[service icon=\"moon-file-download\" size=\"25\u2033 color=\"#a62055\u2033 title=\"Montaj talimatlar\u0131 Audipack Silent serisi terc\u00fcman kabinleri\"]<\/a><a href=\"https:\/\/konferenztechnik.de\/wp-content\/uploads\/2017\/02\/audipack-silent-9300-dolmetscherkabine-assambling-manual.pdf\">Montaj talimatlar\u0131 Audipack Silent Serisi s\u00f6zl\u00fc \u00e7eviri kabinleri<\/a>[\/service]<\/p>\n<p>[spacer size=\"30\u2033]<\/p>\n<h2>\u0130leti\u015fim kurulacak ki\u015fi<\/h2>\n<p>[column size=\"1-3\u2033 last=\"1\u2033]<\/p>\n<p>[tabs style=\"2\u2033]<br \/>\n[tab title=\"Sistem entegrasyonu\"]<img loading=\"lazy\" decoding=\"async\" width=\"800\" height=\"533\" src=\"https:\/\/konferenztechnik.de\/wp-content\/uploads\/2013\/08\/pcs-gmbh-andreas-bagattini.jpg\" alt=\"PCS GmbH Andreas Bagattini\" class=\"alignleft size-full wp-image-6340\" title=\"\" srcset=\"https:\/\/konferenztechnik.de\/wp-content\/uploads\/2013\/08\/pcs-gmbh-andreas-bagattini.jpg 800w, https:\/\/konferenztechnik.de\/wp-content\/uploads\/2013\/08\/pcs-gmbh-andreas-bagattini-300x200.jpg 300w, https:\/\/konferenztechnik.de\/wp-content\/uploads\/2013\/08\/pcs-gmbh-andreas-bagattini-768x512.jpg 768w\" sizes=\"(max-width: 800px) 100vw, 800px\" \/><br \/>\nAndreas Bagattini<br \/>\nProje y\u00f6netimi<br \/>\nTelefon +49 211 737798 21<br \/>\ne-posta <a href=\"mailto:vertrieb@konferenztechnik.de\" onclick=\"ga('send', 'event', 'Email-Klick', 'Vertrieb Bagattini');\">yaz<\/a><br \/>\nQR kodu <a href=\"https:\/\/konferenztechnik.de\/wp-content\/uploads\/2013\/08\/qrcode-andreas-bagattini.jpeg\">&#x9B; g\u00f6ster<\/a>[\/tab]<br \/>\n[\/tabs]<br \/>\n[\/column]<\/p>","protected":false},"excerpt":{"rendered":"<p>Audipack Silent 9300 \u2013 ISO 4043:2016 Die Dolmetscherkabinen der Audipack Silent 9300 Serie sind die am weitesten verbreiteten Dolmetscherkabinen am Markt. Mit der neuen Silent 9300 MKII hat Audipack auf der ISE 2017 in Amsterdam eine \u00fcberarbeitete Version der Kabinen vorgestellt. Diese entspricht der neuen ISO 4043 Norm f\u00fcr Dolmetschkabinen, die ab sofort g\u00fcltig ist. [&hellip;]<\/p>","protected":false},"author":1,"featured_media":45482,"parent":0,"menu_order":0,"comment_status":"closed","ping_status":"closed","template":"page-right-sidebar.php","meta":{"_acf_changed":false,"footnotes":""},"class_list":["post-8919","page","type-page","status-publish","has-post-thumbnail","hentry"],"acf":[],"_links":{"self":[{"href":"https:\/\/konferenztechnik.de\/tr\/wp-json\/wp\/v2\/pages\/8919","targetHints":{"allow":["GET"]}}],"collection":[{"href":"https:\/\/konferenztechnik.de\/tr\/wp-json\/wp\/v2\/pages"}],"about":[{"href":"https:\/\/konferenztechnik.de\/tr\/wp-json\/wp\/v2\/types\/page"}],"author":[{"embeddable":true,"href":"https:\/\/konferenztechnik.de\/tr\/wp-json\/wp\/v2\/users\/1"}],"replies":[{"embeddable":true,"href":"https:\/\/konferenztechnik.de\/tr\/wp-json\/wp\/v2\/comments?post=8919"}],"version-history":[{"count":0,"href":"https:\/\/konferenztechnik.de\/tr\/wp-json\/wp\/v2\/pages\/8919\/revisions"}],"wp:featuredmedia":[{"embeddable":true,"href":"https:\/\/konferenztechnik.de\/tr\/wp-json\/wp\/v2\/media\/45482"}],"wp:attachment":[{"href":"https:\/\/konferenztechnik.de\/tr\/wp-json\/wp\/v2\/media?parent=8919"}],"curies":[{"name":"wp","href":"https:\/\/api.w.org\/{rel}","templated":true}]}}