{"id":1221,"date":"2013-08-23T10:31:53","date_gmt":"2013-08-23T08:31:53","guid":{"rendered":"https:\/\/pcs-miete.de\/?page_id=1221"},"modified":"2023-07-05T14:30:41","modified_gmt":"2023-07-05T12:30:41","slug":"%d0%ba%d1%80%d1%96%d0%bf%d0%bb%d0%b5%d0%bd%d0%bd%d1%8f-%d0%b4%d0%bb%d1%8f-%d0%b4%d0%b8%d1%81%d0%bf%d0%bb%d0%b5%d1%97%d0%b2-%d1%96-%d0%bf%d1%80%d0%be%d0%b5%d0%ba%d1%82%d0%be%d1%80%d1%96%d0%b2-2","status":"publish","type":"page","link":"https:\/\/konferenztechnik.de\/uk\/%d0%b4%d0%b8%d1%81%d1%82%d1%80%d0%b8%d0%b1%d1%83%d1%86%d1%96%d1%8f-%d0%ba%d0%be%d0%bd%d1%84%d0%b5%d1%80%d0%b5%d0%bd%d1%86-%d1%82%d0%b0-%d0%b0%d1%83%d0%b4%d1%96%d0%be-%d0%bc%d0%b5%d0%b4%d1%96%d0%b0\/%d0%b2%d1%96%d0%b4%d0%b5%d0%be%d1%82%d0%b5%d1%85%d0%bd%d0%be%d0%bb%d0%be%d0%b3%d1%96%d1%97\/%d0%ba%d1%80%d1%96%d0%bf%d0%bb%d0%b5%d0%bd%d0%bd%d1%8f-%d0%b4%d0%bb%d1%8f-%d0%b4%d0%b8%d1%81%d0%bf%d0%bb%d0%b5%d1%97%d0%b2-%d1%96-%d0%bf%d1%80%d0%be%d0%b5%d0%ba%d1%82%d0%be%d1%80%d1%96%d0%b2-2\/","title":{"rendered":"\u041a\u0440\u0456\u043f\u043b\u0435\u043d\u043d\u044f \u0434\u043b\u044f \u0434\u0438\u0441\u043f\u043b\u0435\u0457\u0432 \u0456 \u043f\u0440\u043e\u0435\u043a\u0442\u043e\u0440\u0456\u0432"},"content":{"rendered":"<h1>\u041a\u0440\u0456\u043f\u043b\u0435\u043d\u043d\u044f \u0434\u043b\u044f \u0434\u0438\u0441\u043f\u043b\u0435\u0457\u0432 \u0456 \u043f\u0440\u043e\u0435\u043a\u0442\u043e\u0440\u0456\u0432<\/h1>\n<p>\u0423 \u043d\u0430\u0448\u043e\u043c\u0443 \u0430\u0441\u043e\u0440\u0442\u0438\u043c\u0435\u043d\u0442\u0456 \u0432\u0438 \u0437\u043d\u0430\u0439\u0434\u0435\u0442\u0435 \u043a\u0440\u0456\u043f\u043b\u0435\u043d\u043d\u044f \u0434\u043b\u044f \u043d\u0430\u0439\u0440\u0456\u0437\u043d\u043e\u043c\u0430\u043d\u0456\u0442\u043d\u0456\u0448\u0438\u0445 \u0437\u0430\u0441\u0442\u043e\u0441\u0443\u0432\u0430\u043d\u044c: \u0411\u0443\u0434\u044c \u0442\u043e \u043f\u043b\u0430\u043d\u0448\u0435\u0442 (\u043d\u0430\u043f\u0440\u0438\u043a\u043b\u0430\u0434, iPad), \u0434\u0438\u0441\u043f\u043b\u0435\u0439-\u043f\u0440\u043e\u0435\u043a\u0442\u043e\u0440 \u0430\u0431\u043e \u0432\u0456\u0434\u0435\u043e\u0441\u0442\u0456\u043d\u0430, \u0440\u043e\u0437\u043c\u0456\u0449\u0435\u043d\u0430 \u043d\u0430 \u043f\u0456\u0434\u043b\u043e\u0437\u0456, \u043f\u0456\u0434\u0432\u0456\u0448\u0435\u043d\u0430 \u0434\u043e \u0441\u0442\u0435\u043b\u0456 \u0430\u0431\u043e \u043f\u0440\u0438\u043a\u0440\u0456\u043f\u043b\u0435\u043d\u0430 \u0434\u043e \u0441\u0442\u0456\u043d\u0438.<\/p>\n<p>\u041d\u0435\u0445\u0430\u0439 \u043d\u0430\u0448 \u0430\u0441\u043e\u0440\u0442\u0438\u043c\u0435\u043d\u0442 \u043a\u0440\u043e\u043d\u0448\u0442\u0435\u0439\u043d\u0456\u0432 \u043f\u0435\u0440\u0435\u043a\u043e\u043d\u0430\u0454 \u0432\u0430\u0441 \u0456 \u043f\u0440\u043e\u0441\u0442\u043e \u0437\u0432'\u044f\u0436\u0456\u0442\u044c\u0441\u044f \u0437 \u043d\u0430\u043c\u0438, \u044f\u043a\u0449\u043e \u0432\u0430\u043c \u043f\u043e\u0442\u0440\u0456\u0431\u043d\u0430 \u0434\u043e\u043f\u043e\u043c\u043e\u0433\u0430 \u0437 \u0432\u0438\u0431\u043e\u0440\u043e\u043c. \u041c\u0438 \u0442\u0430\u043a\u043e\u0436 \u043f\u0440\u043e\u043f\u043e\u043d\u0443\u0454\u043c\u043e \u0441\u043f\u0435\u0446\u0456\u0430\u043b\u044c\u043d\u0456 \u0440\u0456\u0448\u0435\u043d\u043d\u044f \u0442\u0430 \u0456\u043d\u0434\u0438\u0432\u0456\u0434\u0443\u0430\u043b\u044c\u043d\u0456 \u0432\u0438\u0440\u043e\u0431\u0438. \u0417\u0432\u0435\u0440\u043d\u0456\u0442\u044c\u0441\u044f \u0434\u043e \u043d\u0430\u0448\u043e\u0457 \u0441\u0435\u0440\u0432\u0456\u0441\u043d\u043e\u0457 \u0441\u043b\u0443\u0436\u0431\u0438. \u041c\u0438 \u0437 \u043d\u0435\u0442\u0435\u0440\u043f\u0456\u043d\u043d\u044f\u043c \u0447\u0435\u043a\u0430\u0454\u043c\u043e \u043d\u0430 \u0432\u0430\u0448 \u0434\u0437\u0432\u0456\u043d\u043e\u043a.<\/p>\n<h4>\u041d\u0430\u0441\u0442\u0456\u043d\u043d\u0456 \u043a\u0440\u043e\u043d\u0448\u0442\u0435\u0439\u043d\u0438<\/h4>\n<p><a href=\"\/uk\/%d0%b4%d0%b8%d1%81%d1%82%d1%80%d0%b8%d0%b1%d1%83%d1%86%d1%96%d1%8f-%d0%ba%d0%be%d0%bd%d1%84%d0%b5%d1%80%d0%b5%d0%bd%d1%86-%d1%82%d0%b0-%d0%b0%d1%83%d0%b4%d1%96%d0%be-%d0%bc%d0%b5%d0%b4%d1%96%d0%b0\/%d0%b2%d1%96%d0%b4%d0%b5%d0%be%d1%82%d0%b5%d1%85%d0%bd%d0%be%d0%bb%d0%be%d0%b3%d1%96%d1%97\/%d0%ba%d1%80%d1%96%d0%bf%d0%bb%d0%b5%d0%bd%d0%bd%d1%8f-%d0%b4%d0%bb%d1%8f-%d0%b4%d0%b8%d1%81%d0%bf%d0%bb%d0%b5%d1%97%d0%b2-%d1%96-%d0%bf%d1%80%d0%be%d0%b5%d0%ba%d1%82%d0%be%d1%80%d1%96%d0%b2-2\/%d0%bd%d0%b0%d1%81%d1%82%d1%96%d0%bd%d0%bd%d1%96-%d0%ba%d1%80%d0%be%d0%bd%d1%88%d1%82%d0%b5%d0%b9%d0%bd%d0%b8\/\"><img fetchpriority=\"high\" decoding=\"async\" width=\"288\" height=\"198\" class=\"alignleft size-full wp-image-1356\" src=\"https:\/\/konferenztechnik.de\/wp-content\/uploads\/2013\/08\/01-wandhalterungen-fuer-projektoren.jpg\" alt=\"\u041d\u0430\u0441\u0442\u0456\u043d\u043d\u0456 \u043a\u0440\u0456\u043f\u043b\u0435\u043d\u043d\u044f \u0434\u043b\u044f \u043f\u0440\u043e\u0435\u043a\u0442\u043e\u0440\u0456\u0432\" title=\"\"><\/a><\/p>\n<p>\u041a\u0440\u0456\u043f\u043b\u0435\u043d\u043d\u044f \u0434\u043b\u044f \u0434\u0438\u0441\u043f\u043b\u0435\u0457\u0432, \u043f\u0440\u043e\u0435\u043a\u0442\u043e\u0440\u0456\u0432, \u043f\u043b\u0430\u043d\u0448\u0435\u0442\u0456\u0432, \u043a\u0430\u043c\u0435\u0440 \u0430\u0431\u043e \u0432\u0456\u0434\u0435\u043e\u0441\u0442\u0456\u043d<\/p>\n<p><a class=\"weiter\" href=\"\/uk\/%d0%b4%d0%b8%d1%81%d1%82%d1%80%d0%b8%d0%b1%d1%83%d1%86%d1%96%d1%8f-%d0%ba%d0%be%d0%bd%d1%84%d0%b5%d1%80%d0%b5%d0%bd%d1%86-%d1%82%d0%b0-%d0%b0%d1%83%d0%b4%d1%96%d0%be-%d0%bc%d0%b5%d0%b4%d1%96%d0%b0\/%d0%b2%d1%96%d0%b4%d0%b5%d0%be%d1%82%d0%b5%d1%85%d0%bd%d0%be%d0%bb%d0%be%d0%b3%d1%96%d1%97\/%d0%ba%d1%80%d1%96%d0%bf%d0%bb%d0%b5%d0%bd%d0%bd%d1%8f-%d0%b4%d0%bb%d1%8f-%d0%b4%d0%b8%d1%81%d0%bf%d0%bb%d0%b5%d1%97%d0%b2-%d1%96-%d0%bf%d1%80%d0%be%d0%b5%d0%ba%d1%82%d0%be%d1%80%d1%96%d0%b2-2\/%d0%bd%d0%b0%d1%81%d1%82%d1%96%d0%bd%d0%bd%d1%96-%d0%ba%d1%80%d0%be%d0%bd%d1%88%d1%82%d0%b5%d0%b9%d0%bd%d0%b8\/\">\u203a \u0411\u0456\u043b\u044c\u0448\u0435<\/a><\/p>\n<h4>\u041f\u0456\u0434\u043b\u043e\u0433\u043e\u0432\u0430 \u043f\u0456\u0434\u0441\u0442\u0430\u0432\u043a\u0430<\/h4>\n<p><a href=\"\/uk\/%d0%b4%d0%b8%d1%81%d1%82%d1%80%d0%b8%d0%b1%d1%83%d1%86%d1%96%d1%8f-%d0%ba%d0%be%d0%bd%d1%84%d0%b5%d1%80%d0%b5%d0%bd%d1%86-%d1%82%d0%b0-%d0%b0%d1%83%d0%b4%d1%96%d0%be-%d0%bc%d0%b5%d0%b4%d1%96%d0%b0\/%d0%b2%d1%96%d0%b4%d0%b5%d0%be%d1%82%d0%b5%d1%85%d0%bd%d0%be%d0%bb%d0%be%d0%b3%d1%96%d1%97\/%d0%ba%d1%80%d1%96%d0%bf%d0%bb%d0%b5%d0%bd%d0%bd%d1%8f-%d0%b4%d0%bb%d1%8f-%d0%b4%d0%b8%d1%81%d0%bf%d0%bb%d0%b5%d1%97%d0%b2-%d1%96-%d0%bf%d1%80%d0%be%d0%b5%d0%ba%d1%82%d0%be%d1%80%d1%96%d0%b2-2\/%d0%bf%d1%96%d0%b4%d0%bb%d0%be%d0%b3%d0%be%d0%b2%d0%b0-%d0%bf%d1%96%d0%b4%d1%81%d1%82%d0%b0%d0%b2%d0%ba%d0%b0\/\"><img decoding=\"async\" width=\"288\" height=\"198\" class=\"alignleft size-full wp-image-1359\" src=\"https:\/\/konferenztechnik.de\/wp-content\/uploads\/2013\/08\/04-bodenstaender-fuer-projektoren.jpg\" alt=\"\u041f\u0456\u0434\u043b\u043e\u0433\u043e\u0432\u0430 \u0441\u0442\u0456\u0439\u043a\u0430 \u0434\u043b\u044f \u043f\u0440\u043e\u0435\u043a\u0442\u043e\u0440\u0456\u0432\" title=\"\"><\/a><\/p>\n<p>\u041f\u0456\u0434\u043b\u043e\u0433\u043e\u0432\u0456 \u0441\u0442\u0456\u0439\u043a\u0438 \u0434\u043b\u044f \u043f\u0440\u043e\u0435\u043a\u0442\u043e\u0440\u0456\u0432 \u0456 \u0434\u0438\u0441\u043f\u043b\u0435\u0457\u0432, \u043d\u0438\u0437\u044c\u043a\u0456 \u043f\u0456\u0434\u043b\u043e\u0433\u043e\u0432\u0456 \u0441\u0442\u0456\u0439\u043a\u0438 \u0434\u043b\u044f \u043c\u043e\u043d\u0456\u0442\u043e\u0440\u0456\u0432 \u043f\u043e\u043f\u0435\u0440\u0435\u0434\u043d\u044c\u043e\u0433\u043e \u043f\u0435\u0440\u0435\u0433\u043b\u044f\u0434\u0443, \u043f\u0456\u0434\u043b\u043e\u0433\u043e\u0432\u0456 \u0441\u0442\u0456\u0439\u043a\u0438, \u044f\u043a\u0456 \u043c\u043e\u0436\u043d\u0430 \u043f\u043e\u0432\u043d\u0456\u0441\u0442\u044e \u0434\u0435\u043c\u043e\u043d\u0442\u0443\u0432\u0430\u0442\u0438, \u0430\u0434\u0430\u043f\u0442\u0435\u0440\u0438 \u0442\u0430 \u043e\u043f\u043e\u0440\u043d\u0456 \u043f\u043b\u0430\u0441\u0442\u0438\u043d\u0438<\/p>\n<p><a class=\"weiter\" href=\"\/uk\/%d0%b4%d0%b8%d1%81%d1%82%d1%80%d0%b8%d0%b1%d1%83%d1%86%d1%96%d1%8f-%d0%ba%d0%be%d0%bd%d1%84%d0%b5%d1%80%d0%b5%d0%bd%d1%86-%d1%82%d0%b0-%d0%b0%d1%83%d0%b4%d1%96%d0%be-%d0%bc%d0%b5%d0%b4%d1%96%d0%b0\/%d0%b2%d1%96%d0%b4%d0%b5%d0%be%d1%82%d0%b5%d1%85%d0%bd%d0%be%d0%bb%d0%be%d0%b3%d1%96%d1%97\/%d0%ba%d1%80%d1%96%d0%bf%d0%bb%d0%b5%d0%bd%d0%bd%d1%8f-%d0%b4%d0%bb%d1%8f-%d0%b4%d0%b8%d1%81%d0%bf%d0%bb%d0%b5%d1%97%d0%b2-%d1%96-%d0%bf%d1%80%d0%be%d0%b5%d0%ba%d1%82%d0%be%d1%80%d1%96%d0%b2-2\/%d0%bf%d1%96%d0%b4%d0%bb%d0%be%d0%b3%d0%be%d0%b2%d0%b0-%d0%bf%d1%96%d0%b4%d1%81%d1%82%d0%b0%d0%b2%d0%ba%d0%b0\/\">\u203a \u0411\u0456\u043b\u044c\u0448\u0435<\/a><\/p>\n<h4>\u0421\u0442\u0435\u043b\u044c\u043e\u0432\u0456 \u043a\u0440\u043e\u043d\u0448\u0442\u0435\u0439\u043d\u0438<\/h4>\n<p><a href=\"\/uk\/%d0%b4%d0%b8%d1%81%d1%82%d1%80%d0%b8%d0%b1%d1%83%d1%86%d1%96%d1%8f-%d0%ba%d0%be%d0%bd%d1%84%d0%b5%d1%80%d0%b5%d0%bd%d1%86-%d1%82%d0%b0-%d0%b0%d1%83%d0%b4%d1%96%d0%be-%d0%bc%d0%b5%d0%b4%d1%96%d0%b0\/%d0%b2%d1%96%d0%b4%d0%b5%d0%be%d1%82%d0%b5%d1%85%d0%bd%d0%be%d0%bb%d0%be%d0%b3%d1%96%d1%97\/%d0%ba%d1%80%d1%96%d0%bf%d0%bb%d0%b5%d0%bd%d0%bd%d1%8f-%d0%b4%d0%bb%d1%8f-%d0%b4%d0%b8%d1%81%d0%bf%d0%bb%d0%b5%d1%97%d0%b2-%d1%96-%d0%bf%d1%80%d0%be%d0%b5%d0%ba%d1%82%d0%be%d1%80%d1%96%d0%b2-2\/%d1%81%d1%82%d0%b5%d0%bb%d1%8c%d0%be%d0%b2%d1%96-%d0%ba%d1%80%d1%96%d0%bf%d0%bb%d0%b5%d0%bd%d0%bd%d1%8f\/\"><img decoding=\"async\" width=\"288\" height=\"198\" class=\"alignleft size-full wp-image-1357\" src=\"https:\/\/konferenztechnik.de\/wp-content\/uploads\/2013\/08\/02-deckenhalterungen-fuer-projektoren.jpg\" alt=\"\u0421\u0442\u0435\u043b\u044c\u043e\u0432\u0456 \u043a\u0440\u0456\u043f\u043b\u0435\u043d\u043d\u044f \u0434\u043b\u044f \u043f\u0440\u043e\u0435\u043a\u0442\u043e\u0440\u0456\u0432\" title=\"\"><\/a><\/p>\n<p>\u041a\u0440\u043e\u043d\u0448\u0442\u0435\u0439\u043d\u0438 \u0440\u0456\u0437\u043d\u043e\u0457 \u0434\u043e\u0432\u0436\u0438\u043d\u0438, \u043f\u043e\u0432\u043e\u0440\u043e\u0442\u043d\u0456 \u043a\u0440\u043e\u043d\u0448\u0442\u0435\u0439\u043d\u0438, \u043d\u0430\u0431\u043e\u0440\u0438 \u0434\u0437\u0435\u0440\u043a\u0430\u043b, \u0437\u0430\u0442\u0438\u0441\u043a\u043d\u0456 \u043a\u0440\u043e\u043d\u0448\u0442\u0435\u0439\u043d\u0438 \u0434\u043b\u044f \u0441\u0442\u0430\u043b\u0435\u0432\u0438\u0445 \u0431\u0430\u043b\u043e\u043a<\/p>\n<p><a class=\"weiter\" href=\"\/uk\/%d0%b4%d0%b8%d1%81%d1%82%d1%80%d0%b8%d0%b1%d1%83%d1%86%d1%96%d1%8f-%d0%ba%d0%be%d0%bd%d1%84%d0%b5%d1%80%d0%b5%d0%bd%d1%86-%d1%82%d0%b0-%d0%b0%d1%83%d0%b4%d1%96%d0%be-%d0%bc%d0%b5%d0%b4%d1%96%d0%b0\/%d0%b2%d1%96%d0%b4%d0%b5%d0%be%d1%82%d0%b5%d1%85%d0%bd%d0%be%d0%bb%d0%be%d0%b3%d1%96%d1%97\/%d0%ba%d1%80%d1%96%d0%bf%d0%bb%d0%b5%d0%bd%d0%bd%d1%8f-%d0%b4%d0%bb%d1%8f-%d0%b4%d0%b8%d1%81%d0%bf%d0%bb%d0%b5%d1%97%d0%b2-%d1%96-%d0%bf%d1%80%d0%be%d0%b5%d0%ba%d1%82%d0%be%d1%80%d1%96%d0%b2-2\/%d1%81%d1%82%d0%b5%d0%bb%d1%8c%d0%be%d0%b2%d1%96-%d0%ba%d1%80%d1%96%d0%bf%d0%bb%d0%b5%d0%bd%d0%bd%d1%8f\/\">\u203a \u0411\u0456\u043b\u044c\u0448\u0435<\/a><\/p>\n<h4>\u041a\u0440\u043e\u043d\u0448\u0442\u0435\u0439\u043d\u0438 \u0444\u0435\u0440\u043c<\/h4>\n<p><a href=\"\/uk\/%d0%b4%d0%b8%d1%81%d1%82%d1%80%d0%b8%d0%b1%d1%83%d1%86%d1%96%d1%8f-%d0%ba%d0%be%d0%bd%d1%84%d0%b5%d1%80%d0%b5%d0%bd%d1%86-%d1%82%d0%b0-%d0%b0%d1%83%d0%b4%d1%96%d0%be-%d0%bc%d0%b5%d0%b4%d1%96%d0%b0\/%d0%b2%d1%96%d0%b4%d0%b5%d0%be%d1%82%d0%b5%d1%85%d0%bd%d0%be%d0%bb%d0%be%d0%b3%d1%96%d1%97\/%d0%ba%d1%80%d1%96%d0%bf%d0%bb%d0%b5%d0%bd%d0%bd%d1%8f-%d0%b4%d0%bb%d1%8f-%d0%b4%d0%b8%d1%81%d0%bf%d0%bb%d0%b5%d1%97%d0%b2-%d1%96-%d0%bf%d1%80%d0%be%d0%b5%d0%ba%d1%82%d0%be%d1%80%d1%96%d0%b2-2\/%d0%ba%d1%80%d0%be%d0%ba%d0%b2%d1%8f%d0%bd%d1%96-%d0%ba%d1%80%d0%be%d0%bd%d1%88%d1%82%d0%b5%d0%b9%d0%bd%d0%b8\/\"><img loading=\"lazy\" decoding=\"async\" width=\"288\" height=\"198\" class=\"alignleft size-full wp-image-1358\" src=\"https:\/\/konferenztechnik.de\/wp-content\/uploads\/2013\/08\/03-trusshalterungen-fuer-projektoren.jpg\" alt=\"\u041a\u0440\u043e\u043d\u0448\u0442\u0435\u0439\u043d\u0438 \u0434\u043b\u044f \u043f\u0440\u043e\u0435\u043a\u0442\u043e\u0440\u0456\u0432 \u043d\u0430 \u0444\u0435\u0440\u043c\u0430\u0445\" title=\"\"><\/a><\/p>\n<p>\u041a\u0440\u043e\u043d\u0448\u0442\u0435\u0439\u043d\u0438 \u0434\u043b\u044f \u0434\u0438\u0441\u043f\u043b\u0435\u0457\u0432 \u0456 \u043f\u0440\u043e\u0435\u043a\u0442\u043e\u0440\u0456\u0432, \u043a\u0440\u043e\u043d\u0448\u0442\u0435\u0439\u043d\u0438 \u0437 \u043f\u0440\u0438\u0441\u0442\u0440\u043e\u044f\u043c\u0438 \u0434\u043b\u044f \u043b\u0435\u0433\u043a\u043e\u0433\u043e \u0442\u043e\u0447\u043d\u043e\u0433\u043e \u0440\u0435\u0433\u0443\u043b\u044e\u0432\u0430\u043d\u043d\u044f, \u0441\u0442\u0435\u043a\u043e\u0432\u0456 \u0440\u0430\u043c\u0438 (\u0437\u0430\u0445\u0438\u0441\u043d\u0438\u0439 \u043a\u043e\u0436\u0443\u0445), \u043a\u0440\u043e\u043d\u0448\u0442\u0435\u0439\u043d\u0438 \u0434\u043b\u044f \u0434\u0443\u0436\u0435 \u0448\u0432\u0438\u0434\u043a\u043e\u0433\u043e \u043c\u043e\u043d\u0442\u0430\u0436\u0443 \u0434\u043b\u044f \u043a\u043e\u043c\u043f\u0430\u043d\u0456\u0439, \u0449\u043e \u043d\u0430\u0434\u0430\u044e\u0442\u044c \u0442\u0435\u0445\u043d\u0456\u043a\u0443 \u0432 \u043e\u0440\u0435\u043d\u0434\u0443<\/p>\n<p><a class=\"weiter\" title=\"\u041e\u0441\u0456\u043d\u043d\u0456\u0439 \u043d\u0430\u0432\u0447\u0430\u043b\u044c\u043d\u0438\u0439 \u043a\u0443\u0440\u0441 \u0434\u043b\u044f \u043f\u0435\u0440\u0435\u043a\u043b\u0430\u0434\u0430\u0447\u0456\u0432\" href=\"\/uk\/%d0%b4%d0%b8%d1%81%d1%82%d1%80%d0%b8%d0%b1%d1%83%d1%86%d1%96%d1%8f-%d0%ba%d0%be%d0%bd%d1%84%d0%b5%d1%80%d0%b5%d0%bd%d1%86-%d1%82%d0%b0-%d0%b0%d1%83%d0%b4%d1%96%d0%be-%d0%bc%d0%b5%d0%b4%d1%96%d0%b0\/%d0%b2%d1%96%d0%b4%d0%b5%d0%be%d1%82%d0%b5%d1%85%d0%bd%d0%be%d0%bb%d0%be%d0%b3%d1%96%d1%97\/%d0%ba%d1%80%d1%96%d0%bf%d0%bb%d0%b5%d0%bd%d0%bd%d1%8f-%d0%b4%d0%bb%d1%8f-%d0%b4%d0%b8%d1%81%d0%bf%d0%bb%d0%b5%d1%97%d0%b2-%d1%96-%d0%bf%d1%80%d0%be%d0%b5%d0%ba%d1%82%d0%be%d1%80%d1%96%d0%b2-2\/%d0%ba%d1%80%d0%be%d0%ba%d0%b2%d1%8f%d0%bd%d1%96-%d0%ba%d1%80%d0%be%d0%bd%d1%88%d1%82%d0%b5%d0%b9%d0%bd%d0%b8\/\">\u203a \u0411\u0456\u043b\u044c\u0448\u0435<\/a><\/p>\n<h4>\u041a\u043e\u043d\u0444\u0435\u0440\u0435\u043d\u0446-\u043c\u0435\u0431\u043b\u0456<\/h4>\n<p><a href=\"\/uk\/%d0%b4%d0%b8%d1%81%d1%82%d1%80%d0%b8%d0%b1%d1%83%d1%86%d1%96%d1%8f-%d0%ba%d0%be%d0%bd%d1%84%d0%b5%d1%80%d0%b5%d0%bd%d1%86-%d1%82%d0%b0-%d0%b0%d1%83%d0%b4%d1%96%d0%be-%d0%bc%d0%b5%d0%b4%d1%96%d0%b0\/%d0%b2%d1%96%d0%b4%d0%b5%d0%be%d1%82%d0%b5%d1%85%d0%bd%d0%be%d0%bb%d0%be%d0%b3%d1%96%d1%97\/%d0%ba%d1%80%d1%96%d0%bf%d0%bb%d0%b5%d0%bd%d0%bd%d1%8f-%d0%b4%d0%bb%d1%8f-%d0%b4%d0%b8%d1%81%d0%bf%d0%bb%d0%b5%d1%97%d0%b2-%d1%96-%d0%bf%d1%80%d0%be%d0%b5%d0%ba%d1%82%d0%be%d1%80%d1%96%d0%b2-2\/%d0%ba%d0%be%d0%bd%d1%84%d0%b5%d1%80%d0%b5%d0%bd%d1%86-%d0%bc%d0%b5%d0%b1%d0%bb%d1%96\/\"><img loading=\"lazy\" decoding=\"async\" width=\"288\" height=\"191\" class=\"alignleft size-full wp-image-4381\" src=\"https:\/\/konferenztechnik.de\/wp-content\/uploads\/2013\/08\/konferenzmoebel.jpg\" alt=\"\u041a\u043e\u043d\u0444\u0435\u0440\u0435\u043d\u0446-\u043c\u0435\u0431\u043b\u0456\" title=\"\"><\/a><\/p>\n<p>\u0428\u0430\u0444\u0438 \u0434\u043b\u044f \u0441\u0438\u0441\u0442\u0435\u043c \u0432\u0456\u0434\u0435\u043e\u043a\u043e\u043d\u0444\u0435\u0440\u0435\u043d\u0446\u0437\u0432'\u044f\u0437\u043a\u0443, \u0434\u043e\u0448\u043e\u043a \u0430\u0431\u043e \u0434\u0438\u0441\u043f\u043b\u0435\u0457\u0432, \u043f\u0456\u0434\u0441\u0442\u0430\u0432\u043a\u0438 \u0434\u043b\u044f \u043f\u0440\u043e\u0435\u043a\u0442\u043e\u0440\u0456\u0432, \u043c\u043e\u0431\u0456\u043b\u044c\u043d\u0456 \u0440\u0456\u0448\u0435\u043d\u043d\u044f \u043d\u0430 \u043a\u043e\u043b\u0435\u0441\u0430\u0445<\/p>\n<p><a class=\"weiter\" title=\"\u041e\u0441\u0456\u043d\u043d\u0456\u0439 \u043d\u0430\u0432\u0447\u0430\u043b\u044c\u043d\u0438\u0439 \u043a\u0443\u0440\u0441 \u0434\u043b\u044f \u043f\u0435\u0440\u0435\u043a\u043b\u0430\u0434\u0430\u0447\u0456\u0432\" href=\"\/uk\/%d0%b4%d0%b8%d1%81%d1%82%d1%80%d0%b8%d0%b1%d1%83%d1%86%d1%96%d1%8f-%d0%ba%d0%be%d0%bd%d1%84%d0%b5%d1%80%d0%b5%d0%bd%d1%86-%d1%82%d0%b0-%d0%b0%d1%83%d0%b4%d1%96%d0%be-%d0%bc%d0%b5%d0%b4%d1%96%d0%b0\/%d0%b2%d1%96%d0%b4%d0%b5%d0%be%d1%82%d0%b5%d1%85%d0%bd%d0%be%d0%bb%d0%be%d0%b3%d1%96%d1%97\/%d0%ba%d1%80%d1%96%d0%bf%d0%bb%d0%b5%d0%bd%d0%bd%d1%8f-%d0%b4%d0%bb%d1%8f-%d0%b4%d0%b8%d1%81%d0%bf%d0%bb%d0%b5%d1%97%d0%b2-%d1%96-%d0%bf%d1%80%d0%be%d0%b5%d0%ba%d1%82%d0%be%d1%80%d1%96%d0%b2-2\/%d0%ba%d0%be%d0%bd%d1%84%d0%b5%d1%80%d0%b5%d0%bd%d1%86-%d0%bc%d0%b5%d0%b1%d0%bb%d1%96\/\">\u203a \u0411\u0456\u043b\u044c\u0448\u0435<\/a><\/p>\n<h4>\u0421\u043f\u0435\u0446\u0456\u0430\u043b\u044c\u043d\u0456 \u043a\u0440\u043e\u043d\u0448\u0442\u0435\u0439\u043d\u0438<\/h4>\n<p><a href=\"\/uk\/%d0%b4%d0%b8%d1%81%d1%82%d1%80%d0%b8%d0%b1%d1%83%d1%86%d1%96%d1%8f-%d0%ba%d0%be%d0%bd%d1%84%d0%b5%d1%80%d0%b5%d0%bd%d1%86-%d1%82%d0%b0-%d0%b0%d1%83%d0%b4%d1%96%d0%be-%d0%bc%d0%b5%d0%b4%d1%96%d0%b0\/%d0%b2%d1%96%d0%b4%d0%b5%d0%be%d1%82%d0%b5%d1%85%d0%bd%d0%be%d0%bb%d0%be%d0%b3%d1%96%d1%97\/%d0%ba%d1%80%d1%96%d0%bf%d0%bb%d0%b5%d0%bd%d0%bd%d1%8f-%d0%b4%d0%bb%d1%8f-%d0%b4%d0%b8%d1%81%d0%bf%d0%bb%d0%b5%d1%97%d0%b2-%d1%96-%d0%bf%d1%80%d0%be%d0%b5%d0%ba%d1%82%d0%be%d1%80%d1%96%d0%b2-2\/%d1%81%d0%bf%d0%b5%d1%86%d1%96%d0%b0%d0%bb%d1%8c%d0%bd%d1%96-%d0%ba%d1%80%d0%be%d0%bd%d1%88%d1%82%d0%b5%d0%b9%d0%bd%d0%b8\/\"><img loading=\"lazy\" decoding=\"async\" width=\"288\" height=\"191\" class=\"alignleft size-full wp-image-4484\" src=\"https:\/\/konferenztechnik.de\/wp-content\/uploads\/2013\/08\/pcs-spezialanwendungen.jpg\" alt=\"\u041a\u0440\u0456\u043f\u043b\u0435\u043d\u043d\u044f \u0434\u043b\u044f \u0434\u0438\u0441\u043f\u043b\u0435\u0457\u0432 \u0456 \u043f\u0440\u043e\u0435\u043a\u0442\u043e\u0440\u0456\u0432: \u0421\u043f\u0435\u0446\u0456\u0430\u043b\u044c\u043d\u0456 \u043a\u0440\u0456\u043f\u043b\u0435\u043d\u043d\u044f\" title=\"\"><\/a><\/p>\n<p>\u041a\u0440\u0456\u043f\u043b\u0435\u043d\u043d\u044f \u0434\u043b\u044f \u043f\u043b\u0430\u043d\u0448\u0435\u0442\u0456\u0432 (\u043d\u0430\u043f\u0440\u0438\u043a\u043b\u0430\u0434, iPad) \u043d\u0430 \u0441\u0442\u0456\u043d\u0438 \u0442\u0430 \u043f\u0456\u0434\u043b\u043e\u0433\u0443, \u043a\u0440\u0456\u043f\u043b\u0435\u043d\u043d\u044f \u0434\u043b\u044f \u0432\u0456\u0434\u0435\u043e\u0441\u0442\u0456\u043d, \u0440\u0430\u043c\u043a\u0438 \u0434\u043b\u044f \u0441\u0442\u0435\u043a\u0456\u0432, \u043f\u0456\u0434\u0441\u0442\u0430\u0432\u043a\u0438 tip &amp; touch (\u043d\u0430\u0441\u0442\u0456\u043b\u044c\u043d\u0456 \u043a\u0440\u0456\u043f\u043b\u0435\u043d\u043d\u044f \u0434\u043b\u044f \u0441\u0435\u043d\u0441\u043e\u0440\u043d\u0438\u0445 \u0435\u043a\u0440\u0430\u043d\u0456\u0432)<\/p>\n<p><a class=\"weiter\" title=\"\u0421\u043f\u0435\u0446\u0456\u0430\u043b\u044c\u043d\u0456 \u043a\u0440\u043e\u043d\u0448\u0442\u0435\u0439\u043d\u0438\" href=\"\/uk\/%d0%b4%d0%b8%d1%81%d1%82%d1%80%d0%b8%d0%b1%d1%83%d1%86%d1%96%d1%8f-%d0%ba%d0%be%d0%bd%d1%84%d0%b5%d1%80%d0%b5%d0%bd%d1%86-%d1%82%d0%b0-%d0%b0%d1%83%d0%b4%d1%96%d0%be-%d0%bc%d0%b5%d0%b4%d1%96%d0%b0\/%d0%b2%d1%96%d0%b4%d0%b5%d0%be%d1%82%d0%b5%d1%85%d0%bd%d0%be%d0%bb%d0%be%d0%b3%d1%96%d1%97\/%d0%ba%d1%80%d1%96%d0%bf%d0%bb%d0%b5%d0%bd%d0%bd%d1%8f-%d0%b4%d0%bb%d1%8f-%d0%b4%d0%b8%d1%81%d0%bf%d0%bb%d0%b5%d1%97%d0%b2-%d1%96-%d0%bf%d1%80%d0%be%d0%b5%d0%ba%d1%82%d0%be%d1%80%d1%96%d0%b2-2\/%d1%81%d0%bf%d0%b5%d1%86%d1%96%d0%b0%d0%bb%d1%8c%d0%bd%d1%96-%d0%ba%d1%80%d0%be%d0%bd%d1%88%d1%82%d0%b5%d0%b9%d0%bd%d0%b8\/\">\u203a \u0411\u0456\u043b\u044c\u0448\u0435<\/a><\/p>","protected":false},"excerpt":{"rendered":"<p>Halterungen f\u00fcr Displays und Projektoren In unserem Sortiment finden Sie Halterungen f\u00fcr die unterschiedlichsten Anwendungsgebiete: Ob Tablet (z. B. iPad), Display Projektor oder Videowall, auf den Boden gestellt, von der Decke h\u00e4ngend oder and der Wand befestigt. Lassen Sie sich von unserer Auswahl an Halterungen \u00fcberzeugen und kontaktieren Sie uns einfach, wenn Sie Unterst\u00fctzung bei [&hellip;]<\/p>","protected":false},"author":1,"featured_media":45482,"parent":1138,"menu_order":228,"comment_status":"closed","ping_status":"open","template":"","meta":{"_acf_changed":false,"footnotes":""},"class_list":["post-1221","page","type-page","status-publish","has-post-thumbnail","hentry"],"acf":[],"_links":{"self":[{"href":"https:\/\/konferenztechnik.de\/uk\/wp-json\/wp\/v2\/pages\/1221","targetHints":{"allow":["GET"]}}],"collection":[{"href":"https:\/\/konferenztechnik.de\/uk\/wp-json\/wp\/v2\/pages"}],"about":[{"href":"https:\/\/konferenztechnik.de\/uk\/wp-json\/wp\/v2\/types\/page"}],"author":[{"embeddable":true,"href":"https:\/\/konferenztechnik.de\/uk\/wp-json\/wp\/v2\/users\/1"}],"replies":[{"embeddable":true,"href":"https:\/\/konferenztechnik.de\/uk\/wp-json\/wp\/v2\/comments?post=1221"}],"version-history":[{"count":0,"href":"https:\/\/konferenztechnik.de\/uk\/wp-json\/wp\/v2\/pages\/1221\/revisions"}],"up":[{"embeddable":true,"href":"https:\/\/konferenztechnik.de\/uk\/wp-json\/wp\/v2\/pages\/1138"}],"wp:featuredmedia":[{"embeddable":true,"href":"https:\/\/konferenztechnik.de\/uk\/wp-json\/wp\/v2\/media\/45482"}],"wp:attachment":[{"href":"https:\/\/konferenztechnik.de\/uk\/wp-json\/wp\/v2\/media?parent=1221"}],"curies":[{"name":"wp","href":"https:\/\/api.w.org\/{rel}","templated":true}]}}