{"id":12352,"date":"2018-02-06T10:01:08","date_gmt":"2018-02-06T09:01:08","guid":{"rendered":"https:\/\/www.konferenztechnik.de\/?page_id=12352"},"modified":"2018-02-06T10:01:08","modified_gmt":"2018-02-06T09:01:08","slug":"bosch-dicentis-idesk","status":"publish","type":"page","link":"https:\/\/konferenztechnik.de\/uk\/bosch-dicentis-idesk\/","title":{"rendered":"Bosch Dicentis IDESK"},"content":{"rendered":"<h1>\u0420\u0456\u0448\u0435\u043d\u043d\u044f \u0434\u043b\u044f \u043f\u0435\u0440\u0435\u043a\u043b\u0430\u0434\u0430\u0447\u0456\u0432 Bosch Dicentis IDESK \u2013<\/h1>\n<div class=\"call-action-slider-img\">\n<p><img decoding=\"async\" src=\"https:\/\/konferenztechnik.de\/wp-content\/uploads\/2018\/02\/bosch-dicentis-dolmetschpult-i-desk.jpg\" alt=\"\u041f\u0435\u0440\u0435\u043a\u043b\u0430\u0434\u0430\u0446\u044c\u043a\u0438\u0439 \u0441\u0442\u0456\u043b Bosch Dicentis IDESK \u043d\u0430 \u0441\u0442\u0435\u043d\u0434\u0456\" class=\"alignleft size-full wp-image-12412\" title=\"\"><\/p>\n<p><button class=\"bbtn popmake-12386\">\u0417\u0430\u043f\u0440\u043e\u0441\u0456\u0442\u044c \u043f\u0440\u043e\u043f\u043e\u0437\u0438\u0446\u0456\u044e &#x9B;<\/button>\n<\/div>\n<p>\u041f\u0443\u043b\u044c\u0442 \u043f\u0435\u0440\u0435\u043a\u043b\u0430\u0434\u0430\u0447\u0430 DICENTIS (I-DESK) - \u0446\u0435 \u043d\u043e\u0432\u0438\u0439 \u043f\u0443\u043b\u044c\u0442 \u043f\u0435\u0440\u0435\u043a\u043b\u0430\u0434\u0430\u0447\u0430 \u0432\u0456\u0434 Bosch. \u0412\u043e\u043d\u0430 \u0454 \u0447\u0430\u0441\u0442\u0438\u043d\u043e\u044e \u0441\u0456\u043c\u0435\u0439\u0441\u0442\u0432\u0430 \u043f\u0440\u043e\u0434\u0443\u043a\u0442\u0456\u0432 Bosch Dicentis \u0456 \u0434\u043e\u043f\u043e\u0432\u043d\u044e\u0454 \u0441\u0438\u0441\u0442\u0435\u043c\u0443 Dicentis Interpreter Solution System.<br \/>\n\u0417\u0430 \u0434\u043e\u043f\u043e\u043c\u043e\u0433\u043e\u044e \u043a\u043e\u043d\u0441\u043e\u043b\u0456 \u043f\u0435\u0440\u0435\u043a\u043b\u0430\u0434\u0430\u0447\u0430 DICENTIS (I-DESK) \u043a\u043e\u043c\u043f\u0430\u043d\u0456\u044f Bosch \u0440\u0435\u0430\u0433\u0443\u0454 \u043d\u0430 \u043c\u0456\u043d\u043b\u0438\u0432\u0456 \u0432\u0438\u043c\u043e\u0433\u0438 \u0440\u0438\u043d\u043a\u0443 \u0434\u043e \u0442\u0435\u0445\u043d\u043e\u043b\u043e\u0433\u0456\u0439 \u0441\u0438\u043d\u0445\u0440\u043e\u043d\u043d\u043e\u0433\u043e \u043f\u0435\u0440\u0435\u043a\u043b\u0430\u0434\u0443, \u044f\u043a\u0456 \u0437\u043c\u0456\u043d\u044e\u044e\u0442\u044c\u0441\u044f \u043e\u0441\u0442\u0430\u043d\u043d\u0456\u043c\u0438 \u0440\u043e\u043a\u0430\u043c\u0438. \u0421\u044e\u0434\u0438 \u0432\u0445\u043e\u0434\u0438\u0442\u044c \u043f\u0456\u0434\u0442\u0440\u0438\u043c\u043a\u0430 \u0434\u043e 100 \u043c\u043e\u0432 (\u043e\u0441\u043e\u0431\u043b\u0438\u0432\u043e \u0432\u0430\u0436\u043b\u0438\u0432\u0430 \u043d\u0430 \u0440\u0456\u0432\u043d\u0456 \u0404\u0421), \u0432\u0456\u0434\u043f\u043e\u0432\u0456\u0434\u043d\u0456\u0441\u0442\u044c \u0441\u0442\u0430\u043d\u0434\u0430\u0440\u0442\u0430\u043c ISO \u0434\u043b\u044f \u0442\u0435\u0445\u043d\u043e\u043b\u043e\u0433\u0456\u0439 \u0443\u0441\u043d\u043e\u0433\u043e \u043f\u0435\u0440\u0435\u043a\u043b\u0430\u0434\u0443 \u0442\u0430 \u0442\u0435\u0445\u043d\u0456\u0447\u043d\u0438\u043c \u0432\u0438\u043c\u043e\u0433\u0430\u043c \u0434\u043e \u0456\u043d\u0441\u0442\u0430\u043b\u044f\u0446\u0456\u0457 \u0442\u0430 \u0441\u0438\u0441\u0442\u0435\u043c\u043d\u043e\u0457 \u0456\u043d\u0442\u0435\u0433\u0440\u0430\u0446\u0456\u0457 (<a href=\"https:\/\/de.wikipedia.org\/wiki\/Dante_(Netzwerkprotokoll)\" target=\"_blank\" rel=\"noopener noreferrer\">\u041a\u043b\u044e\u0447\u043e\u0432\u0435 \u0441\u043b\u043e\u0432\u043e: DANTE<\/a>). \u0421\u0438\u0441\u0442\u0435\u043c\u0430 \u0443\u0441\u043d\u043e\u0433\u043e \u043f\u0435\u0440\u0435\u043a\u043b\u0430\u0434\u0443 Dicentis \u043d\u0430\u0434\u0456\u0439\u0434\u0435 \u0432 \u043f\u0440\u043e\u0434\u0430\u0436 \u0432\u043b\u0456\u0442\u043a\u0443 2018 \u0440\u043e\u043a\u0443, \u0456 \u043c\u0438 \u0432\u0436\u0435 \u043f\u0456\u0434\u0441\u0443\u043c\u0443\u0432\u0430\u043b\u0438 \u0434\u043b\u044f \u0432\u0430\u0441 \u043d\u0430\u0439\u0432\u0430\u0436\u043b\u0438\u0432\u0456\u0448\u0456 \u0444\u0443\u043d\u043a\u0446\u0456\u0457 \u0442\u0430 \u043a\u043e\u043c\u043f\u043e\u043d\u0435\u043d\u0442\u0438 \u0441\u0438\u0441\u0442\u0435\u043c\u0438.<\/p>\n<h2>\u041e\u0441\u043e\u0431\u043b\u0438\u0432\u043e\u0441\u0442\u0456 \u043a\u043e\u043d\u0441\u043e\u043b\u0456 \u043f\u0435\u0440\u0435\u043a\u043b\u0430\u0434\u0430\u0447\u0430 DICENTIS (I-DESK)<\/h2>\n<p>[column size=\"1-2\u2033 last=\"0\u2033]<img fetchpriority=\"high\" decoding=\"async\" width=\"850\" height=\"680\" src=\"https:\/\/konferenztechnik.de\/wp-content\/uploads\/2018\/01\/bosch-dicentis-i-desk-2.jpg\" alt=\"Bosch Dicentis DCNM-IDESK \u0444\u0440\u043e\u043d\u0442\u0430\u043b\u044c\u043d\u0430\" class=\"alignleft size-full wp-image-12425\" title=\"\" srcset=\"https:\/\/konferenztechnik.de\/wp-content\/uploads\/2018\/01\/bosch-dicentis-i-desk-2.jpg 850w, https:\/\/konferenztechnik.de\/wp-content\/uploads\/2018\/01\/bosch-dicentis-i-desk-2-300x240.jpg 300w, https:\/\/konferenztechnik.de\/wp-content\/uploads\/2018\/01\/bosch-dicentis-i-desk-2-768x614.jpg 768w\" sizes=\"(max-width: 850px) 100vw, 850px\" \/>[\/column]<br \/>\n[column size=\"1-2\u2033 last=\"0\u2033]<img decoding=\"async\" width=\"850\" height=\"680\" src=\"https:\/\/konferenztechnik.de\/wp-content\/uploads\/2018\/01\/digitales-dolmetschpult-bosch-dicentis-b-1.jpg\" alt=\"\u0426\u0438\u0444\u0440\u043e\u0432\u0438\u0439 \u043f\u0435\u0440\u0435\u043a\u043b\u0430\u0434\u0430\u0446\u044c\u043a\u0438\u0439 \u0441\u0442\u0456\u043b Bosch Dicentis \u0414\u0435\u0442\u0430\u043b\u044c\u043d\u0456\u0448\u0435\" class=\"alignleft size-full wp-image-12427\" title=\"\" srcset=\"https:\/\/konferenztechnik.de\/wp-content\/uploads\/2018\/01\/digitales-dolmetschpult-bosch-dicentis-b-1.jpg 850w, https:\/\/konferenztechnik.de\/wp-content\/uploads\/2018\/01\/digitales-dolmetschpult-bosch-dicentis-b-1-300x240.jpg 300w, https:\/\/konferenztechnik.de\/wp-content\/uploads\/2018\/01\/digitales-dolmetschpult-bosch-dicentis-b-1-768x614.jpg 768w\" sizes=\"(max-width: 850px) 100vw, 850px\" \/>[\/column]<br \/>\n[column size=\"1-3\u2033 last=\"1\u2033]<img decoding=\"async\" width=\"850\" height=\"654\" src=\"https:\/\/konferenztechnik.de\/wp-content\/uploads\/2018\/01\/i-desk-detail.jpg\" alt=\"Dicentis IDESK \u0434\u0435\u0442\u0430\u043b\u044c\u043d\u0438\u0439 \u043e\u0433\u043b\u044f\u0434\" class=\"alignleft size-full wp-image-12363\" title=\"\" srcset=\"https:\/\/konferenztechnik.de\/wp-content\/uploads\/2018\/01\/i-desk-detail.jpg 850w, https:\/\/konferenztechnik.de\/wp-content\/uploads\/2018\/01\/i-desk-detail-300x231.jpg 300w, https:\/\/konferenztechnik.de\/wp-content\/uploads\/2018\/01\/i-desk-detail-768x591.jpg 768w\" sizes=\"(max-width: 850px) 100vw, 850px\" \/>[\/column]<\/p>\n<p>[list icon=\"moon-checkmark\" color=\"#a62055\u2033]\u041f\u0456\u0434\u0442\u0440\u0438\u043c\u0443\u0454 \u0434\u043e 100 \u043c\u043e\u0432[\/list].<br \/>\n[list icon=\"moon-checkmark\" color=\"#a62055\u2033]7-\u0434\u044e\u0439\u043c\u043e\u0432\u0438\u0439 TFT \u0434\u0438\u0441\u043f\u043b\u0435\u0439 800*480[\/list]<br \/>\n[list icon=\"moon-checkmark\" color=\"#a62055\u2033]\u0412\u0456\u0434\u0435\u043e\u0432\u0438\u0445\u0456\u0434 HDMI \u0434\u043b\u044f \u043f\u0440\u0435\u0437\u0435\u043d\u0442\u0430\u0446\u0456\u0439 \u0430\u0431\u043e \u0432\u0456\u0434\u0435\u043e (\u0442\u0456\u043b\u044c\u043a\u0438 DCNM-IDESKVID)[\/list].<br \/>\n[list icon=\"moon-checkmark\" color=\"#a62055\u2033]\u0421\u0456\u043c \u0432\u0445\u0456\u0434\u043d\u0438\u0445 \u043c\u043e\u0432\u043d\u0438\u0445 \u0440\u0435\u0442\u0440\u0430\u043d\u0441\u043b\u044f\u0442\u043e\u0440\u0456\u0432 \u0456 \u0442\u0440\u0438 \u0432\u0438\u0445\u0456\u0434\u043d\u0456 \u043c\u043e\u0432\u0438[\/list].<br \/>\n[list icon=\"moon-checkmark\" color=\"#a62055\u2033]\u0412\u0431\u0443\u0434\u043e\u0432\u0430\u043d\u0438\u0439 \u0437\u0447\u0438\u0442\u0443\u0432\u0430\u0447 NFC \u0434\u043b\u044f \u0434\u043e\u0441\u0442\u0443\u043f\u0443 \u0434\u043e \u043e\u0441\u043e\u0431\u0438\u0441\u0442\u0438\u0445 \u043d\u0430\u043b\u0430\u0448\u0442\u0443\u0432\u0430\u043d\u044c[\/list].<br \/>\n[list icon=\"moon-checkmark\" color=\"#a62055\u2033]\u0422\u0440\u0438 \u0432\u0438\u0445\u043e\u0434\u0438 \u0434\u043b\u044f \u043d\u0430\u0432\u0443\u0448\u043d\u0438\u043a\u0456\u0432 (\u0434\u0432\u0430 \u0437\u0431\u043e\u043a\u0443 \u0456 \u043e\u0434\u0438\u043d \u0437\u043d\u0438\u0437\u0443)[\/list].<br \/>\n[list icon=\"moon-checkmark\" color=\"#a62055\u2033]\u0412\u0441\u0442\u0430\u0432\u043d\u0438\u0439 \u043c\u0456\u043a\u0440\u043e\u0444\u043e\u043d[\/list].<br \/>\n[list icon=\"moon-checkmark\" color=\"#a62055\u2033]\u0417\u0430\u0445\u0438\u0441\u0442 \u0441\u043b\u0443\u0445\u0443 \u0437 \u043f\u043e\u043f\u0435\u0440\u0435\u0434\u043d\u044c\u043e \u0432\u0438\u0437\u043d\u0430\u0447\u0435\u043d\u0438\u043c\u0438 \u043d\u0430\u0432\u0443\u0448\u043d\u0438\u043a\u0430\u043c\u0438 \u0442\u0430 \u0433\u0430\u0440\u043d\u0456\u0442\u0443\u0440\u0430\u043c\u0438[\/list].<\/p>\n<p>[spacer size=\"20\u2033]<\/p>\n<h2>\u0412\u0430\u0440\u0456\u0430\u043d\u0442\u0438 \u043c\u043e\u0434\u0435\u043b\u0435\u0439 Dicentis IDESK \u0442\u0430 IDESKVID<\/h2>\n<p><img loading=\"lazy\" decoding=\"async\" width=\"850\" height=\"414\" src=\"https:\/\/konferenztechnik.de\/wp-content\/uploads\/2018\/01\/bosch-dicentis-interpreting-i-desk-2.jpg\" alt=\"Bosch Dicentis Interpreting DCNM-IDESKVID\" class=\"alignleft size-full wp-image-12423\" title=\"\" srcset=\"https:\/\/konferenztechnik.de\/wp-content\/uploads\/2018\/01\/bosch-dicentis-interpreting-i-desk-2.jpg 850w, https:\/\/konferenztechnik.de\/wp-content\/uploads\/2018\/01\/bosch-dicentis-interpreting-i-desk-2-300x146.jpg 300w, https:\/\/konferenztechnik.de\/wp-content\/uploads\/2018\/01\/bosch-dicentis-interpreting-i-desk-2-768x374.jpg 768w\" sizes=\"(max-width: 850px) 100vw, 850px\" \/> <\/p>\n<p>\u041f\u0443\u043b\u044c\u0442 \u043f\u0435\u0440\u0435\u043a\u043b\u0430\u0434\u0430\u0447\u0430 Bosch \u0431\u0443\u0434\u0435 \u0434\u043e\u0441\u0442\u0443\u043f\u043d\u0438\u0439 \u0443 \u0434\u0432\u043e\u0445 \u043c\u043e\u0434\u0435\u043b\u044c\u043d\u0438\u0445 \u0432\u0430\u0440\u0456\u0430\u043d\u0442\u0430\u0445: DICENTIS (I-DESK) \u0442\u0430 DICENTIS (IDESKVID). I-DESK VID (=Video) \u0442\u0430\u043a\u043e\u0436 \u043c\u0430\u0454 \u0432\u0456\u0434\u0435\u043e\u0432\u0438\u0445\u0456\u0434 HDMI. \u0426\u0435 \u0434\u0430\u0454 \u0437\u043c\u043e\u0433\u0443 \u043f\u0456\u0434\u043a\u043b\u044e\u0447\u0438\u0442\u0438 \u0434\u043e \u043f\u0443\u043b\u044c\u0442\u0430 \u043f\u0435\u0440\u0435\u043a\u043b\u0430\u0434\u0430\u0447\u0430 \u0434\u0438\u0441\u043f\u043b\u0435\u0439. \u041f\u0440\u0435\u0437\u0435\u043d\u0442\u0430\u0446\u0456\u0457, \u0432\u0456\u0434\u0435\u043e \u0430\u0431\u043e \u0437\u043e\u0431\u0440\u0430\u0436\u0435\u043d\u043d\u044f \u043c\u043e\u0436\u043d\u0430 \u043f\u0435\u0440\u0435\u0434\u0430\u0432\u0430\u0442\u0438 \u0431\u0435\u0437\u043f\u043e\u0441\u0435\u0440\u0435\u0434\u043d\u044c\u043e \u043f\u0435\u0440\u0435\u043a\u043b\u0430\u0434\u0430\u0447\u0430\u043c \u043d\u0430 \u0434\u0438\u0441\u043f\u043b\u0435\u0439. \u0414\u043b\u044f \u043f\u0456\u0434\u043a\u043b\u044e\u0447\u0435\u043d\u043d\u044f \u0432\u0438\u043a\u043e\u0440\u0438\u0441\u0442\u043e\u0432\u0443\u0454\u0442\u044c\u0441\u044f \u0441\u0442\u0430\u043d\u0434\u0430\u0440\u0442\u043d\u0438\u0439 \u043a\u0430\u0431\u0435\u043b\u044c CAT.<\/p>\n<p>[spacer size=\"20\u2033]<\/p>\n<h2>\u0406\u043d\u0448\u0456 \u043f\u0440\u0438\u0441\u0442\u0440\u043e\u0457 DICENTIS INTERPRETING Solution<\/h2>\n<p>[spacer size=\"20\u2033]<br \/>\n<img loading=\"lazy\" decoding=\"async\" width=\"850\" height=\"287\" src=\"https:\/\/konferenztechnik.de\/wp-content\/uploads\/2018\/01\/audio-powering-switch-windows-server.jpg\" alt=\"\u0410\u0443\u0434\u0456\u043e\u043f\u0435\u0440\u0435\u043c\u0438\u043a\u0430\u0447 \u0436\u0438\u0432\u043b\u0435\u043d\u043d\u044f Bosch Dicentis (APS) \u0456 \u0441\u0435\u0440\u0432\u0435\u0440 Windows\" class=\"size-full wp-image-12376\" title=\"\" srcset=\"https:\/\/konferenztechnik.de\/wp-content\/uploads\/2018\/01\/audio-powering-switch-windows-server.jpg 850w, https:\/\/konferenztechnik.de\/wp-content\/uploads\/2018\/01\/audio-powering-switch-windows-server-300x101.jpg 300w, https:\/\/konferenztechnik.de\/wp-content\/uploads\/2018\/01\/audio-powering-switch-windows-server-768x259.jpg 768w\" sizes=\"(max-width: 850px) 100vw, 850px\" \/><br \/>\n[spacer size=\"20\u2033]<\/p>\n<h3>Bosch ServerOS \u0437 \u041f\u041a<\/h3>\n<p>\u0412\u043b\u0430\u0441\u043d\u0435 \u043f\u0440\u043e\u0433\u0440\u0430\u043c\u043d\u0435 \u0437\u0430\u0431\u0435\u0437\u043f\u0435\u0447\u0435\u043d\u043d\u044f ServerOS \u0432\u0456\u0434 Bosch \u0432\u0438\u043a\u043e\u0440\u0438\u0441\u0442\u043e\u0432\u0443\u0454\u0442\u044c\u0441\u044f \u0434\u043b\u044f \u043c\u0430\u0440\u0448\u0440\u0443\u0442\u0438\u0437\u0430\u0446\u0456\u0457 \u0441\u0438\u0433\u043d\u0430\u043b\u0456\u0432, \u043a\u0435\u0440\u0443\u0432\u0430\u043d\u043d\u044f \u0442\u0430 \u043a\u043e\u043d\u0442\u0440\u043e\u043b\u044e \u043f\u0456\u0434\u043a\u043b\u044e\u0447\u0435\u043d\u0438\u0445 \u043f\u0440\u0438\u0441\u0442\u0440\u043e\u0457\u0432, \u0430 \u0442\u0430\u043a\u043e\u0436 \u043e\u0431\u0440\u043e\u0431\u043a\u0438 \u043e\u0442\u0440\u0438\u043c\u0430\u043d\u0438\u0445 \u0434\u0430\u043d\u0438\u0445. \u0412\u043e\u043d\u043e \u0454 \u0446\u0435\u043d\u0442\u0440\u0430\u043b\u044c\u043d\u0438\u043c \u0435\u043b\u0435\u043c\u0435\u043d\u0442\u043e\u043c \u0440\u0456\u0448\u0435\u043d\u043d\u044f \u0434\u043b\u044f \u043f\u0435\u0440\u0435\u043a\u043b\u0430\u0434\u0443 Dicentis. \u0421\u0435\u0440\u0432\u0435\u0440 Windows \u0443 \u0444\u043e\u0440\u043c\u0430\u0442\u0456 \u0441\u0442\u0456\u0439\u043a\u0438, \u043d\u0430 \u044f\u043a\u043e\u043c\u0443 \u043f\u043e\u043f\u0435\u0440\u0435\u0434\u043d\u044c\u043e \u0432\u0441\u0442\u0430\u043d\u043e\u0432\u043b\u0435\u043d\u043e \u0442\u0430 \u043d\u0430\u043b\u0430\u0448\u0442\u043e\u0432\u0430\u043d\u043e Bosch ServerOS, \u043c\u043e\u0436\u043d\u0430 \u043f\u0440\u0438\u0434\u0431\u0430\u0442\u0438 \u0432 \u043a\u043e\u043c\u043f\u0430\u043d\u0456\u0457 Bosch.\n<\/p>\n<p>[spacer size=\"20\u2033]<\/p>\n<h3>\u0412\u0438\u043c\u0438\u043a\u0430\u0447 \u0436\u0438\u0432\u043b\u0435\u043d\u043d\u044f \u0430\u0443\u0434\u0456\u043e\u0441\u0438\u0441\u0442\u0435\u043c\u0438 Bosch Dicentis (APS2)<\/h3>\n<p>\u0410\u0443\u0434\u0456\u043e\u043f\u0435\u0440\u0435\u043c\u0438\u043a\u0430\u0447 \u0436\u0438\u0432\u043b\u0435\u043d\u043d\u044f (APS2) \u0442\u0430\u043a\u043e\u0436 \u0432\u0456\u0434\u043f\u043e\u0432\u0456\u0434\u0430\u0454 \u0437\u0430 \u043c\u0430\u0440\u0448\u0440\u0443\u0442\u0438\u0437\u0430\u0446\u0456\u044e \u0430\u0443\u0434\u0456\u043e\u0441\u0438\u0433\u043d\u0430\u043b\u0456\u0432 \u0443 \u0441\u0438\u0441\u0442\u0435\u043c\u0456 Dicentis. \u0412\u0456\u043d \u0442\u0430\u043a\u043e\u0436 \u0441\u043b\u0443\u0436\u0438\u0442\u044c \u0431\u043b\u043e\u043a\u043e\u043c \u0436\u0438\u0432\u043b\u0435\u043d\u043d\u044f \u0456 \u0437\u0430\u0431\u0435\u0437\u043f\u0435\u0447\u0443\u0454 \u043d\u0435\u043e\u0431\u0445\u0456\u0434\u043d\u0443 \u043d\u0430\u043f\u0440\u0443\u0433\u0443 \u0434\u043b\u044f \u0432\u0441\u0456\u0445 \u043f\u0440\u0438\u0441\u0442\u0440\u043e\u0457\u0432, \u0456\u043d\u0442\u0435\u0433\u0440\u043e\u0432\u0430\u043d\u0438\u0445 \u0432 \u0441\u0438\u0441\u0442\u0435\u043c\u0443 Dicentis. \u0417\u043e\u0432\u043d\u0456\u0448\u043d\u0456 \u0430\u0443\u0434\u0456\u043e\u0441\u0438\u0433\u043d\u0430\u043b\u0438 \u043c\u043e\u0436\u043d\u0430 \u043f\u043e\u0434\u0430\u0432\u0430\u0442\u0438 \u0447\u0435\u0440\u0435\u0437 4 \u0440\u043e\u0437'\u0454\u043c\u0438 XLR (2 \u0432\u0445\u043e\u0434\u0438, 2 \u0432\u0438\u0445\u043e\u0434\u0438) \u0430\u0431\u043e \u0432\u0438\u0432\u043e\u0434\u0438\u0442\u0438 \u0437\u0432\u0443\u043a \u043d\u0430 \u0437\u043e\u0432\u043d\u0456\u0448\u043d\u0456 \u0434\u0436\u0435\u0440\u0435\u043b\u0430. <\/p>\n<p>[spacer size=\"20\u2033]<\/p>\n<h2>\u041c\u043e\u0434\u0443\u043b\u0456 \u043f\u0440\u043e\u0433\u0440\u0430\u043c\u043d\u043e\u0433\u043e \u0437\u0430\u0431\u0435\u0437\u043f\u0435\u0447\u0435\u043d\u043d\u044f DICENTIS<\/h2>\n<p>[spacer size=\"20\u2033]<br \/>\n<img loading=\"lazy\" decoding=\"async\" width=\"1032\" height=\"740\" src=\"https:\/\/konferenztechnik.de\/wp-content\/uploads\/2018\/01\/pult-workflow.jpg\" alt=\"\u041f\u043e\u0442\u0456\u043a \u0441\u0438\u0433\u043d\u0430\u043b\u0456\u0432 \u0456 \u0434\u0438\u0437\u0430\u0439\u043d \u0441\u0438\u0441\u0442\u0435\u043c\u0438 Bosch Dicentis\" class=\"alignleft size-full wp-image-12421\" title=\"\" srcset=\"https:\/\/konferenztechnik.de\/wp-content\/uploads\/2018\/01\/pult-workflow.jpg 1032w, https:\/\/konferenztechnik.de\/wp-content\/uploads\/2018\/01\/pult-workflow-300x215.jpg 300w, https:\/\/konferenztechnik.de\/wp-content\/uploads\/2018\/01\/pult-workflow-1024x734.jpg 1024w, https:\/\/konferenztechnik.de\/wp-content\/uploads\/2018\/01\/pult-workflow-768x551.jpg 768w\" sizes=\"(max-width: 1032px) 100vw, 1032px\" \/><br \/>\n[spacer size=\"10\u2033]<\/p>\n<p>\u0421\u0438\u0441\u0442\u0435\u043c\u043e\u044e Dicentis \u043c\u043e\u0436\u043d\u0430 \u043a\u0435\u0440\u0443\u0432\u0430\u0442\u0438, \u043a\u043e\u043d\u0444\u0456\u0433\u0443\u0440\u0443\u0432\u0430\u0442\u0438 \u0442\u0430 \u0456\u043d\u0442\u0435\u0433\u0440\u0443\u0432\u0430\u0442\u0438 \u0432 \u0441\u0438\u0441\u0442\u0435\u043c\u0438 DANTE \u0437 \u043a\u043e\u043c\u043f'\u044e\u0442\u0435\u0440\u0430 \u0437\u0430 \u0434\u043e\u043f\u043e\u043c\u043e\u0433\u043e\u044e \u043f\u0440\u043e\u0433\u0440\u0430\u043c\u043d\u0438\u0445 \u043c\u043e\u0434\u0443\u043b\u0456\u0432, \u044f\u043a\u0456 \u043c\u043e\u0436\u043d\u0430 \u043f\u0440\u0438\u0434\u0431\u0430\u0442\u0438 \u043e\u043a\u0440\u0435\u043c\u043e.<\/p>\n<h3>\u041b\u0456\u0446\u0435\u043d\u0437\u0456\u044f \u043d\u0430 \u0441\u0435\u0440\u0432\u0435\u0440\u043d\u0435 \u043f\u0440\u043e\u0433\u0440\u0430\u043c\u043d\u0435 \u0437\u0430\u0431\u0435\u0437\u043f\u0435\u0447\u0435\u043d\u043d\u044f \u0441\u0438\u0441\u0442\u0435\u043c\u0438 DICENTIS (DCNM-LSYS)<\/h3>\n<p>\u041f\u0456\u0434\u0442\u0440\u0438\u043c\u0443\u0454 \u043f\u0443\u043b\u044c\u0442 \u043f\u0435\u0440\u0435\u043a\u043b\u0430\u0434\u0430\u0447\u0430 DICENTIS \u0456 \u0434\u043e\u043f\u043e\u043c\u0430\u0433\u0430\u0454 \u043f\u0456\u0434 \u0447\u0430\u0441 \u0432\u0441\u0442\u0430\u043d\u043e\u0432\u043b\u0435\u043d\u043d\u044f \u0442\u0430 \u043d\u0430\u043b\u0430\u0448\u0442\u0443\u0432\u0430\u043d\u043d\u044f.<br \/>\n[spacer size=\"20\u2033]<\/p>\n<h3>\u041b\u0456\u0446\u0435\u043d\u0437\u0456\u044f \u0441\u0438\u043d\u0445\u0440\u043e\u043d\u043d\u043e\u0433\u043e \u043f\u0435\u0440\u0435\u043a\u043b\u0430\u0434\u0430\u0447\u0430 DICENTIS (DCNM-LIN)<\/h3>\n<p>\u0414\u043e\u0434\u0430\u0454 \u0444\u0443\u043d\u043a\u0446\u0456\u0457 \u043f\u0456\u0434\u0433\u043e\u0442\u043e\u0432\u043a\u0438 \u0442\u0430 \u043a\u0435\u0440\u0443\u0432\u0430\u043d\u043d\u044f \u0441\u0438\u043d\u0445\u0440\u043e\u043d\u043d\u0438\u043c \u043f\u0435\u0440\u0435\u043a\u043b\u0430\u0434\u043e\u043c \u0443 \u043f\u0440\u043e\u0433\u0440\u0430\u043c\u0456 Bosch Meeting:<\/p>\n<p>\u041a\u043e\u043d\u0444\u0456\u0433\u0443\u0440\u0430\u0446\u0456\u044f: \u043a\u043e\u043d\u0444\u0456\u0433\u0443\u0440\u0430\u0446\u0456\u044f \u0441\u0438\u0441\u0442\u0435\u043c\u0438, \u0441\u0442\u0435\u043d\u0434\u0443 \u0442\u0430 \u0441\u0442\u043e\u043b\u0443 \u043f\u0435\u0440\u0435\u043a\u043b\u0430\u0434\u0430\u0447\u0430<br \/>\n\u041f\u0456\u0434\u0433\u043e\u0442\u043e\u0432\u043a\u0430: \u0432\u0438\u0437\u043d\u0430\u0447\u0435\u043d\u043d\u044f \u043d\u0435\u043e\u0431\u0445\u0456\u0434\u043d\u043e\u0457 \u043a\u0456\u043b\u044c\u043a\u043e\u0441\u0442\u0456 \u043c\u043e\u0432 \u043d\u0430 \u0437\u0443\u0441\u0442\u0440\u0456\u0447\u0456<br \/>\n\u041a\u0435\u0440\u0443\u0432\u0430\u043d\u043d\u044f: \u0434\u0438\u0441\u0442\u0430\u043d\u0446\u0456\u0439\u043d\u0435 \u043a\u0435\u0440\u0443\u0432\u0430\u043d\u043d\u044f \u043f\u0435\u0440\u0435\u043a\u043b\u0430\u0434\u0430\u0446\u044c\u043a\u0438\u043c\u0438 \u0441\u0442\u043e\u043b\u0430\u043c\u0438<\/p>\n<p>[spacer size=\"20\u2033]<\/p>\n<h3>\u041b\u0456\u0446\u0435\u043d\u0437\u0456\u044f \u043d\u0430 \u043f\u0440\u043e\u0433\u0440\u0430\u043c\u043d\u0435 \u0437\u0430\u0431\u0435\u0437\u043f\u0435\u0447\u0435\u043d\u043d\u044f DICENTIS Dante (DCNM-LSDANTE)<\/h3>\n<p>\u0426\u0435\u0439 \u043c\u043e\u0434\u0443\u043b\u044c \u0434\u043e\u0437\u0432\u043e\u043b\u044f\u0454 \u043f\u043e\u0434\u0430\u0432\u0430\u0442\u0438 \u043e\u0434\u043d\u043e\u0447\u0430\u0441\u043d\u0456 \u043a\u0430\u043d\u0430\u043b\u0438 \u0437 Dicentis IDESK \u0431\u0435\u0437\u043f\u043e\u0441\u0435\u0440\u0435\u0434\u043d\u044c\u043e \u0432 \u0441\u0438\u0441\u0442\u0435\u043c\u0443 DANTE.<br \/>\n[spacer size=\"20\u2033]<\/p>\n<h2>\u041a\u043e\u043b\u0438 \u0431\u0443\u0434\u0443\u0442\u044c \u0434\u043e\u0441\u0442\u0443\u043f\u043d\u0456 Bosch IDESK DICENTIS \u0442\u0430 \u0441\u0438\u0441\u0442\u0435\u043c\u0430 \u043f\u0435\u0440\u0435\u043a\u043b\u0430\u0434\u0430\u0447\u0456\u0432?<\/h2>\n<p>[spacer size=\"20\u2033]<\/p>\n<div class=\"call-action-slider-img\">\n<p><img loading=\"lazy\" decoding=\"async\" width=\"850\" height=\"373\" src=\"https:\/\/konferenztechnik.de\/wp-content\/uploads\/2018\/02\/bosch-dicentis-all-products.jpg\" alt=\"Bosch Dicentis DCNM-IDESKVID \u0442\u0430 \u0432\u0441\u0456 \u043f\u0440\u043e\u0434\u0443\u043a\u0442\u0438\" class=\"alignleft size-full wp-image-12354\" title=\"\"><br \/>\n<button class=\"bbtn popmake-12386\">\u0417\u0430\u043f\u0440\u043e\u0441\u0456\u0442\u044c \u043f\u0440\u043e\u043f\u043e\u0437\u0438\u0446\u0456\u044e &#x9B;<\/button>\n<\/div>\n<p>[list icon=\"moon-checkmark\" color=\"#a62055\u2033]\u041f\u0440\u0435\u0437\u0435\u043d\u0442\u0430\u0446\u0456\u044f \u043f\u0440\u043e\u0434\u0443\u043a\u0442\u0443: \u0432\u0438\u0441\u0442\u0430\u0432\u043a\u0430 ISE 2018 (\u043b\u044e\u0442\u0438\u0439 2018)[\/list].<br \/>\n[list icon=\"moon-checkmark\" color=\"#a62055\u2033]\u0417\u0430\u043f\u043b\u0430\u043d\u043e\u0432\u0430\u043d\u0438\u0439 \u0441\u0442\u0430\u0440\u0442 \u043f\u0440\u043e\u0434\u0430\u0436\u0456\u0432: \u043b\u0456\u0442\u043e 2018 \u0440\u043e\u043a\u0443[\/list].<br \/>\n[list icon=\"moon-checkmark\" color=\"#a62055\u2033]\u0424\u0456\u043d\u0430\u043b\u044c\u043d\u0430 \u0456\u043d\u0442\u0435\u0433\u0440\u0430\u0446\u0456\u044f \u0432\u0441\u0456\u0445 \u0444\u0443\u043d\u043a\u0446\u0456\u0439: 2 \u043a\u0432\u0430\u0440\u0442\u0430\u043b 2019 \u0440\u043e\u043a\u0443[\/list]<\/p>\n<p>[spacer size=\"20\u2033]<\/p>\n<h2>\u041f\u043e\u0441\u0438\u043b\u0430\u043d\u043d\u044f \u0442\u0430 \u0434\u043e\u0434\u0430\u0442\u043a\u043e\u0432\u0430 \u0456\u043d\u0444\u043e\u0440\u043c\u0430\u0446\u0456\u044f<\/h2>\n<ul>\n<li><a href=\"https:\/\/konferenztechnik.de\/uk\/%d0%b7%d0%b2%d1%96%d1%82-%d0%bf%d1%80%d0%be-%d1%82%d0%b5%d1%81%d1%82%d1%83%d0%b2%d0%b0%d0%bd%d0%bd%d1%8f-bosch-dicentis-idesk\/\">\u0417\u0432\u0456\u0442 \u043f\u0440\u043e \u0442\u0435\u0441\u0442\u0443\u0432\u0430\u043d\u043d\u044f Dicentis IDESK \u0432\u0456\u0434 PCS<\/a><\/li>\n<li><a href=\"https:\/\/konferenztechnik.de\/uk\/bosch-dicentis\/\">Bosch Dicentis \u2013 \u0412\u0440\u0430\u0436\u0435\u043d\u043d\u044f \u0432\u0456\u0434 \u0432\u0438\u0441\u0442\u0430\u0432\u043a\u0438 ISE 2018<\/a><\/li>\n<li><a href=\"https:\/\/konferenztechnik.de\/uk\/pcs-%d1%94-%d0%b0%d0%b2%d1%82%d0%be%d1%80%d0%b8%d0%b7%d0%be%d0%b2%d0%b0%d0%bd%d0%b8%d0%bc-%d0%bf%d0%b0%d1%80%d1%82%d0%bd%d0%b5%d1%80%d0%be%d0%bc-bosch\/\">PCS \u0454 \u0430\u0432\u0442\u043e\u0440\u0438\u0437\u043e\u0432\u0430\u043d\u0438\u043c \u0434\u0438\u043b\u0435\u0440\u043e\u043c Bosch<\/a><\/li>\n<li><a href=\"https:\/\/konferenztechnik.de\/uk\/%d0%b4%d0%b8%d1%81%d1%82%d1%80%d0%b8%d0%b1%d1%83%d1%86%d1%96%d1%8f-%d0%ba%d0%be%d0%bd%d1%84%d0%b5%d1%80%d0%b5%d0%bd%d1%86-%d1%82%d0%b0-%d0%b0%d1%83%d0%b4%d1%96%d0%be-%d0%bc%d0%b5%d0%b4%d1%96%d0%b0\/%d1%81%d0%b8%d1%81%d1%82%d0%b5%d0%bc%d0%b8-%d1%83%d1%81%d0%bd%d0%be%d0%b3%d0%be-%d0%bf%d0%b5%d1%80%d0%b5%d0%ba%d0%bb%d0%b0%d0%b4%d1%83\/\">\u0406\u043d\u0444\u043e\u0440\u043c\u0430\u0446\u0456\u044f \u043f\u0440\u043e \u0441\u0438\u0441\u0442\u0435\u043c\u0438 \u0443\u0441\u043d\u043e\u0433\u043e \u043f\u0435\u0440\u0435\u043a\u043b\u0430\u0434\u0443<\/a>\n<\/ul>","protected":false},"excerpt":{"rendered":"<p>Bosch Dicentis IDESK \u2013 Interpreter Solutions Angebot anfordern &#x9B; Das DICENTIS Dolmetschpult (I-DESK) ist das neue Dolmetscherpult der Firma Bosch. Es ist Teil der Bosch Dicentis-Produktfamilie und erweitert diese zum Dicentis-Interpreter-Solution-System. Mit dem DICENTIS Dolmetschpult (I-DESK) reagiert Bosch auf die sich in den letzten Jahren ge\u00e4nderten Markt-Anforderungen f\u00fcr Dolmetschertechnik. Dazu geh\u00f6rt die Unterst\u00fctzung von bis [&hellip;]<\/p>","protected":false},"author":1,"featured_media":45482,"parent":0,"menu_order":0,"comment_status":"closed","ping_status":"closed","template":"page-right-sidebar.php","meta":{"_acf_changed":false,"footnotes":""},"class_list":["post-12352","page","type-page","status-publish","has-post-thumbnail","hentry"],"acf":[],"_links":{"self":[{"href":"https:\/\/konferenztechnik.de\/uk\/wp-json\/wp\/v2\/pages\/12352","targetHints":{"allow":["GET"]}}],"collection":[{"href":"https:\/\/konferenztechnik.de\/uk\/wp-json\/wp\/v2\/pages"}],"about":[{"href":"https:\/\/konferenztechnik.de\/uk\/wp-json\/wp\/v2\/types\/page"}],"author":[{"embeddable":true,"href":"https:\/\/konferenztechnik.de\/uk\/wp-json\/wp\/v2\/users\/1"}],"replies":[{"embeddable":true,"href":"https:\/\/konferenztechnik.de\/uk\/wp-json\/wp\/v2\/comments?post=12352"}],"version-history":[{"count":0,"href":"https:\/\/konferenztechnik.de\/uk\/wp-json\/wp\/v2\/pages\/12352\/revisions"}],"wp:featuredmedia":[{"embeddable":true,"href":"https:\/\/konferenztechnik.de\/uk\/wp-json\/wp\/v2\/media\/45482"}],"wp:attachment":[{"href":"https:\/\/konferenztechnik.de\/uk\/wp-json\/wp\/v2\/media?parent=12352"}],"curies":[{"name":"wp","href":"https:\/\/api.w.org\/{rel}","templated":true}]}}