{"id":1242,"date":"2013-08-23T11:24:29","date_gmt":"2013-08-23T09:24:29","guid":{"rendered":"https:\/\/pcs-miete.de\/?page_id=1242"},"modified":"2023-07-05T10:53:31","modified_gmt":"2023-07-05T08:53:31","slug":"%d1%81%d0%b8%d1%81%d1%82%d0%b5%d0%bc%d0%b8-%d1%82%d0%b0-%d0%ba%d0%b0%d0%bc%d0%b5%d1%80%d0%b8-%d0%b4%d0%bb%d1%8f-%d0%b2%d1%96%d0%b4%d0%b5%d0%be%d0%ba%d0%be%d0%bd%d1%84%d0%b5%d1%80%d0%b5%d0%bd%d1%86","status":"publish","type":"page","link":"https:\/\/konferenztechnik.de\/uk\/%d0%b4%d0%b8%d1%81%d1%82%d1%80%d0%b8%d0%b1%d1%83%d1%86%d1%96%d1%8f-%d0%ba%d0%be%d0%bd%d1%84%d0%b5%d1%80%d0%b5%d0%bd%d1%86-%d1%82%d0%b0-%d0%b0%d1%83%d0%b4%d1%96%d0%be-%d0%bc%d0%b5%d0%b4%d1%96%d0%b0\/%d0%b2%d1%96%d0%b4%d0%b5%d0%be%d1%82%d0%b5%d1%85%d0%bd%d0%be%d0%bb%d0%be%d0%b3%d1%96%d1%97\/%d1%81%d0%b8%d1%81%d1%82%d0%b5%d0%bc%d0%b8-%d1%82%d0%b0-%d0%ba%d0%b0%d0%bc%d0%b5%d1%80%d0%b8-%d0%b4%d0%bb%d1%8f-%d0%b2%d1%96%d0%b4%d0%b5%d0%be%d0%ba%d0%be%d0%bd%d1%84%d0%b5%d1%80%d0%b5%d0%bd%d1%86\/","title":{"rendered":"\u0421\u0438\u0441\u0442\u0435\u043c\u0438 \u0442\u0430 \u043a\u0430\u043c\u0435\u0440\u0438 \u0434\u043b\u044f \u0432\u0456\u0434\u0435\u043e\u043a\u043e\u043d\u0444\u0435\u0440\u0435\u043d\u0446\u0456\u0439"},"content":{"rendered":"<div data-elementor-type=\"wp-page\" data-elementor-id=\"1242\" class=\"elementor elementor-1242\" data-elementor-post-type=\"page\">\n\t\t\t\t\t\t<section data-particle_enable=\"false\" data-particle-mobile-disabled=\"false\" class=\"elementor-section elementor-top-section elementor-element elementor-element-46c728b7 elementor-section-boxed elementor-section-height-default elementor-section-height-default\" data-id=\"46c728b7\" data-element_type=\"section\">\n\t\t\t\t\t\t<div class=\"elementor-container elementor-column-gap-default\">\n\t\t\t\t\t<div class=\"elementor-column elementor-col-100 elementor-top-column elementor-element elementor-element-11c45f1c\" data-id=\"11c45f1c\" data-element_type=\"column\">\n\t\t\t<div class=\"elementor-widget-wrap elementor-element-populated\">\n\t\t\t\t\t\t<div class=\"elementor-element elementor-element-11a61641 elementor-widget elementor-widget-text-editor\" data-id=\"11a61641\" data-element_type=\"widget\" data-widget_type=\"text-editor.default\">\n\t\t\t\t<div class=\"elementor-widget-container\">\n\t\t\t\t\t\t\t\t\t<h1>\u0421\u0438\u0441\u0442\u0435\u043c\u0438 \u0442\u0430 \u043a\u0430\u043c\u0435\u0440\u0438 \u0434\u043b\u044f \u0432\u0456\u0434\u0435\u043e\u043a\u043e\u043d\u0444\u0435\u0440\u0435\u043d\u0446\u0456\u0439<\/h1>\n\u0421\u0438\u0441\u0442\u0435\u043c\u0438 \u0432\u0456\u0434\u0435\u043e\u043a\u043e\u043d\u0444\u0435\u0440\u0435\u043d\u0446\u0456\u0439 \u0437\u0430\u0440\u0430\u0437 \u043f\u0435\u0440\u0435\u0436\u0438\u0432\u0430\u044e\u0442\u044c \u0441\u043f\u0440\u0430\u0432\u0436\u043d\u0456\u0439 \u0431\u0443\u043c. \u0412\u043e\u043d\u0438 \u0434\u0430\u044e\u0442\u044c \u0437\u043c\u043e\u0433\u0443 \u0437\u043d\u0430\u0447\u043d\u043e \u0437\u0430\u043e\u0449\u0430\u0434\u0438\u0442\u0438 \u043d\u0430 \u0432\u0438\u0442\u0440\u0430\u0442\u0430\u0445 \u043d\u0430 \u0432\u0456\u0434\u0440\u044f\u0434\u0436\u0435\u043d\u043d\u044f \u0434\u043b\u044f \u043f\u0440\u043e\u0432\u0435\u0434\u0435\u043d\u043d\u044f \u043d\u0430\u0440\u0430\u0434 \u0456 \u043d\u0435\u0432\u0435\u043b\u0438\u043a\u0438\u0445 \u043a\u043e\u043d\u0444\u0435\u0440\u0435\u043d\u0446\u0456\u0439 \u0440\u0456\u0437\u043d\u043e\u0433\u043e \u0440\u043e\u0434\u0443. \u041e\u0441\u043e\u0431\u043b\u0438\u0432\u043e \u0434\u043e\u0446\u0456\u043b\u044c\u043d\u043e \u043a\u0443\u043f\u0443\u0432\u0430\u0442\u0438 \u0442\u0430\u043a\u0456 \u0441\u0438\u0441\u0442\u0435\u043c\u0438 \u0434\u043b\u044f \u0440\u0435\u0433\u0443\u043b\u044f\u0440\u043d\u0438\u0445 \u0437\u0443\u0441\u0442\u0440\u0456\u0447\u0435\u0439 \u043f\u0435\u0440\u0441\u043e\u043d\u0430\u043b\u0443 \u0432 \u043a\u043e\u043c\u043f\u0430\u043d\u0456\u044f\u0445 \u0437 \u0434\u0435\u043a\u0456\u043b\u044c\u043a\u043e\u043c\u0430 \u0444\u0456\u043b\u0456\u044f\u043c\u0438 \u0432 \u041d\u0456\u043c\u0435\u0447\u0447\u0438\u043d\u0456 \u0442\u0430 \u0437\u0430 \u043a\u043e\u0440\u0434\u043e\u043d\u043e\u043c. \u0406\u043d\u0448\u0430 \u0442\u0438\u043f\u043e\u0432\u0430 \u0441\u0444\u0435\u0440\u0430 \u0432\u0438\u043a\u043e\u0440\u0438\u0441\u0442\u0430\u043d\u043d\u044f - \u044e\u0440\u0438\u0434\u0438\u0447\u043d\u0456 \u0444\u0456\u0440\u043c\u0438, \u044f\u043a\u0456 \u043c\u043e\u0436\u0443\u0442\u044c \u043f\u0440\u043e\u0432\u043e\u0434\u0438\u0442\u0438 \u0440\u0435\u0433\u0443\u043b\u044f\u0440\u043d\u0456 \u0437\u0443\u0441\u0442\u0440\u0456\u0447\u0456 \u0437\u0456 \u0441\u0432\u043e\u0457\u043c\u0438 \u043a\u043b\u0456\u0454\u043d\u0442\u0430\u043c\u0438 \u0431\u0435\u0437 \u043d\u0435\u043e\u0431\u0445\u0456\u0434\u043d\u043e\u0441\u0442\u0456 \u0432\u0438\u0442\u0440\u0430\u0447\u0430\u0442\u0438 \u0441\u0432\u0456\u0439 \u0434\u043e\u0440\u043e\u0433\u043e\u0446\u0456\u043d\u043d\u0438\u0439 \u0447\u0430\u0441 \u043d\u0430 \u043b\u0456\u0442\u0430\u043a \u0430\u0431\u043e \u043f\u043e\u0457\u0437\u0434. \u0423 \u0442\u043e\u0439 \u0436\u0435 \u0447\u0430\u0441, \u043c\u043e\u0436\u043d\u0430 \u0442\u0430\u043a\u043e\u0436 \u0437\u043d\u0430\u0447\u043d\u043e \u0437\u0430\u043e\u0449\u0430\u0434\u0438\u0442\u0438 \u043d\u0430 \u043d\u0430\u0432\u043a\u043e\u043b\u0438\u0448\u043d\u044c\u043e\u043c\u0443 \u0441\u0435\u0440\u0435\u0434\u043e\u0432\u0438\u0449\u0456. \u0411\u0456\u043b\u044c\u0448\u0435 \u0442\u043e\u0433\u043e, \u044f\u043a\u0449\u043e \u0440\u0430\u043d\u0456\u0448\u0435 \u0437\u0430 \u0441\u0438\u0441\u0442\u0435\u043c\u0443 \u0432\u0456\u0434\u0435\u043e\u043a\u043e\u043d\u0444\u0435\u0440\u0435\u043d\u0446\u0456\u0439 \u0434\u043e\u0432\u043e\u0434\u0438\u043b\u043e\u0441\u044f \u0432\u0438\u043a\u043b\u0430\u0434\u0430\u0442\u0438 \u0448\u0435\u0441\u0442\u0438\u0437\u043d\u0430\u0447\u043d\u0456 \u0441\u0443\u043c\u0438, \u0442\u043e \u0437\u0430\u0440\u0430\u0437 \u0446\u0456 \u0441\u0438\u0441\u0442\u0435\u043c\u0438 \u0441\u0442\u0430\u044e\u0442\u044c \u0432\u0441\u0435 \u0431\u0456\u043b\u044c\u0448 \u0434\u043e\u0441\u0442\u0443\u043f\u043d\u0438\u043c\u0438.\n<h2>\u0421\u0438\u0441\u0442\u0435\u043c\u0430 \u0432\u0456\u0434\u0435\u043e\u043a\u043e\u043d\u0444\u0435\u0440\u0435\u043d\u0446\u0437\u0432'\u044f\u0437\u043a\u0443 Sony PCS-XG80<\/h2>\n<a href=\"https:\/\/konferenztechnik.de\/wp-content\/uploads\/2013\/09\/Sony_Videokonferenzanlage_PCS-XG80_gross.jpg\"><img fetchpriority=\"high\" decoding=\"async\" width=\"800\" height=\"627\" class=\"alignleft size-full wp-image-2641\" src=\"https:\/\/konferenztechnik.de\/wp-content\/uploads\/2013\/09\/Sony_Videokonferenzanlage_PCS-XG80_gross.jpg\" alt=\"Sony_Video_Conferencing_PCS-XG80_large\" title=\"\" srcset=\"https:\/\/konferenztechnik.de\/wp-content\/uploads\/2013\/09\/Sony_Videokonferenzanlage_PCS-XG80_gross.jpg 800w, https:\/\/konferenztechnik.de\/wp-content\/uploads\/2013\/09\/Sony_Videokonferenzanlage_PCS-XG80_gross-300x235.jpg 300w, https:\/\/konferenztechnik.de\/wp-content\/uploads\/2013\/09\/Sony_Videokonferenzanlage_PCS-XG80_gross-768x602.jpg 768w\" sizes=\"(max-width: 800px) 100vw, 800px\" \/><\/a>\n\n\u0421\u0438\u0441\u0442\u0435\u043c\u0430 \u0432\u0456\u0434\u0435\u043e\u043a\u043e\u043d\u0444\u0435\u0440\u0435\u043d\u0446\u0437\u0432'\u044f\u0437\u043a\u0443 Sony \u0437\u0430\u0431\u0435\u0437\u043f\u0435\u0447\u0443\u0454 \u043f\u0435\u0440\u0448\u043e\u043a\u043b\u0430\u0441\u043d\u0435, \u0447\u0456\u0442\u043a\u0435 HD-\u0437\u043e\u0431\u0440\u0430\u0436\u0435\u043d\u043d\u044f \u0437 \u0440\u043e\u0437\u0434\u0456\u043b\u044c\u043d\u043e\u044e \u0437\u0434\u0430\u0442\u043d\u0456\u0441\u0442\u044e 1080i \u0456 \u0432\u0456\u0434\u043c\u0456\u043d\u043d\u0443 \u044f\u043a\u0456\u0441\u0442\u044c \u0437\u0432\u0443\u043a\u0443 \u0434\u043b\u044f \u0447\u0456\u0442\u043a\u043e\u0433\u043e \u0441\u043f\u0456\u043b\u043a\u0443\u0432\u0430\u043d\u043d\u044f. \u0421\u0438\u0441\u0442\u0435\u043c\u0430 \u0432\u0456\u0434\u0435\u043e\u043a\u043e\u043d\u0444\u0435\u0440\u0435\u043d\u0446\u0437\u0432'\u044f\u0437\u043a\u0443 \u043f\u0456\u0434\u043a\u043b\u044e\u0447\u0430\u0454\u0442\u044c\u0441\u044f \u0430\u0431\u043e \u0434\u043e \u0442\u0435\u043b\u0435\u0444\u043e\u043d\u043d\u0438\u0445 \u043b\u0456\u043d\u0456\u0439 ISDN, \u0430\u0431\u043e (\u0442\u0435\u043f\u0435\u0440 \u0441\u0442\u0430\u043d\u0434\u0430\u0440\u0442\u043d\u043e) \u0434\u043e \u043a\u043e\u043c\u043f'\u044e\u0442\u0435\u0440\u043d\u043e\u0457 \u043c\u0435\u0440\u0435\u0436\u0456 \u043a\u043e\u043c\u043f\u0430\u043d\u0456\u0457 (\u0437 \u0432\u043b\u0430\u0441\u043d\u043e\u044e IP-\u0430\u0434\u0440\u0435\u0441\u043e\u044e). \u0426\u0435 \u0437\u0430\u0431\u0435\u0437\u043f\u0435\u0447\u0443\u0454 \u0448\u0432\u0438\u0434\u043a\u0443 \u0456 \u0431\u0435\u0437\u043f\u0435\u0447\u043d\u0443 (\u043e\u0441\u043a\u0456\u043b\u044c\u043a\u0438 \u0437\u0430\u0448\u0438\u0444\u0440\u043e\u0432\u0430\u043d\u0443) \u043f\u0435\u0440\u0435\u0434\u0430\u0447\u0443 \u0447\u0435\u0440\u0435\u0437 \u0406\u043d\u0442\u0435\u0440\u043d\u0435\u0442. \u041d\u0430\u043b\u0430\u0448\u0442\u0443\u0432\u0430\u043d\u043d\u044f \u043d\u0435\u0441\u043a\u043b\u0430\u0434\u043d\u0435, \u0435\u043a\u0441\u043f\u043b\u0443\u0430\u0442\u0430\u0446\u0456\u044f \u043f\u0440\u043e\u0441\u0442\u0430. \u041c\u0438 \u0431\u0443\u0434\u0435\u043c\u043e \u0440\u0430\u0434\u0456 \u0434\u043e\u043f\u043e\u043c\u043e\u0433\u0442\u0438 \u0432\u0430\u043c \u0430\u0431\u043e \u0432\u0430\u0448\u0438\u043c \u0430\u0434\u043c\u0456\u043d\u0456\u0441\u0442\u0440\u0430\u0442\u043e\u0440\u0430\u043c \u0456\u043d\u0442\u0435\u0433\u0440\u0443\u0432\u0430\u0442\u0438 \u0441\u0438\u0441\u0442\u0435\u043c\u0443 \u0443 \u0432\u0430\u0448\u0443 \u043b\u043e\u043a\u0430\u043b\u044c\u043d\u0443 \u043c\u0435\u0440\u0435\u0436\u0443 (LAN).\t\t\t\t\t\t\t\t<\/div>\n\t\t\t\t<\/div>\n\t\t\t\t\t<\/div>\n\t\t<\/div>\n\t\t\t\t\t<\/div>\n\t\t<\/section>\n\t\t\t\t<\/div>","protected":false},"excerpt":{"rendered":"<p>Videokonferenzanlagen und Kameras Videokonferenzsysteme erleben zurzeit einen regelrechten Boom. F\u00fcr Meetings und kleinere Konferenzen jeglicher Art k\u00f6nnen hier enorme Reisekosten eingespart werden. Gerade bei regelm\u00e4\u00dfigen Mitarbeiterbesprechungen von Firmen mit mehreren Niederlassungen im In- und Ausland lohnt sich die Anschaffung. Ein weiterer typischer Einsatz ist in Anwaltskanzleien, die regelm\u00e4\u00dfige Sitzungen mit ihren Kunden abhalten k\u00f6nnen, ohne [&hellip;]<\/p>","protected":false},"author":1,"featured_media":45482,"parent":1138,"menu_order":223,"comment_status":"closed","ping_status":"open","template":"","meta":{"_acf_changed":false,"footnotes":""},"class_list":["post-1242","page","type-page","status-publish","has-post-thumbnail","hentry"],"acf":[],"_links":{"self":[{"href":"https:\/\/konferenztechnik.de\/uk\/wp-json\/wp\/v2\/pages\/1242","targetHints":{"allow":["GET"]}}],"collection":[{"href":"https:\/\/konferenztechnik.de\/uk\/wp-json\/wp\/v2\/pages"}],"about":[{"href":"https:\/\/konferenztechnik.de\/uk\/wp-json\/wp\/v2\/types\/page"}],"author":[{"embeddable":true,"href":"https:\/\/konferenztechnik.de\/uk\/wp-json\/wp\/v2\/users\/1"}],"replies":[{"embeddable":true,"href":"https:\/\/konferenztechnik.de\/uk\/wp-json\/wp\/v2\/comments?post=1242"}],"version-history":[{"count":0,"href":"https:\/\/konferenztechnik.de\/uk\/wp-json\/wp\/v2\/pages\/1242\/revisions"}],"up":[{"embeddable":true,"href":"https:\/\/konferenztechnik.de\/uk\/wp-json\/wp\/v2\/pages\/1138"}],"wp:featuredmedia":[{"embeddable":true,"href":"https:\/\/konferenztechnik.de\/uk\/wp-json\/wp\/v2\/media\/45482"}],"wp:attachment":[{"href":"https:\/\/konferenztechnik.de\/uk\/wp-json\/wp\/v2\/media?parent=1242"}],"curies":[{"name":"wp","href":"https:\/\/api.w.org\/{rel}","templated":true}]}}