{"id":12554,"date":"2018-02-07T10:03:37","date_gmt":"2018-02-07T09:03:37","guid":{"rendered":"https:\/\/www.konferenztechnik.de\/?page_id=12554"},"modified":"2023-09-01T13:14:35","modified_gmt":"2023-09-01T11:14:35","slug":"%d1%81%d0%b8%d1%81%d1%82%d0%b5%d0%bc%d0%b0-%d0%be%d1%80%d1%96%d1%94%d0%bd%d1%82%d0%b0%d1%86%d1%96%d1%97-%d0%b2%d1%96%d0%b4%d0%b2%d1%96%d0%b4%d1%83%d0%b2%d0%b0%d1%87%d1%96%d0%b2-beyerdynamic-unite","status":"publish","type":"page","link":"https:\/\/konferenztechnik.de\/uk\/%d1%81%d0%b8%d1%81%d1%82%d0%b5%d0%bc%d0%b0-%d0%be%d1%80%d1%96%d1%94%d0%bd%d1%82%d0%b0%d1%86%d1%96%d1%97-%d0%b2%d1%96%d0%b4%d0%b2%d1%96%d0%b4%d1%83%d0%b2%d0%b0%d1%87%d1%96%d0%b2-beyerdynamic-unite\/","title":{"rendered":"\u0421\u0438\u0441\u0442\u0435\u043c\u0430 \u043e\u0440\u0456\u0454\u043d\u0442\u0430\u0446\u0456\u0457 \u0432\u0456\u0434\u0432\u0456\u0434\u0443\u0432\u0430\u0447\u0456\u0432 Beyerdynamic UNITE"},"content":{"rendered":"<h1>Beyerdynamic UNITE \u2013 \u0412\u0440\u0430\u0436\u0435\u043d\u043d\u044f \u0432\u0456\u0434 ISE<\/h1>\n<p><img fetchpriority=\"high\" decoding=\"async\" src=\"https:\/\/konferenztechnik.de\/wp-content\/uploads\/2018\/02\/beyerdynamic-unite-neuheit.jpg\" alt=\"UNITE TourGuide \u0432\u0456\u0434 Beyerdynamic\" width=\"1200\" height=\"750\" class=\"alignnone size-full wp-image-12559\" title=\"\" srcset=\"https:\/\/konferenztechnik.de\/wp-content\/uploads\/2018\/02\/beyerdynamic-unite-neuheit.jpg 1200w, https:\/\/konferenztechnik.de\/wp-content\/uploads\/2018\/02\/beyerdynamic-unite-neuheit-300x188.jpg 300w, https:\/\/konferenztechnik.de\/wp-content\/uploads\/2018\/02\/beyerdynamic-unite-neuheit-1024x640.jpg 1024w, https:\/\/konferenztechnik.de\/wp-content\/uploads\/2018\/02\/beyerdynamic-unite-neuheit-768x480.jpg 768w\" sizes=\"(max-width: 1200px) 100vw, 1200px\" \/><\/p>\n<h2 >\u0413\u043e\u0432\u043e\u0440\u0456\u0442\u044c \u0443 \u0432\u0456\u0434\u043f\u043e\u0432\u0456\u0434\u044c, \u0433\u043e\u0432\u043e\u0440\u0456\u0442\u044c \u0437\u0430\u0440\u0430\u0437 \u2013 \u0414\u0456\u0430\u043b\u043e\u0433 \u0437\u0430\u043c\u0456\u0441\u0442\u044c \u043c\u043e\u043d\u043e\u043b\u043e\u0433\u0443 \u2013 \u0411\u0430\u0433\u0430\u0442\u043e\u0441\u0442\u043e\u0440\u043e\u043d\u043d\u0456\u0439 \u0437\u0430\u043c\u0456\u0441\u0442\u044c \u043e\u0434\u043d\u043e\u0441\u0442\u043e\u0440\u043e\u043d\u043d\u044c\u043e\u0433\u043e \u2013 \u041d\u0430\u0432\u0456\u0433\u0430\u0446\u0456\u044f \u0434\u043b\u044f \u0432\u0456\u0434\u0432\u0456\u0434\u0443\u0432\u0430\u0447\u0456\u0432 2.0<\/h2>\n<p>Beyerdynamic \u0432\u0438\u0445\u043e\u0434\u0438\u0442\u044c \u0437 \u043a\u043e\u0437\u0438\u0440\u044f\u043c\u0438 \u0437 \u043d\u043e\u0432\u043e\u044e \u0441\u0438\u0441\u0442\u0435\u043c\u043e\u044e \u043d\u0430\u0432\u0435\u0434\u0435\u043d\u043d\u044f UNITE.<br \/>\n[spacer size=\"30\u2033]<br \/>\n<img decoding=\"async\" src=\"https:\/\/konferenztechnik.de\/wp-content\/uploads\/2018\/02\/unite-empfaenger.jpg\" alt=\"\u041f\u0440\u0438\u0439\u043c\u0430\u0447 UNITE \u0432\u0456\u0434 Beyerdynamic\" width=\"1200\" height=\"750\" class=\"alignnone size-full wp-image-12561\" title=\"\"><\/p>\n<h2>\u041a\u0438\u0448\u0435\u043d\u044c\u043a\u043e\u0432\u0438\u0439 \u043f\u0440\u0438\u0439\u043c\u0430\u0447 UNITE RP-T \u0437 \u0444\u0443\u043d\u043a\u0446\u0456\u0454\u044e \u0437\u0432\u043e\u0440\u043e\u0442\u043d\u043e\u0433\u043e \u0437\u0432'\u044f\u0437\u043a\u0443<\/h2>\n<p>\u0413\u043e\u0441\u0442\u0456 \u043c\u043e\u0436\u0443\u0442\u044c \u0441\u043a\u043e\u0440\u0438\u0441\u0442\u0430\u0442\u0438\u0441\u044f \u0444\u0443\u043d\u043a\u0446\u0456\u0454\u044e \u0437\u0432\u043e\u0440\u043e\u0442\u043d\u043e\u0433\u043e \u0437\u0432'\u044f\u0437\u043a\u0443, \u0449\u043e\u0431 \u043f\u043e\u0441\u0442\u0430\u0432\u0438\u0442\u0438 \u0437\u0430\u043f\u0438\u0442\u0430\u043d\u043d\u044f, \u044f\u043a\u0456 \u0437\u043c\u043e\u0436\u0443\u0442\u044c \u043f\u043e\u0447\u0443\u0442\u0438 \u0432\u0441\u0456 \u0433\u043e\u0441\u0442\u0456. \u041e\u0434\u043d\u043e\u0447\u0430\u0441\u043d\u043e \u043c\u043e\u0436\u0443\u0442\u044c \u0441\u043f\u0456\u043b\u043a\u0443\u0432\u0430\u0442\u0438\u0441\u044f \u0434\u043e \u0442\u0440\u044c\u043e\u0445 \u0443\u0447\u0430\u0441\u043d\u0438\u043a\u0456\u0432. \u0415\u043a\u0441\u043a\u0443\u0440\u0441\u0456\u044f \u0441\u0442\u0430\u0454 \u0456\u043d\u0442\u0435\u0440\u0430\u043a\u0442\u0438\u0432\u043d\u043e\u044e.<br \/>\n[spacer size=\"30\u2033]<br \/>\n<img decoding=\"async\" src=\"https:\/\/konferenztechnik.de\/wp-content\/uploads\/2018\/02\/beyerdynamic-unite-mikrofon.jpg\" alt=\"\u041c\u0456\u043a\u0440\u043e\u0444\u043e\u043d UNITE \u0432\u0456\u0434 Beyerdynamic\" width=\"1200\" height=\"750\" class=\"alignnone size-full wp-image-12558\" title=\"\" srcset=\"https:\/\/konferenztechnik.de\/wp-content\/uploads\/2018\/02\/beyerdynamic-unite-mikrofon.jpg 1200w, https:\/\/konferenztechnik.de\/wp-content\/uploads\/2018\/02\/beyerdynamic-unite-mikrofon-300x188.jpg 300w, https:\/\/konferenztechnik.de\/wp-content\/uploads\/2018\/02\/beyerdynamic-unite-mikrofon-1024x640.jpg 1024w, https:\/\/konferenztechnik.de\/wp-content\/uploads\/2018\/02\/beyerdynamic-unite-mikrofon-768x480.jpg 768w\" sizes=\"(max-width: 1200px) 100vw, 1200px\" \/><\/p>\n<h2>\u041f\u043e\u0440\u0442\u0430\u0442\u0438\u0432\u043d\u0438\u0439 \u043f\u0435\u0440\u0435\u0434\u0430\u0432\u0430\u0447 Unite TH<\/h2>\n<p>\u0417\u0456 \u0437\u043c\u0456\u043d\u043d\u0438\u043c \u043b\u0456\u0442\u0456\u0439-\u0456\u043e\u043d\u043d\u0438\u043c \u0430\u043a\u0443\u043c\u0443\u043b\u044f\u0442\u043e\u0440\u043e\u043c \u0456 \u0431\u0456\u043b\u044c\u0448 \u043d\u0456\u0436 15 \u0433\u043e\u0434\u0438\u043d\u0430\u043c\u0438 \u0440\u043e\u0431\u043e\u0442\u0438. \u0412\u0431\u0443\u0434\u043e\u0432\u0430\u043d\u0438\u0439 \u0446\u0438\u0444\u0440\u043e\u0432\u0438\u0439 \u0430\u0443\u0434\u0456\u043e\u043f\u0440\u043e\u0446\u0435\u0441\u043e\u0440 \u043f\u043e\u043a\u0440\u0430\u0449\u0443\u0454 \u0440\u043e\u0437\u0431\u0456\u0440\u043b\u0438\u0432\u0456\u0441\u0442\u044c \u043c\u043e\u0432\u0438: \u043e\u043f\u0442\u0438\u043c\u0456\u0437\u043e\u0432\u0430\u043d\u0430 \u0447\u0430\u0441\u0442\u043e\u0442\u043d\u0430 \u043a\u0440\u0438\u0432\u0430, \u0430\u0432\u0442\u043e\u043c\u0430\u0442\u0438\u0447\u043d\u0435 \u0440\u0435\u0433\u0443\u043b\u044e\u0432\u0430\u043d\u043d\u044f \u0440\u0456\u0432\u043d\u044f (\u0437\u0430\u0432\u0436\u0434\u0438 \u043e\u0434\u043d\u0430\u043a\u043e\u0432\u0430 \u0433\u0443\u0447\u043d\u0456\u0441\u0442\u044c, \u043d\u0435\u0437\u0430\u043b\u0435\u0436\u043d\u043e \u0432\u0456\u0434 \u0442\u043e\u0433\u043e, \u0433\u043e\u043b\u043e\u0441\u043d\u043e \u0447\u0438 \u0442\u0438\u0445\u043e \u0433\u043e\u0432\u043e\u0440\u0438\u0442\u044c \u0435\u043a\u0441\u043a\u0443\u0440\u0441\u043e\u0432\u043e\u0434), \u0448\u0443\u043c\u043e\u0437\u0430\u0433\u043b\u0443\u0448\u0435\u043d\u043d\u044f (\u0430\u043a\u0442\u0438\u0432\u043d\u043e \u0456 \u0435\u0444\u0435\u043a\u0442\u0438\u0432\u043d\u043e \u0431\u043b\u043e\u043a\u0443\u0454 \u043d\u0435\u0431\u0430\u0436\u0430\u043d\u0456 \u0444\u043e\u043d\u043e\u0432\u0456 \u0448\u0443\u043c\u0438).<br \/>\n[spacer size=\"30\u2033]<br \/>\n<img loading=\"lazy\" decoding=\"async\" src=\"https:\/\/konferenztechnik.de\/wp-content\/uploads\/2018\/02\/beyerdynamic-unite-transport-ladekoffer.jpg\" alt=\"\u0417\u0430\u0440\u044f\u0434\u043d\u0438\u0439 \u0447\u043e\u0445\u043e\u043b UNITE \u0434\u043b\u044f \u0442\u0440\u0430\u043d\u0441\u043f\u043e\u0440\u0442\u0443\u0432\u0430\u043d\u043d\u044f Beyerdynamic\" width=\"1200\" height=\"750\" class=\"alignnone size-full wp-image-12560\" title=\"\" srcset=\"https:\/\/konferenztechnik.de\/wp-content\/uploads\/2018\/02\/beyerdynamic-unite-transport-ladekoffer.jpg 1200w, https:\/\/konferenztechnik.de\/wp-content\/uploads\/2018\/02\/beyerdynamic-unite-transport-ladekoffer-300x188.jpg 300w, https:\/\/konferenztechnik.de\/wp-content\/uploads\/2018\/02\/beyerdynamic-unite-transport-ladekoffer-1024x640.jpg 1024w, https:\/\/konferenztechnik.de\/wp-content\/uploads\/2018\/02\/beyerdynamic-unite-transport-ladekoffer-768x480.jpg 768w\" sizes=\"(max-width: 1200px) 100vw, 1200px\" \/><\/p>\n<h2> UNITE CC-24P \u2013 \u0447\u043e\u0445\u043e\u043b \u0434\u043b\u044f \u0442\u0440\u0430\u043d\u0441\u043f\u043e\u0440\u0442\u0443\u0432\u0430\u043d\u043d\u044f \u0442\u0430 \u0437\u0430\u0440\u044f\u0434\u043a\u0438<\/h2>\n<p>\u041e\u0434\u0438\u043d \u043f\u0440\u0438\u0441\u0442\u0440\u0456\u0439 \u0434\u043b\u044f 24 \u043a\u0438\u0448\u0435\u043d\u044c\u043a\u043e\u0432\u0438\u0445 \u043f\u0440\u0438\u0439\u043c\u0430\u0447\u0456\u0432\/\u043f\u0435\u0440\u0435\u0434\u0430\u0432\u0430\u0447\u0456\u0432. \u0417 \u043f\u0456\u0434\u043a\u043b\u044e\u0447\u0435\u043d\u043d\u044f\u043c Ethernet \u0434\u043b\u044f \u043e\u043d\u043e\u0432\u043b\u0435\u043d\u043d\u044f \u0442\u0430 \u0441\u043f\u043e\u043b\u0443\u0447\u0435\u043d\u043d\u044f.<br \/>\n[spacer size=\"30\u2033]<br \/>\n<img loading=\"lazy\" decoding=\"async\" src=\"https:\/\/konferenztechnik.de\/wp-content\/uploads\/2018\/02\/beyerdynamic-unite-cc-24p.jpg\" alt=\"UNITE CC-24p \u0432\u0456\u0434 Beyerdynamic\" width=\"1200\" height=\"750\" class=\"alignnone size-full wp-image-12556\" title=\"\"><\/p>\n<h2> \u041e\u0431\u0440\u043e\u0431\u043a\u0430 Beyerdynamic UNITE \u2013<\/h2>\n<p>\u0421\u0443\u0447\u0430\u0441\u043d\u0430, \u0441\u0442\u0438\u043b\u044c\u043d\u0430 \u0442\u0430 \u043d\u0430\u0434\u0456\u0439\u043d\u0430. \u041d\u043e\u0432\u0430 \u0441\u0438\u0441\u0442\u0435\u043c\u0430 \u043d\u0430\u0432\u0456\u0433\u0430\u0446\u0456\u0457 \u0434\u043b\u044f \u0432\u0456\u0434\u0432\u0456\u0434\u0443\u0432\u0430\u0447\u0456\u0432 \u0432\u0456\u0434 Beyerdynamic \u0432\u0456\u0434\u043f\u043e\u0432\u0456\u0434\u0430\u0454 \u0432\u0441\u0456\u043c \u043e\u0431\u0456\u0446\u044f\u043d\u043a\u0430\u043c \u0443 \u0432\u0441\u0456\u0445 \u0432\u0456\u0434\u043d\u043e\u0448\u0435\u043d\u043d\u044f\u0445. \u041d\u0435\u0437\u0430\u0431\u0430\u0440\u043e\u043c \u043c\u0438 \u0434\u0435\u0442\u0430\u043b\u044c\u043d\u043e \u043f\u0440\u043e\u0442\u0435\u0441\u0442\u0443\u0454\u043c\u043e \u0457\u0457 \u0456 \u0432\u0436\u0435 \u0437 \u043d\u0435\u0442\u0435\u0440\u043f\u0456\u043d\u043d\u044f\u043c \u0447\u0435\u043a\u0430\u0454\u043c\u043e \u043d\u0430 \u0446\u0435.<br \/>\n[spacer size=\"30\u2033]<\/p>\n<p><a href=\"https:\/\/konferenztechnik.de\/uk\/%d0%ba%d0%be%d0%bc%d1%83%d0%bd%d1%96%d0%ba%d0%b0%d1%86%d1%96%d0%b9%d0%bd%d0%b0-%d1%81%d0%b8%d1%81%d1%82%d0%b5%d0%bc%d0%b0-beyerdynamic-unite\/\">\u041f\u0440\u0435\u0437\u0435\u043d\u0442\u0430\u0446\u0456\u044f \u043f\u0440\u043e\u0434\u0443\u043a\u0442\u0443: \u0446\u0438\u0444\u0440\u043e\u0432\u0430 \u0431\u0435\u0437\u0434\u0440\u043e\u0442\u043e\u0432\u0430 \u043a\u043e\u043c\u0443\u043d\u0456\u043a\u0430\u0446\u0456\u0439\u043d\u0430 \u0441\u0438\u0441\u0442\u0435\u043c\u0430 Beyerdynamic UNITE \u2013<\/a><br \/>\n<a href=\"https:\/\/konferenztechnik.de\/uk\/%d1%86%d0%b8%d1%84%d1%80%d0%be%d0%b2%d0%b0-%d1%81%d0%b8%d1%81%d1%82%d0%b5%d0%bc%d0%b0-%d0%bd%d0%b0%d0%b2%d0%b5%d0%b4%d0%b5%d0%bd%d0%bd%d1%8f-beyerdynamic-unite\/\">\u0422\u0435\u0445\u043d\u0456\u0447\u043d\u0456 \u0445\u0430\u0440\u0430\u043a\u0442\u0435\u0440\u0438\u0441\u0442\u0438\u043a\u0438 Beyerdynamic UNITE \u2013<\/a><br \/>\n<a href=\"\/uk\/%d0%ba%d1%83%d0%bf%d0%b8%d1%82%d0%b8-%d0%bf%d0%b5%d1%80%d1%81%d0%be%d0%bd%d0%b0%d0%bb%d1%8c%d0%bd%d1%83-%d1%81%d0%b8%d1%81%d1%82%d0%b5%d0%bc%d1%83-%d0%bd%d0%b0%d0%b2%d1%96%d0%b3%d0%b0%d1%86%d1%96\/\">\u041e\u0433\u043b\u044f\u0434 \u0441\u0438\u0441\u0442\u0435\u043c \u043e\u0440\u0456\u0454\u043d\u0442\u0430\u0446\u0456\u0457 \u043f\u0430\u0441\u0430\u0436\u0438\u0440\u0456\u0432<\/a><\/p>","protected":false},"excerpt":{"rendered":"<p>Beyerdynamic UNITE \u2013 Eindr\u00fccke von der ISE Talk back, talk now \u2013 Dialog statt Monolog \u2013 Multi Way, statt One-Way \u2013 Besucherf\u00fchrung 2.0 Beyerdynamic trumpft auf mit der neuen F\u00fchrungsanlage UNITE. [spacer size=&#8220;30&#8243;] UNITE RP-T Taschenempf\u00e4nger mit Talkback-Funktion G\u00e4ste k\u00f6nnen mit der Talkback-Funktion Fragen f\u00fcr alle G\u00e4ste h\u00f6rbar stellen. Bis zu drei Teilnehmer k\u00f6nnen parallel [&hellip;]<\/p>","protected":false},"author":1,"featured_media":45482,"parent":0,"menu_order":0,"comment_status":"closed","ping_status":"closed","template":"","meta":{"_acf_changed":false,"footnotes":""},"class_list":["post-12554","page","type-page","status-publish","has-post-thumbnail","hentry"],"acf":[],"_links":{"self":[{"href":"https:\/\/konferenztechnik.de\/uk\/wp-json\/wp\/v2\/pages\/12554","targetHints":{"allow":["GET"]}}],"collection":[{"href":"https:\/\/konferenztechnik.de\/uk\/wp-json\/wp\/v2\/pages"}],"about":[{"href":"https:\/\/konferenztechnik.de\/uk\/wp-json\/wp\/v2\/types\/page"}],"author":[{"embeddable":true,"href":"https:\/\/konferenztechnik.de\/uk\/wp-json\/wp\/v2\/users\/1"}],"replies":[{"embeddable":true,"href":"https:\/\/konferenztechnik.de\/uk\/wp-json\/wp\/v2\/comments?post=12554"}],"version-history":[{"count":0,"href":"https:\/\/konferenztechnik.de\/uk\/wp-json\/wp\/v2\/pages\/12554\/revisions"}],"wp:featuredmedia":[{"embeddable":true,"href":"https:\/\/konferenztechnik.de\/uk\/wp-json\/wp\/v2\/media\/45482"}],"wp:attachment":[{"href":"https:\/\/konferenztechnik.de\/uk\/wp-json\/wp\/v2\/media?parent=12554"}],"curies":[{"name":"wp","href":"https:\/\/api.w.org\/{rel}","templated":true}]}}