{"id":1289,"date":"2013-08-23T13:43:12","date_gmt":"2013-08-23T11:43:12","guid":{"rendered":"https:\/\/pcs-miete.de\/?page_id=1289"},"modified":"2023-07-05T14:11:50","modified_gmt":"2023-07-05T12:11:50","slug":"%d0%b0%d1%83%d0%b4%d1%96%d0%be%d1%82%d0%b5%d1%85%d0%bd%d1%96%d0%ba%d0%b0-%d0%bc%d1%96%d0%ba%d1%80%d0%be%d1%84%d0%be%d0%bd%d0%b8-%d0%b7%d0%b2%d1%83%d0%ba%d0%be%d0%bf%d1%96%d0%b4%d1%81%d0%b8%d0%bb","status":"publish","type":"page","link":"https:\/\/konferenztechnik.de\/uk\/%d0%b4%d0%b8%d1%81%d1%82%d1%80%d0%b8%d0%b1%d1%83%d1%86%d1%96%d1%8f-%d0%ba%d0%be%d0%bd%d1%84%d0%b5%d1%80%d0%b5%d0%bd%d1%86-%d1%82%d0%b0-%d0%b0%d1%83%d0%b4%d1%96%d0%be-%d0%bc%d0%b5%d0%b4%d1%96%d0%b0\/%d0%b0%d1%83%d0%b4%d1%96%d0%be%d1%82%d0%b5%d1%85%d0%bd%d1%96%d0%ba%d0%b0-%d0%bc%d1%96%d0%ba%d1%80%d0%be%d1%84%d0%be%d0%bd%d0%b8-%d0%b7%d0%b2%d1%83%d0%ba%d0%be%d0%bf%d1%96%d0%b4%d1%81%d0%b8%d0%bb\/","title":{"rendered":"\u0410\u0443\u0434\u0456\u043e\u0442\u0435\u0445\u043d\u0456\u043a\u0430: \u043c\u0456\u043a\u0440\u043e\u0444\u043e\u043d\u0438, \u0437\u0432\u0443\u043a\u043e\u043f\u0456\u0434\u0441\u0438\u043b\u044e\u0432\u0430\u0447\u0456, \u0434\u0438\u0441\u043f\u0435\u0442\u0447\u0435\u0440\u0441\u044c\u043a\u0430 \u0442\u0430 \u0432\u0456\u0434\u0442\u0432\u043e\u0440\u0435\u043d\u043d\u044f"},"content":{"rendered":"<h1>\u0410\u0443\u0434\u0456\u043e\u0442\u0435\u0445\u043d\u0456\u043a\u0430: \u043c\u0456\u043a\u0440\u043e\u0444\u043e\u043d\u0438, \u043c\u0456\u043a\u0448\u0435\u0440\u043d\u0456 \u043f\u0443\u043b\u044c\u0442\u0438, \u0437\u0432\u0443\u043a\u043e\u0432\u0430 \u0441\u0438\u0441\u0442\u0435\u043c\u0430<\/h1>\n<p><a href=\"\/uk\/%d0%b4%d0%b8%d1%81%d1%82%d1%80%d0%b8%d0%b1%d1%83%d1%86%d1%96%d1%8f-%d0%ba%d0%be%d0%bd%d1%84%d0%b5%d1%80%d0%b5%d0%bd%d1%86-%d1%82%d0%b0-%d0%b0%d1%83%d0%b4%d1%96%d0%be-%d0%bc%d0%b5%d0%b4%d1%96%d0%b0\/%d0%b0%d1%83%d0%b4%d1%96%d0%be%d1%82%d0%b5%d1%85%d0%bd%d1%96%d0%ba%d0%b0-%d0%bc%d1%96%d0%ba%d1%80%d0%be%d1%84%d0%be%d0%bd%d0%b8-%d0%b7%d0%b2%d1%83%d0%ba%d0%be%d0%bf%d1%96%d0%b4%d1%81%d0%b8%d0%bb\/%d0%bc%d1%96%d0%ba%d1%80%d0%be%d1%84%d0%be%d0%bd%d0%b8\/\"><img fetchpriority=\"high\" decoding=\"async\" class=\"alignnone size-full wp-image-1208\" alt=\"a1\" src=\"https:\/\/konferenztechnik.de\/wp-content\/uploads\/2013\/08\/a1.jpg\" width=\"288\" height=\"198\" title=\"\"><\/a><a href=\"\/uk\/%d0%b4%d0%b8%d1%81%d1%82%d1%80%d0%b8%d0%b1%d1%83%d1%86%d1%96%d1%8f-%d0%ba%d0%be%d0%bd%d1%84%d0%b5%d1%80%d0%b5%d0%bd%d1%86-%d1%82%d0%b0-%d0%b0%d1%83%d0%b4%d1%96%d0%be-%d0%bc%d0%b5%d0%b4%d1%96%d0%b0\/%d0%b0%d1%83%d0%b4%d1%96%d0%be%d1%82%d0%b5%d1%85%d0%bd%d1%96%d0%ba%d0%b0-%d0%bc%d1%96%d0%ba%d1%80%d0%be%d1%84%d0%be%d0%bd%d0%b8-%d0%b7%d0%b2%d1%83%d0%ba%d0%be%d0%bf%d1%96%d0%b4%d1%81%d0%b8%d0%bb\/%d0%bc%d1%96%d0%ba%d1%80%d0%be%d1%84%d0%be%d0%bd%d0%b8\/\"><br \/>\n\u041c\u0456\u043a\u0440\u043e\u0444\u043e\u043d\u0438<\/a><\/p>\n<p><a href=\"\/uk\/%d0%b4%d0%b8%d1%81%d1%82%d1%80%d0%b8%d0%b1%d1%83%d1%86%d1%96%d1%8f-%d0%ba%d0%be%d0%bd%d1%84%d0%b5%d1%80%d0%b5%d0%bd%d1%86-%d1%82%d0%b0-%d0%b0%d1%83%d0%b4%d1%96%d0%be-%d0%bc%d0%b5%d0%b4%d1%96%d0%b0\/%d0%b0%d1%83%d0%b4%d1%96%d0%be%d1%82%d0%b5%d1%85%d0%bd%d1%96%d0%ba%d0%b0-%d0%bc%d1%96%d0%ba%d1%80%d0%be%d1%84%d0%be%d0%bd%d0%b8-%d0%b7%d0%b2%d1%83%d0%ba%d0%be%d0%bf%d1%96%d0%b4%d1%81%d0%b8%d0%bb\/%d0%b7%d0%b2%d1%83%d0%ba%d0%be%d0%b2%d0%b0-%d1%81%d0%b8%d1%81%d1%82%d0%b5%d0%bc%d0%b0\/\"><img decoding=\"async\" class=\"alignnone size-full wp-image-1208\" alt=\"\u0415\u043a\u0440\u0430\u043d\u0438 \u0442\u0430 \u0434\u0438\u0441\u043f\u043b\u0435\u0457\" src=\"https:\/\/konferenztechnik.de\/wp-content\/uploads\/2013\/08\/a2.jpg\" width=\"288\" height=\"198\" title=\"\"><\/a><a href=\"\/uk\/%d0%b4%d0%b8%d1%81%d1%82%d1%80%d0%b8%d0%b1%d1%83%d1%86%d1%96%d1%8f-%d0%ba%d0%be%d0%bd%d1%84%d0%b5%d1%80%d0%b5%d0%bd%d1%86-%d1%82%d0%b0-%d0%b0%d1%83%d0%b4%d1%96%d0%be-%d0%bc%d0%b5%d0%b4%d1%96%d0%b0\/%d0%b0%d1%83%d0%b4%d1%96%d0%be%d1%82%d0%b5%d1%85%d0%bd%d1%96%d0%ba%d0%b0-%d0%bc%d1%96%d0%ba%d1%80%d0%be%d1%84%d0%be%d0%bd%d0%b8-%d0%b7%d0%b2%d1%83%d0%ba%d0%be%d0%bf%d1%96%d0%b4%d1%81%d0%b8%d0%bb\/%d0%b7%d0%b2%d1%83%d0%ba%d0%be%d0%b2%d0%b0-%d1%81%d0%b8%d1%81%d1%82%d0%b5%d0%bc%d0%b0\/\"><br \/>\n\u0417\u0432\u0443\u043a\u043e\u0432\u0430 \u0441\u0438\u0441\u0442\u0435\u043c\u0430<\/a><\/p>\n<p><a href=\"\/uk\/%d0%b4%d0%b8%d1%81%d1%82%d1%80%d0%b8%d0%b1%d1%83%d1%86%d1%96%d1%8f-%d0%ba%d0%be%d0%bd%d1%84%d0%b5%d1%80%d0%b5%d0%bd%d1%86-%d1%82%d0%b0-%d0%b0%d1%83%d0%b4%d1%96%d0%be-%d0%bc%d0%b5%d0%b4%d1%96%d0%b0\/%d0%b0%d1%83%d0%b4%d1%96%d0%be%d1%82%d0%b5%d1%85%d0%bd%d1%96%d0%ba%d0%b0-%d0%bc%d1%96%d0%ba%d1%80%d0%be%d1%84%d0%be%d0%bd%d0%b8-%d0%b7%d0%b2%d1%83%d0%ba%d0%be%d0%bf%d1%96%d0%b4%d1%81%d0%b8%d0%bb\/%d0%bc%d1%96%d0%ba%d1%88%d0%b5%d1%80%d0%bd%d1%96-%d0%bf%d1%83%d0%bb%d1%8c%d1%82%d0%b8\/\"><img decoding=\"async\" class=\"alignnone size-full wp-image-1209\" alt=\"\u041a\u0440\u043e\u043d\u0448\u0442\u0435\u0439\u043d\u0438 \u0434\u043b\u044f \u043f\u0440\u043e\u0436\u0435\u043a\u0442\u043e\u0440\u0456\u0432 \u0456 \u043f\u0440\u043e\u0435\u043a\u0442\u043e\u0440\u0456\u0432\" src=\"https:\/\/konferenztechnik.de\/wp-content\/uploads\/2013\/08\/a3.jpg\" width=\"288\" height=\"198\" title=\"\"><\/a><a href=\"\/uk\/%d0%b4%d0%b8%d1%81%d1%82%d1%80%d0%b8%d0%b1%d1%83%d1%86%d1%96%d1%8f-%d0%ba%d0%be%d0%bd%d1%84%d0%b5%d1%80%d0%b5%d0%bd%d1%86-%d1%82%d0%b0-%d0%b0%d1%83%d0%b4%d1%96%d0%be-%d0%bc%d0%b5%d0%b4%d1%96%d0%b0\/%d0%b0%d1%83%d0%b4%d1%96%d0%be%d1%82%d0%b5%d1%85%d0%bd%d1%96%d0%ba%d0%b0-%d0%bc%d1%96%d0%ba%d1%80%d0%be%d1%84%d0%be%d0%bd%d0%b8-%d0%b7%d0%b2%d1%83%d0%ba%d0%be%d0%bf%d1%96%d0%b4%d1%81%d0%b8%d0%bb\/%d0%bc%d1%96%d0%ba%d1%88%d0%b5%d1%80%d0%bd%d1%96-%d0%bf%d1%83%d0%bb%d1%8c%d1%82%d0%b8\/\"><br \/>\n\u041c\u0456\u043a\u0448\u0435\u0440\u043d\u0456 \u043f\u0443\u043b\u044c\u0442\u0438<\/a><\/p>\n<p><a href=\"\/uk\/%d0%b4%d0%b8%d1%81%d1%82%d1%80%d0%b8%d0%b1%d1%83%d1%86%d1%96%d1%8f-%d0%ba%d0%be%d0%bd%d1%84%d0%b5%d1%80%d0%b5%d0%bd%d1%86-%d1%82%d0%b0-%d0%b0%d1%83%d0%b4%d1%96%d0%be-%d0%bc%d0%b5%d0%b4%d1%96%d0%b0\/%d0%b0%d1%83%d0%b4%d1%96%d0%be%d1%82%d0%b5%d1%85%d0%bd%d1%96%d0%ba%d0%b0-%d0%bc%d1%96%d0%ba%d1%80%d0%be%d1%84%d0%be%d0%bd%d0%b8-%d0%b7%d0%b2%d1%83%d0%ba%d0%be%d0%bf%d1%96%d0%b4%d1%81%d0%b8%d0%bb\/%d0%b4%d0%b8%d0%bd%d0%b0%d0%bc%d1%96%d0%ba%d0%b0-%d1%82%d0%b0-%d0%b5%d1%84%d0%b5%d0%ba%d1%82%d0%b8\/\"><img loading=\"lazy\" decoding=\"async\" class=\"alignnone size-full wp-image-1211\" alt=\"\u041a\u043e\u0440\u043f\u0443\u0441\u0438 \u0434\u043b\u044f \u043f\u0440\u043e\u0435\u043a\u0442\u043e\u0440\u0456\u0432\" src=\"https:\/\/konferenztechnik.de\/wp-content\/uploads\/2013\/08\/a4.jpg\" width=\"288\" height=\"198\" title=\"\"><\/a><a href=\"\/uk\/%d0%b4%d0%b8%d1%81%d1%82%d1%80%d0%b8%d0%b1%d1%83%d1%86%d1%96%d1%8f-%d0%ba%d0%be%d0%bd%d1%84%d0%b5%d1%80%d0%b5%d0%bd%d1%86-%d1%82%d0%b0-%d0%b0%d1%83%d0%b4%d1%96%d0%be-%d0%bc%d0%b5%d0%b4%d1%96%d0%b0\/%d0%b0%d1%83%d0%b4%d1%96%d0%be%d1%82%d0%b5%d1%85%d0%bd%d1%96%d0%ba%d0%b0-%d0%bc%d1%96%d0%ba%d1%80%d0%be%d1%84%d0%be%d0%bd%d0%b8-%d0%b7%d0%b2%d1%83%d0%ba%d0%be%d0%bf%d1%96%d0%b4%d1%81%d0%b8%d0%bb\/%d0%b4%d0%b8%d0%bd%d0%b0%d0%bc%d1%96%d0%ba%d0%b0-%d1%82%d0%b0-%d0%b5%d1%84%d0%b5%d0%ba%d1%82%d0%b8\/\"><br \/>\n\u0426\u0438\u0444\u0440\u043e\u0432\u0430 \u043e\u0431\u0440\u043e\u0431\u043a\u0430 \u0441\u0438\u0433\u043d\u0430\u043b\u0456\u0432 (DSP)<\/a><\/p>\n<p><a href=\"\/uk\/%d0%b4%d0%b8%d1%81%d1%82%d1%80%d0%b8%d0%b1%d1%83%d1%86%d1%96%d1%8f-%d0%ba%d0%be%d0%bd%d1%84%d0%b5%d1%80%d0%b5%d0%bd%d1%86-%d1%82%d0%b0-%d0%b0%d1%83%d0%b4%d1%96%d0%be-%d0%bc%d0%b5%d0%b4%d1%96%d0%b0\/%d0%bb%d1%96%d1%81%d0%be%d0%b7%d0%b0%d0%b3%d0%be%d1%82%d1%96%d0%b2%d0%bb%d1%8f\/\"><img loading=\"lazy\" decoding=\"async\" src=\"https:\/\/konferenztechnik.de\/wp-content\/uploads\/2013\/08\/audiotechnik-bei-pcs_marantz-mp3-rekorder.jpg\" alt=\"\u0410\u0443\u0434\u0456\u043e\u0442\u0435\u0445\u043d\u043e\u043b\u043e\u0433\u0456\u0457 \u0432 PCS - \u0417\u0430\u043f\u0438\u0441 \u0456 \u043f\u0440\u043e\u0442\u043e\u043a\u043e\u043b\u044e\u0432\u0430\u043d\u043d\u044f\" width=\"288\" height=\"198\" class=\"alignleft size-full wp-image-3491\" title=\"\"><br \/>\n\u0417\u0430\u043f\u0438\u0441 \u0456 \u0432\u0456\u0434\u0442\u0432\u043e\u0440\u0435\u043d\u043d\u044f<\/a><\/p>\n<div class=\"boxcontainer\">\n<div class=\"box1-2\">\n<h1>\u041a\u043e\u043d\u0442\u0430\u043a\u0442\u043d\u0430 \u043e\u0441\u043e\u0431\u0430<\/h1>\n<\/div>\n<div class=\"box1-2-order\">\n<h1>\u0406\u043d\u0448\u0456 \u043f\u043e\u0441\u0438\u043b\u0430\u043d\u043d\u044f<\/h1>\n<\/div>\n<div class=\"box1-4\">\n<div class=\"box-head\">\u0414\u0438\u0441\u0442\u0440\u0438\u0431\u0443\u0446\u0456\u044f \u0442\u0430 \u043f\u0440\u043e\u0434\u0430\u0436<\/div>\n<\/div>\n<div class=\"box2-4-2\" style=\"order:1;\">\n<div class=\"weiterlinks\">\n<ul>\n<a title=\"\u0420\u043e\u0437\u043f\u043e\u0434\u0456\u043b \u0437\u0430 \u0442\u043e\u0432\u0430\u0440\u043d\u0438\u043c\u0438 \u0433\u0440\u0443\u043f\u0430\u043c\u0438\" href=\"\/uk\/%d0%b3%d1%80%d1%83%d0%bf%d0%b8-%d1%82%d0%be%d0%b2%d0%b0%d1%80%d1%96%d0%b2\/\">\u0420\u043e\u0437\u043f\u043e\u0434\u0456\u043b \u0437\u0430 \u0442\u043e\u0432\u0430\u0440\u043d\u0438\u043c\u0438 \u0433\u0440\u0443\u043f\u0430\u043c\u0438<\/a><br \/>\n<a title=\"\u0420\u043e\u0437\u043f\u043e\u0434\u0456\u043b \u0437\u0430 \u0432\u0438\u0440\u043e\u0431\u043d\u0438\u043a\u0430\u043c\u0438\" href=\"\/uk\/%d0%b2%d0%b8%d1%80%d0%be%d0%b1%d0%bd%d0%b8%d0%ba\/\">\u0420\u043e\u0437\u043f\u043e\u0434\u0456\u043b \u0437\u0430 \u0432\u0438\u0440\u043e\u0431\u043d\u0438\u043a\u0430\u043c\u0438<\/a><br \/>\n<a title=\"\u0406\u043d\u0434\u0438\u0432\u0456\u0434\u0443\u0430\u043b\u044c\u043d\u0456 \u043f\u0440\u043e\u0434\u0443\u043a\u0442\u0438, \u0442\u0435\u0445\u043d\u0456\u0447\u043d\u0435 \u043e\u0431\u0441\u043b\u0443\u0433\u043e\u0432\u0443\u0432\u0430\u043d\u043d\u044f \u0442\u0430 \u0440\u0435\u043c\u043e\u043d\u0442\" href=\"\/uk\/%d0%bf%d0%be%d1%81%d0%bb%d1%83%d0%b3%d0%b8-2\/%d1%82%d0%b5%d1%85%d0%bd%d1%96%d1%87%d0%bd%d0%b5-%d0%be%d0%b1%d1%81%d0%bb%d1%83%d0%b3%d0%be%d0%b2%d1%83%d0%b2%d0%b0%d0%bd%d0%bd%d1%8f-%d1%82%d0%b0-%d1%80%d0%b5%d0%bc%d0%be%d0%bd%d1%82\/\">\u0406\u043d\u0434\u0438\u0432\u0456\u0434\u0443\u0430\u043b\u044c\u043d\u0456 \u043f\u0440\u043e\u0434\u0443\u043a\u0442\u0438, \u0442\u0435\u0445\u043d\u0456\u0447\u043d\u0435 \u043e\u0431\u0441\u043b\u0443\u0433\u043e\u0432\u0443\u0432\u0430\u043d\u043d\u044f \u0442\u0430 \u0440\u0435\u043c\u043e\u043d\u0442<\/a><br \/>\n<a title=\"10 \u0432\u0430\u0433\u043e\u043c\u0438\u0445 \u043f\u0440\u0438\u0447\u0438\u043d \u0434\u043b\u044f PCS\" href=\"\/uk\/%d0%bf%d1%80%d0%be-%d0%bd%d0%b0%d1%81-2\/10-%d0%b2%d0%b0%d0%b3%d0%be%d0%bc%d0%b8%d1%85-%d0%bf%d1%80%d0%b8%d1%87%d0%b8%d0%bd-%d0%b4%d0%bb%d1%8f-%d1%88%d1%82\/\">10 \u0432\u0430\u0433\u043e\u043c\u0438\u0445 \u043f\u0440\u0438\u0447\u0438\u043d \u0434\u043b\u044f PCS<\/a><br \/>\n<a title=\"\u041f\u043e\u0441\u0438\u043b\u0430\u043d\u043d\u044f\" href=\"\/uk\/%d0%bf%d1%80%d0%be-%d0%bd%d0%b0%d1%81-2\/%d0%b2%d1%81%d1%82%d0%b0%d0%bd%d0%be%d0%b2%d0%bb%d0%b5%d0%bd%d0%bd%d1%8f-%d1%81%d0%bf%d0%b8%d1%81%d0%ba%d1%83-%d0%bb%d1%96%d1%82%d0%b5%d1%80%d0%b0%d1%82%d1%83%d1%80%d0%b8\/\">\u041f\u043e\u0441\u0438\u043b\u0430\u043d\u043d\u044f \u0412\u0441\u0442\u0430\u043d\u043e\u0432\u043b\u0435\u043d\u043d\u044f \u0442\u0430 \u0456\u043d\u0442\u0435\u0433\u0440\u0430\u0446\u0456\u044f<\/a><br \/>\n<a title=\"PCS: \u0432\u0441\u0456 \u043f\u043e\u0441\u043b\u0443\u0433\u0438 \u044f\u043a \u043d\u0430 \u0434\u043e\u043b\u043e\u043d\u0456\" href=\"\/uk\/%d0%bf%d0%be%d1%81%d0%bb%d1%83%d0%b3%d0%b8-2\/\">PCS: \u0432\u0441\u0456 \u043f\u043e\u0441\u043b\u0443\u0433\u0438 \u044f\u043a \u043d\u0430 \u0434\u043e\u043b\u043e\u043d\u0456<\/a><\/ul>\n<\/div>\n<\/div>\n<\/div>","protected":false},"excerpt":{"rendered":"<p>Audiotechnik: Mikrofone, Mischpulte, Beschallung Mikrofone Beschallung Mischpulte Digital Signal Processing (DSP) Aufnahme und Wiedergabe Ansprechpartner Weiterf\u00fchrende Links Vertrieb und Verkauf Vertrieb nach Produktgruppen Vertrieb nach Hersteller Sonderanfertigungen, Wartung und Reparaturen 10 gute Gr\u00fcnde f\u00fcr PCS Referenzen Installation und Integration PCS: Alle Leistungen im \u00dcberblick<\/p>","protected":false},"author":1,"featured_media":45482,"parent":3614,"menu_order":219,"comment_status":"closed","ping_status":"open","template":"","meta":{"_acf_changed":false,"footnotes":""},"class_list":["post-1289","page","type-page","status-publish","has-post-thumbnail","hentry"],"acf":[],"_links":{"self":[{"href":"https:\/\/konferenztechnik.de\/uk\/wp-json\/wp\/v2\/pages\/1289","targetHints":{"allow":["GET"]}}],"collection":[{"href":"https:\/\/konferenztechnik.de\/uk\/wp-json\/wp\/v2\/pages"}],"about":[{"href":"https:\/\/konferenztechnik.de\/uk\/wp-json\/wp\/v2\/types\/page"}],"author":[{"embeddable":true,"href":"https:\/\/konferenztechnik.de\/uk\/wp-json\/wp\/v2\/users\/1"}],"replies":[{"embeddable":true,"href":"https:\/\/konferenztechnik.de\/uk\/wp-json\/wp\/v2\/comments?post=1289"}],"version-history":[{"count":0,"href":"https:\/\/konferenztechnik.de\/uk\/wp-json\/wp\/v2\/pages\/1289\/revisions"}],"up":[{"embeddable":true,"href":"https:\/\/konferenztechnik.de\/uk\/wp-json\/wp\/v2\/pages\/3614"}],"wp:featuredmedia":[{"embeddable":true,"href":"https:\/\/konferenztechnik.de\/uk\/wp-json\/wp\/v2\/media\/45482"}],"wp:attachment":[{"href":"https:\/\/konferenztechnik.de\/uk\/wp-json\/wp\/v2\/media?parent=1289"}],"curies":[{"name":"wp","href":"https:\/\/api.w.org\/{rel}","templated":true}]}}