{"id":12945,"date":"2023-09-01T13:20:51","date_gmt":"2023-09-01T11:20:51","guid":{"rendered":"https:\/\/www.konferenztechnik.de\/?page_id=12945"},"modified":"2023-09-01T13:20:52","modified_gmt":"2023-09-01T11:20:52","slug":"%d0%ba%d1%83%d0%bf%d0%b8%d1%82%d0%b8-sennheiser-tourguide-2020-d","status":"publish","type":"page","link":"https:\/\/konferenztechnik.de\/uk\/%d0%ba%d1%83%d0%bf%d0%b8%d1%82%d0%b8-sennheiser-tourguide-2020-d\/","title":{"rendered":"\u041a\u0443\u043f\u0438\u0442\u0438 Sennheiser Tourguide 2020 D"},"content":{"rendered":"<h1>\u041a\u0443\u043f\u0438\u0442\u0438 \u0426\u0438\u0444\u0440\u043e\u0432\u0430 \u0441\u0438\u0441\u0442\u0435\u043c\u0430 \u0433\u0456\u0434\u0456\u0432 Sennheiser Tourguide 2020 D \u2013<\/h1>\n<h2>Sennheiser Tourguide 2020 D<\/h2>\n<div class=\"call-action-slider-img\">\n<img fetchpriority=\"high\" decoding=\"async\" width=\"850\" height=\"388\" src=\"https:\/\/konferenztechnik.de\/wp-content\/uploads\/2018\/01\/sennheiser-tourguide-kaufen-set.jpg\" alt=\"\u041a\u0443\u043f\u0438\u0442\u0438 Sennheiser Tourguide Set\" class=\"alignnone size-full wp-image-12216\" title=\"\" srcset=\"https:\/\/konferenztechnik.de\/wp-content\/uploads\/2018\/01\/sennheiser-tourguide-kaufen-set.jpg 850w, https:\/\/konferenztechnik.de\/wp-content\/uploads\/2018\/01\/sennheiser-tourguide-kaufen-set-300x137.jpg 300w, https:\/\/konferenztechnik.de\/wp-content\/uploads\/2018\/01\/sennheiser-tourguide-kaufen-set-768x351.jpg 768w\" sizes=\"(max-width: 850px) 100vw, 850px\" \/><br \/>\n<button class=\"bbtn popmake-12226\">\u0417\u0430\u043f\u0440\u043e\u0441\u0456\u0442\u044c \u043f\u0440\u043e\u043f\u043e\u0437\u0438\u0446\u0456\u044e &#x9B;<\/button><\/div>\n<p>\u0426\u0438\u0444\u0440\u043e\u0432\u0430 \u0441\u0438\u0441\u0442\u0435\u043c\u0430 \u0435\u043a\u0441\u043a\u0443\u0440\u0441\u043e\u0432\u043e\u0434\u0430 Sennheiser 2020-D \u043f\u043e\u0454\u0434\u043d\u0443\u0454 \u0432 \u0441\u043e\u0431\u0456 \u043f\u0440\u043e\u0441\u0442\u043e\u0442\u0443 \u0432\u0438\u043a\u043e\u0440\u0438\u0441\u0442\u0430\u043d\u043d\u044f \u0437 \u043f\u0440\u043e\u0444\u0435\u0441\u0456\u0439\u043d\u0438\u043c\u0438 \u0444\u0443\u043d\u043a\u0446\u0456\u044f\u043c\u0438: \u0421\u0438\u0441\u0442\u0435\u043c\u0430 Sennheiser \u0434\u043b\u044f \u0435\u043a\u0441\u043a\u0443\u0440\u0441\u043e\u0432\u043e\u0434\u0456\u0432 \u043c\u043e\u0436\u0435 \u043b\u0435\u0433\u043a\u043e \u0432\u0438\u043a\u043e\u0440\u0438\u0441\u0442\u043e\u0432\u0443\u0432\u0430\u0442\u0438\u0441\u044f \u0434\u043b\u044f \u043f\u0440\u043e\u0432\u0435\u0434\u0435\u043d\u043d\u044f \u0435\u043a\u0441\u043a\u0443\u0440\u0441\u0456\u0439, \u043a\u043e\u043d\u0444\u0435\u0440\u0435\u043d\u0446\u0456\u0439 \u0430\u0431\u043e \u0434\u043b\u044f \u043f\u0456\u0434\u0442\u0440\u0438\u043c\u043a\u0438 \u0441\u043b\u0443\u0445\u0443. \u041f\u0440\u0438\u0439\u043c\u0430\u0447\u0456 \u043d\u0430 \u043f\u0456\u0434\u0431\u043e\u0440\u0456\u0434\u0434\u044f HDE-2020 \u043f\u043e\u0454\u0434\u043d\u0443\u044e\u0442\u044c \u0432 \u0441\u043e\u0431\u0456 \u043d\u0430\u0432\u0443\u0448\u043d\u0438\u043a\u0438 \u0456 \u043f\u0440\u0438\u0439\u043c\u0430\u0447 \u0432 \u043e\u0434\u043d\u043e\u043c\u0443 \u043f\u0440\u0438\u0441\u0442\u0440\u043e\u0457. \u041f\u0440\u0438\u0439\u043c\u0430\u0447\u0456 \u0430\u0432\u0442\u043e\u043c\u0430\u0442\u0438\u0447\u043d\u043e \u0432\u043c\u0438\u043a\u0430\u044e\u0442\u044c\u0441\u044f \u043f\u0440\u0438 \u043d\u0430\u0434\u044f\u0433\u0430\u043d\u043d\u0456 \u0456 \u0432\u0438\u043c\u0438\u043a\u0430\u044e\u0442\u044c\u0441\u044f \u043f\u0440\u0438 \u0442\u0440\u0438\u0432\u0430\u043b\u043e\u043c\u0443 \u0432\u0438\u043a\u043e\u0440\u0438\u0441\u0442\u0430\u043d\u043d\u0456.<\/p>\n<p>[\u044f\u0441\u043d\u043e]<\/p>\n<div id=\"newscontainer\">\n<div class=\"newskasten\">\n\u041e\u0434\u0435\u0440\u0436\u0443\u0432\u0430\u0447 \u043f\u043e\u0441\u043b\u0443\u0433 \u0433\u0456\u0434\u0430<br \/>\n<img decoding=\"async\" width=\"580\" height=\"450\" src=\"https:\/\/konferenztechnik.de\/wp-content\/uploads\/2013\/12\/Sennheiser_tourguide-2020-kopfbuegelempfaenger.jpg\" alt=\"\" class=\"alignleft size-full wp-image-4195\" title=\"\" srcset=\"https:\/\/konferenztechnik.de\/wp-content\/uploads\/2013\/12\/Sennheiser_tourguide-2020-kopfbuegelempfaenger.jpg 580w, https:\/\/konferenztechnik.de\/wp-content\/uploads\/2013\/12\/Sennheiser_tourguide-2020-kopfbuegelempfaenger-300x233.jpg 300w\" sizes=\"(max-width: 580px) 100vw, 580px\" \/><\/div>\n<div class=\"newskasten newskastenfixodd\">\n\u041e\u0434\u0435\u0440\u0436\u0443\u0432\u0430\u0447 \u043f\u043e\u0441\u043b\u0443\u0433 \u0433\u0456\u0434\u0430<br \/>\n<img decoding=\"async\" width=\"580\" height=\"450\" src=\"https:\/\/konferenztechnik.de\/wp-content\/uploads\/2013\/12\/Sennheiser_tourguide-2020-kopfbuegelempfaenger.jpg\" alt=\"\" class=\"alignleft size-full wp-image-4195\" title=\"\" srcset=\"https:\/\/konferenztechnik.de\/wp-content\/uploads\/2013\/12\/Sennheiser_tourguide-2020-kopfbuegelempfaenger.jpg 580w, https:\/\/konferenztechnik.de\/wp-content\/uploads\/2013\/12\/Sennheiser_tourguide-2020-kopfbuegelempfaenger-300x233.jpg 300w\" sizes=\"(max-width: 580px) 100vw, 580px\" \/><\/div>\n<div class=\"newskasten newskastenfixodd\">\n\u041e\u0434\u0435\u0440\u0436\u0443\u0432\u0430\u0447 \u043f\u043e\u0441\u043b\u0443\u0433 \u0433\u0456\u0434\u0430<br \/>\n<img decoding=\"async\" width=\"580\" height=\"450\" src=\"https:\/\/konferenztechnik.de\/wp-content\/uploads\/2013\/12\/Sennheiser_tourguide-2020-kopfbuegelempfaenger.jpg\" alt=\"\" class=\"alignleft size-full wp-image-4195\" title=\"\" srcset=\"https:\/\/konferenztechnik.de\/wp-content\/uploads\/2013\/12\/Sennheiser_tourguide-2020-kopfbuegelempfaenger.jpg 580w, https:\/\/konferenztechnik.de\/wp-content\/uploads\/2013\/12\/Sennheiser_tourguide-2020-kopfbuegelempfaenger-300x233.jpg 300w\" sizes=\"(max-width: 580px) 100vw, 580px\" \/><\/div>\n<\/div>","protected":false},"excerpt":{"rendered":"<p>Sennheiser Tourguide 2020 D kaufen &#8211; Digitale Personenf\u00fchrungsanlage Sennheiser Tourguide 2020 D Angebot anfordern &#x9B; Das digitale Sennheiser 2020-D Tourguide-System kombiniert einfache Handhabung mit professionellen Funktionen: Die Sennheiser F\u00fchrungsanlage kann unkompliziert bei Besucherf\u00fchrungen, Konferenzen oder zur H\u00f6runterst\u00fctzung eingesetzt werden. Die HDE-2020 Kinnb\u00fcgelempf\u00e4nger vereinen Kopfh\u00f6rer und Empf\u00e4nger in einem Ger\u00e4t. Die Empf\u00e4nger schalten sich beim Aufsetzen [&hellip;]<\/p>","protected":false},"author":1,"featured_media":45482,"parent":0,"menu_order":0,"comment_status":"closed","ping_status":"closed","template":"","meta":{"_acf_changed":false,"footnotes":""},"class_list":["post-12945","page","type-page","status-publish","has-post-thumbnail","hentry"],"acf":[],"_links":{"self":[{"href":"https:\/\/konferenztechnik.de\/uk\/wp-json\/wp\/v2\/pages\/12945","targetHints":{"allow":["GET"]}}],"collection":[{"href":"https:\/\/konferenztechnik.de\/uk\/wp-json\/wp\/v2\/pages"}],"about":[{"href":"https:\/\/konferenztechnik.de\/uk\/wp-json\/wp\/v2\/types\/page"}],"author":[{"embeddable":true,"href":"https:\/\/konferenztechnik.de\/uk\/wp-json\/wp\/v2\/users\/1"}],"replies":[{"embeddable":true,"href":"https:\/\/konferenztechnik.de\/uk\/wp-json\/wp\/v2\/comments?post=12945"}],"version-history":[{"count":0,"href":"https:\/\/konferenztechnik.de\/uk\/wp-json\/wp\/v2\/pages\/12945\/revisions"}],"wp:featuredmedia":[{"embeddable":true,"href":"https:\/\/konferenztechnik.de\/uk\/wp-json\/wp\/v2\/media\/45482"}],"wp:attachment":[{"href":"https:\/\/konferenztechnik.de\/uk\/wp-json\/wp\/v2\/media?parent=12945"}],"curies":[{"name":"wp","href":"https:\/\/api.w.org\/{rel}","templated":true}]}}