{"id":15535,"date":"2020-01-13T14:08:12","date_gmt":"2020-01-13T13:08:12","guid":{"rendered":"https:\/\/www.konferenztechnik.de\/?page_id=15535"},"modified":"2023-08-29T14:47:00","modified_gmt":"2023-08-29T12:47:00","slug":"%d1%82%d0%b5%d1%85%d0%bd%d1%96%d0%ba%d0%b0-%d0%bf%d1%96%d0%b4%d1%82%d1%80%d0%b8%d0%bc%d0%ba%d0%b8-%d0%b4%d0%bb%d1%8f-%d0%b2%d0%b5%d1%87%d0%be%d1%80%d1%96%d0%b2","status":"publish","type":"page","link":"https:\/\/konferenztechnik.de\/uk\/%d1%82%d0%b5%d1%85%d0%bd%d1%96%d0%ba%d0%b0-%d0%bf%d1%96%d0%b4%d1%82%d1%80%d0%b8%d0%bc%d0%ba%d0%b8-%d0%b4%d0%bb%d1%8f-%d0%b2%d0%b5%d1%87%d0%be%d1%80%d1%96%d0%b2\/","title":{"rendered":"\u0422\u0435\u0445\u043d\u0456\u0447\u043d\u0430 \u043f\u0456\u0434\u0442\u0440\u0438\u043c\u043a\u0430 \u0437\u0430\u0445\u043e\u0434\u0456\u0432"},"content":{"rendered":"<div data-elementor-type=\"wp-page\" data-elementor-id=\"15535\" class=\"elementor elementor-15535\" data-elementor-post-type=\"page\">\n\t\t\t\t\t\t<section data-particle_enable=\"false\" data-particle-mobile-disabled=\"false\" class=\"elementor-section elementor-top-section elementor-element elementor-element-360c368b elementor-section-boxed elementor-section-height-default elementor-section-height-default\" data-id=\"360c368b\" data-element_type=\"section\">\n\t\t\t\t\t\t<div class=\"elementor-container elementor-column-gap-default\">\n\t\t\t\t\t<div class=\"elementor-column elementor-col-100 elementor-top-column elementor-element elementor-element-55db409c\" data-id=\"55db409c\" data-element_type=\"column\">\n\t\t\t<div class=\"elementor-widget-wrap elementor-element-populated\">\n\t\t\t\t\t\t<div class=\"elementor-element elementor-element-56d531ba elementor-widget elementor-widget-text-editor\" data-id=\"56d531ba\" data-element_type=\"widget\" data-widget_type=\"text-editor.default\">\n\t\t\t\t<div class=\"elementor-widget-container\">\n\t\t\t\t\t\t\t\t\t<h1>\u0422\u0435\u0445\u043d\u0456\u0447\u043d\u0430 \u043f\u0456\u0434\u0442\u0440\u0438\u043c\u043a\u0430 \u0437\u0430\u0445\u043e\u0434\u0456\u0432<\/h1>\n<p>\u041a\u043e\u043c\u043f\u0430\u043d\u0456\u044f PCS \u0440\u043e\u0437\u043f\u043e\u0447\u0430\u043b\u0430 \u0441\u0432\u043e\u044e \u0434\u0456\u044f\u043b\u044c\u043d\u0456\u0441\u0442\u044c \u0443 1995 \u0440\u043e\u0446\u0456 \u044f\u043a \u043f\u043e\u0441\u0442\u0430\u0447\u0430\u043b\u044c\u043d\u0438\u043a \u0442\u0435\u0445\u043d\u0456\u0447\u043d\u0438\u0445 \u043f\u043e\u0441\u043b\u0443\u0433 \u0443 \u0441\u0444\u0435\u0440\u0456 \u0441\u0438\u043d\u0445\u0440\u043e\u043d\u043d\u043e\u0433\u043e \u043f\u0435\u0440\u0435\u043a\u043b\u0430\u0434\u0443 \u0456 \u0437 \u0442\u043e\u0433\u043e \u0447\u0430\u0441\u0443 \u0441\u0443\u043f\u0440\u043e\u0432\u043e\u0434\u0436\u0443\u0432\u0430\u043b\u0430 \u043f\u043e\u043d\u0430\u0434 20 000 \u0437\u0430\u0445\u043e\u0434\u0456\u0432 \u0443<\/p>\n<p>\u041c\u0438 \u043f\u0440\u0430\u0446\u044e\u0454\u043c\u043e \u0443 \u0441\u043f\u0456\u0432\u043f\u0440\u0430\u0446\u0456 \u0437 \u043d\u0430\u0439\u0432\u0456\u0434\u043e\u043c\u0456\u0448\u0438\u043c\u0438 \u043f\u0435\u0440\u0435\u043a\u043b\u0430\u0434\u0430\u0447\u0430\u043c\u0438 \u0442\u0430 \u0432\u0438\u043a\u043e\u0440\u0438\u0441\u0442\u043e\u0432\u0443\u0454\u043c\u043e \u0442\u0435\u0445\u043d\u043e\u043b\u043e\u0433\u0456\u044e \u043f\u0443\u0430\u043d\u0442\u0456\u0432.<\/p>\n<p>\u0417\u0430\u0432\u0434\u044f\u043a\u0438 \u043d\u0430\u0448\u0456\u0439 \u043c\u0435\u0440\u0435\u0436\u0456 \u043e\u0444\u0456\u0441\u0456\u0432 \u0443 \u041d\u0456\u043c\u0435\u0447\u0447\u0438\u043d\u0456 \u043c\u0438 \u043c\u043e\u0436\u0435\u043c\u043e \u0433\u043d\u0443\u0447\u043a\u043e \u0442\u0430 \u0448\u0432\u0438\u0434\u043a\u043e \u0440\u0435\u0430\u0433\u0443\u0432\u0430\u0442\u0438 \u043d\u0430 \u0432\u0430\u0448\u0456 \u0432\u0438\u043c\u043e\u0433\u0438. \u0421\u043a\u043e\u0440\u0438\u0441\u0442\u0430\u0439\u0442\u0435\u0441\u044f \u043d\u0430\u0448\u0438\u043c \u0432\u0435\u043b\u0438\u043a\u0438\u043c \u0434\u043e\u0441\u0432\u0456\u0434\u043e\u043c \u0443 \u043f\u043b\u0430\u043d\u0443\u0432\u0430\u043d\u043d\u0456, \u043e\u0431\u043b\u0430\u0434\u043d\u0430\u043d\u043d\u0456 \u0442\u0430 \u0442\u0435\u0445\u043d\u0456\u0447\u043d\u0456\u0439 \u0440\u0435\u0430\u043b\u0456\u0437\u0430\u0446\u0456\u0457 \u0432\u0430\u0448\u043e\u0433\u043e \u0437\u0430\u0445\u043e\u0434\u0443.<\/p>\n<p>\u041d\u0435\u0437\u0430\u043b\u0435\u0436\u043d\u043e \u0432\u0456\u0434 \u0442\u043e\u0433\u043e, \u0447\u0438 \u043e\u0440\u0433\u0430\u043d\u0456\u0437\u043e\u0432\u0443\u0454\u0442\u0435 \u0432\u0438 \u0437\u0430\u0441\u0456\u0434\u0430\u043d\u043d\u044f \u0440\u0430\u0434\u0438 \u0434\u0438\u0440\u0435\u043a\u0442\u043e\u0440\u0456\u0432, \u043a\u043e\u043d\u0444\u0435\u0440\u0435\u043d\u0446\u0456\u044e, \u0432\u0456\u0437\u0438\u0442 \u043a\u043e\u043c\u043f\u0430\u043d\u0456\u0457 \u0430\u0431\u043e \u0432\u0435\u043b\u0438\u043a\u0438\u0439 \u043c\u0456\u0436\u043d\u0430\u0440\u043e\u0434\u043d\u0438\u0439 \u0437\u0430\u0445\u0456\u0434, \u0437 PCS \u0432\u0438 \u0432 \u043d\u0430\u0434\u0456\u0439\u043d\u0438\u0445 \u0440\u0443\u043a\u0430\u0445.<\/p>\n<p><br><\/p>\n<p>\n<img decoding=\"async\" src=\"\/wp-content\/uploads\/2016\/08\/event-01.jpg\" alt=\"\u041f\u0456\u0434\u0442\u0440\u0438\u043c\u043a\u0430 \u0431\u0430\u0433\u0430\u0442\u043e\u043c\u043e\u0432\u043d\u0438\u0445 \u043f\u043e\u0434\u0456\u0439\" title=\"\"><br><\/p>\n<p>\n<img decoding=\"async\" src=\"\/wp-content\/uploads\/2016\/08\/event-02.jpg\" alt=\"\u041f\u0456\u0434\u0442\u0440\u0438\u043c\u043a\u0430 \u0431\u0430\u0433\u0430\u0442\u043e\u043c\u043e\u0432\u043d\u0438\u0445 \u043f\u043e\u0434\u0456\u0439\" title=\"\"><br><\/p>\n<p>\n<img decoding=\"async\" src=\"\/wp-content\/uploads\/2016\/08\/event-03.jpg\" alt=\"\u041f\u0456\u0434\u0442\u0440\u0438\u043c\u043a\u0430 \u0431\u0430\u0433\u0430\u0442\u043e\u043c\u043e\u0432\u043d\u0438\u0445 \u043f\u043e\u0434\u0456\u0439\" title=\"\"><br><\/p>\n<p>\n<img decoding=\"async\" src=\"\/wp-content\/uploads\/2016\/08\/event-05.jpg\" alt=\"\u041f\u0456\u0434\u0442\u0440\u0438\u043c\u043a\u0430 \u0431\u0430\u0433\u0430\u0442\u043e\u043c\u043e\u0432\u043d\u0438\u0445 \u043f\u043e\u0434\u0456\u0439\" title=\"\"><br><\/p>\n<p>\n<img decoding=\"async\" src=\"\/wp-content\/uploads\/2016\/08\/event-04.jpg\" alt=\"\u041f\u0456\u0434\u0442\u0440\u0438\u043c\u043a\u0430 \u0431\u0430\u0433\u0430\u0442\u043e\u043c\u043e\u0432\u043d\u0438\u0445 \u043f\u043e\u0434\u0456\u0439\" title=\"\"><br><br><\/p>\n<h1><br><\/h1><div class=\"boxcontainer\">\n<div class=\"box1-4-empty\"><\/div>\n<\/div>\t\t\t\t\t\t\t\t<\/div>\n\t\t\t\t<\/div>\n\t\t\t\t\t<\/div>\n\t\t<\/div>\n\t\t\t\t\t<\/div>\n\t\t<\/section>\n\t\t\t\t<\/div>","protected":false},"excerpt":{"rendered":"<p>Support technique pour les \u00e9v\u00e9nements PCS a d\u00e9but\u00e9 en 1995 comme prestataire techniques dans le domaine de l\u2019interpr\u00e9tation simultan\u00e9e et a depuis accompagn\u00e9 plus de 20 000 \u00e9v\u00e9nements dans le monde entier. Nous travaillons en collaboration avecles interpr\u00e8tes les plus renomm\u00e9s et utilisons une technologie de pointe. Gr\u00e2ce \u00e0 notre r\u00e9seau de succursales en Allemagne, [&hellip;]<\/p>","protected":false},"author":1,"featured_media":45482,"parent":0,"menu_order":0,"comment_status":"closed","ping_status":"closed","template":"","meta":{"_acf_changed":false,"footnotes":""},"class_list":["post-15535","page","type-page","status-publish","has-post-thumbnail","hentry"],"acf":[],"_links":{"self":[{"href":"https:\/\/konferenztechnik.de\/uk\/wp-json\/wp\/v2\/pages\/15535","targetHints":{"allow":["GET"]}}],"collection":[{"href":"https:\/\/konferenztechnik.de\/uk\/wp-json\/wp\/v2\/pages"}],"about":[{"href":"https:\/\/konferenztechnik.de\/uk\/wp-json\/wp\/v2\/types\/page"}],"author":[{"embeddable":true,"href":"https:\/\/konferenztechnik.de\/uk\/wp-json\/wp\/v2\/users\/1"}],"replies":[{"embeddable":true,"href":"https:\/\/konferenztechnik.de\/uk\/wp-json\/wp\/v2\/comments?post=15535"}],"version-history":[{"count":0,"href":"https:\/\/konferenztechnik.de\/uk\/wp-json\/wp\/v2\/pages\/15535\/revisions"}],"wp:featuredmedia":[{"embeddable":true,"href":"https:\/\/konferenztechnik.de\/uk\/wp-json\/wp\/v2\/media\/45482"}],"wp:attachment":[{"href":"https:\/\/konferenztechnik.de\/uk\/wp-json\/wp\/v2\/media?parent=15535"}],"curies":[{"name":"wp","href":"https:\/\/api.w.org\/{rel}","templated":true}]}}