{"id":15570,"date":"2020-01-13T14:32:45","date_gmt":"2020-01-13T13:32:45","guid":{"rendered":"https:\/\/www.konferenztechnik.de\/?page_id=15570"},"modified":"2023-08-29T14:42:19","modified_gmt":"2023-08-29T12:42:19","slug":"%d1%84%d0%be%d1%80%d0%bc%d1%83%d0%b2%d0%b0%d0%bd%d0%bd%d1%8f","status":"publish","type":"page","link":"https:\/\/konferenztechnik.de\/uk\/%d1%84%d0%be%d1%80%d0%bc%d1%83%d0%b2%d0%b0%d0%bd%d0%bd%d1%8f\/","title":{"rendered":"\u0424\u043e\u0440\u043c\u0443\u0432\u0430\u043d\u043d\u044f"},"content":{"rendered":"<div data-elementor-type=\"wp-page\" data-elementor-id=\"15570\" class=\"elementor elementor-15570\" data-elementor-post-type=\"page\">\n\t\t\t\t\t\t<section data-particle_enable=\"false\" data-particle-mobile-disabled=\"false\" class=\"elementor-section elementor-top-section elementor-element elementor-element-64b4538a elementor-section-boxed elementor-section-height-default elementor-section-height-default\" data-id=\"64b4538a\" data-element_type=\"section\">\n\t\t\t\t\t\t<div class=\"elementor-container elementor-column-gap-default\">\n\t\t\t\t\t<div class=\"elementor-column elementor-col-100 elementor-top-column elementor-element elementor-element-6aa4f7d1\" data-id=\"6aa4f7d1\" data-element_type=\"column\">\n\t\t\t<div class=\"elementor-widget-wrap elementor-element-populated\">\n\t\t\t\t\t\t<div class=\"elementor-element elementor-element-24a31a8 elementor-widget elementor-widget-text-editor\" data-id=\"24a31a8\" data-element_type=\"widget\" data-widget_type=\"text-editor.default\">\n\t\t\t\t<div class=\"elementor-widget-container\">\n\t\t\t\t\t\t\t\t\t<h1>\u041e\u0441\u0432\u0456\u0442\u0430 \u0442\u0430 \u0441\u0435\u0440\u0432\u0456\u0441 \u0434\u043b\u044f \u043f\u0456\u0434\u043f\u0440\u0438\u0454\u043c\u0446\u0456\u0432<\/h1>\n<p>PCS \u043f\u0440\u043e\u043f\u043e\u043d\u0443\u0454 \u043d\u0430\u0432\u0447\u0430\u043b\u044c\u043d\u0456 \u043a\u0443\u0440\u0441\u0438 \u0434\u043b\u044f \u0442\u0435\u0445\u043d\u0456\u0447\u043d\u043e\u0433\u043e \u043f\u0435\u0440\u0441\u043e\u043d\u0430\u043b\u0443, \u043f\u0435\u0440\u0435\u043a\u043b\u0430\u0434\u0430\u0447\u0456\u0432, \u043e\u0440\u0433\u0430\u043d\u0456\u0437\u0430\u0442\u043e\u0440\u0456\u0432 \u043a\u043e\u043d\u0444\u0435\u0440\u0435\u043d\u0446\u0456\u0439, \u043c\u0435\u043d\u0435\u0434\u0436\u0435\u0440\u0456\u0432 \u0456 \u0441\u043f\u0456\u0432\u0440\u043e\u0431\u0456\u0442\u043d\u0438\u043a\u0456\u0432, \u044f\u043a\u0456 \u043f\u0440\u0430\u0446\u044e\u044e\u0442\u044c \u0443 \u0442\u0435\u0430\u0442\u0440\u0430\u043b\u044c\u043d\u0456\u0439 \u0442\u0430 \u0433\u043e\u0442\u0435\u043b\u044c\u043d\u0456\u0439 \u0456\u043d\u0434\u0443\u0441\u0442\u0440\u0456\u0457.<\/p>\n<p>\u041c\u0438 \u043e\u0440\u0433\u0430\u043d\u0456\u0437\u043e\u0432\u0443\u0454\u043c\u043e \u0433\u0440\u0443\u043f\u043e\u0432\u0456 \u0442\u0430 \u0456\u043d\u0434\u0438\u0432\u0456\u0434\u0443\u0430\u043b\u044c\u043d\u0456 \u0442\u0440\u0435\u043d\u0456\u043d\u0433\u0438 \u0432 \u043d\u0430\u0448\u0438\u0445 \u043e\u0444\u0456\u0441\u0430\u0445 \u0442\u0430 \u0443 \u0432\u0430\u0448\u0438\u0445 \u043e\u0444\u0456\u0441\u0430\u0445. \u0417\u043d\u0430\u043d\u043d\u044f \u0442\u043e\u0433\u043e, \u044f\u043a \u0432\u0438\u043a\u043e\u0440\u0438\u0441\u0442\u043e\u0432\u0443\u0432\u0430\u0442\u0438 \u043a\u043e\u043d\u0444\u0435\u0440\u0435\u043d\u0446-\u0442\u0435\u0445\u043d\u043e\u043b\u043e\u0433\u0456\u0457 \u0442\u0430 \u043a\u0435\u0440\u0443\u0432\u0430\u0442\u0438 \u043d\u0438\u043c\u0438, \u0454 \u0432\u0438\u0440\u0456\u0448\u0430\u043b\u044c\u043d\u0438\u043c \u0444\u0430\u043a\u0442\u043e\u0440\u043e\u043c \u0434\u043b\u044f \u0443\u0441\u043f\u0456\u0445\u0443 \u0432\u0430\u0448\u043e\u0457 \u043f\u0440\u0435\u0437\u0435\u043d\u0442\u0430\u0446\u0456\u0457.<\/p>\n<p>\u0412\u0438 \u043f\u0435\u0440\u0435\u043a\u043b\u0430\u0434\u0430\u0447, \u044f\u043a\u0438\u0439 \u043f\u043b\u0430\u043d\u0443\u0454 \u043c\u0456\u0441\u0456\u044e \u0430\u0431\u043e \u0442\u0435\u0445\u043d\u0456\u0447\u043d\u0438\u0439 \u0437\u0430\u0445\u0456\u0434? \u0412\u0430\u043c \u043f\u043e\u0442\u0440\u0456\u0431\u043d\u0456 \u043f\u043b\u0430\u043d\u0438 \u0430\u0431\u043e \u0443 \u0432\u0430\u0441 \u0454 \u043f\u0438\u0442\u0430\u043d\u043d\u044f \u0449\u043e\u0434\u043e \u043f\u0440\u0430\u0432\u0438\u043b, \u044f\u043a\u0456 \u0441\u0442\u043e\u0441\u0443\u044e\u0442\u044c\u0441\u044f \u043c\u0456\u0441\u0446\u044c \u043f\u0440\u043e\u0432\u0435\u0434\u0435\u043d\u043d\u044f \u0437\u0443\u0441\u0442\u0440\u0456\u0447\u0435\u0439? \u0417\u0432\u0435\u0440\u043d\u0456\u0442\u044c\u0441\u044f \u0434\u043e \u043d\u0430\u0448\u043e\u0457 \u0441\u043b\u0443\u0436\u0431\u0438 \u043d\u0430\u0432\u0447\u0430\u043d\u043d\u044f, \u0442\u0443\u0442 \u0432\u0438 \u0437\u0430\u0432\u0436\u0434\u0438 \u0437\u043d\u0430\u0439\u0434\u0435\u0442\u0435 \u0443\u0432\u0430\u0436\u043d\u043e\u0433\u043e \u0441\u043f\u0456\u0432\u0440\u043e\u0431\u0456\u0442\u043d\u0438\u043a\u0430.<\/p>\n<p><br>\n<img decoding=\"async\" alt=\"training-n\" src=\"https:\/\/konferenztechnik.de\/wp-content\/uploads\/2016\/10\/sprecherkabine-masse.jpg\" title=\"\"><br>\n[\/column]<br>\n[spacer size=\"20\u2033]<\/p>\n<p><img decoding=\"async\" alt=\"\" src=\"https:\/\/konferenztechnik.de\/wp-content\/uploads\/2016\/10\/dolmetscherschulung-1.jpg\" title=\"\"><\/p>\n<p><br><\/p>\n<p>PCS \u043d\u0430\u0434\u0430\u0454 \u0432\u0435\u043b\u0438\u043a\u043e\u0433\u043e \u0437\u043d\u0430\u0447\u0435\u043d\u043d\u044f \u043d\u0430\u0432\u0447\u0430\u043d\u043d\u044e \u0432 \u0433\u0430\u043b\u0443\u0437\u0456 \u043a\u043e\u043d\u0444\u0435\u0440\u0435\u043d\u0446-\u0442\u0435\u0445\u043d\u043e\u043b\u043e\u0433\u0456\u0439 \u0456 \u0440\u043e\u0437\u0440\u043e\u0431\u0438\u043b\u0430 \u043f\u0440\u0438\u0432\u0430\u0431\u043b\u0438\u0432\u0443 \u0442\u0430 \u0435\u0444\u0435\u043a\u0442\u0438\u0432\u043d\u0443 \u043d\u0430\u0432\u0447\u0430\u043b\u044c\u043d\u0443 \u043f\u0440\u043e\u0433\u0440\u0430\u043c\u0443<\/p>\t\t\t\t\t\t\t\t<\/div>\n\t\t\t\t<\/div>\n\t\t\t\t\t<\/div>\n\t\t<\/div>\n\t\t\t\t\t<\/div>\n\t\t<\/section>\n\t\t\t\t<\/div>","protected":false},"excerpt":{"rendered":"<p>Formation et service pour les interpr\u00e8tes PCS offre des cours de formation pour les techniciens, les interpr\u00e8tes, les conf\u00e9renciers, les manager, le personnel travaillant dans les th\u00e9\u00e2tres ou l\u2019industrie h\u00f4teli\u00e8re. Nous organisons des formations de groupe et individuelles dans nos locaux et dans vos locaux. Savoir utiliser et manipuler la technologie de conf\u00e9rence est un [&hellip;]<\/p>","protected":false},"author":1,"featured_media":45482,"parent":0,"menu_order":0,"comment_status":"closed","ping_status":"closed","template":"","meta":{"_acf_changed":false,"footnotes":""},"class_list":["post-15570","page","type-page","status-publish","has-post-thumbnail","hentry"],"acf":[],"_links":{"self":[{"href":"https:\/\/konferenztechnik.de\/uk\/wp-json\/wp\/v2\/pages\/15570","targetHints":{"allow":["GET"]}}],"collection":[{"href":"https:\/\/konferenztechnik.de\/uk\/wp-json\/wp\/v2\/pages"}],"about":[{"href":"https:\/\/konferenztechnik.de\/uk\/wp-json\/wp\/v2\/types\/page"}],"author":[{"embeddable":true,"href":"https:\/\/konferenztechnik.de\/uk\/wp-json\/wp\/v2\/users\/1"}],"replies":[{"embeddable":true,"href":"https:\/\/konferenztechnik.de\/uk\/wp-json\/wp\/v2\/comments?post=15570"}],"version-history":[{"count":0,"href":"https:\/\/konferenztechnik.de\/uk\/wp-json\/wp\/v2\/pages\/15570\/revisions"}],"wp:featuredmedia":[{"embeddable":true,"href":"https:\/\/konferenztechnik.de\/uk\/wp-json\/wp\/v2\/media\/45482"}],"wp:attachment":[{"href":"https:\/\/konferenztechnik.de\/uk\/wp-json\/wp\/v2\/media?parent=15570"}],"curies":[{"name":"wp","href":"https:\/\/api.w.org\/{rel}","templated":true}]}}