{"id":1565,"date":"2013-08-30T15:12:58","date_gmt":"2013-08-30T13:12:58","guid":{"rendered":"https:\/\/konferenztechnik.de\/?page_id=1565"},"modified":"2013-08-30T15:12:58","modified_gmt":"2013-08-30T13:12:58","slug":"%d0%b2%d1%81%d1%82%d0%b0%d0%bd%d0%be%d0%b2%d0%bb%d0%b5%d0%bd%d0%bd%d1%8f-%d1%81%d0%bf%d0%b8%d1%81%d0%ba%d1%83-%d0%bb%d1%96%d1%82%d0%b5%d1%80%d0%b0%d1%82%d1%83%d1%80%d0%b8","status":"publish","type":"page","link":"https:\/\/konferenztechnik.de\/uk\/%d0%bf%d1%80%d0%be-%d0%bd%d0%b0%d1%81-2\/%d0%b2%d1%81%d1%82%d0%b0%d0%bd%d0%be%d0%b2%d0%bb%d0%b5%d0%bd%d0%bd%d1%8f-%d1%81%d0%bf%d0%b8%d1%81%d0%ba%d1%83-%d0%bb%d1%96%d1%82%d0%b5%d1%80%d0%b0%d1%82%d1%83%d1%80%d0%b8\/","title":{"rendered":"\u0421\u043f\u0438\u0441\u043e\u043a \u043f\u043e\u0441\u0438\u043b\u0430\u043d\u044c \u043d\u0430 \u0443\u0441\u0442\u0430\u043d\u043e\u0432\u043a\u0443"},"content":{"rendered":"<h1>\u0421\u043f\u0438\u0441\u043e\u043a \u043f\u043e\u0441\u0438\u043b\u0430\u043d\u044c \u043d\u0430 \u0443\u0441\u0442\u0430\u043d\u043e\u0432\u043a\u0443<\/h1>\n<ul>\n<li>1. FC Union Berlin e.V.<\/li>\n<li>Adolf W\u00fcrth GmbH &amp; Co. KG \u0428\u0442\u0430\u0431-\u043a\u0432\u0430\u0440\u0442\u0438\u0440\u0430 \u0433\u0440\u0443\u043f\u0438 \u043a\u043e\u043c\u043f\u0430\u043d\u0456\u0439 \u041a\u044e\u043d\u0446\u0435\u043b\u044c\u0437\u0430\u0443<\/li>\n<li>Answers GmbH \u2013 Berlin<\/li>\n<li>\u0410\u0432\u0433\u0443\u0441\u0442 \u0428\u0442\u043e\u0440\u043a \u041a\u0413 \u0411\u0435\u0440\u043b\u0456\u043d<\/li>\n<li>A\u00dcW Allg\u00e4uer \u00dcberlandwerk GmbH Kempten<\/li>\n<li>Ardex GmbH \u2013 Witten<\/li>\n<li>\u0411\u0435\u0440\u043b\u0456\u043d\u0441\u044c\u043a\u0438\u0439 \u0441\u043e\u0431\u043e\u0440 \u0411\u0435\u0440\u043b\u0456\u043d<\/li>\n<li>\u0411\u0435\u0439\u0442\u0441\u044c\u043a\u0438\u0439 \u0443\u043d\u0456\u0432\u0435\u0440\u0441\u0438\u0442\u0435\u0442 \u043f\u0440\u0438\u043a\u043b\u0430\u0434\u043d\u0438\u0445 \u043d\u0430\u0443\u043a \u0411\u0435\u0440\u043b\u0456\u043d<\/li>\n<li>\u041f\u043e\u0441\u043e\u043b\u044c\u0441\u0442\u0432\u043e \u0421\u0428\u0410 \u0432 \u0411\u0435\u0440\u043b\u0456\u043d\u0456<\/li>\n<li>\u0424\u0435\u0434\u0435\u0440\u0430\u043b\u044c\u043d\u0435 \u043c\u0456\u043d\u0456\u0441\u0442\u0435\u0440\u0441\u0442\u0432\u043e \u043f\u0440\u0430\u0446\u0456 \u0442\u0430 \u0441\u043e\u0446\u0456\u0430\u043b\u044c\u043d\u0438\u0445 \u043f\u0438\u0442\u0430\u043d\u044c \u0411\u0435\u0440\u043b\u0456\u043d<\/li>\n<li>\u0424\u0435\u0434\u0435\u0440\u0430\u043b\u044c\u043d\u0430 \u0440\u0430\u0434\u0430 \u0411\u0435\u0440\u043b\u0456\u043d\u0430<\/li>\n<li>CBC Cologne Broadcasting Centre GmbH \u041a\u0435\u043b\u044c\u043d \u041a\u0435\u043b\u044c\u043d<\/li>\n<li>CCH \u041a\u043e\u043d\u0433\u0440\u0435\u0441-\u0446\u0435\u043d\u0442\u0440 \u0413\u0430\u043c\u0431\u0443\u0440\u0433<\/li>\n<li>CCD \u041a\u043e\u043d\u0433\u0440\u0435\u0441-\u0446\u0435\u043d\u0442\u0440 \u0414\u044e\u0441\u0441\u0435\u043b\u044c\u0434\u043e\u0440\u0444 \u041c\u0435\u0441\u0441\u0435 \u0414\u044e\u0441\u0441\u0435\u043b\u044c\u0434\u043e\u0440\u0444<\/li>\n<li>DEGES Deutsche Einheit Fernstra\u00dfenplanungs- und -bau GmbH Berlin<\/li>\n<li>Deutsche Apotheker- und \u00c4rztebank \u0413\u043e\u043b\u043e\u0432\u043d\u0438\u0439 \u043e\u0444\u0456\u0441 \u0414\u044e\u0441\u0441\u0435\u043b\u044c\u0434\u043e\u0440\u0444<\/li>\n<li>\u0428\u0442\u0430\u0431-\u043a\u0432\u0430\u0440\u0442\u0438\u0440\u0430 Deutsche Bank AG \u0424\u0440\u0430\u043d\u043a\u0444\u0443\u0440\u0442-\u043d\u0430-\u041c\u0430\u0439\u043d\u0456<\/li>\n<li>\u0414\u043e\u0439\u0447\u043b\u0430\u043d\u0434\u0440\u0430\u0434\u0456\u043e \u0411\u0435\u0440\u043b\u0456\u043d<\/li>\n<li>Ecolab \u041d\u0456\u043c\u0435\u0447\u0447\u0438\u043d\u0430 \u041c\u043e\u043d\u0433\u0430\u0439\u043c<\/li>\n<li>\u0404\u0432\u0440\u043e\u043f\u0435\u0439\u0441\u044c\u043a\u0430 \u0430\u043a\u0430\u0434\u0435\u043c\u0456\u044f \u0432 \u0411\u0435\u0440\u043b\u0456\u043d\u0456<\/li>\n<li>\u0424\u043e\u043d\u0434 \u0424\u0440\u0456\u0446\u0430 \u0422\u0456\u0441\u0441\u0435\u043d\u0430 \u2013 \u041d\u0456\u043c\u0435\u0446\u044c\u043a\u0438\u0439 \u0456\u0441\u0442\u043e\u0440\u0438\u0447\u043d\u0438\u0439 \u0456\u043d\u0441\u0442\u0438\u0442\u0443\u0442 \u041c\u043e\u0441\u043a\u0432\u0430<\/li>\n<li>\u0424\u043e\u043d\u0434 \u0424\u0440\u0456\u0446\u0430 \u0422\u0456\u0441\u0441\u0435\u043d\u0430 \u2013 \u0411\u0443\u0434\u0438\u043d\u043e\u043a \u0424\u043e\u043d\u0434\u0443 \u0424\u0440\u0456\u0446\u0430 \u0422\u0456\u0441\u0441\u0435\u043d\u0430 \u2013 \u041a\u0435\u043b\u044c\u043d<\/li>\n<li>GEA Refrigeration Germany GmbH \u2013 Berlin<\/li>\n<li>\u041c\u0443\u043d\u0456\u0446\u0438\u043f\u0430\u043b\u0456\u0442\u0435\u0442 \u0411\u0443\u0440\u0431\u0430\u0445<\/li>\n<li>\u041c\u0443\u043d\u0456\u0446\u0438\u043f\u0430\u043b\u0456\u0442\u0435\u0442 \u0414\u043e\u0441\u0441\u0435\u043d\u0445\u0430\u0439\u043c<\/li>\n<li>\u0424\u043e\u043d\u0434 \u0413\u0435\u0440\u0434\u0438 \u0425\u0435\u043d\u043a\u0435\u043b\u044c, \u0414\u044e\u0441\u0441\u0435\u043b\u044c\u0434\u043e\u0440\u0444<\/li>\n<li>\u0411\u0435\u0440\u043b\u0456\u043d\u0441\u044c\u043a\u0438\u0439 \u043e\u0444\u0456\u0441 \u044e\u0440\u0438\u0434\u0438\u0447\u043d\u043e\u0457 \u0444\u0456\u0440\u043c\u0438 GSK Stockmann &amp; Kollegen<\/li>\n<li>\u0425\u043e\u0441\u0442\u0435\u043b \u041a\u0435\u043b\u044c\u043d \u2013 \u041a\u0435\u043b\u044c\u043d<\/li>\n<li>\u0406\u0431\u0435\u0440\u043e-\u0430\u043c\u0435\u0440\u0438\u043a\u0430\u043d\u0441\u044c\u043a\u0438\u0439 \u0456\u043d\u0441\u0442\u0438\u0442\u0443\u0442 \u0411\u0435\u0440\u043b\u0456\u043d<\/li>\n<li>Istituto Italiano di Cultura (\u0406\u0442\u0430\u043b\u0456\u0439\u0441\u044c\u043a\u0438\u0439 \u0456\u043d\u0441\u0442\u0438\u0442\u0443\u0442 \u043a\u0443\u043b\u044c\u0442\u0443\u0440\u0438) \u0411\u0435\u0440\u043b\u0456\u043d<\/li>\n<li>\u0420\u043e\u0437\u0442\u0430\u0448\u0443\u0432\u0430\u043d\u043d\u044f \u0431\u0430\u043d\u043a\u0443 KfW \u0443 \u0411\u0435\u0440\u043b\u0456\u043d\u0456<\/li>\n<li>Komatsu Mining Germany GmbH \u0414\u044e\u0441\u0441\u0435\u043b\u044c\u0434\u043e\u0440\u0444<\/li>\n<li>\u0420\u0430\u0439\u043e\u043d\u043d\u0430 \u043e\u0449\u0430\u0434\u043d\u0430 \u043a\u0430\u0441\u0430 \u0425\u0430\u0439\u043b\u044c\u0431\u0440\u043e\u043d\u043d\u0430<\/li>\n<li>\u0411\u0435\u0440\u043b\u0456\u043d\u0441\u044c\u043a\u0435 \u0434\u0435\u0440\u0436\u0430\u0432\u043d\u0435 \u0443\u043f\u0440\u0430\u0432\u043b\u0456\u043d\u043d\u044f \u043e\u0445\u043e\u0440\u043e\u043d\u0438 \u0437\u0434\u043e\u0440\u043e\u0432'\u044f \u0442\u0430 \u0441\u043e\u0446\u0456\u0430\u043b\u044c\u043d\u0438\u0445 \u043f\u0438\u0442\u0430\u043d\u044c (LAGeSo)<\/li>\n<li>\u041e\u0434\u0435\u0440-\u0421\u043f\u0440\u0435\u0439\u0441\u044c\u043a\u0438\u0439 \u0440\u0430\u0439\u043e\u043d<\/li>\n<li>\u0420\u0430\u0439\u043e\u043d \u0421\u0442\u0435\u043d\u0434\u0430\u043b\u044c<\/li>\n<li>MAN Truck &amp; Bus Deutschland GmbH \u0411\u0435\u0440\u043b\u0456\u043d<\/li>\n<li>\u041c\u0443\u0437\u0435\u0439 \u043a\u043e\u043c\u0443\u043d\u0456\u043a\u0430\u0446\u0456\u0457 \u0432 \u0411\u0435\u0440\u043b\u0456\u043d\u0456<\/li>\n<li>\u041c\u0443\u0437\u0435\u0439 \u041a\u0443\u043d\u0441\u0442\u043f\u0430\u043b\u0430\u0441\u0442 \u0414\u044e\u0441\u0441\u0435\u043b\u044c\u0434\u043e\u0440\u0444<\/li>\n<li>\u041d\u043e\u0440\u043c\u0444\u0435\u0441\u0442 \u0413\u043c\u0431\u0425 \u0412\u0435\u043b\u044c\u0431\u0435\u0440\u0442<\/li>\n<li>\u0420\u0430\u0442\u0443\u0448\u0430 \u0410\u043b\u044c\u0442 \u041b\u0430\u043d\u0434\u0441\u0431\u0435\u0440\u0433 \u0411\u0440\u0430\u043d\u0434\u0435\u043d\u0431\u0443\u0440\u0433<\/li>\n<li>\u0420\u0430\u0442\u0443\u0448\u0430 \u0424\u0430\u043b\u044c\u043a\u0435\u043d\u0437\u0435\u0435 \u0424\u0430\u043b\u044c\u043a\u0435\u043d\u0437\u0435\u0435<\/li>\n<li>Rauch M\u00f6belwerke GmbH Freudenberg<\/li>\n<li>\u0417\u0430\u043b \u0420\u043e\u0431\u0435\u0440\u0442\u0430 \u0428\u0443\u043c\u0430\u043d\u0430 \u0432 \u0414\u044e\u0441\u0441\u0435\u043b\u044c\u0434\u043e\u0440\u0444\u0456<\/li>\n<li>\u0421\u0435\u043a\u0440\u0435\u0442\u0430\u0440\u0456\u0430\u0442 \u041f\u043e\u0441\u0442\u0456\u0439\u043d\u043e\u0457 \u043a\u043e\u043d\u0444\u0435\u0440\u0435\u043d\u0446\u0456\u0457 \u043c\u0456\u043d\u0456\u0441\u0442\u0440\u0456\u0432 \u043e\u0441\u0432\u0456\u0442\u0438 \u0456 \u043a\u0443\u043b\u044c\u0442\u0443\u0440\u0438 \u0411\u0435\u0440\u043b\u0456\u043d<\/li>\n<li>\u0414\u0435\u043f\u0430\u0440\u0442\u0430\u043c\u0435\u043d\u0442 \u0421\u0435\u043d\u0430\u0442\u0443 \u0437 \u043f\u0438\u0442\u0430\u043d\u044c \u043f\u0440\u0430\u0446\u0456, \u0456\u043d\u0442\u0435\u0433\u0440\u0430\u0446\u0456\u0457 \u0442\u0430 \u0436\u0456\u043d\u043e\u0447\u0438\u0445 \u043f\u0438\u0442\u0430\u043d\u044c \u0411\u0435\u0440\u043b\u0456\u043d<\/li>\n<li>\u0421\u0435\u043d\u0430\u0442\u0441\u044c\u043a\u0438\u0439 \u0434\u0435\u043f\u0430\u0440\u0442\u0430\u043c\u0435\u043d\u0442 \u0437 \u043f\u0438\u0442\u0430\u043d\u044c \u0435\u043a\u043e\u043d\u043e\u043c\u0456\u043a\u0438, \u0442\u0435\u0445\u043d\u043e\u043b\u043e\u0433\u0456\u0439 \u0442\u0430 \u0434\u043e\u0441\u043b\u0456\u0434\u0436\u0435\u043d\u044c \u0411\u0435\u0440\u043b\u0456\u043d<\/li>\n<li>\u041c\u0456\u0441\u0442\u043e \u041c\u0435\u0442\u0442\u043c\u0430\u043d\u043d<\/li>\n<li>Vodafone Services Group GmbH \u2013 \u0420\u0430\u0442\u0456\u043d\u0433\u0435\u043d<\/li>\n<li>Weiss-Druck GmbH &amp; Co. KG \u2013 Monschau<\/li>\n<li>WILO AG \u0414\u043e\u0440\u0442\u043c\u0443\u043d\u0434<\/li>\n<li>ZDF \u041c\u0430\u0439\u043d\u0446<\/li>\n<\/ul>","protected":false},"excerpt":{"rendered":"<p>\u041f\u043e\u0441\u0438\u043b\u0430\u043d\u043d\u044f \u041c\u043e\u043d\u0442\u0430\u0436 \u0442\u0430 \u043f\u0440\u043e\u0434\u0430\u0436 1. FC Union Berlin e.V. Adolf W\u00fcrth GmbH &amp; Co. KG \u0413\u043e\u043b\u043e\u0432\u043d\u0438\u0439 \u043e\u0444\u0456\u0441 K\u00fcnzelsau Answers GmbH \u2013 \u0411\u0435\u0440\u043b\u0456\u043d August Storck KG Berlin A\u00dcW Allg\u00e4uer \u00dcberlandwerk GmbH Kempten Ardex GmbH \u2013 Witten Berliner Dom Berlin Beuth Hochschule f\u00fcr Technik Berlin \u041f\u043e\u0441\u043e\u043b\u044c\u0441\u0442\u0432\u043e \u0421\u043f\u043e\u043b\u0443\u0447\u0435\u043d\u0438\u0445 \u0428\u0442\u0430\u0442\u0456\u0432 \u0410\u043c\u0435\u0440\u0438\u043a\u0438 \u0411\u0435\u0440\u043b\u0456\u043d \u0424\u0435\u0434\u0435\u0440\u0430\u043b\u044c\u043d\u0435 \u043c\u0456\u043d\u0456\u0441\u0442\u0435\u0440\u0441\u0442\u0432\u043e \u043f\u0440\u0430\u0446\u0456 \u0442\u0430 \u0441\u043e\u0446\u0456\u0430\u043b\u044c\u043d\u0438\u0445 \u0441\u043f\u0440\u0430\u0432 \u0411\u0435\u0440\u043b\u0456\u043d Bundesrat Berlin [...]<\/p>","protected":false},"author":1,"featured_media":45482,"parent":12,"menu_order":185,"comment_status":"closed","ping_status":"open","template":"page-right-sidebar.php","meta":{"_acf_changed":false,"footnotes":""},"class_list":["post-1565","page","type-page","status-publish","has-post-thumbnail","hentry"],"acf":[],"_links":{"self":[{"href":"https:\/\/konferenztechnik.de\/uk\/wp-json\/wp\/v2\/pages\/1565","targetHints":{"allow":["GET"]}}],"collection":[{"href":"https:\/\/konferenztechnik.de\/uk\/wp-json\/wp\/v2\/pages"}],"about":[{"href":"https:\/\/konferenztechnik.de\/uk\/wp-json\/wp\/v2\/types\/page"}],"author":[{"embeddable":true,"href":"https:\/\/konferenztechnik.de\/uk\/wp-json\/wp\/v2\/users\/1"}],"replies":[{"embeddable":true,"href":"https:\/\/konferenztechnik.de\/uk\/wp-json\/wp\/v2\/comments?post=1565"}],"version-history":[{"count":0,"href":"https:\/\/konferenztechnik.de\/uk\/wp-json\/wp\/v2\/pages\/1565\/revisions"}],"up":[{"embeddable":true,"href":"https:\/\/konferenztechnik.de\/uk\/wp-json\/wp\/v2\/pages\/12"}],"wp:featuredmedia":[{"embeddable":true,"href":"https:\/\/konferenztechnik.de\/uk\/wp-json\/wp\/v2\/media\/45482"}],"wp:attachment":[{"href":"https:\/\/konferenztechnik.de\/uk\/wp-json\/wp\/v2\/media?parent=1565"}],"curies":[{"name":"wp","href":"https:\/\/api.w.org\/{rel}","templated":true}]}}