{"id":15762,"date":"2023-08-07T10:20:26","date_gmt":"2023-08-07T08:20:26","guid":{"rendered":"https:\/\/www.konferenztechnik.de\/?page_id=15762"},"modified":"2023-08-28T15:19:29","modified_gmt":"2023-08-28T13:19:29","slug":"%d0%b2%d1%96%d0%b4%d0%b5%d0%be%d0%ba%d0%be%d0%bd%d1%84%d0%b5%d1%80%d0%b5%d0%bd%d1%86%d1%96%d1%97","status":"publish","type":"page","link":"https:\/\/konferenztechnik.de\/uk\/%d0%b2%d1%96%d0%b4%d0%b5%d0%be%d0%ba%d0%be%d0%bd%d1%84%d0%b5%d1%80%d0%b5%d0%bd%d1%86%d1%96%d1%97\/","title":{"rendered":"\u0412\u0456\u0434\u0435\u043e\u043a\u043e\u043d\u0444\u0435\u0440\u0435\u043d\u0446\u0456\u0457"},"content":{"rendered":"<div data-elementor-type=\"wp-page\" data-elementor-id=\"15762\" class=\"elementor elementor-15762\" data-elementor-post-type=\"page\">\n\t\t\t\t\t\t<section data-particle_enable=\"false\" data-particle-mobile-disabled=\"false\" class=\"elementor-section elementor-top-section elementor-element elementor-element-1ccfd1d2 elementor-section-boxed elementor-section-height-default elementor-section-height-default\" data-id=\"1ccfd1d2\" data-element_type=\"section\">\n\t\t\t\t\t\t<div class=\"elementor-container elementor-column-gap-default\">\n\t\t\t\t\t<div class=\"elementor-column elementor-col-100 elementor-top-column elementor-element elementor-element-9bf8201\" data-id=\"9bf8201\" data-element_type=\"column\">\n\t\t\t<div class=\"elementor-widget-wrap elementor-element-populated\">\n\t\t\t\t\t\t<div class=\"elementor-element elementor-element-515bfde1 elementor-widget elementor-widget-text-editor\" data-id=\"515bfde1\" data-element_type=\"widget\" data-widget_type=\"text-editor.default\">\n\t\t\t\t<div class=\"elementor-widget-container\">\n\t\t\t\t\t\t\t\t\t<h1>\u0412\u0456\u0434\u0435\u043e\u043a\u043e\u043d\u0444\u0435\u0440\u0435\u043d\u0446\u0456\u0457<\/h1>\n\n[v_icon color=\"#444444\u2033 size=\"18px\" target=\"_blank\" name=\"moon-volume-high\"]\n[v_icon color=\"#444444\u2033 size=\"18px\" target=\"_blank\" name=\"moon-camera-8\u2033]\n\n[v_icon color=\"#444444\u2033 size=\"18px\" target=\"_blank\" name=\"moon-headphones-2\u2033]\n\t\t\t\t\t\t\t\t<\/div>\n\t\t\t\t<\/div>\n\t\t\t\t\t<\/div>\n\t\t<\/div>\n\t\t\t\t\t<\/div>\n\t\t<\/section>\n\t\t<div data-particle_enable=\"false\" data-particle-mobile-disabled=\"false\" class=\"elementor-element elementor-element-ff6aa29 e-flex e-con-boxed e-con e-parent\" data-id=\"ff6aa29\" data-element_type=\"container\">\n\t\t\t\t\t<div class=\"e-con-inner\">\n\t\t\t\t<div class=\"elementor-element elementor-element-3423938 elementor-widget elementor-widget-taxonomy-filter\" data-id=\"3423938\" data-element_type=\"widget\" data-settings=\"{&quot;selected_element&quot;:&quot;cf98438&quot;,&quot;taxonomy&quot;:&quot;post_tag&quot;,&quot;item_alignment_horizontal&quot;:&quot;start&quot;,&quot;multiple_selection&quot;:&quot;no&quot;,&quot;horizontal_scroll&quot;:&quot;disable&quot;}\" data-widget_type=\"taxonomy-filter.default\">\n\t\t\t\t<div class=\"elementor-widget-container\">\n\t\t\t\t\t\t\t<search class=\"e-filter\" role=\"search\" data-base-url=\"https:\/\/konferenztechnik.de\/uk\/\" data-page-num=\"1\">\n\t\t\t\t\t\t\t<button class=\"e-filter-item\" data-filter=\"berlin\" aria-pressed=\"false\">\u0411\u0435\u0440\u043b\u0456\u043d<\/button>\n\t\t\t\t\t\t\t<button class=\"e-filter-item\" data-filter=\"duesseldorf\" aria-pressed=\"false\">\u0414\u044e\u0441\u0441\u0435\u043b\u044c\u0434\u043e\u0440\u0444<\/button>\n\t\t\t\t\t\t\t<button class=\"e-filter-item\" data-filter=\"job\" aria-pressed=\"false\">\u0420\u043e\u0431\u043e\u0442\u0430<\/button>\n\t\t\t\t\t\t\t<button class=\"e-filter-item\" data-filter=\"muenchen\" aria-pressed=\"false\">\u041c\u044e\u043d\u0445\u0435\u043d<\/button>\n\t\t\t\t\t\t\t<button class=\"e-filter-item\" data-filter=\"verkauf\" aria-pressed=\"false\">\u0420\u043e\u0437\u043f\u0440\u043e\u0434\u0430\u0436<\/button>\n\t\t\t\t\t\t\t<button class=\"e-filter-item\" data-filter=\"vermietung\" aria-pressed=\"false\">\u0414\u043e\u0437\u0432\u043e\u043b\u044c\u0442\u0435<\/button>\n\t\t\t\t\t\t\t<button class=\"e-filter-item\" data-filter=\"vertrieb\" aria-pressed=\"false\">\u0420\u043e\u0437\u043f\u043e\u0432\u0441\u044e\u0434\u0436\u0435\u043d\u043d\u044f<\/button>\n\t\t\t\n\t\t\t\t\t\t\t\t\t<button class=\"e-filter-item\" data-filter=\"__all\" aria-pressed=\"true\">\n\t\t\t\t\u0423\u0441\u0435.\t\t\t<\/button>\n\t\t\t\t\t<\/search>\n\t\t\t\t\t\t<\/div>\n\t\t\t\t<\/div>\n\t\t\t\t<div class=\"elementor-element elementor-element-cf98438 elementor-grid-4 elementor-grid-tablet-2 elementor-grid-mobile-1 elementor-widget elementor-widget-loop-grid\" data-id=\"cf98438\" data-element_type=\"widget\" data-settings=\"{&quot;template_id&quot;:38897,&quot;columns&quot;:4,&quot;_skin&quot;:&quot;post&quot;,&quot;columns_tablet&quot;:&quot;2&quot;,&quot;columns_mobile&quot;:&quot;1&quot;,&quot;edit_handle_selector&quot;:&quot;[data-elementor-type=\\&quot;loop-item\\&quot;]&quot;,&quot;row_gap&quot;:{&quot;unit&quot;:&quot;px&quot;,&quot;size&quot;:&quot;&quot;,&quot;sizes&quot;:[]},&quot;row_gap_widescreen&quot;:{&quot;unit&quot;:&quot;px&quot;,&quot;size&quot;:&quot;&quot;,&quot;sizes&quot;:[]},&quot;row_gap_laptop&quot;:{&quot;unit&quot;:&quot;px&quot;,&quot;size&quot;:&quot;&quot;,&quot;sizes&quot;:[]},&quot;row_gap_tablet_extra&quot;:{&quot;unit&quot;:&quot;px&quot;,&quot;size&quot;:&quot;&quot;,&quot;sizes&quot;:[]},&quot;row_gap_tablet&quot;:{&quot;unit&quot;:&quot;px&quot;,&quot;size&quot;:&quot;&quot;,&quot;sizes&quot;:[]},&quot;row_gap_mobile&quot;:{&quot;unit&quot;:&quot;px&quot;,&quot;size&quot;:&quot;&quot;,&quot;sizes&quot;:[]}}\" data-widget_type=\"loop-grid.post\">\n\t\t\t\t<div class=\"elementor-widget-container\">\n\t\t\t\t\t\t\t<div class=\"elementor-loop-container elementor-grid\" role=\"list\">\n\t\t<style id=\"loop-38897\">.elementor-38897 .elementor-element.elementor-element-fdce54a{--display:flex;}<\/style>\t\t<div data-elementor-type=\"loop-item\" data-elementor-id=\"38897\" class=\"elementor elementor-38897 e-loop-item e-loop-item-30376 post-30376 jobs type-jobs status-publish format-standard has-post-thumbnail hentry category-ausbildung category-job tag-berlin tag-vermietung\" data-elementor-post-type=\"elementor_library\" data-custom-edit-handle=\"1\">\n\t\t\t<div data-particle_enable=\"false\" data-particle-mobile-disabled=\"false\" class=\"elementor-element elementor-element-fdce54a e-flex e-con-boxed e-con e-parent\" data-id=\"fdce54a\" data-element_type=\"container\">\n\t\t\t\t\t<div class=\"e-con-inner\">\n\t\t\t\t<div class=\"elementor-element elementor-element-7a8125a elementor-widget elementor-widget-theme-post-title elementor-page-title elementor-widget-heading\" data-id=\"7a8125a\" data-element_type=\"widget\" data-widget_type=\"theme-post-title.default\">\n\t\t\t\t<div class=\"elementor-widget-container\">\n\t\t\t\t\t<h1 class=\"elementor-heading-title elementor-size-default\">\u0421\u0442\u0430\u0436\u0443\u0432\u0430\u043d\u043d\u044f \u043d\u0430 \u043f\u043e\u0441\u0430\u0434\u0456 \u0441\u043f\u0435\u0446\u0456\u0430\u043b\u0456\u0441\u0442\u0430 \u0437 \u0456\u0432\u0435\u043d\u0442-\u0442\u0435\u0445\u043d\u043e\u043b\u043e\u0433\u0456\u0439 (\u0447\/\u0436\/\u0434)<\/h1>\t\t\t\t<\/div>\n\t\t\t\t<\/div>\n\t\t\t\t<div class=\"elementor-element elementor-element-3f8806d elementor-widget elementor-widget-theme-post-featured-image elementor-widget-image\" data-id=\"3f8806d\" data-element_type=\"widget\" data-widget_type=\"theme-post-featured-image.default\">\n\t\t\t\t<div class=\"elementor-widget-container\">\n\t\t\t\t\t\t\t\t\t\t\t\t\t\t\t<img fetchpriority=\"high\" decoding=\"async\" width=\"800\" height=\"502\" src=\"https:\/\/konferenztechnik.de\/wp-content\/uploads\/2024\/06\/pcsberlin_A_modern_conference_area_in_an_modern_building._66ce711a-4e85-487d-a87c-c5db87290504.webp\" class=\"attachment-large size-large wp-image-45482\" alt=\"\u041f\u0430\u043a\u0435\u0442\u0438 \u043a\u043e\u043d\u0444\u0435\u0440\u0435\u043d\u0446-\u0437\u0430\u043b\u0456\u0432 \u0414\u044e\u0441\u0441\u0435\u043b\u044c\u0434\u043e\u0440\u0444\" srcset=\"https:\/\/konferenztechnik.de\/wp-content\/uploads\/2024\/06\/pcsberlin_A_modern_conference_area_in_an_modern_building._66ce711a-4e85-487d-a87c-c5db87290504.webp 999w, https:\/\/konferenztechnik.de\/wp-content\/uploads\/2024\/06\/pcsberlin_A_modern_conference_area_in_an_modern_building._66ce711a-4e85-487d-a87c-c5db87290504-300x188.webp 300w, https:\/\/konferenztechnik.de\/wp-content\/uploads\/2024\/06\/pcsberlin_A_modern_conference_area_in_an_modern_building._66ce711a-4e85-487d-a87c-c5db87290504-768x482.webp 768w, https:\/\/konferenztechnik.de\/wp-content\/uploads\/2024\/06\/pcsberlin_A_modern_conference_area_in_an_modern_building._66ce711a-4e85-487d-a87c-c5db87290504-18x12.webp 18w\" sizes=\"(max-width: 800px) 100vw, 800px\" title=\"\">\t\t\t\t\t\t\t\t\t\t\t\t\t\t\t<\/div>\n\t\t\t\t<\/div>\n\t\t\t\t\t<\/div>\n\t\t\t\t<\/div>\n\t\t\t\t<\/div>\n\t\t\t\t<div data-elementor-type=\"loop-item\" data-elementor-id=\"38897\" class=\"elementor elementor-38897 e-loop-item e-loop-item-47688 post-47688 jobs type-jobs status-publish format-standard has-post-thumbnail hentry category-job tag-berlin tag-duesseldorf tag-vertrieb\" data-elementor-post-type=\"elementor_library\" data-custom-edit-handle=\"1\">\n\t\t\t<div data-particle_enable=\"false\" data-particle-mobile-disabled=\"false\" class=\"elementor-element elementor-element-fdce54a e-flex e-con-boxed e-con e-parent\" data-id=\"fdce54a\" data-element_type=\"container\">\n\t\t\t\t\t<div class=\"e-con-inner\">\n\t\t\t\t<div class=\"elementor-element elementor-element-7a8125a elementor-widget elementor-widget-theme-post-title elementor-page-title elementor-widget-heading\" data-id=\"7a8125a\" data-element_type=\"widget\" data-widget_type=\"theme-post-title.default\">\n\t\t\t\t<div class=\"elementor-widget-container\">\n\t\t\t\t\t<h1 class=\"elementor-heading-title elementor-size-default\">\u041c\u0435\u0434\u0456\u0430-\u0442\u0435\u0445\u043d\u0456\u043a (\u0447\/\u0436\/\u0434) \u2013 25015<\/h1>\t\t\t\t<\/div>\n\t\t\t\t<\/div>\n\t\t\t\t<div class=\"elementor-element elementor-element-3f8806d elementor-widget elementor-widget-theme-post-featured-image elementor-widget-image\" data-id=\"3f8806d\" data-element_type=\"widget\" data-widget_type=\"theme-post-featured-image.default\">\n\t\t\t\t<div class=\"elementor-widget-container\">\n\t\t\t\t\t\t\t\t\t\t\t\t\t\t\t<img decoding=\"async\" width=\"800\" height=\"530\" src=\"https:\/\/konferenztechnik.de\/wp-content\/uploads\/2025\/02\/job-medientechnikerin-pcs-2025-1024x678.avif\" class=\"attachment-large size-large wp-image-47379\" alt=\"\u041c\u0435\u0434\u0456\u0430-\u0442\u0435\u0445\u043d\u0456\u043a \u043f\u043e\u0442\u0440\u0456\u0431\u0435\u043d \u0443 \u0411\u0435\u0440\u043b\u0456\u043d\u0456 \u0430\u0431\u043e \u0414\u044e\u0441\u0441\u0435\u043b\u044c\u0434\u043e\u0440\u0444\u0456 \u0432 PCS.\" srcset=\"https:\/\/konferenztechnik.de\/wp-content\/uploads\/2025\/02\/job-medientechnikerin-pcs-2025-1024x678.avif 1024w, https:\/\/konferenztechnik.de\/wp-content\/uploads\/2025\/02\/job-medientechnikerin-pcs-2025-300x199.avif 300w, https:\/\/konferenztechnik.de\/wp-content\/uploads\/2025\/02\/job-medientechnikerin-pcs-2025-768x509.avif 768w, https:\/\/konferenztechnik.de\/wp-content\/uploads\/2025\/02\/job-medientechnikerin-pcs-2025-18x12.avif 18w, https:\/\/konferenztechnik.de\/wp-content\/uploads\/2025\/02\/job-medientechnikerin-pcs-2025-png.avif 1200w\" sizes=\"(max-width: 800px) 100vw, 800px\" title=\"\">\t\t\t\t\t\t\t\t\t\t\t\t\t\t\t<\/div>\n\t\t\t\t<\/div>\n\t\t\t\t\t<\/div>\n\t\t\t\t<\/div>\n\t\t\t\t<\/div>\n\t\t\t\t<div data-elementor-type=\"loop-item\" data-elementor-id=\"38897\" class=\"elementor elementor-38897 e-loop-item e-loop-item-47676 post-47676 jobs type-jobs status-publish format-standard has-post-thumbnail hentry category-job tag-berlin tag-duesseldorf tag-vertrieb\" data-elementor-post-type=\"elementor_library\" data-custom-edit-handle=\"1\">\n\t\t\t<div data-particle_enable=\"false\" data-particle-mobile-disabled=\"false\" class=\"elementor-element elementor-element-fdce54a e-flex e-con-boxed e-con e-parent\" data-id=\"fdce54a\" data-element_type=\"container\">\n\t\t\t\t\t<div class=\"e-con-inner\">\n\t\t\t\t<div class=\"elementor-element elementor-element-7a8125a elementor-widget elementor-widget-theme-post-title elementor-page-title elementor-widget-heading\" data-id=\"7a8125a\" data-element_type=\"widget\" data-widget_type=\"theme-post-title.default\">\n\t\t\t\t<div class=\"elementor-widget-container\">\n\t\t\t\t\t<h1 class=\"elementor-heading-title elementor-size-default\">\u041c\u043e\u043d\u0442\u0430\u0436\u043d\u0438\u043a (\u043c\/\u0436\/\u0434) \u2013 25016<\/h1>\t\t\t\t<\/div>\n\t\t\t\t<\/div>\n\t\t\t\t<div class=\"elementor-element elementor-element-3f8806d elementor-widget elementor-widget-theme-post-featured-image elementor-widget-image\" data-id=\"3f8806d\" data-element_type=\"widget\" data-widget_type=\"theme-post-featured-image.default\">\n\t\t\t\t<div class=\"elementor-widget-container\">\n\t\t\t\t\t\t\t\t\t\t\t\t\t\t\t<img decoding=\"async\" width=\"800\" height=\"530\" src=\"https:\/\/konferenztechnik.de\/wp-content\/uploads\/2025\/02\/Installationstechniker_in-gesucht-1024x678.avif\" class=\"attachment-large size-large wp-image-47414\" alt=\"\u041f\u043e\u0442\u0440\u0456\u0431\u0435\u043d \u0442\u0435\u0445\u043d\u0456\u043a \u0437 \u043c\u043e\u043d\u0442\u0430\u0436\u0443\" srcset=\"https:\/\/konferenztechnik.de\/wp-content\/uploads\/2025\/02\/Installationstechniker_in-gesucht-1024x678.avif 1024w, https:\/\/konferenztechnik.de\/wp-content\/uploads\/2025\/02\/Installationstechniker_in-gesucht-300x199.avif 300w, https:\/\/konferenztechnik.de\/wp-content\/uploads\/2025\/02\/Installationstechniker_in-gesucht-768x509.avif 768w, https:\/\/konferenztechnik.de\/wp-content\/uploads\/2025\/02\/Installationstechniker_in-gesucht-18x12.avif 18w, https:\/\/konferenztechnik.de\/wp-content\/uploads\/2025\/02\/Installationstechniker_in-gesucht-png.avif 1200w\" sizes=\"(max-width: 800px) 100vw, 800px\" title=\"\">\t\t\t\t\t\t\t\t\t\t\t\t\t\t\t<\/div>\n\t\t\t\t<\/div>\n\t\t\t\t\t<\/div>\n\t\t\t\t<\/div>\n\t\t\t\t<\/div>\n\t\t\t\t<div data-elementor-type=\"loop-item\" data-elementor-id=\"38897\" class=\"elementor elementor-38897 e-loop-item e-loop-item-22269 post-22269 jobs type-jobs status-publish format-standard has-post-thumbnail hentry\" data-elementor-post-type=\"elementor_library\" data-custom-edit-handle=\"1\">\n\t\t\t<div data-particle_enable=\"false\" data-particle-mobile-disabled=\"false\" class=\"elementor-element elementor-element-fdce54a e-flex e-con-boxed e-con e-parent\" data-id=\"fdce54a\" data-element_type=\"container\">\n\t\t\t\t\t<div class=\"e-con-inner\">\n\t\t\t\t<div class=\"elementor-element elementor-element-7a8125a elementor-widget elementor-widget-theme-post-title elementor-page-title elementor-widget-heading\" data-id=\"7a8125a\" data-element_type=\"widget\" data-widget_type=\"theme-post-title.default\">\n\t\t\t\t<div class=\"elementor-widget-container\">\n\t\t\t\t\t<h1 class=\"elementor-heading-title elementor-size-default\">\u0411\u0443\u0445\u0433\u0430\u043b\u0442\u0435\u0440 \/ \u0431\u0443\u0445\u0433\u0430\u043b\u0442\u0435\u0440\u0441\u044c\u043a\u0438\u0439 \u043f\u0440\u0430\u0446\u0456\u0432\u043d\u0438\u043a<\/h1>\t\t\t\t<\/div>\n\t\t\t\t<\/div>\n\t\t\t\t<div class=\"elementor-element elementor-element-3f8806d elementor-widget elementor-widget-theme-post-featured-image elementor-widget-image\" data-id=\"3f8806d\" data-element_type=\"widget\" data-widget_type=\"theme-post-featured-image.default\">\n\t\t\t\t<div class=\"elementor-widget-container\">\n\t\t\t\t\t\t\t\t\t\t\t\t\t\t\t<img fetchpriority=\"high\" decoding=\"async\" width=\"800\" height=\"502\" src=\"https:\/\/konferenztechnik.de\/wp-content\/uploads\/2024\/06\/pcsberlin_A_modern_conference_area_in_an_modern_building._66ce711a-4e85-487d-a87c-c5db87290504.webp\" class=\"attachment-large size-large wp-image-45482\" alt=\"\u041f\u0430\u043a\u0435\u0442\u0438 \u043a\u043e\u043d\u0444\u0435\u0440\u0435\u043d\u0446-\u0437\u0430\u043b\u0456\u0432 \u0414\u044e\u0441\u0441\u0435\u043b\u044c\u0434\u043e\u0440\u0444\" srcset=\"https:\/\/konferenztechnik.de\/wp-content\/uploads\/2024\/06\/pcsberlin_A_modern_conference_area_in_an_modern_building._66ce711a-4e85-487d-a87c-c5db87290504.webp 999w, https:\/\/konferenztechnik.de\/wp-content\/uploads\/2024\/06\/pcsberlin_A_modern_conference_area_in_an_modern_building._66ce711a-4e85-487d-a87c-c5db87290504-300x188.webp 300w, https:\/\/konferenztechnik.de\/wp-content\/uploads\/2024\/06\/pcsberlin_A_modern_conference_area_in_an_modern_building._66ce711a-4e85-487d-a87c-c5db87290504-768x482.webp 768w, https:\/\/konferenztechnik.de\/wp-content\/uploads\/2024\/06\/pcsberlin_A_modern_conference_area_in_an_modern_building._66ce711a-4e85-487d-a87c-c5db87290504-18x12.webp 18w\" sizes=\"(max-width: 800px) 100vw, 800px\" title=\"\">\t\t\t\t\t\t\t\t\t\t\t\t\t\t\t<\/div>\n\t\t\t\t<\/div>\n\t\t\t\t\t<\/div>\n\t\t\t\t<\/div>\n\t\t\t\t<\/div>\n\t\t\t\t<div data-elementor-type=\"loop-item\" data-elementor-id=\"38897\" class=\"elementor elementor-38897 e-loop-item e-loop-item-22277 post-22277 jobs type-jobs status-publish format-standard has-post-thumbnail hentry category-job tag-berlin tag-duesseldorf tag-muenchen\" data-elementor-post-type=\"elementor_library\" data-custom-edit-handle=\"1\">\n\t\t\t<div data-particle_enable=\"false\" data-particle-mobile-disabled=\"false\" class=\"elementor-element elementor-element-fdce54a e-flex e-con-boxed e-con e-parent\" data-id=\"fdce54a\" data-element_type=\"container\">\n\t\t\t\t\t<div class=\"e-con-inner\">\n\t\t\t\t<div class=\"elementor-element elementor-element-7a8125a elementor-widget elementor-widget-theme-post-title elementor-page-title elementor-widget-heading\" data-id=\"7a8125a\" data-element_type=\"widget\" data-widget_type=\"theme-post-title.default\">\n\t\t\t\t<div class=\"elementor-widget-container\">\n\t\t\t\t\t<h1 class=\"elementor-heading-title elementor-size-default\">\u041d\u0435\u0431\u0430\u0436\u0430\u043d\u0430 \u0437\u0430\u044f\u0432\u043a\u0430<\/h1>\t\t\t\t<\/div>\n\t\t\t\t<\/div>\n\t\t\t\t<div class=\"elementor-element elementor-element-3f8806d elementor-widget elementor-widget-theme-post-featured-image elementor-widget-image\" data-id=\"3f8806d\" data-element_type=\"widget\" data-widget_type=\"theme-post-featured-image.default\">\n\t\t\t\t<div class=\"elementor-widget-container\">\n\t\t\t\t\t\t\t\t\t\t\t\t\t\t\t<img fetchpriority=\"high\" decoding=\"async\" width=\"800\" height=\"502\" src=\"https:\/\/konferenztechnik.de\/wp-content\/uploads\/2024\/06\/pcsberlin_A_modern_conference_area_in_an_modern_building._66ce711a-4e85-487d-a87c-c5db87290504.webp\" class=\"attachment-large size-large wp-image-45482\" alt=\"\u041f\u0430\u043a\u0435\u0442\u0438 \u043a\u043e\u043d\u0444\u0435\u0440\u0435\u043d\u0446-\u0437\u0430\u043b\u0456\u0432 \u0414\u044e\u0441\u0441\u0435\u043b\u044c\u0434\u043e\u0440\u0444\" srcset=\"https:\/\/konferenztechnik.de\/wp-content\/uploads\/2024\/06\/pcsberlin_A_modern_conference_area_in_an_modern_building._66ce711a-4e85-487d-a87c-c5db87290504.webp 999w, https:\/\/konferenztechnik.de\/wp-content\/uploads\/2024\/06\/pcsberlin_A_modern_conference_area_in_an_modern_building._66ce711a-4e85-487d-a87c-c5db87290504-300x188.webp 300w, https:\/\/konferenztechnik.de\/wp-content\/uploads\/2024\/06\/pcsberlin_A_modern_conference_area_in_an_modern_building._66ce711a-4e85-487d-a87c-c5db87290504-768x482.webp 768w, https:\/\/konferenztechnik.de\/wp-content\/uploads\/2024\/06\/pcsberlin_A_modern_conference_area_in_an_modern_building._66ce711a-4e85-487d-a87c-c5db87290504-18x12.webp 18w\" sizes=\"(max-width: 800px) 100vw, 800px\" title=\"\">\t\t\t\t\t\t\t\t\t\t\t\t\t\t\t<\/div>\n\t\t\t\t<\/div>\n\t\t\t\t\t<\/div>\n\t\t\t\t<\/div>\n\t\t\t\t<\/div>\n\t\t\t\t<div data-elementor-type=\"loop-item\" data-elementor-id=\"38897\" class=\"elementor elementor-38897 e-loop-item e-loop-item-22038 post-22038 jobs type-jobs status-publish format-standard has-post-thumbnail hentry category-job tag-duesseldorf tag-job tag-verkauf tag-vermietung tag-vertrieb\" data-elementor-post-type=\"elementor_library\" data-custom-edit-handle=\"1\">\n\t\t\t<div data-particle_enable=\"false\" data-particle-mobile-disabled=\"false\" class=\"elementor-element elementor-element-fdce54a e-flex e-con-boxed e-con e-parent\" data-id=\"fdce54a\" data-element_type=\"container\">\n\t\t\t\t\t<div class=\"e-con-inner\">\n\t\t\t\t<div class=\"elementor-element elementor-element-7a8125a elementor-widget elementor-widget-theme-post-title elementor-page-title elementor-widget-heading\" data-id=\"7a8125a\" data-element_type=\"widget\" data-widget_type=\"theme-post-title.default\">\n\t\t\t\t<div class=\"elementor-widget-container\">\n\t\t\t\t\t<h1 class=\"elementor-heading-title elementor-size-default\">\u0422\u0435\u0445\u043d\u0456\u0447\u043d\u0456 \u0441\u043f\u0435\u0446\u0456\u0430\u043b\u0456\u0441\u0442\u0438 (\u0447\/\u0436) \u0437 \u043f\u043b\u0430\u043d\u0443\u0432\u0430\u043d\u043d\u044f, \u0432\u0441\u0442\u0430\u043d\u043e\u0432\u043b\u0435\u043d\u043d\u044f \u0442\u0430 \u043f\u0440\u043e\u0434\u0430\u0436\u0443 \u043c\u0435\u0434\u0456\u0430-\u0442\u0435\u0445\u043d\u043e\u043b\u043e\u0433\u0456\u0439<\/h1>\t\t\t\t<\/div>\n\t\t\t\t<\/div>\n\t\t\t\t<div class=\"elementor-element elementor-element-3f8806d elementor-widget elementor-widget-theme-post-featured-image elementor-widget-image\" data-id=\"3f8806d\" data-element_type=\"widget\" data-widget_type=\"theme-post-featured-image.default\">\n\t\t\t\t<div class=\"elementor-widget-container\">\n\t\t\t\t\t\t\t\t\t\t\t\t\t\t\t<img fetchpriority=\"high\" decoding=\"async\" width=\"800\" height=\"502\" src=\"https:\/\/konferenztechnik.de\/wp-content\/uploads\/2024\/06\/pcsberlin_A_modern_conference_area_in_an_modern_building._66ce711a-4e85-487d-a87c-c5db87290504.webp\" class=\"attachment-large size-large wp-image-45482\" alt=\"\u041f\u0430\u043a\u0435\u0442\u0438 \u043a\u043e\u043d\u0444\u0435\u0440\u0435\u043d\u0446-\u0437\u0430\u043b\u0456\u0432 \u0414\u044e\u0441\u0441\u0435\u043b\u044c\u0434\u043e\u0440\u0444\" srcset=\"https:\/\/konferenztechnik.de\/wp-content\/uploads\/2024\/06\/pcsberlin_A_modern_conference_area_in_an_modern_building._66ce711a-4e85-487d-a87c-c5db87290504.webp 999w, https:\/\/konferenztechnik.de\/wp-content\/uploads\/2024\/06\/pcsberlin_A_modern_conference_area_in_an_modern_building._66ce711a-4e85-487d-a87c-c5db87290504-300x188.webp 300w, https:\/\/konferenztechnik.de\/wp-content\/uploads\/2024\/06\/pcsberlin_A_modern_conference_area_in_an_modern_building._66ce711a-4e85-487d-a87c-c5db87290504-768x482.webp 768w, https:\/\/konferenztechnik.de\/wp-content\/uploads\/2024\/06\/pcsberlin_A_modern_conference_area_in_an_modern_building._66ce711a-4e85-487d-a87c-c5db87290504-18x12.webp 18w\" sizes=\"(max-width: 800px) 100vw, 800px\" title=\"\">\t\t\t\t\t\t\t\t\t\t\t\t\t\t\t<\/div>\n\t\t\t\t<\/div>\n\t\t\t\t\t<\/div>\n\t\t\t\t<\/div>\n\t\t\t\t<\/div>\n\t\t\t\t<\/div>\n\t\t\n\t\t\t\t\t\t<\/div>\n\t\t\t\t<\/div>\n\t\t\t\t\t<\/div>\n\t\t\t\t<\/div>\n\t\t\t\t<\/div>","protected":false},"excerpt":{"rendered":"<p>Videokonferenzen [v_icon color=&#8220;#444444&#8243; size=&#8220;18px&#8220; target=&#8220;_blank&#8220; name=&#8220;moon-volume-high&#8220;] [v_icon color=&#8220;#444444&#8243; size=&#8220;18px&#8220; target=&#8220;_blank&#8220; name=&#8220;moon-camera-8&#8243;] [v_icon color=&#8220;#444444&#8243; size=&#8220;18px&#8220; target=&#8220;_blank&#8220; name=&#8220;moon-headphones-2&#8243;] Adam Hall AMX Audipack Bachmann Barco Berlin beyerdynamic Biamp Systems Bosch Bowers Bowers &amp; Wilkins Buchhaltung Crestron dBTechnologies DPA DPA microphones D\u00fcsseldorf EIKI Epson Extron Fohhn Fohhn Audio AG Freitag Gesch\u00e4ftsf\u00fchrung i3 i3-Technologies JBL Job K&amp;M Kindermann Kling Kling [&hellip;]<\/p>","protected":false},"author":1,"featured_media":45482,"parent":0,"menu_order":0,"comment_status":"closed","ping_status":"closed","template":"","meta":{"_acf_changed":false,"footnotes":""},"class_list":["post-15762","page","type-page","status-publish","has-post-thumbnail","hentry"],"acf":[],"_links":{"self":[{"href":"https:\/\/konferenztechnik.de\/uk\/wp-json\/wp\/v2\/pages\/15762","targetHints":{"allow":["GET"]}}],"collection":[{"href":"https:\/\/konferenztechnik.de\/uk\/wp-json\/wp\/v2\/pages"}],"about":[{"href":"https:\/\/konferenztechnik.de\/uk\/wp-json\/wp\/v2\/types\/page"}],"author":[{"embeddable":true,"href":"https:\/\/konferenztechnik.de\/uk\/wp-json\/wp\/v2\/users\/1"}],"replies":[{"embeddable":true,"href":"https:\/\/konferenztechnik.de\/uk\/wp-json\/wp\/v2\/comments?post=15762"}],"version-history":[{"count":0,"href":"https:\/\/konferenztechnik.de\/uk\/wp-json\/wp\/v2\/pages\/15762\/revisions"}],"wp:featuredmedia":[{"embeddable":true,"href":"https:\/\/konferenztechnik.de\/uk\/wp-json\/wp\/v2\/media\/45482"}],"wp:attachment":[{"href":"https:\/\/konferenztechnik.de\/uk\/wp-json\/wp\/v2\/media?parent=15762"}],"curies":[{"name":"wp","href":"https:\/\/api.w.org\/{rel}","templated":true}]}}