{"id":16088,"date":"2020-04-27T10:27:54","date_gmt":"2020-04-27T09:27:54","guid":{"rendered":"https:\/\/www.konferenztechnik.de\/?page_id=16088"},"modified":"2020-04-27T10:27:54","modified_gmt":"2020-04-27T09:27:54","slug":"%d1%86%d0%b5%d0%bd%d1%82%d1%80-%d0%bf%d0%b5%d1%80%d0%b5%d0%ba%d0%bb%d0%b0%d0%b4%d1%96%d0%b2-%d1%83-%d0%b4%d1%8e%d1%81%d1%81%d0%b5%d0%bb%d1%8c%d0%b4%d0%be%d1%80%d1%84%d1%96","status":"publish","type":"page","link":"https:\/\/konferenztechnik.de\/uk\/%d1%86%d0%b5%d0%bd%d1%82%d1%80-%d0%bf%d0%b5%d1%80%d0%b5%d0%ba%d0%bb%d0%b0%d0%b4%d1%96%d0%b2-%d1%83-%d0%b4%d1%8e%d1%81%d1%81%d0%b5%d0%bb%d1%8c%d0%b4%d0%be%d1%80%d1%84%d1%96\/","title":{"rendered":"\u041f\u0435\u0440\u0435\u043a\u043b\u0430\u0434\u0430\u0446\u044c\u043a\u0438\u0439 \u0445\u0430\u0431 \u0414\u044e\u0441\u0441\u0435\u043b\u044c\u0434\u043e\u0440\u0444\u0430"},"content":{"rendered":"<h1>\u0426\u0435\u043d\u0442\u0440 \u0443\u0441\u043d\u043e\u0433\u043e \u043f\u0435\u0440\u0435\u043a\u043b\u0430\u0434\u0443 \u0432 \u0414\u044e\u0441\u0441\u0435\u043b\u044c\u0434\u043e\u0440\u0444\u0456: \u0432\u0456\u0434\u0434\u0430\u043b\u0435\u043d\u0438\u0439 \u0446\u0435\u043d\u0442\u0440 \u0443\u0441\u043d\u043e\u0433\u043e \u043f\u0435\u0440\u0435\u043a\u043b\u0430\u0434\u0443 \u0434\u043b\u044f \u0414\u044e\u0441\u0441\u0435\u043b\u044c\u0434\u043e\u0440\u0444\u0430, \u041a\u0435\u043b\u044c\u043d\u0430, \u0415\u0441\u0441\u0435\u043d\u0430 \u0442\u0430 \u0412\u0443\u043f\u043f\u0435\u0440\u0442\u0430\u043b\u044f<\/h1>\n<div class=\"call-action-slider-img\">\n<img fetchpriority=\"high\" decoding=\"async\" src=\"https:\/\/konferenztechnik.de\/wp-content\/uploads\/2021\/08\/mobile-streamingstudios-bildregie-v2.jpg\" alt=\"mobile-streamingstudios-image-direction-v2\" width=\"835\" height=\"420\" class=\"alignleft size-full wp-image-18282\" title=\"\" srcset=\"https:\/\/konferenztechnik.de\/wp-content\/uploads\/2021\/08\/mobile-streamingstudios-bildregie-v2.jpg 835w, https:\/\/konferenztechnik.de\/wp-content\/uploads\/2021\/08\/mobile-streamingstudios-bildregie-v2-300x151.jpg 300w, https:\/\/konferenztechnik.de\/wp-content\/uploads\/2021\/08\/mobile-streamingstudios-bildregie-v2-768x386.jpg 768w\" sizes=\"(max-width: 835px) 100vw, 835px\" \/><br \/>\n<button class=\"btn btn-nopic popmake-9638\">\u041e\u0442\u0440\u0438\u043c\u0430\u0439\u0442\u0435 \u043f\u0440\u043e\u043f\u043e\u0437\u0438\u0446\u0456\u044e \u0437\u0430\u0440\u0430\u0437 &#x9B;<\/button>\n<\/div>\n<p>\u041d\u0430\u0448\u0456 \u0441\u0442\u0443\u0434\u0456\u0457 \u0443\u0441\u043d\u043e\u0433\u043e \u043f\u0435\u0440\u0435\u043a\u043b\u0430\u0434\u0443 \u0432 \u0414\u044e\u0441\u0441\u0435\u043b\u044c\u0434\u043e\u0440\u0444\u0456 \u043f\u0440\u043e\u043f\u043e\u043d\u0443\u044e\u0442\u044c \u043f\u0440\u043e\u0444\u0435\u0441\u0456\u0439\u043d\u0456 \u0440\u043e\u0431\u043e\u0447\u0456 \u043c\u0456\u0441\u0446\u044f \u0434\u043b\u044f \u0443\u0441\u043d\u0438\u0445 \u043f\u0435\u0440\u0435\u043a\u043b\u0430\u0434\u0430\u0447\u0456\u0432. \u0412\u043e\u043d\u0438 \u043e\u0441\u043d\u0430\u0449\u0435\u043d\u0456 \u043f\u0440\u043e\u0444\u0435\u0441\u0456\u0439\u043d\u0438\u043c \u043e\u0431\u043b\u0430\u0434\u043d\u0430\u043d\u043d\u044f\u043c \u0434\u043b\u044f \u0443\u0441\u043d\u043e\u0433\u043e \u043f\u0435\u0440\u0435\u043a\u043b\u0430\u0434\u0443, \u044f\u043a\u0435 \u0432\u0438\u0437\u043d\u0430\u043d\u0435 \u043f\u0435\u0440\u0435\u043a\u043b\u0430\u0434\u0430\u0447\u0430\u043c\u0438. \u0417\u0432\u0443\u043a\u043e\u0456\u0437\u043e\u043b\u044f\u0446\u0456\u044f, \u0430\u0443\u0434\u0456\u043e- \u0442\u0430 \u0432\u0456\u0434\u0435\u043e\u0442\u0435\u0445\u043d\u0456\u043a\u0430, \u0430 \u0442\u0430\u043a\u043e\u0436 \u0437\u0430\u0441\u043e\u0431\u0438 \u0437\u0432'\u044f\u0437\u043a\u0443 \u0432\u0456\u0434\u043f\u043e\u0432\u0456\u0434\u0430\u044e\u0442\u044c \u044f\u043a \u0441\u0442\u0430\u043d\u0434\u0430\u0440\u0442\u0430\u043c ISO \u0434\u043b\u044f \u0434\u0438\u0441\u0442\u0430\u043d\u0446\u0456\u0439\u043d\u043e\u0433\u043e \u043f\u0435\u0440\u0435\u043a\u043b\u0430\u0434\u0443, \u0442\u0430\u043a \u0456 \u0441\u043f\u0435\u0446\u0438\u0444\u0456\u043a\u0430\u0446\u0456\u044f\u043c \u0434\u043b\u044f \u0434\u0438\u0441\u0442\u0430\u043d\u0446\u0456\u0439\u043d\u043e\u0433\u043e \u0441\u0438\u043d\u0445\u0440\u043e\u043d\u043d\u043e\u0433\u043e \u043f\u0435\u0440\u0435\u043a\u043b\u0430\u0434\u0443 \u043f\u0435\u0440\u0435\u043a\u043b\u0430\u0434\u0430\u0446\u044c\u043a\u0438\u0445 \u0430\u0441\u043e\u0446\u0456\u0430\u0446\u0456\u0439.<br \/>\n\u041c\u0438 \u043f\u0440\u043e\u043f\u043e\u043d\u0443\u0454\u043c\u043e \u0441\u0442\u0430\u0431\u0456\u043b\u044c\u043d\u0443 \u0442\u0430 \u0431\u0435\u0437\u0432\u0456\u0434\u043c\u043e\u0432\u043d\u0443 \u043f\u0440\u043e\u043f\u0443\u0441\u043a\u043d\u0443 \u0437\u0434\u0430\u0442\u043d\u0456\u0441\u0442\u044c \u0406\u043d\u0442\u0435\u0440\u043d\u0435\u0442\u0443, \u0437\u0430\u0445\u0438\u0449\u0435\u043d\u0443 \u043f\u0430\u0440\u043e\u043b\u0435\u043c \u0442\u0430 \u0437\u0430\u0448\u0438\u0444\u0440\u043e\u0432\u0430\u043d\u0443 \u043f\u0435\u0440\u0435\u0434\u0430\u0447\u0443 \u0434\u0430\u043d\u0438\u0445, \u0430 \u0442\u0430\u043a\u043e\u0436 \u0447\u0443\u0434\u043e\u0432\u0443 \u044f\u043a\u0456\u0441\u0442\u044c \u0430\u0443\u0434\u0456\u043e \u0442\u0430 \u0432\u0456\u0434\u0435\u043e \u0434\u043b\u044f \u0432\u0430\u0448\u0438\u0445 \u043f\u0440\u043e\u0444\u0435\u0441\u0456\u0439\u043d\u0438\u0445 \u0437\u0430\u0445\u043e\u0434\u0456\u0432.<\/p>\n<p>[spacer size=\"10\u2033]<br \/>\n[column size=\"1-2\u2033 last=\"0\u2033]<br \/>\n[list icon=\"moon-checkmark\" color=\"#a62055\u2033]10 \u043c\u043e\u0432 \u043e\u0434\u043d\u043e\u0447\u0430\u0441\u043d\u043e[\/list]<br \/>\n[list icon=\"moon-checkmark\" color=\"#a62055\u2033]\u041f\u0456\u0434\u0442\u0440\u0438\u043c\u043a\u0430 \u0442\u0435\u0445\u043d\u0456\u0447\u043d\u0438\u0445 \u0441\u043f\u0435\u0446\u0456\u0430\u043b\u0456\u0441\u0442\u0456\u0432 \u0442\u0430 \u043c\u043e\u0434\u0435\u0440\u0430\u0442\u043e\u0440\u0456\u0432[\/list].<br \/>\n[list icon=\"moon-checkmark\" color=\"#a62055\u2033]\u041d\u0435\u043e\u0431\u043c\u0435\u0436\u0435\u043d\u0430 \u043a\u0456\u043b\u044c\u043a\u0456\u0441\u0442\u044c \u0433\u043b\u044f\u0434\u0430\u0447\u0456\u0432 \u0447\u0435\u0440\u0435\u0437 \u043f\u043e\u0442\u0456\u043a[\/list].<br \/>\n[\/column]<br \/>\n[column size=\"1-2\u2033 last=\"1\u2033]<br \/>\n[list icon=\"moon-checkmark\" color=\"#a62055\u2033]\u0412\u0456\u0440\u0442\u0443\u0430\u043b\u044c\u043d\u0456 \u0437\u0443\u0441\u0442\u0440\u0456\u0447\u0456 \u043f\u043e \u0432\u0441\u044c\u043e\u043c\u0443 \u0441\u0432\u0456\u0442\u0443[\/list]<br \/>\n[list icon=\"moon-checkmark\" color=\"#a62055\u2033]\u0417\u0430\u0445\u0438\u0441\u0442 \u043f\u0430\u0440\u043e\u043b\u0435\u043c \u0442\u0430 \u0437\u0430\u0448\u0438\u0444\u0440\u043e\u0432\u0430\u043d\u0430 \u043f\u0435\u0440\u0435\u0434\u0430\u0447\u0430[\/list].<br \/>\n[list icon=\"moon-checkmark\" color=\"#a62055\u2033]\u041d\u0430\u0439\u043a\u0440\u0430\u0449\u0430 \u044f\u043a\u0456\u0441\u0442\u044c \u0430\u0443\u0434\u0456\u043e \u0442\u0430 \u0432\u0456\u0434\u0435\u043e[\/list].<br \/>\n[\/column]<br \/>\n[spacer size=\"30\u2033]<\/p>\n<p>\u041c\u0438 \u043d\u0430\u0434\u0430\u0454\u043c\u043e \u0442\u0435\u0445\u043d\u0456\u0447\u043d\u0443 \u043f\u0456\u0434\u0442\u0440\u0438\u043c\u043a\u0443 \u044f\u043a \u043d\u0430 \u043c\u0456\u0441\u0446\u0456, \u0442\u0430\u043a \u0456 \u0432\u0456\u0434\u0434\u0430\u043b\u0435\u043d\u043e \u2013 \u0434\u043b\u044f \u0432\u0441\u0456\u0445 \u0443\u0447\u0430\u0441\u043d\u0438\u043a\u0456\u0432 \u0437\u0443\u0441\u0442\u0440\u0456\u0447\u0456. \u041d\u0430\u0448\u0456 \u0442\u0435\u0445\u043d\u0456\u0447\u043d\u0456 \u043c\u043e\u0434\u0435\u0440\u0430\u0442\u043e\u0440\u0438\/\u043a\u043e\u043e\u0440\u0434\u0438\u043d\u0430\u0442\u043e\u0440\u0438 \u0434\u043e\u043f\u043e\u043c\u0430\u0433\u0430\u044e\u0442\u044c \u0437\u0430\u0431\u0435\u0437\u043f\u0435\u0447\u0438\u0442\u0438 \u0431\u0435\u0437\u043f\u0435\u0440\u0435\u0431\u0456\u0439\u043d\u0438\u0439 \u0442\u0435\u0445\u043d\u0456\u0447\u043d\u0438\u0439 \u0445\u0456\u0434 \u043a\u043e\u043d\u0444\u0435\u0440\u0435\u043d\u0446\u0456\u0457 \u0442\u0430 \u0433\u043e\u0442\u043e\u0432\u0456 \u0432\u0456\u0434\u043f\u043e\u0432\u0456\u0441\u0442\u0438 \u043d\u0430 \u0437\u0430\u043f\u0438\u0442\u0430\u043d\u043d\u044f \u0433\u043e\u043b\u043e\u0432\u0438 \u0442\u0430 \u0443\u0447\u0430\u0441\u043d\u0438\u043a\u0456\u0432. \u041a\u0440\u0456\u043c \u0442\u043e\u0433\u043e, \u043d\u0430 \u043c\u0456\u0441\u0446\u0456 \u043f\u043e\u0441\u0442\u0456\u0439\u043d\u043e \u043f\u0435\u0440\u0435\u0431\u0443\u0432\u0430\u044e\u0442\u044c \u0442\u0435\u0445\u043d\u0456\u0447\u043d\u0456 \u0441\u043f\u0435\u0446\u0456\u0430\u043b\u0456\u0441\u0442\u0438, \u044f\u043a\u0456 \u043c\u0430\u044e\u0442\u044c \u0432\u0456\u0437\u0443\u0430\u043b\u044c\u043d\u0438\u0439 \u043a\u043e\u043d\u0442\u0430\u043a\u0442 \u0437 \u043f\u0435\u0440\u0435\u043a\u043b\u0430\u0434\u0430\u0447\u0430\u043c\u0438, \u0434\u043e\u043f\u043e\u043c\u0430\u0433\u0430\u044e\u0442\u044c \u0443 \u0432\u0438\u0440\u0456\u0448\u0435\u043d\u043d\u0456 \u043f\u0438\u0442\u0430\u043d\u044c \u0456 \u043f\u0440\u043e\u0431\u043b\u0435\u043c \u0442\u0430 \u0448\u0432\u0438\u0434\u043a\u043e \u0437\u043d\u0430\u0445\u043e\u0434\u044f\u0442\u044c \u0440\u0456\u0448\u0435\u043d\u043d\u044f.<\/p>\n<p>\u041c\u0438 \u043f\u0440\u043e\u043f\u043e\u043d\u0443\u0454\u043c\u043e \u043d\u0430\u0448\u0456 \u0445\u0430\u0431\u0438 \u0440\u0430\u0437\u043e\u043c \u0437 \u043f\u0440\u043e\u0444\u0435\u0441\u0456\u0439\u043d\u043e\u044e \u0441\u0438\u0441\u0442\u0435\u043c\u043e\u044e \u0432\u0456\u0434\u0435\u043e\u043a\u043e\u043d\u0444\u0435\u0440\u0435\u043d\u0446\u0437\u0432'\u044f\u0437\u043a\u0443 \u0437 \u0448\u0438\u0440\u043e\u043a\u0438\u043c \u0441\u043f\u0435\u043a\u0442\u0440\u043e\u043c \u043f\u0440\u0430\u043a\u0442\u0438\u0447\u043d\u0438\u0445 \u0444\u0443\u043d\u043a\u0446\u0456\u0439. \u041c\u0438 \u043d\u0430\u0434\u0441\u0438\u043b\u0430\u0454\u043c\u043e \u0432 \u043e\u0444\u0456\u0441 \u0432\u0430\u0448\u043e\u0457 \u043a\u043e\u043c\u043f\u0430\u043d\u0456\u0457 \u0430\u0431\u043e \u0432\u0430\u0448\u0438\u043c \u043e\u043d\u043b\u0430\u0439\u043d-\u0443\u0447\u0430\u0441\u043d\u0438\u043a\u0430\u043c<\/p>\n<h2><strong>Interpreter Hub D\u00fcsseldorf: \u044f\u043a \u0434\u0456\u0441\u0442\u0430\u0442\u0438\u0441\u044f \u0434\u043e \u0441\u0442\u0443\u0434\u0456\u0457 \u0443\u0441\u043d\u043e\u0433\u043e \u043f\u0435\u0440\u0435\u043a\u043b\u0430\u0434\u0443 PCS \u0442\u0430 \u0457\u0457 \u0440\u043e\u0437\u0442\u0430\u0448\u0443\u0432\u0430\u043d\u043d\u044f<\/strong><\/h2>\n<p>\u0412\u0438 \u0437\u043d\u0430\u0439\u0434\u0435\u0442\u0435 \u0446\u0435\u043d\u0442\u0440 \u0443\u0441\u043d\u043e\u0433\u043e \u043f\u0435\u0440\u0435\u043a\u043b\u0430\u0434\u0443 PCS \u0431\u0435\u0437\u043f\u043e\u0441\u0435\u0440\u0435\u0434\u043d\u044c\u043e \u0432 \u043d\u0430\u0448\u0456\u0439 \u0444\u0456\u043b\u0456\u0457 \u0432 \u0414\u044e\u0441\u0441\u0435\u043b\u044c\u0434\u043e\u0440\u0444\u0456. \u041d\u0430 \u0442\u0435\u0440\u0438\u0442\u043e\u0440\u0456\u0457 \u0454 \u0431\u0435\u0437\u043a\u043e\u0448\u0442\u043e\u0432\u043d\u0456 \u043c\u0456\u0441\u0446\u044f \u0434\u043b\u044f \u043f\u0430\u0440\u043a\u0443\u0432\u0430\u043d\u043d\u044f, \u043c\u0438 \u043f\u0440\u043e\u043f\u043e\u043d\u0443\u0454\u043c\u043e \u043a\u0435\u0439\u0442\u0435\u0440\u0438\u043d\u0433 \u0442\u0430 \u0431\u0435\u0437\u043a\u043e\u0448\u0442\u043e\u0432\u043d\u0438\u0439 \u0434\u043e\u0441\u0442\u0443\u043f \u0434\u043e \u0406\u043d\u0442\u0435\u0440\u043d\u0435\u0442\u0443.<\/p>\n<p>\u0412\u0438 \u0437\u043d\u0430\u0439\u0434\u0435\u0442\u0435 \u043d\u0430\u0441 \u0437\u0430 \u0430\u0434\u0440\u0435\u0441\u043e\u044e: Reisholzer Werftstra\u00dfe 42 \u0432 40589 D\u00fcsseldorf\n<\/p>\n<p><iframe class=\"maps-full\" src=\"https:\/\/www.google.com\/maps\/embed?pb=!1m18!1m12!1m3!1d2501.758503047735!2d6.835735115877984!3d51.16824147958075!2m3!1f0!2f0!3f0!3m2!1i1024!2i768!4f13.1!3m3!1m2!1s0x47b8cb5e271b419f%3A0x40d95e282c05fe95!2sReisholzer%20Werftstra%C3%9Fe%2042%2C%2040589%20D%C3%BCsseldorf!5e0!3m2!1sde!2sde!4v1643030857700!5m2!1sde!2sde\" style=\"border:0;\" allowfullscreen=\"\" loading=\"lazy\"><\/iframe><\/p>\n<p>[spacer size=\"15\u2033]<\/p>\n<h2><strong>\u0411\u0456\u043b\u044c\u0448\u0435 \u0441\u0442\u0443\u0434\u0456\u0439 \u0443\u0441\u043d\u043e\u0433\u043e \u043f\u0435\u0440\u0435\u043a\u043b\u0430\u0434\u0443 PCS \u043f\u043e \u0432\u0441\u0456\u0439 \u043a\u0440\u0430\u0457\u043d\u0456<\/strong><\/h2>\n<p>[spacer size=\"20\u2033]<br \/>\n[column size=\"1-2\u2033 last=\"0\u2033]<\/p>\n<p>PCS \u043f\u0440\u043e\u043f\u043e\u043d\u0443\u0454 \u043f\u0435\u0440\u0435\u043a\u043b\u0430\u0434\u0430\u0446\u044c\u043a\u0456 \u0445\u0430\u0431\u0438 \u043f\u043e \u0432\u0441\u0456\u0439 \u041d\u0456\u043c\u0435\u0447\u0447\u0438\u043d\u0456. \u0426\u0435 \u0411\u0435\u0440\u043b\u0456\u043d, \u041c\u044e\u043d\u0445\u0435\u043d \u0456 \u0414\u044e\u0441\u0441\u0435\u043b\u044c\u0434\u043e\u0440\u0444. \u0422\u0430\u043a\u043e\u0436 \u043c\u043e\u0436\u043b\u0438\u0432\u0435 \u0432\u0441\u0442\u0430\u043d\u043e\u0432\u043b\u0435\u043d\u043d\u044f \u043c\u043e\u0431\u0456\u043b\u044c\u043d\u0438\u0445 \u0445\u0430\u0431\u0456\u0432 \u0431\u0435\u0437\u043f\u043e\u0441\u0435\u0440\u0435\u0434\u043d\u044c\u043e \u0443 \u0432\u0430\u0448\u043e\u043c\u0443 \u0440\u0430\u0439\u043e\u043d\u0456 \u0430\u0431\u043e \u043d\u0430 \u0442\u0435\u0440\u0438\u0442\u043e\u0440\u0456\u0457 \u0432\u0430\u0448\u043e\u0457 \u043a\u043e\u043c\u043f\u0430\u043d\u0456\u0457\/\u043e\u0440\u0433\u0430\u043d\u0456\u0437\u0430\u0446\u0456\u0457 \u2013 \u0432 \u043e\u0440\u0435\u043d\u0434\u0443 \u0456, \u0437\u0432\u0438\u0447\u0430\u0439\u043d\u043e \u0436, \u0434\u043b\u044f \u043f\u0440\u0438\u0434\u0431\u0430\u043d\u043d\u044f. \u041f\u0440\u043e\u0441\u0442\u043e \u0437\u0432'\u044f\u0436\u0456\u0442\u044c\u0441\u044f \u0437 \u043d\u0430\u043c\u0438.<\/p>\n<p>[\/column]<\/p>\n<p>[column size=\"1-2\u2033 last=\"1\u2033]<br \/>\n<img decoding=\"async\" src=\"https:\/\/konferenztechnik.de\/wp-content\/uploads\/2021\/09\/PCS-Remote-Hubs-Dolmetsch-Hubs-Dolmetsch-Studios-bundesweit.jpg\" alt=\"PCS-\u0412\u0456\u0434\u0434\u0430\u043b\u0435\u043d\u0456-\u0445\u0430\u0431\u0438-\u043f\u0435\u0440\u0435\u043a\u043b\u0430\u0434\u0430\u0446\u044c\u043a\u0456-\u0445\u0430\u0431\u0438-\u043f\u0435\u0440\u0435\u043a\u043b\u0430\u0434\u0430\u0446\u044c\u043a\u0456-\u0441\u0442\u0443\u0434\u0456\u0457 \u043f\u043e \u0432\u0441\u0456\u0439 \u043a\u0440\u0430\u0457\u043d\u0456\" width=\"777\" height=\"1024\" class=\"alignleft size-full wp-image-18392\" title=\"\" srcset=\"https:\/\/konferenztechnik.de\/wp-content\/uploads\/2021\/09\/PCS-Remote-Hubs-Dolmetsch-Hubs-Dolmetsch-Studios-bundesweit.jpg 777w, https:\/\/konferenztechnik.de\/wp-content\/uploads\/2021\/09\/PCS-Remote-Hubs-Dolmetsch-Hubs-Dolmetsch-Studios-bundesweit-228x300.jpg 228w, https:\/\/konferenztechnik.de\/wp-content\/uploads\/2021\/09\/PCS-Remote-Hubs-Dolmetsch-Hubs-Dolmetsch-Studios-bundesweit-768x1012.jpg 768w\" sizes=\"(max-width: 777px) 100vw, 777px\" \/><br \/>\n[\/column]<\/p>\n<h2><strong>\u0429\u043e \u0442\u0430\u043a\u0435 \u0434\u0438\u0441\u0442\u0430\u043d\u0446\u0456\u0439\u043d\u0438\u0439 \u043f\u0435\u0440\u0435\u043a\u043b\u0430\u0434?<\/strong><\/h2>\n<p>\u0417\u0443\u0441\u0442\u0440\u0456\u0447, \u0437\u0430\u0445\u0456\u0434 \u0430\u0431\u043e \u043a\u043e\u043d\u0444\u0435\u0440\u0435\u043d\u0446\u0456\u044f \u0442\u0440\u0430\u043d\u0441\u043b\u044e\u0454\u0442\u044c\u0441\u044f \u043f\u0435\u0440\u0435\u043a\u043b\u0430\u0434\u0430\u0447\u0430\u043c \u0447\u0435\u0440\u0435\u0437 \u043c\u0435\u0440\u0435\u0436\u0443. \u0412\u043e\u043d\u0438 \u043f\u0435\u0440\u0435\u043a\u043b\u0430\u0434\u0430\u044e\u0442\u044c \u043f\u043e\u0434\u0456\u044e \u0432 \u043f\u0440\u044f\u043c\u043e\u043c\u0443 \u0435\u0444\u0456\u0440\u0456 \u0442\u0430 \u043e\u0434\u043d\u043e\u0447\u0430\u0441\u043d\u043e. \u041f\u043e\u0442\u0456\u043c \u0440\u0456\u0437\u043d\u0456 \u043c\u043e\u0432\u0438 \u0442\u0440\u0430\u043d\u0441\u043b\u044e\u044e\u0442\u044c\u0441\u044f \u043d\u0430\u0437\u0430\u0434 \u043d\u0430 \u043a\u043e\u043d\u0444\u0435\u0440\u0435\u043d\u0446\u0456\u044e. \u0423\u0447\u0430\u0441\u043d\u0438\u043a\u0438 \u0437\u0430\u0445\u043e\u0434\u0443 \u043c\u043e\u0436\u0443\u0442\u044c \u0432\u0438\u0431\u0440\u0430\u0442\u0438 \u0456 \u0441\u043b\u0443\u0445\u0430\u0442\u0438 \u043f\u043e\u0442\u0440\u0456\u0431\u043d\u0443 \u043c\u043e\u0432\u0443.<br \/>\n\u0412\u0441\u0435 \u0446\u0435 \u043f\u0440\u0430\u0446\u044e\u0454 \u0432 \u0440\u0435\u0436\u0438\u043c\u0456 \u0440\u0435\u0430\u043b\u044c\u043d\u043e\u0433\u043e \u0447\u0430\u0441\u0443 \u043f\u043e \u0432\u0441\u044c\u043e\u043c\u0443 \u0441\u0432\u0456\u0442\u0443. \u0412\u0438 \u043c\u043e\u0436\u0435\u0442\u0435 \u0441\u043b\u0443\u0445\u0430\u0442\u0438 \u0430\u0431\u043e \u0437\u0430 \u0434\u043e\u043f\u043e\u043c\u043e\u0433\u043e\u044e \u0441\u043f\u0435\u0446\u0456\u0430\u043b\u044c\u043d\u0438\u0445 \u043a\u043e\u043d\u0444\u0435\u0440\u0435\u043d\u0446-\u043f\u0440\u0438\u0439\u043c\u0430\u0447\u0456\u0432, \u0430\u0431\u043e \u0447\u0435\u0440\u0435\u0437 \u0434\u043e\u0434\u0430\u0442\u043e\u043a \u043d\u0430 \u043c\u043e\u0431\u0456\u043b\u044c\u043d\u043e\u043c\u0443 \u0442\u0435\u043b\u0435\u0444\u043e\u043d\u0456, \u043d\u043e\u0443\u0442\u0431\u0443\u0446\u0456 \u0447\u0438 \u043a\u043e\u043c\u043f'\u044e\u0442\u0435\u0440\u0456, \u0441\u0442\u0430\u0446\u0456\u043e\u043d\u0430\u0440\u043d\u043e\u043c\u0443 \u0442\u0435\u043b\u0435\u0444\u043e\u043d\u0456, \u0430\u0431\u043e \u0447\u0435\u0440\u0435\u0437 \u0456\u043d\u0442\u0435\u0433\u0440\u0430\u0446\u0456\u044e \u0443 \u0432\u0430\u0448\u0435 \u043f\u0440\u043e\u0433\u0440\u0430\u043c\u043d\u0435 \u0437\u0430\u0431\u0435\u0437\u043f\u0435\u0447\u0435\u043d\u043d\u044f \u0434\u043b\u044f \u0432\u0456\u0434\u0435\u043e\u043a\u043e\u043d\u0444\u0435\u0440\u0435\u043d\u0446\u0456\u0439.<br \/>\n\u0414\u043e\u0434\u0430\u0442\u043a\u043e\u0432\u0443 \u0456\u043d\u0444\u043e\u0440\u043c\u0430\u0446\u0456\u044e \u043c\u043e\u0436\u043d\u0430 \u0437\u043d\u0430\u0439\u0442\u0438 \u043d\u0430 \u043d\u0430\u0448\u043e\u043c\u0443 \u0441\u0430\u0439\u0442\u0456 \u0437\u0430 \u043f\u043e\u0441\u0438\u043b\u0430\u043d\u043d\u044f\u043c &#x9B; <a href=\"https:\/\/konferenztechnik.de\/uk\/%d0%b4%d0%b8%d1%81%d1%82%d0%b0%d0%bd%d1%86%d1%96%d0%b9%d0%bd%d0%b8%d0%b9-%d0%bf%d0%b5%d1%80%d0%b5%d0%ba%d0%bb%d0%b0%d0%b4-3\/\">\u0414\u0438\u0441\u0442\u0430\u043d\u0446\u0456\u0439\u043d\u0438\u0439 \u043f\u0435\u0440\u0435\u043a\u043b\u0430\u0434<\/a><\/p>","protected":false},"excerpt":{"rendered":"<p>Dolmetscher Hub D\u00fcsseldorf: Remote Interpreting Hub f\u00fcr den Gro\u00dfraum D\u00fcsseldorf, K\u00f6ln, Essen und Wuppertal Jetzt Angebot einholen &#x9B; Unsere Dolmetsch Studios D\u00fcsseldorf bieten einen professionellen Arbeitsplatz f\u00fcr Dolmetscherinnen und Dolmetscher. Sie sind mit professioneller und bei Dolmetscher:innen bekannter Dolmetschtechnik ausgestattet. Schallisolierung, Audio- und Videotechnik und die Kommunikationsm\u00f6glichkeiten orientieren sich sowohl an den ISO-Normen f\u00fcr das [&hellip;]<\/p>","protected":false},"author":1,"featured_media":45482,"parent":0,"menu_order":0,"comment_status":"closed","ping_status":"closed","template":"page-right-sidebar.php","meta":{"_acf_changed":false,"footnotes":""},"class_list":["post-16088","page","type-page","status-publish","has-post-thumbnail","hentry"],"acf":[],"_links":{"self":[{"href":"https:\/\/konferenztechnik.de\/uk\/wp-json\/wp\/v2\/pages\/16088","targetHints":{"allow":["GET"]}}],"collection":[{"href":"https:\/\/konferenztechnik.de\/uk\/wp-json\/wp\/v2\/pages"}],"about":[{"href":"https:\/\/konferenztechnik.de\/uk\/wp-json\/wp\/v2\/types\/page"}],"author":[{"embeddable":true,"href":"https:\/\/konferenztechnik.de\/uk\/wp-json\/wp\/v2\/users\/1"}],"replies":[{"embeddable":true,"href":"https:\/\/konferenztechnik.de\/uk\/wp-json\/wp\/v2\/comments?post=16088"}],"version-history":[{"count":0,"href":"https:\/\/konferenztechnik.de\/uk\/wp-json\/wp\/v2\/pages\/16088\/revisions"}],"wp:featuredmedia":[{"embeddable":true,"href":"https:\/\/konferenztechnik.de\/uk\/wp-json\/wp\/v2\/media\/45482"}],"wp:attachment":[{"href":"https:\/\/konferenztechnik.de\/uk\/wp-json\/wp\/v2\/media?parent=16088"}],"curies":[{"name":"wp","href":"https:\/\/api.w.org\/{rel}","templated":true}]}}