{"id":16961,"date":"2021-03-30T16:14:01","date_gmt":"2021-03-30T15:14:01","guid":{"rendered":"https:\/\/www.konferenztechnik.de\/?page_id=16961"},"modified":"2023-08-29T14:53:57","modified_gmt":"2023-08-29T12:53:57","slug":"%d0%b3%d0%bd%d1%83%d1%87%d0%ba%d1%96-%d0%ba%d0%be%d0%bd%d1%86%d0%b5%d0%bf%d1%86%d1%96%d1%97-%d0%b7%d0%b0%d1%85%d0%be%d0%b4%d1%96%d0%b2","status":"publish","type":"page","link":"https:\/\/konferenztechnik.de\/uk\/%d0%b3%d0%bd%d1%83%d1%87%d0%ba%d1%96-%d0%ba%d0%be%d0%bd%d1%86%d0%b5%d0%bf%d1%86%d1%96%d1%97-%d0%b7%d0%b0%d1%85%d0%be%d0%b4%d1%96%d0%b2\/","title":{"rendered":"\u0413\u043d\u0443\u0447\u043a\u0456 \u043a\u043e\u043d\u0446\u0435\u043f\u0446\u0456\u0457 \u0437\u0430\u0445\u043e\u0434\u0456\u0432"},"content":{"rendered":"<h1 id=\"hybrideevents\"><strong>\u0413\u043d\u0443\u0447\u043a\u0456 \u043a\u043e\u043d\u0446\u0435\u043f\u0446\u0456\u0457 \u0437\u0430\u0445\u043e\u0434\u0456\u0432<\/strong><\/h1>\n<p>[rev_slider alias=\"events-1\u2033][\/rev_slider]<br \/>\n[spacer size=\"20\u2033]<\/p>\n<p>\u0420\u0430\u043c\u043a\u043e\u0432\u0456 \u0443\u043c\u043e\u0432\u0438 \u0434\u043b\u044f \u043f\u0440\u043e\u0432\u0435\u0434\u0435\u043d\u043d\u044f \u043e\u0447\u043d\u0438\u0445 \u0437\u0430\u0445\u043e\u0434\u0456\u0432 \u0437\u043c\u0456\u043d\u044e\u044e\u0442\u044c\u0441\u044f \u0449\u043e\u0434\u043d\u044f. \u0412\u0438\u0441\u043e\u043a\u0438\u0439 \u0441\u0442\u0443\u043f\u0456\u043d\u044c \u0433\u043d\u0443\u0447\u043a\u043e\u0441\u0442\u0456 \u043c\u0430\u0454 \u0432\u0438\u0440\u0456\u0448\u0430\u043b\u044c\u043d\u0435 \u0437\u043d\u0430\u0447\u0435\u043d\u043d\u044f \u0434\u043b\u044f \u0442\u043e\u0433\u043e, \u0449\u043e\u0431 \u0432\u0430\u0448 \u0437\u0430\u0445\u0456\u0434 \u043d\u0435 \u0442\u0456\u043b\u044c\u043a\u0438 \u0432\u0456\u0434\u0431\u0443\u0432\u0441\u044f, \u0430\u043b\u0435 \u0439 \u043c\u0430\u043a\u0441\u0438\u043c\u0430\u043b\u044c\u043d\u043e \u0435\u0444\u0435\u043a\u0442\u0438\u0432\u043d\u043e \u043e\u0445\u043e\u043f\u0438\u0432 \u0432\u0430\u0448\u0443 \u0430\u0443\u0434\u0438\u0442\u043e\u0440\u0456\u044e.<\/p>\n<p>\u0412 \u0456\u0434\u0435\u0430\u043b\u0456, \u0432\u0430\u0448 \u0437\u0430\u0445\u0456\u0434 \u043c\u0430\u0454 \u0431\u0443\u0442\u0438 \u0434\u043e\u0441\u0442\u0430\u0442\u043d\u044c\u043e \u0430\u0434\u0430\u043f\u0442\u0438\u0432\u043d\u0438\u043c, \u0449\u043e\u0431 \u043e\u043f\u0442\u0438\u043c\u0430\u043b\u044c\u043d\u043e \u0444\u0443\u043d\u043a\u0446\u0456\u043e\u043d\u0443\u0432\u0430\u0442\u0438 \u044f\u043a \u0432\u0456\u0440\u0442\u0443\u0430\u043b\u044c\u043d\u043e, \u0442\u0430\u043a \u0456 \u0437\u0430 \u043f\u0440\u0438\u0441\u0443\u0442\u043d\u043e\u0441\u0442\u0456 \u0430\u0443\u0434\u0438\u0442\u043e\u0440\u0456\u0457.<\/p>\n<p>\u041c\u0456\u0441\u0446\u0435 \u043f\u0440\u043e\u0432\u0435\u0434\u0435\u043d\u043d\u044f \u0432\u0430\u0448\u043e\u0433\u043e \u0437\u0430\u0445\u043e\u0434\u0443 \u0442\u0430 \u043a\u043e\u043d\u0446\u0435\u043f\u0446\u0456\u044f \u0437\u0430\u0445\u043e\u0434\u0443 \u043f\u043e\u0432\u0438\u043d\u043d\u0456 \u0437\u0430\u0431\u0435\u0437\u043f\u0435\u0447\u0443\u0432\u0430\u0442\u0438 \u043d\u0435\u043e\u0431\u0445\u0456\u0434\u043d\u0443 \u0433\u043d\u0443\u0447\u043a\u0456\u0441\u0442\u044c, \u0449\u043e\u0431 \u0432\u0456\u0434\u043f\u043e\u0432\u0456\u0434\u0430\u0442\u0438 \u0432\u0438\u043c\u043e\u0433\u0430\u043c \u0456 \u043e\u0431\u043c\u0435\u0436\u0435\u043d\u043d\u044f\u043c, \u044f\u043a\u0456 \u0449\u043e\u0434\u043d\u044f \u0437\u043c\u0456\u043d\u044e\u044e\u0442\u044c\u0441\u044f. \u041d\u0430\u0448\u0435 \u043f\u043b\u0430\u043d\u0443\u0432\u0430\u043d\u043d\u044f \u0432\u0440\u0430\u0445\u043e\u0432\u0443\u0454 \u043e\u0447\u0456\u043a\u0443\u0432\u0430\u043d\u0456 \u0441\u0446\u0435\u043d\u0430\u0440\u0456\u0457, \u0431\u0435\u0440\u0443\u0447\u0438 \u0434\u043e \u0443\u0432\u0430\u0433\u0438 \u0435\u0444\u0435\u043a\u0442\u0438\u0432\u043d\u0435 \u0441\u043f\u0456\u0432\u0432\u0456\u0434\u043d\u043e\u0448\u0435\u043d\u043d\u044f \u0432\u0438\u0442\u0440\u0430\u0442 \u0456 \u0432\u0438\u0433\u043e\u0434.<\/p>\n<p>\u0420\u043e\u0437\u0448\u0438\u0440\u0435\u043d\u043d\u044f \u043c\u043e\u0436\u043b\u0438\u0432\u043e\u0441\u0442\u0435\u0439 \u0442\u0435\u0441\u0442\u0443\u0432\u0430\u043d\u043d\u044f \u0442\u0430 \u043a\u043e\u043d\u0446\u0435\u043f\u0446\u0456\u0439 \u043f\u0440\u043e\u0444\u0435\u0441\u0456\u0439\u043d\u043e\u0457 \u0433\u0456\u0433\u0456\u0454\u043d\u0438 \u0434\u043e\u0437\u0432\u043e\u043b\u044f\u0454 \u043e\u0440\u0433\u0430\u043d\u0456\u0437\u043e\u0432\u0443\u0432\u0430\u0442\u0438 \u043a\u043b\u0430\u0441\u0438\u0447\u043d\u0456, \u0446\u0438\u0444\u0440\u043e\u0432\u0456 \u0442\u0430 \u0433\u0456\u0431\u0440\u0438\u0434\u043d\u0456 \u0437\u0430\u0445\u043e\u0434\u0438. \u0417\u0430\u0446\u0456\u043a\u0430\u0432\u043b\u0435\u043d\u0456 \u0441\u0442\u043e\u0440\u043e\u043d\u0438 \u043c\u043e\u0436\u0443\u0442\u044c \u0431\u0435\u0437\u043f\u0435\u0447\u043d\u043e \u0442\u0430 \u0435\u0444\u0435\u043a\u0442\u0438\u0432\u043d\u043e \u043f\u0440\u0430\u0446\u044e\u0432\u0430\u0442\u0438 \u043d\u0430 \u043c\u0456\u0441\u0446\u0456.<\/p>\n<p>\u0412\u0438\u043a\u043e\u0440\u0438\u0441\u0442\u0430\u043d\u043d\u044f \u043d\u0430\u0432\u0443\u0448\u043d\u0438\u043a\u0456\u0432, \u043d\u0430\u043f\u0440\u0438\u043a\u043b\u0430\u0434, \u0434\u043e\u0437\u0432\u043e\u043b\u044f\u0454 \u043b\u0435\u0433\u043a\u043e \u0434\u043e\u0441\u044f\u0433\u0442\u0438 \u0456 \u043f\u0456\u0434\u0442\u0440\u0438\u043c\u0443\u0432\u0430\u0442\u0438 \u043d\u0435\u043e\u0431\u0445\u0456\u0434\u043d\u0443 \u0434\u0438\u0441\u0442\u0430\u043d\u0446\u0456\u044e. \u0417 <a href=\"\/uk\/%d0%bc%d0%be%d0%b2%d1%87%d0%b0%d0%b7%d0%bd%d0%b0-%d0%ba%d0%be%d0%bd%d1%84%d0%b5%d1%80%d0%b5%d0%bd%d1%86%d1%96%d1%8f\/\">\u0422\u0438\u0445\u0430 \u043a\u043e\u043d\u0444\u0435\u0440\u0435\u043d\u0446\u0456\u044f<\/a> \u0434\u043e\u0441\u044f\u0433\u0430\u0454\u0442\u044c\u0441\u044f \u0437\u0430 \u0440\u0430\u0445\u0443\u043d\u043e\u043a \u0446\u0456\u043b\u0435\u0441\u043f\u0440\u044f\u043c\u043e\u0432\u0430\u043d\u043e\u0433\u043e \u0432\u0438\u043a\u043e\u0440\u0438\u0441\u0442\u0430\u043d\u043d\u044f <a href=\"\/uk\/%d1%81%d0%b8%d1%81%d1%82%d0%b5%d0%bc%d0%b8-%d1%83%d0%bf%d1%80%d0%b0%d0%b2%d0%bb%d1%96%d0%bd%d0%bd%d1%8f-%d0%be%d1%80%d0%b5%d0%bd%d0%b4%d0%bd%d0%be%d1%8e-%d0%bf%d0%bb%d0%b0%d1%82%d0%be%d1%8e\/\">\u041d\u0430\u043f\u0440\u044f\u043c\u043d\u0456 \u0441\u0438\u0441\u0442\u0435\u043c\u0438<\/a> \u0414\u0430\u043b\u0435\u043a\u0430 \u043f\u043e\u0434\u0456\u044f.<\/p>\n<p>\u041c\u0438 \u043f\u0440\u0430\u0446\u044e\u0454\u043c\u043e \u0437 \u0432\u0430\u043c\u0438 \u043d\u0430\u0434 \u0441\u0442\u0432\u043e\u0440\u0435\u043d\u043d\u044f\u043c \u0433\u043d\u0443\u0447\u043a\u0438\u0445 \u0444\u043e\u0440\u043c\u0430\u0442\u0456\u0432, \u044f\u043a\u0456 \u0432\u0456\u0434\u043f\u043e\u0432\u0456\u0434\u0430\u044e\u0442\u044c \u0432\u0438\u043c\u043e\u0433\u0430\u043c \u0447\u0430\u0441\u0443: \u0432\u0456\u0434 \u0441\u0442\u0432\u043e\u0440\u0435\u043d\u043d\u044f \u0433\u0456\u0433\u0456\u0454\u043d\u0456\u0447\u043d\u0438\u0445 \u043a\u043e\u043d\u0446\u0435\u043f\u0446\u0456\u0439, \u043c\u043e\u0434\u0443\u043b\u044c\u043d\u0438\u0445 \u043f\u043e\u0442\u043e\u043a\u0456\u0432 \u0443\u0447\u0430\u0441\u043d\u0438\u043a\u0456\u0432 \u0456 \u0434\u043e \u0440\u043e\u0437\u0433\u043b\u044f\u0434\u0443 \u0437\u0430\u043f\u0430\u0441\u043d\u0438\u0445 \u0432\u0430\u0440\u0456\u0430\u043d\u0442\u0456\u0432 \u0432 \u0441\u0443\u0442\u043e \u0446\u0438\u0444\u0440\u043e\u0432\u043e\u043c\u0443 \u0444\u043e\u0440\u043c\u0430\u0442\u0456 \u0456\u0432\u0435\u043d\u0442\u0443.<\/p>\n<p>[spacer size=\"20\u2033]<\/p>\n<p>.<\/p>\n<p>[spacer size=\"20\u2033]<\/p>\n<div class=\"weiterlinks\" style=\"background-color:#ffffff;\">\n<h2>\u0414\u0435\u0442\u0430\u043b\u044c\u043d\u0456\u0448\u0435<\/h2>\n<ul>\n        [list icon=\"moon-arrow-right-2\u2033 color=\"#a62055\u2033]<a title=\"\u0413\u0456\u0431\u0440\u0438\u0434\u043d\u0456 \u0437\u0430\u0445\u043e\u0434\u0438\"\n            href=\"\/uk\/%d0%b3%d1%96%d0%b1%d1%80%d0%b8%d0%b4%d0%bd%d1%96-%d0%bf%d0%be%d0%b4%d1%96%d1%97\/\">\u0413\u0456\u0431\u0440\u0438\u0434\u043d\u0456 \u0437\u0430\u0445\u043e\u0434\u0438<\/a>[\/list]<br \/>\n[list icon=\"moon-arrow-right-2\u2033 color=\"#a62055\u2033]<a title=\"\u041a\u043e\u043d\u0444\u0435\u0440\u0435\u043d\u0446\u0456\u0457, \u0437\u0430\u0445\u043e\u0434\u0438, \u0437\u0443\u0441\u0442\u0440\u0456\u0447\u0456\"\n            href=\"\/uk\/%d0%ba%d0%be%d0%bd%d1%84%d0%b5%d1%80%d0%b5%d0%bd%d1%86%d1%96%d1%97-%d0%b7%d0%b0%d1%85%d0%be%d0%b4%d0%b8-%d0%b7%d1%83%d1%81%d1%82%d1%80%d1%96%d1%87%d1%96-%d0%ba%d0%bb%d0%b0%d1%81%d0%b8%d1%87%d0%bd\/\">\u041a\u043e\u043d\u0444\u0435\u0440\u0435\u043d\u0446\u0456\u0457, \u0437\u0430\u0445\u043e\u0434\u0438, \u0437\u0443\u0441\u0442\u0440\u0456\u0447\u0456 \u2013 \u043a\u043b\u0430\u0441\u0438\u0447\u043d\u0438\u0439, \u0433\u0456\u0431\u0440\u0438\u0434\u043d\u0438\u0439, \u0446\u0438\u0444\u0440\u043e\u0432\u0438\u0439, \u0432\u0456\u0440\u0442\u0443\u0430\u043b\u044c\u043d\u0438\u0439, \u0432\u0456\u0434\u0434\u0430\u043b\u0435\u043d\u0438\u0439<\/a>[\/list]<\/ul>\n<\/div>","protected":false},"excerpt":{"rendered":"<p>Flexible Eventkonzepte [rev_slider alias=&#8220;events-1&#8243;][\/rev_slider] [spacer size=&#8220;20&#8243;] T\u00e4glich \u00e4ndern sich die Rahmenbedingungen f\u00fcr Pr\u00e4senzveranstaltungen. Eine hohe Flexibilit\u00e4t ist entscheidend, dass Ihr Event nicht nur stattfinden kann, sondern m\u00f6glichst gut Ihr Publikum erreicht. Ihre Veranstaltung ist idealerweise so wandelbar, dass sie sowohl rein virtuell als auch mit Pr\u00e4senz-Publikum optimal funktioniert. Ihre Eventlocation und das Veranstaltungskonzept sollten die [&hellip;]<\/p>","protected":false},"author":1,"featured_media":45482,"parent":0,"menu_order":0,"comment_status":"closed","ping_status":"closed","template":"","meta":{"_acf_changed":false,"footnotes":""},"class_list":["post-16961","page","type-page","status-publish","has-post-thumbnail","hentry"],"acf":[],"_links":{"self":[{"href":"https:\/\/konferenztechnik.de\/uk\/wp-json\/wp\/v2\/pages\/16961","targetHints":{"allow":["GET"]}}],"collection":[{"href":"https:\/\/konferenztechnik.de\/uk\/wp-json\/wp\/v2\/pages"}],"about":[{"href":"https:\/\/konferenztechnik.de\/uk\/wp-json\/wp\/v2\/types\/page"}],"author":[{"embeddable":true,"href":"https:\/\/konferenztechnik.de\/uk\/wp-json\/wp\/v2\/users\/1"}],"replies":[{"embeddable":true,"href":"https:\/\/konferenztechnik.de\/uk\/wp-json\/wp\/v2\/comments?post=16961"}],"version-history":[{"count":0,"href":"https:\/\/konferenztechnik.de\/uk\/wp-json\/wp\/v2\/pages\/16961\/revisions"}],"wp:featuredmedia":[{"embeddable":true,"href":"https:\/\/konferenztechnik.de\/uk\/wp-json\/wp\/v2\/media\/45482"}],"wp:attachment":[{"href":"https:\/\/konferenztechnik.de\/uk\/wp-json\/wp\/v2\/media?parent=16961"}],"curies":[{"name":"wp","href":"https:\/\/api.w.org\/{rel}","templated":true}]}}