{"id":1813,"date":"2013-09-05T11:30:23","date_gmt":"2013-09-05T09:30:23","guid":{"rendered":"https:\/\/konferenztechnik.de\/?page_id=1813"},"modified":"2023-06-29T14:15:16","modified_gmt":"2023-06-29T12:15:16","slug":"av-%d1%82%d0%b5%d1%85%d0%bd%d0%be%d0%bb%d0%be%d0%b3%d1%96%d1%97-%d0%bc%d1%96%d0%ba%d1%80%d0%be%d1%84%d0%be%d0%bd%d0%b8-%d0%b7%d0%b2%d1%83%d0%ba%d0%be%d0%b2%d1%96-%d1%81%d0%b8%d1%81%d1%82%d0%b5%d0%bc","status":"publish","type":"page","link":"https:\/\/konferenztechnik.de\/uk\/%d0%be%d1%80%d0%b5%d0%bd%d0%b4%d0%b0-%d0%ba%d0%be%d0%bd%d1%84%d0%b5%d1%80%d0%b5%d0%bd%d1%86-%d0%be%d0%b1%d0%bb%d0%b0%d0%b4%d0%bd%d0%b0%d0%bd%d0%bd%d1%8f-2\/av-%d1%82%d0%b5%d1%85%d0%bd%d0%be%d0%bb%d0%be%d0%b3%d1%96%d1%97-%d0%bc%d1%96%d0%ba%d1%80%d0%be%d1%84%d0%be%d0%bd%d0%b8-%d0%b7%d0%b2%d1%83%d0%ba%d0%be%d0%b2%d1%96-%d1%81%d0%b8%d1%81%d1%82%d0%b5%d0%bc\/","title":{"rendered":"AV-\u0442\u0435\u0445\u043d\u043e\u043b\u043e\u0433\u0456\u0457: \u043c\u0456\u043a\u0440\u043e\u0444\u043e\u043d\u0438, \u0437\u0432\u0443\u043a\u043e\u0432\u0456 \u0441\u0438\u0441\u0442\u0435\u043c\u0438, \u043f\u0440\u043e\u0435\u043a\u0442\u043e\u0440\u0438"},"content":{"rendered":"<h1>AV-\u0442\u0435\u0445\u043d\u043e\u043b\u043e\u0433\u0456\u0457: \u043c\u0456\u043a\u0440\u043e\u0444\u043e\u043d\u0438, \u0437\u0432\u0443\u043a\u043e\u0432\u0456 \u0441\u0438\u0441\u0442\u0435\u043c\u0438, \u043f\u0440\u043e\u0435\u043a\u0442\u043e\u0440\u0438<\/h1>\n<p>\u041c\u0456\u043a\u0440\u043e\u0444\u043e\u043d\u0438, \u0442\u0435\u0445\u043d\u0456\u043a\u0430 \u0434\u043b\u044f \u043f\u0443\u0431\u043b\u0456\u0447\u043d\u0438\u0445 \u0432\u0438\u0441\u0442\u0443\u043f\u0456\u0432, \u043f\u044e\u043f\u0456\u0442\u0440\u0438, \u0442\u0435\u043b\u0435\u0444\u043e\u043d\u043d\u0456 \u0433\u0456\u0431\u0440\u0438\u0434\u0438, \u0440\u043e\u0437\u043f\u043e\u0432\u0441\u044e\u0434\u0436\u0443\u0432\u0430\u0447\u0456 \u043f\u0440\u0435\u0441\u0438, \u043f\u0440\u043e\u0433\u0440\u0430\u043c\u043d\u0435 \u0437\u0430\u0431\u0435\u0437\u043f\u0435\u0447\u0435\u043d\u043d\u044f \u0434\u043b\u044f \u0441\u0442\u0435\u043d\u043e\u0437\u0430\u043f\u0438\u0441\u0443, \u0437\u0430\u043f\u0438\u0441\u0443\u044e\u0447\u0456 \u043f\u0440\u0438\u0441\u0442\u0440\u043e\u0457, \u0441\u0438\u0433\u043d\u0430\u043b\u044c\u043d\u0456 \u043f\u0440\u0438\u0441\u0442\u0440\u043e\u0457, \u043f\u0440\u043e\u0435\u043a\u0442\u043e\u0440\u0438, \u0435\u043a\u0440\u0430\u043d\u0438 \u0442\u0430 \u0431\u0430\u0433\u0430\u0442\u043e \u0456\u043d\u0448\u043e\u0433\u043e... \u041d\u0430\u0448\u0435 \u0430\u0443\u0434\u0456\u043e- \u0442\u0430 \u0432\u0456\u0434\u0435\u043e\u043e\u0431\u043b\u0430\u0434\u043d\u0430\u043d\u043d\u044f \u043f\u0440\u0438\u0437\u043d\u0430\u0447\u0435\u043d\u0435 \u0434\u043b\u044f \u043f\u0440\u043e\u0432\u0435\u0434\u0435\u043d\u043d\u044f \u043a\u043e\u043d\u0444\u0435\u0440\u0435\u043d\u0446\u0456\u0439 \u0442\u0430 \u043a\u043e\u043d\u0433\u0440\u0435\u0441\u0456\u0432 \u0431\u0443\u0434\u044c-\u044f\u043a\u043e\u0433\u043e \u043c\u0430\u0441\u0448\u0442\u0430\u0431\u0443.<\/p>\n<p><img fetchpriority=\"high\" decoding=\"async\" width=\"1200\" height=\"387\" src=\"https:\/\/konferenztechnik.de\/wp-content\/uploads\/2016\/10\/audio-videotechnik-mieten.jpg\" alt=\"\u043f\u0440\u043e\u043a\u0430\u0442 \u0430\u0443\u0434\u0456\u043e- \u0442\u0430 \u0432\u0456\u0434\u0435\u043e\u0442\u0435\u0445\u043d\u0456\u043a\u0438\" class=\"alignnone size-full wp-image-8507\" title=\"\" srcset=\"https:\/\/konferenztechnik.de\/wp-content\/uploads\/2016\/10\/audio-videotechnik-mieten.jpg 1200w, https:\/\/konferenztechnik.de\/wp-content\/uploads\/2016\/10\/audio-videotechnik-mieten-300x97.jpg 300w, https:\/\/konferenztechnik.de\/wp-content\/uploads\/2016\/10\/audio-videotechnik-mieten-1024x330.jpg 1024w, https:\/\/konferenztechnik.de\/wp-content\/uploads\/2016\/10\/audio-videotechnik-mieten-768x248.jpg 768w\" sizes=\"(max-width: 1200px) 100vw, 1200px\" \/><br \/>\n<img decoding=\"async\" src=\"https:\/\/konferenztechnik.de\/wp-content\/uploads\/2016\/10\/beamer-beschallung-mieten.jpg\" alt=\"\u043f\u0440\u043e\u0435\u043a\u0442\u043e\u0440-\u0437\u0432\u0443\u043a\u043e\u0432\u0430 \u0441\u0438\u0441\u0442\u0435\u043c\u0430-\u043e\u0440\u0435\u043d\u0434\u0430\" class=\"alignnone size-full wp-image-8506\" title=\"\"><br \/>\n<img decoding=\"async\" width=\"1200\" height=\"346\" src=\"https:\/\/konferenztechnik.de\/wp-content\/uploads\/2016\/10\/event-technik-mieten.jpg\" alt=\"\u043e\u0440\u0435\u043d\u0434\u0430 \u0456\u0432\u0435\u043d\u0442-\u0442\u0435\u0445\u043d\u043e\u043b\u043e\u0433\u0456\u0439\" class=\"alignnone size-full wp-image-8510\" title=\"\" srcset=\"https:\/\/konferenztechnik.de\/wp-content\/uploads\/2016\/10\/event-technik-mieten.jpg 1200w, https:\/\/konferenztechnik.de\/wp-content\/uploads\/2016\/10\/event-technik-mieten-300x87.jpg 300w, https:\/\/konferenztechnik.de\/wp-content\/uploads\/2016\/10\/event-technik-mieten-1024x295.jpg 1024w, https:\/\/konferenztechnik.de\/wp-content\/uploads\/2016\/10\/event-technik-mieten-768x221.jpg 768w\" sizes=\"(max-width: 1200px) 100vw, 1200px\" \/><\/p>\n<p>[callout add_button=\"no\" button_text=\"\u0414\u0456\u0437\u043d\u0430\u0442\u0438\u0441\u044f \u0431\u0456\u043b\u044c\u0448\u0435\" button_url=\"#\" button_color=\"#a62055\u2033]<br \/>\n\u041f\u0440\u043e\u043a\u0430\u0442 \u0432\u0456\u0434 PCS \u0437\u0430 \u0449\u043e\u0434\u0435\u043d\u043d\u043e \u043e\u043d\u043e\u0432\u043b\u044e\u0432\u0430\u043d\u0438\u043c\u0438 \u0446\u0456\u043d\u0430\u043c\u0438 \u0437 \u043d\u0430\u0448\u043e\u0433\u043e \u0432\u0435\u043b\u0438\u043a\u043e\u0433\u043e \u0430\u0432\u0442\u043e\u043f\u0430\u0440\u043a\u0443. \u041d\u0430\u0448\u0430 \u043a\u043e\u043c\u043f\u0435\u0442\u0435\u043d\u0442\u043d\u0430 \u043a\u043e\u043c\u0430\u043d\u0434\u0430 \u043d\u0435\u0433\u0430\u0439\u043d\u043e \u043d\u0430\u0434\u0456\u0448\u043b\u0435 \u0432\u0430\u043c \u043f\u0440\u0438\u0432\u0430\u0431\u043b\u0438\u0432\u0443 \u043f\u0440\u043e\u043f\u043e\u0437\u0438\u0446\u0456\u044e.<br \/>\n[\/callout]<\/p>\n<p>[spacer size=\"3\u2033]<br \/>\n[\u044f\u0441\u043d\u043e]<\/p>\n<div class=\"boxcontainer\">\n<div class=\"box1-4\">\n<div class=\"box-head\">\u041f\u0456\u0432\u043d\u0456\u0447 \u0456 \u0417\u0430\u0445\u0456\u0434<\/div>\n<p><img decoding=\"async\" width=\"800\" height=\"533\" src=\"https:\/\/konferenztechnik.de\/wp-content\/uploads\/2013\/09\/monika_van_den_boogaard_pcs-gmbh.jpg\" alt=\"monika_van_den_boogaard_pcs-gmbh\" class=\"alignleft size-full wp-image-2312\" title=\"\" srcset=\"https:\/\/konferenztechnik.de\/wp-content\/uploads\/2013\/09\/monika_van_den_boogaard_pcs-gmbh.jpg 800w, https:\/\/konferenztechnik.de\/wp-content\/uploads\/2013\/09\/monika_van_den_boogaard_pcs-gmbh-300x200.jpg 300w, https:\/\/konferenztechnik.de\/wp-content\/uploads\/2013\/09\/monika_van_den_boogaard_pcs-gmbh-768x512.jpg 768w\" sizes=\"(max-width: 800px) 100vw, 800px\" \/><br \/>\n\u041c\u043e\u043d\u0456\u043a\u0430 \u0432\u0430\u043d \u0434\u0435\u043d \u0411\u0443\u0433\u0430\u0430\u0440\u0434<br \/>\n\u041a\u043e\u043d\u0441\u0443\u043b\u044c\u0442\u0430\u043d\u0442 \u043f\u0440\u043e\u0435\u043a\u0442\u0443 \u0417\u0434\u0430\u0447\u0430 \u0432 \u043e\u0440\u0435\u043d\u0434\u0443<br \/>\n\u0422\u0435\u043b\u0435\u0444\u043e\u043d +49 211 737798 10<br \/>\n<span class=\"volleansicht\">\u0435\u043b\u0435\u043a\u0442\u0440\u043e\u043d\u043d\u0430 \u043f\u043e\u0448\u0442\u0430 <a href=\"mailto:vandenboogaard@konferenztechnik.de\" onclick=\"ga('send', 'event', 'Email-Klick', 'Kontakt Boogaard');\">\u043d\u0430\u043f\u0438\u0441\u0430\u0442\u0438<\/a><br \/>\n<\/span><br \/>\n<span class=\"mobileansicht\">\u0435\u043b\u0435\u043a\u0442\u0440\u043e\u043d\u043d\u0430 \u043f\u043e\u0448\u0442\u0430 <a href=\"mailto:vandenboogaard@konferenztechnik.de\" onclick=\"ga('send', 'event', 'Email-Klick', 'Kontakt Boogaard');\">\u043d\u0430\u043f\u0438\u0441\u0430\u0442\u0438<\/a><br \/>\n<\/span><\/p>\n<\/div>\n<div class=\"box1-4\">\n<div class=\"box-head\">\u0421\u0445\u0456\u0434<\/div>\n<p><img loading=\"lazy\" decoding=\"async\" width=\"2316\" height=\"1543\" src=\"https:\/\/konferenztechnik.de\/wp-content\/uploads\/2017\/05\/sebastian-meyer-pcs-gmbh.jpg\" alt=\"Sebastian Meyer PCS GmbH - \u0412\u0438\u0431\u0443\u0442\u0442\u044f\" class=\"alignleft size-full wp-image-10048\" title=\"\" srcset=\"https:\/\/konferenztechnik.de\/wp-content\/uploads\/2017\/05\/sebastian-meyer-pcs-gmbh.jpg 2316w, https:\/\/konferenztechnik.de\/wp-content\/uploads\/2017\/05\/sebastian-meyer-pcs-gmbh-300x200.jpg 300w, https:\/\/konferenztechnik.de\/wp-content\/uploads\/2017\/05\/sebastian-meyer-pcs-gmbh-1024x682.jpg 1024w, https:\/\/konferenztechnik.de\/wp-content\/uploads\/2017\/05\/sebastian-meyer-pcs-gmbh-768x512.jpg 768w, https:\/\/konferenztechnik.de\/wp-content\/uploads\/2017\/05\/sebastian-meyer-pcs-gmbh-1536x1023.jpg 1536w, https:\/\/konferenztechnik.de\/wp-content\/uploads\/2017\/05\/sebastian-meyer-pcs-gmbh-2048x1364.jpg 2048w\" sizes=\"(max-width: 2316px) 100vw, 2316px\" \/><br \/>\n\u0421\u0435\u0431\u0430\u0441\u0442\u044c\u044f\u043d \u041c\u0435\u0439\u0454\u0440<br \/>\n\u041a\u043e\u043d\u0441\u0443\u043b\u044c\u0442\u0430\u043d\u0442 \u043f\u0440\u043e\u0435\u043a\u0442\u0443 \u0417\u0434\u0430\u0447\u0430 \u0432 \u043e\u0440\u0435\u043d\u0434\u0443<br \/>\n\u0422\u0435\u043b\u0435\u0444\u043e\u043d +49 30 6959690 15<br \/>\n<span class=\"volleansicht\">\u0435\u043b\u0435\u043a\u0442\u0440\u043e\u043d\u043d\u0430 \u043f\u043e\u0448\u0442\u0430 <a href=\"mailto:meyer@konferenztechnik.de\" onclick=\"ga('send', 'event', 'Email-Klick', 'Kontakt Meyer');\">\u043d\u0430\u043f\u0438\u0441\u0430\u0442\u0438<\/a><br \/>\n<\/span><br \/>\n<span class=\"mobileansicht\">\u0435\u043b\u0435\u043a\u0442\u0440\u043e\u043d\u043d\u0430 \u043f\u043e\u0448\u0442\u0430 <a href=\"mailto:meyer@konferenztechnik.de\" onclick=\"ga('send', 'event', 'Email-Klick', 'Kontakt Meyer');\">\u043d\u0430\u043f\u0438\u0441\u0430\u0442\u0438<\/a><br \/>\n<\/span><\/p>\n<\/div>\n<div class=\"box1-4\">\n<div class=\"box-head\">\u041f\u0456\u0432\u0434\u0435\u043d\u044c<\/div>\n<p><img loading=\"lazy\" decoding=\"async\" width=\"800\" height=\"533\" src=\"https:\/\/konferenztechnik.de\/wp-content\/uploads\/2013\/09\/sebastian_gegusch_pcs-gmbh.jpg\" alt=\"\u0421\u0435\u0431\u0430\u0441\u0442\u044c\u044f\u043d \u0413\u0435\u0433\u0443\u0448 PCS-GmbH\" class=\"alignleft size-full wp-image-3153\" title=\"\" srcset=\"https:\/\/konferenztechnik.de\/wp-content\/uploads\/2013\/09\/sebastian_gegusch_pcs-gmbh.jpg 800w, https:\/\/konferenztechnik.de\/wp-content\/uploads\/2013\/09\/sebastian_gegusch_pcs-gmbh-300x200.jpg 300w, https:\/\/konferenztechnik.de\/wp-content\/uploads\/2013\/09\/sebastian_gegusch_pcs-gmbh-768x512.jpg 768w\" sizes=\"(max-width: 800px) 100vw, 800px\" \/><br \/>\n\u0421\u0435\u0431\u0430\u0441\u0442\u044c\u044f\u043d \u0413\u0435\u0433\u0443\u0448<br \/>\n\u0423\u043f\u0440\u0430\u0432\u043b\u0456\u043d\u043d\u044f \u043f\u0440\u043e\u0435\u043a\u0442\u0430\u043c\u0438 \u0442\u0430 \u043f\u043b\u0430\u043d\u0443\u0432\u0430\u043d\u043d\u044f<br \/>\n\u0422\u0435\u043b\u0435\u0444\u043e\u043d +49 89 248830021<br \/>\n<span class=\"volleansicht\">\u0435\u043b\u0435\u043a\u0442\u0440\u043e\u043d\u043d\u0430 \u043f\u043e\u0448\u0442\u0430 <a href=\"mailto:gegusch@konferenztechnik.de\" onclick=\"ga('send', 'event', 'Email-Klick', 'Kontakt Gegusch');\">\u043d\u0430\u043f\u0438\u0441\u0430\u0442\u0438<\/a><br \/>\n<\/span><br \/>\n<span class=\"mobileansicht\">\u0435\u043b\u0435\u043a\u0442\u0440\u043e\u043d\u043d\u0430 \u043f\u043e\u0448\u0442\u0430 <a href=\"mailto:gegusch@konferenztechnik.de\" onclick=\"ga('send', 'event', 'Email-Klick', 'Kontakt Gegusch');\">\u043d\u0430\u043f\u0438\u0441\u0430\u0442\u0438<\/a><br \/>\n<\/span><\/p>\n<\/div>\n<div class=\"box1-4-empty\"><\/div>\n<\/div>","protected":false},"excerpt":{"rendered":"<p>AV-Technik: Mikrofone, Beschallungstechnik, Beamer Mikrofonierung, Beschallungstechnik, Rednerpulte, Telefonhybriden, Presseverteiler, steno-s Protokollierungssoftware, Aufzeichnungsger\u00e4te, Signalgeber, Beamer, Leinw\u00e4nde und vieles mehr&#8230; Unser Audio- und Videoequipment ist f\u00fcr Tagungen und Kongresse jeder Gr\u00f6\u00dfenordnung ausgelegt. [callout add_button=&#8220;no&#8220; button_text=&#8220;Learn More&#8220; button_url=&#8220;#&#8220; button_color=&#8220;#a62055&#8243;] Mieten Sie bei PCS zu tagesaktuellen Preisen aus unserem umfangreichen Vermietpark. Unser kompetentes Team l\u00e4sst Ihnen umgehend ein attraktives [&hellip;]<\/p>","protected":false},"author":1,"featured_media":45482,"parent":3618,"menu_order":157,"comment_status":"closed","ping_status":"open","template":"","meta":{"_acf_changed":false,"footnotes":""},"class_list":["post-1813","page","type-page","status-publish","has-post-thumbnail","hentry"],"acf":[],"_links":{"self":[{"href":"https:\/\/konferenztechnik.de\/uk\/wp-json\/wp\/v2\/pages\/1813","targetHints":{"allow":["GET"]}}],"collection":[{"href":"https:\/\/konferenztechnik.de\/uk\/wp-json\/wp\/v2\/pages"}],"about":[{"href":"https:\/\/konferenztechnik.de\/uk\/wp-json\/wp\/v2\/types\/page"}],"author":[{"embeddable":true,"href":"https:\/\/konferenztechnik.de\/uk\/wp-json\/wp\/v2\/users\/1"}],"replies":[{"embeddable":true,"href":"https:\/\/konferenztechnik.de\/uk\/wp-json\/wp\/v2\/comments?post=1813"}],"version-history":[{"count":0,"href":"https:\/\/konferenztechnik.de\/uk\/wp-json\/wp\/v2\/pages\/1813\/revisions"}],"up":[{"embeddable":true,"href":"https:\/\/konferenztechnik.de\/uk\/wp-json\/wp\/v2\/pages\/3618"}],"wp:featuredmedia":[{"embeddable":true,"href":"https:\/\/konferenztechnik.de\/uk\/wp-json\/wp\/v2\/media\/45482"}],"wp:attachment":[{"href":"https:\/\/konferenztechnik.de\/uk\/wp-json\/wp\/v2\/media?parent=1813"}],"curies":[{"name":"wp","href":"https:\/\/api.w.org\/{rel}","templated":true}]}}