{"id":20181,"date":"2022-11-16T10:08:18","date_gmt":"2022-11-16T09:08:18","guid":{"rendered":"https:\/\/www.konferenztechnik.de\/?page_id=20181"},"modified":"2023-08-28T15:41:32","modified_gmt":"2023-08-28T13:41:32","slug":"%d1%80%d0%be%d0%b7%d1%88%d1%83%d0%ba%d1%83%d1%94%d1%82%d1%8c%d1%81%d1%8f-%d0%bf%d1%80%d0%b0%d1%86%d1%96%d0%b2%d0%bd%d0%b8%d0%ba-%d0%be%d1%84%d1%96%d1%81%d1%83-%d0%bc-%d0%b6","status":"publish","type":"page","link":"https:\/\/konferenztechnik.de\/uk\/%d0%ba%d0%b0%d1%80%d1%94%d1%80%d0%b0\/%d1%80%d0%be%d0%b7%d1%88%d1%83%d0%ba%d1%83%d1%94%d1%82%d1%8c%d1%81%d1%8f-%d0%bf%d1%80%d0%b0%d1%86%d1%96%d0%b2%d0%bd%d0%b8%d0%ba-%d0%be%d1%84%d1%96%d1%81%d1%83-%d0%bc-%d0%b6\/","title":{"rendered":"\u041f\u043e\u0442\u0440\u0456\u0431\u0435\u043d \u043f\u0440\u0430\u0446\u0456\u0432\u043d\u0438\u043a \u043e\u0444\u0456\u0441\u043d\u043e\u0433\u043e \u043e\u0431\u0441\u043b\u0443\u0433\u043e\u0432\u0443\u0432\u0430\u043d\u043d\u044f (\u0447\/\u0436\/\u0434)"},"content":{"rendered":"<div class=\"center-box-medium\">\n<h1><strong>\u041f\u043e\u0442\u0440\u0456\u0431\u0435\u043d \u043e\u0444\u0456\u0441\u043d\u0438\u0439 \u043f\u0440\u0430\u0446\u0456\u0432\u043d\u0438\u043a (\u0447\/\u0436\/\u0434) (\u0411\u0435\u0440\u043b\u0456\u043d)<\/strong><\/h1>\n<p>\u041c\u0438 \u0448\u0443\u043a\u0430\u0454\u043c\u043e \u0441\u043f\u0456\u0432\u0440\u043e\u0431\u0456\u0442\u043d\u0438\u043a\u0430 \u043e\u0444\u0456\u0441\u043d\u043e\u0433\u043e \u043e\u0431\u0441\u043b\u0443\u0433\u043e\u0432\u0443\u0432\u0430\u043d\u043d\u044f (\u0436\/\u0436\/\u0447\u043e\u043b.) \u0434\u043b\u044f \u043e\u0440\u0433\u0430\u043d\u0456\u0437\u0430\u0446\u0456\u0457 \u043d\u0430\u0448\u043e\u0433\u043e \u043e\u0444\u0456\u0441\u0443 \u0442\u0430 \u0441\u0442\u0443\u0434\u0456\u0439 \u0443\u0441\u043d\u043e\u0433\u043e \u043f\u0435\u0440\u0435\u043a\u043b\u0430\u0434\u0443 \u0434\u043e \u0456 \u043f\u0456\u0441\u043b\u044f \u0437\u0443\u0441\u0442\u0440\u0456\u0447\u0435\u0439 \u0456 \u043a\u043e\u043d\u0444\u0435\u0440\u0435\u043d\u0446\u0456\u0439. \u041c\u0438 \u0448\u0443\u043a\u0430\u0454\u043c\u043e \u0441\u043f\u0456\u0432\u0440\u043e\u0431\u0456\u0442\u043d\u0438\u043a\u0430 \u043d\u0430 2 \u2013 3 \u0434\u043d\u0456 \u043d\u0430 \u0442\u0438\u0436\u0434\u0435\u043d\u044c \u0437 \u0433\u043d\u0443\u0447\u043a\u0438\u043c \u0433\u0440\u0430\u0444\u0456\u043a\u043e\u043c \u0440\u043e\u0431\u043e\u0442\u0438.<\/p>\n<p>[spacer size=\"20\u2033]<\/p>\n<h2><strong>\u041f\u0456\u0434\u0431\u0456\u0440\u043a\u0430 \u0437\u0430\u0432\u0434\u0430\u043d\u044c<\/strong><\/h2>\n<ul>\n<li>\u041f\u0456\u0434\u0433\u043e\u0442\u043e\u0432\u043a\u0430 \u0442\u0430 \u0434\u043e\u0433\u043b\u044f\u0434 \u0437\u0430 \u043f\u0440\u0438\u043c\u0456\u0449\u0435\u043d\u043d\u044f\u043c\u0438 \u0434\u043b\u044f \u0437\u0443\u0441\u0442\u0440\u0456\u0447\u0435\u0439 \u0456 \u043a\u043e\u043d\u0444\u0435\u0440\u0435\u043d\u0446\u0456\u0439<\/li>\n<li>\u0414\u043e\u043f\u043e\u043c\u043e\u0433\u0430 \u0443 \u043f\u0456\u0434\u0433\u043e\u0442\u043e\u0432\u0446\u0456 \u0444\u0443\u0440\u0448\u0435\u0442\u0443 \u0442\u0430 \u043a\u0435\u0439\u0442\u0435\u0440\u0438\u043d\u0433\u0443<\/li>\n<li>\u041f\u043e\u043f\u043e\u0432\u043d\u0435\u043d\u043d\u044f \u0432\u0438\u0442\u0440\u0430\u0442\u043d\u0438\u0445 \u043c\u0430\u0442\u0435\u0440\u0456\u0430\u043b\u0456\u0432<\/li>\n<li>\u0414\u043e\u0434\u0430\u0442\u043a\u043e\u0432\u0435 \u043f\u0440\u0438\u0431\u0438\u0440\u0430\u043d\u043d\u044f \u043e\u043a\u0440\u0435\u043c\u0438\u0445 \u0437\u043e\u043d \u0437 \u0432\u0438\u0441\u043e\u043a\u043e\u044e \u043f\u0440\u043e\u0445\u0456\u0434\u043d\u0456\u0441\u0442\u044e, \u0442\u0430\u043a\u0438\u0445 \u044f\u043a \u043a\u0443\u0445\u043d\u044f, \u0442\u0443\u0430\u043b\u0435\u0442\u0438 \u0442\u0430 \u0437\u043e\u043d\u0438 \u0437\u0430\u0433\u0430\u043b\u044c\u043d\u043e\u0433\u043e \u043a\u043e\u0440\u0438\u0441\u0442\u0443\u0432\u0430\u043d\u043d\u044f (\u043e\u0441\u043d\u043e\u0432\u043d\u0435 \u043f\u0440\u0438\u0431\u0438\u0440\u0430\u043d\u043d\u044f \u043f\u0440\u043e\u0432\u043e\u0434\u0438\u0442\u044c\u0441\u044f \u0449\u043e\u0442\u0438\u0436\u043d\u044f \u043a\u043b\u0456\u043d\u0456\u043d\u0433\u043e\u0432\u043e\u044e \u0441\u043b\u0443\u0436\u0431\u043e\u044e)<\/li>\n<\/ul>\n<p>[spacer size=\"20\u2033]<\/p>\n<h2><strong>\u0412\u0430\u0448 \u043f\u0440\u043e\u0444\u0456\u043b\u044c<\/strong><\/h2>\n<ul>\n<li>\u0414\u0440\u0443\u0436\u043d\u0456\u0439 \u0456 \u043a\u043e\u0440\u0438\u0441\u043d\u0438\u0439 \u0441\u043f\u043e\u0441\u0456\u0431 \u0440\u043e\u0431\u043e\u0442\u0438<\/li>\n<li>\u0412\u0438 \u043c\u0430\u0454\u0442\u0435 \u0445\u043e\u0440\u043e\u0448\u0456 \u043e\u0440\u0433\u0430\u043d\u0456\u0437\u0430\u0442\u043e\u0440\u0441\u044c\u043a\u0456 \u0437\u0434\u0456\u0431\u043d\u043e\u0441\u0442\u0456 \u0442\u0430 \u0434\u043e\u0431\u0440\u0435 \u0431\u0430\u0447\u0438\u0442\u0435 \u043f\u043e\u0441\u0442\u0430\u0432\u043b\u0435\u043d\u0456 \u0437\u0430\u0432\u0434\u0430\u043d\u043d\u044f<\/li>\n<li>\u0417\u043d\u0430\u043d\u043d\u044f \u043d\u0456\u043c\u0435\u0446\u044c\u043a\u043e\u0457 \u043c\u043e\u0432\u0438<\/li>\n<\/ul>\n<p>[spacer size=\"20\u2033]<\/p>\n<h2><strong>\u0429\u043e \u043c\u0438 \u043f\u0440\u043e\u043f\u043e\u043d\u0443\u0454\u043c\u043e<\/strong><\/h2>\n<ul>\n<li>\u041f\u043e\u0441\u0442\u0456\u0439\u043d\u0430 \u043f\u043e\u0441\u0430\u0434\u0430 \u0437\u0456 \u0441\u043f\u0440\u0430\u0432\u0435\u0434\u043b\u0438\u0432\u043e\u044e \u0437\u0430\u0440\u043e\u0431\u0456\u0442\u043d\u043e\u044e \u043f\u043b\u0430\u0442\u043e\u044e \u0432 \u0440\u043e\u0437\u043c\u0456\u0440\u0456 510 \u0454\u0432\u0440\u043e<\/li>\n<li>\u0427\u0443\u0434\u043e\u0432\u0430 \u0442\u0430 \u0434\u0440\u0443\u0436\u043d\u044f \u043a\u043e\u043c\u0430\u043d\u0434\u0430<\/li>\n<li>\u041f\u043b\u043e\u0441\u043a\u0456 \u0456\u0454\u0440\u0430\u0440\u0445\u0456\u0457 \u0442\u0430 \u043a\u043e\u0440\u043e\u0442\u043a\u0456 \u043f\u0440\u043e\u0446\u0435\u0441\u0438 \u043f\u0440\u0438\u0439\u043d\u044f\u0442\u0442\u044f \u0440\u0456\u0448\u0435\u043d\u044c<\/li>\n<li>\u0421\u0443\u0447\u0430\u0441\u043d\u0435 \u0440\u043e\u0431\u043e\u0447\u0435 \u043c\u0456\u0441\u0446\u0435, \u0440\u043e\u0437\u0442\u0430\u0448\u043e\u0432\u0430\u043d\u0435 \u0432 \u0446\u0435\u043d\u0442\u0440\u0456 \u043c\u0456\u0441\u0442\u0430<\/li>\n<li>\u0412\u0456\u043b\u044c\u043d\u0430 \u043e\u0440\u0433\u0430\u043d\u0456\u0437\u0430\u0446\u0456\u044f \u0440\u043e\u0431\u043e\u0447\u043e\u0433\u043e \u0447\u0430\u0441\u0443<\/li>\n<\/ul>\n<p>[spacer size=\"20\u2033]<\/p>\n<h2>\u041f\u043e\u0434\u0430\u0442\u0438 \u0437\u0430\u044f\u0432\u043a\u0443 \u0437\u0430\u0440\u0430\u0437<\/h2>\n<p>\u041c\u0438 \u0437 \u043d\u0435\u0442\u0435\u0440\u043f\u0456\u043d\u043d\u044f\u043c \u0447\u0435\u043a\u0430\u0454\u043c\u043e \u043d\u0430 \u0432\u0430\u0448\u0443 \u0437\u0430\u044f\u0432\u043a\u0443! \u041f\u0440\u043e\u0441\u0442\u043e \u043d\u0430\u0434\u0456\u0448\u043b\u0456\u0442\u044c \u043d\u0430\u043c \u043b\u0438\u0441\u0442\u0430 \u043d\u0430 \u0435\u043b\u0435\u043a\u0442\u0440\u043e\u043d\u043d\u0443 \u0430\u0434\u0440\u0435\u0441\u0443:<\/p>\n<p>\u0413\u0443\u043d\u043d\u0430\u0440 \u0413\u0435\u0440\u043c\u0435\u043d\u0430\u0443<br \/>\n<a href=\"mailto:hermenau@konferenztechnik.de\">hermenau@konferenztechnik.de<\/a><\/p>\n<p>\u041c\u0438 \u043d\u0435 \u0432\u0438\u043c\u0430\u0433\u0430\u0454\u043c\u043e \u0441\u043f\u0435\u0446\u0456\u0430\u043b\u044c\u043d\u043e\u0433\u043e \u0441\u0443\u043f\u0440\u043e\u0432\u0456\u0434\u043d\u043e\u0433\u043e \u043b\u0438\u0441\u0442\u0430, \u0440\u0435\u0437\u044e\u043c\u0435 \u0442\u0430 \u0440\u0435\u043a\u043e\u043c\u0435\u043d\u0434\u0430\u0446\u0456\u0457 \u043d\u0435 \u0454 \u043e\u0431\u043e\u0432'\u044f\u0437\u043a\u043e\u0432\u0438\u043c\u0438.<\/p>\n<p>\u042f\u043a\u0449\u043e \u0443 \u0432\u0430\u0441 \u0432\u0438\u043d\u0438\u043a\u043d\u0443\u0442\u044c \u0434\u043e\u0434\u0430\u0442\u043a\u043e\u0432\u0456 \u0437\u0430\u043f\u0438\u0442\u0430\u043d\u043d\u044f, \u0431\u0443\u0434\u044c \u043b\u0430\u0441\u043a\u0430, \u0437\u0432'\u044f\u0436\u0456\u0442\u044c\u0441\u044f \u0437 \u0413\u0443\u043d\u043d\u0430\u0440\u043e\u043c \u0415\u0440\u043c\u0435\u043d\u0430\u0443 \u043d\u0430 : <a href=\"tel:+4930695969014\">030 6959690 14<\/a> \u0430\u0431\u043e \u0435\u043b\u0435\u043a\u0442\u0440\u043e\u043d\u043d\u043e\u044e \u043f\u043e\u0448\u0442\u043e\u044e.<\/p>\n<\/div>","protected":false},"excerpt":{"rendered":"<p>B\u00fcro Servicekraft (m\/w\/d) gesucht (Berlin) Wir suchen eine B\u00fcro Servicekraft (d\/w\/m) f\u00fcr die Organisation unseres B\u00fcros und unserer Dolmetschstudios vor und nach Meetings und Konferenzen. Wir gehen von einer Besch\u00e4ftigung von 2 &#8211; 3 Tagen die Woche mit flexiblen Arbeitszeiten aus. [spacer size=&#8220;20&#8243;] Eine Auswahl an Aufgaben Vor- und Nachbereitung von Meeting- und Konferenzr\u00e4umen Hilfe [&hellip;]<\/p>","protected":false},"author":1,"featured_media":45482,"parent":5827,"menu_order":0,"comment_status":"closed","ping_status":"closed","template":"","meta":{"_acf_changed":false,"footnotes":""},"class_list":["post-20181","page","type-page","status-publish","has-post-thumbnail","hentry"],"acf":[],"_links":{"self":[{"href":"https:\/\/konferenztechnik.de\/uk\/wp-json\/wp\/v2\/pages\/20181","targetHints":{"allow":["GET"]}}],"collection":[{"href":"https:\/\/konferenztechnik.de\/uk\/wp-json\/wp\/v2\/pages"}],"about":[{"href":"https:\/\/konferenztechnik.de\/uk\/wp-json\/wp\/v2\/types\/page"}],"author":[{"embeddable":true,"href":"https:\/\/konferenztechnik.de\/uk\/wp-json\/wp\/v2\/users\/1"}],"replies":[{"embeddable":true,"href":"https:\/\/konferenztechnik.de\/uk\/wp-json\/wp\/v2\/comments?post=20181"}],"version-history":[{"count":0,"href":"https:\/\/konferenztechnik.de\/uk\/wp-json\/wp\/v2\/pages\/20181\/revisions"}],"up":[{"embeddable":true,"href":"https:\/\/konferenztechnik.de\/uk\/wp-json\/wp\/v2\/pages\/5827"}],"wp:featuredmedia":[{"embeddable":true,"href":"https:\/\/konferenztechnik.de\/uk\/wp-json\/wp\/v2\/media\/45482"}],"wp:attachment":[{"href":"https:\/\/konferenztechnik.de\/uk\/wp-json\/wp\/v2\/media?parent=20181"}],"curies":[{"name":"wp","href":"https:\/\/api.w.org\/{rel}","templated":true}]}}