{"id":20395,"date":"2023-02-21T17:09:53","date_gmt":"2023-02-21T16:09:53","guid":{"rendered":"https:\/\/www.konferenztechnik.de\/?page_id=20395"},"modified":"2023-09-01T11:30:45","modified_gmt":"2023-09-01T09:30:45","slug":"%d0%ba%d0%be%d0%bd%d1%84%d0%b5%d1%80%d0%b5%d0%bd%d1%86%d1%96%d1%97-%d0%b7-%d0%ba%d0%be%d0%bc%d0%b0%d0%bd%d0%b4%d0%b0%d0%bc%d0%b8-ms","status":"publish","type":"page","link":"https:\/\/konferenztechnik.de\/uk\/%d0%ba%d0%be%d0%bd%d1%84%d0%b5%d1%80%d0%b5%d0%bd%d1%86%d1%96%d1%97-%d0%b7-%d0%ba%d0%be%d0%bc%d0%b0%d0%bd%d0%b4%d0%b0%d0%bc%d0%b8-ms\/","title":{"rendered":"\u041a\u043e\u043d\u0444\u0435\u0440\u0435\u043d\u0446\u0456\u0457 \u0437 MS Teams"},"content":{"rendered":"<div data-elementor-type=\"wp-page\" data-elementor-id=\"20395\" class=\"elementor elementor-20395\" data-elementor-post-type=\"page\">\n\t\t\t\t\t\t<section data-particle_enable=\"false\" data-particle-mobile-disabled=\"false\" class=\"elementor-section elementor-top-section elementor-element elementor-element-61c1ffcb elementor-section-boxed elementor-section-height-default elementor-section-height-default\" data-id=\"61c1ffcb\" data-element_type=\"section\">\n\t\t\t\t\t\t<div class=\"elementor-container elementor-column-gap-default\">\n\t\t\t\t\t<div class=\"elementor-column elementor-col-100 elementor-top-column elementor-element elementor-element-6d181681\" data-id=\"6d181681\" data-element_type=\"column\">\n\t\t\t<div class=\"elementor-widget-wrap elementor-element-populated\">\n\t\t\t\t\t\t<div class=\"elementor-element elementor-element-6da05206 elementor-widget elementor-widget-text-editor\" data-id=\"6da05206\" data-element_type=\"widget\" data-widget_type=\"text-editor.default\">\n\t\t\t\t<div class=\"elementor-widget-container\">\n\t\t\t\t\t\t\t\t\t<h1>\u041f\u0440\u043e\u0444\u0435\u0441\u0456\u0439\u043d\u0456 \u043a\u043e\u043d\u0444\u0435\u0440\u0435\u043d\u0446\u0456\u0457 \u0437 Microsoft Teams<\/h1>\n<img fetchpriority=\"high\" decoding=\"async\" src=\"https:\/\/konferenztechnik.de\/wp-content\/uploads\/2023\/02\/konferenzen-mit-msteams.jpg\" alt=\"\" width=\"1300\" height=\"490\" class=\"aligncenter size-full wp-image-20396\" title=\"\" srcset=\"https:\/\/konferenztechnik.de\/wp-content\/uploads\/2023\/02\/konferenzen-mit-msteams.jpg 1300w, https:\/\/konferenztechnik.de\/wp-content\/uploads\/2023\/02\/konferenzen-mit-msteams-300x113.jpg 300w, https:\/\/konferenztechnik.de\/wp-content\/uploads\/2023\/02\/konferenzen-mit-msteams-1024x386.jpg 1024w, https:\/\/konferenztechnik.de\/wp-content\/uploads\/2023\/02\/konferenzen-mit-msteams-768x289.jpg 768w\" sizes=\"(max-width: 1300px) 100vw, 1300px\" \/>\n\n[spacer size=\"20\u2033]\n<div class=\"newcolumn\">\n<h2><b>MS Teams \u0442\u0435\u043f\u0435\u0440 \u0442\u0430\u043a\u043e\u0436 \u0431\u0430\u0433\u0430\u0442\u043e\u043c\u043e\u0432\u043d\u0430 \u0456 \u0437 \u0444\u0443\u043d\u043a\u0446\u0456\u0454\u044e \u0441\u0438\u043d\u0445\u0440\u043e\u043d\u043d\u043e\u0433\u043e \u043f\u0435\u0440\u0435\u043a\u043b\u0430\u0434\u0443<\/b><\/h2>\n\u0422\u0440\u0438\u0432\u0430\u043b\u0438\u0439 \u0447\u0430\u0441 Microsoft Teams (MS Teams) \u0433\u0440\u0430\u043b\u0430 \u0434\u0440\u0443\u0433\u0443 \u0441\u043a\u0440\u0438\u043f\u043a\u0443 \u043f\u0456\u0441\u043b\u044f Zoom, \u043a\u043e\u043b\u0438 \u043c\u043e\u0432\u0430 \u0439\u0448\u043b\u0430 \u043f\u0440\u043e \u0446\u0438\u0444\u0440\u043e\u0432\u0456 \u0442\u0430 \u0433\u0456\u0431\u0440\u0438\u0434\u043d\u0456 \u0444\u043e\u0440\u043c\u0430\u0442\u0438. \u041e\u0434\u043d\u0430\u043a \u043d\u0430\u0448\u0456 \u0442\u0435\u0445\u043d\u0456\u0447\u043d\u0456 \u0441\u043f\u0435\u0446\u0456\u0430\u043b\u0456\u0441\u0442\u0438 \u0440\u0435\u0433\u0443\u043b\u044f\u0440\u043d\u043e \u043f\u043e\u0432\u0456\u0434\u043e\u043c\u043b\u044f\u043b\u0438, \u0449\u043e MS Teams \u043d\u0430\u0437\u0434\u043e\u0433\u0430\u043d\u044f\u0454 Zoom: \u043a\u043e\u0440\u0438\u0441\u0442\u0443\u0432\u0430\u0446\u044c\u043a\u0438\u0439 \u0456\u043d\u0442\u0435\u0440\u0444\u0435\u0439\u0441 \u043f\u043e\u0441\u0442\u0456\u0439\u043d\u043e \u0432\u0434\u043e\u0441\u043a\u043e\u043d\u0430\u043b\u044e\u0432\u0430\u0432\u0441\u044f, \u0430 \u0430\u0443\u0434\u0456\u043e-\u0440\u0443\u0448\u0456\u0439, \u0437\u043e\u043a\u0440\u0435\u043c\u0430, \u0441\u0442\u0430\u0432\u0430\u0432 \u0432\u0441\u0435 \u043a\u0440\u0430\u0449\u0438\u043c \u0456 \u043a\u0440\u0430\u0449\u0438\u043c. \u0417\u0430 \u044f\u043a\u0456\u0441\u0442\u044e \u043f\u0435\u0440\u0435\u0434\u0430\u0447\u0456 \u0433\u043e\u043b\u043e\u0441\u0443 Zoom \u0456 MS Teams \u043d\u0430\u0440\u0430\u0437\u0456 \u0437\u043d\u0430\u0445\u043e\u0434\u044f\u0442\u044c\u0441\u044f \u043d\u0430 \u043e\u0434\u043d\u043e\u043c\u0443 \u0440\u0456\u0432\u043d\u0456.\n\u041d\u0430 \u043f\u043e\u0447\u0430\u0442\u043a\u0443 \u0440\u043e\u043a\u0443 Microsoft \u043e\u0433\u043e\u043b\u043e\u0441\u0438\u043b\u0430, \u0449\u043e \u0442\u0430\u043a\u043e\u0436 \u0456\u043d\u0442\u0435\u0433\u0440\u0443\u0454 \u043f\u0440\u043e\u0444\u0435\u0441\u0456\u0439\u043d\u0438\u0439 \u043f\u0435\u0440\u0435\u043a\u043b\u0430\u0434 \u0443 Teams, \u0456 \u0434\u043e\u0442\u0440\u0438\u043c\u0430\u043b\u0430 \u0441\u0432\u043e\u0433\u043e \u0441\u043b\u043e\u0432\u0430. Microsoft \u043f\u0440\u043e\u043f\u043e\u043d\u0443\u0454 \u043c\u043e\u0436\u043b\u0438\u0432\u0456\u0441\u0442\u044c \u0456\u043d\u0442\u0435\u0433\u0440\u0430\u0446\u0456\u0457 \u043f\u0440\u043e\u0444\u0435\u0441\u0456\u0439\u043d\u0438\u0445 \u043f\u0435\u0440\u0435\u043a\u043b\u0430\u0434\u0430\u0447\u0456\u0432. \u0422\u0435\u043f\u0435\u0440 \u043b\u044e\u0434\u0435\u0439 \u043c\u043e\u0436\u043d\u0430 \u0434\u043e\u0434\u0430\u0432\u0430\u0442\u0438 \u0442\u0430 \u043e\u0431\u0438\u0440\u0430\u0442\u0438 \u0432 \u044f\u043a\u043e\u0441\u0442\u0456 \u043f\u0435\u0440\u0435\u043a\u043b\u0430\u0434\u0430\u0447\u0456\u0432 \u0443 Teams. \u0423 Microsoft \u0446\u044f \u0444\u0443\u043d\u043a\u0446\u0456\u044f \u043d\u0430\u0437\u0438\u0432\u0430\u0454\u0442\u044c\u0441\u044f \"\u0443\u0441\u043d\u0438\u0439 \u043f\u0435\u0440\u0435\u043a\u043b\u0430\u0434\".\n[spacer size=\"5\u2033]\n[list icon=\"moon-arrow-right-2\u2033 color=\"#a62055\u2033]<a title=\"\u0412\u0438\u043a\u043e\u0440\u0438\u0441\u0442\u0430\u043d\u043d\u044f \u0443\u0441\u043d\u043e\u0433\u043e \u043f\u0435\u0440\u0435\u043a\u043b\u0430\u0434\u0443 \u043d\u0430 \u043d\u0430\u0440\u0430\u0434\u0456 \u0432 \u043a\u043e\u043c\u0430\u043d\u0434\u0456\" href=\"https:\/\/support.microsoft.com\/de-de\/office\/verwenden-der-sprachinterpretation-in-einer-teams-besprechung-b9fdde0f-1896-48ba-8540-efc99f5f4b2e\" target=\"_blank\" rel=\"noopener\">\u0412\u0438\u043a\u043e\u0440\u0438\u0441\u0442\u0430\u043d\u043d\u044f \u0443\u0441\u043d\u043e\u0433\u043e \u043f\u0435\u0440\u0435\u043a\u043b\u0430\u0434\u0443 \u043d\u0430 \u043d\u0430\u0440\u0430\u0434\u0456 \u0432 \u043a\u043e\u043c\u0430\u043d\u0434\u0456<\/a>[\/list]\n\n[spacer size=\"30\u2033]\n<h2><b>PCS \u2013 konferenztechnik.de \u043f\u0440\u043e\u043f\u043e\u043d\u0443\u0454 \u043f\u0440\u043e\u0444\u0435\u0441\u0456\u0439\u043d\u0443 \u043f\u0456\u0434\u0442\u0440\u0438\u043c\u043a\u0443 \u043a\u043e\u043d\u0444\u0435\u0440\u0435\u043d\u0446\u0456\u0439 \u0437\u0430 \u0434\u043e\u043f\u043e\u043c\u043e\u0433\u043e\u044e Microsoft Teams<\/b><\/h2>\n\u041d\u0430\u0448\u0456 \u0444\u0430\u0445\u0456\u0432\u0446\u0456 \u0437 \u0446\u0438\u0444\u0440\u043e\u0432\u0438\u0445 \u0444\u043e\u0440\u043c\u0430\u0442\u0456\u0432 \u043d\u0430\u0440\u0430\u0437\u0456 \u043f\u0440\u043e\u0445\u043e\u0434\u044f\u0442\u044c \u043f\u043e\u0434\u0430\u043b\u044c\u0448\u0435 \u043d\u0430\u0432\u0447\u0430\u043d\u043d\u044f, \u0449\u043e\u0431 \u0441\u0442\u0430\u0442\u0438 \u0441\u0435\u0440\u0442\u0438\u0444\u0456\u043a\u043e\u0432\u0430\u043d\u0438\u043c\u0438 \u0430\u0434\u043c\u0456\u043d\u0456\u0441\u0442\u0440\u0430\u0442\u043e\u0440\u0430\u043c\u0438 Teams. \u041e\u0440\u0433\u0430\u043d\u0456\u0437\u0430\u0446\u0456\u044f \u043f\u0440\u043e\u0444\u0435\u0441\u0456\u0439\u043d\u0438\u0445 \u0437\u0430\u0445\u043e\u0434\u0456\u0432 \u0437\u0430 \u0434\u043e\u043f\u043e\u043c\u043e\u0433\u043e\u044e MS Teams \u043c\u0456\u0441\u0442\u0438\u0442\u044c \u0431\u0456\u043b\u044c\u0448\u0435 \u043f\u0430\u0441\u0442\u043e\u043a \u0456 \u043a\u0430\u043c\u0435\u043d\u0456\u0432 \u0441\u043f\u043e\u0442\u0438\u043a\u0430\u043d\u043d\u044f. \u0417\u043e\u043a\u0440\u0435\u043c\u0430, \u0432\u0435\u043b\u0438\u043a\u0456 \u043a\u043e\u043c\u043f\u0430\u043d\u0456\u0457 \u0446\u0435\u043d\u0442\u0440\u0430\u043b\u0456\u0437\u043e\u0432\u0430\u043d\u043e \u0456\u043d\u0442\u0435\u0433\u0440\u0443\u0432\u0430\u043b\u0438 Teams \u0443 \u0441\u0432\u043e\u0457 \u043a\u043e\u0440\u043f\u043e\u0440\u0430\u0442\u0438\u0432\u043d\u0456 \u0406\u0422-\u0441\u0438\u0441\u0442\u0435\u043c\u0438 \u0442\u0430 \u0432\u0438\u0437\u043d\u0430\u0447\u0438\u043b\u0438 \u0432\u043b\u0430\u0441\u043d\u0456 \u0437\u0430\u0445\u043e\u0434\u0438 \u0431\u0435\u0437\u043f\u0435\u043a\u0438, \u0434\u043e\u0437\u0432\u043e\u043b\u0438 \u0439 \u043e\u0431\u043c\u0435\u0436\u0435\u043d\u043d\u044f. \u0423\u0447\u0430\u0441\u043d\u0438\u043a\u0438 \u0437\u0430 \u043c\u0435\u0436\u0430\u043c\u0438 \u043a\u043e\u043c\u043f\u0430\u043d\u0456\u0457 \u0442\u0430 \u043a\u0435\u0440\u043e\u0432\u0430\u043d\u043e\u0433\u043e \u0434\u043e\u043c\u0435\u043d\u0443 \u0440\u0430\u043f\u0442\u043e\u043c \u043e\u0442\u0440\u0438\u043c\u0443\u044e\u0442\u044c \u043f\u043e\u0432\u0456\u0434\u043e\u043c\u043b\u0435\u043d\u043d\u044f, \u0449\u043e \u0432\u043e\u043d\u0438 \u043d\u0435 \u043c\u043e\u0436\u0443\u0442\u044c \u0443\u0432\u0456\u0439\u0442\u0438...\n<h2><b>MS Teams \u0456 \u0437\u0430\u0445\u0438\u0441\u0442 \u0434\u0430\u043d\u0438\u0445 \u0442\u0430 \u0431\u0435\u0437\u043f\u0435\u043a\u0430 \u0434\u0430\u043d\u0438\u0445<\/b><\/h2>\n\u042f\u043a\u0449\u043e \u0432\u0438 \u0437\u0430\u043f\u0438\u0442\u0430\u0454\u0442\u0435 Microsoft \u043f\u0440\u043e \u0431\u0435\u0437\u043f\u0435\u043a\u0443 \u0434\u0430\u043d\u0438\u0445, \u0446\u0435 \u0437\u0432\u0443\u0447\u0438\u0442\u044c \u0442\u0430\u043a: \"\u0427\u0438 \u0437\u0430\u0445\u0438\u0449\u0435\u043d\u0456 \u043c\u043e\u0457 \u0440\u043e\u0437\u043c\u043e\u0432\u0438 \u0442\u0430 \u0434\u0430\u043d\u0456?\" \"\u0422\u0430\u043a, \u0442\u043e\u043c\u0443 \u0449\u043e Microsoft Teams \u0454 \u043d\u0435\u0432\u0456\u0434'\u0454\u043c\u043d\u043e\u044e \u0447\u0430\u0441\u0442\u0438\u043d\u043e\u044e Office 365, \u0442\u043e\u043c\u0443 \u0432\u043e\u043d\u0430 \u043f\u0440\u043e\u043f\u043e\u043d\u0443\u0454 \u0442\u0456 \u0436 \u0444\u0443\u043d\u043a\u0446\u0456\u0457 \u0437\u0430\u0445\u0438\u0441\u0442\u0443 \u0434\u0430\u043d\u0438\u0445 \u0456 \u0434\u043e\u0442\u0440\u0438\u043c\u0430\u043d\u043d\u044f \u043d\u043e\u0440\u043c\u0430\u0442\u0438\u0432\u043d\u0438\u0445 \u0432\u0438\u043c\u043e\u0433, \u0437 \u044f\u043a\u0438\u043c\u0438 \u043a\u043e\u0440\u0438\u0441\u0442\u0443\u0432\u0430\u0447\u0456 \u0432\u0436\u0435 \u0437\u043d\u0430\u0439\u043e\u043c\u0456 \u0437 Office 365. \u0414\u0430\u043d\u0456 \u0448\u0438\u0444\u0440\u0443\u044e\u0442\u044c\u0441\u044f \u043f\u0456\u0434 \u0447\u0430\u0441 \u043f\u0435\u0440\u0435\u0434\u0430\u0447\u0456 \u0442\u0430 \u0437\u0431\u0435\u0440\u0456\u0433\u0430\u043d\u043d\u044f. \u0424\u0430\u0439\u043b\u0438 \u0437\u0431\u0435\u0440\u0456\u0433\u0430\u044e\u0442\u044c\u0441\u044f \u0432 SharePoint \u0456 \u0437\u0430\u0445\u0438\u0449\u0435\u043d\u0456 \u0448\u0438\u0444\u0440\u0443\u0432\u0430\u043d\u043d\u044f\u043c SharePoint. \u041d\u043e\u0442\u0430\u0442\u043a\u0438 \u0437\u0431\u0435\u0440\u0456\u0433\u0430\u044e\u0442\u044c\u0441\u044f \u0432 OneNote \u0456 \u0437\u0430\u0445\u0438\u0449\u0435\u043d\u0456 \u0448\u0438\u0444\u0440\u0443\u0432\u0430\u043d\u043d\u044f\u043c OneNote\". \u041e\u0434\u043d\u0430\u043a \u043d\u0456\u043c\u0435\u0446\u044c\u043a\u0456 \u0442\u0430 \u0454\u0432\u0440\u043e\u043f\u0435\u0439\u0441\u044c\u043a\u0456 \u0435\u043a\u0441\u043f\u0435\u0440\u0442\u0438 \u0456\u0437 \u0437\u0430\u0445\u0438\u0441\u0442\u0443 \u0434\u0430\u043d\u0438\u0445 \u043e\u0431\u0443\u0440\u0435\u043d\u0456 \u0442\u0438\u043c, \u044f\u043a Microsoft \u043f\u043e\u0432\u043e\u0434\u0438\u0442\u044c\u0441\u044f \u0437 \u0434\u0430\u043d\u0438\u043c\u0438 \u043a\u043e\u0440\u0438\u0441\u0442\u0443\u0432\u0430\u0447\u0456\u0432. \u0412\u043e\u0434\u043d\u043e\u0447\u0430\u0441 \u0442\u0430\u043c, \u0434\u0435 \u043d\u0430\u0448\u0456 \u043a\u043b\u0456\u0454\u043d\u0442\u0438 \u0432\u0438\u043a\u043e\u0440\u0438\u0441\u0442\u043e\u0432\u0443\u044e\u0442\u044c MS Teams, \u043f\u0438\u0442\u0430\u043d\u043d\u044f \u0431\u0435\u0437\u043f\u0435\u043a\u0438 \u0434\u0430\u043d\u0438\u0445 \u0437\u0430\u0437\u0432\u0438\u0447\u0430\u0439 \u0437'\u044f\u0441\u043e\u0432\u0443\u0454\u0442\u044c\u0441\u044f \u0456 \u043f\u0440\u0438\u0439\u043c\u0430\u0454\u0442\u044c\u0441\u044f \u0406\u0422-\u0432\u0456\u0434\u0434\u0456\u043b\u043e\u043c \u043d\u0430 \u0441\u0442\u043e\u0440\u043e\u043d\u0456 \u043a\u043e\u043c\u043f\u0430\u043d\u0456\u0457. \u0422\u0438\u043c \u043d\u0435 \u043c\u0435\u043d\u0448, \u0434\u043b\u044f \u0431\u0430\u0433\u0430\u0442\u044c\u043e\u0445 \u043d\u0430\u0448\u0438\u0445 \u043a\u043b\u0456\u0454\u043d\u0442\u0456\u0432 \u0432\u0438\u043a\u043e\u0440\u0438\u0441\u0442\u0430\u043d\u043d\u044f \u0442\u0430\u043a\u0438\u0445 \u0441\u0435\u0440\u0432\u0456\u0441\u0456\u0432, \u044f\u043a Google \u0456 Microsoft, \u043d\u0435 \u0434\u043e\u0437\u0432\u043e\u043b\u0435\u043d\u043e. \u0423 \u0442\u0430\u043a\u043e\u043c\u0443 \u0432\u0438\u043f\u0430\u0434\u043a\u0443 \u043c\u0438 \u0440\u0435\u043a\u043e\u043c\u0435\u043d\u0434\u0443\u0454\u043c\u043e \u043d\u0430\u0448\u0435 \u0440\u0456\u0448\u0435\u043d\u043d\u044f \u0437 Zoom \u043d\u0430 \u0432\u043b\u0430\u0441\u043d\u0438\u0445 \u0441\u0435\u0440\u0432\u0435\u0440\u0430\u0445 \u0430\u0431\u043e \u043d\u0430\u0432\u0456\u0442\u044c \u043f\u043e\u0432\u043d\u0456\u0441\u0442\u044e \u043d\u0435\u0437\u0430\u043b\u0435\u0436\u043d\u0456 \u0440\u0456\u0448\u0435\u043d\u043d\u044f, \u043d\u0430\u043f\u0440\u0438\u043a\u043b\u0430\u0434, \u0432\u0456\u0434 Televic.\n<h2><b>MS Teams \u043d\u0430 \u0432\u043b\u0430\u0441\u043d\u0438\u0445 \u0441\u0435\u0440\u0432\u0435\u0440\u0430\u0445 \/ \u043b\u043e\u043a\u0430\u043b\u044c\u043d\u043e<\/b><\/h2>\n\u0427\u0438 \u043c\u043e\u0436\u043d\u0430 \u0432\u0438\u043a\u043e\u0440\u0438\u0441\u0442\u043e\u0432\u0443\u0432\u0430\u0442\u0438 Microsoft Teams \u043d\u0430 \u043c\u043e\u0457\u0445 \u0432\u043b\u0430\u0441\u043d\u0438\u0445 \u0441\u0435\u0440\u0432\u0435\u0440\u0430\u0445? \u041d\u0456, Microsoft Teams \u043f\u0440\u0438\u0437\u043d\u0430\u0447\u0435\u043d\u043e \u0434\u043b\u044f \u0441\u043f\u0456\u0432\u043f\u0440\u0430\u0446\u0456 \u0437 SharePoint Online \u0442\u0430 Azure Active Directory. \u0425\u043e\u0447\u0430 \u0434\u0435\u044f\u043a\u0456 \u0444\u0443\u043d\u043a\u0446\u0456\u0457 \u043c\u043e\u0436\u043d\u0430 \u0432\u0438\u043a\u043e\u0440\u0438\u0441\u0442\u043e\u0432\u0443\u0432\u0430\u0442\u0438 \u0432 \u0433\u0456\u0431\u0440\u0438\u0434\u043d\u043e\u043c\u0443 \u0441\u0435\u0440\u0435\u0434\u043e\u0432\u0438\u0449\u0456, \u043f\u043e\u0432\u043d\u0438\u0439 \u043d\u0430\u0431\u0456\u0440 \u0444\u0443\u043d\u043a\u0446\u0456\u0439 Microsoft Teams \u043d\u0435\u0434\u043e\u0441\u0442\u0443\u043f\u043d\u0438\u0439 \u0443 \u043b\u043e\u043a\u0430\u043b\u044c\u043d\u0456\u0439 \u0456\u043d\u0441\u0442\u0430\u043b\u044f\u0446\u0456\u0457. \u0414\u043b\u044f Microsoft Teams \u043d\u0435 \u0456\u0441\u043d\u0443\u0454 \u0441\u0435\u0440\u0432\u0435\u0440\u043d\u0438\u0445 \u0456\u043d\u0441\u0442\u0430\u043b\u044f\u0446\u0456\u0439, \u044f\u043a \u0446\u0435 \u0431\u0443\u043b\u043e \u0437\u0456 Skype \u0434\u043b\u044f \u0431\u0456\u0437\u043d\u0435\u0441\u0443. Microsoft Teams - \u0446\u0435 \u0447\u0438\u0441\u0442\u043e \u0445\u043c\u0430\u0440\u043d\u0435 \u0440\u0456\u0448\u0435\u043d\u043d\u044f.\n<h2><b>\u041d\u043e\u0432\u0456 Microsoft Teams \u0437 1 \u0431\u0435\u0440\u0435\u0437\u043d\u044fTP2T MS Teams 2.0<\/b><\/h2>\nMicrosoft \u0433\u043e\u0432\u043e\u0440\u0438\u0442\u044c \u043f\u0440\u043e \u0437\u043d\u0430\u0447\u043d\u0435 \u043f\u043e\u043b\u0456\u043f\u0448\u0435\u043d\u043d\u044f, \u043e\u0441\u043e\u0431\u043b\u0438\u0432\u043e \u0432 \u043f\u043b\u0430\u043d\u0456 \u043f\u0440\u043e\u0434\u0443\u043a\u0442\u0438\u0432\u043d\u043e\u0441\u0442\u0456. \u042f\u043a\u0456\u0441\u0442\u044c \u0433\u043e\u043b\u043e\u0441\u0443 \u0442\u0430 \u0433\u043e\u043b\u043e\u0441\u043e\u0432\u0438\u0439 \u0434\u0432\u0438\u0436\u043e\u043a, \u0449\u043e \u0441\u0442\u043e\u0457\u0442\u044c \u0437\u0430 \u043d\u0438\u043c, \u0432\u0436\u0435 \u0432\u0440\u0430\u0437\u0438\u043b\u0438 \u043d\u0430\u0441. \u041c\u0438 \u0441\u043f\u043e\u0434\u0456\u0432\u0430\u0454\u043c\u043e\u0441\u044f \u043d\u0430 \u043f\u043e\u043a\u0440\u0430\u0449\u0435\u043d\u043d\u044f, \u0437\u043e\u043a\u0440\u0435\u043c\u0430, \u0443 \u0432\u0456\u0434\u0435\u043e\u0437\u043e\u0431\u0440\u0430\u0436\u0435\u043d\u043d\u044f\u0445. \u0422\u0430\u043a\u043e\u0436 \u0431\u0443\u043b\u043e \u043e\u0433\u043e\u043b\u043e\u0448\u0435\u043d\u043e, \u0449\u043e \u0432\u0438\u043a\u043e\u0440\u0438\u0441\u0442\u0430\u043d\u043d\u044f \"\u0434\u0435\u043a\u0456\u043b\u044c\u043a\u043e\u0445 \u043e\u0431\u043b\u0456\u043a\u043e\u0432\u0438\u0445 \u0437\u0430\u043f\u0438\u0441\u0456\u0432\" \u0431\u0443\u0434\u0435 \u0441\u043f\u0440\u043e\u0449\u0435\u043d\u043e. \u041a\u043e\u0436\u0435\u043d, \u0445\u0442\u043e \u0432\u0438\u043a\u043e\u0440\u0438\u0441\u0442\u043e\u0432\u0443\u0454 Teams \u0432 \u0440\u0456\u0437\u043d\u0438\u0445 \u043e\u0440\u0433\u0430\u043d\u0456\u0437\u0430\u0446\u0456\u044f\u0445, \u0437\u043d\u0430\u0454, \u043d\u0430\u0441\u043a\u0456\u043b\u044c\u043a\u0438 \u0446\u0435 \u0433\u0440\u043e\u043c\u0456\u0437\u0434\u043a\u043e \u0456 \u0441\u0445\u0438\u043b\u044c\u043d\u0435 \u0434\u043e \u043f\u043e\u043c\u0438\u043b\u043e\u043a. \u041e\u0433\u043e\u043b\u043e\u0448\u0435\u043d\u043d\u044f, \u0437\u0440\u043e\u0431\u043b\u0435\u043d\u0456 \u0456\u043d\u0436\u0435\u043d\u0435\u0440\u0430\u043c\u0438 Teams \u043d\u0430 The Verge, \u0437\u0432\u0443\u0447\u0430\u0442\u044c \u044f\u043a \u0432\u0435\u043b\u0438\u043a\u0438\u0439 \u0441\u0442\u0440\u0438\u0431\u043e\u043a \u0432\u043f\u0435\u0440\u0435\u0434. \u041e\u0434\u043d\u0430\u043a \u043c\u0456\u0436 \u0440\u044f\u0434\u043a\u0456\u0432 \u043c\u0438 \u0442\u0430\u043a\u043e\u0436 \u0431\u0430\u0433\u0430\u0442\u043e \u0447\u0438\u0442\u0430\u0454\u043c\u043e \u043f\u0440\u043e Microsoft 11, \u0431\u0440\u0430\u0443\u0437\u0435\u0440 Edge \u0442\u0430 \u043a\u043e\u043c\u043f'\u044e\u0442\u0435\u0440\u0438 PC. \u041d\u0430\u043c \u0434\u0443\u0436\u0435 \u0446\u0456\u043a\u0430\u0432\u043e \u043f\u043e\u0434\u0438\u0432\u0438\u0442\u0438\u0441\u044f, \u044f\u043a \u043d\u043e\u0432\u0456 Teams \u043f\u0440\u0430\u0446\u044e\u0432\u0430\u0442\u0438\u043c\u0443\u0442\u044c \u043d\u0430 \u043f\u0440\u0438\u0441\u0442\u0440\u043e\u044f\u0445 Apple \u0430\u0431\u043e \u0441\u0438\u0441\u0442\u0435\u043c\u0430\u0445 Linux. \u041c\u0438 \u0431\u0443\u0434\u0435\u043c\u043e \u0442\u0440\u0438\u043c\u0430\u0442\u0438 \u0432\u0430\u0441 \u0432 \u043a\u0443\u0440\u0441\u0456 \u043f\u043e\u0434\u0456\u0439.\n\n[spacer size=\"30\u2033]\n[list icon=\"moon-arrow-right-2\u2033 color=\"#a62055\u2033]<a href=\"https:\/\/www.theverge.com\/2023\/2\/20\/23607037\/microsoft-teams-performance-improvements-less-cpu-memory\" rel=\"noopener\" target=\"_blank\">Microsoft Teams Verge \u2013 \u043e\u0442\u0440\u0438\u043c\u0430\u0454 \u0437\u043d\u0430\u0447\u043d\u0456 \u043f\u043e\u043a\u0440\u0430\u0449\u0435\u043d\u043d\u044f \u043f\u0440\u043e\u0434\u0443\u043a\u0442\u0438\u0432\u043d\u043e\u0441\u0442\u0456 \u0432 \u043d\u0430\u0441\u0442\u0443\u043f\u043d\u043e\u043c\u0443 \u043c\u0456\u0441\u044f\u0446\u0456<\/a>[\/list]\n[spacer size=\"5\u2033]\n[list icon=\"moon-arrow-right-2\u2033 color=\"#a62055\u2033]<a href=\"https:\/\/www.drwindows.de\/news\/microsoft-teams-2-0-neue-version-mit-massiv-besserer-performance-startet-im-maerz\" rel=\"noopener\" target=\"_blank\">Dr Windows \u2013 Microsoft Teams 2.0<\/a>[\/list]\n[spacer size=\"30\u2033]\n<h2><b>\u0425\u043e\u0447\u0435\u0442\u0435 \u0437\u0430\u043f\u0443\u0441\u043a\u0430\u0442\u0438 \u043f\u0440\u043e\u0444\u0435\u0441\u0456\u0439\u043d\u0456 \u0446\u0438\u0444\u0440\u043e\u0432\u0456 \u0442\u0430 \u0433\u0456\u0431\u0440\u0438\u0434\u043d\u0456 \u043f\u0440\u044f\u043c\u0456 \u0435\u0444\u0456\u0440\u0438 \u0437\u0430 \u0434\u043e\u043f\u043e\u043c\u043e\u0433\u043e\u044e MS Teams? \u041c\u0438 \u043c\u043e\u0436\u0435\u043c\u043e \u0432\u0430\u043c \u0434\u043e\u043f\u043e\u043c\u043e\u0433\u0442\u0438: <\/b><\/h2>\n<\/div>\n[spacer size=\"30\u2033]\n<div class=\"box1-4 medium-size-txt\" style=\"margin-bottom: 0!important\">\n<h2><b><span class=\"pcs-color medium-size-txt\">\u0412\u0430\u0448\u0430 \u0441\u0435\u0440\u0432\u0456\u0441\u043d\u0430 \u0441\u043b\u0443\u0436\u0431\u0430<\/span><\/b><\/h2>\n[spacer size=\"5\u2033]\n[column size=\"1-2\u2033 last=\"0\u2033]\n\n\u041d\u0430\u0448 \u0441\u043f\u0435\u0446\u0456\u0430\u043b\u0456\u0437\u043e\u0432\u0430\u043d\u0438\u0439 \u0432\u0456\u0434\u0434\u0456\u043b \u0431\u0443\u0434\u0435 \u0440\u0430\u0434\u0438\u0439 \u0434\u043e\u043f\u043e\u043c\u043e\u0433\u0442\u0438 \u0432\u0456\u0434\u043f\u043e\u0432\u0456\u0441\u0442\u0438 \u043d\u0430 \u0432\u0430\u0448\u0456 \u0437\u0430\u043f\u0438\u0442\u0430\u043d\u043d\u044f, \u043f\u0440\u043e\u043a\u043e\u043d\u0441\u0443\u043b\u044c\u0442\u0443\u0432\u0430\u0442\u0438 \u0432\u0430\u0441 \u0449\u043e\u0434\u043e \u043f\u0440\u043e\u0434\u0443\u043a\u0446\u0456\u0457, \u043d\u0430\u0434\u0430\u0442\u0438 \u0432\u0430\u043c \u043f\u0435\u0440\u0441\u043e\u043d\u0430\u043b\u044c\u043d\u0443 \u043f\u0440\u043e\u043f\u043e\u0437\u0438\u0446\u0456\u044e \u0430\u0431\u043e \u0456\u043d\u0434\u0438\u0432\u0456\u0434\u0443\u0430\u043b\u044c\u043d\u0435 \u043f\u043b\u0430\u043d\u0443\u0432\u0430\u043d\u043d\u044f \u043f\u0440\u043e\u0435\u043a\u0442\u0443.\n\n<img decoding=\"async\" src=\"https:\/\/konferenztechnik.de\/wp-content\/uploads\/2021\/08\/Monika-van-den-Boogaard-PCS-GmbH-konferenztechnik-small.jpg\" alt=\"\u041c\u043e\u043d\u0456\u043a\u0430 \u0432\u0430\u043d \u0434\u0435\u043d \u0411\u0443\u0433\u0430\u0430\u0440\u0434 - PCS GmbH - \u041a\u043e\u043d\u0441\u0443\u043b\u044c\u0442\u0430\u0446\u0456\u0457 \u0437 \u043f\u0440\u043e\u0435\u043a\u0442\u0456\u0432\" width=\"150\" height=\"150\" class=\"alignleft size-full wp-image-18125\" title=\"\">\n<img decoding=\"async\" src=\"https:\/\/konferenztechnik.de\/wp-content\/uploads\/2021\/08\/Sebastian-Meyer-PCS-GmbH-konferenztechnik-small.jpg\" alt=\"\u0421\u0435\u0431\u0430\u0441\u0442\u044c\u044f\u043d \u041c\u0430\u0439\u0454\u0440 - PCS GmbH - \u043a\u043e\u043d\u0441\u0443\u043b\u044c\u0442\u0430\u043d\u0442 \u043f\u0440\u043e\u0435\u043a\u0442\u0443\" width=\"150\" height=\"150\" class=\"alignleft size-full wp-image-18120\" title=\"\">\n<img loading=\"lazy\" decoding=\"async\" src=\"https:\/\/konferenztechnik.de\/wp-content\/uploads\/2021\/06\/sebastian-gegusch-pcs-gmbh.jpg\" alt=\"\u0421\u0435\u0431\u0430\u0441\u0442\u044c\u044f\u043d \u0413\u0435\u0433\u0443\u0448 - PCS GmbH - \u041f\u043b\u0430\u043d\u0443\u0432\u0430\u043d\u043d\u044f \u043f\u0440\u043e\u0435\u043a\u0442\u0456\u0432\" width=\"150\" height=\"150\" class=\"alignleft size-full wp-image-17774\" title=\"\">\n[spacer size=\"5\u2033]\n<span class=\"medium-size-txt\">\n\u041f\u0440\u043e\u0441\u0442\u043e \u0437\u0430\u0442\u0435\u043b\u0435\u0444\u043e\u043d\u0443\u0439\u0442\u0435 \u043d\u0430\u043c!\n<a href=\"tel:08007274624\"><b>0800 727 46 24<\/b><\/a><\/span>\n\n\u0411\u0443\u0434\u044c \u043b\u0430\u0441\u043a\u0430, \u043d\u0430\u0434\u0456\u0448\u043b\u0456\u0442\u044c \u043d\u0430\u043c \u043b\u0438\u0441\u0442\u0430 \u043d\u0430 \u0435\u043b\u0435\u043a\u0442\u0440\u043e\u043d\u043d\u0443 \u0430\u0434\u0440\u0435\u0441\u0443:\n<span class=\"volleansicht\"><a href=\"mailto:info@konferenztechnik.de\" onclick=\"ga('send', 'event', 'Email-Klick', 'Kontakt Vermietung');\">info@konferenztechnik.de<\/a>\n<\/span>\n<span class=\"mobileansicht\"><a href=\"mailto:info@konferenztechnik.de\" onclick=\"ga('send', 'event', 'Email-Klick', 'Kontakt Vermietung');\">\u043d\u0430\u043f\u0438\u0441\u0430\u0442\u0438<\/a>\n<\/span>\n\n\u0417\u0432'\u044f\u0436\u0456\u0442\u044c\u0441\u044f \u0437 \u043d\u0430\u043c\u0438 \u0432 \u0447\u0430\u0442\u0456 \u0430\u0431\u043e \u0441\u043a\u043e\u0440\u0438\u0441\u0442\u0430\u0439\u0442\u0435\u0441\u044f \u043f\u043e\u0441\u043b\u0443\u0433\u043e\u044e \u0437\u0432\u043e\u0440\u043e\u0442\u043d\u043e\u0433\u043e \u0434\u0437\u0432\u0456\u043d\u043a\u0430\n\n[\/column]\n[column size=\"1-2\u2033 last=\"1\u2033]\n<h2>\u0417\u0430\u043c\u043e\u0432\u0438\u0442\u0438 \u0437\u0432\u043e\u0440\u043e\u0442\u043d\u0438\u0439 \u0434\u0437\u0432\u0456\u043d\u043e\u043a<\/h2>\n[contact-form-7 id=\"17963\u2033 title=\"\u0417\u0430\u043c\u043e\u0432\u0438\u0442\u0438 \u0437\u0432\u043e\u0440\u043e\u0442\u043d\u0456\u0439 \u0434\u0437\u0432\u0456\u043d\u043e\u043a\"]\n[\/column]\n\n<\/div>\t\t\t\t\t\t\t\t<\/div>\n\t\t\t\t<\/div>\n\t\t\t\t\t<\/div>\n\t\t<\/div>\n\t\t\t\t\t<\/div>\n\t\t<\/section>\n\t\t\t\t<\/div>","protected":false},"excerpt":{"rendered":"<p>Professionelle Konferenzen mit Microsoft Teams [spacer size=&#8220;20&#8243;] MS Teams jetzt auch mehrsprachig und mit der Funktion &#8222;Simultandolmetschen&#8220; Microsoft Teams (MS Teams) spielte bei uns lange die zweite Geige hinter Zoom bei den digitalen und hybriden Formaten. Unsere Techniker*innen berichteten regelm\u00e4\u00dfig, wie MS Teams jedoch aufholte: die Benutzeroberfl\u00e4che wurde stetig verbessert und vor allem die Audio-Engine [&hellip;]<\/p>","protected":false},"author":1,"featured_media":45482,"parent":0,"menu_order":0,"comment_status":"closed","ping_status":"closed","template":"elementor_theme","meta":{"_acf_changed":false,"footnotes":""},"class_list":["post-20395","page","type-page","status-publish","has-post-thumbnail","hentry"],"acf":[],"_links":{"self":[{"href":"https:\/\/konferenztechnik.de\/uk\/wp-json\/wp\/v2\/pages\/20395","targetHints":{"allow":["GET"]}}],"collection":[{"href":"https:\/\/konferenztechnik.de\/uk\/wp-json\/wp\/v2\/pages"}],"about":[{"href":"https:\/\/konferenztechnik.de\/uk\/wp-json\/wp\/v2\/types\/page"}],"author":[{"embeddable":true,"href":"https:\/\/konferenztechnik.de\/uk\/wp-json\/wp\/v2\/users\/1"}],"replies":[{"embeddable":true,"href":"https:\/\/konferenztechnik.de\/uk\/wp-json\/wp\/v2\/comments?post=20395"}],"version-history":[{"count":0,"href":"https:\/\/konferenztechnik.de\/uk\/wp-json\/wp\/v2\/pages\/20395\/revisions"}],"wp:featuredmedia":[{"embeddable":true,"href":"https:\/\/konferenztechnik.de\/uk\/wp-json\/wp\/v2\/media\/45482"}],"wp:attachment":[{"href":"https:\/\/konferenztechnik.de\/uk\/wp-json\/wp\/v2\/media?parent=20395"}],"curies":[{"name":"wp","href":"https:\/\/api.w.org\/{rel}","templated":true}]}}