{"id":2271,"date":"2013-09-20T13:44:55","date_gmt":"2013-09-20T11:44:55","guid":{"rendered":"https:\/\/konferenztechnik.de\/?page_id=2271"},"modified":"2023-07-05T15:03:13","modified_gmt":"2023-07-05T13:03:13","slug":"%d0%bc%d1%96%d0%ba%d1%88%d0%b5%d1%80%d0%bd%d1%96-%d0%bf%d1%83%d0%bb%d1%8c%d1%82%d0%b8","status":"publish","type":"page","link":"https:\/\/konferenztechnik.de\/uk\/%d0%b4%d0%b8%d1%81%d1%82%d1%80%d0%b8%d0%b1%d1%83%d1%86%d1%96%d1%8f-%d0%ba%d0%be%d0%bd%d1%84%d0%b5%d1%80%d0%b5%d0%bd%d1%86-%d1%82%d0%b0-%d0%b0%d1%83%d0%b4%d1%96%d0%be-%d0%bc%d0%b5%d0%b4%d1%96%d0%b0\/%d0%b0%d1%83%d0%b4%d1%96%d0%be%d1%82%d0%b5%d1%85%d0%bd%d1%96%d0%ba%d0%b0-%d0%bc%d1%96%d0%ba%d1%80%d0%be%d1%84%d0%be%d0%bd%d0%b8-%d0%b7%d0%b2%d1%83%d0%ba%d0%be%d0%bf%d1%96%d0%b4%d1%81%d0%b8%d0%bb\/%d0%bc%d1%96%d0%ba%d1%88%d0%b5%d1%80%d0%bd%d1%96-%d0%bf%d1%83%d0%bb%d1%8c%d1%82%d0%b8\/","title":{"rendered":"\u041c\u0456\u043a\u0448\u0435\u0440\u043d\u0456 \u043f\u0443\u043b\u044c\u0442\u0438"},"content":{"rendered":"<h1>\u041c\u0456\u043a\u0448\u0435\u0440\u043d\u0456 \u043f\u0443\u043b\u044c\u0442\u0438<\/h1>\n<h2>Yamaha 01V\/96VCM<\/h2>\n<p><a href=\"https:\/\/konferenztechnik.de\/wp-content\/uploads\/2013\/09\/Mischpult_Yamaha_01V96_gross.jpg\"><img fetchpriority=\"high\" decoding=\"async\" width=\"393\" height=\"321\" class=\"alignleft size-full wp-image-2403\" src=\"https:\/\/konferenztechnik.de\/wp-content\/uploads\/2013\/09\/Mischpult_Yamaha_01V96_gross.jpg\" alt=\"Yamaha 01V\/96VCM\" title=\"\" srcset=\"https:\/\/konferenztechnik.de\/wp-content\/uploads\/2013\/09\/Mischpult_Yamaha_01V96_gross.jpg 393w, https:\/\/konferenztechnik.de\/wp-content\/uploads\/2013\/09\/Mischpult_Yamaha_01V96_gross-300x245.jpg 300w\" sizes=\"(max-width: 393px) 100vw, 393px\" \/><\/a><\/p>\n<p>01V\/96VCM \u043f\u0440\u043e\u043f\u043e\u043d\u0443\u0454 \u043f\u0440\u043e\u0434\u0443\u043a\u0442\u0438\u0432\u043d\u0456\u0441\u0442\u044c \u0456 \u043d\u0430\u0434\u0456\u0439\u043d\u0456\u0441\u0442\u044c, \u043e\u0447\u0456\u043a\u0443\u0432\u0430\u043d\u0456 \u0432\u0456\u0434 \u0446\u0438\u0444\u0440\u043e\u0432\u0438\u0445 \u043a\u043e\u043d\u0446\u0435\u0440\u0442\u043d\u0438\u0445 \u0456 \u043f\u0440\u043e\u0434\u0430\u043a\u0448\u043d \u043a\u043e\u043d\u0441\u043e\u043b\u0435\u0439 Yamaha, \u0432 \u043d\u0430\u0434\u0437\u0432\u0438\u0447\u0430\u0439\u043d\u043e \u043a\u043e\u043c\u043f\u0430\u043a\u0442\u043d\u043e\u043c\u0443 \u043a\u043e\u0440\u043f\u0443\u0441\u0456 \u2013, \u0449\u043e \u0440\u043e\u0431\u0438\u0442\u044c \u0439\u043e\u0433\u043e \u0456\u0434\u0435\u0430\u043b\u044c\u043d\u0438\u043c \u0432\u0438\u0431\u043e\u0440\u043e\u043c \u0434\u043b\u044f \u0437\u0430\u0441\u0442\u043e\u0441\u0443\u0432\u0430\u043d\u044c, \u0434\u0435 \u043f\u0440\u043e\u0441\u0442\u0456\u0440 \u043c\u0430\u0454 \u043f\u0435\u0440\u0448\u043e\u0447\u0435\u0440\u0433\u043e\u0432\u0435 \u0437\u043d\u0430\u0447\u0435\u043d\u043d\u044f \u0430\u0431\u043e \u043f\u043e\u0442\u0440\u0456\u0431\u043d\u0430 \u0433\u043d\u0443\u0447\u043a\u0430 \u043c\u043e\u0431\u0456\u043b\u044c\u043d\u0456\u0441\u0442\u044c. \u041d\u0435\u0437\u0432\u0430\u0436\u0430\u044e\u0447\u0438 \u043d\u0430 \u043d\u0435\u0432\u0435\u043b\u0438\u043a\u0456 \u0437\u043e\u0432\u043d\u0456\u0448\u043d\u0456 \u0440\u043e\u0437\u043c\u0456\u0440\u0438, \u0432\u0456\u043d \u043c\u043e\u0436\u0435 \u043e\u0431\u0440\u043e\u0431\u043b\u044f\u0442\u0438 \u0434\u043e 40 \u043a\u0430\u043d\u0430\u043b\u0456\u0432.<\/p>\n<h2>Yamaha 01V\/96VCM<\/h2>\n<ul>\n<li>40 \u0432\u0445\u043e\u0434\u0456\u0432 \u0456 18 \u0448\u0438\u043d \u043d\u0430 96 \u043a\u0413\u0446<\/li>\n<li>\u041f\u043e\u0442\u0443\u0436\u043d\u0456 \u0444\u0443\u043d\u043a\u0446\u0456\u0457 \u043a\u0430\u043d\u0430\u043b\u0443 \u0437 \u0433\u043d\u0443\u0447\u043a\u0438\u043c \u043a\u0435\u0440\u0443\u0432\u0430\u043d\u043d\u044f\u043c \u0456 \u043a\u043e\u043c\u0443\u0442\u0430\u0446\u0456\u0454\u044e<\/li>\n<li>\u0427\u043e\u0442\u0438\u0440\u0438 \u043c\u0443\u043b\u044c\u0442\u0438\u0435\u0444\u0435\u043a\u0442\u043d\u0456 \u043f\u0440\u043e\u0446\u0435\u0441\u043e\u0440\u0438<\/li>\n<li>\u041f\u0440\u043e\u0433\u0440\u0430\u043c\u043d\u0435 \u0437\u0430\u0431\u0435\u0437\u043f\u0435\u0447\u0435\u043d\u043d\u044f \u0440\u0435\u0434\u0430\u043a\u0442\u043e\u0440\u0430 \u0432\u043a\u043b\u044e\u0447\u0435\u043d\u043e<\/li>\n<li>\u0423\u043d\u0456\u0432\u0435\u0440\u0441\u0430\u043b\u044c\u043d\u0456 \u0444\u0443\u043d\u043a\u0446\u0456\u0457 \u043e\u0431'\u0454\u0434\u043d\u0430\u043d\u043d\u044f \u0432 \u043f\u0430\u0440\u0438 \u0442\u0430 \u0433\u0440\u0443\u043f\u0443\u0432\u0430\u043d\u043d\u044f \u0440\u043e\u0431\u043b\u044f\u0442\u044c \u0437\u043c\u0456\u0448\u0443\u0432\u0430\u043d\u043d\u044f \u0431\u0456\u043b\u044c\u0448 \u0435\u0444\u0435\u043a\u0442\u0438\u0432\u043d\u0438\u043c<\/li>\n<\/ul>","protected":false},"excerpt":{"rendered":"<p>Mischpulte Yamaha 01V\/96VCM Das 01V\/96VCM bietet die Leistungsf\u00e4higkeit und Zuverl\u00e4ssigkeit, die man von Yamahas digitalen Live- und Produktionskonsolen erwartet, und das in einem bemerkenswert kompakten Design &#8211; so ist es die perfekte Wahl f\u00fcr Anwendungen, wo Platz knapp oder flexible Mobililt\u00e4t gefragt ist. Trotz seiner geringen Au\u00dfenma\u00dfe kann es bis zu 40 Kan\u00e4le handhaben. Yamaha [&hellip;]<\/p>","protected":false},"author":1,"featured_media":45482,"parent":1289,"menu_order":141,"comment_status":"closed","ping_status":"open","template":"","meta":{"_acf_changed":false,"footnotes":""},"class_list":["post-2271","page","type-page","status-publish","has-post-thumbnail","hentry"],"acf":[],"_links":{"self":[{"href":"https:\/\/konferenztechnik.de\/uk\/wp-json\/wp\/v2\/pages\/2271","targetHints":{"allow":["GET"]}}],"collection":[{"href":"https:\/\/konferenztechnik.de\/uk\/wp-json\/wp\/v2\/pages"}],"about":[{"href":"https:\/\/konferenztechnik.de\/uk\/wp-json\/wp\/v2\/types\/page"}],"author":[{"embeddable":true,"href":"https:\/\/konferenztechnik.de\/uk\/wp-json\/wp\/v2\/users\/1"}],"replies":[{"embeddable":true,"href":"https:\/\/konferenztechnik.de\/uk\/wp-json\/wp\/v2\/comments?post=2271"}],"version-history":[{"count":0,"href":"https:\/\/konferenztechnik.de\/uk\/wp-json\/wp\/v2\/pages\/2271\/revisions"}],"up":[{"embeddable":true,"href":"https:\/\/konferenztechnik.de\/uk\/wp-json\/wp\/v2\/pages\/1289"}],"wp:featuredmedia":[{"embeddable":true,"href":"https:\/\/konferenztechnik.de\/uk\/wp-json\/wp\/v2\/media\/45482"}],"wp:attachment":[{"href":"https:\/\/konferenztechnik.de\/uk\/wp-json\/wp\/v2\/media?parent=2271"}],"curies":[{"name":"wp","href":"https:\/\/api.w.org\/{rel}","templated":true}]}}