{"id":2278,"date":"2013-09-20T14:10:18","date_gmt":"2013-09-20T12:10:18","guid":{"rendered":"https:\/\/konferenztechnik.de\/?page_id=2278"},"modified":"2023-07-05T14:29:38","modified_gmt":"2023-07-05T12:29:38","slug":"%d0%b4%d0%b8%d0%bd%d0%b0%d0%bc%d1%96%d0%ba%d0%b0-%d1%82%d0%b0-%d0%b5%d1%84%d0%b5%d0%ba%d1%82%d0%b8","status":"publish","type":"page","link":"https:\/\/konferenztechnik.de\/uk\/%d0%b4%d0%b8%d1%81%d1%82%d1%80%d0%b8%d0%b1%d1%83%d1%86%d1%96%d1%8f-%d0%ba%d0%be%d0%bd%d1%84%d0%b5%d1%80%d0%b5%d0%bd%d1%86-%d1%82%d0%b0-%d0%b0%d1%83%d0%b4%d1%96%d0%be-%d0%bc%d0%b5%d0%b4%d1%96%d0%b0\/%d0%b0%d1%83%d0%b4%d1%96%d0%be%d1%82%d0%b5%d1%85%d0%bd%d1%96%d0%ba%d0%b0-%d0%bc%d1%96%d0%ba%d1%80%d0%be%d1%84%d0%be%d0%bd%d0%b8-%d0%b7%d0%b2%d1%83%d0%ba%d0%be%d0%bf%d1%96%d0%b4%d1%81%d0%b8%d0%bb\/%d0%b4%d0%b8%d0%bd%d0%b0%d0%bc%d1%96%d0%ba%d0%b0-%d1%82%d0%b0-%d0%b5%d1%84%d0%b5%d0%ba%d1%82%d0%b8\/","title":{"rendered":"\u0414\u0438\u043d\u0430\u043c\u0456\u043a\u0430 \u0442\u0430 \u0435\u0444\u0435\u043a\u0442\u0438"},"content":{"rendered":"<h1>\u0414\u0438\u043d\u0430\u043c\u0456\u043a\u0430 \u0442\u0430 \u0435\u0444\u0435\u043a\u0442\u0438<\/h1>\n<h2>Nexia<\/h2>\n<p><a href=\"https:\/\/konferenztechnik.de\/wp-content\/uploads\/2013\/09\/Biamp_Nexia_CS_gross.jpg\"><img fetchpriority=\"high\" decoding=\"async\" width=\"603\" height=\"217\" class=\"alignleft size-full wp-image-2408\" src=\"https:\/\/konferenztechnik.de\/wp-content\/uploads\/2013\/09\/Biamp_Nexia_CS_gross.jpg\" alt=\"Nexia\" title=\"\" srcset=\"https:\/\/konferenztechnik.de\/wp-content\/uploads\/2013\/09\/Biamp_Nexia_CS_gross.jpg 603w, https:\/\/konferenztechnik.de\/wp-content\/uploads\/2013\/09\/Biamp_Nexia_CS_gross-300x108.jpg 300w\" sizes=\"(max-width: 603px) 100vw, 603px\" \/><\/a><\/p>\n<p>Nexia - \u0446\u0435 \u0435\u043a\u043e\u043d\u043e\u043c\u0456\u0447\u043d\u0430 \u0446\u0438\u0444\u0440\u043e\u0432\u0430 \u0430\u0443\u0434\u0456\u043e\u0441\u0438\u0441\u0442\u0435\u043c\u0430, \u044f\u043a\u0443 \u043c\u043e\u0436\u043d\u0430 \u0432\u0456\u043b\u044c\u043d\u043e \u043f\u0440\u043e\u0433\u0440\u0430\u043c\u0443\u0432\u0430\u0442\u0438 \u0437\u0430 \u0434\u043e\u043f\u043e\u043c\u043e\u0433\u043e\u044e \u0433\u0440\u0430\u0444\u0456\u0447\u043d\u043e\u0433\u043e \u0456\u043d\u0442\u0435\u0440\u0444\u0435\u0439\u0441\u0443 \u043a\u043e\u0440\u0438\u0441\u0442\u0443\u0432\u0430\u0447\u0430. \u0421\u0435\u0440\u0456\u044f Nexia \u0434\u043e\u0441\u0442\u0443\u043f\u043d\u0430 \u0432 \u0440\u0456\u0437\u043d\u0438\u0445 \u043a\u043e\u043d\u0444\u0456\u0433\u0443\u0440\u0430\u0446\u0456\u044f\u0445 \u0432\u0432\u043e\u0434\u0443\/\u0432\u0438\u0432\u043e\u0434\u0443, \u0449\u043e \u0434\u043e\u0437\u0432\u043e\u043b\u044f\u0454 \u043b\u0435\u0433\u043a\u043e \u0437\u043d\u0430\u0439\u0442\u0438 \u043f\u043e\u0442\u0440\u0456\u0431\u043d\u0438\u0439 \u043f\u0440\u0438\u0441\u0442\u0440\u0456\u0439 \u0434\u043b\u044f \u0431\u0443\u0434\u044c-\u044f\u043a\u043e\u0433\u043e \u0437\u0430\u0441\u0442\u043e\u0441\u0443\u0432\u0430\u043d\u043d\u044f. \u0414\u043e \u0447\u043e\u0442\u0438\u0440\u044c\u043e\u0445 \u0441\u0438\u0441\u0442\u0435\u043c Nexia \u043c\u043e\u0436\u043d\u0430 \u043e\u0431'\u0454\u0434\u043d\u0430\u0442\u0438 \u0432 \u0430\u0443\u0434\u0456\u043e\u0441\u0438\u0441\u0442\u0435\u043c\u0443 \u0437\u0430 \u0434\u043e\u043f\u043e\u043c\u043e\u0433\u043e\u044e \u0432\u043d\u0443\u0442\u0440\u0456\u0448\u043d\u044c\u043e\u0457 \u0448\u0438\u043d\u0438 NexLink. \u0422\u0430\u043a\u0438\u043c \u0447\u0438\u043d\u043e\u043c, Nexia \u043c\u043e\u0436\u0435 \u0432\u0438\u043a\u043e\u0440\u0438\u0441\u0442\u043e\u0432\u0443\u0432\u0430\u0442\u0438\u0441\u044f \u0432 \u043a\u043e\u043d\u0444\u0435\u0440\u0435\u043d\u0446-\u0446\u0435\u043d\u0442\u0440\u0430\u0445, \u0431\u0430\u0433\u0430\u0442\u043e\u0446\u0456\u043b\u044c\u043e\u0432\u0438\u0445 \u0437\u0430\u043b\u0430\u0445, \u043d\u0430\u0432\u0447\u0430\u043b\u044c\u043d\u0438\u0445 \u0430\u0443\u0434\u0438\u0442\u043e\u0440\u0456\u044f\u0445, \u0440\u0435\u0441\u0442\u043e\u0440\u0430\u043d\u0430\u0445 \u0430\u0431\u043e \u0441\u043a\u0440\u0456\u0437\u044c, \u0434\u0435 \u043f\u043e\u0442\u0440\u0456\u0431\u043d\u0430 \u0432\u0456\u043b\u044c\u043d\u043e \u043f\u0440\u043e\u0433\u0440\u0430\u043c\u043e\u0432\u0430\u043d\u0430 \u0430\u0443\u0434\u0456\u043e\u0441\u0438\u0441\u0442\u0435\u043c\u0430.<\/p>\n<h2>Nexia<\/h2>\n<p>\u0414\u043e\u0441\u0442\u0443\u043f\u043d\u0456 \u043d\u0430\u0441\u0442\u0443\u043f\u043d\u0456 \u0442\u0438\u043f\u0438 Nexia:<\/p>\n<ul>\n<li>Nexia CS: \u0434\u043b\u044f \u0456\u043d\u0442\u0435\u043d\u0441\u0438\u0432\u043d\u043e\u0433\u043e \u0432\u0438\u043a\u043e\u0440\u0438\u0441\u0442\u0430\u043d\u043d\u044f \u043c\u0456\u043a\u0440\u043e\u0444\u043e\u043d\u0456\u0432, \u043d\u0430\u043f\u0440\u0438\u043a\u043b\u0430\u0434, \u0443 \u043a\u043e\u043d\u0444\u0435\u0440\u0435\u043d\u0446-\u0437\u0430\u043b\u0430\u0445<\/li>\n<li>Nexia PM: \u041e\u0441\u043e\u0431\u043b\u0438\u0432\u043e \u043f\u0456\u0434\u0445\u043e\u0434\u0438\u0442\u044c \u0434\u043b\u044f AV-\u0434\u043e\u0434\u0430\u0442\u043a\u0456\u0432, \u0434\u0435 \u0432\u0438\u043a\u043e\u0440\u0438\u0441\u0442\u043e\u0432\u0443\u044e\u0442\u044c\u0441\u044f \u044f\u043a \u043c\u0456\u043a\u0440\u043e\u0444\u043e\u043d\u0438, \u0442\u0430\u043a \u0456 \u043f\u0440\u0438\u0441\u0442\u0440\u043e\u0457 \u0432\u0456\u0434\u0442\u0432\u043e\u0440\u0435\u043d\u043d\u044f<\/li>\n<li>Nexia SP: \u0406\u0434\u0435\u0430\u043b\u044c\u043d\u043e \u043f\u0456\u0434\u0445\u043e\u0434\u0438\u0442\u044c \u0434\u043b\u044f \u0437\u0430\u0441\u0442\u043e\u0441\u0443\u0432\u0430\u043d\u044c, \u0434\u0435 \u043b\u0456\u043d\u0456\u0439\u043d\u0456 \u0441\u0438\u0433\u043d\u0430\u043b\u0438 \u043f\u043e\u0442\u0440\u0456\u0431\u043d\u043e \u0440\u043e\u0437\u043f\u043e\u0434\u0456\u043b\u044f\u0442\u0438 \u043d\u0430 \u0432\u0435\u043b\u0438\u043a\u0443 \u043a\u0456\u043b\u044c\u043a\u0456\u0441\u0442\u044c \u0432\u0438\u0445\u043e\u0434\u0456\u0432<\/li>\n<li>Nexia TC: \u0406\u0434\u0435\u0430\u043b\u044c\u043d\u043e \u043f\u0456\u0434\u0445\u043e\u0434\u0438\u0442\u044c \u0434\u043b\u044f \u0448\u0438\u0440\u043e\u043a\u043e\u0433\u043e \u0441\u043f\u0435\u043a\u0442\u0440\u0443 \u0434\u043e\u0434\u0430\u0442\u043a\u0456\u0432 \u0434\u043b\u044f \u043a\u043e\u043d\u0444\u0435\u0440\u0435\u043d\u0446-\u0437\u0432'\u044f\u0437\u043a\u0443<\/li>\n<li>Nexia VC: \u0406\u0434\u0435\u0430\u043b\u044c\u043d\u043e \u043f\u0456\u0434\u0445\u043e\u0434\u0438\u0442\u044c \u0434\u043b\u044f \u0448\u0438\u0440\u043e\u043a\u043e\u0433\u043e \u0441\u043f\u0435\u043a\u0442\u0440\u0443 \u0434\u043e\u0434\u0430\u0442\u043a\u0456\u0432 \u0434\u043b\u044f \u0432\u0456\u0434\u0435\u043e\u043a\u043e\u043d\u0444\u0435\u0440\u0435\u043d\u0446\u0456\u0439<\/li>\n<\/ul>\n<h2>Sabine FBX-2400<\/h2>\n<p><a href=\"https:\/\/konferenztechnik.de\/wp-content\/uploads\/2013\/09\/Sabine_FBX1200-2400_gross.jpg\"><img decoding=\"async\" width=\"800\" height=\"75\" class=\"alignleft size-full wp-image-2407\" src=\"https:\/\/konferenztechnik.de\/wp-content\/uploads\/2013\/09\/Sabine_FBX1200-2400_gross.jpg\" alt=\"Sabine FBX-2400\" title=\"\" srcset=\"https:\/\/konferenztechnik.de\/wp-content\/uploads\/2013\/09\/Sabine_FBX1200-2400_gross.jpg 800w, https:\/\/konferenztechnik.de\/wp-content\/uploads\/2013\/09\/Sabine_FBX1200-2400_gross-300x28.jpg 300w, https:\/\/konferenztechnik.de\/wp-content\/uploads\/2013\/09\/Sabine_FBX1200-2400_gross-768x72.jpg 768w\" sizes=\"(max-width: 800px) 100vw, 800px\" \/><\/a><\/p>\n<p>\u0417\u0430 \u0434\u043e\u043f\u043e\u043c\u043e\u0433\u043e\u044e <em>\u0417\u043d\u0438\u0449\u0443\u0432\u0430\u0447 \u0437\u0432\u043e\u0440\u043e\u0442\u043d\u043e\u0433\u043e \u0437\u0432'\u044f\u0437\u043a\u0443 Sabine<\/em> \u0437\u0432\u043e\u0440\u043e\u0442\u043d\u0438\u0439 \u0437\u0432'\u044f\u0437\u043e\u043a \u043c\u043e\u0436\u043d\u0430 \u0430\u0432\u0442\u043e\u043c\u0430\u0442\u0438\u0447\u043d\u043e \u0456 \u043d\u0430\u0434\u0456\u0439\u043d\u043e \u043f\u0440\u0438\u0434\u0443\u0448\u0438\u0442\u0438. \u0422\u0435\u0445\u043d\u043e\u043b\u043e\u0433\u0456\u044f, \u0449\u043e \u043b\u0435\u0436\u0438\u0442\u044c \u0432 \u0439\u043e\u0433\u043e \u043e\u0441\u043d\u043e\u0432\u0456, \u0454 \u0432\u0436\u0435 \u043f'\u044f\u0442\u0438\u043c \u043f\u043e\u043a\u043e\u043b\u0456\u043d\u043d\u044f\u043c \u0456 \u043f\u0440\u0430\u0446\u044e\u0454 \u0437 \u043d\u043e\u0432\u0438\u043c\u0438 <em>\u0422\u0435\u0445\u043d\u043e\u043b\u043e\u0433\u0456\u044f SMARTFilter<\/em>.<\/p>\n<h2>Sabine FBX-2400<\/h2>\n<ul>\n<li>\u0414\u043e 12 \u0430\u0432\u0442\u043e\u043c\u0430\u0442\u0438\u0447\u043d\u0438\u0445 \u0444\u0456\u043b\u044c\u0442\u0440\u0456\u0432 \u0437\u0432\u043e\u0440\u043e\u0442\u043d\u043e\u0433\u043e \u0437\u0432'\u044f\u0437\u043a\u0443 \u043d\u0430 \u043a\u0430\u043d\u0430\u043b<\/li>\n<li>2 \u043a\u0430\u043d\u0430\u043b\u0438<\/li>\n<li>\u0410\u0443\u0434\u0456\u043e \u0432\u0445\u043e\u0434\u0438\/\u0432\u0438\u0445\u043e\u0434\u0438 \u0447\u0435\u0440\u0435\u0437 XLR<\/li>\n<li>\u041f\u0435\u0440\u0435\u043c\u0438\u043a\u0430\u043d\u043d\u044f \u043d\u0430 1\/10 \u0456 1\/5 \u043e\u043a\u0442\u0430\u0432\u0438 \u0432 \u0437\u0430\u043b\u0435\u0436\u043d\u043e\u0441\u0442\u0456 \u0432\u0456\u0434 \u0437\u0430\u0441\u0442\u043e\u0441\u0443\u0432\u0430\u043d\u043d\u044f<\/li>\n<li>\u0424\u0456\u043a\u0441\u043e\u0432\u0430\u043d\u0456 \u0442\u0430 \u0434\u0438\u043d\u0430\u043c\u0456\u0447\u043d\u0456 \u0444\u0456\u043b\u044c\u0442\u0440\u0438<\/li>\n<li>\u0422\u0435\u0445\u043d\u043e\u043b\u043e\u0433\u0456\u044f \u0444\u0456\u043b\u044c\u0442\u0440\u0430\u0446\u0456\u0457 SMART<\/li>\n<\/ul>","protected":false},"excerpt":{"rendered":"<p>Dynamics und Effekte Nexia Nexia ist ein kosteneffektives digitales Audiosystem, das \u00fcber eine grafische Oberfl\u00e4che frei programmiert werden kann. Die Nexia-Serie ist in verschiedenen I\/O-Konfigurationen erh\u00e4ltlich, so l\u00e4sst sich f\u00fcr jede Anwendung schnell das passende Ger\u00e4t finden. Bis zu vier Nexia Systeme k\u00f6nnen \u00fcber den internen NexLink Bus miteinander audioseitig gekoppelt werden. Nexia kommt so [&hellip;]<\/p>","protected":false},"author":1,"featured_media":45482,"parent":1289,"menu_order":139,"comment_status":"closed","ping_status":"open","template":"","meta":{"_acf_changed":false,"footnotes":""},"class_list":["post-2278","page","type-page","status-publish","has-post-thumbnail","hentry"],"acf":[],"_links":{"self":[{"href":"https:\/\/konferenztechnik.de\/uk\/wp-json\/wp\/v2\/pages\/2278","targetHints":{"allow":["GET"]}}],"collection":[{"href":"https:\/\/konferenztechnik.de\/uk\/wp-json\/wp\/v2\/pages"}],"about":[{"href":"https:\/\/konferenztechnik.de\/uk\/wp-json\/wp\/v2\/types\/page"}],"author":[{"embeddable":true,"href":"https:\/\/konferenztechnik.de\/uk\/wp-json\/wp\/v2\/users\/1"}],"replies":[{"embeddable":true,"href":"https:\/\/konferenztechnik.de\/uk\/wp-json\/wp\/v2\/comments?post=2278"}],"version-history":[{"count":0,"href":"https:\/\/konferenztechnik.de\/uk\/wp-json\/wp\/v2\/pages\/2278\/revisions"}],"up":[{"embeddable":true,"href":"https:\/\/konferenztechnik.de\/uk\/wp-json\/wp\/v2\/pages\/1289"}],"wp:featuredmedia":[{"embeddable":true,"href":"https:\/\/konferenztechnik.de\/uk\/wp-json\/wp\/v2\/media\/45482"}],"wp:attachment":[{"href":"https:\/\/konferenztechnik.de\/uk\/wp-json\/wp\/v2\/media?parent=2278"}],"curies":[{"name":"wp","href":"https:\/\/api.w.org\/{rel}","templated":true}]}}