{"id":2516,"date":"2013-09-23T13:27:25","date_gmt":"2013-09-23T11:27:25","guid":{"rendered":"https:\/\/konferenztechnik.de\/?page_id=2516"},"modified":"2023-07-05T15:05:51","modified_gmt":"2023-07-05T13:05:51","slug":"%d0%bb%d1%96%d1%81%d0%be%d0%b7%d0%b0%d0%b3%d0%be%d1%82%d1%96%d0%b2%d0%bb%d1%8f","status":"publish","type":"page","link":"https:\/\/konferenztechnik.de\/uk\/%d0%b4%d0%b8%d1%81%d1%82%d1%80%d0%b8%d0%b1%d1%83%d1%86%d1%96%d1%8f-%d0%ba%d0%be%d0%bd%d1%84%d0%b5%d1%80%d0%b5%d0%bd%d1%86-%d1%82%d0%b0-%d0%b0%d1%83%d0%b4%d1%96%d0%be-%d0%bc%d0%b5%d0%b4%d1%96%d0%b0\/%d0%bb%d1%96%d1%81%d0%be%d0%b7%d0%b0%d0%b3%d0%be%d1%82%d1%96%d0%b2%d0%bb%d1%8f\/","title":{"rendered":"\u041b\u0456\u0441\u043e\u0437\u0430\u0433\u043e\u0442\u0456\u0432\u043b\u044f"},"content":{"rendered":"<h1>\u041b\u0456\u0441\u043e\u0437\u0430\u0433\u043e\u0442\u0456\u0432\u043b\u044f<\/h1>\n<p>\u041d\u0430 \u0440\u0438\u043d\u043a\u0443 \u0456\u0441\u043d\u0443\u044e\u0442\u044c \u0440\u0456\u0437\u043d\u0456 \u043f\u0440\u0438\u0441\u0442\u0440\u043e\u0457 \u0434\u043b\u044f \u0437\u0432\u0438\u0447\u0430\u0439\u043d\u043e\u0433\u043e \u0430\u0443\u0434\u0456\u043e\u0437\u0430\u043f\u0438\u0441\u0443 \u043a\u043e\u043d\u0444\u0435\u0440\u0435\u043d\u0446\u0456\u0439. \u0423 \u0442\u043e\u0439 \u0447\u0430\u0441 \u044f\u043a \u0437\u0430\u0441\u0442\u0430\u0440\u0456\u043b\u0456 \u043f\u0440\u0438\u0441\u0442\u0440\u043e\u0457, \u0442\u0430\u043a\u0456 \u044f\u043a \u043c\u0430\u0433\u043d\u0456\u0442\u043e\u0444\u043e\u043d\u0438 \u0442\u0430 \u0434\u0438\u043a\u0442\u043e\u0444\u043e\u043d\u0438, \u0432\u0438\u0439\u0448\u043b\u0438 \u0437 \u043c\u043e\u0434\u0438, \u0434\u043e \u0434\u043e\u0431\u0440\u0435 \u0432\u0456\u0434\u043e\u043c\u0438\u0445 \u043a\u0430\u0441\u0435\u0442\u043d\u0438\u0445 \u043c\u0430\u0433\u043d\u0456\u0442\u043e\u0444\u043e\u043d\u0456\u0432 \u0442\u0430 DAT-\u0440\u0435\u043a\u043e\u0440\u0434\u0435\u0440\u0456\u0432 \u043f\u0440\u0438\u0454\u0434\u043d\u0430\u043b\u0438\u0441\u044f MD-\u0440\u0435\u043a\u043e\u0440\u0434\u0435\u0440\u0438 \u0442\u0430 CD-\u0440\u0435\u043a\u043e\u0440\u0434\u0435\u0440\u0438. \u0417\u0430\u043f\u0438\u0441 \u043d\u0430 \u0436\u043e\u0440\u0441\u0442\u043a\u0456 \u0434\u0438\u0441\u043a\u0438 \u0442\u0430\u043a\u043e\u0436 \u0441\u0442\u0430\u0454 \u0434\u0435\u0434\u0430\u043b\u0456 \u0434\u043e\u0441\u0442\u0443\u043f\u043d\u0456\u0448\u0438\u043c. \u041e\u0434\u043d\u0430\u043a, \u043e\u043a\u0440\u0456\u043c \u0446\u044c\u043e\u0433\u043e \u043e\u0431\u043b\u0430\u0434\u043d\u0430\u043d\u043d\u044f, \u0442\u0435\u043d\u0434\u0435\u043d\u0446\u0456\u044f \u043f\u043e\u0441\u0442\u0443\u043f\u043e\u0432\u043e \u0440\u0443\u0445\u0430\u0454\u0442\u044c\u0441\u044f \u0432 \u0431\u0456\u043a \u043f\u0440\u043e\u0433\u0440\u0430\u043c\u043d\u043e\u0433\u043e \u0437\u0430\u043f\u0438\u0441\u0443. \u0422\u0443\u0442 \u0432\u0430\u043c \u043f\u043e\u0442\u0440\u0456\u0431\u0435\u043d \u041f\u041a \u0430\u0431\u043e \u043d\u043e\u0443\u0442\u0431\u0443\u043a, \u043c\u0456\u043a\u0440\u043e\u0444\u043e\u043d \u0430\u0431\u043e USB-\u043c\u0456\u043a\u0440\u043e\u0444\u043e\u043d \u0456 \u0432\u0456\u0434\u043f\u043e\u0432\u0456\u0434\u043d\u0435 \u043f\u0440\u043e\u0433\u0440\u0430\u043c\u043d\u0435 \u0437\u0430\u0431\u0435\u0437\u043f\u0435\u0447\u0435\u043d\u043d\u044f \u2013, \u0456 \u0432\u0438 \u043c\u043e\u0436\u0435\u0442\u0435 \u043f\u043e\u0447\u0438\u043d\u0430\u0442\u0438 \u0437\u0430\u043f\u0438\u0441.<\/p>\n<h2>MP3-\u043c\u0430\u0433\u043d\u0456\u0442\u043e\u0444\u043e\u043d Marantz<\/h2>\n<p><a href=\"https:\/\/konferenztechnik.de\/wp-content\/uploads\/2013\/09\/marrantz_mp3-recorder_gross.jpg\"><img decoding=\"async\" width=\"400\" height=\"105\" class=\"alignleft size-full wp-image-2912\" src=\"https:\/\/konferenztechnik.de\/wp-content\/uploads\/2013\/09\/marrantz_mp3-recorder_gross.jpg\" alt=\"MP3-\u043c\u0430\u0433\u043d\u0456\u0442\u043e\u0444\u043e\u043d Marantz\" title=\"\" srcset=\"https:\/\/konferenztechnik.de\/wp-content\/uploads\/2013\/09\/marrantz_mp3-recorder_gross.jpg 400w, https:\/\/konferenztechnik.de\/wp-content\/uploads\/2013\/09\/marrantz_mp3-recorder_gross-300x79.jpg 300w\" sizes=\"(max-width: 400px) 100vw, 400px\" \/><\/a><\/p>\n<p>MP3-\u0440\u0435\u043a\u043e\u0440\u0434\u0435\u0440 - \u0446\u0435, \u043c\u0430\u0431\u0443\u0442\u044c, \u043e\u0434\u0438\u043d \u0437 \u043d\u0430\u0439\u043f\u043e\u043f\u0443\u043b\u044f\u0440\u043d\u0456\u0448\u0438\u0445 \u043f\u0440\u0438\u0441\u0442\u0440\u043e\u0457\u0432 \u0434\u043b\u044f \u0437\u0430\u043f\u0438\u0441\u0443 \u0432 \u043d\u0430\u0448 \u0447\u0430\u0441. \u0417\u0432\u0443\u043a \u0437\u0430\u043f\u0438\u0441\u0443\u0454\u0442\u044c\u0441\u044f \u043d\u0430 \u0441\u0442\u0430\u043d\u0434\u0430\u0440\u0442\u043d\u0438\u0439 \u043d\u043e\u0441\u0456\u0439 \u0456\u043d\u0444\u043e\u0440\u043c\u0430\u0446\u0456\u0457, \u043d\u0430\u043f\u0440\u0438\u043a\u043b\u0430\u0434, \u043d\u0430 \u043a\u0430\u0440\u0442\u0443 \u043f\u0430\u043c'\u044f\u0442\u0456 CompactFlash. \u0411\u0456\u043b\u044c\u0448 \u043f\u0440\u043e\u0444\u0435\u0441\u0456\u0439\u043d\u0456 \u043f\u0440\u0438\u0441\u0442\u0440\u043e\u0457 \u043c\u043e\u0436\u0443\u0442\u044c \u0443\u043f\u0440\u0430\u0432\u043b\u044f\u0442\u0438\u0441\u044f \u0456 \u0437\u0447\u0438\u0442\u0443\u0432\u0430\u0442\u0438\u0441\u044f \u0447\u0435\u0440\u0435\u0437 \u041f\u041a \u0437\u0430 \u0434\u043e\u043f\u043e\u043c\u043e\u0433\u043e\u044e \u043f\u043e\u0441\u043b\u0456\u0434\u043e\u0432\u043d\u043e\u0433\u043e \u0456\u043d\u0442\u0435\u0440\u0444\u0435\u0439\u0441\u0443 (RS-232C) \u0430\u0431\u043e \u0456\u043d\u0442\u0435\u0440\u0444\u0435\u0439\u0441\u0443 Ethernet (LAN\/RJ-45), \u0430 \u0434\u043b\u044f \u043f\u0435\u0440\u0435\u0434\u0430\u0447\u0456 \u0434\u0430\u043d\u0438\u0445 \u0442\u0435\u043f\u0435\u0440 \u0447\u0430\u0441\u0442\u043e \u0442\u0430\u043a\u043e\u0436 \u0434\u043e\u0441\u0442\u0443\u043f\u043d\u0435 USB-\u0437'\u0454\u0434\u043d\u0430\u043d\u043d\u044f.<\/p>\n<h2>DAT-\u0440\u0435\u0454\u0441\u0442\u0440\u0430\u0442\u043e\u0440<\/h2>\n<p><a href=\"https:\/\/konferenztechnik.de\/wp-content\/uploads\/2013\/09\/Sony_DAT-Recorder_gross.jpg\"><img fetchpriority=\"high\" decoding=\"async\" width=\"490\" height=\"151\" class=\"alignleft size-full wp-image-2911\" src=\"https:\/\/konferenztechnik.de\/wp-content\/uploads\/2013\/09\/Sony_DAT-Recorder_gross.jpg\" alt=\"DAT-\u0440\u0435\u0454\u0441\u0442\u0440\u0430\u0442\u043e\u0440\" title=\"\" srcset=\"https:\/\/konferenztechnik.de\/wp-content\/uploads\/2013\/09\/Sony_DAT-Recorder_gross.jpg 490w, https:\/\/konferenztechnik.de\/wp-content\/uploads\/2013\/09\/Sony_DAT-Recorder_gross-300x92.jpg 300w\" sizes=\"(max-width: 490px) 100vw, 490px\" \/><\/a><\/p>\n<p>\u0423 \u0442\u043e\u0439 \u0447\u0430\u0441 \u044f\u043a \u0444\u043e\u0440\u043c\u0430\u0442 DAT \u043d\u0430\u043c\u0430\u0433\u0430\u0432\u0441\u044f \u0443\u0442\u0432\u0435\u0440\u0434\u0438\u0442\u0438\u0441\u044f \u0432 \u0441\u043f\u043e\u0436\u0438\u0432\u0447\u043e\u043c\u0443 \u0441\u0435\u043a\u0442\u043e\u0440\u0456 \u0432 1990-\u0445 \u0440\u043e\u043a\u0430\u0445, \u0446\u044f \u0442\u0435\u0445\u043d\u043e\u043b\u043e\u0433\u0456\u044f \u0434\u043e\u0441\u0456 \u0437\u0430\u043b\u0438\u0448\u0430\u0454\u0442\u044c\u0441\u044f \u043a\u043b\u0430\u0441\u0438\u0447\u043d\u0438\u043c \u043d\u043e\u0441\u0456\u0454\u043c \u0456\u043d\u0444\u043e\u0440\u043c\u0430\u0446\u0456\u0457 \u0432 \u0441\u0442\u0443\u0434\u0456\u044f\u0445 \u0456 \u043f\u0440\u043e\u0444\u0435\u0441\u0456\u0439\u043d\u043e\u043c\u0443 \u0441\u0435\u043a\u0442\u043e\u0440\u0456, \u043e\u0441\u043a\u0456\u043b\u044c\u043a\u0438 \u043f\u0440\u043e\u043f\u043e\u043d\u0443\u0454 \u043f\u0435\u0440\u0435\u0432\u0430\u0433\u0438 \u0442\u0440\u0438\u0432\u0430\u043b\u043e\u0433\u043e \u0447\u0430\u0441\u0443 \u0432\u0456\u0434\u0442\u0432\u043e\u0440\u0435\u043d\u043d\u044f (\u0434\u043e \u0442\u0440\u044c\u043e\u0445 \u0433\u043e\u0434\u0438\u043d), \u0430 \u0442\u0430\u043a\u043e\u0436 \u0437\u0430\u043f\u0438\u0441 \u0431\u0435\u0437 \u0432\u0442\u0440\u0430\u0442, \u0431\u0435\u0437 \u0441\u0442\u0438\u0441\u043d\u0435\u043d\u043d\u044f \u0456 \u0437 \u0432\u0438\u0441\u043e\u043a\u043e\u044e \u044f\u043a\u0456\u0441\u0442\u044e.<\/p>\n<h1>\u041f\u0440\u043e\u0433\u0440\u0430\u043c\u043d\u0435 \u0437\u0430\u0431\u0435\u0437\u043f\u0435\u0447\u0435\u043d\u043d\u044f \u0434\u043b\u044f \u043f\u0440\u043e\u0442\u043e\u043a\u043e\u043b\u0443 \u0442\u0430 \u0437\u0430\u043f\u0438\u0441\u0443 \u0441\u0442\u0435\u043d\u043e\u0433\u0440\u0430\u043c \u2013<\/h1>\n<h2>steno-s 4<\/h2>\n<p><a href=\"https:\/\/konferenztechnik.de\/wp-content\/uploads\/2013\/09\/beyerdynamic_stenos-s4_court_klein.jpg\"><img decoding=\"async\" width=\"130\" height=\"130\" class=\"alignleft size-full wp-image-2917\" src=\"https:\/\/konferenztechnik.de\/wp-content\/uploads\/2013\/09\/beyerdynamic_stenos-s4_court_klein.jpg\" alt=\"\u041f\u0440\u043e\u0433\u0440\u0430\u043c\u043d\u0435 \u0437\u0430\u0431\u0435\u0437\u043f\u0435\u0447\u0435\u043d\u043d\u044f \u0434\u043b\u044f \u0437\u0430\u043f\u0438\u0441\u0443 Beyerdynamic stenos-s4\" title=\"\"><\/a><\/p>\n<p>\u041f\u0440\u043e\u0433\u0440\u0430\u043c\u043d\u0435 \u0437\u0430\u0431\u0435\u0437\u043f\u0435\u0447\u0435\u043d\u043d\u044f \u0434\u043b\u044f \u0437\u0430\u043f\u0438\u0441\u0443 steno-s - \u0446\u0435 \u043f\u043e\u0442\u0443\u0436\u043d\u0438\u0439 \u0456\u043d\u0441\u0442\u0440\u0443\u043c\u0435\u043d\u0442 \u0434\u043b\u044f \u0430\u0443\u0434\u0456\u043e\u0437\u0430\u043f\u0438\u0441\u0443 \u043d\u0430 \u043a\u043e\u043d\u0444\u0435\u0440\u0435\u043d\u0446\u0456\u044f\u0445, \u0437\u0443\u0441\u0442\u0440\u0456\u0447\u0430\u0445 \u0430\u0431\u043e \u0432 \u0437\u0430\u043b\u0456 \u0441\u0443\u0434\u0443. \u0417\u0430 \u0434\u043e\u043f\u043e\u043c\u043e\u0433\u043e\u044e steno-s \u043c\u043e\u0436\u043d\u0430 \u043e\u043f\u0442\u0438\u043c\u0430\u043b\u044c\u043d\u043e \u043a\u0435\u0440\u0443\u0432\u0430\u0442\u0438 \u0437\u0430\u043f\u0438\u0441\u0430\u043d\u0438\u043c \u043c\u0430\u0442\u0435\u0440\u0456\u0430\u043b\u043e\u043c \u0442\u0430 \u0430\u0440\u0445\u0456\u0432\u0443\u0432\u0430\u0442\u0438 \u0439\u043e\u0433\u043e, \u0432\u0438\u043a\u043e\u0440\u0438\u0441\u0442\u043e\u0432\u0443\u044e\u0447\u0438 \u0440\u0456\u0437\u043d\u0456 \u0444\u0443\u043d\u043a\u0446\u0456\u0457, \u0442\u0430\u043a\u0456 \u044f\u043a \u043c\u0430\u0440\u043a\u0435\u0440\u0438, \u0456\u043d\u0442\u0435\u0433\u0440\u0430\u0446\u0456\u044f \u043c\u0435\u0434\u0456\u0430-\u0444\u0430\u0439\u043b\u0456\u0432 (\u043d\u0430\u043f\u0440\u0438\u043a\u043b\u0430\u0434, Word, Excel, PowerPoint) \u0442\u0430 \u043a\u043e\u043c\u0435\u043d\u0442\u0430\u0440\u0456.<\/p>\n<p>\u0417\u0430 \u0434\u043e\u043f\u043e\u043c\u043e\u0433\u043e\u044e \u0441\u0442\u0435\u043d\u043e\u0433\u0440\u0430\u043c\u0438 \u0432\u0438 \u0442\u0430\u043a\u043e\u0436 \u043c\u043e\u0436\u0435\u0442\u0435 \u043b\u0435\u0433\u043a\u043e \u0456 \u0432\u0438\u0431\u0456\u0440\u043a\u043e\u0432\u043e \u043e\u0442\u0440\u0438\u043c\u0430\u0442\u0438 \u0434\u043e\u0441\u0442\u0443\u043f \u0434\u043e \u043e\u043a\u0440\u0435\u043c\u043e\u0433\u043e \u043a\u043e\u043d\u0442\u0435\u043d\u0442\u0443 \u043f\u0456\u0441\u043b\u044f \u0437\u0443\u0441\u0442\u0440\u0456\u0447\u0456. \u0420\u0456\u0448\u0435\u043d\u043d\u044f, \u043a\u043e\u043c\u0435\u043d\u0442\u0430\u0440\u0456 \u0430\u0431\u043e \u043f\u0438\u0442\u0430\u043d\u043d\u044f \u043f\u043e\u0437\u043d\u0430\u0447\u0430\u044e\u0442\u044c\u0441\u044f \u043c\u0430\u0440\u043a\u0435\u0440\u0430\u043c\u0438 \u0432 \u0437\u0430\u043f\u0438\u0441\u0456, \u0442\u043e\u043c\u0443 \u0457\u0445 \u043c\u043e\u0436\u043d\u0430 \u043b\u0435\u0433\u043a\u043e \u043f\u0440\u043e\u0441\u043b\u0443\u0445\u0430\u0442\u0438 \u0449\u0435 \u0440\u0430\u0437, \u0449\u043e\u0431 \u0441\u043a\u043b\u0430\u0441\u0442\u0438 \u043f\u0440\u043e\u0442\u043e\u043a\u043e\u043b. \u0414\u043b\u044f \u0431\u0435\u0437\u043f\u0430\u043f\u0435\u0440\u043e\u0432\u043e\u0433\u043e \u0430\u0440\u0445\u0456\u0432\u0443\u0432\u0430\u043d\u043d\u044f \u043f\u0440\u043e\u0441\u0442\u043e \u0437\u0430\u043f\u0438\u0448\u0456\u0442\u044c \u0437\u0430\u043f\u0438\u0441 \u043d\u0430 \u043a\u043e\u043c\u043f\u0430\u043a\u0442-\u0434\u0438\u0441\u043a \u0430\u0431\u043e \u0437\u0440\u043e\u0431\u0456\u0442\u044c \u0434\u0430\u043d\u0456 \u0434\u043e\u0441\u0442\u0443\u043f\u043d\u0438\u043c\u0438 \u0443 \u0432\u0430\u0448\u0456\u0439 \u043c\u0435\u0440\u0435\u0436\u0456.<\/p>\n<h2>steno-s 4<\/h2>\n<p>\u0414\u0435\u044f\u043a\u0456 \u043e\u0441\u043e\u0431\u043b\u0438\u0432\u043e\u0441\u0442\u0456 steno-s 4:<\/p>\n<ul>\n<li>\u0414\u043e\u0432\u0433\u043e\u0442\u0440\u0438\u0432\u0430\u043b\u0438\u0439 \u0437\u0430\u043f\u0438\u0441 \u043f\u0440\u043e\u0442\u044f\u0433\u043e\u043c \u0434\u0435\u043a\u0456\u043b\u044c\u043a\u043e\u0445 \u0433\u043e\u0434\u0438\u043d\/\u0434\u043d\u0456\u0432<\/li>\n<li>\u041e\u0434\u043d\u043e\u0447\u0430\u0441\u043d\u0438\u0439 \u0437\u0430\u043f\u0438\u0441 \u0434\u0435\u043a\u0456\u043b\u044c\u043a\u043e\u0445 \u043a\u0430\u043d\u0430\u043b\u0456\u0432<\/li>\n<li>\u0412\u0431\u0443\u0434\u043e\u0432\u0443\u0432\u0430\u043d\u043d\u044f \u0431\u0443\u0434\u044c-\u044f\u043a\u0438\u0445 \u0444\u0430\u0439\u043b\u0456\u0432 (\u043d\u0430\u043f\u0440\u0438\u043a\u043b\u0430\u0434, Excel \u0430\u0431\u043e PowerPoint)<\/li>\n<li>\u0406\u043d\u0442\u0435\u0433\u0440\u0430\u0446\u0456\u044f \u0434\u043e\u0434\u0430\u0442\u043a\u0456\u0432 \u0435\u043b\u0435\u043a\u0442\u0440\u043e\u043d\u043d\u043e\u0433\u043e \u0443\u0440\u044f\u0434\u0443 (\u043d\u0430\u043f\u0440\u0438\u043a\u043b\u0430\u0434, ALLRIS)<\/li>\n<li>\u0417\u043c\u0456\u043d\u0430 \u0448\u0432\u0438\u0434\u043a\u043e\u0441\u0442\u0456 \u0432\u0456\u0434\u0442\u0432\u043e\u0440\u0435\u043d\u043d\u044f \u0431\u0435\u0437 \u0437\u043c\u0456\u043d\u0438 \u0432\u0438\u0441\u043e\u0442\u0438 \u0442\u043e\u043d\u0443<\/li>\n<li>\u0412\u0456\u0434\u0442\u0432\u043e\u0440\u0435\u043d\u043d\u044f \u043d\u0430\u0440\u0430\u0434\u0438 \u043f\u0456\u0434 \u0447\u0430\u0441 \u0437\u0430\u043f\u0438\u0441\u0443<\/li>\n<li>\u0417\u0440\u0443\u0447\u043d\u0435 \u043a\u0435\u0440\u0443\u0432\u0430\u043d\u043d\u044f \u0432\u0456\u0434\u0442\u0432\u043e\u0440\u0435\u043d\u043d\u044f\u043c \u0437\u0430 \u0434\u043e\u043f\u043e\u043c\u043e\u0433\u043e\u044e \u0434\u043e\u0434\u0430\u0442\u043a\u043e\u0432\u043e\u0433\u043e USB-\u043d\u043e\u0436\u043d\u043e\u0433\u043e \u043f\u0435\u0440\u0435\u043c\u0438\u043a\u0430\u0447\u0430<\/li>\n<li>\u0420\u0435\u0436\u0438\u043c \u0431\u0435\u0437\u043a\u043e\u0448\u0442\u043e\u0432\u043d\u043e\u0433\u043e \u0441\u0442\u0435\u043d\u043e\u0433\u0440\u0430\u0444\u0430 \u0434\u043b\u044f \u0432\u0456\u0434\u0442\u0432\u043e\u0440\u0435\u043d\u043d\u044f \u0437\u0430\u043f\u0438\u0441\u0430\u043d\u0438\u0445 \u0437\u0443\u0441\u0442\u0440\u0456\u0447\u0435\u0439<\/li>\n<\/ul>\n<p>\u0417\u0432\u0435\u0440\u043d\u0456\u0442\u044c \u0443\u0432\u0430\u0433\u0443: steno-s 4 \u0441\u0443\u043c\u0456\u0441\u043d\u0438\u0439 \u043b\u0438\u0448\u0435 \u0437 Windows 7 \u0456 \u0432\u0438\u0449\u0435. \u042f\u043a\u0449\u043e \u0432\u0430\u043c \u043f\u043e\u0442\u0440\u0456\u0431\u043d\u0430 steno-s \u0434\u043b\u044f \u0431\u0456\u043b\u044c\u0448 \u0440\u0430\u043d\u043d\u044c\u043e\u0457 \u0432\u0435\u0440\u0441\u0456\u0457 Windows, \u043f\u0440\u043e\u0441\u0442\u043e \u0437\u0432'\u044f\u0436\u0456\u0442\u044c\u0441\u044f \u0437 \u043d\u0430\u043c\u0438.<\/p>\n<p>\u0414\u043b\u044f \u0440\u043e\u0431\u043e\u0442\u0438 \u0437 \u043f\u0440\u043e\u0433\u0440\u0430\u043c\u043d\u0438\u043c \u0437\u0430\u0431\u0435\u0437\u043f\u0435\u0447\u0435\u043d\u043d\u044f\u043c \u0442\u0430\u043a\u043e\u0436 \u0434\u043e\u0441\u0442\u0443\u043f\u043d\u0456 \u0440\u0456\u0437\u043d\u0456 \u043e\u043f\u0435\u0440\u0430\u0446\u0456\u0439\u043d\u0456 \u043f\u0440\u0438\u0441\u0442\u0440\u043e\u0457, \u0442\u0430\u043a\u0456 \u044f\u043a \u043f\u0435\u0434\u0430\u043b\u0456, \u043d\u0430\u0432\u0443\u0448\u043d\u0438\u043a\u0438 \u0442\u0430 USB-\u043c\u0456\u043a\u0440\u043e\u0444\u043e\u043d\u0438:<\/p>\n<h2>\u041d\u0430\u0432\u0443\u0448\u043d\u0438\u043a\u0438 \u0437 \u043f\u0456\u0434\u0431\u043e\u0440\u0456\u0434\u0434\u044f\u043c Steno-S STA-22<\/h2>\n<p><a href=\"https:\/\/konferenztechnik.de\/wp-content\/uploads\/2013\/09\/Steno-S_Kinnbuegelkopfhoerer_STA-22_gross.jpg\"><img loading=\"lazy\" decoding=\"async\" width=\"353\" height=\"600\" class=\"alignleft size-full wp-image-2916\" src=\"https:\/\/konferenztechnik.de\/wp-content\/uploads\/2013\/09\/Steno-S_Kinnbuegelkopfhoerer_STA-22_gross.jpg\" alt=\"\u041d\u0430\u0432\u0443\u0448\u043d\u0438\u043a\u0438 \u0437 \u043f\u0456\u0434\u0431\u043e\u0440\u0456\u0434\u0434\u044f\u043c Steno-S STA-22 \" title=\"\" srcset=\"https:\/\/konferenztechnik.de\/wp-content\/uploads\/2013\/09\/Steno-S_Kinnbuegelkopfhoerer_STA-22_gross.jpg 353w, https:\/\/konferenztechnik.de\/wp-content\/uploads\/2013\/09\/Steno-S_Kinnbuegelkopfhoerer_STA-22_gross-177x300.jpg 177w\" sizes=\"(max-width: 353px) 100vw, 353px\" \/><\/a><\/p>\n<p>STA 22: \u041d\u0430\u0432\u0443\u0448\u043d\u0438\u043a \u043d\u0430 \u043f\u0456\u0434\u0431\u043e\u0440\u0456\u0434\u0434\u0456 \u0437 \u0440\u043e\u0437'\u0454\u043c\u043e\u043c 3,5 \u043c\u043c<\/p>\n<p>\u041e\u0441\u043e\u0431\u043b\u0438\u0432\u043e\u0441\u0442\u0456:<\/p>\n<ul>\n<li>\u041a\u0430\u0431\u0435\u043b\u044c 2,5 \u043c \u0437 \u0432\u0431\u0443\u0434\u043e\u0432\u0430\u043d\u0438\u043c \u0440\u0435\u0433\u0443\u043b\u044f\u0442\u043e\u0440\u043e\u043c \u0433\u0443\u0447\u043d\u043e\u0441\u0442\u0456<\/li>\n<li>\u0428\u0442\u0435\u043a\u0435\u0440 3,5 \u043c\u043c<\/li>\n<li>\u0421\u0442\u0435\u0440\u0435\u043e \u043f\u0456\u0434\u043a\u043b\u044e\u0447\u0435\u043d\u043d\u044f, 21 \u041e\u043c, 20-20 000 \u0413\u0446<\/li>\n<li>\u041c\u043e\u0436\u043b\u0438\u0432\u0435 \u043f\u0440\u044f\u043c\u0435 \u043f\u0456\u0434\u043a\u043b\u044e\u0447\u0435\u043d\u043d\u044f \u0434\u043e \u041f\u041a<\/li>\n<\/ul>\n<h2>\u041d\u043e\u0436\u043d\u0438\u0439 \u0432\u0438\u043c\u0438\u043a\u0430\u0447 Steno-S STA-44<\/h2>\n<p><a href=\"https:\/\/konferenztechnik.de\/wp-content\/uploads\/2013\/09\/Steno-S_Fussschalter_STA-44_klein.jpg\"><img loading=\"lazy\" decoding=\"async\" width=\"180\" height=\"115\" class=\"alignleft size-full wp-image-2919\" src=\"https:\/\/konferenztechnik.de\/wp-content\/uploads\/2013\/09\/Steno-S_Fussschalter_STA-44_klein.jpg\" alt=\"\u041d\u043e\u0436\u043d\u0438\u0439 \u0432\u0438\u043c\u0438\u043a\u0430\u0447 Steno-S STA-44\" title=\"\"><\/a><\/p>\n<p>\u0417\u0430 \u0434\u043e\u043f\u043e\u043c\u043e\u0433\u043e\u044e \u043d\u043e\u0436\u043d\u043e\u0433\u043e \u043f\u0435\u0440\u0435\u043c\u0438\u043a\u0430\u0447\u0430 STA-44 \u0432\u0438 \u043c\u043e\u0436\u0435\u0442\u0435 \u043a\u0435\u0440\u0443\u0432\u0430\u0442\u0438 \u0441\u0442\u0435\u043d\u043e\u0433\u0440\u0430\u0444\u0430\u043c\u0438 \u0456 \u0431\u0435\u0437\u043a\u043e\u0448\u0442\u043e\u0432\u043d\u0438\u043c \u043f\u0440\u043e\u0433\u0440\u0430\u0432\u0430\u0447\u0435\u043c Steno-S \u0431\u0435\u0437 \u0432\u0438\u043a\u043e\u0440\u0438\u0441\u0442\u0430\u043d\u043d\u044f \u043c\u0438\u0448\u0456 \u0430\u0431\u043e \u043a\u043b\u0430\u0432\u0456\u0430\u0442\u0443\u0440\u0438. \u041f\u0435\u0434\u0430\u043b\u044c \u043c\u043e\u0436\u043d\u0430 \u043f\u0456\u0434\u043a\u043b\u044e\u0447\u0438\u0442\u0438 \u0434\u043e \u043a\u043e\u043c\u043f'\u044e\u0442\u0435\u0440\u0430 \u0447\u0435\u0440\u0435\u0437 \u0456\u043d\u0442\u0435\u0440\u0444\u0435\u0439\u0441 RS232 \u0430\u0431\u043e USB. \u041a\u0435\u0440\u0443\u0432\u0430\u043d\u043d\u044f \u0437\u0434\u0456\u0439\u0441\u043d\u044e\u0454\u0442\u044c\u0441\u044f \u0437\u0430 \u0434\u043e\u043f\u043e\u043c\u043e\u0433\u043e\u044e 3 \u043a\u043d\u043e\u043f\u043e\u043a, \u044f\u043a\u0456 \u043c\u043e\u0436\u043d\u0430 \u043d\u0430\u043b\u0430\u0448\u0442\u0443\u0432\u0430\u0442\u0438 \u0432 \u043d\u0430\u043b\u0430\u0448\u0442\u0443\u0432\u0430\u043d\u043d\u044f\u0445 \u043f\u0440\u043e\u0433\u0440\u0430\u043c\u043d\u043e\u0433\u043e \u0437\u0430\u0431\u0435\u0437\u043f\u0435\u0447\u0435\u043d\u043d\u044f Steno-S.<\/p>\n<h2>\u0413\u0440\u0430\u043d\u0438\u0447\u043d\u0438\u0439 \u043c\u0456\u043a\u0440\u043e\u0444\u043e\u043d MPC 70 USB<\/h2>\n<p><a href=\"https:\/\/konferenztechnik.de\/wp-content\/uploads\/2013\/09\/Steno-S_Grenzflaechenmikrofon_MPC-70_USB_klein.jpg\"><img loading=\"lazy\" decoding=\"async\" width=\"155\" height=\"116\" class=\"alignleft size-full wp-image-2325\" src=\"https:\/\/konferenztechnik.de\/wp-content\/uploads\/2013\/09\/Steno-S_Grenzflaechenmikrofon_MPC-70_USB_klein.jpg\" alt=\"Beyerdynamic \u0433\u0440\u0430\u043d\u0438\u0447\u043d\u0438\u0439 \u043c\u0456\u043a\u0440\u043e\u0444\u043e\u043d MPC 70 USB\" title=\"\"><\/a><\/p>\n<p>MPC 70 USB - \u0446\u0435 \u0433\u0440\u0430\u043d\u0438\u0447\u043d\u0438\u0439 \u043c\u0456\u043a\u0440\u043e\u0444\u043e\u043d \u0437\u0456 \u0441\u0442\u0430\u043d\u0434\u0430\u0440\u0442\u043d\u0438\u043c USB-\u0440\u043e\u0437'\u0454\u043c\u043e\u043c. \u041c\u0456\u043a\u0440\u043e\u0444\u043e\u043d \u043c\u043e\u0436\u043d\u0430 \u0432\u0438\u043a\u043e\u0440\u0438\u0441\u0442\u043e\u0432\u0443\u0432\u0430\u0442\u0438 \u0434\u043b\u044f \u043f\u0440\u043e\u0433\u0440\u0430\u043c\u043d\u0438\u0445 \u0434\u043e\u0434\u0430\u0442\u043a\u0456\u0432, \u0442\u0430\u043a\u0438\u0445 \u044f\u043a \u0441\u0442\u0435\u043d\u043e\u0433\u0440\u0430\u043c\u0438, \u0430 \u0442\u0430\u043a\u043e\u0436 \u0456\u043d\u0442\u0435\u0433\u0440\u0443\u0432\u0430\u0442\u0438 \u0432 \u0441\u0438\u0441\u0442\u0435\u043c\u0438 \u0432\u0456\u0434\u0435\u043e\u043a\u043e\u043d\u0444\u0435\u0440\u0435\u043d\u0446\u0456\u0439, \u043d\u0430\u043f\u0440\u0438\u043a\u043b\u0430\u0434, \u0434\u0435 \u0432\u0456\u043d \u043f\u0440\u043e\u043f\u043e\u043d\u0443\u0454 \u043d\u043e\u0432\u0456 \u043c\u043e\u0436\u043b\u0438\u0432\u043e\u0441\u0442\u0456 \u0434\u043b\u044f \u0437\u0430\u043f\u0438\u0441\u0443 \u0456 \u044f\u043a\u043e\u0441\u0442\u0456 \u0433\u043e\u043b\u043e\u0441\u0443.<\/p>\n<h2>\u0413\u0440\u0430\u043d\u0438\u0447\u043d\u0438\u0439 \u043c\u0456\u043a\u0440\u043e\u0444\u043e\u043d MPC 70 USB<\/h2>\n<p>\u0412\u0431\u0443\u0434\u043e\u0432\u0430\u043d\u0438\u0439 \u043c\u0435\u043c\u0431\u0440\u0430\u043d\u043d\u0438\u0439 \u043f\u0435\u0440\u0435\u043c\u0438\u043a\u0430\u0447 \u043c\u043e\u0436\u043d\u0430 \u0432\u0438\u043a\u043e\u0440\u0438\u0441\u0442\u043e\u0432\u0443\u0432\u0430\u0442\u0438 \u0434\u043b\u044f \u043f\u0435\u0440\u0435\u043c\u0438\u043a\u0430\u043d\u043d\u044f \u043c\u0456\u0436 \u0442\u0440\u044c\u043e\u043c\u0430 \u0440\u0435\u0436\u0438\u043c\u0430\u043c\u0438 \u0440\u043e\u0431\u043e\u0442\u0438: \u0432\u0432\u0456\u043c\u043a\u043d\u0443\u0442\u0438\/\u0432\u0438\u043c\u043a\u043d\u0443\u0442\u0438, \u043d\u0430\u0442\u0438\u0441\u043d\u0443\u0442\u0438 \u0434\u043b\u044f \u0440\u043e\u0437\u043c\u043e\u0432\u0438 \u0430\u0431\u043e \u043d\u0430\u0442\u0438\u0441\u043d\u0443\u0442\u0438 \u0434\u043b\u044f \u0432\u0438\u043c\u043a\u043d\u0435\u043d\u043d\u044f \u0437\u0432\u0443\u043a\u0443, \u0432 \u0437\u0430\u043b\u0435\u0436\u043d\u043e\u0441\u0442\u0456 \u0432\u0456\u0434 \u0437\u0430\u0441\u0442\u043e\u0441\u0443\u0432\u0430\u043d\u043d\u044f. \u0421\u0432\u0456\u0442\u043b\u043e\u0434\u0456\u043e\u0434\u043d\u0438\u0439 \u0456\u043d\u0434\u0438\u043a\u0430\u0442\u043e\u0440 \u0437\u0430\u0433\u043e\u0440\u044f\u0454\u0442\u044c\u0441\u044f \u0447\u0435\u0440\u0432\u043e\u043d\u0438\u043c, \u043a\u043e\u043b\u0438 \u043c\u0456\u043a\u0440\u043e\u0444\u043e\u043d \u0430\u043a\u0442\u0438\u0432\u043e\u0432\u0430\u043d\u043e. \u0427\u0443\u0442\u043b\u0438\u0432\u0456\u0441\u0442\u044c \u043c\u0456\u043a\u0440\u043e\u0444\u043e\u043d\u0430 \u043c\u043e\u0436\u043d\u0430 \u043f\u043e\u043f\u0435\u0440\u0435\u0434\u043d\u044c\u043e \u0432\u0438\u0431\u0440\u0430\u0442\u0438 \u0432 \u0434\u0432\u0430 \u0435\u0442\u0430\u043f\u0438. \u041a\u0440\u0456\u043c \u0442\u043e\u0433\u043e, \u043c\u043e\u0436\u043d\u0430 \u0443\u0432\u0456\u043c\u043a\u043d\u0443\u0442\u0438 \u0437\u043c\u0435\u043d\u0448\u0435\u043d\u043d\u044f \u0431\u0430\u0441\u0456\u0432 \u0434\u043b\u044f \u0443\u0441\u0443\u043d\u0435\u043d\u043d\u044f \u0441\u0442\u0440\u0443\u043a\u0442\u0443\u0440\u043d\u043e\u0433\u043e \u0448\u0443\u043c\u0443. \u041a\u0430\u0431\u0435\u043b\u044c \u0432\u0456\u0434'\u0454\u0434\u043d\u0443\u0454\u0442\u044c\u0441\u044f, \u0430 \u0434\u043e\u0432\u0436\u0438\u043d\u0430 \u0432 \u0442\u0440\u0438 \u043c\u0435\u0442\u0440\u0438 \u043e\u0437\u043d\u0430\u0447\u0430\u0454, \u0449\u043e MPC 70 \u043c\u043e\u0436\u043d\u0430 \u0437\u0440\u0443\u0447\u043d\u043e \u0440\u043e\u0437\u0442\u0430\u0448\u0443\u0432\u0430\u0442\u0438 \u043d\u0430 \u043a\u043e\u043d\u0444\u0435\u0440\u0435\u043d\u0446-\u0441\u0442\u043e\u043b\u0456.<\/p>","protected":false},"excerpt":{"rendered":"<p>Protokollierung F\u00fcr eine herk\u00f6mmliche tontechnische Aufzeichnung von Konferenzen sind verschiedene Ger\u00e4te auf dem Markt. W\u00e4hrend veraltete Ger\u00e4te wie Tonbandmaschinen und Diktierger\u00e4te aus der Mode gekommen sind, kamen in der Zwischenzeit zu den altbekannten Kassettenrecordern und DAT-Recordern auch MD-Recorder und CD-Recorder. Auch ein Harddisc-Recording wird immer erschwinglicher. Ganz abgesehen von dieser Hardware geht der Trend aber [&hellip;]<\/p>","protected":false},"author":1,"featured_media":45482,"parent":3614,"menu_order":135,"comment_status":"closed","ping_status":"open","template":"","meta":{"_acf_changed":false,"footnotes":""},"class_list":["post-2516","page","type-page","status-publish","has-post-thumbnail","hentry"],"acf":[],"_links":{"self":[{"href":"https:\/\/konferenztechnik.de\/uk\/wp-json\/wp\/v2\/pages\/2516","targetHints":{"allow":["GET"]}}],"collection":[{"href":"https:\/\/konferenztechnik.de\/uk\/wp-json\/wp\/v2\/pages"}],"about":[{"href":"https:\/\/konferenztechnik.de\/uk\/wp-json\/wp\/v2\/types\/page"}],"author":[{"embeddable":true,"href":"https:\/\/konferenztechnik.de\/uk\/wp-json\/wp\/v2\/users\/1"}],"replies":[{"embeddable":true,"href":"https:\/\/konferenztechnik.de\/uk\/wp-json\/wp\/v2\/comments?post=2516"}],"version-history":[{"count":0,"href":"https:\/\/konferenztechnik.de\/uk\/wp-json\/wp\/v2\/pages\/2516\/revisions"}],"up":[{"embeddable":true,"href":"https:\/\/konferenztechnik.de\/uk\/wp-json\/wp\/v2\/pages\/3614"}],"wp:featuredmedia":[{"embeddable":true,"href":"https:\/\/konferenztechnik.de\/uk\/wp-json\/wp\/v2\/media\/45482"}],"wp:attachment":[{"href":"https:\/\/konferenztechnik.de\/uk\/wp-json\/wp\/v2\/media?parent=2516"}],"curies":[{"name":"wp","href":"https:\/\/api.w.org\/{rel}","templated":true}]}}