{"id":2522,"date":"2013-09-23T13:37:16","date_gmt":"2013-09-23T11:37:16","guid":{"rendered":"https:\/\/konferenztechnik.de\/?page_id=2522"},"modified":"2023-07-05T15:01:31","modified_gmt":"2023-07-05T13:01:31","slug":"%d0%bc%d0%b5%d0%b4%d1%96%d0%b0-%d0%ba%d0%be%d0%bd%d1%82%d1%80%d0%be%d0%bb%d1%8c","status":"publish","type":"page","link":"https:\/\/konferenztechnik.de\/uk\/%d0%b4%d0%b8%d1%81%d1%82%d1%80%d0%b8%d0%b1%d1%83%d1%86%d1%96%d1%8f-%d0%ba%d0%be%d0%bd%d1%84%d0%b5%d1%80%d0%b5%d0%bd%d1%86-%d1%82%d0%b0-%d0%b0%d1%83%d0%b4%d1%96%d0%be-%d0%bc%d0%b5%d0%b4%d1%96%d0%b0\/%d0%bc%d0%b5%d0%b4%d1%96%d0%b0-%d0%ba%d0%be%d0%bd%d1%82%d1%80%d0%be%d0%bb%d1%8c\/","title":{"rendered":"\u041a\u0435\u0440\u0443\u0432\u0430\u043d\u043d\u044f \u0437\u0430\u0441\u043e\u0431\u0430\u043c\u0438 \u043c\u0430\u0441\u043e\u0432\u043e\u0457 \u0456\u043d\u0444\u043e\u0440\u043c\u0430\u0446\u0456\u0457"},"content":{"rendered":"<h1>\u041a\u0435\u0440\u0443\u0432\u0430\u043d\u043d\u044f \u0437\u0430\u0441\u043e\u0431\u0430\u043c\u0438 \u043c\u0430\u0441\u043e\u0432\u043e\u0457 \u0456\u043d\u0444\u043e\u0440\u043c\u0430\u0446\u0456\u0457<\/h1>\n<p>\u0421\u0438\u0441\u0442\u0435\u043c\u0438 \u0443\u043f\u0440\u0430\u0432\u043b\u0456\u043d\u043d\u044f \u043c\u0443\u043b\u044c\u0442\u0438\u043c\u0435\u0434\u0456\u0430 \u0440\u0435\u0433\u0443\u043b\u044e\u044e\u0442\u044c \u0432\u0456\u0434\u0435\u043e-, \u0430\u0443\u0434\u0456\u043e- \u0442\u0430 \u043e\u0441\u0432\u0456\u0442\u043b\u044e\u0432\u0430\u043b\u044c\u043d\u0443 \u0442\u0435\u0445\u043d\u0456\u043a\u0443 \u0432 \u043a\u0456\u043c\u043d\u0430\u0442\u0456 \u0430\u0431\u043e \u043d\u0430\u0432\u0456\u0442\u044c \u0443 \u0432\u0441\u0456\u0439 \u0431\u0443\u0434\u0456\u0432\u043b\u0456. \u041a\u0440\u0456\u043c \u0442\u043e\u0433\u043e, \u0437\u0430 \u0434\u043e\u043f\u043e\u043c\u043e\u0433\u043e\u044e \u043e\u0434\u043d\u043e\u0433\u043e \u043f\u0440\u0438\u0441\u0442\u0440\u043e\u044e \u043a\u0435\u0440\u0443\u0432\u0430\u043d\u043d\u044f \u043c\u043e\u0436\u043d\u0430 \u0437\u0440\u0443\u0447\u043d\u043e \u043a\u0435\u0440\u0443\u0432\u0430\u0442\u0438 \u0456\u043d\u0448\u0438\u043c\u0438 \u0431\u0443\u0434\u0456\u0432\u0435\u043b\u044c\u043d\u0438\u043c\u0438 \u0442\u0435\u0445\u043d\u043e\u043b\u043e\u0433\u0456\u044f\u043c\u0438, \u0442\u0430\u043a\u0438\u043c\u0438 \u044f\u043a \u0441\u0438\u0441\u0442\u0435\u043c\u0438 \u043e\u043f\u0430\u043b\u0435\u043d\u043d\u044f, \u0436\u0430\u043b\u044e\u0437\u0456, \u0435\u043a\u0440\u0430\u043d\u0438 \u0430\u0431\u043e \u0441\u0438\u0441\u0442\u0435\u043c\u0438 \u0442\u0435\u043b\u0435\u0444\u043e\u043d\u043d\u0438\u0445 \u043a\u043e\u043d\u0444\u0435\u0440\u0435\u043d\u0446\u0456\u0439. \u0421\u0438\u0441\u0442\u0435\u043c\u0438 \u0443\u043f\u0440\u0430\u0432\u043b\u0456\u043d\u043d\u044f \u043c\u0435\u0434\u0456\u0430 \u0432\u0438\u043a\u043e\u0440\u0438\u0441\u0442\u043e\u0432\u0443\u044e\u0442\u044c\u0441\u044f \u044f\u043a \u0443 \u0434\u0456\u043b\u043e\u0432\u0438\u0445 (\u043d\u0430\u043f\u0440\u0438\u043a\u043b\u0430\u0434, \u043a\u043e\u043d\u0444\u0435\u0440\u0435\u043d\u0446-\u0437\u0430\u043b), \u0442\u0430\u043a \u0456 \u0432 \u043f\u0440\u0438\u0432\u0430\u0442\u043d\u0438\u0445 \u043f\u0440\u0438\u043c\u0456\u0449\u0435\u043d\u043d\u044f\u0445 (\u043d\u0430\u043f\u0440\u0438\u043a\u043b\u0430\u0434, \u0432\u0456\u0442\u0430\u043b\u044c\u043d\u044f). \u0422\u0435\u0445\u043d\u043e\u043b\u043e\u0433\u0456\u0454\u044e \u043c\u043e\u0436\u043d\u0430 \u043a\u0435\u0440\u0443\u0432\u0430\u0442\u0438 \u0437\u0430 \u0434\u043e\u043f\u043e\u043c\u043e\u0433\u043e\u044e \u043f\u0440\u043e\u0441\u0442\u0438\u0445 \u043d\u0430\u0441\u0442\u0456\u043d\u043d\u0438\u0445 \u043f\u0443\u043b\u044c\u0442\u0456\u0432 \u0443\u043f\u0440\u0430\u0432\u043b\u0456\u043d\u043d\u044f, \u0441\u0435\u043d\u0441\u043e\u0440\u043d\u0438\u0445 \u043f\u0430\u043d\u0435\u043b\u0435\u0439 \u0430\u0431\u043e \u043d\u0430\u0432\u0456\u0442\u044c \u0441\u043c\u0430\u0440\u0442\u0444\u043e\u043d\u0430. \u041d\u0430\u0448\u0456 \u0441\u043f\u0456\u0432\u0440\u043e\u0431\u0456\u0442\u043d\u0438\u043a\u0438 \u043f\u0456\u0434\u0431\u0435\u0440\u0443\u0442\u044c \u0434\u043b\u044f \u0432\u0430\u0441 \u043e\u043f\u0442\u0438\u043c\u0430\u043b\u044c\u043d\u0435 \u0440\u0456\u0448\u0435\u043d\u043d\u044f.<\/p>\n<h2>\u0426\u0435\u043d\u0442\u0440\u0430\u043b\u0456\u0437\u043e\u0432\u0430\u043d\u0435 \u043a\u0435\u0440\u0443\u0432\u0430\u043d\u043d\u044f \u2013 \u0442\u0430\u043a\u043e\u0436 \u0437\u0430 \u0434\u043e\u043f\u043e\u043c\u043e\u0433\u043e\u044e \u0441\u043c\u0430\u0440\u0442\u0444\u043e\u043d\u0430<\/h2>\n<p>\u0426\u0435\u043d\u0442\u0440\u0430\u043b\u044c\u043d\u0438\u0439 \u043f\u0443\u043b\u044c\u0442 \u043a\u0435\u0440\u0443\u0432\u0430\u043d\u043d\u044f \u0437\u0430\u0431\u0435\u0437\u043f\u0435\u0447\u0443\u0454 \u043f\u0440\u043e\u0441\u0442\u0435 \u0442\u0430 \u0431\u0435\u0437\u043f\u0435\u0447\u043d\u0435 \u043a\u0435\u0440\u0443\u0432\u0430\u043d\u043d\u044f \u0432\u0441\u0456\u0454\u044e \u0442\u0435\u0445\u043d\u043e\u043b\u043e\u0433\u0456\u0454\u044e. \u0422\u0443\u0442 \u0434\u043e\u0441\u0442\u0443\u043f\u043d\u0456 \u0440\u0456\u0437\u043d\u0456 \u0432\u0430\u0440\u0456\u0430\u043d\u0442\u0438: \u041d\u0430\u0441\u0442\u0456\u043d\u043d\u0456 \u043f\u0430\u043d\u0435\u043b\u0456 \u0443\u043f\u0440\u0430\u0432\u043b\u0456\u043d\u043d\u044f, \u0441\u0442\u0430\u0446\u0456\u043e\u043d\u0430\u0440\u043d\u0456 \u0430\u0431\u043e \u043c\u043e\u0431\u0456\u043b\u044c\u043d\u0456 \u0441\u0435\u043d\u0441\u043e\u0440\u043d\u0456 \u043f\u0430\u043d\u0435\u043b\u0456 \u0440\u0456\u0437\u043d\u0438\u0445 \u0440\u043e\u0437\u043c\u0456\u0440\u0456\u0432 \u0430\u0431\u043e \u0443\u043f\u0440\u0430\u0432\u043b\u0456\u043d\u043d\u044f \u0447\u0435\u0440\u0435\u0437 \u0441\u043c\u0430\u0440\u0442\u0444\u043e\u043d \u0430\u0431\u043e \u043f\u043b\u0430\u043d\u0448\u0435\u0442\u043d\u0438\u0439 \u043a\u043e\u043c\u043f'\u044e\u0442\u0435\u0440 (\u043d\u0430\u043f\u0440\u0438\u043a\u043b\u0430\u0434, iPad). \u0417\u0430\u043b\u0435\u0436\u043d\u043e \u0432\u0456\u0434 \u0432\u0438\u0440\u043e\u0431\u043d\u0438\u043a\u0430 \u0434\u043e\u0441\u0442\u0443\u043f\u043d\u0456 \u0432\u0435\u0440\u0441\u0456\u0457 \u0434\u043b\u044f iOS, Android \u0430\u0431\u043e Windows Phone. \u0406\u043d\u0442\u0435\u0440\u0444\u0435\u0439\u0441 \u043a\u043e\u0440\u0438\u0441\u0442\u0443\u0432\u0430\u0447\u0430 \u043c\u043e\u0436\u0435 \u0431\u0443\u0442\u0438 \u043d\u0430\u043b\u0430\u0448\u0442\u043e\u0432\u0430\u043d\u0438\u0439 \u0437\u0430 \u0431\u0430\u0436\u0430\u043d\u043d\u044f\u043c (\u043d\u0430\u043f\u0440\u0438\u043a\u043b\u0430\u0434, \u0430\u0434\u0430\u043f\u0442\u043e\u0432\u0430\u043d\u0438\u0439 \u0434\u043e \u0432\u0430\u0448\u043e\u0457 \u041a\u0406 \u0430\u0431\u043e \u0437 \u0432\u0430\u0448\u0438\u043c \u043b\u043e\u0433\u043e\u0442\u0438\u043f\u043e\u043c).<\/p>\n<p><a href=\"https:\/\/konferenztechnik.de\/wp-content\/uploads\/2013\/09\/touchpanels_mediensteuerung.jpg\"><img decoding=\"async\" src=\"https:\/\/konferenztechnik.de\/wp-content\/uploads\/2013\/09\/touchpanels_mediensteuerung.jpg\" alt=\"\u0421\u0435\u043d\u0441\u043e\u0440\u043d\u0456 \u043f\u0430\u043d\u0435\u043b\u0456 \u0434\u043b\u044f \u043a\u0435\u0440\u0443\u0432\u0430\u043d\u043d\u044f \u043c\u0435\u0434\u0456\u0430\" title=\"\"><\/a><\/p>\n<h2>\u041f\u0440\u043e\u0441\u0442\u0430 \u0435\u043a\u0441\u043f\u043b\u0443\u0430\u0442\u0430\u0446\u0456\u044f<\/h2>\n<p>\u041d\u043e\u0443\u0442\u0431\u0443\u043a\u0438, iPod \u0430\u0431\u043e \u0456\u043d\u0448\u0456 \u0437\u043e\u0432\u043d\u0456\u0448\u043d\u0456 \u0434\u0436\u0435\u0440\u0435\u043b\u0430 \u043c\u043e\u0436\u043d\u0430 \u0437\u0440\u0443\u0447\u043d\u043e \u043f\u0456\u0434\u043a\u043b\u044e\u0447\u0438\u0442\u0438 \u0434\u043e \u0441\u0438\u0441\u0442\u0435\u043c\u0438 \u0443\u043f\u0440\u0430\u0432\u043b\u0456\u043d\u043d\u044f \u043c\u0443\u043b\u044c\u0442\u0438\u043c\u0435\u0434\u0456\u0430 \u0447\u0435\u0440\u0435\u0437 \u043f\u0430\u043d\u0435\u043b\u0456 \u043f\u0456\u0434\u043a\u043b\u044e\u0447\u0435\u043d\u043d\u044f \u0432 \u0441\u0442\u043e\u043b\u0430\u0445 \u0430\u0431\u043e \u0432 \u043f\u0456\u0434\u043b\u043e\u0437\u0456. \u0417\u0430 \u043d\u0435\u043e\u0431\u0445\u0456\u0434\u043d\u043e\u0441\u0442\u0456, \u0456\u043d\u0442\u0435\u0433\u0440\u043e\u0432\u0430\u043d\u0456 \u0432 \u0441\u0438\u0441\u0442\u0435\u043c\u0443 \u0434\u0436\u0435\u0440\u0435\u043b\u0430 \u043c\u043e\u0436\u0443\u0442\u044c \u0431\u0443\u0442\u0438 \u0440\u043e\u0437\u043f\u0456\u0437\u043d\u0430\u043d\u0456 \u0430\u0432\u0442\u043e\u043c\u0430\u0442\u0438\u0447\u043d\u043e:<\/p>\n<p><a href=\"https:\/\/konferenztechnik.de\/wp-content\/uploads\/2013\/09\/Mediensteuerung_Extron-Tischtank_gross.jpg\"><img fetchpriority=\"high\" decoding=\"async\" width=\"600\" height=\"326\" class=\"alignright size-full wp-image-2929\" src=\"https:\/\/konferenztechnik.de\/wp-content\/uploads\/2013\/09\/Mediensteuerung_Extron-Tischtank_gross.jpg\" alt=\"\u041d\u0430\u0441\u0442\u0456\u043b\u044c\u043d\u0438\u0439 \u0431\u0430\u043a Extron\" title=\"\" srcset=\"https:\/\/konferenztechnik.de\/wp-content\/uploads\/2013\/09\/Mediensteuerung_Extron-Tischtank_gross.jpg 600w, https:\/\/konferenztechnik.de\/wp-content\/uploads\/2013\/09\/Mediensteuerung_Extron-Tischtank_gross-300x163.jpg 300w\" sizes=\"(max-width: 600px) 100vw, 600px\" \/><\/a><\/p>\n<p>\u042f\u043a\u0449\u043e, \u043d\u0430\u043f\u0440\u0438\u043a\u043b\u0430\u0434, \u043f\u0456\u0434\u043a\u043b\u044e\u0447\u0435\u043d\u043e \u043d\u043e\u0443\u0442\u0431\u0443\u043a, \u0441\u0438\u0441\u0442\u0435\u043c\u0430 \u0430\u0432\u0442\u043e\u043c\u0430\u0442\u0438\u0447\u043d\u043e \u0440\u043e\u0437\u043f\u0456\u0437\u043d\u0430\u0454 \u0446\u0435, \u0437\u0430\u043f\u0443\u0441\u043a\u0430\u0454 \u043f\u0440\u043e\u0435\u043a\u0442\u043e\u0440 \u0456 \u0440\u043e\u0437\u0433\u043e\u0440\u0442\u0430\u0454 \u0435\u043a\u0440\u0430\u043d. \u042f\u043a\u0449\u043e \u043d\u043e\u0443\u0442\u0431\u0443\u043a \u0437\u043d\u043e\u0432\u0443 \u0432\u0456\u0434'\u0454\u0434\u043d\u0430\u0442\u0438, \u0441\u0438\u0441\u0442\u0435\u043c\u0430 \u0430\u0432\u0442\u043e\u043c\u0430\u0442\u0438\u0447\u043d\u043e \u0432\u0438\u043c\u0438\u043a\u0430\u0454\u0442\u044c\u0441\u044f. \u0422\u0430\u043a\u0438\u043c \u0447\u0438\u043d\u043e\u043c, \u043c\u043e\u0436\u043d\u0430 \u0437\u0430\u043f\u0440\u043e\u0433\u0440\u0430\u043c\u0443\u0432\u0430\u0442\u0438 \u0440\u0456\u0437\u043d\u0456 \u0441\u0446\u0435\u043d\u0430\u0440\u0456\u0457 \u0434\u043b\u044f \u0448\u0438\u0440\u043e\u043a\u043e\u0433\u043e \u0441\u043f\u0435\u043a\u0442\u0440\u0443 \u0432\u0438\u043c\u043e\u0433.<\/p>\n<h2>\u041a\u0435\u0440\u0443\u0432\u0430\u043d\u043d\u044f \u043d\u0430 \u0432\u0456\u0434\u0441\u0442\u0430\u043d\u0456<\/h2>\n<p>\u0417\u0430 \u043f\u043e\u0442\u0440\u0435\u0431\u0438 \u0432\u0441\u0456\u043c\u0430 \u043f\u0440\u0438\u043c\u0456\u0449\u0435\u043d\u043d\u044f\u043c\u0438, \u043e\u0431\u043b\u0430\u0434\u043d\u0430\u043d\u0438\u043c\u0438 \u0441\u0438\u0441\u0442\u0435\u043c\u043e\u044e \u043c\u0435\u0434\u0456\u0430\u043a\u043e\u043d\u0442\u0440\u043e\u043b\u044e, \u043c\u043e\u0436\u043d\u0430 \u0442\u0430\u043a\u043e\u0436 \u043a\u0435\u0440\u0443\u0432\u0430\u0442\u0438 \u0434\u0438\u0441\u0442\u0430\u043d\u0446\u0456\u0439\u043d\u043e \u0447\u0435\u0440\u0435\u0437 \u043c\u0435\u0440\u0435\u0436\u0443 \u0430\u0431\u043e \u0406\u043d\u0442\u0435\u0440\u043d\u0435\u0442. \u0426\u0435 \u043e\u0441\u043e\u0431\u043b\u0438\u0432\u043e \u043a\u043e\u0440\u0438\u0441\u043d\u043e, \u043d\u0430\u043f\u0440\u0438\u043a\u043b\u0430\u0434, \u0434\u043b\u044f \u043c\u043e\u043d\u0456\u0442\u043e\u0440\u0438\u043d\u0433\u0443 \u0432\u0441\u0442\u0430\u043d\u043e\u0432\u043b\u0435\u043d\u043e\u0457 \u0442\u0435\u0445\u043d\u0456\u043a\u0438, \u044f\u043a \u043f\u0456\u0434\u0442\u0440\u0438\u043c\u043a\u0430 \u0437\u0430\u0445\u0438\u0441\u0442\u0443 \u0432\u0456\u0434 \u043a\u0440\u0430\u0434\u0456\u0436\u043e\u043a, \u0434\u043b\u044f \u043f\u0440\u043e\u0432\u0435\u0434\u0435\u043d\u043d\u044f \u0440\u043e\u0431\u0456\u0442 \u0437 \u0442\u0435\u0445\u043d\u0456\u0447\u043d\u043e\u0433\u043e \u043e\u0431\u0441\u043b\u0443\u0433\u043e\u0432\u0443\u0432\u0430\u043d\u043d\u044f, \u0434\u043b\u044f \u043a\u043e\u043d\u0442\u0440\u043e\u043b\u044e \u0447\u0430\u0441\u0443 \u0440\u043e\u0431\u043e\u0442\u0438 \u043b\u0430\u043c\u043f \u043f\u0440\u043e\u0435\u043a\u0442\u043e\u0440\u0456\u0432 \u0430\u0431\u043e \u0434\u043b\u044f \u043c\u043e\u0436\u043b\u0438\u0432\u043e\u0441\u0442\u0456 \u0432\u0438\u043a\u043b\u0438\u043a\u0430\u0442\u0438 \u0440\u0456\u0437\u043d\u0456 \u0441\u0446\u0435\u043d\u0430\u0440\u0456\u0457 \u0440\u043e\u0431\u043e\u0442\u0438 \u043f\u0440\u0438\u043c\u0456\u0449\u0435\u043d\u043d\u044f (\u043d\u0430\u043f\u0440\u0438\u043a\u043b\u0430\u0434, \u0442\u0430\u043a\u043e\u0436 \u043d\u0430 \u0432\u0438\u0445\u0456\u0434\u043d\u0438\u0445).<\/p>\n<p>\u0414\u0435\u044f\u043a\u0456 \u0437 \u043d\u0430\u0448\u0438\u0445 \u043f\u0430\u0440\u0442\u043d\u0435\u0440\u0456\u0432 \u0443 \u0441\u0444\u0435\u0440\u0456 \u043a\u043e\u043d\u0442\u0440\u043e\u043b\u044e \u043d\u0430\u0434 \u0417\u041c\u0406<\/p>\n<div class=\"rahmen\">\n<p><a href=\"https:\/\/konferenztechnik.de\/uk\/%d0%b2%d0%b8%d1%80%d0%be%d0%b1%d0%bd%d0%b8%d0%ba\/amx\/\"><img decoding=\"async\" width=\"250\" height=\"250\" class=\"alignleft size-full wp-image-6607\" src=\"https:\/\/konferenztechnik.de\/wp-content\/uploads\/2016\/04\/logo-amx.jpg\" alt=\"\u041b\u043e\u0433\u043e\u0442\u0438\u043f AMX\" title=\"\" srcset=\"https:\/\/konferenztechnik.de\/wp-content\/uploads\/2016\/04\/logo-amx.jpg 250w, https:\/\/konferenztechnik.de\/wp-content\/uploads\/2016\/04\/logo-amx-150x150.jpg 150w\" sizes=\"(max-width: 250px) 100vw, 250px\" \/><\/a><\/p>\n<p><a href=\"https:\/\/konferenztechnik.de\/uk\/%d0%ba%d1%80%d0%b5%d1%81%d1%82%d1%80%d0%be%d0%bd\/\"><img decoding=\"async\" width=\"250\" height=\"250\" class=\"alignnone size-full wp-image-6617\" src=\"https:\/\/konferenztechnik.de\/wp-content\/uploads\/2016\/04\/logo-crestron.jpg\" alt=\"\u041b\u043e\u0433\u043e\u0442\u0438\u043f Crestron\" title=\"\" srcset=\"https:\/\/konferenztechnik.de\/wp-content\/uploads\/2016\/04\/logo-crestron.jpg 250w, https:\/\/konferenztechnik.de\/wp-content\/uploads\/2016\/04\/logo-crestron-150x150.jpg 150w\" sizes=\"(max-width: 250px) 100vw, 250px\" \/><\/a><\/p>\n<p><a href=\"https:\/\/konferenztechnik.de\/uk\/%d0%b5%d0%ba%d1%81%d1%82%d1%80%d0%be%d0%bd\/\"><img loading=\"lazy\" decoding=\"async\" width=\"250\" height=\"250\" class=\"alignnone size-full wp-image-6638\" src=\"https:\/\/konferenztechnik.de\/wp-content\/uploads\/2016\/04\/logo-extron.jpg\" alt=\"\u041b\u043e\u0433\u043e\u0442\u0438\u043f Extron\" title=\"\" srcset=\"https:\/\/konferenztechnik.de\/wp-content\/uploads\/2016\/04\/logo-extron.jpg 250w, https:\/\/konferenztechnik.de\/wp-content\/uploads\/2016\/04\/logo-extron-150x150.jpg 150w\" sizes=\"(max-width: 250px) 100vw, 250px\" \/><\/a><\/p>\n<p><a href=\"https:\/\/konferenztechnik.de\/uk\/rti\/\"><img loading=\"lazy\" decoding=\"async\" width=\"250\" height=\"250\" class=\"alignnone size-full wp-image-6656\" src=\"https:\/\/konferenztechnik.de\/wp-content\/uploads\/2016\/04\/logo-rti.jpg\" alt=\"\u041b\u043e\u0433\u043e\u0442\u0438\u043f \u0420\u0422\u0406\" title=\"\" srcset=\"https:\/\/konferenztechnik.de\/wp-content\/uploads\/2016\/04\/logo-rti.jpg 250w, https:\/\/konferenztechnik.de\/wp-content\/uploads\/2016\/04\/logo-rti-150x150.jpg 150w\" sizes=\"(max-width: 250px) 100vw, 250px\" \/><\/a><\/p>\n<\/div>\n<p><!--\n<a href=\"https:\/\/konferenztechnik.de\/wp-content\/uploads\/2013\/09\/partner_mediensteuerung_PCS.jpg\"><img loading=\"lazy\" decoding=\"async\" src=\"https:\/\/konferenztechnik.de\/wp-content\/uploads\/2013\/09\/partner_mediensteuerung_PCS.jpg\" alt=\"PCS-Partner im Bereich Mediensteuerungen\" width=\"650\" height=\"55\" class=\"alignleft size-full wp-image-2930\" title=\"\" srcset=\"https:\/\/konferenztechnik.de\/wp-content\/uploads\/2013\/09\/partner_mediensteuerung_PCS.jpg 650w, https:\/\/konferenztechnik.de\/wp-content\/uploads\/2013\/09\/partner_mediensteuerung_PCS-300x25.jpg 300w\" sizes=\"(max-width: 650px) 100vw, 650px\" \/><\/a>\n--><\/p>","protected":false},"excerpt":{"rendered":"<p>Mediensteuerungen Mediensteuerungen regeln die Video-, Audio- und Lichttechnik in einem Raum oder sogar einem ganzen Geb\u00e4ude. Au\u00dferdem l\u00e4sst sich weitere Geb\u00e4udetechnik wie Heizungsanlagen, Jalousien, Leinw\u00e4nde oder Telefonkonferenzsysteme bequem mit einem einzigen Steuerger\u00e4t bedienen. Mediensteuerungen kommen sowohl im gesch\u00e4ftlichen (z.B. Konferenzraum) als auch im privaten Bereich (z.B. Wohnzimmer) zum Einsatz. Die Bedienung der Technik kann mit [&hellip;]<\/p>","protected":false},"author":1,"featured_media":45482,"parent":3614,"menu_order":133,"comment_status":"closed","ping_status":"open","template":"","meta":{"_acf_changed":false,"footnotes":""},"class_list":["post-2522","page","type-page","status-publish","has-post-thumbnail","hentry"],"acf":[],"_links":{"self":[{"href":"https:\/\/konferenztechnik.de\/uk\/wp-json\/wp\/v2\/pages\/2522","targetHints":{"allow":["GET"]}}],"collection":[{"href":"https:\/\/konferenztechnik.de\/uk\/wp-json\/wp\/v2\/pages"}],"about":[{"href":"https:\/\/konferenztechnik.de\/uk\/wp-json\/wp\/v2\/types\/page"}],"author":[{"embeddable":true,"href":"https:\/\/konferenztechnik.de\/uk\/wp-json\/wp\/v2\/users\/1"}],"replies":[{"embeddable":true,"href":"https:\/\/konferenztechnik.de\/uk\/wp-json\/wp\/v2\/comments?post=2522"}],"version-history":[{"count":0,"href":"https:\/\/konferenztechnik.de\/uk\/wp-json\/wp\/v2\/pages\/2522\/revisions"}],"up":[{"embeddable":true,"href":"https:\/\/konferenztechnik.de\/uk\/wp-json\/wp\/v2\/pages\/3614"}],"wp:featuredmedia":[{"embeddable":true,"href":"https:\/\/konferenztechnik.de\/uk\/wp-json\/wp\/v2\/media\/45482"}],"wp:attachment":[{"href":"https:\/\/konferenztechnik.de\/uk\/wp-json\/wp\/v2\/media?parent=2522"}],"curies":[{"name":"wp","href":"https:\/\/api.w.org\/{rel}","templated":true}]}}