{"id":3606,"date":"2013-10-24T13:39:36","date_gmt":"2013-10-24T11:39:36","guid":{"rendered":"https:\/\/konferenztechnik.de\/?page_id=3606"},"modified":"2023-07-05T15:09:07","modified_gmt":"2023-07-05T13:09:07","slug":"%d0%bd%d0%b0%d0%b2%d1%87%d0%b0%d0%bb%d1%8c%d0%bd%d1%96-%d0%ba%d1%83%d1%80%d1%81%d0%b8-%d1%82%d0%b0-%d0%bf%d0%be%d1%81%d0%bb%d1%83%d0%b3%d0%b8-%d0%b4%d0%bb%d1%8f-%d0%bf%d0%b5%d1%80%d0%b5%d0%ba%d0%bb","status":"publish","type":"page","link":"https:\/\/konferenztechnik.de\/uk\/%d0%bd%d0%b0%d0%b2%d1%87%d0%b0%d0%bb%d1%8c%d0%bd%d1%96-%d0%ba%d1%83%d1%80%d1%81%d0%b8-%d1%82%d0%b0-%d0%bf%d0%be%d1%81%d0%bb%d1%83%d0%b3%d0%b8-%d0%b4%d0%bb%d1%8f-%d0%bf%d0%b5%d1%80%d0%b5%d0%ba%d0%bb\/","title":{"rendered":"\u041d\u0430\u0432\u0447\u0430\u043d\u043d\u044f \u0442\u0430 \u043f\u043e\u0441\u043b\u0443\u0433\u0438 \u0434\u043b\u044f \u043f\u0435\u0440\u0435\u043a\u043b\u0430\u0434\u0430\u0447\u0456\u0432"},"content":{"rendered":"<h1>\u041d\u0430\u0432\u0447\u0430\u043d\u043d\u044f \u0442\u0430 \u043f\u043e\u0441\u043b\u0443\u0433\u0438 \u0434\u043b\u044f \u043f\u0435\u0440\u0435\u043a\u043b\u0430\u0434\u0430\u0447\u0456\u0432<\/h1>\n<p>PCS \u043f\u0440\u043e\u043f\u043e\u043d\u0443\u0454 \u043d\u0430\u0432\u0447\u0430\u043d\u043d\u044f \u0434\u043b\u044f \u0442\u0435\u0445\u043d\u0456\u0447\u043d\u043e\u0433\u043e \u043f\u0435\u0440\u0441\u043e\u043d\u0430\u043b\u0443, \u043f\u0435\u0440\u0435\u043a\u043b\u0430\u0434\u0430\u0447\u0456\u0432, \u0441\u043f\u0456\u043a\u0435\u0440\u0456\u0432, \u043c\u0435\u043d\u0435\u0434\u0436\u0435\u0440\u0456\u0432, \u0442\u0435\u0430\u0442\u0440\u0430\u043b\u044c\u043d\u043e\u0433\u043e \u0442\u0430 \u0433\u043e\u0442\u0435\u043b\u044c\u043d\u043e\u0433\u043e \u043f\u0435\u0440\u0441\u043e\u043d\u0430\u043b\u0443.<\/p>\n<p>\u041c\u0438 \u043e\u0440\u0433\u0430\u043d\u0456\u0437\u043e\u0432\u0443\u0454\u043c\u043e \u0433\u0440\u0443\u043f\u043e\u0432\u0456 \u0442\u0430 \u0456\u043d\u0434\u0438\u0432\u0456\u0434\u0443\u0430\u043b\u044c\u043d\u0456 \u0442\u0440\u0435\u043d\u0456\u043d\u0433\u0438 \u043d\u0430 \u043d\u0430\u0448\u0438\u0445 \u043b\u043e\u043a\u0430\u0446\u0456\u044f\u0445 \u0442\u0430 \u0443 \u0432\u0430\u0441. \u0412\u043f\u0435\u0432\u043d\u0435\u043d\u0435 \u0442\u0430 \u0441\u0430\u043c\u043e\u0441\u0442\u0456\u0439\u043d\u0435 \u0432\u0438\u043a\u043e\u0440\u0438\u0441\u0442\u0430\u043d\u043d\u044f \u043a\u043e\u043d\u0444\u0435\u0440\u0435\u043d\u0446-\u0442\u0435\u0445\u043d\u043e\u043b\u043e\u0433\u0456\u0439 \u0454 \u0432\u0438\u0440\u0456\u0448\u0430\u043b\u044c\u043d\u0438\u043c \u0444\u0430\u043a\u0442\u043e\u0440\u043e\u043c \u0443\u0441\u043f\u0456\u0445\u0443 \u0432\u0430\u0448\u043e\u0457 \u043f\u0440\u0435\u0437\u0435\u043d\u0442\u0430\u0446\u0456\u0457.<\/p>\n<p>\u0412\u0438 \u043f\u0435\u0440\u0435\u043a\u043b\u0430\u0434\u0430\u0447, \u044f\u043a\u0438\u0439 \u043f\u043b\u0430\u043d\u0443\u0454 \u0442\u0435\u0445\u043d\u0456\u0447\u043d\u0435 \u0437\u0430\u0432\u0434\u0430\u043d\u043d\u044f \u0430\u0431\u043e \u0437\u0430\u0445\u0456\u0434? \u0412\u0430\u043c \u043f\u043e\u0442\u0440\u0456\u0431\u043d\u0456 \u043f\u043b\u0430\u043d\u0438 \u0430\u0431\u043e \u0443 \u0432\u0430\u0441 \u0454 \u0437\u0430\u043f\u0438\u0442\u0430\u043d\u043d\u044f \u0449\u043e\u0434\u043e \u041f\u043e\u0441\u0442\u0430\u043d\u043e\u0432\u0438 \u043f\u0440\u043e \u043c\u0456\u0441\u0446\u0435 \u043f\u0440\u043e\u0432\u0435\u0434\u0435\u043d\u043d\u044f \u0437\u0431\u043e\u0440\u0456\u0432? \u0417\u0432\u0435\u0440\u043d\u0456\u0442\u044c\u0441\u044f \u0434\u043e \u043d\u0430\u0448\u043e\u0433\u043e \u043d\u0430\u0432\u0447\u0430\u043b\u044c\u043d\u043e\u0433\u043e \u0432\u0456\u0434\u0434\u0456\u043b\u0443, \u0434\u0435 \u0432\u0438 \u0437\u0430\u0432\u0436\u0434\u0438 \u0437\u043d\u0430\u0439\u0434\u0435\u0442\u0435 \u043f\u0440\u0438\u0445\u0438\u043b\u044c\u043d\u0435 \u0432\u0443\u0445\u043e.<\/p>\n<p><img decoding=\"async\" src=\"https:\/\/konferenztechnik.de\/wp-content\/uploads\/2016\/10\/sprecherkabine-masse.jpg\" alt=\"training-n\" title=\"\"><\/p>\n<p><img decoding=\"async\" src=\"https:\/\/konferenztechnik.de\/wp-content\/uploads\/2016\/10\/dolmetscherschulung-1.jpg\" alt=\"\" title=\"\"><\/p>\n<p>PCS \u043d\u0430\u0434\u0430\u0454 \u0432\u0435\u043b\u0438\u043a\u043e\u0433\u043e \u0437\u043d\u0430\u0447\u0435\u043d\u043d\u044f \u043d\u0430\u0432\u0447\u0430\u043d\u043d\u044e \u0442\u0430 \u043f\u0456\u0434\u0432\u0438\u0449\u0435\u043d\u043d\u044e \u043a\u0432\u0430\u043b\u0456\u0444\u0456\u043a\u0430\u0446\u0456\u0457 \u0456 \u0441\u0442\u0432\u043e\u0440\u0438\u043b\u0430 \u043f\u0440\u0438\u0454\u043c\u043d\u0443 \u0442\u0430 \u0435\u0444\u0435\u043a\u0442\u0438\u0432\u043d\u0443 \u043a\u0443\u043b\u044c\u0442\u0443\u0440\u0443 \u043d\u0430\u0432\u0447\u0430\u043d\u043d\u044f.<\/p>\n<div class=\"boxcontainer\">\n<div class=\"boxcontainer\">\n<div class=\"box1-2\">\n<h1>\u041a\u043e\u043d\u0442\u0430\u043a\u0442\u043d\u0430 \u043e\u0441\u043e\u0431\u0430<\/h1>\n<\/div>\n<div class=\"box1-2-order\">\n<h1>\u0406\u043d\u0448\u0456 \u043f\u043e\u0441\u0438\u043b\u0430\u043d\u043d\u044f<\/h1>\n<\/div>\n<div class=\"box1-4\">\n<div class=\"box-head\">\u0414\u044e\u0441\u0441\u0435\u043b\u044c\u0434\u043e\u0440\u0444<\/div>\n<p><img fetchpriority=\"high\" decoding=\"async\" width=\"800\" height=\"533\" class=\"alignleft size-full wp-image-2317\" src=\"https:\/\/konferenztechnik.de\/wp-content\/uploads\/2013\/09\/thorsten_geissler_pcs-gmbh.jpg\" alt=\"\u0422\u043e\u0440\u0441\u0442\u0435\u043d \u0413\u0430\u0439\u0441\u043b\u0435\u0440\" title=\"\" srcset=\"https:\/\/konferenztechnik.de\/wp-content\/uploads\/2013\/09\/thorsten_geissler_pcs-gmbh.jpg 800w, https:\/\/konferenztechnik.de\/wp-content\/uploads\/2013\/09\/thorsten_geissler_pcs-gmbh-300x200.jpg 300w, https:\/\/konferenztechnik.de\/wp-content\/uploads\/2013\/09\/thorsten_geissler_pcs-gmbh-768x512.jpg 768w\" sizes=\"(max-width: 800px) 100vw, 800px\" \/><br \/>\n\u0422\u043e\u0440\u0441\u0442\u0435\u043d \u0413\u0430\u0439\u0441\u043b\u0435\u0440<br \/>\n\u041c\u0435\u043d\u0435\u0434\u0436\u043c\u0435\u043d\u0442<br \/>\n\u0422\u0435\u043b\u0435\u0444\u043e\u043d +49 211 737798 0<br \/>\n\u0435\u043b\u0435\u043a\u0442\u0440\u043e\u043d\u043d\u0430 \u043f\u043e\u0448\u0442\u0430 <a href=\"mailto:geissler@konferenztechnik.de\">\u043d\u0430\u043f\u0438\u0441\u0430\u0442\u0438<\/a><\/p>\n<p>QR-\u043a\u043e\u0434 <a title=\"QR-\u043a\u043e\u0434 \u0422\u043e\u0440\u0441\u0442\u0435\u043d \u0413\u0430\u0439\u0441\u043b\u0435\u0440\" href=\"https:\/\/konferenztechnik.de\/wp-content\/uploads\/2013\/09\/thorsten_geissler_qrcode.png\">\u041f\u043e\u043a\u0430\u0437\u0430\u0442\u0438 \u203a<\/a><\/p>\n<\/div>\n<div class=\"box1-4\">\n<div class=\"box-head\">\u0411\u0435\u0440\u043b\u0456\u043d<\/div>\n<p><img decoding=\"async\" width=\"800\" height=\"533\" class=\"alignleft size-full wp-image-2301\" src=\"https:\/\/konferenztechnik.de\/wp-content\/uploads\/2013\/09\/gunnar_hermenau_pcs-gmbh.jpg\" alt=\"gunnar_hermenau_pcs-gmbh\" title=\"\" srcset=\"https:\/\/konferenztechnik.de\/wp-content\/uploads\/2013\/09\/gunnar_hermenau_pcs-gmbh.jpg 800w, https:\/\/konferenztechnik.de\/wp-content\/uploads\/2013\/09\/gunnar_hermenau_pcs-gmbh-300x200.jpg 300w, https:\/\/konferenztechnik.de\/wp-content\/uploads\/2013\/09\/gunnar_hermenau_pcs-gmbh-768x512.jpg 768w\" sizes=\"(max-width: 800px) 100vw, 800px\" \/><br \/>\n\u0413\u0443\u043d\u043d\u0430\u0440 \u0413\u0435\u0440\u043c\u0435\u043d\u0430\u0443<br \/>\n\u041c\u0435\u043d\u0435\u0434\u0436\u043c\u0435\u043d\u0442<br \/>\n\u0422\u0435\u043b\u0435\u0444\u043e\u043d +49 30 6959690 0<br \/>\n\u0435\u043b\u0435\u043a\u0442\u0440\u043e\u043d\u043d\u0430 \u043f\u043e\u0448\u0442\u0430 <a href=\"mailto:hermenau@konferenztechnik.de\">\u043d\u0430\u043f\u0438\u0441\u0430\u0442\u0438<\/a><\/p>\n<p>QR-\u043a\u043e\u0434 <a title=\"QR-\u043a\u043e\u0434 \u0413\u0443\u043d\u043d\u0430\u0440 \u0413\u0435\u0440\u043c\u0435\u043d\u0430\u0443\" href=\"https:\/\/konferenztechnik.de\/wp-content\/uploads\/2013\/09\/gunnar_hermenau_qrcode.png\">\u041f\u043e\u043a\u0430\u0437\u0430\u0442\u0438 \u203a<\/a><\/p>\n<\/div>\n<div class=\"box2-4-2\" style=\"order: 1;\">\n<div class=\"weiterlinks\"><a title=\"10 \u0432\u0430\u0433\u043e\u043c\u0438\u0445 \u043f\u0440\u0438\u0447\u0438\u043d \u0434\u043b\u044f PCS\" href=\"\/uk\/%d0%bf%d1%80%d0%be-%d0%bd%d0%b0%d1%81-2\/10-%d0%b2%d0%b0%d0%b3%d0%be%d0%bc%d0%b8%d1%85-%d0%bf%d1%80%d0%b8%d1%87%d0%b8%d0%bd-%d0%b4%d0%bb%d1%8f-%d1%88%d1%82\/\">10 \u0432\u0430\u0433\u043e\u043c\u0438\u0445 \u043f\u0440\u0438\u0447\u0438\u043d \u0434\u043b\u044f PCS<\/a><br \/>\n<a title=\"10 \u0432\u0430\u0433\u043e\u043c\u0438\u0445 \u043f\u0440\u0438\u0447\u0438\u043d \u0434\u043b\u044f PCS\" href=\"\/uk\/%d0%bf%d1%80%d0%be-%d0%bd%d0%b0%d1%81-2\/\">\u041f\u0440\u043e \u043d\u0430\u0441<\/a><br \/>\n<a title=\"\u0420\u043e\u0437\u043f\u043e\u0434\u0456\u043b \u0437\u0430 \u0442\u043e\u0432\u0430\u0440\u043d\u0438\u043c\u0438 \u0433\u0440\u0443\u043f\u0430\u043c\u0438\" href=\"\/uk\/%d0%b3%d1%80%d1%83%d0%bf%d0%b8-%d1%82%d0%be%d0%b2%d0%b0%d1%80%d1%96%d0%b2\/\">\u0420\u043e\u0437\u043f\u043e\u0434\u0456\u043b \u0437\u0430 \u0442\u043e\u0432\u0430\u0440\u043d\u0438\u043c\u0438 \u0433\u0440\u0443\u043f\u0430\u043c\u0438<\/a><br \/>\n<a title=\"\u0420\u043e\u0437\u043f\u043e\u0434\u0456\u043b \u0437\u0430 \u0432\u0438\u0440\u043e\u0431\u043d\u0438\u043a\u0430\u043c\u0438\" href=\"\/uk\/%d0%b2%d0%b8%d1%80%d0%be%d0%b1%d0%bd%d0%b8%d0%ba\/\">\u0420\u043e\u0437\u043f\u043e\u0434\u0456\u043b \u0437\u0430 \u0432\u0438\u0440\u043e\u0431\u043d\u0438\u043a\u0430\u043c\u0438<\/a><br \/>\n<a title=\"\u0406\u043d\u0434\u0438\u0432\u0456\u0434\u0443\u0430\u043b\u044c\u043d\u0456 \u043f\u0440\u043e\u0434\u0443\u043a\u0442\u0438, \u0442\u0435\u0445\u043d\u0456\u0447\u043d\u0435 \u043e\u0431\u0441\u043b\u0443\u0433\u043e\u0432\u0443\u0432\u0430\u043d\u043d\u044f \u0442\u0430 \u0440\u0435\u043c\u043e\u043d\u0442\" href=\"\/uk\/%d0%bf%d0%be%d1%81%d0%bb%d1%83%d0%b3%d0%b8-2\/%d1%82%d0%b5%d1%85%d0%bd%d1%96%d1%87%d0%bd%d0%b5-%d0%be%d0%b1%d1%81%d0%bb%d1%83%d0%b3%d0%be%d0%b2%d1%83%d0%b2%d0%b0%d0%bd%d0%bd%d1%8f-%d1%82%d0%b0-%d1%80%d0%b5%d0%bc%d0%be%d0%bd%d1%82\/\">\u0406\u043d\u0434\u0438\u0432\u0456\u0434\u0443\u0430\u043b\u044c\u043d\u0456 \u043f\u0440\u043e\u0434\u0443\u043a\u0442\u0438, \u0442\u0435\u0445\u043d\u0456\u0447\u043d\u0435 \u043e\u0431\u0441\u043b\u0443\u0433\u043e\u0432\u0443\u0432\u0430\u043d\u043d\u044f \u0442\u0430 \u0440\u0435\u043c\u043e\u043d\u0442<\/a><\/p>\n<p><a title=\"\u041f\u043e\u0441\u0438\u043b\u0430\u043d\u043d\u044f\" href=\"\/uk\/%d0%bf%d1%80%d0%be-%d0%bd%d0%b0%d1%81-2\/%d0%b2%d1%81%d1%82%d0%b0%d0%bd%d0%be%d0%b2%d0%bb%d0%b5%d0%bd%d0%bd%d1%8f-%d1%81%d0%bf%d0%b8%d1%81%d0%ba%d1%83-%d0%bb%d1%96%d1%82%d0%b5%d1%80%d0%b0%d1%82%d1%83%d1%80%d0%b8\/\">\u041f\u043e\u0441\u0438\u043b\u0430\u043d\u043d\u044f \u0412\u0441\u0442\u0430\u043d\u043e\u0432\u043b\u0435\u043d\u043d\u044f \u0442\u0430 \u0456\u043d\u0442\u0435\u0433\u0440\u0430\u0446\u0456\u044f<\/a><br \/>\n<a title=\"PCS: \u0432\u0441\u0456 \u043f\u043e\u0441\u043b\u0443\u0433\u0438 \u044f\u043a \u043d\u0430 \u0434\u043e\u043b\u043e\u043d\u0456\" href=\"\/uk\/%d0%bf%d0%be%d1%81%d0%bb%d1%83%d0%b3%d0%b8-2\/\">PCS: \u0432\u0441\u0456 \u043f\u043e\u0441\u043b\u0443\u0433\u0438 \u044f\u043a \u043d\u0430 \u0434\u043e\u043b\u043e\u043d\u0456<\/a><\/p>\n<\/div>\n<\/div>\n<\/div>\n<\/div>","protected":false},"excerpt":{"rendered":"<p>Schulungen und Service f\u00fcr Dolmetscherinnen und Dolmetscher PCS bietet Schulungen f\u00fcr Techniker, Dolmetscherinnen und Dolmetscher, f\u00fcr Redner, Manager, Personal aus Theatern und Hotellerie. Wir f\u00fchren Gruppen- und Einzeltrainings an unseren Standorten und bei Ihnen vor Ort durch. Der sichere und selbstbewusste Umgang mit Konferenztechnik ist ein entscheidender Erfolgsfaktor f\u00fcr Ihren Auftritt. Planen Sie als Dolmetscherin [&hellip;]<\/p>","protected":false},"author":1,"featured_media":45482,"parent":0,"menu_order":116,"comment_status":"closed","ping_status":"open","template":"","meta":{"_acf_changed":false,"footnotes":""},"class_list":["post-3606","page","type-page","status-publish","has-post-thumbnail","hentry"],"acf":[],"_links":{"self":[{"href":"https:\/\/konferenztechnik.de\/uk\/wp-json\/wp\/v2\/pages\/3606","targetHints":{"allow":["GET"]}}],"collection":[{"href":"https:\/\/konferenztechnik.de\/uk\/wp-json\/wp\/v2\/pages"}],"about":[{"href":"https:\/\/konferenztechnik.de\/uk\/wp-json\/wp\/v2\/types\/page"}],"author":[{"embeddable":true,"href":"https:\/\/konferenztechnik.de\/uk\/wp-json\/wp\/v2\/users\/1"}],"replies":[{"embeddable":true,"href":"https:\/\/konferenztechnik.de\/uk\/wp-json\/wp\/v2\/comments?post=3606"}],"version-history":[{"count":0,"href":"https:\/\/konferenztechnik.de\/uk\/wp-json\/wp\/v2\/pages\/3606\/revisions"}],"wp:featuredmedia":[{"embeddable":true,"href":"https:\/\/konferenztechnik.de\/uk\/wp-json\/wp\/v2\/media\/45482"}],"wp:attachment":[{"href":"https:\/\/konferenztechnik.de\/uk\/wp-json\/wp\/v2\/media?parent=3606"}],"curies":[{"name":"wp","href":"https:\/\/api.w.org\/{rel}","templated":true}]}}