{"id":3625,"date":"2013-10-24T14:54:33","date_gmt":"2013-10-24T12:54:33","guid":{"rendered":"https:\/\/konferenztechnik.de\/?page_id=3625"},"modified":"2023-09-01T11:27:41","modified_gmt":"2023-09-01T09:27:41","slug":"%d0%b2%d1%81%d1%82%d0%b0%d0%bd%d0%be%d0%b2%d0%bb%d0%b5%d0%bd%d0%bd%d1%8f-%d1%82%d0%b0-%d1%96%d0%bd%d1%82%d0%b5%d0%b3%d1%80%d0%b0%d1%86%d1%96%d1%8f-%d0%ba%d0%be%d0%bd%d1%84%d0%b5%d1%80%d0%b5%d0%bd-2","status":"publish","type":"page","link":"https:\/\/konferenztechnik.de\/uk\/%d0%b2%d1%81%d1%82%d0%b0%d0%bd%d0%be%d0%b2%d0%bb%d0%b5%d0%bd%d0%bd%d1%8f-%d1%82%d0%b0-%d1%96%d0%bd%d1%82%d0%b5%d0%b3%d1%80%d0%b0%d1%86%d1%96%d1%8f-%d0%ba%d0%be%d0%bd%d1%84%d0%b5%d1%80%d0%b5%d0%bd-2\/","title":{"rendered":"\u0412\u0441\u0442\u0430\u043d\u043e\u0432\u043b\u0435\u043d\u043d\u044f \u0442\u0430 \u0456\u043d\u0442\u0435\u0433\u0440\u0430\u0446\u0456\u044f \u043a\u043e\u043d\u0444\u0435\u0440\u0435\u043d\u0446-\u0442\u0435\u0445\u043d\u043e\u043b\u043e\u0433\u0456\u0439 \u0442\u0430 \u043c\u0435\u0434\u0456\u0430-\u0441\u0438\u0441\u0442\u0435\u043c"},"content":{"rendered":"<h1>\u0412\u0441\u0442\u0430\u043d\u043e\u0432\u043b\u0435\u043d\u043d\u044f \u0442\u0430 \u0456\u043d\u0442\u0435\u0433\u0440\u0430\u0446\u0456\u044f \u043a\u043e\u043d\u0444\u0435\u0440\u0435\u043d\u0446-\u0442\u0435\u0445\u043d\u043e\u043b\u043e\u0433\u0456\u0439 \u0442\u0430 \u043c\u0435\u0434\u0456\u0430-\u0441\u0438\u0441\u0442\u0435\u043c<\/h1>\n<p>[rev_slider \u0443\u0441\u0442\u0430\u043d\u043e\u0432\u043a\u0430].<\/p>\n<p>[spacer size=\"20\u2033]<\/p>\n<p>installation av medientechnik pcs 02 - PCS \u0440\u0435\u0430\u043b\u0456\u0437\u0443\u0454 \u043c\u0435\u0434\u0456\u0430-\u0456\u043d\u0441\u0442\u0430\u043b\u044f\u0446\u0456\u0457 \u0432 \u043a\u043e\u043d\u0444\u0435\u0440\u0435\u043d\u0446-\u0437\u0430\u043b\u0430\u0445, \u0433\u0440\u043e\u043c\u0430\u0434\u0441\u044c\u043a\u0438\u0445, \u0441\u0443\u0434\u043e\u0432\u0438\u0445 \u0442\u0430 \u043a\u043e\u043d\u0444\u0435\u0440\u0435\u043d\u0446-\u0437\u0430\u043b\u0430\u0445, \u0448\u0442\u0430\u0431-\u043a\u0432\u0430\u0440\u0442\u0438\u0440\u0430\u0445 \u043a\u043e\u043c\u043f\u0430\u043d\u0456\u0439, \u0432\u0438\u0441\u0442\u0430\u0432\u043a\u043e\u0432\u0438\u0445 \u0437\u0430\u043b\u0430\u0445, \u043c\u0443\u0437\u0435\u044f\u0445, \u0432\u0438\u0441\u0442\u0430\u0432\u043a\u0430\u0445, \u0434\u0438\u0441\u043f\u0435\u0442\u0447\u0435\u0440\u0441\u044c\u043a\u0438\u0445, \u043b\u0435\u043a\u0446\u0456\u0439\u043d\u0438\u0445 \u0437\u0430\u043b\u0430\u0445, \u0448\u043a\u043e\u043b\u0430\u0445, \u0448\u043e\u0443-\u0441\u0446\u0435\u043d\u0430\u0445, \u0442\u0435\u0430\u0442\u0440\u0430\u0445, \u0433\u043e\u0442\u0435\u043b\u044f\u0445, \u0441\u0442\u0443\u0434\u0456\u044f\u0445 \u0432\u0456\u0434\u0435\u043e-\u043a\u043e\u043d\u0444\u0435\u0440\u0435\u043d\u0446\u0456\u0439, \u0456\u043d\u0442\u0435\u043b\u0435\u043a\u0442\u0443\u0430\u043b\u044c\u043d\u0438\u0445 \u0431\u0443\u0434\u0438\u043d\u043a\u0430\u0445 ...<\/p>\n<p>[spacer size=\"20\u2033]<\/p>\n<p>[column size=\"1-2\u2033 last=\"0\u2033]<\/p>\n<p>\u041c\u0438 \u0441\u043f\u0435\u0446\u0456\u0430\u043b\u0456\u0437\u0443\u0454\u043c\u043e\u0441\u044f \u043d\u0430 \u0432\u0438\u0441\u043e\u043a\u043e\u044f\u043a\u0456\u0441\u043d\u0456\u0439 \u0442\u0430 \u0444\u0443\u043d\u043a\u0446\u0456\u043e\u043d\u0430\u043b\u044c\u043d\u043e \u043d\u0430\u0434\u0456\u0439\u043d\u0456\u0439 \u043f\u0435\u0440\u0435\u0434\u0430\u0447\u0456, \u0435\u0441\u0442\u0435\u0442\u0438\u0447\u043d\u0438\u0445 \u0442\u0430 \u0456\u043d\u0434\u0438\u0432\u0456\u0434\u0443\u0430\u043b\u044c\u043d\u0438\u0445 \u0456\u043d\u0441\u0442\u0430\u043b\u044f\u0446\u0456\u044f\u0445, \u043c\u0435\u0434\u0456\u0430-\u043a\u043e\u043d\u0442\u0440\u043e\u043b\u0456 \u0442\u0430 \u0456\u043d\u0442\u0435\u043b\u0435\u043a\u0442\u0443\u0430\u043b\u044c\u043d\u0438\u0445, \u0435\u043d\u0435\u0440\u0433\u043e\u0437\u0431\u0435\u0440\u0456\u0433\u0430\u044e\u0447\u0438\u0445 \u0441\u0438\u0441\u0442\u0435\u043c\u0430\u0445.<\/p>\n<p>\u041c\u0438 \u043f\u0440\u043e\u043f\u043e\u043d\u0443\u0454\u043c\u043e \u0434\u0440\u043e\u0442\u043e\u0432\u0456, \u0431\u0435\u0437\u0434\u0440\u043e\u0442\u043e\u0432\u0456 \u0442\u0430 \u0437\u0430\u0445\u0438\u0449\u0435\u043d\u0456 \u0432\u0456\u0434 \u043f\u0440\u043e\u0441\u043b\u0443\u0445\u043e\u0432\u0443\u0432\u0430\u043d\u043d\u044f \u0440\u0456\u0448\u0435\u043d\u043d\u044f \u0456 \u043f\u0456\u0434\u0442\u0440\u0438\u043c\u0443\u0454\u043c\u043e \u0432\u0430\u0441 \u043d\u0430 \u0432\u0441\u0456\u0445 \u0435\u0442\u0430\u043f\u0430\u0445 \u0432\u0430\u0448\u043e\u0433\u043e \u043f\u0440\u043e\u0435\u043a\u0442\u0443 \u2013, \u0432\u0456\u0434 \u043f\u043b\u0430\u043d\u0443\u0432\u0430\u043d\u043d\u044f \u0442\u0430 \u0431\u0443\u0434\u0456\u0432\u043d\u0438\u0446\u0442\u0432\u0430 \u0434\u043e \u043f\u0456\u0434\u0442\u0440\u0438\u043c\u043a\u0438 \u0442\u0430 \u043e\u0431\u0441\u043b\u0443\u0433\u043e\u0432\u0443\u0432\u0430\u043d\u043d\u044f.<\/p>\n<p>\u041c\u0438 \u0456\u043d\u0442\u0435\u0433\u0440\u0443\u0454\u043c\u043e \u0431\u0443\u0434\u0456\u0432\u0435\u043b\u044c\u043d\u0456 \u0442\u0435\u0445\u043d\u043e\u043b\u043e\u0433\u0456\u0457 \u0442\u0430 \u0441\u0438\u0441\u0442\u0435\u043c\u043d\u0456 \u0448\u0438\u043d\u0438, \u0430 \u0442\u0430\u043a\u043e\u0436 \u0442\u0435\u0445\u043d\u043e\u043b\u043e\u0433\u0456\u0457 \u043d\u0430 \u043e\u0441\u043d\u043e\u0432\u0456 EIB, DALI, LON \u0442\u0430 \u0456\u043d\u0448\u0438\u0445 \u0441\u0438\u0441\u0442\u0435\u043c \u0437 \u043f\u0435\u0440\u0435\u0434\u0431\u0430\u0447\u0435\u043d\u043d\u044f\u043c. \u0412\u0438 \u043e\u0442\u0440\u0438\u043c\u0443\u0454\u0442\u0435 \u043c\u0435\u0440\u0435\u0436\u0435\u0432\u0443 \u0442\u0430 \u043a\u043e\u043c\u0443\u043d\u0456\u043a\u0430\u0446\u0456\u0439\u043d\u0443 AV, \u043a\u043e\u043c\u043f'\u044e\u0442\u0435\u0440\u043d\u0443, \u043f\u043e\u0431\u0443\u0442\u043e\u0432\u0443 \u0442\u0430 \u0431\u0443\u0434\u0456\u0432\u0435\u043b\u044c\u043d\u0443 \u0442\u0435\u0445\u043d\u0456\u043a\u0443, \u0435\u043d\u0435\u0440\u0433\u043e\u0437\u0431\u0435\u0440\u0456\u0433\u0430\u044e\u0447\u0443 \u0442\u0430 \u0437 \u0442\u0440\u0438\u0432\u0430\u043b\u0438\u043c \u0442\u0435\u0440\u043c\u0456\u043d\u043e\u043c \u0441\u043b\u0443\u0436\u0431\u0438.<\/p>\n<p>[button link=\"#kontakt\" target=\"self\" color=\"#a62055\u2033 text=\"light\"]\u0417\u0430\u043f\u0438\u0442\u0430\u0439\u0442\u0435 \u0437\u0430\u0440\u0430\u0437[\/button]<\/p>\n<p>[\/column]<\/p>\n<p>[column size=\"1-2\u2033 last=\"1\u2033]<\/p>\n<p><img decoding=\"async\" src=\"https:\/\/konferenztechnik.de\/wp-content\/uploads\/2016\/07\/start.jpg\" alt=\"\" title=\"\"><\/p>\n<p>[\/column]<\/p>\n<p>[spacer size=\"30\u2033]<\/p>\n<hr>\n<p>[spacer size=\"20\u2033]<\/p>\n<p>[\u044f\u0441\u043d\u043e]<\/p>\n<p>\u041d\u0430\u0448 \u0441\u043f\u0435\u043a\u0442\u0440 \u043f\u043e\u0441\u043b\u0443\u0433 \u0442\u0430\u043a\u043e\u0436 \u0432\u043a\u043b\u044e\u0447\u0430\u0454 \u0456\u043d\u0434\u0438\u0432\u0456\u0434\u0443\u0430\u043b\u044c\u043d\u0456 \u0440\u0456\u0448\u0435\u043d\u043d\u044f, \u0441\u0443\u0447\u0430\u0441\u043d\u0443 \u043c\u0435\u0434\u0456\u0430-\u0456\u043d\u0442\u0435\u0433\u0440\u0430\u0446\u0456\u044e, \u0446\u0438\u0444\u0440\u043e\u0432\u0456 \u0432\u0438\u0432\u0456\u0441\u043a\u0438 \u0442\u0430 \u0456\u043d\u0442\u0435\u0433\u0440\u043e\u0432\u0430\u043d\u0456 \u0440\u0456\u0448\u0435\u043d\u043d\u044f \u0434\u043b\u044f \u0432\u0456\u0434\u0435\u043e\u043a\u043e\u043d\u0444\u0435\u0440\u0435\u043d\u0446\u0456\u0439.<\/p>\n<p>PCS - \u0446\u0435 \u043f\u0435\u0440\u0441\u043f\u0435\u043a\u0442\u0438\u0432\u043d\u0430 \u0456\u043d\u0442\u0435\u0433\u0440\u0430\u0446\u0456\u044f \u0442\u0435\u0445\u043d\u043e\u043b\u043e\u0433\u0456\u0439 \u0456 \u043f\u0435\u0440\u0441\u043f\u0435\u043a\u0442\u0438\u0432\u043d\u0456 \u0442\u0435\u0445\u043d\u043e\u043b\u043e\u0433\u0456\u0457 \u0437\u0430\u0432\u0434\u044f\u043a\u0438 \u043f\u043b\u0430\u043d\u0443\u0432\u0430\u043d\u043d\u044e \u043d\u0430 \u043d\u0430\u0439\u0432\u0438\u0449\u043e\u043c\u0443 \u0440\u0456\u0432\u043d\u0456<\/p>\n<p><img fetchpriority=\"high\" decoding=\"async\" src=\"https:\/\/konferenztechnik.de\/wp-content\/uploads\/2013\/10\/installation-pcs.jpg\" alt=\"\u0443\u0441\u0442\u0430\u043d\u043e\u0432\u043a\u0430 - \u0448\u0442.\" width=\"1198\" height=\"748\" class=\"alignleft size-full wp-image-7065\" title=\"\" srcset=\"https:\/\/konferenztechnik.de\/wp-content\/uploads\/2013\/10\/installation-pcs.jpg 1198w, https:\/\/konferenztechnik.de\/wp-content\/uploads\/2013\/10\/installation-pcs-300x187.jpg 300w, https:\/\/konferenztechnik.de\/wp-content\/uploads\/2013\/10\/installation-pcs-1024x639.jpg 1024w, https:\/\/konferenztechnik.de\/wp-content\/uploads\/2013\/10\/installation-pcs-768x480.jpg 768w\" sizes=\"(max-width: 1198px) 100vw, 1198px\" \/><\/p>\n<p>[spacer size=\"30\u2033]<\/p>\n<hr>\n<p>[spacer size=\"20\u2033]<\/p>\n<div class=\"box1-2-order\">\n<h1>\u041c\u043e\u0434\u0435\u0440\u043d\u0456\u0437\u0430\u0446\u0456\u044f \u043a\u043e\u043d\u0444\u0435\u0440\u0435\u043d\u0446-\u0437\u0430\u043b\u0456\u0432 PCS \u0442\u0430 \u043f\u0430\u043a\u0435\u0442\u0438 \u043a\u043e\u043d\u0444\u0435\u0440\u0435\u043d\u0446-\u0437\u0430\u043b\u0456\u0432<\/h1>\n<p>\u041c\u0438 \u043f\u0440\u043e\u043f\u043e\u043d\u0443\u0454\u043c\u043e \u043d\u0435\u0441\u043a\u043b\u0430\u0434\u043d\u0443 \u0440\u0435\u0430\u043b\u0456\u0437\u0430\u0446\u0456\u044e \u0441\u0443\u0447\u0430\u0441\u043d\u0438\u0445 \u0456 \u0432\u0438\u0441\u043e\u043a\u043e\u044f\u043a\u0456\u0441\u043d\u0438\u0445 \u043a\u043e\u043d\u0444\u0435\u0440\u0435\u043d\u0446-\u0437\u0430\u043b\u0456\u0432, \u0432\u043a\u043b\u044e\u0447\u0430\u044e\u0447\u0438 \u0456\u043d\u0442\u0435\u0433\u0440\u0430\u0446\u0456\u044e \u0432\u0441\u0456\u0445 \u043f\u043e\u0448\u0438\u0440\u0435\u043d\u0438\u0445 \u043f\u0440\u043e\u0433\u0440\u0430\u043c \u0434\u043b\u044f \u0432\u0456\u0434\u0435\u043e\u043a\u043e\u043d\u0444\u0435\u0440\u0435\u043d\u0446\u0456\u0439. \u041c\u0438 \u0442\u0430\u043a\u043e\u0436 \u043f\u0440\u043e\u0432\u043e\u0434\u0438\u043c\u043e \u043c\u043e\u0434\u0435\u0440\u043d\u0456\u0437\u0430\u0446\u0456\u044e \u0432\u0430\u0448\u0438\u0445 \u0456\u0441\u043d\u0443\u044e\u0447\u0438\u0445 \u043a\u0456\u043c\u043d\u0430\u0442. \u0412\u0438 \u043c\u043e\u0436\u0435\u0442\u0435 \u043b\u0435\u0433\u043a\u043e \u0456\u043d\u0442\u0435\u0433\u0440\u0443\u0432\u0430\u0442\u0438 \u0432\u0456\u0434\u0435\u043e\u043a\u043e\u043d\u0444\u0435\u0440\u0435\u043d\u0446\u0456\u0457 \u0442\u0430 \u0437\u043e\u0432\u043d\u0456\u0448\u043d\u0456\u0445 \u0443\u0447\u0430\u0441\u043d\u0438\u043a\u0456\u0432 \u0443 \u0432\u0430\u0448\u0456 \u043a\u043e\u043d\u0444\u0435\u0440\u0435\u043d\u0446\u0456\u0457, \u0437\u0443\u0441\u0442\u0440\u0456\u0447\u0456 \u0442\u0430 \u0437\u0430\u0445\u043e\u0434\u0438.<\/p>\n<\/div>\n<p>[column size=\"1-2\u2033 last=\"0\u2033]<br \/>\n<a href=\"https:\/\/konferenztechnik.de\/uk\/%d1%88%d1%82-%d0%ba%d0%be%d0%bc%d0%bf%d0%bb%d0%b5%d0%ba%d1%82%d1%96%d0%b2-%d0%b4%d0%bb%d1%8f-%d0%b3%d1%96%d0%b1%d1%80%d0%b8%d0%b4%d0%bd%d0%b8%d1%85-%d0%ba%d0%be%d0%bd%d1%84%d0%b5%d1%80%d0%b5%d0%bd\/\" class=\"pcs-color\"><\/p>\n<h3><strong>\u041a\u043e\u043d\u0444\u0435\u0440\u0435\u043d\u0446-\u043f\u0430\u043a\u0435\u0442\u0438 \u0434\u043b\u044f \u043a\u043e\u043d\u0444\u0435\u0440\u0435\u043d\u0446-\u0437\u0430\u043b\u0456\u0432<\/strong><\/h3>\n<p><img decoding=\"async\" src=\"https:\/\/konferenztechnik.de\/wp-content\/uploads\/2021\/06\/1-pcs-raumbundles-konferenzraum-bundles.jpg\" alt=\"\" width=\"1200\" height=\"451\" class=\"alignleft size-full wp-image-18001\" title=\"\" srcset=\"https:\/\/konferenztechnik.de\/wp-content\/uploads\/2021\/06\/1-pcs-raumbundles-konferenzraum-bundles.jpg 1200w, https:\/\/konferenztechnik.de\/wp-content\/uploads\/2021\/06\/1-pcs-raumbundles-konferenzraum-bundles-300x113.jpg 300w, https:\/\/konferenztechnik.de\/wp-content\/uploads\/2021\/06\/1-pcs-raumbundles-konferenzraum-bundles-1024x385.jpg 1024w, https:\/\/konferenztechnik.de\/wp-content\/uploads\/2021\/06\/1-pcs-raumbundles-konferenzraum-bundles-768x289.jpg 768w\" sizes=\"(max-width: 1200px) 100vw, 1200px\" \/><\/p>\n<p>\u041d\u0435\u0441\u043a\u043b\u0430\u0434\u043d\u0430 \u0440\u0435\u0430\u043b\u0456\u0437\u0430\u0446\u0456\u044f \u0434\u043b\u044f \u0441\u0443\u0447\u0430\u0441\u043d\u0438\u0445 \u0456 \u044f\u043a\u0456\u0441\u043d\u0438\u0445 \u0437\u0443\u0441\u0442\u0440\u0456\u0447\u0435\u0439, \u0432\u043a\u043b\u044e\u0447\u0430\u044e\u0447\u0438 \u0456\u043d\u0442\u0435\u0433\u0440\u0430\u0446\u0456\u044e \u0432\u0441\u0456\u0445 \u043f\u043e\u0448\u0438\u0440\u0435\u043d\u0438\u0445 \u043f\u0440\u043e\u0433\u0440\u0430\u043c \u0434\u043b\u044f \u0432\u0456\u0434\u0435\u043e\u043a\u043e\u043d\u0444\u0435\u0440\u0435\u043d\u0446\u0456\u0439. \u041f\u0430\u043a\u0435\u0442\u0438 \u0432\u0456\u0434 5 000 \u0454\u0432\u0440\u043e.<\/p>\n<p><\/a><br \/>\n[button link=\"https:\/\/www.konferenztechnik.de\/pcs-konferenzraum-bundles-fuer-hybride-konferenzraeume\/\" target=\"self\" color=\"#a62055\u2033 text=\"light\"]\u0414\u0456\u0437\u043d\u0430\u0442\u0438\u0441\u044f \u0431\u0456\u043b\u044c\u0448\u0435[\/button]<br \/>\n[\/column]<br \/>\n[column size=\"1-2\u2033 last=\"1\u2033]<br \/>\n<a href=\"https:\/\/konferenztechnik.de\/uk\/%d0%bc%d0%be%d0%b4%d0%b5%d1%80%d0%bd%d1%96%d0%b7%d0%b0%d1%86%d1%96%d1%8f-%d0%ba%d0%be%d0%bd%d1%84%d0%b5%d1%80%d0%b5%d0%bd%d1%86-%d0%b7%d0%b0%d0%bb%d1%83-%d1%81%d1%82%d0%b2%d0%be%d1%80%d1%8e%d1%94\/\" class=\"pcs-color\"><\/p>\n<h3><strong>\u041c\u043e\u0434\u0435\u0440\u043d\u0456\u0437\u0430\u0446\u0456\u044f \u043a\u043e\u043d\u0444\u0435\u0440\u0435\u043d\u0446-\u0437\u0430\u043b\u0443<\/strong><\/h3>\n<p><img decoding=\"async\" width=\"1200\" height=\"451\" src=\"https:\/\/konferenztechnik.de\/wp-content\/uploads\/2021\/06\/konferenzraum-upgrades-videokonferenz-technik-upgrade.jpg\" alt=\"\u043c\u043e\u0434\u0435\u0440\u043d\u0456\u0437\u0430\u0446\u0456\u044f \u043a\u043e\u043d\u0444\u0435\u0440\u0435\u043d\u0446-\u0437\u0430\u043b\u0456\u0432-\u0432\u0456\u0434\u0435\u043e\u043a\u043e\u043d\u0444\u0435\u0440\u0435\u043d\u0446\u0456\u0457-\u0442\u0435\u0445\u043d\u043e\u043b\u043e\u0433\u0456\u0457-\u043e\u043d\u043e\u0432\u043b\u0435\u043d\u043d\u044f\" class=\"alignleft size-full wp-image-18072\" title=\"\" srcset=\"https:\/\/konferenztechnik.de\/wp-content\/uploads\/2021\/06\/konferenzraum-upgrades-videokonferenz-technik-upgrade.jpg 1200w, https:\/\/konferenztechnik.de\/wp-content\/uploads\/2021\/06\/konferenzraum-upgrades-videokonferenz-technik-upgrade-300x113.jpg 300w, https:\/\/konferenztechnik.de\/wp-content\/uploads\/2021\/06\/konferenzraum-upgrades-videokonferenz-technik-upgrade-1024x385.jpg 1024w, https:\/\/konferenztechnik.de\/wp-content\/uploads\/2021\/06\/konferenzraum-upgrades-videokonferenz-technik-upgrade-768x289.jpg 768w\" sizes=\"(max-width: 1200px) 100vw, 1200px\" \/><\/p>\n<p>\u041c\u043e\u0434\u0435\u0440\u043d\u0456\u0437\u0430\u0446\u0456\u044f \u0456\u0441\u043d\u0443\u044e\u0447\u0438\u0445 \u043f\u0440\u0438\u043c\u0456\u0449\u0435\u043d\u044c. \u041a\u0440\u0430\u0449\u0430 \u0456\u043d\u0442\u0435\u0433\u0440\u0430\u0446\u0456\u044f \u0432\u0456\u0434\u0435\u043e\u043a\u043e\u043d\u0444\u0435\u0440\u0435\u043d\u0446\u0456\u0439. \u041c\u0456\u043d\u0456\u043c\u0456\u0437\u0443\u0439\u0442\u0435 \u043f\u043e\u0434\u0456\u043b \u043d\u0430 \"\u043d\u0430 \u043c\u0456\u0441\u0446\u0456\u201d\" \u0456 \"\u0437 \u0434\u043e\u043c\u0443\u201d\".<\/p>\n<p>[button link=\"https:\/\/www.konferenztechnik.de\/konferenzraum-upgrade-ideale-bedingungen-fuer-videokonferenzen-schaffen\/\" target=\"self\" color=\"#a62055\u2033 text=\"light\"]\u0414\u0456\u0437\u043d\u0430\u0442\u0438\u0441\u044f \u0431\u0456\u043b\u044c\u0448\u0435[\/button]<br \/>\n[\/column]<\/p>\n<p>[spacer size=\"30\u2033]<\/p>\n<hr id=\"kontakt\">\n<p>[spacer size=\"30\u2033]<\/p>\n<div class=\"box1-4 medium-size-txt\" style=\"margin-bottom: 0!important\">\n<h2><b><span class=\"pcs-color medium-size-txt\">\u0412\u0430\u0448\u0430 \u0441\u0435\u0440\u0432\u0456\u0441\u043d\u0430 \u0441\u043b\u0443\u0436\u0431\u0430<\/span><\/b><\/h2>\n<p>[spacer size=\"5\u2033]<br \/>\n[column size=\"1-2\u2033 last=\"0\u2033]<\/p>\n<p>\u041d\u0430\u0448 \u0441\u043f\u0435\u0446\u0456\u0430\u043b\u0456\u0437\u043e\u0432\u0430\u043d\u0438\u0439 \u0432\u0456\u0434\u0434\u0456\u043b \u0431\u0443\u0434\u0435 \u0440\u0430\u0434\u0438\u0439 \u0432\u0456\u0434\u043f\u043e\u0432\u0456\u0441\u0442\u0438 \u043d\u0430 \u0432\u0430\u0448\u0456 \u0437\u0430\u043f\u0438\u0442\u0430\u043d\u043d\u044f, \u043f\u0440\u043e\u043a\u043e\u043d\u0441\u0443\u043b\u044c\u0442\u0443\u0432\u0430\u0442\u0438 \u0432\u0430\u0441 \u0449\u043e\u0434\u043e \u043f\u0440\u043e\u0434\u0443\u043a\u0446\u0456\u0457, \u043f\u0456\u0434\u0433\u043e\u0442\u0443\u0432\u0430\u0442\u0438 \u043f\u0435\u0440\u0441\u043e\u043d\u0430\u043b\u044c\u043d\u0443 \u043f\u0440\u043e\u043f\u043e\u0437\u0438\u0446\u0456\u044e \u0430\u0431\u043e \u0456\u043d\u0434\u0438\u0432\u0456\u0434\u0443\u0430\u043b\u044c\u043d\u0443 \u043a\u043e\u043d\u0446\u0435\u043f\u0446\u0456\u044e \u043f\u0440\u0438\u043c\u0456\u0449\u0435\u043d\u043d\u044f.<\/p>\n<p><img loading=\"lazy\" decoding=\"async\" src=\"https:\/\/konferenztechnik.de\/wp-content\/uploads\/2021\/06\/enricohucke-pcsgmbh.jpg\" alt=\"\u0415\u043d\u0440\u0456\u043a\u043e \u0425\u0430\u043a\u043a\u0435 - \u0432\u0456\u0434\u0434\u0456\u043b \u043f\u0440\u043e\u0434\u0430\u0436\u0456\u0432 PCS GmbH\" width=\"150\" height=\"150\" class=\"alignleft size-full wp-image-17496\" title=\"\"><br \/>\n<img loading=\"lazy\" decoding=\"async\" width=\"150\" height=\"150\" src=\"https:\/\/konferenztechnik.de\/wp-content\/uploads\/2021\/06\/roland-baur-pcs-gmbh.jpeg\" alt=\"\u0420\u043e\u043b\u0430\u043d\u0434 \u0411\u0430\u0443\u0440 - \u0432\u0456\u0434\u0434\u0456\u043b \u043f\u0440\u043e\u0434\u0430\u0436\u0456\u0432 PCS GmbH\" class=\"alignleft size-full wp-image-18053\" title=\"\"><br \/>\n<img loading=\"lazy\" decoding=\"async\" src=\"https:\/\/konferenztechnik.de\/wp-content\/uploads\/2021\/06\/jeremias-daniel-pcs-gmbh-2-1.jpg\" alt=\"\u0414\u0436\u0435\u0440\u0435\u043c\u0456\u0430\u0441 \u0414\u0430\u043d\u0456\u0435\u043b\u044c - \u0432\u0456\u0434\u0434\u0456\u043b \u043f\u0440\u043e\u0434\u0430\u0436\u0456\u0432 PCS GmbH\" width=\"150\" height=\"150\" class=\"alignleft size-full wp-image-17836\" title=\"\"><br \/>\n[spacer size=\"5\u2033]<br \/>\n<span class=\"medium-size-txt\"><br \/>\n\u041f\u0440\u043e\u0441\u0442\u043e \u0437\u0430\u0442\u0435\u043b\u0435\u0444\u043e\u043d\u0443\u0439\u0442\u0435 \u043d\u0430\u043c!<br \/>\n<a href=\"tel:+49 21173779820\"><b>+49 211 737798 20<\/b><\/a><\/p>\n<p>\u0411\u0443\u0434\u044c \u043b\u0430\u0441\u043a\u0430, \u043d\u0430\u0434\u0456\u0448\u043b\u0456\u0442\u044c \u043d\u0430\u043c \u043b\u0438\u0441\u0442\u0430 \u043d\u0430 \u0435\u043b\u0435\u043a\u0442\u0440\u043e\u043d\u043d\u0443 \u0430\u0434\u0440\u0435\u0441\u0443:<br \/>\n<span class=\"volleansicht\"><a href=\"mailto:vertrieb@konferenztechnik.de\" onclick=\"ga('send', 'event', 'Email-Klick', 'Kontakt Vertrieb');\">vertrieb@konferenztechnik.de<\/a><br \/>\n<\/span><br \/>\n<span class=\"mobileansicht\"><a href=\"mailto:vertrieb@konferenztechnik.de\" onclick=\"ga('send', 'event', 'Email-Klick', 'Kontakt Vertrieb');\">\u043d\u0430\u043f\u0438\u0441\u0430\u0442\u0438<\/a><br \/>\n<\/span><\/p>\n<p>\u0417\u0432'\u044f\u0436\u0456\u0442\u044c\u0441\u044f \u0437 \u043d\u0430\u043c\u0438 \u0432 \u0447\u0430\u0442\u0456 \u0430\u0431\u043e \u0441\u043a\u043e\u0440\u0438\u0441\u0442\u0430\u0439\u0442\u0435\u0441\u044f \u043f\u043e\u0441\u043b\u0443\u0433\u043e\u044e \u0437\u0432\u043e\u0440\u043e\u0442\u043d\u043e\u0433\u043e \u0434\u0437\u0432\u0456\u043d\u043a\u0430<br \/>\n<\/span><br \/>\n[\/column]<br \/>\n[column size=\"1-2\u2033 last=\"1\u2033]<\/p>\n<h2>\u0417\u0430\u043c\u043e\u0432\u0438\u0442\u0438 \u0437\u0432\u043e\u0440\u043e\u0442\u043d\u0438\u0439 \u0434\u0437\u0432\u0456\u043d\u043e\u043a<\/h2>\n<p>[contact-form-7 id=\"17990\u2033 title=\"\u041f\u0430\u043a\u0435\u0442\u0438\/\u043c\u043e\u0434\u0435\u0440\u043d\u0456\u0437\u0430\u0446\u0456\u0457 \u043a\u043e\u043d\u0442\u0430\u043a\u0442-\u0446\u0435\u043d\u0442\u0440\u0443\"]<br \/>\n[\/column]<\/p>\n<\/div>","protected":false},"excerpt":{"rendered":"<p>Installation und Integration von Konferenztechnik und Mediensystemen [rev_slider installation] [spacer size=&#8220;20&#8243;] PCS realisiert Medieninstallationen in Besprechungsr\u00e4umen, Gemeinde-, Gerichts- und Konferenzs\u00e4len, Firmensitzen, Showrooms, Museen, Ausstellungen, Leitwarten, H\u00f6rs\u00e4len, Schulen, Showb\u00fchnen, Theatern, Hotels, Videokonferenzstudios, intelligenten H\u00e4usern. [spacer size=&#8220;20&#8243;] [column size=&#8220;1-2&#8243; last=&#8220;0&#8243;] Wir sind spezialisiert auf hochwertige und funktionssichere \u00dcbertragung, \u00e4sthetische und individuelle Einbauten, Mediensteuerungen und intelligente, energiesparende Systeme. [&hellip;]<\/p>","protected":false},"author":1,"featured_media":45482,"parent":0,"menu_order":110,"comment_status":"closed","ping_status":"open","template":"","meta":{"_acf_changed":false,"footnotes":""},"class_list":["post-3625","page","type-page","status-publish","has-post-thumbnail","hentry"],"acf":[],"_links":{"self":[{"href":"https:\/\/konferenztechnik.de\/uk\/wp-json\/wp\/v2\/pages\/3625","targetHints":{"allow":["GET"]}}],"collection":[{"href":"https:\/\/konferenztechnik.de\/uk\/wp-json\/wp\/v2\/pages"}],"about":[{"href":"https:\/\/konferenztechnik.de\/uk\/wp-json\/wp\/v2\/types\/page"}],"author":[{"embeddable":true,"href":"https:\/\/konferenztechnik.de\/uk\/wp-json\/wp\/v2\/users\/1"}],"replies":[{"embeddable":true,"href":"https:\/\/konferenztechnik.de\/uk\/wp-json\/wp\/v2\/comments?post=3625"}],"version-history":[{"count":0,"href":"https:\/\/konferenztechnik.de\/uk\/wp-json\/wp\/v2\/pages\/3625\/revisions"}],"wp:featuredmedia":[{"embeddable":true,"href":"https:\/\/konferenztechnik.de\/uk\/wp-json\/wp\/v2\/media\/45482"}],"wp:attachment":[{"href":"https:\/\/konferenztechnik.de\/uk\/wp-json\/wp\/v2\/media?parent=3625"}],"curies":[{"name":"wp","href":"https:\/\/api.w.org\/{rel}","templated":true}]}}